{"id":18300,"date":"2024-12-22T10:51:55","date_gmt":"2024-12-22T10:51:55","guid":{"rendered":"https:\/\/world-shop.info\/pravilnik-o-varstvu-osebnih-podatkov\/"},"modified":"2025-11-21T14:32:24","modified_gmt":"2025-11-21T14:32:24","slug":"pravilnik-o-varstvu-osebnih-podatkov","status":"publish","type":"page","link":"https:\/\/kamagra-official.to\/sl\/pravilnik-o-varstvu-osebnih-podatkov\/","title":{"rendered":"Pravilnik o zasebnosti"},"content":{"rendered":"\t\t<div data-elementor-type=\"wp-page\" data-elementor-id=\"18300\" class=\"elementor elementor-18300 elementor-14765\" data-elementor-post-type=\"page\">\n\t\t\t\t<div class=\"elementor-element elementor-element-049e202 e-flex e-con-boxed e-con e-parent\" data-id=\"049e202\" data-element_type=\"container\" data-e-type=\"container\">\n\t\t\t\t\t<div class=\"e-con-inner\">\n\t\t\t\t<div class=\"elementor-element elementor-element-6b91426 elementor-widget elementor-widget-spacer\" data-id=\"6b91426\" data-element_type=\"widget\" data-e-type=\"widget\" data-widget_type=\"spacer.default\">\n\t\t\t\t<div class=\"elementor-widget-container\">\n\t\t\t\t\t\t\t<div class=\"elementor-spacer\">\n\t\t\t<div class=\"elementor-spacer-inner\"><\/div>\n\t\t<\/div>\n\t\t\t\t\t\t<\/div>\n\t\t\t\t<\/div>\n\t\t\t\t\t<\/div>\n\t\t\t\t<\/div>\n\t\t<div class=\"elementor-element elementor-element-b09979d e-con-full e-flex e-con e-parent\" data-id=\"b09979d\" data-element_type=\"container\" data-e-type=\"container\">\n\t\t\t\t<div class=\"elementor-element elementor-element-e9deaf9 elementor-widget elementor-widget-text-editor\" data-id=\"e9deaf9\" data-element_type=\"widget\" data-e-type=\"widget\" data-widget_type=\"text-editor.default\">\n\t\t\t\t<div class=\"elementor-widget-container\">\n\t\t\t\t\t\t\t\t\t<p><br \/><br \/><br \/><\/p><p><style>\n        body {<br \/>\n            font-family: Arial, sans-serif;<br \/>\n            line-height: 1.6;<br \/>\n            margin: 20px;<br \/>\n            max-width: 800px;<br \/>\n        }<br \/>\n        h1, h2 {<br \/>\n            color: #333;<br \/>\n        }<br \/>\n        h1 {<br \/>\n            text-align: center;<br \/>\n        }<br \/>\n        p {<br \/>\n            margin-bottom: 1em;<br \/>\n        }<br \/>\n    <\/style><\/p><p>\u00a0<\/p><h1>Pogoji in<br \/>dolo\u010dila<\/h1><h2>I. Uvodne dolo\u010dbe<\/h2><p>Operater spletna trgovina je: kamagra-official.to \u2013 Ruopigenring 85, 6015 Luzern, \u0160vica (v nadaljevanju e-trgovina).<\/p><p>Vse pogodbene odnose ureja pravni red \u0160vica. Pravni odnosi, ki jih ti pogoji in dolo\u010dila ne urejajo izrecno, se urejajo z zakonom \u0161t. 89\/2012 Zbirka, civilno pravo (v nadaljevanju &#8220;CivC&#8221;).<\/p><p>\u010ce je kupec potro\u0161nik (oseba, ki ni podjetnik, ki daje naro\u010dilo ali sklepa pogodbo s prodajalcem v okviru svoje poslovne dejavnosti), pravice in obveznosti prodajalca in kupca urejajo tudi dolo\u010dbe \u00a7 2158 in nasl. CivC (&#8220;Posebne dolo\u010dbe o prodaji blaga v trgovini&#8221;) in za kupce potro\u0161nike, tudi z zakonom \u0161t. 634\/1992 Zbirka, o varstvu potro\u0161nikov, v spremenjeni obliki (v nadaljevanju &#8220;CPAct&#8221;).<\/p><h2>II. Definicije<\/h2><p><strong>Potro\u0161ni\u0161ka pogodba<\/strong> \u2013 pogodba o nakupu, pogodba o delu, storitvena pogodba ali druga pogodba pod CivC, \u010de sta stranki potro\u0161nik (oseba, ki ni podjetnik, ki oddaja naro\u010dilo ali sklepa pogodbo s prodajalcem v okviru svoje poslovne dejavnosti ali poklica) na eni strani in dobavitelj ali prodajalec na drugi strani.<\/p><p><strong>Prodajalec<\/strong> \u2013 operater spletne trgovine \u2013 oseba, ki pri sklepanju in izpolnjevanju pogodbe deluje znotraj svojega poslovanja ali podjetni\u0161kih aktivnosti. To je podjetnik, ki kupcu neposredno ali preko drugih podjetnikov dobavlja izdelke ali zagotavlja storitve.<\/p><p><strong>Kupec<\/strong> \u2013 Potro\u0161nik \u2013 oseba, ki pri sklepanju in izpolnjevanju pogodbe ne deluje znotraj svoje poslovne dejavnosti. To je fizi\u010dna ali pravna oseba, ki kupuje izdelke ali uporablja storitve za namene, ki niso poslovanje s temi izdelki ali storitvami. Kupec, ki ni potro\u0161nik, je podjetnik, ki kupuje izdelke ali uporablja storitve v okviru svojih poslovnih dejavnosti ali samostojnega izvajanja svojega poklica.<\/p><h2>III. Obdelava in uporaba osebnih podatkov<\/h2><p>Dostop do e-trgovine je lahko pogojen s posredovanjem nekaterih osebnih podatkov kupca. V takem primeru bo prodajalec ravnal s takimi podatki v skladu s veljavnimi pravnimi predpisi, zlasti v skladu z zakonom \u0161t. 101\/2000 Zbirka, o varstvo osebnih podatkov, kot je spremenjeno. Osebni podatki bodo v celoti varovani pred zlorabo. Podatki bodo shranjeni in ne bodo deljeni z aplikacijami tretjih oseb. Prodajalec lahko zagotovi osebne podatke, ki so bili navedeni, poleg podatkov, ki so nujni za sklenitev in izpolnitev pogodbe, le pod pogoji, navedenimi spodaj. Kupec priznava, da se e-po\u0161tni naslov, ki ga je posredoval ob nakupu izdelka ali storitve, lahko uporabi za po\u0161iljanje komercialnih sporo\u010dil s part of the e-trgovine &#8211; in accordance with Act No. 480\/2004 Coll., as amended, with the offer of a similar product or service. If the recipient does not wish to receive further commercial communications, they may express this disagreement with the sending of commercial communications by sending an email containing the disagreement to the email address of the e-shop: info@kamagra-official.to<\/p><h2>IV. Sprejem in obdelava naro\u010dil, prodajna pogodba<\/h2><p>Za veljavno elektronsko naro\u010dilo je potrebno izpolniti vse predpisane podatke in podrobnosti, navedene v naro\u010dilnici. Preden kupec dokon\u010dno potrdi naro\u010dilo, ima pravico pregledati celotno naro\u010dilo in vnesene podatke. \u010ce je kupec strinja s to obliko naro\u010dila, se naro\u010dilo kon\u010dno po\u0161lje v obdelavo tako, da klikne gumb, ki potrjuje naro\u010dilo. To po\u0161iljanje je obvezujo\u010de. Kupoprodajna pogodba nastane z oddajo naro\u010dila s strani kupca po izbiri na\u010dina dostave in pla\u010dila, ter njegovo sprejetje s strani e-trgovine, ki ne odgovarja za morebitne napake med prenosom podatkov. E-trgovina bo takoj po sklenitvi pogodbe poslala informativno e-po\u0161to na e-naslov, ki ga je navedel kupec.<\/p><p>Prodajalec si pridr\u017euje pravico, da ne sprejme kup\u010devega naro\u010dila v primeru o\u010ditne napake glede cene, opisa ali slike izdelka v katalogu izdelkov na prodajal\u010devi e-trgovini, kadar koli med obdelavo naro\u010dila. Kupec bo o ne sprejemu naro\u010dila zaradi o\u010ditne napake obve\u0161\u010den po e-po\u0161ti.<\/p><p>Prodajalec si pridr\u017euje pravico do preklica naro\u010dila ali njegovega dela v naslednjih primerih: \u2013 izdelek se ne proizvaja ve\u010d ali se ne dostavlja ali se cena dostavljenega blaga bistveno spremeni. \u010ce nastane tak\u0161na situacija, bo prodajalec takoj stopil v stik s kupcem, da se dogovori o nadaljnjih korakih. \u010ce je kupec \u017ee pla\u010dal del ali celotno kupnino, se bo ta znesek vrnil na njegov ra\u010dun, in kupoprodajna pogodba ne bo sklenjena.<\/p><p>Prodajalec si pridr\u017euje pravico, da zavrne obdelavo naro\u010dila za blago, ki ni ponujeno v e-trgovini, kot tudi naro\u010dilo za blago, ki ga proizvajalec ali dobavitelj ne more dostaviti (ne proizvaja ve\u010d, ni na voljo v drugih barvah ipd.).<\/p><p>Pogodba je sklenjena v \u010de\u0161kem jeziku. \u010ce je za kupca potreben prevod besedila pogodbe, v primeru spora o interpretaciji, bo veljala \u010de\u0161ka jezikovna razli\u010dica pogodbe.<\/p><h2>V. Cene<\/h2><p>Cene, navedene v e-trgovini, so kon\u010dne, vklju\u010dujejo DDV. K stro\u0161kom prevoza, katerih znesek se lahko razlikuje glede na specifi\u010dno naro\u010dilo (odvisno od izbrane dostavne metode), se nato doda v obrazec za naro\u010dilo. Kon\u010dna izra\u010dunana cena po izpolnitvi naro\u010dilnice \u017ee vklju\u010duje po\u0161tnino. Kot cena ob sklenitvi pogodbe med prodajalcem in kupcem se upo\u0161teva cena, ki je veljala ob naro\u010dilu kupca. Ta cena je navedena v naro\u010dilu in v e-po\u0161ti o prejemu naro\u010dila na blago.<\/p><h2>VI. Dostava blaga<\/h2><p>Kupec\/potro\u0161nik je dol\u017ean pravilno sprejeti blago pri prevozniku, preveriti integriteto embala\u017ee, \u0161tevilo paketov in takoj prijaviti morebitna neskladja prevozniku. \u010ce obstajajo dokazi o nepoobla\u0161\u010denem vstopu v po\u0161iljko, svetujemo kupcu, da zaradi lastnega interesa ne sprejme po\u0161iljke! Z sprejetjem po\u0161iljke kupec potrjuje, da je paket izpolnjeval vse zgoraj navedene pogoje in zahteve ter kasnej\u0161e prito\u017ebe glede integritete paketa ne bodo upo\u0161tevane.<\/p><h2>VII. Vra\u010dilo blaga \u2013 Odstop od pogodbe v 14-dnevnem obdobju<\/h2><p>Kupec, ki je sklenil pogodbo na daljavo in kupil blago v e-trgovini, ima pravico, da brez navedbe razloga vrne blago v roku 14 (\u0161tirinajst) dni od dostave (v skladu z novim civilnim zakonikom \u00a7 1829 par.1).<\/p><p>\u010ce kupec odstopi od pogodbe, mora blago brez nepotrebnega odla\u0161anja, najpozneje 14 (\u0161tirinajst) dni od odstopa od prodajne pogodbe, poslati ali izro\u010diti prodajalcu.<\/p><p>V skladu s \u00a7 1832 par. 4 civilnega zakonika, \u010de kupec odstopi od prodajne pogodbe, prodajalec ni dol\u017ean vrniti prejetih denarnih sredstev potro\u0161niku, preden potro\u0161nik vrne blago prodajalcu ali doka\u017ee, da je blago poslal nazaj prodajalcu.<\/p><p>Blago bi bilo treba vrniti, \u010de je mogo\u010de, v njenem izvirnem stanju,stanje, nepo\u0161kodovano, neuporabljeno, neobravnavano, neoprano, z originalnimi etiketami, oznakami in prodajnimi dokumenti.<\/p><p>Po vra\u010dilu blaga (blago, vrnjeno s pla\u010dilom po povzetju, ne bo sprejeto), bo Kupcu povrnjeno pla\u010dilo na dani ban\u010dni ra\u010dun.<\/p><p>\u010ce Kupac vrne uporabljeno, po\u0161kodovano, oprano blago v roku 14 dni, celotna nakupna cena za blago ne bo v celoti povrnjena. V tem primeru bo Prodajalec zmanj\u0161al nakupno ceno zaradi obrabe.<\/p><p>Kupec v celoti krije stro\u0161ke dostave blaga nazaj Prodajalcu.<\/p><p>\u010ce se odlo\u010dite za odstop od pogodbe s Prodajalcem, vam bomo brez nepotrebnega odla\u0161anja, najkasneje v 14 dneh od dneva, ko smo bili obve\u0161\u010deni o va\u0161i odlo\u010ditvi za odstop od pogodbe, vrnili vsa pla\u010dila, ki smo jih prejeli od vas, vklju\u010dno s stro\u0161kom dostave blaga do vas (razen za dodatne stro\u0161ke, ki so nastali zaradi va\u0161e izbrane dostavne metode, ki je druga\u010dna od najcenej\u0161e standardne dostavne metode, ki jo ponuja Prodajalec).<\/p><p>Za uveljavljanje pravice do odstopa od pogodbe morate Prodajalca o svoji odlo\u010ditvi za odstop od pogodbe v dolo\u010denem roku 14 dni obvestiti s jasno izjavo (npr. pismo, poslano po po\u0161ti ali e-po\u0161ti). Tajno vam bomo poslali potrditev prejema tega obvestila o odstopu od pogodbe.<\/p><h2>VIII. Pravice zaradi napak na izdelku \u2013 Prito\u017ebe<\/h2><p>Pravice in obveznosti pogodbenih strank glede pravic zaradi napak na izdelku so<\/p>\t\t\t\t\t\t\t\t<\/div>\n\t\t\t\t<\/div>\n\t\t\t\t<\/div>\n\t\t\t\t<\/div>\n\t\t","protected":false},"excerpt":{"rendered":"<p>\u00a0 Pogoji indolo\u010dila I. Uvodne dolo\u010dbe Operater spletna trgovina je: kamagra-official.to \u2013 Ruopigenring 85, 6015 Luzern, \u0160vica (v nadaljevanju e-trgovina). Vse pogodbene odnose ureja pravni red \u0160vica. Pravni odnosi, ki jih ti pogoji in dolo\u010dila ne urejajo izrecno, se urejajo z zakonom \u0161t. 89\/2012 Zbirka, civilno pravo (v nadaljevanju &#8220;CivC&#8221;). \u010ce je kupec potro\u0161nik (oseba, [&#8230;]\n","protected":false},"author":1,"featured_media":0,"parent":0,"menu_order":0,"comment_status":"closed","ping_status":"closed","template":"","meta":{"footnotes":""},"class_list":["post-18300","page","type-page","status-publish","hentry"],"yoast_head":"<!-- This site is optimized with the Yoast SEO plugin v27.5 - https:\/\/yoast.com\/product\/yoast-seo-wordpress\/ -->\n<title>Pravilnik o zasebnosti - kamagra-official.to<\/title>\n<meta name=\"robots\" content=\"index, follow, max-snippet:-1, max-image-preview:large, max-video-preview:-1\" \/>\n<link rel=\"canonical\" href=\"https:\/\/kamagra-official.to\/privacy-policy\/\" \/>\n<meta property=\"og:locale\" content=\"sl_SI\" \/>\n<meta property=\"og:type\" content=\"article\" \/>\n<meta property=\"og:title\" content=\"Pravilnik o zasebnosti - kamagra-official.to\" \/>\n<meta property=\"og:description\" content=\"\u00a0 Pogoji indolo\u010dila I. Uvodne dolo\u010dbe Operater spletna trgovina je: kamagra-official.to \u2013 Ruopigenring 85, 6015 Luzern, \u0160vica (v nadaljevanju e-trgovina). Vse pogodbene odnose ureja pravni red \u0160vica. Pravni odnosi, ki jih ti pogoji in dolo\u010dila ne urejajo izrecno, se urejajo z zakonom \u0161t. 89\/2012 Zbirka, civilno pravo (v nadaljevanju &#8220;CivC&#8221;). \u010ce je kupec potro\u0161nik (oseba, [...]\" \/>\n<meta property=\"og:url\" content=\"https:\/\/kamagra-official.to\/privacy-policy\/\" \/>\n<meta property=\"og:site_name\" content=\"kamagra-official.to\" \/>\n<meta property=\"article:modified_time\" content=\"2025-11-21T14:32:24+00:00\" \/>\n<meta name=\"twitter:card\" content=\"summary_large_image\" \/>\n<meta name=\"twitter:label1\" content=\"Est. reading time\" \/>\n\t<meta name=\"twitter:data1\" content=\"7 minut\" \/>\n<script type=\"application\/ld+json\" class=\"yoast-schema-graph\">{\"@context\":\"https:\\\/\\\/schema.org\",\"@graph\":[{\"@type\":\"WebPage\",\"@id\":\"https:\\\/\\\/kamagra-official.to\\\/privacy-policy\\\/\",\"url\":\"https:\\\/\\\/kamagra-official.to\\\/privacy-policy\\\/\",\"name\":\"Pravilnik o zasebnosti - kamagra-official.to\",\"isPartOf\":{\"@id\":\"https:\\\/\\\/kamagra-official.to\\\/#website\"},\"datePublished\":\"2024-12-22T10:51:55+00:00\",\"dateModified\":\"2025-11-21T14:32:24+00:00\",\"breadcrumb\":{\"@id\":\"https:\\\/\\\/kamagra-official.to\\\/privacy-policy\\\/#breadcrumb\"},\"inLanguage\":\"sl-SI\",\"potentialAction\":[{\"@type\":\"ReadAction\",\"target\":[\"https:\\\/\\\/kamagra-official.to\\\/privacy-policy\\\/\"]}]},{\"@type\":\"BreadcrumbList\",\"@id\":\"https:\\\/\\\/kamagra-official.to\\\/privacy-policy\\\/#breadcrumb\",\"itemListElement\":[{\"@type\":\"ListItem\",\"position\":1,\"name\":\"Home\",\"item\":\"https:\\\/\\\/kamagra-official.to\\\/sl\\\/domov\\\/\"},{\"@type\":\"ListItem\",\"position\":2,\"name\":\"Pravilnik o zasebnosti\"}]},{\"@type\":\"WebSite\",\"@id\":\"https:\\\/\\\/kamagra-official.to\\\/#website\",\"url\":\"https:\\\/\\\/kamagra-official.to\\\/\",\"name\":\"kamagra-official.to\",\"description\":\"Revitalize Your Sexual Energy Across Europe\",\"publisher\":{\"@id\":\"https:\\\/\\\/kamagra-official.to\\\/#organization\"},\"potentialAction\":[{\"@type\":\"SearchAction\",\"target\":{\"@type\":\"EntryPoint\",\"urlTemplate\":\"https:\\\/\\\/kamagra-official.to\\\/?s={search_term_string}\"},\"query-input\":{\"@type\":\"PropertyValueSpecification\",\"valueRequired\":true,\"valueName\":\"search_term_string\"}}],\"inLanguage\":\"sl-SI\"},{\"@type\":\"Organization\",\"@id\":\"https:\\\/\\\/kamagra-official.to\\\/#organization\",\"name\":\"kamagra-official.to\",\"url\":\"https:\\\/\\\/kamagra-official.to\\\/\",\"logo\":{\"@type\":\"ImageObject\",\"inLanguage\":\"sl-SI\",\"@id\":\"https:\\\/\\\/kamagra-official.to\\\/#\\\/schema\\\/logo\\\/image\\\/\",\"url\":\"https:\\\/\\\/kamagra-official.to\\\/wp-content\\\/uploads\\\/2025\\\/02\\\/KAMAGRA-Photoroom-1.png\",\"contentUrl\":\"https:\\\/\\\/kamagra-official.to\\\/wp-content\\\/uploads\\\/2025\\\/02\\\/KAMAGRA-Photoroom-1.png\",\"width\":150,\"height\":153,\"caption\":\"kamagra-official.to\"},\"image\":{\"@id\":\"https:\\\/\\\/kamagra-official.to\\\/#\\\/schema\\\/logo\\\/image\\\/\"}}]}<\/script>\n<!-- \/ Yoast SEO plugin. -->","yoast_head_json":{"title":"Pravilnik o zasebnosti - kamagra-official.to","robots":{"index":"index","follow":"follow","max-snippet":"max-snippet:-1","max-image-preview":"max-image-preview:large","max-video-preview":"max-video-preview:-1"},"canonical":"https:\/\/kamagra-official.to\/privacy-policy\/","og_locale":"sl_SI","og_type":"article","og_title":"Pravilnik o zasebnosti - kamagra-official.to","og_description":"\u00a0 Pogoji indolo\u010dila I. Uvodne dolo\u010dbe Operater spletna trgovina je: kamagra-official.to \u2013 Ruopigenring 85, 6015 Luzern, \u0160vica (v nadaljevanju e-trgovina). Vse pogodbene odnose ureja pravni red \u0160vica. Pravni odnosi, ki jih ti pogoji in dolo\u010dila ne urejajo izrecno, se urejajo z zakonom \u0161t. 89\/2012 Zbirka, civilno pravo (v nadaljevanju &#8220;CivC&#8221;). \u010ce je kupec potro\u0161nik (oseba, [...]","og_url":"https:\/\/kamagra-official.to\/privacy-policy\/","og_site_name":"kamagra-official.to","article_modified_time":"2025-11-21T14:32:24+00:00","twitter_card":"summary_large_image","twitter_misc":{"Est. reading time":"7 minut"},"schema":{"@context":"https:\/\/schema.org","@graph":[{"@type":"WebPage","@id":"https:\/\/kamagra-official.to\/privacy-policy\/","url":"https:\/\/kamagra-official.to\/privacy-policy\/","name":"Pravilnik o zasebnosti - kamagra-official.to","isPartOf":{"@id":"https:\/\/kamagra-official.to\/#website"},"datePublished":"2024-12-22T10:51:55+00:00","dateModified":"2025-11-21T14:32:24+00:00","breadcrumb":{"@id":"https:\/\/kamagra-official.to\/privacy-policy\/#breadcrumb"},"inLanguage":"sl-SI","potentialAction":[{"@type":"ReadAction","target":["https:\/\/kamagra-official.to\/privacy-policy\/"]}]},{"@type":"BreadcrumbList","@id":"https:\/\/kamagra-official.to\/privacy-policy\/#breadcrumb","itemListElement":[{"@type":"ListItem","position":1,"name":"Home","item":"https:\/\/kamagra-official.to\/sl\/domov\/"},{"@type":"ListItem","position":2,"name":"Pravilnik o zasebnosti"}]},{"@type":"WebSite","@id":"https:\/\/kamagra-official.to\/#website","url":"https:\/\/kamagra-official.to\/","name":"kamagra-official.to","description":"Revitalize Your Sexual Energy Across Europe","publisher":{"@id":"https:\/\/kamagra-official.to\/#organization"},"potentialAction":[{"@type":"SearchAction","target":{"@type":"EntryPoint","urlTemplate":"https:\/\/kamagra-official.to\/?s={search_term_string}"},"query-input":{"@type":"PropertyValueSpecification","valueRequired":true,"valueName":"search_term_string"}}],"inLanguage":"sl-SI"},{"@type":"Organization","@id":"https:\/\/kamagra-official.to\/#organization","name":"kamagra-official.to","url":"https:\/\/kamagra-official.to\/","logo":{"@type":"ImageObject","inLanguage":"sl-SI","@id":"https:\/\/kamagra-official.to\/#\/schema\/logo\/image\/","url":"https:\/\/kamagra-official.to\/wp-content\/uploads\/2025\/02\/KAMAGRA-Photoroom-1.png","contentUrl":"https:\/\/kamagra-official.to\/wp-content\/uploads\/2025\/02\/KAMAGRA-Photoroom-1.png","width":150,"height":153,"caption":"kamagra-official.to"},"image":{"@id":"https:\/\/kamagra-official.to\/#\/schema\/logo\/image\/"}}]}},"_links":{"self":[{"href":"https:\/\/kamagra-official.to\/sl\/wp-json\/wp\/v2\/pages\/18300","targetHints":{"allow":["GET"]}}],"collection":[{"href":"https:\/\/kamagra-official.to\/sl\/wp-json\/wp\/v2\/pages"}],"about":[{"href":"https:\/\/kamagra-official.to\/sl\/wp-json\/wp\/v2\/types\/page"}],"author":[{"embeddable":true,"href":"https:\/\/kamagra-official.to\/sl\/wp-json\/wp\/v2\/users\/1"}],"replies":[{"embeddable":true,"href":"https:\/\/kamagra-official.to\/sl\/wp-json\/wp\/v2\/comments?post=18300"}],"version-history":[{"count":6,"href":"https:\/\/kamagra-official.to\/sl\/wp-json\/wp\/v2\/pages\/18300\/revisions"}],"predecessor-version":[{"id":25083,"href":"https:\/\/kamagra-official.to\/sl\/wp-json\/wp\/v2\/pages\/18300\/revisions\/25083"}],"wp:attachment":[{"href":"https:\/\/kamagra-official.to\/sl\/wp-json\/wp\/v2\/media?parent=18300"}],"curies":[{"name":"wp","href":"https:\/\/api.w.org\/{rel}","templated":true}]}}