{"id":18273,"date":"2025-02-03T11:00:32","date_gmt":"2025-02-03T11:00:32","guid":{"rendered":"https:\/\/world-shop.info\/kako-nakupovati\/"},"modified":"2025-03-06T18:56:59","modified_gmt":"2025-03-06T18:56:59","slug":"kako-nakupovati","status":"publish","type":"page","link":"https:\/\/kamagra-official.to\/sl\/kako-nakupovati\/","title":{"rendered":"Kako kupovati"},"content":{"rendered":"\t\t<div data-elementor-type=\"wp-page\" data-elementor-id=\"18273\" class=\"elementor elementor-18273 elementor-18263\" data-elementor-post-type=\"page\">\n\t\t\t\t<div class=\"elementor-element elementor-element-667f82e e-flex e-con-boxed e-con e-parent\" data-id=\"667f82e\" data-element_type=\"container\" data-e-type=\"container\">\n\t\t\t\t\t<div class=\"e-con-inner\">\n\t\t\t\t<div class=\"elementor-element elementor-element-0901533 elementor-widget elementor-widget-spacer\" data-id=\"0901533\" data-element_type=\"widget\" data-e-type=\"widget\" data-widget_type=\"spacer.default\">\n\t\t\t\t<div class=\"elementor-widget-container\">\n\t\t\t\t\t\t\t<div class=\"elementor-spacer\">\n\t\t\t<div class=\"elementor-spacer-inner\"><\/div>\n\t\t<\/div>\n\t\t\t\t\t\t<\/div>\n\t\t\t\t<\/div>\n\t\t\t\t\t<\/div>\n\t\t\t\t<\/div>\n\t\t<div class=\"elementor-element elementor-element-8be5346 e-flex e-con-boxed e-con e-parent\" data-id=\"8be5346\" data-element_type=\"container\" data-e-type=\"container\">\n\t\t\t\t\t<div class=\"e-con-inner\">\n\t\t\t\t<div class=\"elementor-element elementor-element-e5a2d3b elementor-widget elementor-widget-text-editor\" data-id=\"e5a2d3b\" data-element_type=\"widget\" data-e-type=\"widget\" data-widget_type=\"text-editor.default\">\n\t\t\t\t<div class=\"elementor-widget-container\">\n\t\t\t\t\t\t\t\t\t<!DOCTYPE html>\n<html lang=\"cs\">\n<head>\n    <meta charset=\"UTF-8\">\n    <meta name=\"viewport\" content=\"width=device-width, initial-scale=1.0\">\n    <title>Kako nakupovati<\/title>\n<\/head>\n<body>\n    <h2>Kako nakupovati<\/h2>\n    <p>V tem razdelku boste na\u0161li podrobne informacije o tem, kako nakupovati v na\u0161i spletni trgovini [ime va\u0161ega podjetja].<\/p>\n    \n    <h4>Izbira izdelka<\/h4>\n    <p>Prebrskajte na\u0161o ponudbo preko kategorij ali iskalnega polja. S klikom na izdelek boste prikazali njegove podrobnosti, vklju\u010dno z opisom, specifikacijami in ocenami strank.<\/p>\n    \n    <h4>Dodajanje v ko\u0161arico<\/h4>\n    <p>Ko najdete izdelek, ki ga \u017eelite kupiti, izberite \u017eeleno koli\u010dino in morebitne razli\u010dice (npr. velikost, barvo), nato kliknite na gumb &#8220;Dodaj v ko\u0161arico&#8221;. Izdelek bo dodan v va\u0161o virtualno nakupovalno ko\u0161arico.<\/p>\n    \n    <h4>Nakupovalna ko\u0161arica<\/h4>\n    <p>Do nakupovalne ko\u0161arice lahko dostopate kadarkoli z klikom na ikono ko\u0161arice v zgornjem desnem kotu strani. Tu lahko spremenite koli\u010dino izdelkov, odstranite predmete ali nadaljujete na blagajno, \u010de ste pripravljeni zaklju\u010diti nakup.<\/p>\n    \n    <h4>Blagajna<\/h4>\n    <p>Na blagajni boste pozvani, da vnesete podatke o dostavi in izberete na\u010din dostave in pla\u010dila. Preverite, \u010de so vsi podatki pravilni in popolni, da ne bo zamud pri obdelavi va\u0161ega naro\u010dila.<\/p>\n    \n    <h4>Na\u010din pla\u010dila<\/h4>\n    <p>Ponujamo razli\u010dne na\u010dine pla\u010dila, vklju\u010dno s pla\u010dilom s kreditno kartico, ban\u010dnim nakazilom in drugimi na\u010dini. Izberite tistega, ki vam najbolj ustreza.<\/p>\n    \n    <h4>Potrditev naro\u010dila<\/h4>\n    <p>Po zaklju\u010dku postopka naro\u010dila boste prejeli potrditveno elektronsko po\u0161to z podrobnostmi o va\u0161em naro\u010dilu. To e-po\u0161to shranite za morebitna vpra\u0161anja ali reklamacije.<\/p>\n    \n    <h4>Dostava in dobava<\/h4>\n    <p>Informacije o po\u0161iljanju in \u010dasovnih rokih dobave najdete v razdelku [Povezava na stran s Pogoji dostave].<\/p>\n    \n    <h4>Vra\u010dila in prito\u017ebe<\/h4>\n    <p>Za informacije o vra\u010dilih in prito\u017ebah obi\u0161\u010dite na\u0161 razdelek [Povezava na stran za Vra\u010dilo in prito\u017ebe].<\/p>\n    \n    <h4>Kontaktirajte nas<\/h4>\n    <p>\u010ce imate kakr\u0161nakoli vpra\u0161anja glede postopka nakupa, ne oklevajte in nas kontaktirajte na: [Kontaktni e-po\u0161ti].<\/p>\n<\/body>\n<\/html>\t\t\t\t\t\t\t\t<\/div>\n\t\t\t\t<\/div>\n\t\t\t\t\t<\/div>\n\t\t\t\t<\/div>\n\t\t\t\t<\/div>\n\t\t","protected":false},"excerpt":{"rendered":"<p>Kako nakupovati Kako nakupovati V tem razdelku boste na\u0161li podrobne informacije o tem, kako nakupovati v na\u0161i spletni trgovini [ime va\u0161ega podjetja]. Izbira izdelka Prebrskajte na\u0161o ponudbo preko kategorij ali iskalnega polja. S klikom na izdelek boste prikazali njegove podrobnosti, vklju\u010dno z opisom, specifikacijami in ocenami strank. Dodajanje v ko\u0161arico Ko najdete izdelek, ki ga [&#8230;]\n","protected":false},"author":1,"featured_media":0,"parent":0,"menu_order":0,"comment_status":"closed","ping_status":"closed","template":"","meta":{"footnotes":""},"class_list":["post-18273","page","type-page","status-publish","hentry"],"yoast_head":"<!-- This site is optimized with the Yoast SEO plugin v27.5 - https:\/\/yoast.com\/product\/yoast-seo-wordpress\/ -->\n<title>Kako kupovati - kamagra-official.to<\/title>\n<meta name=\"robots\" content=\"index, follow, max-snippet:-1, max-image-preview:large, max-video-preview:-1\" \/>\n<link rel=\"canonical\" href=\"https:\/\/kamagra-official.to\/how-to-shop\/\" \/>\n<meta property=\"og:locale\" content=\"sl_SI\" \/>\n<meta property=\"og:type\" content=\"article\" \/>\n<meta property=\"og:title\" content=\"Kako kupovati - kamagra-official.to\" \/>\n<meta property=\"og:description\" content=\"Kako nakupovati Kako nakupovati V tem razdelku boste na\u0161li podrobne informacije o tem, kako nakupovati v na\u0161i spletni trgovini [ime va\u0161ega podjetja]. Izbira izdelka Prebrskajte na\u0161o ponudbo preko kategorij ali iskalnega polja. S klikom na izdelek boste prikazali njegove podrobnosti, vklju\u010dno z opisom, specifikacijami in ocenami strank. Dodajanje v ko\u0161arico Ko najdete izdelek, ki ga [...]\" \/>\n<meta property=\"og:url\" content=\"https:\/\/kamagra-official.to\/how-to-shop\/\" \/>\n<meta property=\"og:site_name\" content=\"kamagra-official.to\" \/>\n<meta property=\"article:modified_time\" content=\"2025-03-06T18:56:59+00:00\" \/>\n<meta name=\"twitter:card\" content=\"summary_large_image\" \/>\n<meta name=\"twitter:label1\" content=\"Est. reading time\" \/>\n\t<meta name=\"twitter:data1\" content=\"1 minuta\" \/>\n<script type=\"application\/ld+json\" class=\"yoast-schema-graph\">{\"@context\":\"https:\\\/\\\/schema.org\",\"@graph\":[{\"@type\":\"WebPage\",\"@id\":\"https:\\\/\\\/kamagra-official.to\\\/how-to-shop\\\/\",\"url\":\"https:\\\/\\\/kamagra-official.to\\\/how-to-shop\\\/\",\"name\":\"Kako kupovati - kamagra-official.to\",\"isPartOf\":{\"@id\":\"https:\\\/\\\/kamagra-official.to\\\/#website\"},\"datePublished\":\"2025-02-03T11:00:32+00:00\",\"dateModified\":\"2025-03-06T18:56:59+00:00\",\"breadcrumb\":{\"@id\":\"https:\\\/\\\/kamagra-official.to\\\/how-to-shop\\\/#breadcrumb\"},\"inLanguage\":\"sl-SI\",\"potentialAction\":[{\"@type\":\"ReadAction\",\"target\":[\"https:\\\/\\\/kamagra-official.to\\\/how-to-shop\\\/\"]}]},{\"@type\":\"BreadcrumbList\",\"@id\":\"https:\\\/\\\/kamagra-official.to\\\/how-to-shop\\\/#breadcrumb\",\"itemListElement\":[{\"@type\":\"ListItem\",\"position\":1,\"name\":\"Home\",\"item\":\"https:\\\/\\\/kamagra-official.to\\\/sl\\\/domov\\\/\"},{\"@type\":\"ListItem\",\"position\":2,\"name\":\"Kako kupovati\"}]},{\"@type\":\"WebSite\",\"@id\":\"https:\\\/\\\/kamagra-official.to\\\/#website\",\"url\":\"https:\\\/\\\/kamagra-official.to\\\/\",\"name\":\"kamagra-official.to\",\"description\":\"Revitalize Your Sexual Energy Across Europe\",\"publisher\":{\"@id\":\"https:\\\/\\\/kamagra-official.to\\\/#organization\"},\"potentialAction\":[{\"@type\":\"SearchAction\",\"target\":{\"@type\":\"EntryPoint\",\"urlTemplate\":\"https:\\\/\\\/kamagra-official.to\\\/?s={search_term_string}\"},\"query-input\":{\"@type\":\"PropertyValueSpecification\",\"valueRequired\":true,\"valueName\":\"search_term_string\"}}],\"inLanguage\":\"sl-SI\"},{\"@type\":\"Organization\",\"@id\":\"https:\\\/\\\/kamagra-official.to\\\/#organization\",\"name\":\"kamagra-official.to\",\"url\":\"https:\\\/\\\/kamagra-official.to\\\/\",\"logo\":{\"@type\":\"ImageObject\",\"inLanguage\":\"sl-SI\",\"@id\":\"https:\\\/\\\/kamagra-official.to\\\/#\\\/schema\\\/logo\\\/image\\\/\",\"url\":\"https:\\\/\\\/kamagra-official.to\\\/wp-content\\\/uploads\\\/2025\\\/02\\\/KAMAGRA-Photoroom-1.png\",\"contentUrl\":\"https:\\\/\\\/kamagra-official.to\\\/wp-content\\\/uploads\\\/2025\\\/02\\\/KAMAGRA-Photoroom-1.png\",\"width\":150,\"height\":153,\"caption\":\"kamagra-official.to\"},\"image\":{\"@id\":\"https:\\\/\\\/kamagra-official.to\\\/#\\\/schema\\\/logo\\\/image\\\/\"}}]}<\/script>\n<!-- \/ Yoast SEO plugin. -->","yoast_head_json":{"title":"Kako kupovati - kamagra-official.to","robots":{"index":"index","follow":"follow","max-snippet":"max-snippet:-1","max-image-preview":"max-image-preview:large","max-video-preview":"max-video-preview:-1"},"canonical":"https:\/\/kamagra-official.to\/how-to-shop\/","og_locale":"sl_SI","og_type":"article","og_title":"Kako kupovati - kamagra-official.to","og_description":"Kako nakupovati Kako nakupovati V tem razdelku boste na\u0161li podrobne informacije o tem, kako nakupovati v na\u0161i spletni trgovini [ime va\u0161ega podjetja]. Izbira izdelka Prebrskajte na\u0161o ponudbo preko kategorij ali iskalnega polja. S klikom na izdelek boste prikazali njegove podrobnosti, vklju\u010dno z opisom, specifikacijami in ocenami strank. Dodajanje v ko\u0161arico Ko najdete izdelek, ki ga [...]","og_url":"https:\/\/kamagra-official.to\/how-to-shop\/","og_site_name":"kamagra-official.to","article_modified_time":"2025-03-06T18:56:59+00:00","twitter_card":"summary_large_image","twitter_misc":{"Est. reading time":"1 minuta"},"schema":{"@context":"https:\/\/schema.org","@graph":[{"@type":"WebPage","@id":"https:\/\/kamagra-official.to\/how-to-shop\/","url":"https:\/\/kamagra-official.to\/how-to-shop\/","name":"Kako kupovati - kamagra-official.to","isPartOf":{"@id":"https:\/\/kamagra-official.to\/#website"},"datePublished":"2025-02-03T11:00:32+00:00","dateModified":"2025-03-06T18:56:59+00:00","breadcrumb":{"@id":"https:\/\/kamagra-official.to\/how-to-shop\/#breadcrumb"},"inLanguage":"sl-SI","potentialAction":[{"@type":"ReadAction","target":["https:\/\/kamagra-official.to\/how-to-shop\/"]}]},{"@type":"BreadcrumbList","@id":"https:\/\/kamagra-official.to\/how-to-shop\/#breadcrumb","itemListElement":[{"@type":"ListItem","position":1,"name":"Home","item":"https:\/\/kamagra-official.to\/sl\/domov\/"},{"@type":"ListItem","position":2,"name":"Kako kupovati"}]},{"@type":"WebSite","@id":"https:\/\/kamagra-official.to\/#website","url":"https:\/\/kamagra-official.to\/","name":"kamagra-official.to","description":"Revitalize Your Sexual Energy Across Europe","publisher":{"@id":"https:\/\/kamagra-official.to\/#organization"},"potentialAction":[{"@type":"SearchAction","target":{"@type":"EntryPoint","urlTemplate":"https:\/\/kamagra-official.to\/?s={search_term_string}"},"query-input":{"@type":"PropertyValueSpecification","valueRequired":true,"valueName":"search_term_string"}}],"inLanguage":"sl-SI"},{"@type":"Organization","@id":"https:\/\/kamagra-official.to\/#organization","name":"kamagra-official.to","url":"https:\/\/kamagra-official.to\/","logo":{"@type":"ImageObject","inLanguage":"sl-SI","@id":"https:\/\/kamagra-official.to\/#\/schema\/logo\/image\/","url":"https:\/\/kamagra-official.to\/wp-content\/uploads\/2025\/02\/KAMAGRA-Photoroom-1.png","contentUrl":"https:\/\/kamagra-official.to\/wp-content\/uploads\/2025\/02\/KAMAGRA-Photoroom-1.png","width":150,"height":153,"caption":"kamagra-official.to"},"image":{"@id":"https:\/\/kamagra-official.to\/#\/schema\/logo\/image\/"}}]}},"_links":{"self":[{"href":"https:\/\/kamagra-official.to\/sl\/wp-json\/wp\/v2\/pages\/18273","targetHints":{"allow":["GET"]}}],"collection":[{"href":"https:\/\/kamagra-official.to\/sl\/wp-json\/wp\/v2\/pages"}],"about":[{"href":"https:\/\/kamagra-official.to\/sl\/wp-json\/wp\/v2\/types\/page"}],"author":[{"embeddable":true,"href":"https:\/\/kamagra-official.to\/sl\/wp-json\/wp\/v2\/users\/1"}],"replies":[{"embeddable":true,"href":"https:\/\/kamagra-official.to\/sl\/wp-json\/wp\/v2\/comments?post=18273"}],"version-history":[{"count":3,"href":"https:\/\/kamagra-official.to\/sl\/wp-json\/wp\/v2\/pages\/18273\/revisions"}],"predecessor-version":[{"id":20477,"href":"https:\/\/kamagra-official.to\/sl\/wp-json\/wp\/v2\/pages\/18273\/revisions\/20477"}],"wp:attachment":[{"href":"https:\/\/kamagra-official.to\/sl\/wp-json\/wp\/v2\/media?parent=18273"}],"curies":[{"name":"wp","href":"https:\/\/api.w.org\/{rel}","templated":true}]}}