{"id":17754,"date":"2025-02-03T10:59:45","date_gmt":"2025-02-03T10:59:45","guid":{"rendered":"https:\/\/world-shop.info\/prevoz-in-placilo\/"},"modified":"2025-02-11T15:26:54","modified_gmt":"2025-02-11T15:26:54","slug":"prevoz-in-placilo","status":"publish","type":"page","link":"https:\/\/kamagra-official.to\/sl\/prevoz-in-placilo\/","title":{"rendered":"Prevoz in pla\u010dilo"},"content":{"rendered":"\t\t<div data-elementor-type=\"wp-page\" data-elementor-id=\"17754\" class=\"elementor elementor-17754 elementor-17387\" data-elementor-post-type=\"page\">\n\t\t\t\t<div class=\"elementor-element elementor-element-e5b1460 e-flex e-con-boxed e-con e-parent\" data-id=\"e5b1460\" data-element_type=\"container\" data-e-type=\"container\">\n\t\t\t\t\t<div class=\"e-con-inner\">\n\t\t\t\t<div class=\"elementor-element elementor-element-ca36751 elementor-widget elementor-widget-spacer\" data-id=\"ca36751\" data-element_type=\"widget\" data-e-type=\"widget\" data-widget_type=\"spacer.default\">\n\t\t\t\t<div class=\"elementor-widget-container\">\n\t\t\t\t\t\t\t<div class=\"elementor-spacer\">\n\t\t\t<div class=\"elementor-spacer-inner\"><\/div>\n\t\t<\/div>\n\t\t\t\t\t\t<\/div>\n\t\t\t\t<\/div>\n\t\t\t\t\t<\/div>\n\t\t\t\t<\/div>\n\t\t<div class=\"elementor-element elementor-element-f84ae7d e-flex e-con-boxed e-con e-parent\" data-id=\"f84ae7d\" data-element_type=\"container\" data-e-type=\"container\">\n\t\t\t\t\t<div class=\"e-con-inner\">\n\t\t\t\t<div class=\"elementor-element elementor-element-9adf117 elementor-widget elementor-widget-text-editor\" data-id=\"9adf117\" data-element_type=\"widget\" data-e-type=\"widget\" data-widget_type=\"text-editor.default\">\n\t\t\t\t<div class=\"elementor-widget-container\">\n\t\t\t\t\t\t\t\t\t<!DOCTYPE html>\n<html lang=\"sl\">\n<head>\n    <meta charset=\"UTF-8\">\n    <meta name=\"viewport\" content=\"width=device-width, initial-scale=1.0\">\n    <title>Dostava po povzetju<\/title>\n<\/head>\n<body>\n    <h2>Dostava po povzetju<\/h2>\n    <p>Ta del posve\u010da informacije o mo\u017enosti dostave s pla\u010dilom po povzetju pri nakupu v na\u0161i trgovini [Ime va\u0161ega podjetja].<\/p>\n    \n    <h4>Mo\u017enost dostave po povzetju<\/h4>\n    <p>Pla\u010dilo po povzetju je udoben na\u010din, da pla\u010date naro\u010deno blago \u0161ele ob njegovi dostavi. Ta storitev je na voljo preko kurirske slu\u017ebe.<\/p>\n    \n    <h4>Kako deluje pla\u010dilo po povzetju<\/h4>\n    <p>Po kon\u010dani naro\u010dilo in izbiri pla\u010dila po povzetju kot na\u010din pla\u010dila, bomo pripravili in poslali va\u0161e po\u0161iljko. Ob dostavi blaga pla\u010date kurirju v gotovini ali s kartico, odvisno od va\u0161e preference.<\/p>\n    \n    <h4>Roki dobave<\/h4>\n    <p>Dobavni \u010das pri pla\u010dilu po povzetju se obi\u010dajno giblje med 2-5 delovnimi dnevi, odvisno od va\u0161e lokacije.<\/p>\n   \n    <h4>Prednosti pla\u010dila po povzetju<\/h4>\n    <ul>\n        <li><strong>Udobje<\/strong> &#8211; Pla\u010dajte ob prevzemu blaga.<\/li>\n        <li><strong>Varnost<\/strong> &#8211; Ni vam treba zagotavljati pla\u010dilnih podatkov na spletu.<\/li>\n        <li><strong>Pro\u017enost<\/strong> &#8211; Mo\u017enost pla\u010dila v gotovini ali s kartico ob dostavi.<\/li>\n    <\/ul>\n    \n    <h4>Kontaktirajte nas<\/h4>\n    <p>\u010ce imate kakr\u0161na koli vpra\u0161anja glede dostave po povzetju, ne oklevajte in nas kontaktirajte na: [Kontaktni e-mail].<\/p>\n<\/body>\n<\/html>\t\t\t\t\t\t\t\t<\/div>\n\t\t\t\t<\/div>\n\t\t\t\t\t<\/div>\n\t\t\t\t<\/div>\n\t\t\t\t<\/div>\n\t\t","protected":false},"excerpt":{"rendered":"<p>Dostava po povzetju Dostava po povzetju Ta del posve\u010da informacije o mo\u017enosti dostave s pla\u010dilom po povzetju pri nakupu v na\u0161i trgovini [Ime va\u0161ega podjetja]. Mo\u017enost dostave po povzetju Pla\u010dilo po povzetju je udoben na\u010din, da pla\u010date naro\u010deno blago \u0161ele ob njegovi dostavi. Ta storitev je na voljo preko kurirske slu\u017ebe. Kako deluje pla\u010dilo po [&#8230;]\n","protected":false},"author":1,"featured_media":0,"parent":0,"menu_order":0,"comment_status":"closed","ping_status":"closed","template":"","meta":{"footnotes":""},"class_list":["post-17754","page","type-page","status-publish","hentry"],"yoast_head":"<!-- This site is optimized with the Yoast SEO plugin v27.5 - https:\/\/yoast.com\/product\/yoast-seo-wordpress\/ -->\n<title>Prevoz in pla\u010dilo - kamagra-official.to<\/title>\n<meta name=\"robots\" content=\"index, follow, max-snippet:-1, max-image-preview:large, max-video-preview:-1\" \/>\n<link rel=\"canonical\" href=\"https:\/\/kamagra-official.to\/shipping-and-payment\/\" \/>\n<meta property=\"og:locale\" content=\"sl_SI\" \/>\n<meta property=\"og:type\" content=\"article\" \/>\n<meta property=\"og:title\" content=\"Prevoz in pla\u010dilo - kamagra-official.to\" \/>\n<meta property=\"og:description\" content=\"Dostava po povzetju Dostava po povzetju Ta del posve\u010da informacije o mo\u017enosti dostave s pla\u010dilom po povzetju pri nakupu v na\u0161i trgovini [Ime va\u0161ega podjetja]. Mo\u017enost dostave po povzetju Pla\u010dilo po povzetju je udoben na\u010din, da pla\u010date naro\u010deno blago \u0161ele ob njegovi dostavi. Ta storitev je na voljo preko kurirske slu\u017ebe. Kako deluje pla\u010dilo po [...]\" \/>\n<meta property=\"og:url\" content=\"https:\/\/kamagra-official.to\/shipping-and-payment\/\" \/>\n<meta property=\"og:site_name\" content=\"kamagra-official.to\" \/>\n<meta property=\"article:modified_time\" content=\"2025-02-11T15:26:54+00:00\" \/>\n<meta name=\"twitter:card\" content=\"summary_large_image\" \/>\n<meta name=\"twitter:label1\" content=\"Est. reading time\" \/>\n\t<meta name=\"twitter:data1\" content=\"1 minuta\" \/>\n<script type=\"application\/ld+json\" class=\"yoast-schema-graph\">{\"@context\":\"https:\\\/\\\/schema.org\",\"@graph\":[{\"@type\":\"WebPage\",\"@id\":\"https:\\\/\\\/kamagra-official.to\\\/shipping-and-payment\\\/\",\"url\":\"https:\\\/\\\/kamagra-official.to\\\/shipping-and-payment\\\/\",\"name\":\"Prevoz in pla\u010dilo - kamagra-official.to\",\"isPartOf\":{\"@id\":\"https:\\\/\\\/kamagra-official.to\\\/#website\"},\"datePublished\":\"2025-02-03T10:59:45+00:00\",\"dateModified\":\"2025-02-11T15:26:54+00:00\",\"breadcrumb\":{\"@id\":\"https:\\\/\\\/kamagra-official.to\\\/shipping-and-payment\\\/#breadcrumb\"},\"inLanguage\":\"sl-SI\",\"potentialAction\":[{\"@type\":\"ReadAction\",\"target\":[\"https:\\\/\\\/kamagra-official.to\\\/shipping-and-payment\\\/\"]}]},{\"@type\":\"BreadcrumbList\",\"@id\":\"https:\\\/\\\/kamagra-official.to\\\/shipping-and-payment\\\/#breadcrumb\",\"itemListElement\":[{\"@type\":\"ListItem\",\"position\":1,\"name\":\"Home\",\"item\":\"https:\\\/\\\/kamagra-official.to\\\/sl\\\/domov\\\/\"},{\"@type\":\"ListItem\",\"position\":2,\"name\":\"Prevoz in pla\u010dilo\"}]},{\"@type\":\"WebSite\",\"@id\":\"https:\\\/\\\/kamagra-official.to\\\/#website\",\"url\":\"https:\\\/\\\/kamagra-official.to\\\/\",\"name\":\"kamagra-official.to\",\"description\":\"Revitalize Your Sexual Energy Across Europe\",\"publisher\":{\"@id\":\"https:\\\/\\\/kamagra-official.to\\\/#organization\"},\"potentialAction\":[{\"@type\":\"SearchAction\",\"target\":{\"@type\":\"EntryPoint\",\"urlTemplate\":\"https:\\\/\\\/kamagra-official.to\\\/?s={search_term_string}\"},\"query-input\":{\"@type\":\"PropertyValueSpecification\",\"valueRequired\":true,\"valueName\":\"search_term_string\"}}],\"inLanguage\":\"sl-SI\"},{\"@type\":\"Organization\",\"@id\":\"https:\\\/\\\/kamagra-official.to\\\/#organization\",\"name\":\"kamagra-official.to\",\"url\":\"https:\\\/\\\/kamagra-official.to\\\/\",\"logo\":{\"@type\":\"ImageObject\",\"inLanguage\":\"sl-SI\",\"@id\":\"https:\\\/\\\/kamagra-official.to\\\/#\\\/schema\\\/logo\\\/image\\\/\",\"url\":\"https:\\\/\\\/kamagra-official.to\\\/wp-content\\\/uploads\\\/2025\\\/02\\\/KAMAGRA-Photoroom-1.png\",\"contentUrl\":\"https:\\\/\\\/kamagra-official.to\\\/wp-content\\\/uploads\\\/2025\\\/02\\\/KAMAGRA-Photoroom-1.png\",\"width\":150,\"height\":153,\"caption\":\"kamagra-official.to\"},\"image\":{\"@id\":\"https:\\\/\\\/kamagra-official.to\\\/#\\\/schema\\\/logo\\\/image\\\/\"}}]}<\/script>\n<!-- \/ Yoast SEO plugin. -->","yoast_head_json":{"title":"Prevoz in pla\u010dilo - kamagra-official.to","robots":{"index":"index","follow":"follow","max-snippet":"max-snippet:-1","max-image-preview":"max-image-preview:large","max-video-preview":"max-video-preview:-1"},"canonical":"https:\/\/kamagra-official.to\/shipping-and-payment\/","og_locale":"sl_SI","og_type":"article","og_title":"Prevoz in pla\u010dilo - kamagra-official.to","og_description":"Dostava po povzetju Dostava po povzetju Ta del posve\u010da informacije o mo\u017enosti dostave s pla\u010dilom po povzetju pri nakupu v na\u0161i trgovini [Ime va\u0161ega podjetja]. Mo\u017enost dostave po povzetju Pla\u010dilo po povzetju je udoben na\u010din, da pla\u010date naro\u010deno blago \u0161ele ob njegovi dostavi. Ta storitev je na voljo preko kurirske slu\u017ebe. Kako deluje pla\u010dilo po [...]","og_url":"https:\/\/kamagra-official.to\/shipping-and-payment\/","og_site_name":"kamagra-official.to","article_modified_time":"2025-02-11T15:26:54+00:00","twitter_card":"summary_large_image","twitter_misc":{"Est. reading time":"1 minuta"},"schema":{"@context":"https:\/\/schema.org","@graph":[{"@type":"WebPage","@id":"https:\/\/kamagra-official.to\/shipping-and-payment\/","url":"https:\/\/kamagra-official.to\/shipping-and-payment\/","name":"Prevoz in pla\u010dilo - kamagra-official.to","isPartOf":{"@id":"https:\/\/kamagra-official.to\/#website"},"datePublished":"2025-02-03T10:59:45+00:00","dateModified":"2025-02-11T15:26:54+00:00","breadcrumb":{"@id":"https:\/\/kamagra-official.to\/shipping-and-payment\/#breadcrumb"},"inLanguage":"sl-SI","potentialAction":[{"@type":"ReadAction","target":["https:\/\/kamagra-official.to\/shipping-and-payment\/"]}]},{"@type":"BreadcrumbList","@id":"https:\/\/kamagra-official.to\/shipping-and-payment\/#breadcrumb","itemListElement":[{"@type":"ListItem","position":1,"name":"Home","item":"https:\/\/kamagra-official.to\/sl\/domov\/"},{"@type":"ListItem","position":2,"name":"Prevoz in pla\u010dilo"}]},{"@type":"WebSite","@id":"https:\/\/kamagra-official.to\/#website","url":"https:\/\/kamagra-official.to\/","name":"kamagra-official.to","description":"Revitalize Your Sexual Energy Across Europe","publisher":{"@id":"https:\/\/kamagra-official.to\/#organization"},"potentialAction":[{"@type":"SearchAction","target":{"@type":"EntryPoint","urlTemplate":"https:\/\/kamagra-official.to\/?s={search_term_string}"},"query-input":{"@type":"PropertyValueSpecification","valueRequired":true,"valueName":"search_term_string"}}],"inLanguage":"sl-SI"},{"@type":"Organization","@id":"https:\/\/kamagra-official.to\/#organization","name":"kamagra-official.to","url":"https:\/\/kamagra-official.to\/","logo":{"@type":"ImageObject","inLanguage":"sl-SI","@id":"https:\/\/kamagra-official.to\/#\/schema\/logo\/image\/","url":"https:\/\/kamagra-official.to\/wp-content\/uploads\/2025\/02\/KAMAGRA-Photoroom-1.png","contentUrl":"https:\/\/kamagra-official.to\/wp-content\/uploads\/2025\/02\/KAMAGRA-Photoroom-1.png","width":150,"height":153,"caption":"kamagra-official.to"},"image":{"@id":"https:\/\/kamagra-official.to\/#\/schema\/logo\/image\/"}}]}},"_links":{"self":[{"href":"https:\/\/kamagra-official.to\/sl\/wp-json\/wp\/v2\/pages\/17754","targetHints":{"allow":["GET"]}}],"collection":[{"href":"https:\/\/kamagra-official.to\/sl\/wp-json\/wp\/v2\/pages"}],"about":[{"href":"https:\/\/kamagra-official.to\/sl\/wp-json\/wp\/v2\/types\/page"}],"author":[{"embeddable":true,"href":"https:\/\/kamagra-official.to\/sl\/wp-json\/wp\/v2\/users\/1"}],"replies":[{"embeddable":true,"href":"https:\/\/kamagra-official.to\/sl\/wp-json\/wp\/v2\/comments?post=17754"}],"version-history":[{"count":3,"href":"https:\/\/kamagra-official.to\/sl\/wp-json\/wp\/v2\/pages\/17754\/revisions"}],"predecessor-version":[{"id":18448,"href":"https:\/\/kamagra-official.to\/sl\/wp-json\/wp\/v2\/pages\/17754\/revisions\/18448"}],"wp:attachment":[{"href":"https:\/\/kamagra-official.to\/sl\/wp-json\/wp\/v2\/media?parent=17754"}],"curies":[{"name":"wp","href":"https:\/\/api.w.org\/{rel}","templated":true}]}}