{"id":24801,"date":"2024-12-15T23:50:14","date_gmt":"2024-12-15T23:50:14","guid":{"rendered":"https:\/\/kamagra-official.to\/product\/kamagra-oral-jelly-100mg\/"},"modified":"2025-10-02T19:24:25","modified_gmt":"2025-10-02T19:24:25","slug":"kamagra-oral-jelly-100mg","status":"publish","type":"product","link":"https:\/\/kamagra-official.to\/sk\/product\/kamagra-oral-jelly-100mg\/","title":{"rendered":"Kamagra Oral Jelly 100mg"},"content":{"rendered":"<p><strong>Kamagra Oral Jelly \u2013 Vynikaj\u00faca a r\u00fdchlo \u00fa\u010dinkuj\u00faca podpora pre nezabudnute\u013en\u00fa intimitu!<\/strong><br \/>\nKamagra Oral Jelly 100mg je ur\u010den\u00e1 na lie\u010dbu poruchy erekcie a zlep\u0161enie sexu\u00e1lneho v\u00fdkonu. Tento produkt sa dod\u00e1va vo forme \u013eahko pou\u017eite\u013en\u00e9ho g\u00e9lu, ktor\u00fd sa rozp\u00fa\u0161\u0165a v \u00fastach pre r\u00fdchle vstreb\u00e1vanie. Ka\u017ed\u00e1 krabi\u010dka obsahuje g\u00e9lov\u00e9 s\u00e1\u010dky s ovocnou pr\u00edchu\u0165ou, pri\u010dom ka\u017ed\u00fd s\u00e1\u010dok obsahuje 100 mg sildenafilu \u2013 tej istej d\u00f4veryhodnej zlo\u017eky, ktor\u00e1 sa nach\u00e1dza vo Viagre.<\/p>\n<p>Sildenafil je klinicky overen\u00e1 l\u00e1tka, ktor\u00e1 zvy\u0161uje prietok krvi do penisu, \u010do umo\u017e\u0148uje dosiahnutie a udr\u017eanie silnej erekcie pri sexu\u00e1lnej stimul\u00e1cii. \u00da\u010dinky trvaj\u00fa nieko\u013eko hod\u00edn. V ka\u017edej krabi\u010dke n\u00e1jdete 7 s\u00e1\u010dkov s r\u00f4znymi ovocn\u00fdmi pr\u00edchu\u0165ami. Urobte prv\u00fd krok smerom k pln\u0161iemu sexu\u00e1lnemu \u017eivotu \u2013 vysk\u00fa\u0161ajte Kamagra Oral Jelly u\u017e dnes!<\/p>\n<hr \/>\n<h3><strong>V\u00fdhody Kamagra Oral Jelly<\/strong><\/h3>\n<p><strong>R\u00fdchly n\u00e1stup \u00fa\u010dinku:<\/strong> Forma g\u00e9lu umo\u017e\u0148uje r\u00fdchle vstreb\u00e1vanie, tak\u017ee \u00fa\u010dinok c\u00edti\u0165 ove\u013ea sk\u00f4r ako pri be\u017en\u00fdch tablet\u00e1ch.<br \/>\n<strong>\u013dahk\u00e1 administr\u00e1cia:<\/strong> Jednoducho vytla\u010dte g\u00e9l do \u00fast a nechajte ho rozpusti\u0165 \u2013 je to ove\u013ea pr\u00edjemnej\u0161ie ako preh\u013atanie oby\u010dajn\u00fdch piluliek a nie je potrebn\u00e1 voda.<br \/>\n<strong>Mo\u017enosti ovocn\u00fdch pr\u00edchut\u00ed:<\/strong> Chutn\u00e9 pr\u00edchute maskuj\u00fa prirodzen\u00fa chu\u0165 sildenafilu.<br \/>\n<strong>Minim\u00e1lne ved\u013eaj\u0161ie \u00fa\u010dinky:<\/strong> Pri spr\u00e1vnom pou\u017e\u00edvan\u00ed je Kamagra Oral Jelly bezpe\u010dn\u00e1 a vo v\u0161eobecnosti dobre tolerovan\u00e1.<\/p>\n<hr \/>\n<h3><strong>Odpor\u00fa\u010dan\u00e9 d\u00e1vkovanie<\/strong><\/h3>\n<p>Ide\u00e1lna d\u00e1vka je polovica s\u00e1\u010dka Kamagra Oral Jelly 15\u201330 min\u00fat pred sexu\u00e1lnou aktivitou. Vytla\u010dte g\u00e9l do svojich \u00fast a nechajte ho r\u00fdchlo rozpusti\u0165. Ak je \u00fa\u010dinok nedostato\u010dn\u00fd, m\u00f4\u017ee sa pou\u017ei\u0165 zost\u00e1vaj\u00faca polovica. Nikdy neu\u017e\u00edvajte viac ako jeden s\u00e1\u010dok za de\u0148.<\/p>\n<hr \/>\n<h3><strong>N\u00e1stup \u00fa\u010dinku<\/strong><\/h3>\n<p>\u00da\u010dinky sa zvy\u010dajne dostavia do 15\u201330 min\u00fat a trvaj\u00fa a\u017e 4 hodiny. Pam\u00e4tajte, \u017ee je potrebn\u00e1 sexu\u00e1lna stimul\u00e1cia, preto\u017ee Kamagra Oral Jelly nie je afrodiziakum. Vyh\u013eadajte lek\u00e1rsku pomoc, ak erekcia trv\u00e1 dlh\u0161ie ako 4 hodiny.<\/p>\n<hr \/>\n<h3><strong>Interakcie s alkoholom a jedlom<\/strong><\/h3>\n<p>Nie je odpor\u00fa\u010dan\u00e9 pi\u0165 alkohol, preto\u017ee m\u00f4\u017ee v\u00fdrazne zn\u00ed\u017ei\u0165 \u00fa\u010dinnos\u0165. Rovnako \u0165a\u017ek\u00e9 alebo mastn\u00e9 jedl\u00e1 m\u00f4\u017eu odklada\u0165, kedy \u00fa\u010dinky za\u010dn\u00fa.<\/p>\n<hr \/>\n<h3><strong>Interakcie s liekmi<\/strong><\/h3>\n<p>Ak u\u017e\u00edvate in\u00e9 lieky, pora\u010fte sa so svoj\u00edm lek\u00e1rom pred pou\u017eit\u00edm Kamagra Oral Jelly, najm\u00e4 lieky ako <strong>Cimetid\u00edn, Ketokonazol alebo Erytromyc\u00edn<\/strong>. Niektor\u00e9 lieky m\u00f4\u017eu zn\u00ed\u017ei\u0165 \u00fa\u010dinnos\u0165 alebo sp\u00f4sobi\u0165 nepriazniv\u00e9 \u00fa\u010dinky.<\/p>\n<hr \/>\n<h3><strong>Mo\u017en\u00e9 ved\u013eaj\u0161ie \u00fa\u010dinky<\/strong><\/h3>\n<p>Ved\u013eaj\u0161ie \u00fa\u010dinky s\u00fa vo v\u0161eobecnosti mierne a prechodn\u00e9. Najbe\u017enej\u0161ie:<\/p>\n<ul>\n<li>Za\u010dervenanie tv\u00e1re<\/li>\n<li>Bolesti hlavy<\/li>\n<\/ul>\n<p>Menej \u010dast\u00e9 pr\u00edznaky m\u00f4\u017eu zah\u0155\u0148a\u0165:<\/p>\n<ul>\n<li>Z\u00e1vraty<\/li>\n<li>Rozmazan\u00e9 videnie<\/li>\n<li>Svalov\u00e9 bolesti<\/li>\n<li>Nevo\u013enos\u0165<\/li>\n<li>Ko\u017en\u00e1 vyr\u00e1\u017eka<\/li>\n<li>Nosov\u00e1 kongescia<\/li>\n<\/ul>\n<p>Ak sa vyskytn\u00fa z\u00e1va\u017en\u00e9 alebo pretrv\u00e1vaj\u00face ved\u013eaj\u0161ie \u00fa\u010dinky, kontaktujte svojho lek\u00e1ra.<\/p>\n<hr \/>\n<h3><strong>Kedy nepou\u017e\u00edva\u0165 Kamagra Oral Jelly?<\/strong><\/h3>\n<p>Nepou\u017e\u00edvajte, ak:<\/p>\n<ul>\n<li>U\u017e\u00edvate nitr\u00e1ty (na boles\u0165 na hrudn\u00edku alebo ang\u00ednu pectoris)<\/li>\n<li>Ste mali infarkt alebo m\u0155tvicu v posledn\u00fdch 3 mesiacoch<\/li>\n<li>M\u00e1te probl\u00e9my s krvn\u00fdm tlakom alebo zr\u00e1\u017eanlivos\u0165ou krvi<\/li>\n<li>Ste alergick\u00fd na sildenafil<\/li>\n<\/ul>\n<hr \/>\n<h3><strong>Skladovanie<\/strong><\/h3>\n<p>Uchov\u00e1vajte Kamagra Oral Jelly v p\u00f4vodnom obale, mimo dosahu det\u00ed. Skladujte pri teplote <strong>10\u201330\u00b0C<\/strong> na suchom mieste, chr\u00e1nenom pred priamym slne\u010dn\u00fdm svetlom.<\/p>\n","protected":false},"excerpt":{"rendered":"<p><strong>100 mg Sildenafilu<\/strong><\/p>\n<p>Tento bal\u00ed\u010dek obsahuje 7 g\u00e9l s\u00e1\u010dkov, ka\u017ed\u00fd s 100 mg sildenafilu. Pohodln\u00e1 a chutn\u00e1 g\u00e9l forma umo\u017e\u0148uje r\u00fdchle vstreb\u00e1vanie a \u013eahk\u00e9 pou\u017eitie &#8211; jednoducho vytla\u010dte s\u00e1\u010dok do \u00fast pre r\u00fdchlu a diskr\u00e9tnu pomoc pri erektilnej dysfunkcii. Perfektn\u00e9 pre mu\u017eov, ktor\u00ed chc\u00fa efekt\u00edvne a spo\u013eahliv\u00e9 v\u00fdsledky s pr\u00edjemnou chu\u0165ou.<\/p>\n","protected":false},"featured_media":23762,"template":"","meta":[],"product_brand":[],"product_cat":[183,184,185,223,187,189,188,190,186],"product_tag":[],"class_list":{"0":"post-24801","1":"product","2":"type-product","3":"status-publish","4":"has-post-thumbnail","6":"product_cat-genericka-levitra-sk","7":"product_cat-genericka-viagra-sk","8":"product_cat-genericky-cialis-sk","9":"product_cat-kamagra-sk","10":"product_cat-oneskorenie-ejakulacie","11":"product_cat-podpora-erekcie","12":"product_cat-tablety-kamagra-sk","13":"product_cat-viagra-bez-predpisu","14":"product_cat-viagra-pre-zeny-vieme-vsetko-o-tomto-zazracnom-ruzovom-prasku-pre-zeny","16":"first","17":"instock","18":"shipping-taxable","19":"purchasable","20":"product-type-simple"},"yoast_head":"<!-- This site is optimized with the Yoast SEO plugin v27.5 - https:\/\/yoast.com\/product\/yoast-seo-wordpress\/ -->\n<title>Kamagra Oral Jelly 100mg - kamagra-official.to<\/title>\n<meta name=\"robots\" content=\"index, follow, max-snippet:-1, max-image-preview:large, max-video-preview:-1\" \/>\n<link rel=\"canonical\" href=\"https:\/\/kamagra-official.to\/sk\/product\/kamagra-oral-jelly-100mg\/\" \/>\n<meta property=\"og:locale\" content=\"sk_SK\" \/>\n<meta property=\"og:type\" content=\"article\" \/>\n<meta property=\"og:title\" content=\"Kamagra Oral Jelly 100mg - kamagra-official.to\" \/>\n<meta property=\"og:description\" content=\"100 mg Sildenafilu Tento bal\u00ed\u010dek obsahuje 7 g\u00e9l s\u00e1\u010dkov, ka\u017ed\u00fd s 100 mg sildenafilu. Pohodln\u00e1 a chutn\u00e1 g\u00e9l forma umo\u017e\u0148uje r\u00fdchle vstreb\u00e1vanie a \u013eahk\u00e9 pou\u017eitie - jednoducho vytla\u010dte s\u00e1\u010dok do \u00fast pre r\u00fdchlu a diskr\u00e9tnu pomoc pri erektilnej dysfunkcii. Perfektn\u00e9 pre mu\u017eov, ktor\u00ed chc\u00fa efekt\u00edvne a spo\u013eahliv\u00e9 v\u00fdsledky s pr\u00edjemnou chu\u0165ou.\" \/>\n<meta property=\"og:url\" content=\"https:\/\/kamagra-official.to\/sk\/product\/kamagra-oral-jelly-100mg\/\" \/>\n<meta property=\"og:site_name\" content=\"kamagra-official.to\" \/>\n<meta property=\"article:modified_time\" content=\"2025-10-02T19:24:25+00:00\" \/>\n<meta property=\"og:image\" content=\"https:\/\/kamagra-official.to\/wp-content\/uploads\/2025\/09\/kamagra-oral-jelly-768x768-1.jpg\" \/>\n\t<meta property=\"og:image:width\" content=\"768\" \/>\n\t<meta property=\"og:image:height\" content=\"768\" \/>\n\t<meta property=\"og:image:type\" content=\"image\/jpeg\" \/>\n<meta name=\"twitter:card\" content=\"summary_large_image\" \/>\n<meta name=\"twitter:label1\" content=\"Predpokladan\u00fd \u010das \u010d\u00edtania\" \/>\n\t<meta name=\"twitter:data1\" content=\"3 min\u00faty\" \/>\n<script type=\"application\/ld+json\" class=\"yoast-schema-graph\">{\"@context\":\"https:\\\/\\\/schema.org\",\"@graph\":[{\"@type\":\"WebPage\",\"@id\":\"https:\\\/\\\/kamagra-official.to\\\/sk\\\/product\\\/kamagra-oral-jelly-100mg\\\/\",\"url\":\"https:\\\/\\\/kamagra-official.to\\\/sk\\\/product\\\/kamagra-oral-jelly-100mg\\\/\",\"name\":\"Kamagra Oral Jelly 100mg - kamagra-official.to\",\"isPartOf\":{\"@id\":\"https:\\\/\\\/kamagra-official.to\\\/#website\"},\"primaryImageOfPage\":{\"@id\":\"https:\\\/\\\/kamagra-official.to\\\/sk\\\/product\\\/kamagra-oral-jelly-100mg\\\/#primaryimage\"},\"image\":{\"@id\":\"https:\\\/\\\/kamagra-official.to\\\/sk\\\/product\\\/kamagra-oral-jelly-100mg\\\/#primaryimage\"},\"thumbnailUrl\":\"https:\\\/\\\/kamagra-official.to\\\/wp-content\\\/uploads\\\/2025\\\/09\\\/kamagra-oral-jelly-768x768-1.jpg\",\"datePublished\":\"2024-12-15T23:50:14+00:00\",\"dateModified\":\"2025-10-02T19:24:25+00:00\",\"breadcrumb\":{\"@id\":\"https:\\\/\\\/kamagra-official.to\\\/sk\\\/product\\\/kamagra-oral-jelly-100mg\\\/#breadcrumb\"},\"inLanguage\":\"sk-SK\",\"potentialAction\":[{\"@type\":\"ReadAction\",\"target\":[\"https:\\\/\\\/kamagra-official.to\\\/sk\\\/product\\\/kamagra-oral-jelly-100mg\\\/\"]}]},{\"@type\":\"ImageObject\",\"inLanguage\":\"sk-SK\",\"@id\":\"https:\\\/\\\/kamagra-official.to\\\/sk\\\/product\\\/kamagra-oral-jelly-100mg\\\/#primaryimage\",\"url\":\"https:\\\/\\\/kamagra-official.to\\\/wp-content\\\/uploads\\\/2025\\\/09\\\/kamagra-oral-jelly-768x768-1.jpg\",\"contentUrl\":\"https:\\\/\\\/kamagra-official.to\\\/wp-content\\\/uploads\\\/2025\\\/09\\\/kamagra-oral-jelly-768x768-1.jpg\",\"width\":768,\"height\":768},{\"@type\":\"BreadcrumbList\",\"@id\":\"https:\\\/\\\/kamagra-official.to\\\/sk\\\/product\\\/kamagra-oral-jelly-100mg\\\/#breadcrumb\",\"itemListElement\":[{\"@type\":\"ListItem\",\"position\":1,\"name\":\"Home\",\"item\":\"https:\\\/\\\/kamagra-official.to\\\/nl\\\/\"},{\"@type\":\"ListItem\",\"position\":2,\"name\":\"Shop\",\"item\":\"https:\\\/\\\/kamagra-official.to\\\/shop\\\/\"},{\"@type\":\"ListItem\",\"position\":3,\"name\":\"Kamagra Oral Jelly 100mg\"}]},{\"@type\":\"WebSite\",\"@id\":\"https:\\\/\\\/kamagra-official.to\\\/#website\",\"url\":\"https:\\\/\\\/kamagra-official.to\\\/\",\"name\":\"kamagra-official.to\",\"description\":\"Revitalize Your Sexual Energy Across Europe\",\"publisher\":{\"@id\":\"https:\\\/\\\/kamagra-official.to\\\/#organization\"},\"potentialAction\":[{\"@type\":\"SearchAction\",\"target\":{\"@type\":\"EntryPoint\",\"urlTemplate\":\"https:\\\/\\\/kamagra-official.to\\\/?s={search_term_string}\"},\"query-input\":{\"@type\":\"PropertyValueSpecification\",\"valueRequired\":true,\"valueName\":\"search_term_string\"}}],\"inLanguage\":\"sk-SK\"},{\"@type\":\"Organization\",\"@id\":\"https:\\\/\\\/kamagra-official.to\\\/#organization\",\"name\":\"kamagra-official.to\",\"url\":\"https:\\\/\\\/kamagra-official.to\\\/\",\"logo\":{\"@type\":\"ImageObject\",\"inLanguage\":\"sk-SK\",\"@id\":\"https:\\\/\\\/kamagra-official.to\\\/#\\\/schema\\\/logo\\\/image\\\/\",\"url\":\"https:\\\/\\\/kamagra-official.to\\\/wp-content\\\/uploads\\\/2025\\\/02\\\/KAMAGRA-Photoroom-1.png\",\"contentUrl\":\"https:\\\/\\\/kamagra-official.to\\\/wp-content\\\/uploads\\\/2025\\\/02\\\/KAMAGRA-Photoroom-1.png\",\"width\":150,\"height\":153,\"caption\":\"kamagra-official.to\"},\"image\":{\"@id\":\"https:\\\/\\\/kamagra-official.to\\\/#\\\/schema\\\/logo\\\/image\\\/\"}}]}<\/script>\n<!-- \/ Yoast SEO plugin. -->","yoast_head_json":{"title":"Kamagra Oral Jelly 100mg - kamagra-official.to","robots":{"index":"index","follow":"follow","max-snippet":"max-snippet:-1","max-image-preview":"max-image-preview:large","max-video-preview":"max-video-preview:-1"},"canonical":"https:\/\/kamagra-official.to\/sk\/product\/kamagra-oral-jelly-100mg\/","og_locale":"sk_SK","og_type":"article","og_title":"Kamagra Oral Jelly 100mg - kamagra-official.to","og_description":"100 mg Sildenafilu Tento bal\u00ed\u010dek obsahuje 7 g\u00e9l s\u00e1\u010dkov, ka\u017ed\u00fd s 100 mg sildenafilu. Pohodln\u00e1 a chutn\u00e1 g\u00e9l forma umo\u017e\u0148uje r\u00fdchle vstreb\u00e1vanie a \u013eahk\u00e9 pou\u017eitie - jednoducho vytla\u010dte s\u00e1\u010dok do \u00fast pre r\u00fdchlu a diskr\u00e9tnu pomoc pri erektilnej dysfunkcii. Perfektn\u00e9 pre mu\u017eov, ktor\u00ed chc\u00fa efekt\u00edvne a spo\u013eahliv\u00e9 v\u00fdsledky s pr\u00edjemnou chu\u0165ou.","og_url":"https:\/\/kamagra-official.to\/sk\/product\/kamagra-oral-jelly-100mg\/","og_site_name":"kamagra-official.to","article_modified_time":"2025-10-02T19:24:25+00:00","og_image":[{"width":768,"height":768,"url":"https:\/\/kamagra-official.to\/wp-content\/uploads\/2025\/09\/kamagra-oral-jelly-768x768-1.jpg","type":"image\/jpeg"}],"twitter_card":"summary_large_image","twitter_misc":{"Predpokladan\u00fd \u010das \u010d\u00edtania":"3 min\u00faty"},"schema":{"@context":"https:\/\/schema.org","@graph":[{"@type":"WebPage","@id":"https:\/\/kamagra-official.to\/sk\/product\/kamagra-oral-jelly-100mg\/","url":"https:\/\/kamagra-official.to\/sk\/product\/kamagra-oral-jelly-100mg\/","name":"Kamagra Oral Jelly 100mg - kamagra-official.to","isPartOf":{"@id":"https:\/\/kamagra-official.to\/#website"},"primaryImageOfPage":{"@id":"https:\/\/kamagra-official.to\/sk\/product\/kamagra-oral-jelly-100mg\/#primaryimage"},"image":{"@id":"https:\/\/kamagra-official.to\/sk\/product\/kamagra-oral-jelly-100mg\/#primaryimage"},"thumbnailUrl":"https:\/\/kamagra-official.to\/wp-content\/uploads\/2025\/09\/kamagra-oral-jelly-768x768-1.jpg","datePublished":"2024-12-15T23:50:14+00:00","dateModified":"2025-10-02T19:24:25+00:00","breadcrumb":{"@id":"https:\/\/kamagra-official.to\/sk\/product\/kamagra-oral-jelly-100mg\/#breadcrumb"},"inLanguage":"sk-SK","potentialAction":[{"@type":"ReadAction","target":["https:\/\/kamagra-official.to\/sk\/product\/kamagra-oral-jelly-100mg\/"]}]},{"@type":"ImageObject","inLanguage":"sk-SK","@id":"https:\/\/kamagra-official.to\/sk\/product\/kamagra-oral-jelly-100mg\/#primaryimage","url":"https:\/\/kamagra-official.to\/wp-content\/uploads\/2025\/09\/kamagra-oral-jelly-768x768-1.jpg","contentUrl":"https:\/\/kamagra-official.to\/wp-content\/uploads\/2025\/09\/kamagra-oral-jelly-768x768-1.jpg","width":768,"height":768},{"@type":"BreadcrumbList","@id":"https:\/\/kamagra-official.to\/sk\/product\/kamagra-oral-jelly-100mg\/#breadcrumb","itemListElement":[{"@type":"ListItem","position":1,"name":"Home","item":"https:\/\/kamagra-official.to\/nl\/"},{"@type":"ListItem","position":2,"name":"Shop","item":"https:\/\/kamagra-official.to\/shop\/"},{"@type":"ListItem","position":3,"name":"Kamagra Oral Jelly 100mg"}]},{"@type":"WebSite","@id":"https:\/\/kamagra-official.to\/#website","url":"https:\/\/kamagra-official.to\/","name":"kamagra-official.to","description":"Revitalize Your Sexual Energy Across Europe","publisher":{"@id":"https:\/\/kamagra-official.to\/#organization"},"potentialAction":[{"@type":"SearchAction","target":{"@type":"EntryPoint","urlTemplate":"https:\/\/kamagra-official.to\/?s={search_term_string}"},"query-input":{"@type":"PropertyValueSpecification","valueRequired":true,"valueName":"search_term_string"}}],"inLanguage":"sk-SK"},{"@type":"Organization","@id":"https:\/\/kamagra-official.to\/#organization","name":"kamagra-official.to","url":"https:\/\/kamagra-official.to\/","logo":{"@type":"ImageObject","inLanguage":"sk-SK","@id":"https:\/\/kamagra-official.to\/#\/schema\/logo\/image\/","url":"https:\/\/kamagra-official.to\/wp-content\/uploads\/2025\/02\/KAMAGRA-Photoroom-1.png","contentUrl":"https:\/\/kamagra-official.to\/wp-content\/uploads\/2025\/02\/KAMAGRA-Photoroom-1.png","width":150,"height":153,"caption":"kamagra-official.to"},"image":{"@id":"https:\/\/kamagra-official.to\/#\/schema\/logo\/image\/"}}]}},"_links":{"self":[{"href":"https:\/\/kamagra-official.to\/sk\/wp-json\/wp\/v2\/product\/24801","targetHints":{"allow":["GET"]}}],"collection":[{"href":"https:\/\/kamagra-official.to\/sk\/wp-json\/wp\/v2\/product"}],"about":[{"href":"https:\/\/kamagra-official.to\/sk\/wp-json\/wp\/v2\/types\/product"}],"wp:featuredmedia":[{"embeddable":true,"href":"https:\/\/kamagra-official.to\/sk\/wp-json\/wp\/v2\/media\/23762"}],"wp:attachment":[{"href":"https:\/\/kamagra-official.to\/sk\/wp-json\/wp\/v2\/media?parent=24801"}],"wp:term":[{"taxonomy":"product_brand","embeddable":true,"href":"https:\/\/kamagra-official.to\/sk\/wp-json\/wp\/v2\/product_brand?post=24801"},{"taxonomy":"product_cat","embeddable":true,"href":"https:\/\/kamagra-official.to\/sk\/wp-json\/wp\/v2\/product_cat?post=24801"},{"taxonomy":"product_tag","embeddable":true,"href":"https:\/\/kamagra-official.to\/sk\/wp-json\/wp\/v2\/product_tag?post=24801"}],"curies":[{"name":"wp","href":"https:\/\/api.w.org\/{rel}","templated":true}]}}