{"id":24771,"date":"2024-12-16T01:10:06","date_gmt":"2024-12-16T01:10:06","guid":{"rendered":"https:\/\/kamagra-official.to\/product\/cenforce-200mg\/"},"modified":"2025-10-02T19:23:57","modified_gmt":"2025-10-02T19:23:57","slug":"cenforce-200mg","status":"publish","type":"product","link":"https:\/\/kamagra-official.to\/sk\/product\/cenforce-200mg\/","title":{"rendered":"Cenforce 200mg"},"content":{"rendered":"<h3><strong>Cenforce 200mg \u2013 pre ultim\u00e1tne a zauj\u00edmav\u00e9 z\u00e1\u017eitky s erekciou<\/strong><\/h3>\n<p>Cenforce 200mg je siln\u00e9 lie\u010divo vytvoren\u00e9 pre mu\u017eov, ktor\u00ed trpia erektilnou dysfunkciou a potrebuj\u00fa maxim\u00e1lnu \u00fa\u010dinnos\u0165. Ako najsilnej\u0161ia generick\u00e1 verzia Viagry dostupn\u00e1, Cenforce 200mg poskytuje siln\u00fa d\u00e1vku 200mg sildenafilu citr\u00e1tu &#8211; dvojn\u00e1sobn\u00fa silu oproti \u0161tandardnej Kamagre. Sildenafil funguje zv\u00e4\u010d\u0161en\u00edm krvn\u00e9ho obehu v penise, \u010do vedie k pevnej a trvalej erekcii.<\/p>\n<h3>Hlavn\u00e9 v\u00fdhody<\/h3>\n<ul>\n<li><strong>Spo\u013eahliv\u00e9 \u00fa\u010dinky:<\/strong> Sildenafil je overen\u00e9 a d\u00f4veryhodn\u00e9 rie\u0161enie pre lie\u010dbu erektiln\u00fdch \u0165a\u017ekost\u00ed.<\/li>\n<li><strong>Dlhotrvaj\u00face \u00fa\u010dinky:<\/strong> Vychutnajte si v\u00fdhody na priebeh <strong>4-6 hod\u00edn<\/strong>, \u010do umo\u017en\u00ed pred\u013a\u017een\u00fd a naplnen\u00fd int\u00edmny z\u00e1\u017eitok.<\/li>\n<li><strong>Siln\u00e9 erekcie:<\/strong> Zlep\u0161en\u00fd prietok krvi vedie k pevnej\u0161\u00edm, stabilnej\u0161\u00edm erekci\u00e1m a vylep\u0161en\u00fdm v\u00fdkonom.<\/li>\n<li><strong>Obnoven\u00e1 sebad\u00f4vera:<\/strong> Cenforce 200mg pom\u00e1ha obnovi\u0165 sebavedomie po\u010das sexu\u00e1lnych aktiv\u00edt.<\/li>\n<\/ul>\n<h3>Odpor\u00fa\u010dan\u00e9 d\u00e1vkovanie<\/h3>\n<p>Za\u010dnite s <strong>polovicou tabletky (100mg)<\/strong>. Ak je to potrebn\u00e9, zv\u00fd\u0161te na cel\u00fa tabletu (<strong>200mg<\/strong>). Nikdy neu\u017e\u00edvajte viac ako jednu tabletu v 24-hodinovom obdob\u00ed. Tabletka sa prehlt\u00e1 s dostato\u010dn\u00fdm mno\u017estvom vody.<\/p>\n<h3>Ako to funguje<\/h3>\n<p>\u00da\u010dinky sa za\u010d\u00ednaj\u00fa cca <strong>30-60 min\u00fat<\/strong> po u\u017eit\u00ed Cenforce 200mg a obvykle trvaj\u00fa asi <strong>5 hod\u00edn<\/strong>. \u0164a\u017e\u0161ie alebo tu\u010dn\u00e9 jedlo m\u00f4\u017ee ome\u0161ka\u0165 n\u00e1stup \u00fa\u010dinku. Nie je to afrodiziakum; pre optim\u00e1lny efekt je d\u00f4le\u017eit\u00e9 sexu\u00e1lne vzru\u0161enie.<\/p>\n<h3>Cenforce 200mg a alkohol<\/h3>\n<p>Zdr\u017ete sa u\u017e\u00edvania Cenforce 200mg s alkoholom, preto\u017ee to m\u00f4\u017ee v\u00fdrazne zni\u017eova\u0165 jeho \u00fa\u010dinnos\u0165. Rovnako sa vyhnite tu\u010dn\u00fdm jedl\u00e1m, ktor\u00e9 m\u00f4\u017eu tie\u017e oslabi\u0165 po\u017eadovan\u00e9 v\u00fdsledky.<\/p>\n<h3>Interakcie s in\u00fdmi liekmi<\/h3>\n<p>Pred pou\u017eit\u00edm Cenforce 200mg v kombin\u00e1cii s in\u00fdmi liekmi sa pora\u010fte s lek\u00e1rom, najm\u00e4 pri:<\/p>\n<ul>\n<li><strong>Cimetid\u00edne<\/strong><\/li>\n<li><strong>Ketoconazole<\/strong><\/li>\n<li><strong>Erythromycin<\/strong><\/li>\n<\/ul>\n<p>Ur\u010dit\u00e9 kombin\u00e1cie liekov m\u00f4\u017eu zn\u00ed\u017ei\u0165 \u00fa\u010dinnos\u0165 alebo zv\u00fd\u0161i\u0165 riziko ved\u013eaj\u0161\u00edch \u00fa\u010dinkov.<\/p>\n<h3>Mo\u017en\u00e9 ved\u013eaj\u0161ie \u00fa\u010dinky<\/h3>\n<p>Ak sa pou\u017e\u00edvaj\u00fa spr\u00e1vne, ved\u013eaj\u0161ie \u00fa\u010dinky Cenforce 200mg s\u00fa oby\u010dajne mierne a do\u010dasn\u00e9.<\/p>\n<p><strong>Be\u017en\u00e9 ved\u013eaj\u0161ie \u00fa\u010dinky:<\/strong><\/p>\n<ul>\n<li>Za\u010dervenanie tv\u00e1re<\/li>\n<li>Boles\u0165 hlavy<\/li>\n<\/ul>\n<p><strong>Menej be\u017en\u00e9 ved\u013eaj\u0161ie \u00fa\u010dinky:<\/strong><\/p>\n<ul>\n<li>Z\u00e1vrat<\/li>\n<li>Rozmazan\u00e9 videnie<\/li>\n<li>Svalov\u00e9 bolesti<\/li>\n<li>Nevo\u013enos\u0165<\/li>\n<li>Nosov\u00e1 kongescia<\/li>\n<li>Vyr\u00e1\u017eka<\/li>\n<\/ul>\n<p>V pr\u00edpade v\u00fdznamn\u00fdch alebo nepr\u00edjemn\u00fdch reakci\u00ed vyh\u013eadajte lek\u00e1rsku pomoc.<\/p>\n<h3>Kedy nepou\u017e\u00edva\u0165 Cenforce 200mg<\/h3>\n<p>Nepou\u017e\u00edvajte tento liek, ak:<\/p>\n<ul>\n<li>M\u00e1te predp\u00edsan\u00e9 <strong>lieky obsahuj\u00face nitr\u00e1ty<\/strong>(na boles\u0165 v hrudn\u00edku alebo ang\u00ednu).<\/li>\n<li>Ste mali <strong>infarkt<\/strong> alebo <strong>m\u0155tvicu<\/strong> v posledn\u00fdch 3-6 mesiacoch.<\/li>\n<li>Trp\u00edte <strong>vysok\u00fdm krvn\u00fdm tlakom<\/strong> alebo <strong>poruchami zr\u00e1\u017eania krvi<\/strong>.<\/li>\n<li>Ste alergick\u00ed na <strong>sildenafil<\/strong> alebo na ak\u00fako\u013evek zlo\u017eku tohto pr\u00edpravku.<\/li>\n<\/ul>\n<h3>Inform\u00e1cie o skladovan\u00ed<\/h3>\n<p>Uchov\u00e1vajte Cenforce 200mg v p\u00f4vodnom obale, mimo dosahu det\u00ed. Skladujte na suchom mieste pri teplote <strong>10-30\u00b0C<\/strong>, mimo priameho slne\u010dn\u00e9ho svetla.<\/p>\n","protected":false},"excerpt":{"rendered":"<p><strong>200 mg Sildenafil<\/strong><\/p>\n<p>Tento bal\u00edk obsahuje 10 tabletiek, z ktor\u00fdch ka\u017ed\u00e1 obsahuje siln\u00fa 200 mg d\u00e1vku sildenafiliu. Tieto tabletky s\u00fa navrhnut\u00e9 pre mu\u017eov s \u0165a\u017e\u0161\u00edmi erektiln\u00fdmi probl\u00e9mami a poskytuj\u00fa extra silu a spo\u013eahliv\u00e9 v\u00fdsledky, ke\u010f s\u00fa najviac potrebn\u00e9. 200 mg Sildenafil pon\u00faka pohodln\u00e9 balenie, r\u00fdchlu podporu a trval\u00fa istotu pre va\u0161e int\u00edmny \u017eivot.<\/p>\n","protected":false},"featured_media":23828,"template":"","meta":[],"product_brand":[],"product_cat":[184,189,188,190],"product_tag":[],"class_list":{"0":"post-24771","1":"product","2":"type-product","3":"status-publish","4":"has-post-thumbnail","6":"product_cat-genericka-viagra-sk","7":"product_cat-podpora-erekcie","8":"product_cat-tablety-kamagra-sk","9":"product_cat-viagra-bez-predpisu","11":"first","12":"instock","13":"shipping-taxable","14":"purchasable","15":"product-type-simple"},"yoast_head":"<!-- This site is optimized with the Yoast SEO plugin v27.5 - https:\/\/yoast.com\/product\/yoast-seo-wordpress\/ -->\n<title>Cenforce 200mg - kamagra-official.to<\/title>\n<meta name=\"robots\" content=\"index, follow, max-snippet:-1, max-image-preview:large, max-video-preview:-1\" \/>\n<link rel=\"canonical\" href=\"https:\/\/kamagra-official.to\/sk\/product\/cenforce-200mg\/\" \/>\n<meta property=\"og:locale\" content=\"sk_SK\" \/>\n<meta property=\"og:type\" content=\"article\" \/>\n<meta property=\"og:title\" content=\"Cenforce 200mg - kamagra-official.to\" \/>\n<meta property=\"og:description\" content=\"200 mg Sildenafil Tento bal\u00edk obsahuje 10 tabletiek, z ktor\u00fdch ka\u017ed\u00e1 obsahuje siln\u00fa 200 mg d\u00e1vku sildenafiliu. Tieto tabletky s\u00fa navrhnut\u00e9 pre mu\u017eov s \u0165a\u017e\u0161\u00edmi erektiln\u00fdmi probl\u00e9mami a poskytuj\u00fa extra silu a spo\u013eahliv\u00e9 v\u00fdsledky, ke\u010f s\u00fa najviac potrebn\u00e9. 200 mg Sildenafil pon\u00faka pohodln\u00e9 balenie, r\u00fdchlu podporu a trval\u00fa istotu pre va\u0161e int\u00edmny \u017eivot.\" \/>\n<meta property=\"og:url\" content=\"https:\/\/kamagra-official.to\/sk\/product\/cenforce-200mg\/\" \/>\n<meta property=\"og:site_name\" content=\"kamagra-official.to\" \/>\n<meta property=\"article:modified_time\" content=\"2025-10-02T19:23:57+00:00\" \/>\n<meta property=\"og:image\" content=\"https:\/\/kamagra-official.to\/wp-content\/uploads\/2025\/09\/cenforce-200-2-768x768-1.jpg\" \/>\n\t<meta property=\"og:image:width\" content=\"768\" \/>\n\t<meta property=\"og:image:height\" content=\"768\" \/>\n\t<meta property=\"og:image:type\" content=\"image\/jpeg\" \/>\n<meta name=\"twitter:card\" content=\"summary_large_image\" \/>\n<meta name=\"twitter:label1\" content=\"Predpokladan\u00fd \u010das \u010d\u00edtania\" \/>\n\t<meta name=\"twitter:data1\" content=\"2 min\u00faty\" \/>\n<script type=\"application\/ld+json\" class=\"yoast-schema-graph\">{\"@context\":\"https:\\\/\\\/schema.org\",\"@graph\":[{\"@type\":\"WebPage\",\"@id\":\"https:\\\/\\\/kamagra-official.to\\\/sk\\\/product\\\/cenforce-200mg\\\/\",\"url\":\"https:\\\/\\\/kamagra-official.to\\\/sk\\\/product\\\/cenforce-200mg\\\/\",\"name\":\"Cenforce 200mg - kamagra-official.to\",\"isPartOf\":{\"@id\":\"https:\\\/\\\/kamagra-official.to\\\/#website\"},\"primaryImageOfPage\":{\"@id\":\"https:\\\/\\\/kamagra-official.to\\\/sk\\\/product\\\/cenforce-200mg\\\/#primaryimage\"},\"image\":{\"@id\":\"https:\\\/\\\/kamagra-official.to\\\/sk\\\/product\\\/cenforce-200mg\\\/#primaryimage\"},\"thumbnailUrl\":\"https:\\\/\\\/kamagra-official.to\\\/wp-content\\\/uploads\\\/2025\\\/09\\\/cenforce-200-2-768x768-1.jpg\",\"datePublished\":\"2024-12-16T01:10:06+00:00\",\"dateModified\":\"2025-10-02T19:23:57+00:00\",\"breadcrumb\":{\"@id\":\"https:\\\/\\\/kamagra-official.to\\\/sk\\\/product\\\/cenforce-200mg\\\/#breadcrumb\"},\"inLanguage\":\"sk-SK\",\"potentialAction\":[{\"@type\":\"ReadAction\",\"target\":[\"https:\\\/\\\/kamagra-official.to\\\/sk\\\/product\\\/cenforce-200mg\\\/\"]}]},{\"@type\":\"ImageObject\",\"inLanguage\":\"sk-SK\",\"@id\":\"https:\\\/\\\/kamagra-official.to\\\/sk\\\/product\\\/cenforce-200mg\\\/#primaryimage\",\"url\":\"https:\\\/\\\/kamagra-official.to\\\/wp-content\\\/uploads\\\/2025\\\/09\\\/cenforce-200-2-768x768-1.jpg\",\"contentUrl\":\"https:\\\/\\\/kamagra-official.to\\\/wp-content\\\/uploads\\\/2025\\\/09\\\/cenforce-200-2-768x768-1.jpg\",\"width\":768,\"height\":768},{\"@type\":\"BreadcrumbList\",\"@id\":\"https:\\\/\\\/kamagra-official.to\\\/sk\\\/product\\\/cenforce-200mg\\\/#breadcrumb\",\"itemListElement\":[{\"@type\":\"ListItem\",\"position\":1,\"name\":\"Home\",\"item\":\"https:\\\/\\\/kamagra-official.to\\\/nl\\\/\"},{\"@type\":\"ListItem\",\"position\":2,\"name\":\"Shop\",\"item\":\"https:\\\/\\\/kamagra-official.to\\\/shop\\\/\"},{\"@type\":\"ListItem\",\"position\":3,\"name\":\"Cenforce 200mg\"}]},{\"@type\":\"WebSite\",\"@id\":\"https:\\\/\\\/kamagra-official.to\\\/#website\",\"url\":\"https:\\\/\\\/kamagra-official.to\\\/\",\"name\":\"kamagra-official.to\",\"description\":\"Revitalize Your Sexual Energy Across Europe\",\"publisher\":{\"@id\":\"https:\\\/\\\/kamagra-official.to\\\/#organization\"},\"potentialAction\":[{\"@type\":\"SearchAction\",\"target\":{\"@type\":\"EntryPoint\",\"urlTemplate\":\"https:\\\/\\\/kamagra-official.to\\\/?s={search_term_string}\"},\"query-input\":{\"@type\":\"PropertyValueSpecification\",\"valueRequired\":true,\"valueName\":\"search_term_string\"}}],\"inLanguage\":\"sk-SK\"},{\"@type\":\"Organization\",\"@id\":\"https:\\\/\\\/kamagra-official.to\\\/#organization\",\"name\":\"kamagra-official.to\",\"url\":\"https:\\\/\\\/kamagra-official.to\\\/\",\"logo\":{\"@type\":\"ImageObject\",\"inLanguage\":\"sk-SK\",\"@id\":\"https:\\\/\\\/kamagra-official.to\\\/#\\\/schema\\\/logo\\\/image\\\/\",\"url\":\"https:\\\/\\\/kamagra-official.to\\\/wp-content\\\/uploads\\\/2025\\\/02\\\/KAMAGRA-Photoroom-1.png\",\"contentUrl\":\"https:\\\/\\\/kamagra-official.to\\\/wp-content\\\/uploads\\\/2025\\\/02\\\/KAMAGRA-Photoroom-1.png\",\"width\":150,\"height\":153,\"caption\":\"kamagra-official.to\"},\"image\":{\"@id\":\"https:\\\/\\\/kamagra-official.to\\\/#\\\/schema\\\/logo\\\/image\\\/\"}}]}<\/script>\n<!-- \/ Yoast SEO plugin. -->","yoast_head_json":{"title":"Cenforce 200mg - kamagra-official.to","robots":{"index":"index","follow":"follow","max-snippet":"max-snippet:-1","max-image-preview":"max-image-preview:large","max-video-preview":"max-video-preview:-1"},"canonical":"https:\/\/kamagra-official.to\/sk\/product\/cenforce-200mg\/","og_locale":"sk_SK","og_type":"article","og_title":"Cenforce 200mg - kamagra-official.to","og_description":"200 mg Sildenafil Tento bal\u00edk obsahuje 10 tabletiek, z ktor\u00fdch ka\u017ed\u00e1 obsahuje siln\u00fa 200 mg d\u00e1vku sildenafiliu. Tieto tabletky s\u00fa navrhnut\u00e9 pre mu\u017eov s \u0165a\u017e\u0161\u00edmi erektiln\u00fdmi probl\u00e9mami a poskytuj\u00fa extra silu a spo\u013eahliv\u00e9 v\u00fdsledky, ke\u010f s\u00fa najviac potrebn\u00e9. 200 mg Sildenafil pon\u00faka pohodln\u00e9 balenie, r\u00fdchlu podporu a trval\u00fa istotu pre va\u0161e int\u00edmny \u017eivot.","og_url":"https:\/\/kamagra-official.to\/sk\/product\/cenforce-200mg\/","og_site_name":"kamagra-official.to","article_modified_time":"2025-10-02T19:23:57+00:00","og_image":[{"width":768,"height":768,"url":"https:\/\/kamagra-official.to\/wp-content\/uploads\/2025\/09\/cenforce-200-2-768x768-1.jpg","type":"image\/jpeg"}],"twitter_card":"summary_large_image","twitter_misc":{"Predpokladan\u00fd \u010das \u010d\u00edtania":"2 min\u00faty"},"schema":{"@context":"https:\/\/schema.org","@graph":[{"@type":"WebPage","@id":"https:\/\/kamagra-official.to\/sk\/product\/cenforce-200mg\/","url":"https:\/\/kamagra-official.to\/sk\/product\/cenforce-200mg\/","name":"Cenforce 200mg - kamagra-official.to","isPartOf":{"@id":"https:\/\/kamagra-official.to\/#website"},"primaryImageOfPage":{"@id":"https:\/\/kamagra-official.to\/sk\/product\/cenforce-200mg\/#primaryimage"},"image":{"@id":"https:\/\/kamagra-official.to\/sk\/product\/cenforce-200mg\/#primaryimage"},"thumbnailUrl":"https:\/\/kamagra-official.to\/wp-content\/uploads\/2025\/09\/cenforce-200-2-768x768-1.jpg","datePublished":"2024-12-16T01:10:06+00:00","dateModified":"2025-10-02T19:23:57+00:00","breadcrumb":{"@id":"https:\/\/kamagra-official.to\/sk\/product\/cenforce-200mg\/#breadcrumb"},"inLanguage":"sk-SK","potentialAction":[{"@type":"ReadAction","target":["https:\/\/kamagra-official.to\/sk\/product\/cenforce-200mg\/"]}]},{"@type":"ImageObject","inLanguage":"sk-SK","@id":"https:\/\/kamagra-official.to\/sk\/product\/cenforce-200mg\/#primaryimage","url":"https:\/\/kamagra-official.to\/wp-content\/uploads\/2025\/09\/cenforce-200-2-768x768-1.jpg","contentUrl":"https:\/\/kamagra-official.to\/wp-content\/uploads\/2025\/09\/cenforce-200-2-768x768-1.jpg","width":768,"height":768},{"@type":"BreadcrumbList","@id":"https:\/\/kamagra-official.to\/sk\/product\/cenforce-200mg\/#breadcrumb","itemListElement":[{"@type":"ListItem","position":1,"name":"Home","item":"https:\/\/kamagra-official.to\/nl\/"},{"@type":"ListItem","position":2,"name":"Shop","item":"https:\/\/kamagra-official.to\/shop\/"},{"@type":"ListItem","position":3,"name":"Cenforce 200mg"}]},{"@type":"WebSite","@id":"https:\/\/kamagra-official.to\/#website","url":"https:\/\/kamagra-official.to\/","name":"kamagra-official.to","description":"Revitalize Your Sexual Energy Across Europe","publisher":{"@id":"https:\/\/kamagra-official.to\/#organization"},"potentialAction":[{"@type":"SearchAction","target":{"@type":"EntryPoint","urlTemplate":"https:\/\/kamagra-official.to\/?s={search_term_string}"},"query-input":{"@type":"PropertyValueSpecification","valueRequired":true,"valueName":"search_term_string"}}],"inLanguage":"sk-SK"},{"@type":"Organization","@id":"https:\/\/kamagra-official.to\/#organization","name":"kamagra-official.to","url":"https:\/\/kamagra-official.to\/","logo":{"@type":"ImageObject","inLanguage":"sk-SK","@id":"https:\/\/kamagra-official.to\/#\/schema\/logo\/image\/","url":"https:\/\/kamagra-official.to\/wp-content\/uploads\/2025\/02\/KAMAGRA-Photoroom-1.png","contentUrl":"https:\/\/kamagra-official.to\/wp-content\/uploads\/2025\/02\/KAMAGRA-Photoroom-1.png","width":150,"height":153,"caption":"kamagra-official.to"},"image":{"@id":"https:\/\/kamagra-official.to\/#\/schema\/logo\/image\/"}}]}},"_links":{"self":[{"href":"https:\/\/kamagra-official.to\/sk\/wp-json\/wp\/v2\/product\/24771","targetHints":{"allow":["GET"]}}],"collection":[{"href":"https:\/\/kamagra-official.to\/sk\/wp-json\/wp\/v2\/product"}],"about":[{"href":"https:\/\/kamagra-official.to\/sk\/wp-json\/wp\/v2\/types\/product"}],"wp:featuredmedia":[{"embeddable":true,"href":"https:\/\/kamagra-official.to\/sk\/wp-json\/wp\/v2\/media\/23828"}],"wp:attachment":[{"href":"https:\/\/kamagra-official.to\/sk\/wp-json\/wp\/v2\/media?parent=24771"}],"wp:term":[{"taxonomy":"product_brand","embeddable":true,"href":"https:\/\/kamagra-official.to\/sk\/wp-json\/wp\/v2\/product_brand?post=24771"},{"taxonomy":"product_cat","embeddable":true,"href":"https:\/\/kamagra-official.to\/sk\/wp-json\/wp\/v2\/product_cat?post=24771"},{"taxonomy":"product_tag","embeddable":true,"href":"https:\/\/kamagra-official.to\/sk\/wp-json\/wp\/v2\/product_tag?post=24771"}],"curies":[{"name":"wp","href":"https:\/\/api.w.org\/{rel}","templated":true}]}}