{"id":24761,"date":"2024-12-18T15:00:34","date_gmt":"2024-12-18T15:00:34","guid":{"rendered":"https:\/\/kamagra-official.to\/product\/kamagra-polo-100mg\/"},"modified":"2025-10-02T19:23:49","modified_gmt":"2025-10-02T19:23:49","slug":"kamagra-polo-100mg","status":"publish","type":"product","link":"https:\/\/kamagra-official.to\/sk\/product\/kamagra-polo-100mg\/","title":{"rendered":"Kamagra POLO 100mg"},"content":{"rendered":"<p><strong>Kamagra POLO \u2013 Ovocn\u00e9 pastilky pre sebavedom\u00fd, jedine\u010dn\u00fd int\u00edmny z\u00e1\u017eitok!<\/strong> Kamagra POLO je vyroben\u00e1 z jednej z naj\u00fa\u010dinnej\u0161\u00edch l\u00e1tok na lie\u010dbu erektilnej dysfunkcie: sildenafil. Ka\u017ed\u00e1 ovocn\u00e1 pastilka obsahuje 100 mg sildenafilu a pr\u00edjemn\u00e1 pr\u00edchu\u0165 dokonale maskuje akejko\u013evek typick\u00fa chu\u0165 liekov. Takto Kamagra POLO zvy\u0161uje prietok krvi do penisu, \u010do pom\u00e1ha dosiahnu\u0165 pevnej\u0161iu, dlh\u0161ie trvaj\u00facu erekciu, nap\u013a\u0148a o\u010dak\u00e1vania partnera a obnovuje va\u0161e vlastn\u00e9 sebavedomie.<\/p>\n<h3><strong>K\u013e\u00fa\u010dov\u00e9 v\u00fdhody<\/strong><\/h3>\n<ul>\n<li><strong>N\u00e1dhern\u00e1 chu\u0165:<\/strong> Ovocn\u00e9 pastilky \u00faplne maskuj\u00fa obvykl\u00fa pachut s po u\u017eit\u00ed sildenafilu.<\/li>\n<li><strong>R\u00fdchlo \u00fa\u010dinkuj\u00faci:<\/strong> Kamagra POLO obvykle \u00fa\u010dinkuje do 15 min\u00fat po u\u017eit\u00ed.<\/li>\n<li><strong>Jednoduch\u00e9 pre cestovanie:<\/strong> Diskr\u00e9tne a praktick\u00e9, jednoducho rozpustite pastilku v \u00fastach kedyko\u013evek a kdeko\u013evek.<\/li>\n<\/ul>\n<h3><strong>Odpor\u00fa\u010dan\u00e9 d\u00e1vkovanie<\/strong><\/h3>\n<p>U\u017eite jednu pastilku Kamagra POLO pred pl\u00e1novanou sexu\u00e1lnou aktivitou. Neprekra\u010dujte odpor\u00fa\u010dan\u00fa d\u00e1vku; nikdy neu\u017e\u00edvajte viac ako jednu pastilku denne.<\/p>\n<h3><strong>N\u00e1stup \u00fa\u010dinku<\/strong><\/h3>\n<p>Kamagra POLO r\u00fdchlo za\u010dne \u00fa\u010dinkova\u0165, obvykle za 15 a\u017e 30 min\u00fat, a trv\u00e1 pribli\u017ene 3 a\u017e 4 hodiny. Sexu\u00e1lne vzru\u0161enie je nevyhnutn\u00e9 pre pln\u00fd efekt &#8211; to nie je afrodiziakum.<\/p>\n<h3><strong>Alkohol a Kamagra POLO<\/strong><\/h3>\n<p>Nepou\u017e\u00edvajte v kombin\u00e1cii s alkoholom, preto\u017ee to m\u00f4\u017ee v\u00fdrazne zn\u00ed\u017ei\u0165 \u00fa\u010dinnos\u0165. Vyhnite sa \u0165a\u017ek\u00fdm a mastn\u00fdm potravin\u00e1m, ktor\u00e9 m\u00f4\u017eu takisto zjemni\u0165 \u00fa\u010dinky.<\/p>\n<h3><strong>Kombin\u00e1cia s in\u00fdmi liekmi<\/strong><\/h3>\n<p>Ak u\u017e\u00edvate in\u00e9 produkty ako <strong>Cimetid\u00edn, Ketoconazol<\/strong> alebo <strong>Erythromyc\u00edn<\/strong>, pora\u010fte sa so svoj\u00edm lek\u00e1rom. Niektor\u00e9 lieky m\u00f4\u017eu zn\u00ed\u017ei\u0165 \u00fa\u010dinnos\u0165 Kamagra POLO alebo zv\u00fd\u0161i\u0165 ved\u013eaj\u0161ie \u00fa\u010dinky.<\/p>\n<h3><strong>Mo\u017en\u00e9 ved\u013eaj\u0161ie \u00fa\u010dinky a alergie<\/strong><\/h3>\n<p>V\u00e4\u010d\u0161ina ved\u013eaj\u0161\u00edch \u00fa\u010dinkov Kamagra POLO je mierna a do\u010dasn\u00e1. Naj\u010dastej\u0161ie s\u00fa:<\/p>\n<ul>\n<li>Boles\u0165 hlavy<\/li>\n<li>Krv\u00e1canie z nosa<\/li>\n<li>Naru\u0161en\u00fd sp\u00e1nok<\/li>\n<li>Hna\u010dka<\/li>\n<\/ul>\n<p>Menej be\u017en\u00e9 \u00fa\u010dinky:<\/p>\n<ul>\n<li>Z\u00e1vraty<\/li>\n<li>Rozmazan\u00e9 videnie<\/li>\n<li>Svalov\u00e9 bolesti<\/li>\n<li>Nad\u00fdchanie<\/li>\n<li>Vyr\u00e1\u017eka<\/li>\n<li>Upchat\u00fd nos<\/li>\n<\/ul>\n<p>Ak m\u00e1te v\u00e1\u017ene alebo pretrv\u00e1vaj\u00face ved\u013eaj\u0161ie \u00fa\u010dinky, obr\u00e1\u0165te sa na lek\u00e1ra.<\/p>\n<h3><strong>Nepou\u017e\u00edvajte Kamagra POLO, ak:<\/strong><\/h3>\n<ul>\n<li>Ste alergick\u00fd na sildenafil alebo u\u017e\u00edvate in\u00e9 lieky na lie\u010dbu erektilnej dysfunkcie<\/li>\n<li>Trp\u00edte v\u00e1\u017enymi srdcov\u00fdmi, pe\u010de\u0148ov\u00fdmi alebo obli\u010dkov\u00fdmi poruchami<\/li>\n<li>Mali ste infarkt alebo m\u0155tvicu<\/li>\n<li>M\u00e1te ve\u013emi vysok\u00fd alebo n\u00edzky krvn\u00fd tlak<\/li>\n<\/ul>\n<h3><strong>Skladovanie<\/strong><\/h3>\n<p>Uchov\u00e1vajte pastilky v p\u00f4vodnom obale mimo dosahu det\u00ed. Skladujte na suchom mieste pri teplote 10\u201330\u00b0C, chr\u00e1nen\u00e9 pred priamym slne\u010dn\u00fdm svetlom.<\/p>\n","protected":false},"excerpt":{"rendered":"<p><strong>100 mg Sildenafil<\/strong><\/p>\n<p>Tento bal\u00edk obsahuje 4 ovocn\u00e9 pastilky, ka\u017ed\u00e1 s 100 mg sildenafilu. \u0160peci\u00e1lne navrhnut\u00e9 pre jednoduch\u00e9 a diskr\u00e9tne pou\u017eitie, tieto chutn\u00e9 pastilky poskytuj\u00fa r\u00fdchlu a spo\u013eahliv\u00fa podporu erektilnej funkcie &#8211; jednoducho nechajte jednu rozpusti\u0165 v \u00fastach pre r\u00fdchle v\u00fdsledky a pr\u00edjemn\u00fd chu\u0165ov\u00fd z\u00e1\u017eitok.<\/p>\n","protected":false},"featured_media":23850,"template":"","meta":[],"product_brand":[],"product_cat":[184,189,188,190],"product_tag":[],"class_list":{"0":"post-24761","1":"product","2":"type-product","3":"status-publish","4":"has-post-thumbnail","6":"product_cat-genericka-viagra-sk","7":"product_cat-podpora-erekcie","8":"product_cat-tablety-kamagra-sk","9":"product_cat-viagra-bez-predpisu","11":"first","12":"instock","13":"shipping-taxable","14":"purchasable","15":"product-type-simple"},"yoast_head":"<!-- This site is optimized with the Yoast SEO plugin v27.5 - https:\/\/yoast.com\/product\/yoast-seo-wordpress\/ -->\n<title>Kamagra POLO 100mg - kamagra-official.to<\/title>\n<meta name=\"robots\" content=\"index, follow, max-snippet:-1, max-image-preview:large, max-video-preview:-1\" \/>\n<link rel=\"canonical\" href=\"https:\/\/kamagra-official.to\/sk\/product\/kamagra-polo-100mg\/\" \/>\n<meta property=\"og:locale\" content=\"sk_SK\" \/>\n<meta property=\"og:type\" content=\"article\" \/>\n<meta property=\"og:title\" content=\"Kamagra POLO 100mg - kamagra-official.to\" \/>\n<meta property=\"og:description\" content=\"100 mg Sildenafil Tento bal\u00edk obsahuje 4 ovocn\u00e9 pastilky, ka\u017ed\u00e1 s 100 mg sildenafilu. \u0160peci\u00e1lne navrhnut\u00e9 pre jednoduch\u00e9 a diskr\u00e9tne pou\u017eitie, tieto chutn\u00e9 pastilky poskytuj\u00fa r\u00fdchlu a spo\u013eahliv\u00fa podporu erektilnej funkcie - jednoducho nechajte jednu rozpusti\u0165 v \u00fastach pre r\u00fdchle v\u00fdsledky a pr\u00edjemn\u00fd chu\u0165ov\u00fd z\u00e1\u017eitok.\" \/>\n<meta property=\"og:url\" content=\"https:\/\/kamagra-official.to\/sk\/product\/kamagra-polo-100mg\/\" \/>\n<meta property=\"og:site_name\" content=\"kamagra-official.to\" \/>\n<meta property=\"article:modified_time\" content=\"2025-10-02T19:23:49+00:00\" \/>\n<meta property=\"og:image\" content=\"https:\/\/kamagra-official.to\/wp-content\/uploads\/2025\/09\/kamagra-polo-2-768x768-1.jpg\" \/>\n\t<meta property=\"og:image:width\" content=\"768\" \/>\n\t<meta property=\"og:image:height\" content=\"768\" \/>\n\t<meta property=\"og:image:type\" content=\"image\/jpeg\" \/>\n<meta name=\"twitter:card\" content=\"summary_large_image\" \/>\n<meta name=\"twitter:label1\" content=\"Predpokladan\u00fd \u010das \u010d\u00edtania\" \/>\n\t<meta name=\"twitter:data1\" content=\"2 min\u00faty\" \/>\n<script type=\"application\/ld+json\" class=\"yoast-schema-graph\">{\"@context\":\"https:\\\/\\\/schema.org\",\"@graph\":[{\"@type\":\"WebPage\",\"@id\":\"https:\\\/\\\/kamagra-official.to\\\/sk\\\/product\\\/kamagra-polo-100mg\\\/\",\"url\":\"https:\\\/\\\/kamagra-official.to\\\/sk\\\/product\\\/kamagra-polo-100mg\\\/\",\"name\":\"Kamagra POLO 100mg - kamagra-official.to\",\"isPartOf\":{\"@id\":\"https:\\\/\\\/kamagra-official.to\\\/#website\"},\"primaryImageOfPage\":{\"@id\":\"https:\\\/\\\/kamagra-official.to\\\/sk\\\/product\\\/kamagra-polo-100mg\\\/#primaryimage\"},\"image\":{\"@id\":\"https:\\\/\\\/kamagra-official.to\\\/sk\\\/product\\\/kamagra-polo-100mg\\\/#primaryimage\"},\"thumbnailUrl\":\"https:\\\/\\\/kamagra-official.to\\\/wp-content\\\/uploads\\\/2025\\\/09\\\/kamagra-polo-2-768x768-1.jpg\",\"datePublished\":\"2024-12-18T15:00:34+00:00\",\"dateModified\":\"2025-10-02T19:23:49+00:00\",\"breadcrumb\":{\"@id\":\"https:\\\/\\\/kamagra-official.to\\\/sk\\\/product\\\/kamagra-polo-100mg\\\/#breadcrumb\"},\"inLanguage\":\"sk-SK\",\"potentialAction\":[{\"@type\":\"ReadAction\",\"target\":[\"https:\\\/\\\/kamagra-official.to\\\/sk\\\/product\\\/kamagra-polo-100mg\\\/\"]}]},{\"@type\":\"ImageObject\",\"inLanguage\":\"sk-SK\",\"@id\":\"https:\\\/\\\/kamagra-official.to\\\/sk\\\/product\\\/kamagra-polo-100mg\\\/#primaryimage\",\"url\":\"https:\\\/\\\/kamagra-official.to\\\/wp-content\\\/uploads\\\/2025\\\/09\\\/kamagra-polo-2-768x768-1.jpg\",\"contentUrl\":\"https:\\\/\\\/kamagra-official.to\\\/wp-content\\\/uploads\\\/2025\\\/09\\\/kamagra-polo-2-768x768-1.jpg\",\"width\":768,\"height\":768},{\"@type\":\"BreadcrumbList\",\"@id\":\"https:\\\/\\\/kamagra-official.to\\\/sk\\\/product\\\/kamagra-polo-100mg\\\/#breadcrumb\",\"itemListElement\":[{\"@type\":\"ListItem\",\"position\":1,\"name\":\"Home\",\"item\":\"https:\\\/\\\/kamagra-official.to\\\/nl\\\/\"},{\"@type\":\"ListItem\",\"position\":2,\"name\":\"Shop\",\"item\":\"https:\\\/\\\/kamagra-official.to\\\/shop\\\/\"},{\"@type\":\"ListItem\",\"position\":3,\"name\":\"Kamagra POLO 100mg\"}]},{\"@type\":\"WebSite\",\"@id\":\"https:\\\/\\\/kamagra-official.to\\\/#website\",\"url\":\"https:\\\/\\\/kamagra-official.to\\\/\",\"name\":\"kamagra-official.to\",\"description\":\"Revitalize Your Sexual Energy Across Europe\",\"publisher\":{\"@id\":\"https:\\\/\\\/kamagra-official.to\\\/#organization\"},\"potentialAction\":[{\"@type\":\"SearchAction\",\"target\":{\"@type\":\"EntryPoint\",\"urlTemplate\":\"https:\\\/\\\/kamagra-official.to\\\/?s={search_term_string}\"},\"query-input\":{\"@type\":\"PropertyValueSpecification\",\"valueRequired\":true,\"valueName\":\"search_term_string\"}}],\"inLanguage\":\"sk-SK\"},{\"@type\":\"Organization\",\"@id\":\"https:\\\/\\\/kamagra-official.to\\\/#organization\",\"name\":\"kamagra-official.to\",\"url\":\"https:\\\/\\\/kamagra-official.to\\\/\",\"logo\":{\"@type\":\"ImageObject\",\"inLanguage\":\"sk-SK\",\"@id\":\"https:\\\/\\\/kamagra-official.to\\\/#\\\/schema\\\/logo\\\/image\\\/\",\"url\":\"https:\\\/\\\/kamagra-official.to\\\/wp-content\\\/uploads\\\/2025\\\/02\\\/KAMAGRA-Photoroom-1.png\",\"contentUrl\":\"https:\\\/\\\/kamagra-official.to\\\/wp-content\\\/uploads\\\/2025\\\/02\\\/KAMAGRA-Photoroom-1.png\",\"width\":150,\"height\":153,\"caption\":\"kamagra-official.to\"},\"image\":{\"@id\":\"https:\\\/\\\/kamagra-official.to\\\/#\\\/schema\\\/logo\\\/image\\\/\"}}]}<\/script>\n<!-- \/ Yoast SEO plugin. -->","yoast_head_json":{"title":"Kamagra POLO 100mg - kamagra-official.to","robots":{"index":"index","follow":"follow","max-snippet":"max-snippet:-1","max-image-preview":"max-image-preview:large","max-video-preview":"max-video-preview:-1"},"canonical":"https:\/\/kamagra-official.to\/sk\/product\/kamagra-polo-100mg\/","og_locale":"sk_SK","og_type":"article","og_title":"Kamagra POLO 100mg - kamagra-official.to","og_description":"100 mg Sildenafil Tento bal\u00edk obsahuje 4 ovocn\u00e9 pastilky, ka\u017ed\u00e1 s 100 mg sildenafilu. \u0160peci\u00e1lne navrhnut\u00e9 pre jednoduch\u00e9 a diskr\u00e9tne pou\u017eitie, tieto chutn\u00e9 pastilky poskytuj\u00fa r\u00fdchlu a spo\u013eahliv\u00fa podporu erektilnej funkcie - jednoducho nechajte jednu rozpusti\u0165 v \u00fastach pre r\u00fdchle v\u00fdsledky a pr\u00edjemn\u00fd chu\u0165ov\u00fd z\u00e1\u017eitok.","og_url":"https:\/\/kamagra-official.to\/sk\/product\/kamagra-polo-100mg\/","og_site_name":"kamagra-official.to","article_modified_time":"2025-10-02T19:23:49+00:00","og_image":[{"width":768,"height":768,"url":"https:\/\/kamagra-official.to\/wp-content\/uploads\/2025\/09\/kamagra-polo-2-768x768-1.jpg","type":"image\/jpeg"}],"twitter_card":"summary_large_image","twitter_misc":{"Predpokladan\u00fd \u010das \u010d\u00edtania":"2 min\u00faty"},"schema":{"@context":"https:\/\/schema.org","@graph":[{"@type":"WebPage","@id":"https:\/\/kamagra-official.to\/sk\/product\/kamagra-polo-100mg\/","url":"https:\/\/kamagra-official.to\/sk\/product\/kamagra-polo-100mg\/","name":"Kamagra POLO 100mg - kamagra-official.to","isPartOf":{"@id":"https:\/\/kamagra-official.to\/#website"},"primaryImageOfPage":{"@id":"https:\/\/kamagra-official.to\/sk\/product\/kamagra-polo-100mg\/#primaryimage"},"image":{"@id":"https:\/\/kamagra-official.to\/sk\/product\/kamagra-polo-100mg\/#primaryimage"},"thumbnailUrl":"https:\/\/kamagra-official.to\/wp-content\/uploads\/2025\/09\/kamagra-polo-2-768x768-1.jpg","datePublished":"2024-12-18T15:00:34+00:00","dateModified":"2025-10-02T19:23:49+00:00","breadcrumb":{"@id":"https:\/\/kamagra-official.to\/sk\/product\/kamagra-polo-100mg\/#breadcrumb"},"inLanguage":"sk-SK","potentialAction":[{"@type":"ReadAction","target":["https:\/\/kamagra-official.to\/sk\/product\/kamagra-polo-100mg\/"]}]},{"@type":"ImageObject","inLanguage":"sk-SK","@id":"https:\/\/kamagra-official.to\/sk\/product\/kamagra-polo-100mg\/#primaryimage","url":"https:\/\/kamagra-official.to\/wp-content\/uploads\/2025\/09\/kamagra-polo-2-768x768-1.jpg","contentUrl":"https:\/\/kamagra-official.to\/wp-content\/uploads\/2025\/09\/kamagra-polo-2-768x768-1.jpg","width":768,"height":768},{"@type":"BreadcrumbList","@id":"https:\/\/kamagra-official.to\/sk\/product\/kamagra-polo-100mg\/#breadcrumb","itemListElement":[{"@type":"ListItem","position":1,"name":"Home","item":"https:\/\/kamagra-official.to\/nl\/"},{"@type":"ListItem","position":2,"name":"Shop","item":"https:\/\/kamagra-official.to\/shop\/"},{"@type":"ListItem","position":3,"name":"Kamagra POLO 100mg"}]},{"@type":"WebSite","@id":"https:\/\/kamagra-official.to\/#website","url":"https:\/\/kamagra-official.to\/","name":"kamagra-official.to","description":"Revitalize Your Sexual Energy Across Europe","publisher":{"@id":"https:\/\/kamagra-official.to\/#organization"},"potentialAction":[{"@type":"SearchAction","target":{"@type":"EntryPoint","urlTemplate":"https:\/\/kamagra-official.to\/?s={search_term_string}"},"query-input":{"@type":"PropertyValueSpecification","valueRequired":true,"valueName":"search_term_string"}}],"inLanguage":"sk-SK"},{"@type":"Organization","@id":"https:\/\/kamagra-official.to\/#organization","name":"kamagra-official.to","url":"https:\/\/kamagra-official.to\/","logo":{"@type":"ImageObject","inLanguage":"sk-SK","@id":"https:\/\/kamagra-official.to\/#\/schema\/logo\/image\/","url":"https:\/\/kamagra-official.to\/wp-content\/uploads\/2025\/02\/KAMAGRA-Photoroom-1.png","contentUrl":"https:\/\/kamagra-official.to\/wp-content\/uploads\/2025\/02\/KAMAGRA-Photoroom-1.png","width":150,"height":153,"caption":"kamagra-official.to"},"image":{"@id":"https:\/\/kamagra-official.to\/#\/schema\/logo\/image\/"}}]}},"_links":{"self":[{"href":"https:\/\/kamagra-official.to\/sk\/wp-json\/wp\/v2\/product\/24761","targetHints":{"allow":["GET"]}}],"collection":[{"href":"https:\/\/kamagra-official.to\/sk\/wp-json\/wp\/v2\/product"}],"about":[{"href":"https:\/\/kamagra-official.to\/sk\/wp-json\/wp\/v2\/types\/product"}],"wp:featuredmedia":[{"embeddable":true,"href":"https:\/\/kamagra-official.to\/sk\/wp-json\/wp\/v2\/media\/23850"}],"wp:attachment":[{"href":"https:\/\/kamagra-official.to\/sk\/wp-json\/wp\/v2\/media?parent=24761"}],"wp:term":[{"taxonomy":"product_brand","embeddable":true,"href":"https:\/\/kamagra-official.to\/sk\/wp-json\/wp\/v2\/product_brand?post=24761"},{"taxonomy":"product_cat","embeddable":true,"href":"https:\/\/kamagra-official.to\/sk\/wp-json\/wp\/v2\/product_cat?post=24761"},{"taxonomy":"product_tag","embeddable":true,"href":"https:\/\/kamagra-official.to\/sk\/wp-json\/wp\/v2\/product_tag?post=24761"}],"curies":[{"name":"wp","href":"https:\/\/api.w.org\/{rel}","templated":true}]}}