{"id":24733,"date":"2024-12-24T00:31:10","date_gmt":"2024-12-24T00:31:10","guid":{"rendered":"https:\/\/kamagra-official.to\/product\/vidalista-40mg\/"},"modified":"2025-10-02T19:22:25","modified_gmt":"2025-10-02T19:22:25","slug":"vidalista-40mg","status":"publish","type":"product","link":"https:\/\/kamagra-official.to\/sk\/product\/vidalista-40mg\/","title":{"rendered":"Vidalista 40mg"},"content":{"rendered":"<h3><strong>Vidalista 40mg \u2013 siln\u00e1, dlhodob\u00e1 erekcia v \u017eiadnom \u010dase!<\/strong><\/h3>\n<p>Vidalista 40mg obsahuje tadalafil, overen\u00fa zlo\u017eku, ktor\u00e1 pom\u00e1ha obnovi\u0165 a posilni\u0165 v\u00e1\u0161 int\u00edmny \u017eivot. Tadalafil zlep\u0161uje prietok krvi do penisu a zabezpe\u010duje tak siln\u00fa a trval\u00fa erekciu. Jeho \u00fa\u010dinok m\u00f4\u017ee trva\u0165 a\u017e 36 hod\u00edn\u2013omnoho dlh\u0161ie ako lieky na b\u00e1ze sildenaf\u00edlu ako Viagra. S Vidalistou 40mg m\u00f4\u017eete op\u00e4\u0165 z\u00edska\u0165 sebad\u00f4veru pri ka\u017edom int\u00edmnom stretnut\u00ed!<\/p>\n<hr \/>\n<h3><strong>V\u00fdhody Vidalisty 40mg<\/strong><\/h3>\n<ul>\n<li><strong>Pretrvaj\u00faci \u00fa\u010dinok a\u017e 36 hod\u00edn:<\/strong> Ide\u00e1lne pre dlhotrvaj\u00face int\u00edmne chv\u00edle a flexibilitu.<\/li>\n<li><strong>R\u00fdchle p\u00f4sobenie:<\/strong> Tabletku u\u017eite pribli\u017ene hodinu pred sexom a nechajte sa prekvapi\u0165 jej siln\u00fdm \u00fa\u010dinkom.<\/li>\n<li><strong>Siln\u00e1, spo\u013eahliv\u00e1 erekcia:<\/strong> Tadalafil zabezpe\u010duje spr\u00e1vny prietok krvi pre trvaj\u00facu pevnos\u0165.<\/li>\n<\/ul>\n<hr \/>\n<h3><strong>Odpor\u00fa\u010dan\u00e9 d\u00e1vkovanie<\/strong><\/h3>\n<p>Za\u010dnite s polovicou tabletky Vidalista 40mg. Ak \u00fa\u010dinok nie je dostato\u010dn\u00fd, zv\u00fd\u0161te na cel\u00fa tabletu. Neprekra\u010dujte jednu tabletu za de\u0148. V\u017edy preh\u013atajte s vodou.<\/p>\n<hr \/>\n<h3><strong>Za\u010diatok a trvanie \u00fa\u010dinku<\/strong><\/h3>\n<p>Vidalista 40mg obvykle za\u010dne p\u00f4sobi\u0165 do 30-60 min\u00fat a udr\u017eiava \u00fa\u010dinnos\u0165 a\u017e 36 hod\u00edn. Nezab\u00fadajte, \u017ee to nie je afrodiziakum\u2013sexu\u00e1lna stimul\u00e1cia je potrebn\u00e1 pre v\u00fdsledok.<\/p>\n<hr \/>\n<h3><strong>Alkohol a jedlo<\/strong><\/h3>\n<p>U\u017e\u00edvanie Vidalisty 40mg s alkoholom sa neodpor\u00fa\u010da, preto\u017ee alkohol m\u00f4\u017ee v\u00fdrazne zni\u017eova\u0165 jej \u00fa\u010dinnos\u0165. Podobne, \u0165a\u017ek\u00e9 alebo tu\u010dn\u00e9 jedl\u00e1 m\u00f4\u017eu spomali\u0165 jej n\u00e1stup \u00fa\u010dinku.<\/p>\n<hr \/>\n<h3><strong>Interakcie s liekmi<\/strong><\/h3>\n<p>Ak u\u017e\u00edvate Cimetid\u00edn, Ketoconazol alebo Erythromyc\u00edn, pora\u010fte sa so svoj\u00edm lek\u00e1rom pred t\u00fdm, ako ich skombinujete s Vidalistou 40mg. Niektor\u00e9 lieky m\u00f4\u017eu zn\u00ed\u017ei\u0165 \u00fa\u010dinok alebo zv\u00fd\u0161i\u0165 riziko ved\u013eaj\u0161\u00edch \u00fa\u010dinkov.<\/p>\n<hr \/>\n<h3><strong>Mo\u017en\u00e9 ved\u013eaj\u0161ie \u00fa\u010dinky a alergick\u00e9 reakcie<\/strong><\/h3>\n<p>Pri spr\u00e1vnom u\u017eit\u00ed je Vidalista 40mg vo v\u0161eobecnosti bezpe\u010dn\u00e1. Nadmern\u00e9 u\u017e\u00edvanie m\u00f4\u017ee vies\u0165 k nepohodliu.<\/p>\n<p><strong>Be\u017en\u00e9 ved\u013eaj\u0161ie \u00fa\u010dinky:<\/strong><\/p>\n<ul>\n<li>Boles\u0165 hlavy,<\/li>\n<li>Poruchy tr\u00e1venia.<\/li>\n<\/ul>\n<p><strong>Menej \u010dast\u00e9 ved\u013eaj\u0161ie \u00fa\u010dinky:<\/strong><\/p>\n<ul>\n<li>Boles\u0165 chrbta,<\/li>\n<li>Za\u010dervenanie,<\/li>\n<li>Opuch nosa alebo vie\u010dok,<\/li>\n<li>Za\u010dervenanie o\u010d\u00ed.<\/li>\n<\/ul>\n<p>Ak pr\u00edznaky pretrv\u00e1vaj\u00fa alebo sa zhor\u0161uj\u00fa, obr\u00e1\u0165te sa na svojho lek\u00e1ra.<\/p>\n<hr \/>\n<h3><strong>Kedy nepou\u017e\u00edva\u0165 Vidalistu 40mg?<\/strong><\/h3>\n<p>Nepou\u017e\u00edvajte Vidalistu 40mg, ak:<\/p>\n<ul>\n<li>Ste ned\u00e1vno pou\u017e\u00edvali nitr\u00e1ty (na ang\u00ednu alebo boles\u0165 na hrudi).<\/li>\n<li>Ste trpeli infarktom, mozgovou pr\u00edhodou alebo zlyh\u00e1n\u00edm srdca v posledn\u00fdch 6 mesiacoch.<\/li>\n<li>M\u00e1te probl\u00e9my s krvn\u00fdm tlakom alebo poruchou zr\u00e1\u017eania krvi.<\/li>\n<li>Ste alergick\u00fd na tadalafil (\u00fa\u010dinn\u00e1 l\u00e1tka v tomto lieku).<\/li>\n<\/ul>\n<hr \/>\n<h3><strong>Skladovanie<\/strong><\/h3>\n<p>Uchov\u00e1vajte Vidalistu 40mg v p\u00f4vodnom obale, mimo dosahu det\u00ed. Skladujte pri 10-30 \u00b0 C na suchom mieste, chr\u00e1nen\u00e9 pred priamym slne\u010dn\u00fdm \u017eiaren\u00edm.<\/p>\n","protected":false},"excerpt":{"rendered":"<p><strong>40 mg Tadalafil<\/strong><\/p>\n<p>Tento bal\u00edk obsahuje 10 tabliet, ka\u017ed\u00e1 s 40 mg tadalafilu. \u0160peci\u00e1lne navrhnut\u00e9 pre mu\u017eov, ktor\u00ed potrebuj\u00fa siln\u00fa a dlhodob\u00fa podporu pre erektiln\u00fa funkciu, 40 mg Tadalafil pon\u00faka a\u017e 36 hod\u00edn \u00fa\u010dinnosti &#8211; poskytuj\u00fac v\u00e1m flexibilitu, d\u00f4veru a spo\u013eahliv\u00e9 v\u00fdsledky kedyko\u013evek.<\/p>\n","protected":false},"featured_media":23982,"template":"","meta":[],"product_brand":[],"product_cat":[185],"product_tag":[],"class_list":{"0":"post-24733","1":"product","2":"type-product","3":"status-publish","4":"has-post-thumbnail","6":"product_cat-genericky-cialis-sk","8":"first","9":"instock","10":"shipping-taxable","11":"purchasable","12":"product-type-simple"},"yoast_head":"<!-- This site is optimized with the Yoast SEO plugin v27.5 - https:\/\/yoast.com\/product\/yoast-seo-wordpress\/ -->\n<title>Vidalista 40mg - kamagra-official.to<\/title>\n<meta name=\"robots\" content=\"index, follow, max-snippet:-1, max-image-preview:large, max-video-preview:-1\" \/>\n<link rel=\"canonical\" href=\"https:\/\/kamagra-official.to\/sk\/product\/vidalista-40mg\/\" \/>\n<meta property=\"og:locale\" content=\"sk_SK\" \/>\n<meta property=\"og:type\" content=\"article\" \/>\n<meta property=\"og:title\" content=\"Vidalista 40mg - kamagra-official.to\" \/>\n<meta property=\"og:description\" content=\"40 mg Tadalafil Tento bal\u00edk obsahuje 10 tabliet, ka\u017ed\u00e1 s 40 mg tadalafilu. \u0160peci\u00e1lne navrhnut\u00e9 pre mu\u017eov, ktor\u00ed potrebuj\u00fa siln\u00fa a dlhodob\u00fa podporu pre erektiln\u00fa funkciu, 40 mg Tadalafil pon\u00faka a\u017e 36 hod\u00edn \u00fa\u010dinnosti - poskytuj\u00fac v\u00e1m flexibilitu, d\u00f4veru a spo\u013eahliv\u00e9 v\u00fdsledky kedyko\u013evek.\" \/>\n<meta property=\"og:url\" content=\"https:\/\/kamagra-official.to\/sk\/product\/vidalista-40mg\/\" \/>\n<meta property=\"og:site_name\" content=\"kamagra-official.to\" \/>\n<meta property=\"article:modified_time\" content=\"2025-10-02T19:22:25+00:00\" \/>\n<meta property=\"og:image\" content=\"https:\/\/kamagra-official.to\/wp-content\/uploads\/2025\/09\/vidalista40-2.jpg\" \/>\n\t<meta property=\"og:image:width\" content=\"1200\" \/>\n\t<meta property=\"og:image:height\" content=\"1200\" \/>\n\t<meta property=\"og:image:type\" content=\"image\/jpeg\" \/>\n<meta name=\"twitter:card\" content=\"summary_large_image\" \/>\n<meta name=\"twitter:label1\" content=\"Predpokladan\u00fd \u010das \u010d\u00edtania\" \/>\n\t<meta name=\"twitter:data1\" content=\"2 min\u00faty\" \/>\n<script type=\"application\/ld+json\" class=\"yoast-schema-graph\">{\"@context\":\"https:\\\/\\\/schema.org\",\"@graph\":[{\"@type\":\"WebPage\",\"@id\":\"https:\\\/\\\/kamagra-official.to\\\/sk\\\/product\\\/vidalista-40mg\\\/\",\"url\":\"https:\\\/\\\/kamagra-official.to\\\/sk\\\/product\\\/vidalista-40mg\\\/\",\"name\":\"Vidalista 40mg - kamagra-official.to\",\"isPartOf\":{\"@id\":\"https:\\\/\\\/kamagra-official.to\\\/#website\"},\"primaryImageOfPage\":{\"@id\":\"https:\\\/\\\/kamagra-official.to\\\/sk\\\/product\\\/vidalista-40mg\\\/#primaryimage\"},\"image\":{\"@id\":\"https:\\\/\\\/kamagra-official.to\\\/sk\\\/product\\\/vidalista-40mg\\\/#primaryimage\"},\"thumbnailUrl\":\"https:\\\/\\\/kamagra-official.to\\\/wp-content\\\/uploads\\\/2025\\\/09\\\/vidalista40-2.jpg\",\"datePublished\":\"2024-12-24T00:31:10+00:00\",\"dateModified\":\"2025-10-02T19:22:25+00:00\",\"breadcrumb\":{\"@id\":\"https:\\\/\\\/kamagra-official.to\\\/sk\\\/product\\\/vidalista-40mg\\\/#breadcrumb\"},\"inLanguage\":\"sk-SK\",\"potentialAction\":[{\"@type\":\"ReadAction\",\"target\":[\"https:\\\/\\\/kamagra-official.to\\\/sk\\\/product\\\/vidalista-40mg\\\/\"]}]},{\"@type\":\"ImageObject\",\"inLanguage\":\"sk-SK\",\"@id\":\"https:\\\/\\\/kamagra-official.to\\\/sk\\\/product\\\/vidalista-40mg\\\/#primaryimage\",\"url\":\"https:\\\/\\\/kamagra-official.to\\\/wp-content\\\/uploads\\\/2025\\\/09\\\/vidalista40-2.jpg\",\"contentUrl\":\"https:\\\/\\\/kamagra-official.to\\\/wp-content\\\/uploads\\\/2025\\\/09\\\/vidalista40-2.jpg\",\"width\":1200,\"height\":1200},{\"@type\":\"BreadcrumbList\",\"@id\":\"https:\\\/\\\/kamagra-official.to\\\/sk\\\/product\\\/vidalista-40mg\\\/#breadcrumb\",\"itemListElement\":[{\"@type\":\"ListItem\",\"position\":1,\"name\":\"Home\",\"item\":\"https:\\\/\\\/kamagra-official.to\\\/nl\\\/\"},{\"@type\":\"ListItem\",\"position\":2,\"name\":\"Shop\",\"item\":\"https:\\\/\\\/kamagra-official.to\\\/shop\\\/\"},{\"@type\":\"ListItem\",\"position\":3,\"name\":\"Vidalista 40mg\"}]},{\"@type\":\"WebSite\",\"@id\":\"https:\\\/\\\/kamagra-official.to\\\/#website\",\"url\":\"https:\\\/\\\/kamagra-official.to\\\/\",\"name\":\"kamagra-official.to\",\"description\":\"Revitalize Your Sexual Energy Across Europe\",\"publisher\":{\"@id\":\"https:\\\/\\\/kamagra-official.to\\\/#organization\"},\"potentialAction\":[{\"@type\":\"SearchAction\",\"target\":{\"@type\":\"EntryPoint\",\"urlTemplate\":\"https:\\\/\\\/kamagra-official.to\\\/?s={search_term_string}\"},\"query-input\":{\"@type\":\"PropertyValueSpecification\",\"valueRequired\":true,\"valueName\":\"search_term_string\"}}],\"inLanguage\":\"sk-SK\"},{\"@type\":\"Organization\",\"@id\":\"https:\\\/\\\/kamagra-official.to\\\/#organization\",\"name\":\"kamagra-official.to\",\"url\":\"https:\\\/\\\/kamagra-official.to\\\/\",\"logo\":{\"@type\":\"ImageObject\",\"inLanguage\":\"sk-SK\",\"@id\":\"https:\\\/\\\/kamagra-official.to\\\/#\\\/schema\\\/logo\\\/image\\\/\",\"url\":\"https:\\\/\\\/kamagra-official.to\\\/wp-content\\\/uploads\\\/2025\\\/02\\\/KAMAGRA-Photoroom-1.png\",\"contentUrl\":\"https:\\\/\\\/kamagra-official.to\\\/wp-content\\\/uploads\\\/2025\\\/02\\\/KAMAGRA-Photoroom-1.png\",\"width\":150,\"height\":153,\"caption\":\"kamagra-official.to\"},\"image\":{\"@id\":\"https:\\\/\\\/kamagra-official.to\\\/#\\\/schema\\\/logo\\\/image\\\/\"}}]}<\/script>\n<!-- \/ Yoast SEO plugin. -->","yoast_head_json":{"title":"Vidalista 40mg - kamagra-official.to","robots":{"index":"index","follow":"follow","max-snippet":"max-snippet:-1","max-image-preview":"max-image-preview:large","max-video-preview":"max-video-preview:-1"},"canonical":"https:\/\/kamagra-official.to\/sk\/product\/vidalista-40mg\/","og_locale":"sk_SK","og_type":"article","og_title":"Vidalista 40mg - kamagra-official.to","og_description":"40 mg Tadalafil Tento bal\u00edk obsahuje 10 tabliet, ka\u017ed\u00e1 s 40 mg tadalafilu. \u0160peci\u00e1lne navrhnut\u00e9 pre mu\u017eov, ktor\u00ed potrebuj\u00fa siln\u00fa a dlhodob\u00fa podporu pre erektiln\u00fa funkciu, 40 mg Tadalafil pon\u00faka a\u017e 36 hod\u00edn \u00fa\u010dinnosti - poskytuj\u00fac v\u00e1m flexibilitu, d\u00f4veru a spo\u013eahliv\u00e9 v\u00fdsledky kedyko\u013evek.","og_url":"https:\/\/kamagra-official.to\/sk\/product\/vidalista-40mg\/","og_site_name":"kamagra-official.to","article_modified_time":"2025-10-02T19:22:25+00:00","og_image":[{"width":1200,"height":1200,"url":"https:\/\/kamagra-official.to\/wp-content\/uploads\/2025\/09\/vidalista40-2.jpg","type":"image\/jpeg"}],"twitter_card":"summary_large_image","twitter_misc":{"Predpokladan\u00fd \u010das \u010d\u00edtania":"2 min\u00faty"},"schema":{"@context":"https:\/\/schema.org","@graph":[{"@type":"WebPage","@id":"https:\/\/kamagra-official.to\/sk\/product\/vidalista-40mg\/","url":"https:\/\/kamagra-official.to\/sk\/product\/vidalista-40mg\/","name":"Vidalista 40mg - kamagra-official.to","isPartOf":{"@id":"https:\/\/kamagra-official.to\/#website"},"primaryImageOfPage":{"@id":"https:\/\/kamagra-official.to\/sk\/product\/vidalista-40mg\/#primaryimage"},"image":{"@id":"https:\/\/kamagra-official.to\/sk\/product\/vidalista-40mg\/#primaryimage"},"thumbnailUrl":"https:\/\/kamagra-official.to\/wp-content\/uploads\/2025\/09\/vidalista40-2.jpg","datePublished":"2024-12-24T00:31:10+00:00","dateModified":"2025-10-02T19:22:25+00:00","breadcrumb":{"@id":"https:\/\/kamagra-official.to\/sk\/product\/vidalista-40mg\/#breadcrumb"},"inLanguage":"sk-SK","potentialAction":[{"@type":"ReadAction","target":["https:\/\/kamagra-official.to\/sk\/product\/vidalista-40mg\/"]}]},{"@type":"ImageObject","inLanguage":"sk-SK","@id":"https:\/\/kamagra-official.to\/sk\/product\/vidalista-40mg\/#primaryimage","url":"https:\/\/kamagra-official.to\/wp-content\/uploads\/2025\/09\/vidalista40-2.jpg","contentUrl":"https:\/\/kamagra-official.to\/wp-content\/uploads\/2025\/09\/vidalista40-2.jpg","width":1200,"height":1200},{"@type":"BreadcrumbList","@id":"https:\/\/kamagra-official.to\/sk\/product\/vidalista-40mg\/#breadcrumb","itemListElement":[{"@type":"ListItem","position":1,"name":"Home","item":"https:\/\/kamagra-official.to\/nl\/"},{"@type":"ListItem","position":2,"name":"Shop","item":"https:\/\/kamagra-official.to\/shop\/"},{"@type":"ListItem","position":3,"name":"Vidalista 40mg"}]},{"@type":"WebSite","@id":"https:\/\/kamagra-official.to\/#website","url":"https:\/\/kamagra-official.to\/","name":"kamagra-official.to","description":"Revitalize Your Sexual Energy Across Europe","publisher":{"@id":"https:\/\/kamagra-official.to\/#organization"},"potentialAction":[{"@type":"SearchAction","target":{"@type":"EntryPoint","urlTemplate":"https:\/\/kamagra-official.to\/?s={search_term_string}"},"query-input":{"@type":"PropertyValueSpecification","valueRequired":true,"valueName":"search_term_string"}}],"inLanguage":"sk-SK"},{"@type":"Organization","@id":"https:\/\/kamagra-official.to\/#organization","name":"kamagra-official.to","url":"https:\/\/kamagra-official.to\/","logo":{"@type":"ImageObject","inLanguage":"sk-SK","@id":"https:\/\/kamagra-official.to\/#\/schema\/logo\/image\/","url":"https:\/\/kamagra-official.to\/wp-content\/uploads\/2025\/02\/KAMAGRA-Photoroom-1.png","contentUrl":"https:\/\/kamagra-official.to\/wp-content\/uploads\/2025\/02\/KAMAGRA-Photoroom-1.png","width":150,"height":153,"caption":"kamagra-official.to"},"image":{"@id":"https:\/\/kamagra-official.to\/#\/schema\/logo\/image\/"}}]}},"_links":{"self":[{"href":"https:\/\/kamagra-official.to\/sk\/wp-json\/wp\/v2\/product\/24733","targetHints":{"allow":["GET"]}}],"collection":[{"href":"https:\/\/kamagra-official.to\/sk\/wp-json\/wp\/v2\/product"}],"about":[{"href":"https:\/\/kamagra-official.to\/sk\/wp-json\/wp\/v2\/types\/product"}],"wp:featuredmedia":[{"embeddable":true,"href":"https:\/\/kamagra-official.to\/sk\/wp-json\/wp\/v2\/media\/23982"}],"wp:attachment":[{"href":"https:\/\/kamagra-official.to\/sk\/wp-json\/wp\/v2\/media?parent=24733"}],"wp:term":[{"taxonomy":"product_brand","embeddable":true,"href":"https:\/\/kamagra-official.to\/sk\/wp-json\/wp\/v2\/product_brand?post=24733"},{"taxonomy":"product_cat","embeddable":true,"href":"https:\/\/kamagra-official.to\/sk\/wp-json\/wp\/v2\/product_cat?post=24733"},{"taxonomy":"product_tag","embeddable":true,"href":"https:\/\/kamagra-official.to\/sk\/wp-json\/wp\/v2\/product_tag?post=24733"}],"curies":[{"name":"wp","href":"https:\/\/api.w.org\/{rel}","templated":true}]}}