{"id":24713,"date":"2024-12-24T00:35:47","date_gmt":"2024-12-24T00:35:47","guid":{"rendered":"https:\/\/kamagra-official.to\/product\/apcalis-sx-ustny-gel-20mg\/"},"modified":"2025-10-02T19:22:04","modified_gmt":"2025-10-02T19:22:04","slug":"apcalis-sx-ustny-gel-20mg","status":"publish","type":"product","link":"https:\/\/kamagra-official.to\/sk\/product\/apcalis-sx-ustny-gel-20mg\/","title":{"rendered":"Apcalis-SX \u00fastny g\u00e9l 20mg"},"content":{"rendered":"<h3><strong>Apcalis-SX Oral Jelly 20mg \u2013 R\u00fdchly &#038; pr\u00edjemn\u00fd rie\u0161enie pre erektiln\u00fa dysfunkciu<\/strong><\/h3>\n<p>Apcalis-SX Oral Jelly 20mg je \u00fa\u010dinn\u00fdm prostriedkom pri lie\u010dbe erektilnej dysfunkcie. Ka\u017ed\u00fd s\u00e1\u010dok obsahuje 20mg tadalafilu, silnej zlo\u017eky, ktor\u00e1 podporuje zlep\u0161en\u00fd prietok krvi do penisu a zais\u0165uje pevn\u00e9, spo\u013eahliv\u00e9 erekcie. Hoci je tadalafil rovnakou \u00fa\u010dinnou zlo\u017ekou n\u00e1jdenou v dobre zn\u00e1mom lieku Cialis, Apcalis-SX Oral Jelly pon\u00faka cenovo dostupnej\u0161iu a praktickej\u0161iu alternat\u00edvu.<\/p>\n<p>Oproti sildenafil citr\u00e1tu (Viagra), tadalafil pon\u00faka v\u00fdrazne dlh\u0161iu dobu \u00fa\u010dinku &#8211; p\u00f4sob\u00ed a\u017e 36 hod\u00edn. Apcalis-SX Oral Jelly 20mg v\u00e1m a va\u0161emu partnerovi umo\u017en\u00ed si u\u017ei\u0165 pred\u013a\u017een\u00e9, nezabudnute\u013en\u00e9 chv\u00edle spolu. Tento \u00fastny g\u00e9l je dostupn\u00fd v r\u00f4znych pr\u00edjemn\u00fdch ovocn\u00fdch pr\u00edchutiach pre pote\u0161uj\u00faci z\u00e1\u017eitok z u\u017e\u00edvania lieku.<\/p>\n<hr \/>\n<h3><strong>K\u013e\u00fa\u010dov\u00e9 v\u00fdhody Apcalis-SX Oral Jelly 20mg<\/strong><\/h3>\n<ul>\n<li><strong>Pred\u013a\u017een\u00fd \u00fa\u010dinok &#8211; a\u017e 36 hod\u00edn<\/strong> \u2013 Za\u017eite dlhodob\u00fa istotu a v\u00fdkonnos\u0165.<\/li>\n<li><strong>R\u00fdchly n\u00e1stup \u00fa\u010dinku<\/strong> \u2013 \u00da\u010dinky sa m\u00f4\u017eu prejavi\u0165 u\u017e 15-30 min\u00fat po u\u017eit\u00ed.<\/li>\n<li><strong>Jednoduch\u00e9 u\u017eitie<\/strong> \u2013 Sta\u010d\u00ed vylisova\u0165 20mg g\u00e9l do \u00fast; nie je potrebn\u00e1 voda.<\/li>\n<li><strong>Chutn\u00e9 ovocn\u00e9 pr\u00edchute<\/strong> \u2013 Ove\u013ea chutnej\u0161ia a pr\u00edjemnej\u0161ia vo\u013eba ne\u017e tradi\u010dn\u00e9 tablety.<\/li>\n<\/ul>\n<hr \/>\n<h3><strong>Doporu\u010den\u00e9 d\u00e1vkovanie<\/strong><\/h3>\n<p>Za\u010dnite s polovicou s\u00e1\u010dka Apcalis-SX Oral Jelly 20mg. Ak je to potrebn\u00e9, m\u00f4\u017eete zv\u00fd\u0161i\u0165 d\u00e1vku na cel\u00fd s\u00e1\u010dok. Neprekra\u010dujte jeden s\u00e1\u010dok (20 mg) v priebehu ak\u00fdchko\u013evek 24 hod\u00edn.<\/p>\n<hr \/>\n<h3><strong>N\u00e1stup \u00fa\u010dinku<\/strong><\/h3>\n<p>\u00da\u010dinok Apcalis-SX Oral Jelly 20mg sa zvy\u010dajne za\u010d\u00edna do 15 a\u017e 30 min\u00fat a m\u00f4\u017ee pretrva\u0165 a\u017e 36 hod\u00edn. Majte na pam\u00e4ti, \u017ee Apcalis-SX Oral Jelly 20mg nie je afrodiziakum; k jeho fungovaniu je potrebn\u00e1 sexu\u00e1lna stimul\u00e1cia.<\/p>\n<hr \/>\n<h3><strong>Alkohol a Apcalis-SX Oral Jelly 20mg<\/strong><\/h3>\n<p>Vyhnite sa kombin\u00e1cii tohto produktu s alkoholom, preto\u017ee to m\u00f4\u017ee zn\u00ed\u017ei\u0165 jeho \u00fa\u010dinnos\u0165. \u0164a\u017ek\u00e9 alebo mastn\u00e9 jedl\u00e1 m\u00f4\u017eu tie\u017e odlo\u017ei\u0165 n\u00e1stup \u00fa\u010dinku.<\/p>\n<hr \/>\n<h3><strong>Kombinovanie s in\u00fdmi liekmi<\/strong><\/h3>\n<p>Pred pou\u017eit\u00edm Apcalis-SX Oral Jelly 20mg sa pora\u010fte so svoj\u00edm lek\u00e1rom, najm\u00e4 ak u\u017e\u00edvate:<\/p>\n<ul>\n<li>Cimetid\u00edn,<\/li>\n<li>Ketoconazol,<\/li>\n<li>Erytromyc\u00edn.<\/li>\n<\/ul>\n<p>Kombinovanie s ur\u010dit\u00fdmi liekmi m\u00f4\u017ee zn\u00ed\u017ei\u0165 \u00fa\u010dinnos\u0165 alebo sp\u00f4sobi\u0165 ne\u017eiaduce \u00fa\u010dinky.<\/p>\n<hr \/>\n<h3><strong>Mo\u017en\u00e9 ved\u013eaj\u0161ie \u00fa\u010dinky a alergick\u00e9 reakcie<\/strong><\/h3>\n<p>Ved\u013eaj\u0161ie \u00fa\u010dinky spojen\u00e9 s Apcalis-SX Oral Jelly 20mg s\u00fa zvy\u010dajne miern\u00e9 a do\u010dasn\u00e9.<\/p>\n<p><strong>Naj\u010dastej\u0161ie ved\u013eaj\u0161ie \u00fa\u010dinky:<\/strong><\/p>\n<ul>\n<li>Za\u010dervenanie,<\/li>\n<li>Bolesti hlavy.<\/li>\n<\/ul>\n<p><strong>Menej frekventovan\u00e9 negat\u00edvne \u00fa\u010dinky:<\/strong><\/p>\n<ul>\n<li>Z\u00e1vraty,<\/li>\n<li>Sklzav\u00fd zrak,<\/li>\n<li>Svalov\u00e9 bolesti,<\/li>\n<li>N\u00e1ladovos\u0165 \u017eal\u00fadka,<\/li>\n<li>Ko\u017en\u00e1 vyr\u00e1\u017eka,<\/li>\n<li>Ucpan\u00fd alebo upchat\u00fd nos.<\/li>\n<\/ul>\n<p>Ak za\u017eijete siln\u00e9 alebo pretrv\u00e1vaj\u00face reakcie, obr\u00e1\u0165te sa bezodkladne na svojho poskytovate\u013ea zdravotnej starostlivosti.<\/p>\n<hr \/>\n<h3><strong>Kedy by ste mali Apcalis-SX Oral Jelly 20mg vynecha\u0165?<\/strong><\/h3>\n<p>Neu\u017e\u00edvajte tento produkt, ak:<\/p>\n<ul>\n<li>Pou\u017e\u00edvate lieky s nitr\u00e1tmi (pre ang\u00ednu alebo bolesti na hrudn\u00edku).<\/li>\n<li>Mali ste infarkt, m\u0155tvicu alebo srdcov\u00e9 zlyhanie v uplynul\u00fdch 6 mesiacoch.<\/li>\n<li>M\u00e1te probl\u00e9my s krvn\u00fdm tlakom alebo rozr\u00e1\u017eanlivos\u0165ou krvi.<\/li>\n<li>Ste alergick\u00fd na tadalafil alebo na ktor\u00fako\u013evek zlo\u017eku v Apcalis-SX Oral Jelly 20mg.<\/li>\n<\/ul>\n<hr \/>\n<h3><strong>Pokyny pre skladovanie<\/strong><\/h3>\n<p>Uchov\u00e1vajte Apcalis-SX Oral Jelly 20mg v p\u00f4vodnom obale mimo dosahu det\u00ed. Skladujte na suchom mieste medzi 10 a 30\u00b0C, chr\u00e1nen\u00e9 pred priamym slne\u010dn\u00fdm svetlom.<\/p>\n","protected":false},"excerpt":{"rendered":"<p><strong>Apcalis-SX Oral Jelly 20mg<\/strong><\/p>\n<p>Ka\u017ed\u00e9 balenie Apcalis-SX Oral Jelly 20mg obsahuje 7 pohodln\u00fdch s\u00e1\u010dkov navrhnut\u00fdch pre jednoduch\u00e9, efekt\u00edvne pou\u017eitie. Ka\u017ed\u00fd g\u00e9l s\u00e1\u010dok obsahuje d\u00e1vku tadalafilu 20mg, ktor\u00e1 poskytuje spo\u013eahliv\u00fa podporu mu\u017eom z\u00e1pas\u00edacim s erektilnou dysfunkciou. Toto balenie v\u00e1m umo\u017e\u0148uje vyu\u017e\u00edva\u0165 r\u00fdchlo p\u00f4sobiace a dlhodob\u00e9 v\u00fdsledky po\u010das cel\u00e9ho t\u00fd\u017ed\u0148a, kombinuj\u00face diskr\u00e9tnos\u0165 a spokojnos\u0165 v jednom cenovo dostupnom produkte.<\/p>\n","protected":false},"featured_media":24026,"template":"","meta":[],"product_brand":[],"product_cat":[185],"product_tag":[],"class_list":{"0":"post-24713","1":"product","2":"type-product","3":"status-publish","4":"has-post-thumbnail","6":"product_cat-genericky-cialis-sk","8":"first","9":"instock","10":"shipping-taxable","11":"purchasable","12":"product-type-simple"},"yoast_head":"<!-- This site is optimized with the Yoast SEO plugin v27.5 - https:\/\/yoast.com\/product\/yoast-seo-wordpress\/ -->\n<title>Apcalis-SX \u00fastny g\u00e9l 20mg - kamagra-official.to<\/title>\n<meta name=\"robots\" content=\"index, follow, max-snippet:-1, max-image-preview:large, max-video-preview:-1\" \/>\n<link rel=\"canonical\" href=\"https:\/\/kamagra-official.to\/sk\/product\/apcalis-sx-ustny-gel-20mg\/\" \/>\n<meta property=\"og:locale\" content=\"sk_SK\" \/>\n<meta property=\"og:type\" content=\"article\" \/>\n<meta property=\"og:title\" content=\"Apcalis-SX \u00fastny g\u00e9l 20mg - kamagra-official.to\" \/>\n<meta property=\"og:description\" content=\"Apcalis-SX Oral Jelly 20mg Ka\u017ed\u00e9 balenie Apcalis-SX Oral Jelly 20mg obsahuje 7 pohodln\u00fdch s\u00e1\u010dkov navrhnut\u00fdch pre jednoduch\u00e9, efekt\u00edvne pou\u017eitie. Ka\u017ed\u00fd g\u00e9l s\u00e1\u010dok obsahuje d\u00e1vku tadalafilu 20mg, ktor\u00e1 poskytuje spo\u013eahliv\u00fa podporu mu\u017eom z\u00e1pas\u00edacim s erektilnou dysfunkciou. Toto balenie v\u00e1m umo\u017e\u0148uje vyu\u017e\u00edva\u0165 r\u00fdchlo p\u00f4sobiace a dlhodob\u00e9 v\u00fdsledky po\u010das cel\u00e9ho t\u00fd\u017ed\u0148a, kombinuj\u00face diskr\u00e9tnos\u0165 a spokojnos\u0165 v jednom cenovo dostupnom produkte.\" \/>\n<meta property=\"og:url\" content=\"https:\/\/kamagra-official.to\/sk\/product\/apcalis-sx-ustny-gel-20mg\/\" \/>\n<meta property=\"og:site_name\" content=\"kamagra-official.to\" \/>\n<meta property=\"article:modified_time\" content=\"2025-10-02T19:22:04+00:00\" \/>\n<meta property=\"og:image\" content=\"https:\/\/kamagra-official.to\/wp-content\/uploads\/2025\/09\/apcalis-jelly-2-768x768-1.jpg\" \/>\n\t<meta property=\"og:image:width\" content=\"768\" \/>\n\t<meta property=\"og:image:height\" content=\"768\" \/>\n\t<meta property=\"og:image:type\" content=\"image\/jpeg\" \/>\n<meta name=\"twitter:card\" content=\"summary_large_image\" \/>\n<meta name=\"twitter:label1\" content=\"Predpokladan\u00fd \u010das \u010d\u00edtania\" \/>\n\t<meta name=\"twitter:data1\" content=\"3 min\u00faty\" \/>\n<script type=\"application\/ld+json\" class=\"yoast-schema-graph\">{\"@context\":\"https:\\\/\\\/schema.org\",\"@graph\":[{\"@type\":\"WebPage\",\"@id\":\"https:\\\/\\\/kamagra-official.to\\\/sk\\\/product\\\/apcalis-sx-ustny-gel-20mg\\\/\",\"url\":\"https:\\\/\\\/kamagra-official.to\\\/sk\\\/product\\\/apcalis-sx-ustny-gel-20mg\\\/\",\"name\":\"Apcalis-SX \u00fastny g\u00e9l 20mg - kamagra-official.to\",\"isPartOf\":{\"@id\":\"https:\\\/\\\/kamagra-official.to\\\/#website\"},\"primaryImageOfPage\":{\"@id\":\"https:\\\/\\\/kamagra-official.to\\\/sk\\\/product\\\/apcalis-sx-ustny-gel-20mg\\\/#primaryimage\"},\"image\":{\"@id\":\"https:\\\/\\\/kamagra-official.to\\\/sk\\\/product\\\/apcalis-sx-ustny-gel-20mg\\\/#primaryimage\"},\"thumbnailUrl\":\"https:\\\/\\\/kamagra-official.to\\\/wp-content\\\/uploads\\\/2025\\\/09\\\/apcalis-jelly-2-768x768-1.jpg\",\"datePublished\":\"2024-12-24T00:35:47+00:00\",\"dateModified\":\"2025-10-02T19:22:04+00:00\",\"breadcrumb\":{\"@id\":\"https:\\\/\\\/kamagra-official.to\\\/sk\\\/product\\\/apcalis-sx-ustny-gel-20mg\\\/#breadcrumb\"},\"inLanguage\":\"sk-SK\",\"potentialAction\":[{\"@type\":\"ReadAction\",\"target\":[\"https:\\\/\\\/kamagra-official.to\\\/sk\\\/product\\\/apcalis-sx-ustny-gel-20mg\\\/\"]}]},{\"@type\":\"ImageObject\",\"inLanguage\":\"sk-SK\",\"@id\":\"https:\\\/\\\/kamagra-official.to\\\/sk\\\/product\\\/apcalis-sx-ustny-gel-20mg\\\/#primaryimage\",\"url\":\"https:\\\/\\\/kamagra-official.to\\\/wp-content\\\/uploads\\\/2025\\\/09\\\/apcalis-jelly-2-768x768-1.jpg\",\"contentUrl\":\"https:\\\/\\\/kamagra-official.to\\\/wp-content\\\/uploads\\\/2025\\\/09\\\/apcalis-jelly-2-768x768-1.jpg\",\"width\":768,\"height\":768},{\"@type\":\"BreadcrumbList\",\"@id\":\"https:\\\/\\\/kamagra-official.to\\\/sk\\\/product\\\/apcalis-sx-ustny-gel-20mg\\\/#breadcrumb\",\"itemListElement\":[{\"@type\":\"ListItem\",\"position\":1,\"name\":\"Home\",\"item\":\"https:\\\/\\\/kamagra-official.to\\\/nl\\\/\"},{\"@type\":\"ListItem\",\"position\":2,\"name\":\"Shop\",\"item\":\"https:\\\/\\\/kamagra-official.to\\\/shop\\\/\"},{\"@type\":\"ListItem\",\"position\":3,\"name\":\"Apcalis-SX \u00fastny g\u00e9l 20mg\"}]},{\"@type\":\"WebSite\",\"@id\":\"https:\\\/\\\/kamagra-official.to\\\/#website\",\"url\":\"https:\\\/\\\/kamagra-official.to\\\/\",\"name\":\"kamagra-official.to\",\"description\":\"Revitalize Your Sexual Energy Across Europe\",\"publisher\":{\"@id\":\"https:\\\/\\\/kamagra-official.to\\\/#organization\"},\"potentialAction\":[{\"@type\":\"SearchAction\",\"target\":{\"@type\":\"EntryPoint\",\"urlTemplate\":\"https:\\\/\\\/kamagra-official.to\\\/?s={search_term_string}\"},\"query-input\":{\"@type\":\"PropertyValueSpecification\",\"valueRequired\":true,\"valueName\":\"search_term_string\"}}],\"inLanguage\":\"sk-SK\"},{\"@type\":\"Organization\",\"@id\":\"https:\\\/\\\/kamagra-official.to\\\/#organization\",\"name\":\"kamagra-official.to\",\"url\":\"https:\\\/\\\/kamagra-official.to\\\/\",\"logo\":{\"@type\":\"ImageObject\",\"inLanguage\":\"sk-SK\",\"@id\":\"https:\\\/\\\/kamagra-official.to\\\/#\\\/schema\\\/logo\\\/image\\\/\",\"url\":\"https:\\\/\\\/kamagra-official.to\\\/wp-content\\\/uploads\\\/2025\\\/02\\\/KAMAGRA-Photoroom-1.png\",\"contentUrl\":\"https:\\\/\\\/kamagra-official.to\\\/wp-content\\\/uploads\\\/2025\\\/02\\\/KAMAGRA-Photoroom-1.png\",\"width\":150,\"height\":153,\"caption\":\"kamagra-official.to\"},\"image\":{\"@id\":\"https:\\\/\\\/kamagra-official.to\\\/#\\\/schema\\\/logo\\\/image\\\/\"}}]}<\/script>\n<!-- \/ Yoast SEO plugin. -->","yoast_head_json":{"title":"Apcalis-SX \u00fastny g\u00e9l 20mg - kamagra-official.to","robots":{"index":"index","follow":"follow","max-snippet":"max-snippet:-1","max-image-preview":"max-image-preview:large","max-video-preview":"max-video-preview:-1"},"canonical":"https:\/\/kamagra-official.to\/sk\/product\/apcalis-sx-ustny-gel-20mg\/","og_locale":"sk_SK","og_type":"article","og_title":"Apcalis-SX \u00fastny g\u00e9l 20mg - kamagra-official.to","og_description":"Apcalis-SX Oral Jelly 20mg Ka\u017ed\u00e9 balenie Apcalis-SX Oral Jelly 20mg obsahuje 7 pohodln\u00fdch s\u00e1\u010dkov navrhnut\u00fdch pre jednoduch\u00e9, efekt\u00edvne pou\u017eitie. Ka\u017ed\u00fd g\u00e9l s\u00e1\u010dok obsahuje d\u00e1vku tadalafilu 20mg, ktor\u00e1 poskytuje spo\u013eahliv\u00fa podporu mu\u017eom z\u00e1pas\u00edacim s erektilnou dysfunkciou. Toto balenie v\u00e1m umo\u017e\u0148uje vyu\u017e\u00edva\u0165 r\u00fdchlo p\u00f4sobiace a dlhodob\u00e9 v\u00fdsledky po\u010das cel\u00e9ho t\u00fd\u017ed\u0148a, kombinuj\u00face diskr\u00e9tnos\u0165 a spokojnos\u0165 v jednom cenovo dostupnom produkte.","og_url":"https:\/\/kamagra-official.to\/sk\/product\/apcalis-sx-ustny-gel-20mg\/","og_site_name":"kamagra-official.to","article_modified_time":"2025-10-02T19:22:04+00:00","og_image":[{"width":768,"height":768,"url":"https:\/\/kamagra-official.to\/wp-content\/uploads\/2025\/09\/apcalis-jelly-2-768x768-1.jpg","type":"image\/jpeg"}],"twitter_card":"summary_large_image","twitter_misc":{"Predpokladan\u00fd \u010das \u010d\u00edtania":"3 min\u00faty"},"schema":{"@context":"https:\/\/schema.org","@graph":[{"@type":"WebPage","@id":"https:\/\/kamagra-official.to\/sk\/product\/apcalis-sx-ustny-gel-20mg\/","url":"https:\/\/kamagra-official.to\/sk\/product\/apcalis-sx-ustny-gel-20mg\/","name":"Apcalis-SX \u00fastny g\u00e9l 20mg - kamagra-official.to","isPartOf":{"@id":"https:\/\/kamagra-official.to\/#website"},"primaryImageOfPage":{"@id":"https:\/\/kamagra-official.to\/sk\/product\/apcalis-sx-ustny-gel-20mg\/#primaryimage"},"image":{"@id":"https:\/\/kamagra-official.to\/sk\/product\/apcalis-sx-ustny-gel-20mg\/#primaryimage"},"thumbnailUrl":"https:\/\/kamagra-official.to\/wp-content\/uploads\/2025\/09\/apcalis-jelly-2-768x768-1.jpg","datePublished":"2024-12-24T00:35:47+00:00","dateModified":"2025-10-02T19:22:04+00:00","breadcrumb":{"@id":"https:\/\/kamagra-official.to\/sk\/product\/apcalis-sx-ustny-gel-20mg\/#breadcrumb"},"inLanguage":"sk-SK","potentialAction":[{"@type":"ReadAction","target":["https:\/\/kamagra-official.to\/sk\/product\/apcalis-sx-ustny-gel-20mg\/"]}]},{"@type":"ImageObject","inLanguage":"sk-SK","@id":"https:\/\/kamagra-official.to\/sk\/product\/apcalis-sx-ustny-gel-20mg\/#primaryimage","url":"https:\/\/kamagra-official.to\/wp-content\/uploads\/2025\/09\/apcalis-jelly-2-768x768-1.jpg","contentUrl":"https:\/\/kamagra-official.to\/wp-content\/uploads\/2025\/09\/apcalis-jelly-2-768x768-1.jpg","width":768,"height":768},{"@type":"BreadcrumbList","@id":"https:\/\/kamagra-official.to\/sk\/product\/apcalis-sx-ustny-gel-20mg\/#breadcrumb","itemListElement":[{"@type":"ListItem","position":1,"name":"Home","item":"https:\/\/kamagra-official.to\/nl\/"},{"@type":"ListItem","position":2,"name":"Shop","item":"https:\/\/kamagra-official.to\/shop\/"},{"@type":"ListItem","position":3,"name":"Apcalis-SX \u00fastny g\u00e9l 20mg"}]},{"@type":"WebSite","@id":"https:\/\/kamagra-official.to\/#website","url":"https:\/\/kamagra-official.to\/","name":"kamagra-official.to","description":"Revitalize Your Sexual Energy Across Europe","publisher":{"@id":"https:\/\/kamagra-official.to\/#organization"},"potentialAction":[{"@type":"SearchAction","target":{"@type":"EntryPoint","urlTemplate":"https:\/\/kamagra-official.to\/?s={search_term_string}"},"query-input":{"@type":"PropertyValueSpecification","valueRequired":true,"valueName":"search_term_string"}}],"inLanguage":"sk-SK"},{"@type":"Organization","@id":"https:\/\/kamagra-official.to\/#organization","name":"kamagra-official.to","url":"https:\/\/kamagra-official.to\/","logo":{"@type":"ImageObject","inLanguage":"sk-SK","@id":"https:\/\/kamagra-official.to\/#\/schema\/logo\/image\/","url":"https:\/\/kamagra-official.to\/wp-content\/uploads\/2025\/02\/KAMAGRA-Photoroom-1.png","contentUrl":"https:\/\/kamagra-official.to\/wp-content\/uploads\/2025\/02\/KAMAGRA-Photoroom-1.png","width":150,"height":153,"caption":"kamagra-official.to"},"image":{"@id":"https:\/\/kamagra-official.to\/#\/schema\/logo\/image\/"}}]}},"_links":{"self":[{"href":"https:\/\/kamagra-official.to\/sk\/wp-json\/wp\/v2\/product\/24713","targetHints":{"allow":["GET"]}}],"collection":[{"href":"https:\/\/kamagra-official.to\/sk\/wp-json\/wp\/v2\/product"}],"about":[{"href":"https:\/\/kamagra-official.to\/sk\/wp-json\/wp\/v2\/types\/product"}],"wp:featuredmedia":[{"embeddable":true,"href":"https:\/\/kamagra-official.to\/sk\/wp-json\/wp\/v2\/media\/24026"}],"wp:attachment":[{"href":"https:\/\/kamagra-official.to\/sk\/wp-json\/wp\/v2\/media?parent=24713"}],"wp:term":[{"taxonomy":"product_brand","embeddable":true,"href":"https:\/\/kamagra-official.to\/sk\/wp-json\/wp\/v2\/product_brand?post=24713"},{"taxonomy":"product_cat","embeddable":true,"href":"https:\/\/kamagra-official.to\/sk\/wp-json\/wp\/v2\/product_cat?post=24713"},{"taxonomy":"product_tag","embeddable":true,"href":"https:\/\/kamagra-official.to\/sk\/wp-json\/wp\/v2\/product_tag?post=24713"}],"curies":[{"name":"wp","href":"https:\/\/api.w.org\/{rel}","templated":true}]}}