{"id":24693,"date":"2024-12-24T00:44:12","date_gmt":"2024-12-24T00:44:12","guid":{"rendered":"https:\/\/kamagra-official.to\/product\/vidalista-80mg\/"},"modified":"2025-10-02T19:21:40","modified_gmt":"2025-10-02T19:21:40","slug":"vidalista-80mg","status":"publish","type":"product","link":"https:\/\/kamagra-official.to\/sk\/product\/vidalista-80mg\/","title":{"rendered":"Vidalista 80mg"},"content":{"rendered":"<h3><strong>Vidalista 80mg \u2013 pre siln\u00e9, intenz\u00edvne a trvaj\u00face sexu\u00e1lne z\u00e1\u017eitky!<\/strong><\/h3>\n<p>Vidalista 80mg obsahuje akt\u00edvnu zlo\u017eku <strong>tadalafil<\/strong>, ktor\u00fd podporuje siln\u00e9 a dlhotrvaj\u00face erekcie zv\u00fd\u0161en\u00edm pr\u00edvodu krvi do penisu. S vysokou d\u00e1vkou <strong>80 mg tadalafilu<\/strong> na tabletu, Vidalista 80mg zabezpe\u010duje spo\u013eahliv\u00fd v\u00fdkon a a\u017e 36 hod\u00edn sexu\u00e1lnej pripravenosti. Je to cenovo dostupn\u00e1 alternat\u00edva ku Cialisu, ktor\u00e1 v\u00e1m poskytuje dlhotrvaj\u00faci efekt, tak\u017ee sa nemus\u00edte ob\u00e1va\u0165 \u010dast\u00e9ho d\u00e1vkovania. Oproti sildenafilu (Viagra) tadalafil pon\u00faka ove\u013ea dlh\u0161ie p\u00f4sobenie\u2014zaist\u00ed v\u00e1m nepretr\u017eit\u00e9 sebavedomie a spokojnos\u0165.<\/p>\n<hr \/>\n<h3><strong>V\u00fdhody Vidalista 80mg<\/strong><\/h3>\n<ul>\n<li><strong>A\u017e 36 hod\u00edn \u00fa\u010dinku:<\/strong> U\u017eite si predsilen\u00fa vytrvalos\u0165 a slobodu, ke\u010f to najviac potrebujete.<\/li>\n<li><strong>R\u00fdchly n\u00e1stup \u00fa\u010dinku:<\/strong> Jednoducho u\u017eite tabletu asi hodinu pred pohlavn\u00fdm stykom pre optim\u00e1lne v\u00fdsledky.<\/li>\n<li><strong>Siln\u00e1, stabiln\u00e1 erekcia:<\/strong> Zv\u00fd\u0161en\u00fd pr\u00edvod krvi zabezpe\u010duje pevn\u00fd a trvaj\u00faci v\u00fdkon v\u017edy.<\/li>\n<\/ul>\n<hr \/>\n<h3><strong>Odpor\u00fa\u010dan\u00e1 d\u00e1vka<\/strong><\/h3>\n<p>Za\u010dnite s polovicou tabletky Vidalista 80mg. Ak je potrebn\u00fd v\u00e4\u010d\u0161\u00ed efekt, zv\u00fd\u0161te na cel\u00fa tabletu. Nikdy neprekra\u010dujte jednu tabletu za de\u0148\u2014v\u017edy u\u017e\u00edvajte s vodou.<\/p>\n<hr \/>\n<h3><strong>Ako r\u00fdchlo to funguje?<\/strong><\/h3>\n<p>Prv\u00e9 \u00fa\u010dinky sa zvy\u010dajne objavuj\u00fa do 30 a\u017e 60 min\u00fat a m\u00f4\u017eu trva\u0165 a\u017e 36 hod\u00edn. Pam\u00e4tajte, Vidalista 80mg nie je afrodiziakum\u2014pre \u00fa\u010dinok je potrebn\u00e1 sexu\u00e1lna stimul\u00e1cia.<\/p>\n<hr \/>\n<h3><strong>Zv\u00e1\u017ete alkohol a jedlo<\/strong><\/h3>\n<p>Vyvarujte sa kombin\u00e1cii s alkoholom, preto\u017ee m\u00f4\u017ee v\u00fdrazne zn\u00ed\u017ei\u0165 \u00fa\u010dinnos\u0165. Rovnako m\u00f4\u017ee \u0165a\u017ek\u00e9 alebo mastn\u00e9 jedl\u00e1 sp\u00f4sobi\u0165 oneskorenie n\u00e1stupu \u00fa\u010dinku.<\/p>\n<hr \/>\n<h3><strong>Interakcie s liekmi<\/strong><\/h3>\n<p>Pred u\u017eit\u00edm sa pora\u010fte s lek\u00e1rom, obzvl\u00e1\u0161\u0165 ak u\u017e\u00edvate:<\/p>\n<ul>\n<li><strong>Cimetid\u00edn<\/strong>,<\/li>\n<li><strong>Ketoconazol<\/strong>,<\/li>\n<li><strong>Erytromyc\u00edn<\/strong>.<\/li>\n<\/ul>\n<p>Niektor\u00e9 kombin\u00e1cie m\u00f4\u017eu zn\u00ed\u017ei\u0165 \u00fa\u010dinnos\u0165 alebo sp\u00f4sobi\u0165 ne\u017eiaduce ved\u013eaj\u0161ie \u00fa\u010dinky.<\/p>\n<hr \/>\n<h3><strong>Mo\u017en\u00e9 ved\u013eaj\u0161ie \u00fa\u010dinky a alergick\u00e9 reakcie<\/strong><\/h3>\n<p>Vidalista 80mg je vo v\u0161eobecnosti bezpe\u010dn\u00e1 pri spr\u00e1vnej d\u00e1vke, ale m\u00f4\u017eu sa objavi\u0165 mierne sympt\u00f3my.<\/p>\n<p><strong>Be\u017en\u00e9:<\/strong><\/p>\n<ul>\n<li>Bolesti hlavy,<\/li>\n<li>Tr\u00e1viace \u0165a\u017ekosti.<\/li>\n<\/ul>\n<p><strong>Menej be\u017en\u00e9:<\/strong><\/p>\n<ul>\n<li>Bolesti chrbta,<\/li>\n<li>Zarudnutie,<\/li>\n<li>Opuch nosa alebo vie\u010dok,<\/li>\n<li>Za\u010dervenanie o\u010d\u00ed.<\/li>\n<\/ul>\n<p>Ak sympt\u00f3my pretrv\u00e1vaj\u00fa, pora\u010fte sa s lek\u00e1rom.<\/p>\n<hr \/>\n<h3><strong>Kedy nepou\u017e\u00edva\u0165 Vidalista 80mg?<\/strong><\/h3>\n<p>Nepou\u017e\u00edvajte Vidalista 80mg, ak:<\/p>\n<ul>\n<li>U\u017e\u00edvate nitr\u00e1ty (na ang\u00ednu alebo bolesti na hrudn\u00edku).<\/li>\n<li>Mali ste infarkt, m\u0155tvicu alebo zlyhanie srdca v posledn\u00fdch 6 mesiacoch.<\/li>\n<li>M\u00e1te probl\u00e9my s krvn\u00fdm tlakom alebo zr\u00e1\u017ean\u00edm krvi.<\/li>\n<li>Ste alergick\u00ed na <strong>tadalafil<\/strong>, akt\u00edvnu zlo\u017eku.<\/li>\n<\/ul>\n<hr \/>\n<h3><strong>Uchov\u00e1vanie<\/strong><\/h3>\n<p>Uchov\u00e1vajte Vidalista 80mg v p\u00f4vodnom obale mimo dosahu det\u00ed. Skladujte pri teplote 10\u201330\u00b0C, na suchom mieste, mimo priameho slne\u010dn\u00e9ho svetla.<\/p>\n","protected":false},"excerpt":{"rendered":"<p><strong>80 mg Tadalafil<\/strong><\/p>\n<p>Tento bal\u00ed\u010dek obsahuje 10 tabliet, z ktor\u00fdch ka\u017ed\u00e1 obsahuje vysok\u00fa d\u00e1vku tadalafilu 80 mg. Ide\u00e1lne pre mu\u017eov, ktor\u00ed potrebuj\u00ed maxim\u00e1lnu podporu erektilnej funkcie, 80 mg Tadalafil poskytuje a\u017e 36 hod\u00edn siln\u00fdch, spo\u013eahliv\u00fdch a dlhotrvaj\u00facich v\u00fdsledkov &#8211; \u010do v\u00e1m d\u00e1va \u00fapln\u00fa d\u00f4veru a flexibilitu v\u017edy, ke\u010f zavol\u00e1 intimita.<\/p>\n","protected":false},"featured_media":24070,"template":"","meta":[],"product_brand":[],"product_cat":[185],"product_tag":[],"class_list":{"0":"post-24693","1":"product","2":"type-product","3":"status-publish","4":"has-post-thumbnail","6":"product_cat-genericky-cialis-sk","8":"first","9":"instock","10":"shipping-taxable","11":"purchasable","12":"product-type-simple"},"yoast_head":"<!-- This site is optimized with the Yoast SEO plugin v27.5 - https:\/\/yoast.com\/product\/yoast-seo-wordpress\/ -->\n<title>Vidalista 80mg - kamagra-official.to<\/title>\n<meta name=\"robots\" content=\"index, follow, max-snippet:-1, max-image-preview:large, max-video-preview:-1\" \/>\n<link rel=\"canonical\" href=\"https:\/\/kamagra-official.to\/sk\/product\/vidalista-80mg\/\" \/>\n<meta property=\"og:locale\" content=\"sk_SK\" \/>\n<meta property=\"og:type\" content=\"article\" \/>\n<meta property=\"og:title\" content=\"Vidalista 80mg - kamagra-official.to\" \/>\n<meta property=\"og:description\" content=\"80 mg Tadalafil Tento bal\u00ed\u010dek obsahuje 10 tabliet, z ktor\u00fdch ka\u017ed\u00e1 obsahuje vysok\u00fa d\u00e1vku tadalafilu 80 mg. Ide\u00e1lne pre mu\u017eov, ktor\u00ed potrebuj\u00ed maxim\u00e1lnu podporu erektilnej funkcie, 80 mg Tadalafil poskytuje a\u017e 36 hod\u00edn siln\u00fdch, spo\u013eahliv\u00fdch a dlhotrvaj\u00facich v\u00fdsledkov - \u010do v\u00e1m d\u00e1va \u00fapln\u00fa d\u00f4veru a flexibilitu v\u017edy, ke\u010f zavol\u00e1 intimita.\" \/>\n<meta property=\"og:url\" content=\"https:\/\/kamagra-official.to\/sk\/product\/vidalista-80mg\/\" \/>\n<meta property=\"og:site_name\" content=\"kamagra-official.to\" \/>\n<meta property=\"article:modified_time\" content=\"2025-10-02T19:21:40+00:00\" \/>\n<meta property=\"og:image\" content=\"https:\/\/kamagra-official.to\/wp-content\/uploads\/2025\/09\/vidalista80-2.jpg\" \/>\n\t<meta property=\"og:image:width\" content=\"1200\" \/>\n\t<meta property=\"og:image:height\" content=\"1200\" \/>\n\t<meta property=\"og:image:type\" content=\"image\/jpeg\" \/>\n<meta name=\"twitter:card\" content=\"summary_large_image\" \/>\n<meta name=\"twitter:label1\" content=\"Predpokladan\u00fd \u010das \u010d\u00edtania\" \/>\n\t<meta name=\"twitter:data1\" content=\"2 min\u00faty\" \/>\n<script type=\"application\/ld+json\" class=\"yoast-schema-graph\">{\"@context\":\"https:\\\/\\\/schema.org\",\"@graph\":[{\"@type\":\"WebPage\",\"@id\":\"https:\\\/\\\/kamagra-official.to\\\/sk\\\/product\\\/vidalista-80mg\\\/\",\"url\":\"https:\\\/\\\/kamagra-official.to\\\/sk\\\/product\\\/vidalista-80mg\\\/\",\"name\":\"Vidalista 80mg - kamagra-official.to\",\"isPartOf\":{\"@id\":\"https:\\\/\\\/kamagra-official.to\\\/#website\"},\"primaryImageOfPage\":{\"@id\":\"https:\\\/\\\/kamagra-official.to\\\/sk\\\/product\\\/vidalista-80mg\\\/#primaryimage\"},\"image\":{\"@id\":\"https:\\\/\\\/kamagra-official.to\\\/sk\\\/product\\\/vidalista-80mg\\\/#primaryimage\"},\"thumbnailUrl\":\"https:\\\/\\\/kamagra-official.to\\\/wp-content\\\/uploads\\\/2025\\\/09\\\/vidalista80-2.jpg\",\"datePublished\":\"2024-12-24T00:44:12+00:00\",\"dateModified\":\"2025-10-02T19:21:40+00:00\",\"breadcrumb\":{\"@id\":\"https:\\\/\\\/kamagra-official.to\\\/sk\\\/product\\\/vidalista-80mg\\\/#breadcrumb\"},\"inLanguage\":\"sk-SK\",\"potentialAction\":[{\"@type\":\"ReadAction\",\"target\":[\"https:\\\/\\\/kamagra-official.to\\\/sk\\\/product\\\/vidalista-80mg\\\/\"]}]},{\"@type\":\"ImageObject\",\"inLanguage\":\"sk-SK\",\"@id\":\"https:\\\/\\\/kamagra-official.to\\\/sk\\\/product\\\/vidalista-80mg\\\/#primaryimage\",\"url\":\"https:\\\/\\\/kamagra-official.to\\\/wp-content\\\/uploads\\\/2025\\\/09\\\/vidalista80-2.jpg\",\"contentUrl\":\"https:\\\/\\\/kamagra-official.to\\\/wp-content\\\/uploads\\\/2025\\\/09\\\/vidalista80-2.jpg\",\"width\":1200,\"height\":1200},{\"@type\":\"BreadcrumbList\",\"@id\":\"https:\\\/\\\/kamagra-official.to\\\/sk\\\/product\\\/vidalista-80mg\\\/#breadcrumb\",\"itemListElement\":[{\"@type\":\"ListItem\",\"position\":1,\"name\":\"Home\",\"item\":\"https:\\\/\\\/kamagra-official.to\\\/nl\\\/\"},{\"@type\":\"ListItem\",\"position\":2,\"name\":\"Shop\",\"item\":\"https:\\\/\\\/kamagra-official.to\\\/shop\\\/\"},{\"@type\":\"ListItem\",\"position\":3,\"name\":\"Vidalista 80mg\"}]},{\"@type\":\"WebSite\",\"@id\":\"https:\\\/\\\/kamagra-official.to\\\/#website\",\"url\":\"https:\\\/\\\/kamagra-official.to\\\/\",\"name\":\"kamagra-official.to\",\"description\":\"Revitalize Your Sexual Energy Across Europe\",\"publisher\":{\"@id\":\"https:\\\/\\\/kamagra-official.to\\\/#organization\"},\"potentialAction\":[{\"@type\":\"SearchAction\",\"target\":{\"@type\":\"EntryPoint\",\"urlTemplate\":\"https:\\\/\\\/kamagra-official.to\\\/?s={search_term_string}\"},\"query-input\":{\"@type\":\"PropertyValueSpecification\",\"valueRequired\":true,\"valueName\":\"search_term_string\"}}],\"inLanguage\":\"sk-SK\"},{\"@type\":\"Organization\",\"@id\":\"https:\\\/\\\/kamagra-official.to\\\/#organization\",\"name\":\"kamagra-official.to\",\"url\":\"https:\\\/\\\/kamagra-official.to\\\/\",\"logo\":{\"@type\":\"ImageObject\",\"inLanguage\":\"sk-SK\",\"@id\":\"https:\\\/\\\/kamagra-official.to\\\/#\\\/schema\\\/logo\\\/image\\\/\",\"url\":\"https:\\\/\\\/kamagra-official.to\\\/wp-content\\\/uploads\\\/2025\\\/02\\\/KAMAGRA-Photoroom-1.png\",\"contentUrl\":\"https:\\\/\\\/kamagra-official.to\\\/wp-content\\\/uploads\\\/2025\\\/02\\\/KAMAGRA-Photoroom-1.png\",\"width\":150,\"height\":153,\"caption\":\"kamagra-official.to\"},\"image\":{\"@id\":\"https:\\\/\\\/kamagra-official.to\\\/#\\\/schema\\\/logo\\\/image\\\/\"}}]}<\/script>\n<!-- \/ Yoast SEO plugin. -->","yoast_head_json":{"title":"Vidalista 80mg - kamagra-official.to","robots":{"index":"index","follow":"follow","max-snippet":"max-snippet:-1","max-image-preview":"max-image-preview:large","max-video-preview":"max-video-preview:-1"},"canonical":"https:\/\/kamagra-official.to\/sk\/product\/vidalista-80mg\/","og_locale":"sk_SK","og_type":"article","og_title":"Vidalista 80mg - kamagra-official.to","og_description":"80 mg Tadalafil Tento bal\u00ed\u010dek obsahuje 10 tabliet, z ktor\u00fdch ka\u017ed\u00e1 obsahuje vysok\u00fa d\u00e1vku tadalafilu 80 mg. Ide\u00e1lne pre mu\u017eov, ktor\u00ed potrebuj\u00ed maxim\u00e1lnu podporu erektilnej funkcie, 80 mg Tadalafil poskytuje a\u017e 36 hod\u00edn siln\u00fdch, spo\u013eahliv\u00fdch a dlhotrvaj\u00facich v\u00fdsledkov - \u010do v\u00e1m d\u00e1va \u00fapln\u00fa d\u00f4veru a flexibilitu v\u017edy, ke\u010f zavol\u00e1 intimita.","og_url":"https:\/\/kamagra-official.to\/sk\/product\/vidalista-80mg\/","og_site_name":"kamagra-official.to","article_modified_time":"2025-10-02T19:21:40+00:00","og_image":[{"width":1200,"height":1200,"url":"https:\/\/kamagra-official.to\/wp-content\/uploads\/2025\/09\/vidalista80-2.jpg","type":"image\/jpeg"}],"twitter_card":"summary_large_image","twitter_misc":{"Predpokladan\u00fd \u010das \u010d\u00edtania":"2 min\u00faty"},"schema":{"@context":"https:\/\/schema.org","@graph":[{"@type":"WebPage","@id":"https:\/\/kamagra-official.to\/sk\/product\/vidalista-80mg\/","url":"https:\/\/kamagra-official.to\/sk\/product\/vidalista-80mg\/","name":"Vidalista 80mg - kamagra-official.to","isPartOf":{"@id":"https:\/\/kamagra-official.to\/#website"},"primaryImageOfPage":{"@id":"https:\/\/kamagra-official.to\/sk\/product\/vidalista-80mg\/#primaryimage"},"image":{"@id":"https:\/\/kamagra-official.to\/sk\/product\/vidalista-80mg\/#primaryimage"},"thumbnailUrl":"https:\/\/kamagra-official.to\/wp-content\/uploads\/2025\/09\/vidalista80-2.jpg","datePublished":"2024-12-24T00:44:12+00:00","dateModified":"2025-10-02T19:21:40+00:00","breadcrumb":{"@id":"https:\/\/kamagra-official.to\/sk\/product\/vidalista-80mg\/#breadcrumb"},"inLanguage":"sk-SK","potentialAction":[{"@type":"ReadAction","target":["https:\/\/kamagra-official.to\/sk\/product\/vidalista-80mg\/"]}]},{"@type":"ImageObject","inLanguage":"sk-SK","@id":"https:\/\/kamagra-official.to\/sk\/product\/vidalista-80mg\/#primaryimage","url":"https:\/\/kamagra-official.to\/wp-content\/uploads\/2025\/09\/vidalista80-2.jpg","contentUrl":"https:\/\/kamagra-official.to\/wp-content\/uploads\/2025\/09\/vidalista80-2.jpg","width":1200,"height":1200},{"@type":"BreadcrumbList","@id":"https:\/\/kamagra-official.to\/sk\/product\/vidalista-80mg\/#breadcrumb","itemListElement":[{"@type":"ListItem","position":1,"name":"Home","item":"https:\/\/kamagra-official.to\/nl\/"},{"@type":"ListItem","position":2,"name":"Shop","item":"https:\/\/kamagra-official.to\/shop\/"},{"@type":"ListItem","position":3,"name":"Vidalista 80mg"}]},{"@type":"WebSite","@id":"https:\/\/kamagra-official.to\/#website","url":"https:\/\/kamagra-official.to\/","name":"kamagra-official.to","description":"Revitalize Your Sexual Energy Across Europe","publisher":{"@id":"https:\/\/kamagra-official.to\/#organization"},"potentialAction":[{"@type":"SearchAction","target":{"@type":"EntryPoint","urlTemplate":"https:\/\/kamagra-official.to\/?s={search_term_string}"},"query-input":{"@type":"PropertyValueSpecification","valueRequired":true,"valueName":"search_term_string"}}],"inLanguage":"sk-SK"},{"@type":"Organization","@id":"https:\/\/kamagra-official.to\/#organization","name":"kamagra-official.to","url":"https:\/\/kamagra-official.to\/","logo":{"@type":"ImageObject","inLanguage":"sk-SK","@id":"https:\/\/kamagra-official.to\/#\/schema\/logo\/image\/","url":"https:\/\/kamagra-official.to\/wp-content\/uploads\/2025\/02\/KAMAGRA-Photoroom-1.png","contentUrl":"https:\/\/kamagra-official.to\/wp-content\/uploads\/2025\/02\/KAMAGRA-Photoroom-1.png","width":150,"height":153,"caption":"kamagra-official.to"},"image":{"@id":"https:\/\/kamagra-official.to\/#\/schema\/logo\/image\/"}}]}},"_links":{"self":[{"href":"https:\/\/kamagra-official.to\/sk\/wp-json\/wp\/v2\/product\/24693","targetHints":{"allow":["GET"]}}],"collection":[{"href":"https:\/\/kamagra-official.to\/sk\/wp-json\/wp\/v2\/product"}],"about":[{"href":"https:\/\/kamagra-official.to\/sk\/wp-json\/wp\/v2\/types\/product"}],"wp:featuredmedia":[{"embeddable":true,"href":"https:\/\/kamagra-official.to\/sk\/wp-json\/wp\/v2\/media\/24070"}],"wp:attachment":[{"href":"https:\/\/kamagra-official.to\/sk\/wp-json\/wp\/v2\/media?parent=24693"}],"wp:term":[{"taxonomy":"product_brand","embeddable":true,"href":"https:\/\/kamagra-official.to\/sk\/wp-json\/wp\/v2\/product_brand?post=24693"},{"taxonomy":"product_cat","embeddable":true,"href":"https:\/\/kamagra-official.to\/sk\/wp-json\/wp\/v2\/product_cat?post=24693"},{"taxonomy":"product_tag","embeddable":true,"href":"https:\/\/kamagra-official.to\/sk\/wp-json\/wp\/v2\/product_tag?post=24693"}],"curies":[{"name":"wp","href":"https:\/\/api.w.org\/{rel}","templated":true}]}}