{"id":24654,"date":"2025-01-01T14:18:23","date_gmt":"2025-01-01T14:18:23","guid":{"rendered":"https:\/\/kamagra-official.to\/product\/super-kamagra-oral-jelly-160mg\/"},"modified":"2025-10-02T19:05:45","modified_gmt":"2025-10-02T19:05:45","slug":"super-kamagra-oral-jelly-160mg","status":"publish","type":"product","link":"https:\/\/kamagra-official.to\/sk\/product\/super-kamagra-oral-jelly-160mg\/","title":{"rendered":"Super Kamagra Oral Jelly 160mg"},"content":{"rendered":"<h3><strong>Super Kamagra Oral Jelly 160mg \u2013 dvojit\u00e1 sila pre maxim\u00e1lny v\u00fdkon v jednoduchom \u017eel\u00e9!<\/strong><\/h3>\n<p><strong>Super Kamagra Oral Jelly 160mg<\/strong> je dvojp\u00f4sobn\u00e9 or\u00e1lne \u017eel\u00e9 navrhnut\u00e9 na rie\u0161enie dvoch naj\u010dastej\u0161\u00edch probl\u00e9mov mu\u017eov: <strong>erektiln\u00e1 dysfunkcia<\/strong> a <strong>pred\u010dasn\u00e1 ejakul\u00e1cia<\/strong>. Ka\u017ed\u00fd s\u00e1\u010dok obsahuje:<\/p>\n<ul>\n<li><strong>100 mg Sildenafilu:<\/strong> Poskytuje pevn\u00fa, dlhotrvaj\u00facu erekciu zv\u00fd\u0161en\u00edm prietoku krvi do penisu.<\/li>\n<li><strong>60 mg Dapoxetinu:<\/strong> Pom\u00e1ha oddiali\u0165 ejakul\u00e1ciu pre pred\u013a\u017een\u00fa v\u00fddr\u017e a lep\u0161iu kontrolu.<\/li>\n<\/ul>\n<p>T\u00e1to jedine\u010dn\u00e1 kombin\u00e1cia zaru\u010duje uspokojiv\u00fd a nezabudnute\u013en\u00fd int\u00edmny z\u00e1\u017eitok \u2013 a pre v\u00e1s a v\u00e1\u0161ho partnera pr\u00edjemnej\u0161\u00ed sexu\u00e1lny \u017eivot.<\/p>\n<hr \/>\n<h3><strong>Hlavn\u00e9 v\u00fdhody<\/strong><\/h3>\n<ul>\n<li><strong>Dvojit\u00fd efekt:<\/strong> Siln\u00e1 podpora pre siln\u00fa erekciu a zlep\u0161enie kontroly nad vyvrcholen\u00edm.<\/li>\n<li><strong>R\u00fdchla akcia:<\/strong> \u017delat\u00ednov\u00e1 forma umo\u017e\u0148uje \u00fa\u010dinkova\u0165 u\u017e <strong>za 15\u201330 min\u00fat<\/strong> \u2013 ove\u013ea sk\u00f4r ako tabletky.<\/li>\n<li><strong>Jednoduch\u00e9 &#038; praktick\u00e9:<\/strong> Sta\u010d\u00ed len vytla\u010di\u0165 obsah do \u00fast \u2013 nie je potrebn\u00e1 voda.<\/li>\n<li><strong>V\u00fdborn\u00e1 chu\u0165:<\/strong> Ovocn\u00e9 pr\u00edchute eliminuj\u00fa ak\u00fako\u013evek medic\u00ednsku pachu\u0165.<\/li>\n<\/ul>\n<hr \/>\n<h3><strong>Odpor\u00fa\u010dan\u00e9 d\u00e1vkovanie<\/strong><\/h3>\n<ul>\n<li>Za\u010dnite s <strong>polovi\u010dn\u00fdm s\u00e1\u010dkom<\/strong>. Ak je to potrebn\u00e9, pou\u017eite cel\u00fd s\u00e1\u010dok.<\/li>\n<li>Neprekra\u010dujte <strong>jeden s\u00e1\u010dok (160mg) denne<\/strong>.<\/li>\n<\/ul>\n<hr \/>\n<h3><strong>Ako r\u00fdchlo to funguje?<\/strong><\/h3>\n<p>M\u00f4\u017eete c\u00edti\u0165 \u00fa\u010dinky u\u017e <strong>15\u201330 min\u00fat<\/strong> po pou\u017eit\u00ed, s v\u00fdsledkami trvaj\u00facimi pribli\u017ene <strong>4 hodiny<\/strong>. Sexu\u00e1lna stimul\u00e1cia je potrebn\u00e1 pre pln\u00fd efekt.<\/p>\n<hr \/>\n<h3><strong>Interakcie s alkoholom a jedlom<\/strong><\/h3>\n<p>Alkohol v\u00fdrazne zni\u017euje \u00fa\u010dinnos\u0165 a nie je odpor\u00fa\u010dan\u00fd. Mastn\u00e9 alebo \u0165a\u017ek\u00e9 jedl\u00e1 tie\u017e m\u00f4\u017eu spomali\u0165 n\u00e1stup \u00fa\u010dinku.<\/p>\n<hr \/>\n<h3><strong>Interakcie s in\u00fdmi liekmi<\/strong><\/h3>\n<p>Pred pou\u017eit\u00edm sa pora\u010fte s lek\u00e1rom, ak u\u017e\u00edvate:<\/p>\n<ul>\n<li><strong>Cimetid\u00edn<\/strong><\/li>\n<li><strong>Ketoconazol<\/strong><\/li>\n<li><strong>Erythromycin<\/strong><\/li>\n<\/ul>\n<p>Niektor\u00e9 kombin\u00e1cie m\u00f4\u017eu zn\u00ed\u017ei\u0165 \u00fa\u010dinnos\u0165 alebo zv\u00fd\u0161i\u0165 riziko ved\u013eaj\u0161\u00edch \u00fa\u010dinkov.<\/p>\n<hr \/>\n<h3><strong>Mo\u017en\u00e9 ved\u013eaj\u0161ie \u00fa\u010dinky<\/strong><\/h3>\n<p>Super Kamagra Oral Jelly 160mg je zvy\u010dajne dobre tolerovan\u00e1. Mo\u017en\u00e9 s\u00fa miern\u00e9 alebo kr\u00e1tkodob\u00e9 ved\u013eaj\u0161ie \u00fa\u010dinky, ako s\u00fa:<\/p>\n<ul>\n<li>Bolesti hlavy<\/li>\n<li>Krv\u00e1canie z nosa<\/li>\n<li>Nespavos\u0165<\/li>\n<li>Hna\u010dka<\/li>\n<\/ul>\n<p><strong>Menej be\u017en\u00e9:<\/strong><\/p>\n<ul>\n<li>Z\u00e1vraty<\/li>\n<li>Rozmazan\u00e9 videnie<\/li>\n<li>Boles\u0165 svalov<\/li>\n<li>Nauzea<\/li>\n<li>Vyr\u00e1\u017eka<\/li>\n<li>Uzavret\u00fd nos<\/li>\n<\/ul>\n<p>Kontaktujte svojho lek\u00e1ra, ak m\u00e1te v\u00e1\u017ene alebo pretrv\u00e1vaj\u00face probl\u00e9my.<\/p>\n<hr \/>\n<h3><strong>Kedy to nepou\u017e\u00edva\u0165?<\/strong><\/h3>\n<p>Nepou\u017e\u00edvajte, ak:<\/p>\n<ul>\n<li>Ste alergick\u00fd na <strong>sildenafil<\/strong> alebo <strong>dapoxetin<\/strong><\/li>\n<li>U\u017e\u00edvate in\u00e9 lieky na ED<\/li>\n<li>M\u00e1te v\u00e1\u017ene srdcov\u00e9, pe\u010de\u0148ov\u00e9, alebo obli\u010dkov\u00e9 probl\u00e9my<\/li>\n<li>Mali ste infarkt alebo m\u0155tvicu<\/li>\n<li>M\u00e1te n\u00edzky alebo vysok\u00fd krvn\u00fd tlak<\/li>\n<\/ul>\n<hr \/>\n<h3><strong>Skladovanie<\/strong><\/h3>\n<ul>\n<li>Uchov\u00e1vajte v p\u00f4vodnom obale, mimo dosahu det\u00ed<\/li>\n<li>Skladujte pri <strong>10\u201330\u00b0C<\/strong> na suchom, tmavom mieste mimo dosahu slnka<\/li>\n<\/ul>\n","protected":false},"excerpt":{"rendered":"<p><strong>100 mg Sildenafil + 60 mg Dapoxetine<\/strong><\/p>\n<p>Tento bal\u00ed\u010dek obsahuje 7 g\u00e9lov\u00fdch s\u00e1\u010dikov, ka\u017ed\u00fd kombinuje 100 mg sildenafilu pre spo\u013eahliv\u00fa podporu pri erekcii a 60 mg dapoxet\u00ednu na pomoc pri ome\u0161kan\u00ed ejakul\u00e1cie. Navrhnut\u00e9 pre maxim\u00e1lny sexu\u00e1lny v\u00fdkon, tieto praktick\u00e9 g\u00e9lov\u00e9 s\u00e1\u010diky poskytuj\u00fa r\u00fdchl\u00fd n\u00e1stup a dvojit\u00fa akciu &#8211; ide\u00e1lne pre mu\u017eov h\u013eadaj\u00facich d\u00f4veru a zlep\u0161en\u00fa kontrolu v ka\u017edom int\u00edmnom momente.<\/p>\n","protected":false},"featured_media":24202,"template":"","meta":[],"product_brand":[],"product_cat":[184,189,188,190],"product_tag":[],"class_list":{"0":"post-24654","1":"product","2":"type-product","3":"status-publish","4":"has-post-thumbnail","6":"product_cat-genericka-viagra-sk","7":"product_cat-podpora-erekcie","8":"product_cat-tablety-kamagra-sk","9":"product_cat-viagra-bez-predpisu","11":"first","12":"instock","13":"shipping-taxable","14":"purchasable","15":"product-type-simple"},"yoast_head":"<!-- This site is optimized with the Yoast SEO plugin v27.5 - https:\/\/yoast.com\/product\/yoast-seo-wordpress\/ -->\n<title>Super Kamagra Oral Jelly 160mg - kamagra-official.to<\/title>\n<meta name=\"robots\" content=\"index, follow, max-snippet:-1, max-image-preview:large, max-video-preview:-1\" \/>\n<link rel=\"canonical\" href=\"https:\/\/kamagra-official.to\/sk\/product\/super-kamagra-oral-jelly-160mg\/\" \/>\n<meta property=\"og:locale\" content=\"sk_SK\" \/>\n<meta property=\"og:type\" content=\"article\" \/>\n<meta property=\"og:title\" content=\"Super Kamagra Oral Jelly 160mg - kamagra-official.to\" \/>\n<meta property=\"og:description\" content=\"100 mg Sildenafil + 60 mg Dapoxetine Tento bal\u00ed\u010dek obsahuje 7 g\u00e9lov\u00fdch s\u00e1\u010dikov, ka\u017ed\u00fd kombinuje 100 mg sildenafilu pre spo\u013eahliv\u00fa podporu pri erekcii a 60 mg dapoxet\u00ednu na pomoc pri ome\u0161kan\u00ed ejakul\u00e1cie. Navrhnut\u00e9 pre maxim\u00e1lny sexu\u00e1lny v\u00fdkon, tieto praktick\u00e9 g\u00e9lov\u00e9 s\u00e1\u010diky poskytuj\u00fa r\u00fdchl\u00fd n\u00e1stup a dvojit\u00fa akciu - ide\u00e1lne pre mu\u017eov h\u013eadaj\u00facich d\u00f4veru a zlep\u0161en\u00fa kontrolu v ka\u017edom int\u00edmnom momente.\" \/>\n<meta property=\"og:url\" content=\"https:\/\/kamagra-official.to\/sk\/product\/super-kamagra-oral-jelly-160mg\/\" \/>\n<meta property=\"og:site_name\" content=\"kamagra-official.to\" \/>\n<meta property=\"article:modified_time\" content=\"2025-10-02T19:05:45+00:00\" \/>\n<meta property=\"og:image\" content=\"https:\/\/kamagra-official.to\/wp-content\/uploads\/2025\/09\/super-kamagra-jelly-768x768-1.jpg\" \/>\n\t<meta property=\"og:image:width\" content=\"768\" \/>\n\t<meta property=\"og:image:height\" content=\"768\" \/>\n\t<meta property=\"og:image:type\" content=\"image\/jpeg\" \/>\n<meta name=\"twitter:card\" content=\"summary_large_image\" \/>\n<meta name=\"twitter:label1\" content=\"Predpokladan\u00fd \u010das \u010d\u00edtania\" \/>\n\t<meta name=\"twitter:data1\" content=\"2 min\u00faty\" \/>\n<script type=\"application\/ld+json\" class=\"yoast-schema-graph\">{\"@context\":\"https:\\\/\\\/schema.org\",\"@graph\":[{\"@type\":\"WebPage\",\"@id\":\"https:\\\/\\\/kamagra-official.to\\\/sk\\\/product\\\/super-kamagra-oral-jelly-160mg\\\/\",\"url\":\"https:\\\/\\\/kamagra-official.to\\\/sk\\\/product\\\/super-kamagra-oral-jelly-160mg\\\/\",\"name\":\"Super Kamagra Oral Jelly 160mg - kamagra-official.to\",\"isPartOf\":{\"@id\":\"https:\\\/\\\/kamagra-official.to\\\/#website\"},\"primaryImageOfPage\":{\"@id\":\"https:\\\/\\\/kamagra-official.to\\\/sk\\\/product\\\/super-kamagra-oral-jelly-160mg\\\/#primaryimage\"},\"image\":{\"@id\":\"https:\\\/\\\/kamagra-official.to\\\/sk\\\/product\\\/super-kamagra-oral-jelly-160mg\\\/#primaryimage\"},\"thumbnailUrl\":\"https:\\\/\\\/kamagra-official.to\\\/wp-content\\\/uploads\\\/2025\\\/09\\\/super-kamagra-jelly-768x768-1.jpg\",\"datePublished\":\"2025-01-01T14:18:23+00:00\",\"dateModified\":\"2025-10-02T19:05:45+00:00\",\"breadcrumb\":{\"@id\":\"https:\\\/\\\/kamagra-official.to\\\/sk\\\/product\\\/super-kamagra-oral-jelly-160mg\\\/#breadcrumb\"},\"inLanguage\":\"sk-SK\",\"potentialAction\":[{\"@type\":\"ReadAction\",\"target\":[\"https:\\\/\\\/kamagra-official.to\\\/sk\\\/product\\\/super-kamagra-oral-jelly-160mg\\\/\"]}]},{\"@type\":\"ImageObject\",\"inLanguage\":\"sk-SK\",\"@id\":\"https:\\\/\\\/kamagra-official.to\\\/sk\\\/product\\\/super-kamagra-oral-jelly-160mg\\\/#primaryimage\",\"url\":\"https:\\\/\\\/kamagra-official.to\\\/wp-content\\\/uploads\\\/2025\\\/09\\\/super-kamagra-jelly-768x768-1.jpg\",\"contentUrl\":\"https:\\\/\\\/kamagra-official.to\\\/wp-content\\\/uploads\\\/2025\\\/09\\\/super-kamagra-jelly-768x768-1.jpg\",\"width\":768,\"height\":768},{\"@type\":\"BreadcrumbList\",\"@id\":\"https:\\\/\\\/kamagra-official.to\\\/sk\\\/product\\\/super-kamagra-oral-jelly-160mg\\\/#breadcrumb\",\"itemListElement\":[{\"@type\":\"ListItem\",\"position\":1,\"name\":\"Home\",\"item\":\"https:\\\/\\\/kamagra-official.to\\\/nl\\\/\"},{\"@type\":\"ListItem\",\"position\":2,\"name\":\"Shop\",\"item\":\"https:\\\/\\\/kamagra-official.to\\\/shop\\\/\"},{\"@type\":\"ListItem\",\"position\":3,\"name\":\"Super Kamagra Oral Jelly 160mg\"}]},{\"@type\":\"WebSite\",\"@id\":\"https:\\\/\\\/kamagra-official.to\\\/#website\",\"url\":\"https:\\\/\\\/kamagra-official.to\\\/\",\"name\":\"kamagra-official.to\",\"description\":\"Revitalize Your Sexual Energy Across Europe\",\"publisher\":{\"@id\":\"https:\\\/\\\/kamagra-official.to\\\/#organization\"},\"potentialAction\":[{\"@type\":\"SearchAction\",\"target\":{\"@type\":\"EntryPoint\",\"urlTemplate\":\"https:\\\/\\\/kamagra-official.to\\\/?s={search_term_string}\"},\"query-input\":{\"@type\":\"PropertyValueSpecification\",\"valueRequired\":true,\"valueName\":\"search_term_string\"}}],\"inLanguage\":\"sk-SK\"},{\"@type\":\"Organization\",\"@id\":\"https:\\\/\\\/kamagra-official.to\\\/#organization\",\"name\":\"kamagra-official.to\",\"url\":\"https:\\\/\\\/kamagra-official.to\\\/\",\"logo\":{\"@type\":\"ImageObject\",\"inLanguage\":\"sk-SK\",\"@id\":\"https:\\\/\\\/kamagra-official.to\\\/#\\\/schema\\\/logo\\\/image\\\/\",\"url\":\"https:\\\/\\\/kamagra-official.to\\\/wp-content\\\/uploads\\\/2025\\\/02\\\/KAMAGRA-Photoroom-1.png\",\"contentUrl\":\"https:\\\/\\\/kamagra-official.to\\\/wp-content\\\/uploads\\\/2025\\\/02\\\/KAMAGRA-Photoroom-1.png\",\"width\":150,\"height\":153,\"caption\":\"kamagra-official.to\"},\"image\":{\"@id\":\"https:\\\/\\\/kamagra-official.to\\\/#\\\/schema\\\/logo\\\/image\\\/\"}}]}<\/script>\n<!-- \/ Yoast SEO plugin. -->","yoast_head_json":{"title":"Super Kamagra Oral Jelly 160mg - kamagra-official.to","robots":{"index":"index","follow":"follow","max-snippet":"max-snippet:-1","max-image-preview":"max-image-preview:large","max-video-preview":"max-video-preview:-1"},"canonical":"https:\/\/kamagra-official.to\/sk\/product\/super-kamagra-oral-jelly-160mg\/","og_locale":"sk_SK","og_type":"article","og_title":"Super Kamagra Oral Jelly 160mg - kamagra-official.to","og_description":"100 mg Sildenafil + 60 mg Dapoxetine Tento bal\u00ed\u010dek obsahuje 7 g\u00e9lov\u00fdch s\u00e1\u010dikov, ka\u017ed\u00fd kombinuje 100 mg sildenafilu pre spo\u013eahliv\u00fa podporu pri erekcii a 60 mg dapoxet\u00ednu na pomoc pri ome\u0161kan\u00ed ejakul\u00e1cie. Navrhnut\u00e9 pre maxim\u00e1lny sexu\u00e1lny v\u00fdkon, tieto praktick\u00e9 g\u00e9lov\u00e9 s\u00e1\u010diky poskytuj\u00fa r\u00fdchl\u00fd n\u00e1stup a dvojit\u00fa akciu - ide\u00e1lne pre mu\u017eov h\u013eadaj\u00facich d\u00f4veru a zlep\u0161en\u00fa kontrolu v ka\u017edom int\u00edmnom momente.","og_url":"https:\/\/kamagra-official.to\/sk\/product\/super-kamagra-oral-jelly-160mg\/","og_site_name":"kamagra-official.to","article_modified_time":"2025-10-02T19:05:45+00:00","og_image":[{"width":768,"height":768,"url":"https:\/\/kamagra-official.to\/wp-content\/uploads\/2025\/09\/super-kamagra-jelly-768x768-1.jpg","type":"image\/jpeg"}],"twitter_card":"summary_large_image","twitter_misc":{"Predpokladan\u00fd \u010das \u010d\u00edtania":"2 min\u00faty"},"schema":{"@context":"https:\/\/schema.org","@graph":[{"@type":"WebPage","@id":"https:\/\/kamagra-official.to\/sk\/product\/super-kamagra-oral-jelly-160mg\/","url":"https:\/\/kamagra-official.to\/sk\/product\/super-kamagra-oral-jelly-160mg\/","name":"Super Kamagra Oral Jelly 160mg - kamagra-official.to","isPartOf":{"@id":"https:\/\/kamagra-official.to\/#website"},"primaryImageOfPage":{"@id":"https:\/\/kamagra-official.to\/sk\/product\/super-kamagra-oral-jelly-160mg\/#primaryimage"},"image":{"@id":"https:\/\/kamagra-official.to\/sk\/product\/super-kamagra-oral-jelly-160mg\/#primaryimage"},"thumbnailUrl":"https:\/\/kamagra-official.to\/wp-content\/uploads\/2025\/09\/super-kamagra-jelly-768x768-1.jpg","datePublished":"2025-01-01T14:18:23+00:00","dateModified":"2025-10-02T19:05:45+00:00","breadcrumb":{"@id":"https:\/\/kamagra-official.to\/sk\/product\/super-kamagra-oral-jelly-160mg\/#breadcrumb"},"inLanguage":"sk-SK","potentialAction":[{"@type":"ReadAction","target":["https:\/\/kamagra-official.to\/sk\/product\/super-kamagra-oral-jelly-160mg\/"]}]},{"@type":"ImageObject","inLanguage":"sk-SK","@id":"https:\/\/kamagra-official.to\/sk\/product\/super-kamagra-oral-jelly-160mg\/#primaryimage","url":"https:\/\/kamagra-official.to\/wp-content\/uploads\/2025\/09\/super-kamagra-jelly-768x768-1.jpg","contentUrl":"https:\/\/kamagra-official.to\/wp-content\/uploads\/2025\/09\/super-kamagra-jelly-768x768-1.jpg","width":768,"height":768},{"@type":"BreadcrumbList","@id":"https:\/\/kamagra-official.to\/sk\/product\/super-kamagra-oral-jelly-160mg\/#breadcrumb","itemListElement":[{"@type":"ListItem","position":1,"name":"Home","item":"https:\/\/kamagra-official.to\/nl\/"},{"@type":"ListItem","position":2,"name":"Shop","item":"https:\/\/kamagra-official.to\/shop\/"},{"@type":"ListItem","position":3,"name":"Super Kamagra Oral Jelly 160mg"}]},{"@type":"WebSite","@id":"https:\/\/kamagra-official.to\/#website","url":"https:\/\/kamagra-official.to\/","name":"kamagra-official.to","description":"Revitalize Your Sexual Energy Across Europe","publisher":{"@id":"https:\/\/kamagra-official.to\/#organization"},"potentialAction":[{"@type":"SearchAction","target":{"@type":"EntryPoint","urlTemplate":"https:\/\/kamagra-official.to\/?s={search_term_string}"},"query-input":{"@type":"PropertyValueSpecification","valueRequired":true,"valueName":"search_term_string"}}],"inLanguage":"sk-SK"},{"@type":"Organization","@id":"https:\/\/kamagra-official.to\/#organization","name":"kamagra-official.to","url":"https:\/\/kamagra-official.to\/","logo":{"@type":"ImageObject","inLanguage":"sk-SK","@id":"https:\/\/kamagra-official.to\/#\/schema\/logo\/image\/","url":"https:\/\/kamagra-official.to\/wp-content\/uploads\/2025\/02\/KAMAGRA-Photoroom-1.png","contentUrl":"https:\/\/kamagra-official.to\/wp-content\/uploads\/2025\/02\/KAMAGRA-Photoroom-1.png","width":150,"height":153,"caption":"kamagra-official.to"},"image":{"@id":"https:\/\/kamagra-official.to\/#\/schema\/logo\/image\/"}}]}},"_links":{"self":[{"href":"https:\/\/kamagra-official.to\/sk\/wp-json\/wp\/v2\/product\/24654","targetHints":{"allow":["GET"]}}],"collection":[{"href":"https:\/\/kamagra-official.to\/sk\/wp-json\/wp\/v2\/product"}],"about":[{"href":"https:\/\/kamagra-official.to\/sk\/wp-json\/wp\/v2\/types\/product"}],"wp:featuredmedia":[{"embeddable":true,"href":"https:\/\/kamagra-official.to\/sk\/wp-json\/wp\/v2\/media\/24202"}],"wp:attachment":[{"href":"https:\/\/kamagra-official.to\/sk\/wp-json\/wp\/v2\/media?parent=24654"}],"wp:term":[{"taxonomy":"product_brand","embeddable":true,"href":"https:\/\/kamagra-official.to\/sk\/wp-json\/wp\/v2\/product_brand?post=24654"},{"taxonomy":"product_cat","embeddable":true,"href":"https:\/\/kamagra-official.to\/sk\/wp-json\/wp\/v2\/product_cat?post=24654"},{"taxonomy":"product_tag","embeddable":true,"href":"https:\/\/kamagra-official.to\/sk\/wp-json\/wp\/v2\/product_tag?post=24654"}],"curies":[{"name":"wp","href":"https:\/\/api.w.org\/{rel}","templated":true}]}}