{"id":24564,"date":"2025-09-17T00:02:19","date_gmt":"2025-09-17T00:02:19","guid":{"rendered":"https:\/\/kamagra-official.to\/product\/vilitra-20mg\/"},"modified":"2025-10-02T18:37:36","modified_gmt":"2025-10-02T18:37:36","slug":"vilitra-20mg","status":"publish","type":"product","link":"https:\/\/kamagra-official.to\/sk\/product\/vilitra-20mg\/","title":{"rendered":"Vilitra 20mg"},"content":{"rendered":"<h3><strong>Vilitra 20mg \u2013 Spo\u013eahliv\u00e1 vo\u013eba pre siln\u00fa, trvaj\u00facu erekciu!<\/strong><\/h3>\n<p><strong>Vilitra 20mg<\/strong> obsahuje \u00fa\u010dinn\u00fa l\u00e1tku <strong>Vardenafil (20 mg)<\/strong>, \u0161peci\u00e1lne formulovan\u00fa na lie\u010dbu <strong>erektilnej dysfunkcie<\/strong> u mu\u017eov h\u013eadaj\u00facich bezpe\u010dn\u00fa a spo\u013eahliv\u00fa podporu.<\/p>\n<ul>\n<li><strong>Vardenafil<\/strong> zvy\u0161uje prietok krvi do penisu a podporuje tak siln\u00e9 a udr\u017eate\u013en\u00e9 erekcie po\u010das sexu\u00e1lneho vzru\u0161enia.<\/li>\n<li><strong>Presne d\u00e1vkovan\u00e9<\/strong>\u2014ide\u00e1lne pre mu\u017eov, ktor\u00ed chc\u00fa efekt\u00edvnu a bezpe\u010dn\u00fa podporu pre svoj intimn\u00fd \u017eivot.<\/li>\n<\/ul>\n<p>S <strong>Vilitra 20mg<\/strong> z\u00edskate sebavedomie a pote\u0161enie zo svojho sexu\u00e1lneho \u017eivota. Sk\u00faste Vilitra dnes a znova objavte pote\u0161enie v ka\u017edej intimnej chv\u00edli!<\/p>\n<hr \/>\n<h3><strong>V\u00fdhody Vilitra 20mg<\/strong><\/h3>\n<ul>\n<li><strong>Siln\u00e1 erekcia:<\/strong> Vardenafil zabezpe\u010d\u00ed pevn\u00fa, trvaj\u00facu podporu po\u010das int\u00edmneho styku.<\/li>\n<li><strong>R\u00fdchly n\u00e1stup \u00fa\u010dinku:<\/strong> \u00da\u010dinky sa objavia do 30\u201360 min\u00fat.<\/li>\n<li><strong>Pred\u013a\u017een\u00fd \u00fa\u010dinok:<\/strong> U\u017e\u00edvajte si a\u017e 8 hod\u00edn spo\u013eahliv\u00e9ho v\u00fdkonu.<\/li>\n<li><strong>Zv\u00fd\u0161enie sebavedomia:<\/strong> Zvy\u0161uje istotu a zni\u017euje \u00fazkosti z v\u00fdkonu.<\/li>\n<li><strong>Diskr\u00e9tne balenie:<\/strong> Tabletky s\u00fa \u013eahko prenosn\u00e9\u2014ide\u00e1lne na cesty alebo na ka\u017edodenn\u00e9 pou\u017eitie.<\/li>\n<\/ul>\n<hr \/>\n<h3><strong>D\u00e1vkovanie a pod\u00e1vanie<\/strong><\/h3>\n<ul>\n<li>U\u017eite <strong>jednu tabletu (20mg)<\/strong> pribli\u017ene <strong>30\u201360 min\u00fat pred pl\u00e1novanou sexu\u00e1lnou aktivitou<\/strong>.<\/li>\n<li>Neprekra\u010dujte d\u00e1vku <strong>jednej tablety denne<\/strong>.<\/li>\n<li>Tabletku prehltajte s dostatkom vody.<\/li>\n<\/ul>\n<hr \/>\n<h3><strong>N\u00e1stup \u00fa\u010dinku<\/strong><\/h3>\n<p>Vilitra 20mg \u00fa\u010dinkuje do <strong>30\u201360 min\u00fat<\/strong> a trv\u00e1 a\u017e <strong>8 hod\u00edn<\/strong>. Tu\u010dn\u00e9 alebo \u0165a\u017ek\u00e9 jedl\u00e1 m\u00f4\u017eu spomali\u0165 jeho \u00fa\u010dinok. Je potrebn\u00e1 sexu\u00e1lna stimul\u00e1cia\u2014tento liek nie je afrodiziakum.<\/p>\n<hr \/>\n<h3><strong>Alkohol a jedlo<\/strong><\/h3>\n<p>Nie je odpor\u00fa\u010dan\u00e9 konzumova\u0165 alkohol, preto\u017ee m\u00f4\u017ee zni\u017eova\u0165 \u00fa\u010dinnos\u0165 Vilitry a zvy\u0161ova\u0165 ved\u013eaj\u0161ie \u00fa\u010dinky. \u0164a\u017ek\u00e9 jedl\u00e1 m\u00f4\u017eu tie\u017e spomali\u0165 n\u00e1stup \u00fa\u010dinku.<\/p>\n<hr \/>\n<h3><strong>Interakcie s in\u00fdmi liekmi<\/strong><\/h3>\n<p>Pred pou\u017eit\u00edm sa pora\u010fte so svoj\u00edm lek\u00e1rom, najm\u00e4 ak u\u017e\u00edvate:<\/p>\n<ul>\n<li><strong>Nitr\u00e1tov\u00e9 lieky<\/strong> (napr. na ang\u00ednu),<\/li>\n<li><strong>Cimetid\u00edn<\/strong>,<\/li>\n<li><strong>Ketoconazol<\/strong>,<\/li>\n<li><strong>Erythromyc\u00edn<\/strong>.<\/li>\n<\/ul>\n<p>Niektor\u00e9 kombin\u00e1cie m\u00f4\u017eu vies\u0165 k v\u00e1\u017enym ved\u013eaj\u0161\u00edm \u00fa\u010dinkom.<\/p>\n<hr \/>\n<h3><strong>Mo\u017en\u00e9 ved\u013eaj\u0161ie \u00fa\u010dinky<\/strong><\/h3>\n<p>Vilitra 20mg je v\u0161eobecne dobre tolerovan\u00e1, ale m\u00f4\u017ee sp\u00f4sobi\u0165 mierne, do\u010dasn\u00e9 ved\u013eaj\u0161ie \u00fa\u010dinky:<\/p>\n<p><strong>Be\u017en\u00e9:<\/strong><\/p>\n<ul>\n<li>Bolesti hlavy<\/li>\n<li>Za\u010dervenanie<\/li>\n<li>Nosov\u00e1 kongescia<\/li>\n<li>Trajenie<\/li>\n<\/ul>\n<p><strong>Menej be\u017en\u00e9:<\/strong><\/p>\n<ul>\n<li>Z\u00e1vraty<\/li>\n<li>Rozmazan\u00e9 videnie<\/li>\n<li>Muskelboles<\/li>\n<li>Nevo\u013enos\u0165<\/li>\n<\/ul>\n<p>Ak m\u00e1te z\u00e1va\u017en\u00e9 alebo pretrv\u00e1vaj\u00face probl\u00e9my, pora\u010fte sa so svoj\u00edm lek\u00e1rom.<\/p>\n<hr \/>\n<h3><strong>Kedy nie je vhodn\u00e9 u\u017e\u00edva\u0165 Vilitra?<\/strong><\/h3>\n<p>Neu\u017e\u00edvajte, ak:<\/p>\n<ul>\n<li>Ste alergick\u00fd na <strong>vardenafil<\/strong> alebo na ak\u00fako\u013evek in\u00fa zlo\u017eku.<\/li>\n<li>U\u017e\u00edvate <strong>lieky na b\u00e1ze nitr\u00e1tov<\/strong> alebo ur\u010dit\u00e9 lieky na lie\u010dbu ang\u00edny.<\/li>\n<li>M\u00e1te z\u00e1va\u017en\u00e9 srdcov\u00e9, pe\u010de\u0148ov\u00e9 alebo obli\u010dkov\u00e9 ochorenie.<\/li>\n<li>Mali ste infarkt alebo m\u0155tvicu.<\/li>\n<li>M\u00e1te ve\u013emi n\u00edzky alebo ve\u013emi vysok\u00fd krvn\u00fd tlak.<\/li>\n<\/ul>\n<hr \/>\n<h3><strong>Skladovanie<\/strong><\/h3>\n<ul>\n<li>Uchov\u00e1vajte v origin\u00e1lnom obale, mimo dosahu det\u00ed.<\/li>\n<li>Skladujte pri <strong>10\u201330\u00b0C<\/strong> na suchom mieste, mimo priameho slne\u010dn\u00e9ho svetla.<\/li>\n<\/ul>\n","protected":false},"excerpt":{"rendered":"<p><strong>20 mg Vardenafil<\/strong><\/p>\n<p>Toto balenie obsahuje 10 tabliet, ka\u017ed\u00e1 s 20 mg vardenafilu. Formulovan\u00e9 pre mu\u017eov, ktor\u00ed h\u013eadaj\u00fa overen\u00fa a \u00fa\u010dinn\u00fa podporu pri erektilnej dysfunkcii, tieto tabletky pon\u00fakaj\u00fa r\u00fdchly n\u00e1stup a dlhotrvaj\u00face v\u00fdsledky &#8211; zais\u0165uj\u00fa siln\u00e9, spo\u013eahliv\u00e9 erekcie a obnoven\u00fa d\u00f4veru v\u017edy, ke\u010f to najviac potrebujete.<\/p>\n","protected":false},"featured_media":24312,"template":"","meta":[],"product_brand":[],"product_cat":[183],"product_tag":[],"class_list":{"0":"post-24564","1":"product","2":"type-product","3":"status-publish","4":"has-post-thumbnail","6":"product_cat-genericka-levitra-sk","8":"first","9":"instock","10":"shipping-taxable","11":"purchasable","12":"product-type-simple"},"yoast_head":"<!-- This site is optimized with the Yoast SEO plugin v27.5 - https:\/\/yoast.com\/product\/yoast-seo-wordpress\/ -->\n<title>Vilitra 20mg - kamagra-official.to<\/title>\n<meta name=\"robots\" content=\"index, follow, max-snippet:-1, max-image-preview:large, max-video-preview:-1\" \/>\n<link rel=\"canonical\" href=\"https:\/\/kamagra-official.to\/sk\/product\/vilitra-20mg\/\" \/>\n<meta property=\"og:locale\" content=\"sk_SK\" \/>\n<meta property=\"og:type\" content=\"article\" \/>\n<meta property=\"og:title\" content=\"Vilitra 20mg - kamagra-official.to\" \/>\n<meta property=\"og:description\" content=\"20 mg Vardenafil Toto balenie obsahuje 10 tabliet, ka\u017ed\u00e1 s 20 mg vardenafilu. Formulovan\u00e9 pre mu\u017eov, ktor\u00ed h\u013eadaj\u00fa overen\u00fa a \u00fa\u010dinn\u00fa podporu pri erektilnej dysfunkcii, tieto tabletky pon\u00fakaj\u00fa r\u00fdchly n\u00e1stup a dlhotrvaj\u00face v\u00fdsledky - zais\u0165uj\u00fa siln\u00e9, spo\u013eahliv\u00e9 erekcie a obnoven\u00fa d\u00f4veru v\u017edy, ke\u010f to najviac potrebujete.\" \/>\n<meta property=\"og:url\" content=\"https:\/\/kamagra-official.to\/sk\/product\/vilitra-20mg\/\" \/>\n<meta property=\"og:site_name\" content=\"kamagra-official.to\" \/>\n<meta property=\"article:modified_time\" content=\"2025-10-02T18:37:36+00:00\" \/>\n<meta property=\"og:image\" content=\"https:\/\/kamagra-official.to\/wp-content\/uploads\/2025\/09\/vilitra-20-mg-with-medicine.png\" \/>\n\t<meta property=\"og:image:width\" content=\"1200\" \/>\n\t<meta property=\"og:image:height\" content=\"1200\" \/>\n\t<meta property=\"og:image:type\" content=\"image\/png\" \/>\n<meta name=\"twitter:card\" content=\"summary_large_image\" \/>\n<meta name=\"twitter:label1\" content=\"Predpokladan\u00fd \u010das \u010d\u00edtania\" \/>\n\t<meta name=\"twitter:data1\" content=\"2 min\u00faty\" \/>\n<script type=\"application\/ld+json\" class=\"yoast-schema-graph\">{\"@context\":\"https:\\\/\\\/schema.org\",\"@graph\":[{\"@type\":\"WebPage\",\"@id\":\"https:\\\/\\\/kamagra-official.to\\\/sk\\\/product\\\/vilitra-20mg\\\/\",\"url\":\"https:\\\/\\\/kamagra-official.to\\\/sk\\\/product\\\/vilitra-20mg\\\/\",\"name\":\"Vilitra 20mg - kamagra-official.to\",\"isPartOf\":{\"@id\":\"https:\\\/\\\/kamagra-official.to\\\/#website\"},\"primaryImageOfPage\":{\"@id\":\"https:\\\/\\\/kamagra-official.to\\\/sk\\\/product\\\/vilitra-20mg\\\/#primaryimage\"},\"image\":{\"@id\":\"https:\\\/\\\/kamagra-official.to\\\/sk\\\/product\\\/vilitra-20mg\\\/#primaryimage\"},\"thumbnailUrl\":\"https:\\\/\\\/kamagra-official.to\\\/wp-content\\\/uploads\\\/2025\\\/09\\\/vilitra-20-mg-with-medicine.png\",\"datePublished\":\"2025-09-17T00:02:19+00:00\",\"dateModified\":\"2025-10-02T18:37:36+00:00\",\"breadcrumb\":{\"@id\":\"https:\\\/\\\/kamagra-official.to\\\/sk\\\/product\\\/vilitra-20mg\\\/#breadcrumb\"},\"inLanguage\":\"sk-SK\",\"potentialAction\":[{\"@type\":\"ReadAction\",\"target\":[\"https:\\\/\\\/kamagra-official.to\\\/sk\\\/product\\\/vilitra-20mg\\\/\"]}]},{\"@type\":\"ImageObject\",\"inLanguage\":\"sk-SK\",\"@id\":\"https:\\\/\\\/kamagra-official.to\\\/sk\\\/product\\\/vilitra-20mg\\\/#primaryimage\",\"url\":\"https:\\\/\\\/kamagra-official.to\\\/wp-content\\\/uploads\\\/2025\\\/09\\\/vilitra-20-mg-with-medicine.png\",\"contentUrl\":\"https:\\\/\\\/kamagra-official.to\\\/wp-content\\\/uploads\\\/2025\\\/09\\\/vilitra-20-mg-with-medicine.png\",\"width\":1200,\"height\":1200},{\"@type\":\"BreadcrumbList\",\"@id\":\"https:\\\/\\\/kamagra-official.to\\\/sk\\\/product\\\/vilitra-20mg\\\/#breadcrumb\",\"itemListElement\":[{\"@type\":\"ListItem\",\"position\":1,\"name\":\"Home\",\"item\":\"https:\\\/\\\/kamagra-official.to\\\/nl\\\/\"},{\"@type\":\"ListItem\",\"position\":2,\"name\":\"Shop\",\"item\":\"https:\\\/\\\/kamagra-official.to\\\/shop\\\/\"},{\"@type\":\"ListItem\",\"position\":3,\"name\":\"Vilitra 20mg\"}]},{\"@type\":\"WebSite\",\"@id\":\"https:\\\/\\\/kamagra-official.to\\\/#website\",\"url\":\"https:\\\/\\\/kamagra-official.to\\\/\",\"name\":\"kamagra-official.to\",\"description\":\"Revitalize Your Sexual Energy Across Europe\",\"publisher\":{\"@id\":\"https:\\\/\\\/kamagra-official.to\\\/#organization\"},\"potentialAction\":[{\"@type\":\"SearchAction\",\"target\":{\"@type\":\"EntryPoint\",\"urlTemplate\":\"https:\\\/\\\/kamagra-official.to\\\/?s={search_term_string}\"},\"query-input\":{\"@type\":\"PropertyValueSpecification\",\"valueRequired\":true,\"valueName\":\"search_term_string\"}}],\"inLanguage\":\"sk-SK\"},{\"@type\":\"Organization\",\"@id\":\"https:\\\/\\\/kamagra-official.to\\\/#organization\",\"name\":\"kamagra-official.to\",\"url\":\"https:\\\/\\\/kamagra-official.to\\\/\",\"logo\":{\"@type\":\"ImageObject\",\"inLanguage\":\"sk-SK\",\"@id\":\"https:\\\/\\\/kamagra-official.to\\\/#\\\/schema\\\/logo\\\/image\\\/\",\"url\":\"https:\\\/\\\/kamagra-official.to\\\/wp-content\\\/uploads\\\/2025\\\/02\\\/KAMAGRA-Photoroom-1.png\",\"contentUrl\":\"https:\\\/\\\/kamagra-official.to\\\/wp-content\\\/uploads\\\/2025\\\/02\\\/KAMAGRA-Photoroom-1.png\",\"width\":150,\"height\":153,\"caption\":\"kamagra-official.to\"},\"image\":{\"@id\":\"https:\\\/\\\/kamagra-official.to\\\/#\\\/schema\\\/logo\\\/image\\\/\"}}]}<\/script>\n<!-- \/ Yoast SEO plugin. -->","yoast_head_json":{"title":"Vilitra 20mg - kamagra-official.to","robots":{"index":"index","follow":"follow","max-snippet":"max-snippet:-1","max-image-preview":"max-image-preview:large","max-video-preview":"max-video-preview:-1"},"canonical":"https:\/\/kamagra-official.to\/sk\/product\/vilitra-20mg\/","og_locale":"sk_SK","og_type":"article","og_title":"Vilitra 20mg - kamagra-official.to","og_description":"20 mg Vardenafil Toto balenie obsahuje 10 tabliet, ka\u017ed\u00e1 s 20 mg vardenafilu. Formulovan\u00e9 pre mu\u017eov, ktor\u00ed h\u013eadaj\u00fa overen\u00fa a \u00fa\u010dinn\u00fa podporu pri erektilnej dysfunkcii, tieto tabletky pon\u00fakaj\u00fa r\u00fdchly n\u00e1stup a dlhotrvaj\u00face v\u00fdsledky - zais\u0165uj\u00fa siln\u00e9, spo\u013eahliv\u00e9 erekcie a obnoven\u00fa d\u00f4veru v\u017edy, ke\u010f to najviac potrebujete.","og_url":"https:\/\/kamagra-official.to\/sk\/product\/vilitra-20mg\/","og_site_name":"kamagra-official.to","article_modified_time":"2025-10-02T18:37:36+00:00","og_image":[{"width":1200,"height":1200,"url":"https:\/\/kamagra-official.to\/wp-content\/uploads\/2025\/09\/vilitra-20-mg-with-medicine.png","type":"image\/png"}],"twitter_card":"summary_large_image","twitter_misc":{"Predpokladan\u00fd \u010das \u010d\u00edtania":"2 min\u00faty"},"schema":{"@context":"https:\/\/schema.org","@graph":[{"@type":"WebPage","@id":"https:\/\/kamagra-official.to\/sk\/product\/vilitra-20mg\/","url":"https:\/\/kamagra-official.to\/sk\/product\/vilitra-20mg\/","name":"Vilitra 20mg - kamagra-official.to","isPartOf":{"@id":"https:\/\/kamagra-official.to\/#website"},"primaryImageOfPage":{"@id":"https:\/\/kamagra-official.to\/sk\/product\/vilitra-20mg\/#primaryimage"},"image":{"@id":"https:\/\/kamagra-official.to\/sk\/product\/vilitra-20mg\/#primaryimage"},"thumbnailUrl":"https:\/\/kamagra-official.to\/wp-content\/uploads\/2025\/09\/vilitra-20-mg-with-medicine.png","datePublished":"2025-09-17T00:02:19+00:00","dateModified":"2025-10-02T18:37:36+00:00","breadcrumb":{"@id":"https:\/\/kamagra-official.to\/sk\/product\/vilitra-20mg\/#breadcrumb"},"inLanguage":"sk-SK","potentialAction":[{"@type":"ReadAction","target":["https:\/\/kamagra-official.to\/sk\/product\/vilitra-20mg\/"]}]},{"@type":"ImageObject","inLanguage":"sk-SK","@id":"https:\/\/kamagra-official.to\/sk\/product\/vilitra-20mg\/#primaryimage","url":"https:\/\/kamagra-official.to\/wp-content\/uploads\/2025\/09\/vilitra-20-mg-with-medicine.png","contentUrl":"https:\/\/kamagra-official.to\/wp-content\/uploads\/2025\/09\/vilitra-20-mg-with-medicine.png","width":1200,"height":1200},{"@type":"BreadcrumbList","@id":"https:\/\/kamagra-official.to\/sk\/product\/vilitra-20mg\/#breadcrumb","itemListElement":[{"@type":"ListItem","position":1,"name":"Home","item":"https:\/\/kamagra-official.to\/nl\/"},{"@type":"ListItem","position":2,"name":"Shop","item":"https:\/\/kamagra-official.to\/shop\/"},{"@type":"ListItem","position":3,"name":"Vilitra 20mg"}]},{"@type":"WebSite","@id":"https:\/\/kamagra-official.to\/#website","url":"https:\/\/kamagra-official.to\/","name":"kamagra-official.to","description":"Revitalize Your Sexual Energy Across Europe","publisher":{"@id":"https:\/\/kamagra-official.to\/#organization"},"potentialAction":[{"@type":"SearchAction","target":{"@type":"EntryPoint","urlTemplate":"https:\/\/kamagra-official.to\/?s={search_term_string}"},"query-input":{"@type":"PropertyValueSpecification","valueRequired":true,"valueName":"search_term_string"}}],"inLanguage":"sk-SK"},{"@type":"Organization","@id":"https:\/\/kamagra-official.to\/#organization","name":"kamagra-official.to","url":"https:\/\/kamagra-official.to\/","logo":{"@type":"ImageObject","inLanguage":"sk-SK","@id":"https:\/\/kamagra-official.to\/#\/schema\/logo\/image\/","url":"https:\/\/kamagra-official.to\/wp-content\/uploads\/2025\/02\/KAMAGRA-Photoroom-1.png","contentUrl":"https:\/\/kamagra-official.to\/wp-content\/uploads\/2025\/02\/KAMAGRA-Photoroom-1.png","width":150,"height":153,"caption":"kamagra-official.to"},"image":{"@id":"https:\/\/kamagra-official.to\/#\/schema\/logo\/image\/"}}]}},"_links":{"self":[{"href":"https:\/\/kamagra-official.to\/sk\/wp-json\/wp\/v2\/product\/24564","targetHints":{"allow":["GET"]}}],"collection":[{"href":"https:\/\/kamagra-official.to\/sk\/wp-json\/wp\/v2\/product"}],"about":[{"href":"https:\/\/kamagra-official.to\/sk\/wp-json\/wp\/v2\/types\/product"}],"wp:featuredmedia":[{"embeddable":true,"href":"https:\/\/kamagra-official.to\/sk\/wp-json\/wp\/v2\/media\/24312"}],"wp:attachment":[{"href":"https:\/\/kamagra-official.to\/sk\/wp-json\/wp\/v2\/media?parent=24564"}],"wp:term":[{"taxonomy":"product_brand","embeddable":true,"href":"https:\/\/kamagra-official.to\/sk\/wp-json\/wp\/v2\/product_brand?post=24564"},{"taxonomy":"product_cat","embeddable":true,"href":"https:\/\/kamagra-official.to\/sk\/wp-json\/wp\/v2\/product_cat?post=24564"},{"taxonomy":"product_tag","embeddable":true,"href":"https:\/\/kamagra-official.to\/sk\/wp-json\/wp\/v2\/product_tag?post=24564"}],"curies":[{"name":"wp","href":"https:\/\/api.w.org\/{rel}","templated":true}]}}