{"id":24523,"date":"2025-09-17T00:03:50","date_gmt":"2025-09-17T00:03:50","guid":{"rendered":"https:\/\/kamagra-official.to\/product\/poxet-60mg\/"},"modified":"2025-10-02T18:36:47","modified_gmt":"2025-10-02T18:36:47","slug":"poxet-60mg","status":"publish","type":"product","link":"https:\/\/kamagra-official.to\/sk\/product\/poxet-60mg\/","title":{"rendered":"Poxet 60mg"},"content":{"rendered":"<h3><strong>Poxet 60mg \u2013 V\u00e4\u010d\u0161ia kontrola nad pred\u010dasnou ejakul\u00e1ciou!<\/strong><\/h3>\n<p><strong>Poxet<\/strong> obsahuje akt\u00edvnu zlo\u017eku <strong>Dapoxet\u00edn (60mg)<\/strong>, \u0161peci\u00e1lne formulovan\u00fa pre mu\u017eov trpiacich na <strong>pred\u010dasn\u00fa ejakul\u00e1ciu<\/strong>.<\/p>\n<ul>\n<li><strong>Dapoxet\u00edn<\/strong> je r\u00fdchlo p\u00f4sobiaci SSRI, ktor\u00fd pom\u00e1ha oddiali\u0165 ejakul\u00e1ciu a zlep\u0161uje vytrvalos\u0165.<\/li>\n<li><strong>Vylep\u0161en\u00e1 kontrola<\/strong> v\u00e1m umo\u017e\u0148uje u\u017e\u00edva\u0165 si dlh\u0161ie a uspokojivej\u0161ie chv\u00edle.<\/li>\n<\/ul>\n<p>Poxet 60mg v\u00e1m pom\u00e1ha vydr\u017ea\u0165 dlh\u0161ie a zvy\u0161uje kvalitu v\u00e1\u0161ho sexu\u00e1lneho \u017eivota. S ka\u017ed\u00fdm stretnut\u00edm dosiahnite v\u00e4\u010d\u0161iu sebad\u00f4veru!<\/p>\n<hr \/>\n<h3><strong>V\u00fdhody produktu<\/strong><\/h3>\n<ul>\n<li><strong>Oddiali ejakul\u00e1ciu:<\/strong> Dapoxet\u00edn predl\u017euje \u010das do vrcholu a d\u00e1va v\u00e1m lep\u0161iu kontrolu.<\/li>\n<li><strong>Pred\u013a\u017een\u00e1 vytrvalos\u0165:<\/strong> Umo\u017e\u0148uje v\u00e1m pred\u013a\u017ei\u0165 sexu\u00e1lnu aktivitu.<\/li>\n<li><strong>Viac uspokojenia:<\/strong> Zlep\u0161uje celkov\u00fd sexu\u00e1lny z\u00e1\u017eitok pre obe strany.<\/li>\n<li><strong>V\u00e4\u010d\u0161ia sebad\u00f4vera:<\/strong> \u00daspech v odklade zvy\u0161uje va\u0161e pokoj mysli a seba\u00factu.<\/li>\n<li><strong>Diskr\u00e9tne balenie:<\/strong> Tablety s\u00fa \u013eahko prenosn\u00e9 a m\u00f4\u017eete ich pou\u017ei\u0165 v\u017edy, ke\u010f je to potrebn\u00e9.<\/li>\n<\/ul>\n<hr \/>\n<h3><strong>Odpor\u00fa\u010dan\u00e9 d\u00e1vkovanie<\/strong><\/h3>\n<ul>\n<li>U\u017eite <strong>jednu tabletu (60mg)<\/strong> pribli\u017ene <strong>1\u20133 hodiny pred pl\u00e1novanou sexu\u00e1lnou aktivitou<\/strong>.<\/li>\n<li>Neprekra\u010dujte <strong>jednu tabletu za de\u0148<\/strong>.<\/li>\n<li>Tabletu prehltnite s <strong>dostatkom vody<\/strong>.<\/li>\n<\/ul>\n<hr \/>\n<h3><strong>N\u00e1stup &#038; Doba trvania<\/strong><\/h3>\n<p>Poxet 60mg obvykle za\u010d\u00edna p\u00f4sobi\u0165 do <strong>1\u20133 hod\u00edn<\/strong> od u\u017eitia.<br \/>\n\u00da\u010dinky trvaj\u00fa nieko\u013eko hod\u00edn, v z\u00e1vislosti od jednotlivca.<br \/>\n<strong>Sexu\u00e1lna stimul\u00e1cia<\/strong> je nevyhnutn\u00e1 pre pln\u00fd \u00fa\u010dinok.<\/p>\n<hr \/>\n<h3><strong>Poxet a alkohol<\/strong><\/h3>\n<p>U\u017e\u00edvanie s alkoholom <strong>nie je odpor\u00fa\u010dan\u00e9<\/strong>, preto\u017ee m\u00f4\u017ee zv\u00fd\u0161i\u0165 riziko ved\u013eaj\u0161\u00edch \u00fa\u010dinkov, ako je ospalos\u0165, z\u00e1vraty alebo zn\u00ed\u017een\u00fd fokus.<br \/>\nTaktie\u017e sa vyh\u00fdbajte grapefruitovej \u0161\u0165ave pri u\u017e\u00edvan\u00ed tohto lieku.<\/p>\n<hr \/>\n<h3><strong>Interakcie s liekmi<\/strong><\/h3>\n<p>Pred pou\u017eit\u00edm sa pora\u010fte s lek\u00e1rom, najm\u00e4 ak u\u017e\u00edvate:<\/p>\n<ul>\n<li><strong>In\u00e9 antidepres\u00edva alebo SSRI<\/strong><\/li>\n<li><strong>Inhib\u00edtory MAO<\/strong><\/li>\n<li><strong>Lieky na srdce<\/strong><\/li>\n<li><strong>Siln\u00e9 inhib\u00edtory CYP3A4<\/strong> (napr., ketoconazol, erytromyc\u00edn)<\/li>\n<\/ul>\n<p>Niektor\u00e9 kombin\u00e1cie m\u00f4\u017eu vies\u0165 k <strong>v\u00e1\u017enym ved\u013eaj\u0161\u00edm \u00fa\u010dinkom<\/strong>.<\/p>\n<hr \/>\n<h3><strong>Mo\u017en\u00e9 ved\u013eaj\u0161ie \u00fa\u010dinky<\/strong><\/h3>\n<p>Poxet 60mg je zvy\u010dajne dobre tolerovan\u00fd, av\u0161ak m\u00f4\u017eu sa ob\u010das vyskytn\u00fa\u0165 mierne alebo do\u010dasn\u00e9 ved\u013eaj\u0161ie \u00fa\u010dinky:<\/p>\n<p><strong>Be\u017en\u00e9 \u00fa\u010dinky:<\/strong><\/p>\n<ul>\n<li>Hlava<\/li>\n<li>Nauzea<\/li>\n<li>Sucho v \u00fastach<\/li>\n<li>Z\u00e1vraty<\/li>\n<li>Hna\u010dka<\/li>\n<\/ul>\n<p><strong>Menej be\u017en\u00e9 \u00fa\u010dinky:<\/strong><\/p>\n<ul>\n<li>Poruchy sp\u00e1nku<\/li>\n<li>Rozmazan\u00e9 videnie<\/li>\n<li>N\u00e1dcha<\/li>\n<li>\u00dazkos\u0165 alebo neklid<\/li>\n<\/ul>\n<p>Ak pr\u00edznaky pretrv\u00e1vaj\u00fa alebo s\u00fa v\u00e1\u017ene, pora\u010fte sa s lek\u00e1rom.<\/p>\n<hr \/>\n<h3><strong>Kedy nebra\u0165 Poxet?<\/strong><\/h3>\n<p>Nepou\u017e\u00edvajte, ak:<\/p>\n<ul>\n<li>Ste alergick\u00ed na <strong>dapoxet\u00edn<\/strong> alebo na ak\u00fako\u013evek zlo\u017eku lieku.<\/li>\n<li>M\u00e1te v\u00e1\u017ene ochorenia srdca, pe\u010dene alebo obli\u010diek.<\/li>\n<li>Trp\u00edte na k\u0155\u010de alebo bipol\u00e1rnu poruchu.<\/li>\n<li>U\u017e\u00edvate antidepres\u00edva SSRI alebo inhib\u00edtory MAO.<\/li>\n<li>Ste mlad\u0161\u00ed ako 18 rokov alebo star\u0161\u00ed ako 65 rokov.<\/li>\n<\/ul>\n<hr \/>\n<h3><strong>Skladovanie<\/strong><\/h3>\n<ul>\n<li>Uchov\u00e1vajte v p\u00f4vodnom obale, mimo dosahu det\u00ed.<\/li>\n<li>Skladujte pri teplote <strong>10\u201330\u00b0C<\/strong> na suchom mieste, mimo slne\u010dn\u00fdch l\u00fa\u010dov.<\/li>\n<\/ul>\n","protected":false},"excerpt":{"rendered":"<p><strong>60 mg Dapoxetine<\/strong><\/p>\n<p>Toto balenie obsahuje 4 tabletky, ka\u017ed\u00e1 s 60 mg dapoxet\u00ednu. S\u00fa navrhnut\u00e9 pre mu\u017eov, ktor\u00ed h\u013eadaj\u00fa lep\u0161iu kontrolu nad ejakul\u00e1ciou. Tieto tabletky pom\u00e1haj\u00fa oddiali\u0165 vrchol a pred\u013a\u017ei\u0165 int\u00edmne chv\u00edle, poskytuj\u00fa diskr\u00e9tne a spo\u013eahliv\u00e9 podporu pre zlep\u0161enie sexu\u00e1lnej istoty v\u017edy, ke\u010f to potrebujete.<\/p>\n","protected":false},"featured_media":24356,"template":"","meta":[],"product_brand":[],"product_cat":[187],"product_tag":[],"class_list":{"0":"post-24523","1":"product","2":"type-product","3":"status-publish","4":"has-post-thumbnail","6":"product_cat-oneskorenie-ejakulacie","8":"first","9":"instock","10":"shipping-taxable","11":"purchasable","12":"product-type-simple"},"yoast_head":"<!-- This site is optimized with the Yoast SEO plugin v27.5 - https:\/\/yoast.com\/product\/yoast-seo-wordpress\/ -->\n<title>Poxet 60mg - kamagra-official.to<\/title>\n<meta name=\"robots\" content=\"index, follow, max-snippet:-1, max-image-preview:large, max-video-preview:-1\" \/>\n<link rel=\"canonical\" href=\"https:\/\/kamagra-official.to\/sk\/product\/poxet-60mg\/\" \/>\n<meta property=\"og:locale\" content=\"sk_SK\" \/>\n<meta property=\"og:type\" content=\"article\" \/>\n<meta property=\"og:title\" content=\"Poxet 60mg - kamagra-official.to\" \/>\n<meta property=\"og:description\" content=\"60 mg Dapoxetine Toto balenie obsahuje 4 tabletky, ka\u017ed\u00e1 s 60 mg dapoxet\u00ednu. S\u00fa navrhnut\u00e9 pre mu\u017eov, ktor\u00ed h\u013eadaj\u00fa lep\u0161iu kontrolu nad ejakul\u00e1ciou. Tieto tabletky pom\u00e1haj\u00fa oddiali\u0165 vrchol a pred\u013a\u017ei\u0165 int\u00edmne chv\u00edle, poskytuj\u00fa diskr\u00e9tne a spo\u013eahliv\u00e9 podporu pre zlep\u0161enie sexu\u00e1lnej istoty v\u017edy, ke\u010f to potrebujete.\" \/>\n<meta property=\"og:url\" content=\"https:\/\/kamagra-official.to\/sk\/product\/poxet-60mg\/\" \/>\n<meta property=\"og:site_name\" content=\"kamagra-official.to\" \/>\n<meta property=\"article:modified_time\" content=\"2025-10-02T18:36:47+00:00\" \/>\n<meta property=\"og:image\" content=\"https:\/\/kamagra-official.to\/wp-content\/uploads\/2025\/09\/60mg-Dapo-xetine-HCL-Tablets.jpg\" \/>\n\t<meta property=\"og:image:width\" content=\"500\" \/>\n\t<meta property=\"og:image:height\" content=\"500\" \/>\n\t<meta property=\"og:image:type\" content=\"image\/jpeg\" \/>\n<meta name=\"twitter:card\" content=\"summary_large_image\" \/>\n<meta name=\"twitter:label1\" content=\"Predpokladan\u00fd \u010das \u010d\u00edtania\" \/>\n\t<meta name=\"twitter:data1\" content=\"2 min\u00faty\" \/>\n<script type=\"application\/ld+json\" class=\"yoast-schema-graph\">{\"@context\":\"https:\\\/\\\/schema.org\",\"@graph\":[{\"@type\":\"WebPage\",\"@id\":\"https:\\\/\\\/kamagra-official.to\\\/sk\\\/product\\\/poxet-60mg\\\/\",\"url\":\"https:\\\/\\\/kamagra-official.to\\\/sk\\\/product\\\/poxet-60mg\\\/\",\"name\":\"Poxet 60mg - kamagra-official.to\",\"isPartOf\":{\"@id\":\"https:\\\/\\\/kamagra-official.to\\\/#website\"},\"primaryImageOfPage\":{\"@id\":\"https:\\\/\\\/kamagra-official.to\\\/sk\\\/product\\\/poxet-60mg\\\/#primaryimage\"},\"image\":{\"@id\":\"https:\\\/\\\/kamagra-official.to\\\/sk\\\/product\\\/poxet-60mg\\\/#primaryimage\"},\"thumbnailUrl\":\"https:\\\/\\\/kamagra-official.to\\\/wp-content\\\/uploads\\\/2025\\\/09\\\/60mg-Dapo-xetine-HCL-Tablets.jpg\",\"datePublished\":\"2025-09-17T00:03:50+00:00\",\"dateModified\":\"2025-10-02T18:36:47+00:00\",\"breadcrumb\":{\"@id\":\"https:\\\/\\\/kamagra-official.to\\\/sk\\\/product\\\/poxet-60mg\\\/#breadcrumb\"},\"inLanguage\":\"sk-SK\",\"potentialAction\":[{\"@type\":\"ReadAction\",\"target\":[\"https:\\\/\\\/kamagra-official.to\\\/sk\\\/product\\\/poxet-60mg\\\/\"]}]},{\"@type\":\"ImageObject\",\"inLanguage\":\"sk-SK\",\"@id\":\"https:\\\/\\\/kamagra-official.to\\\/sk\\\/product\\\/poxet-60mg\\\/#primaryimage\",\"url\":\"https:\\\/\\\/kamagra-official.to\\\/wp-content\\\/uploads\\\/2025\\\/09\\\/60mg-Dapo-xetine-HCL-Tablets.jpg\",\"contentUrl\":\"https:\\\/\\\/kamagra-official.to\\\/wp-content\\\/uploads\\\/2025\\\/09\\\/60mg-Dapo-xetine-HCL-Tablets.jpg\",\"width\":500,\"height\":500},{\"@type\":\"BreadcrumbList\",\"@id\":\"https:\\\/\\\/kamagra-official.to\\\/sk\\\/product\\\/poxet-60mg\\\/#breadcrumb\",\"itemListElement\":[{\"@type\":\"ListItem\",\"position\":1,\"name\":\"Home\",\"item\":\"https:\\\/\\\/kamagra-official.to\\\/nl\\\/\"},{\"@type\":\"ListItem\",\"position\":2,\"name\":\"Shop\",\"item\":\"https:\\\/\\\/kamagra-official.to\\\/shop\\\/\"},{\"@type\":\"ListItem\",\"position\":3,\"name\":\"Poxet 60mg\"}]},{\"@type\":\"WebSite\",\"@id\":\"https:\\\/\\\/kamagra-official.to\\\/#website\",\"url\":\"https:\\\/\\\/kamagra-official.to\\\/\",\"name\":\"kamagra-official.to\",\"description\":\"Revitalize Your Sexual Energy Across Europe\",\"publisher\":{\"@id\":\"https:\\\/\\\/kamagra-official.to\\\/#organization\"},\"potentialAction\":[{\"@type\":\"SearchAction\",\"target\":{\"@type\":\"EntryPoint\",\"urlTemplate\":\"https:\\\/\\\/kamagra-official.to\\\/?s={search_term_string}\"},\"query-input\":{\"@type\":\"PropertyValueSpecification\",\"valueRequired\":true,\"valueName\":\"search_term_string\"}}],\"inLanguage\":\"sk-SK\"},{\"@type\":\"Organization\",\"@id\":\"https:\\\/\\\/kamagra-official.to\\\/#organization\",\"name\":\"kamagra-official.to\",\"url\":\"https:\\\/\\\/kamagra-official.to\\\/\",\"logo\":{\"@type\":\"ImageObject\",\"inLanguage\":\"sk-SK\",\"@id\":\"https:\\\/\\\/kamagra-official.to\\\/#\\\/schema\\\/logo\\\/image\\\/\",\"url\":\"https:\\\/\\\/kamagra-official.to\\\/wp-content\\\/uploads\\\/2025\\\/02\\\/KAMAGRA-Photoroom-1.png\",\"contentUrl\":\"https:\\\/\\\/kamagra-official.to\\\/wp-content\\\/uploads\\\/2025\\\/02\\\/KAMAGRA-Photoroom-1.png\",\"width\":150,\"height\":153,\"caption\":\"kamagra-official.to\"},\"image\":{\"@id\":\"https:\\\/\\\/kamagra-official.to\\\/#\\\/schema\\\/logo\\\/image\\\/\"}}]}<\/script>\n<!-- \/ Yoast SEO plugin. -->","yoast_head_json":{"title":"Poxet 60mg - kamagra-official.to","robots":{"index":"index","follow":"follow","max-snippet":"max-snippet:-1","max-image-preview":"max-image-preview:large","max-video-preview":"max-video-preview:-1"},"canonical":"https:\/\/kamagra-official.to\/sk\/product\/poxet-60mg\/","og_locale":"sk_SK","og_type":"article","og_title":"Poxet 60mg - kamagra-official.to","og_description":"60 mg Dapoxetine Toto balenie obsahuje 4 tabletky, ka\u017ed\u00e1 s 60 mg dapoxet\u00ednu. S\u00fa navrhnut\u00e9 pre mu\u017eov, ktor\u00ed h\u013eadaj\u00fa lep\u0161iu kontrolu nad ejakul\u00e1ciou. Tieto tabletky pom\u00e1haj\u00fa oddiali\u0165 vrchol a pred\u013a\u017ei\u0165 int\u00edmne chv\u00edle, poskytuj\u00fa diskr\u00e9tne a spo\u013eahliv\u00e9 podporu pre zlep\u0161enie sexu\u00e1lnej istoty v\u017edy, ke\u010f to potrebujete.","og_url":"https:\/\/kamagra-official.to\/sk\/product\/poxet-60mg\/","og_site_name":"kamagra-official.to","article_modified_time":"2025-10-02T18:36:47+00:00","og_image":[{"width":500,"height":500,"url":"https:\/\/kamagra-official.to\/wp-content\/uploads\/2025\/09\/60mg-Dapo-xetine-HCL-Tablets.jpg","type":"image\/jpeg"}],"twitter_card":"summary_large_image","twitter_misc":{"Predpokladan\u00fd \u010das \u010d\u00edtania":"2 min\u00faty"},"schema":{"@context":"https:\/\/schema.org","@graph":[{"@type":"WebPage","@id":"https:\/\/kamagra-official.to\/sk\/product\/poxet-60mg\/","url":"https:\/\/kamagra-official.to\/sk\/product\/poxet-60mg\/","name":"Poxet 60mg - kamagra-official.to","isPartOf":{"@id":"https:\/\/kamagra-official.to\/#website"},"primaryImageOfPage":{"@id":"https:\/\/kamagra-official.to\/sk\/product\/poxet-60mg\/#primaryimage"},"image":{"@id":"https:\/\/kamagra-official.to\/sk\/product\/poxet-60mg\/#primaryimage"},"thumbnailUrl":"https:\/\/kamagra-official.to\/wp-content\/uploads\/2025\/09\/60mg-Dapo-xetine-HCL-Tablets.jpg","datePublished":"2025-09-17T00:03:50+00:00","dateModified":"2025-10-02T18:36:47+00:00","breadcrumb":{"@id":"https:\/\/kamagra-official.to\/sk\/product\/poxet-60mg\/#breadcrumb"},"inLanguage":"sk-SK","potentialAction":[{"@type":"ReadAction","target":["https:\/\/kamagra-official.to\/sk\/product\/poxet-60mg\/"]}]},{"@type":"ImageObject","inLanguage":"sk-SK","@id":"https:\/\/kamagra-official.to\/sk\/product\/poxet-60mg\/#primaryimage","url":"https:\/\/kamagra-official.to\/wp-content\/uploads\/2025\/09\/60mg-Dapo-xetine-HCL-Tablets.jpg","contentUrl":"https:\/\/kamagra-official.to\/wp-content\/uploads\/2025\/09\/60mg-Dapo-xetine-HCL-Tablets.jpg","width":500,"height":500},{"@type":"BreadcrumbList","@id":"https:\/\/kamagra-official.to\/sk\/product\/poxet-60mg\/#breadcrumb","itemListElement":[{"@type":"ListItem","position":1,"name":"Home","item":"https:\/\/kamagra-official.to\/nl\/"},{"@type":"ListItem","position":2,"name":"Shop","item":"https:\/\/kamagra-official.to\/shop\/"},{"@type":"ListItem","position":3,"name":"Poxet 60mg"}]},{"@type":"WebSite","@id":"https:\/\/kamagra-official.to\/#website","url":"https:\/\/kamagra-official.to\/","name":"kamagra-official.to","description":"Revitalize Your Sexual Energy Across Europe","publisher":{"@id":"https:\/\/kamagra-official.to\/#organization"},"potentialAction":[{"@type":"SearchAction","target":{"@type":"EntryPoint","urlTemplate":"https:\/\/kamagra-official.to\/?s={search_term_string}"},"query-input":{"@type":"PropertyValueSpecification","valueRequired":true,"valueName":"search_term_string"}}],"inLanguage":"sk-SK"},{"@type":"Organization","@id":"https:\/\/kamagra-official.to\/#organization","name":"kamagra-official.to","url":"https:\/\/kamagra-official.to\/","logo":{"@type":"ImageObject","inLanguage":"sk-SK","@id":"https:\/\/kamagra-official.to\/#\/schema\/logo\/image\/","url":"https:\/\/kamagra-official.to\/wp-content\/uploads\/2025\/02\/KAMAGRA-Photoroom-1.png","contentUrl":"https:\/\/kamagra-official.to\/wp-content\/uploads\/2025\/02\/KAMAGRA-Photoroom-1.png","width":150,"height":153,"caption":"kamagra-official.to"},"image":{"@id":"https:\/\/kamagra-official.to\/#\/schema\/logo\/image\/"}}]}},"_links":{"self":[{"href":"https:\/\/kamagra-official.to\/sk\/wp-json\/wp\/v2\/product\/24523","targetHints":{"allow":["GET"]}}],"collection":[{"href":"https:\/\/kamagra-official.to\/sk\/wp-json\/wp\/v2\/product"}],"about":[{"href":"https:\/\/kamagra-official.to\/sk\/wp-json\/wp\/v2\/types\/product"}],"wp:featuredmedia":[{"embeddable":true,"href":"https:\/\/kamagra-official.to\/sk\/wp-json\/wp\/v2\/media\/24356"}],"wp:attachment":[{"href":"https:\/\/kamagra-official.to\/sk\/wp-json\/wp\/v2\/media?parent=24523"}],"wp:term":[{"taxonomy":"product_brand","embeddable":true,"href":"https:\/\/kamagra-official.to\/sk\/wp-json\/wp\/v2\/product_brand?post=24523"},{"taxonomy":"product_cat","embeddable":true,"href":"https:\/\/kamagra-official.to\/sk\/wp-json\/wp\/v2\/product_cat?post=24523"},{"taxonomy":"product_tag","embeddable":true,"href":"https:\/\/kamagra-official.to\/sk\/wp-json\/wp\/v2\/product_tag?post=24523"}],"curies":[{"name":"wp","href":"https:\/\/api.w.org\/{rel}","templated":true}]}}