{"id":24472,"date":"2025-01-01T13:57:26","date_gmt":"2025-01-01T13:57:26","guid":{"rendered":"https:\/\/kamagra-official.to\/product\/extra-super-p-force-200mg\/"},"modified":"2025-10-02T19:20:53","modified_gmt":"2025-10-02T19:20:53","slug":"extra-super-p-force-200mg","status":"publish","type":"product","link":"https:\/\/kamagra-official.to\/sk\/product\/extra-super-p-force-200mg\/","title":{"rendered":"Extra Super P-Force 200mg"},"content":{"rendered":"<h3><strong>Extra Super P-Force 200mg \u2013 Na nezabudnute\u013en\u00e9 int\u00edmne z\u00e1\u017eitky!<\/strong><\/h3>\n<p><strong>Extra Super P-Force 200mg<\/strong> kombinuje dve overen\u00e9 lie\u010div\u00e9 l\u00e1tky\u2014<strong>sildenafil<\/strong> a <strong>dapoxetine<\/strong>\u2014 pre spo\u013eahliv\u00e9 v\u00fdsledky u mu\u017eov s <strong>erektilnou dysfunkciou<\/strong> a <strong>pred\u010dasnou ejakul\u00e1ciou<\/strong>.<\/p>\n<ul>\n<li><strong>Sildenafil<\/strong> podporuje zv\u00fd\u0161en\u00fd prietok krvi, podporuj\u00fac siln\u00fa a trval\u00fa erekciu.<\/li>\n<li><strong>Dapoxetine<\/strong> \u00fa\u010dinne oddaluje ejakul\u00e1ciu, \u010d\u00edm pom\u00e1ha pred\u013a\u017ei\u0165 vytrvalos\u0165 po\u010das int\u00edmnej aktivity.<\/li>\n<\/ul>\n<p>Synergia t\u00fdchto zlo\u017eiek v jednej tabletke v\u00e1m poskytne intenzitu aj vytrvalos\u0165. Jedna d\u00e1vka je dos\u0165 na v\u00e1\u0161niv\u00e9, bezstarostn\u00e9 chv\u00edle!<\/p>\n<hr \/>\n<h3><strong>V\u00fdhody produktu<\/strong><\/h3>\n<ul>\n<li><strong>Dvojit\u00e1 akcia:<\/strong> Kombin\u00e1cia sildenafilu a dapoxetinu rie\u0161i probl\u00e9my s erekciou a pred\u010dasn\u00fd vrchol s\u00fa\u010dasne.<\/li>\n<li><strong>Spo\u013eahliv\u00fd v\u00fdkon:<\/strong> Ka\u017ed\u00e1 tabletka zabezpe\u010duje nieko\u013eko hod\u00edn pr\u00edjemn\u00e9ho, sebaisto int\u00edmneho, bez ob\u00e1v z pred\u010dasnej ejakul\u00e1cie.<\/li>\n<li><strong>Jednoduch\u00e9 pou\u017eitie:<\/strong> Zapi\u0165 vodou pribli\u017ene <strong>jednu hodinu pred pohlavn\u00fdm stykom<\/strong>.<\/li>\n<\/ul>\n<hr \/>\n<h3><strong>Odpor\u00fa\u010dan\u00e9 d\u00e1vkovanie<\/strong><\/h3>\n<p>Za\u010dnite s <strong>polovi\u010dnou tabletou<\/strong> Extra Super P-Force 200mg. Ak je to potrebn\u00e9, zv\u00fd\u0161te na cel\u00fa tabletu. Neprekra\u010dujte <strong>maxim\u00e1lnu jednu tabletu denne<\/strong>.<\/p>\n<hr \/>\n<h3><strong>Ako r\u00fdchlo \u00fa\u010dinkuje?<\/strong><\/h3>\n<p>Extra Super P-Force 200mg za\u010d\u00edna zvy\u010dajne \u00fa\u010dinkova\u0165 do <strong>30\u201360 min\u00fat<\/strong> po u\u017eit\u00ed a trv\u00e1 a\u017e <strong>5 hod\u00edn<\/strong>. Na pln\u00fd efekt je potrebn\u00e1 sexu\u00e1lna stimul\u00e1cia.<\/p>\n<hr \/>\n<h3><strong>Alkohol a jedlo<\/strong><\/h3>\n<p>Alkohol sa <strong>neodpor\u00fa\u010da<\/strong> s t\u00fdmto liekom, preto\u017ee m\u00f4\u017ee <strong>zn\u00ed\u017ei\u0165 \u00fa\u010dinnos\u0165<\/strong>. Rovnako, tu\u010dn\u00e9 alebo \u0165a\u017ek\u00e9 jedl\u00e1 m\u00f4\u017eu oddiali\u0165 n\u00e1stup \u00fa\u010dinnosti.<\/p>\n<hr \/>\n<h3><strong>Interakcie s in\u00fdmi liekmi<\/strong><\/h3>\n<p>V\u017edy sa pora\u010fte so svoj\u00edm lek\u00e1rom pred t\u00fdm, ne\u017e kombinujete Extra Super P-Force 200mg s in\u00fdmi liekmi, najm\u00e4:<\/p>\n<ul>\n<li><strong>Cimetid\u00edn<\/strong>,<\/li>\n<li><strong>Ketoconazol<\/strong>,<\/li>\n<li><strong>Erythromycin<\/strong>.<\/li>\n<\/ul>\n<p>Niektor\u00e9 lieky m\u00f4\u017eu zn\u00ed\u017ei\u0165 \u00fa\u010dinnos\u0165 alebo sp\u00f4sobi\u0165 <strong>ved\u013eaj\u0161ie \u00fa\u010dinky<\/strong>.<\/p>\n<hr \/>\n<h3><strong>Mo\u017en\u00e9 ved\u013eaj\u0161ie \u00fa\u010dinky<\/strong><\/h3>\n<p>V\u00e4\u010d\u0161ina \u013eud\u00ed toleruje Extra Super P-Force 200mg dobre; m\u00f4\u017eu sa vyskytn\u00fa\u0165 mierny, do\u010dasn\u00fd ved\u013eaj\u0161ie \u00fa\u010dinky:<\/p>\n<p><strong>Be\u017en\u00e9 ved\u013eaj\u0161ie \u00fa\u010dinky:<\/strong><\/p>\n<ul>\n<li>Za\u010dervenanie,<\/li>\n<li>Boles\u0165 hlavy.<\/li>\n<\/ul>\n<p><strong>Menej \u010dast\u00e9 ved\u013eaj\u0161ie \u00fa\u010dinky:<\/strong><\/p>\n<ul>\n<li>Z\u00e1vrat,<\/li>\n<li>Rozmazan\u00e9 videnie,<\/li>\n<li>Svalov\u00e9 bolesti,<\/li>\n<li>Nevo\u013enos\u0165,<\/li>\n<li>Vyr\u00e1\u017eka,<\/li>\n<li>Nosov\u00e1 kongescia.<\/li>\n<\/ul>\n<p>Obra\u0165te sa na svojho lek\u00e1ra, ak m\u00e1te ak\u00e9ko\u013evek pretrv\u00e1vaj\u00face alebo nepr\u00edjemn\u00e9 reakcie.<\/p>\n<hr \/>\n<h3><strong> Kedy nepou\u017e\u00edva\u0165 Extra Super P-Force 200mg<\/strong><\/h3>\n<p>Nepou\u017e\u00edvejte, ak:<\/p>\n<ul>\n<li>Pou\u017e\u00edvate <strong>lieky obsahuj\u00face nitr\u00e1ty<\/strong> (na ang\u00ednu pektoris).<\/li>\n<li>Trpeli ste <strong>infarktom, mozgovou pr\u00edhodou<\/strong> alebo <strong>zlyhan\u00edm srdca<\/strong> v priebehu posledn\u00fdch <strong>6 mesiacov<\/strong>.<\/li>\n<li>M\u00e1te <strong>tlakov\u00e9<\/strong> alebo <strong>zr\u00e1\u017eanlivostn\u00e9 poruchy<\/strong>.<\/li>\n<li>Ste <strong>alergick\u00fd<\/strong> na <strong>sildenafil<\/strong> alebo <strong>dapoxetine<\/strong>.<\/li>\n<\/ul>\n<hr \/>\n<h3><strong>Skadovanie<\/strong><\/h3>\n<p>Skladujte tabletky v p\u00f4vodnom obale mimo dosahu det\u00ed. Uchov\u00e1vajte pri <strong>10\u201330\u00b0C<\/strong> na suchom, chr\u00e1nenom pred slnkom.<\/p>\n","protected":false},"excerpt":{"rendered":"<p><strong>100 mg Sildenafil + 100 mg Dapoxetine<\/strong><\/p>\n<p>T\u00e1to krabi\u010dka obsahuje 4 tablety, ka\u017ed\u00e1 pon\u00faka siln\u00fa kombin\u00e1ciu 100 mg sildenafilu pre pevn\u00e9 a dlhotrvaj\u00face erekcie a 100 mg dapoxet\u00ednu na odklad ejakul\u00e1cie. \u0160peci\u00e1lne navrhnut\u00e9 pre mu\u017eov, ktor\u00ed chc\u00fa prekona\u0165 erektiln\u00fa dysfunkciu a pred\u010dasn\u00fa ejakul\u00e1ciu, toto dvoj\u010dinn\u00e9 rie\u0161enie poskytuje sebad\u00f4veru a spokojnos\u0165 na va\u0161e int\u00edmne chv\u00edle.<\/p>\n","protected":false},"featured_media":24158,"template":"","meta":[],"product_brand":[],"product_cat":[187],"product_tag":[],"class_list":{"0":"post-24472","1":"product","2":"type-product","3":"status-publish","4":"has-post-thumbnail","6":"product_cat-oneskorenie-ejakulacie","8":"first","9":"instock","10":"shipping-taxable","11":"purchasable","12":"product-type-simple"},"yoast_head":"<!-- This site is optimized with the Yoast SEO plugin v27.5 - https:\/\/yoast.com\/product\/yoast-seo-wordpress\/ -->\n<title>Extra Super P-Force 200mg - kamagra-official.to<\/title>\n<meta name=\"robots\" content=\"index, follow, max-snippet:-1, max-image-preview:large, max-video-preview:-1\" \/>\n<link rel=\"canonical\" href=\"https:\/\/kamagra-official.to\/sk\/product\/extra-super-p-force-200mg\/\" \/>\n<meta property=\"og:locale\" content=\"sk_SK\" \/>\n<meta property=\"og:type\" content=\"article\" \/>\n<meta property=\"og:title\" content=\"Extra Super P-Force 200mg - kamagra-official.to\" \/>\n<meta property=\"og:description\" content=\"100 mg Sildenafil + 100 mg Dapoxetine T\u00e1to krabi\u010dka obsahuje 4 tablety, ka\u017ed\u00e1 pon\u00faka siln\u00fa kombin\u00e1ciu 100 mg sildenafilu pre pevn\u00e9 a dlhotrvaj\u00face erekcie a 100 mg dapoxet\u00ednu na odklad ejakul\u00e1cie. \u0160peci\u00e1lne navrhnut\u00e9 pre mu\u017eov, ktor\u00ed chc\u00fa prekona\u0165 erektiln\u00fa dysfunkciu a pred\u010dasn\u00fa ejakul\u00e1ciu, toto dvoj\u010dinn\u00e9 rie\u0161enie poskytuje sebad\u00f4veru a spokojnos\u0165 na va\u0161e int\u00edmne chv\u00edle.\" \/>\n<meta property=\"og:url\" content=\"https:\/\/kamagra-official.to\/sk\/product\/extra-super-p-force-200mg\/\" \/>\n<meta property=\"og:site_name\" content=\"kamagra-official.to\" \/>\n<meta property=\"article:modified_time\" content=\"2025-10-02T19:20:53+00:00\" \/>\n<meta property=\"og:image\" content=\"https:\/\/kamagra-official.to\/wp-content\/uploads\/2025\/09\/extra-super-p-force-768x768-1.jpg\" \/>\n\t<meta property=\"og:image:width\" content=\"768\" \/>\n\t<meta property=\"og:image:height\" content=\"768\" \/>\n\t<meta property=\"og:image:type\" content=\"image\/jpeg\" \/>\n<meta name=\"twitter:card\" content=\"summary_large_image\" \/>\n<meta name=\"twitter:label1\" content=\"Predpokladan\u00fd \u010das \u010d\u00edtania\" \/>\n\t<meta name=\"twitter:data1\" content=\"2 min\u00faty\" \/>\n<script type=\"application\/ld+json\" class=\"yoast-schema-graph\">{\"@context\":\"https:\\\/\\\/schema.org\",\"@graph\":[{\"@type\":\"WebPage\",\"@id\":\"https:\\\/\\\/kamagra-official.to\\\/sk\\\/product\\\/extra-super-p-force-200mg\\\/\",\"url\":\"https:\\\/\\\/kamagra-official.to\\\/sk\\\/product\\\/extra-super-p-force-200mg\\\/\",\"name\":\"Extra Super P-Force 200mg - kamagra-official.to\",\"isPartOf\":{\"@id\":\"https:\\\/\\\/kamagra-official.to\\\/#website\"},\"primaryImageOfPage\":{\"@id\":\"https:\\\/\\\/kamagra-official.to\\\/sk\\\/product\\\/extra-super-p-force-200mg\\\/#primaryimage\"},\"image\":{\"@id\":\"https:\\\/\\\/kamagra-official.to\\\/sk\\\/product\\\/extra-super-p-force-200mg\\\/#primaryimage\"},\"thumbnailUrl\":\"https:\\\/\\\/kamagra-official.to\\\/wp-content\\\/uploads\\\/2025\\\/09\\\/extra-super-p-force-768x768-1.jpg\",\"datePublished\":\"2025-01-01T13:57:26+00:00\",\"dateModified\":\"2025-10-02T19:20:53+00:00\",\"breadcrumb\":{\"@id\":\"https:\\\/\\\/kamagra-official.to\\\/sk\\\/product\\\/extra-super-p-force-200mg\\\/#breadcrumb\"},\"inLanguage\":\"sk-SK\",\"potentialAction\":[{\"@type\":\"ReadAction\",\"target\":[\"https:\\\/\\\/kamagra-official.to\\\/sk\\\/product\\\/extra-super-p-force-200mg\\\/\"]}]},{\"@type\":\"ImageObject\",\"inLanguage\":\"sk-SK\",\"@id\":\"https:\\\/\\\/kamagra-official.to\\\/sk\\\/product\\\/extra-super-p-force-200mg\\\/#primaryimage\",\"url\":\"https:\\\/\\\/kamagra-official.to\\\/wp-content\\\/uploads\\\/2025\\\/09\\\/extra-super-p-force-768x768-1.jpg\",\"contentUrl\":\"https:\\\/\\\/kamagra-official.to\\\/wp-content\\\/uploads\\\/2025\\\/09\\\/extra-super-p-force-768x768-1.jpg\",\"width\":768,\"height\":768},{\"@type\":\"BreadcrumbList\",\"@id\":\"https:\\\/\\\/kamagra-official.to\\\/sk\\\/product\\\/extra-super-p-force-200mg\\\/#breadcrumb\",\"itemListElement\":[{\"@type\":\"ListItem\",\"position\":1,\"name\":\"Home\",\"item\":\"https:\\\/\\\/kamagra-official.to\\\/nl\\\/\"},{\"@type\":\"ListItem\",\"position\":2,\"name\":\"Shop\",\"item\":\"https:\\\/\\\/kamagra-official.to\\\/shop\\\/\"},{\"@type\":\"ListItem\",\"position\":3,\"name\":\"Extra Super P-Force 200mg\"}]},{\"@type\":\"WebSite\",\"@id\":\"https:\\\/\\\/kamagra-official.to\\\/#website\",\"url\":\"https:\\\/\\\/kamagra-official.to\\\/\",\"name\":\"kamagra-official.to\",\"description\":\"Revitalize Your Sexual Energy Across Europe\",\"publisher\":{\"@id\":\"https:\\\/\\\/kamagra-official.to\\\/#organization\"},\"potentialAction\":[{\"@type\":\"SearchAction\",\"target\":{\"@type\":\"EntryPoint\",\"urlTemplate\":\"https:\\\/\\\/kamagra-official.to\\\/?s={search_term_string}\"},\"query-input\":{\"@type\":\"PropertyValueSpecification\",\"valueRequired\":true,\"valueName\":\"search_term_string\"}}],\"inLanguage\":\"sk-SK\"},{\"@type\":\"Organization\",\"@id\":\"https:\\\/\\\/kamagra-official.to\\\/#organization\",\"name\":\"kamagra-official.to\",\"url\":\"https:\\\/\\\/kamagra-official.to\\\/\",\"logo\":{\"@type\":\"ImageObject\",\"inLanguage\":\"sk-SK\",\"@id\":\"https:\\\/\\\/kamagra-official.to\\\/#\\\/schema\\\/logo\\\/image\\\/\",\"url\":\"https:\\\/\\\/kamagra-official.to\\\/wp-content\\\/uploads\\\/2025\\\/02\\\/KAMAGRA-Photoroom-1.png\",\"contentUrl\":\"https:\\\/\\\/kamagra-official.to\\\/wp-content\\\/uploads\\\/2025\\\/02\\\/KAMAGRA-Photoroom-1.png\",\"width\":150,\"height\":153,\"caption\":\"kamagra-official.to\"},\"image\":{\"@id\":\"https:\\\/\\\/kamagra-official.to\\\/#\\\/schema\\\/logo\\\/image\\\/\"}}]}<\/script>\n<!-- \/ Yoast SEO plugin. -->","yoast_head_json":{"title":"Extra Super P-Force 200mg - kamagra-official.to","robots":{"index":"index","follow":"follow","max-snippet":"max-snippet:-1","max-image-preview":"max-image-preview:large","max-video-preview":"max-video-preview:-1"},"canonical":"https:\/\/kamagra-official.to\/sk\/product\/extra-super-p-force-200mg\/","og_locale":"sk_SK","og_type":"article","og_title":"Extra Super P-Force 200mg - kamagra-official.to","og_description":"100 mg Sildenafil + 100 mg Dapoxetine T\u00e1to krabi\u010dka obsahuje 4 tablety, ka\u017ed\u00e1 pon\u00faka siln\u00fa kombin\u00e1ciu 100 mg sildenafilu pre pevn\u00e9 a dlhotrvaj\u00face erekcie a 100 mg dapoxet\u00ednu na odklad ejakul\u00e1cie. \u0160peci\u00e1lne navrhnut\u00e9 pre mu\u017eov, ktor\u00ed chc\u00fa prekona\u0165 erektiln\u00fa dysfunkciu a pred\u010dasn\u00fa ejakul\u00e1ciu, toto dvoj\u010dinn\u00e9 rie\u0161enie poskytuje sebad\u00f4veru a spokojnos\u0165 na va\u0161e int\u00edmne chv\u00edle.","og_url":"https:\/\/kamagra-official.to\/sk\/product\/extra-super-p-force-200mg\/","og_site_name":"kamagra-official.to","article_modified_time":"2025-10-02T19:20:53+00:00","og_image":[{"width":768,"height":768,"url":"https:\/\/kamagra-official.to\/wp-content\/uploads\/2025\/09\/extra-super-p-force-768x768-1.jpg","type":"image\/jpeg"}],"twitter_card":"summary_large_image","twitter_misc":{"Predpokladan\u00fd \u010das \u010d\u00edtania":"2 min\u00faty"},"schema":{"@context":"https:\/\/schema.org","@graph":[{"@type":"WebPage","@id":"https:\/\/kamagra-official.to\/sk\/product\/extra-super-p-force-200mg\/","url":"https:\/\/kamagra-official.to\/sk\/product\/extra-super-p-force-200mg\/","name":"Extra Super P-Force 200mg - kamagra-official.to","isPartOf":{"@id":"https:\/\/kamagra-official.to\/#website"},"primaryImageOfPage":{"@id":"https:\/\/kamagra-official.to\/sk\/product\/extra-super-p-force-200mg\/#primaryimage"},"image":{"@id":"https:\/\/kamagra-official.to\/sk\/product\/extra-super-p-force-200mg\/#primaryimage"},"thumbnailUrl":"https:\/\/kamagra-official.to\/wp-content\/uploads\/2025\/09\/extra-super-p-force-768x768-1.jpg","datePublished":"2025-01-01T13:57:26+00:00","dateModified":"2025-10-02T19:20:53+00:00","breadcrumb":{"@id":"https:\/\/kamagra-official.to\/sk\/product\/extra-super-p-force-200mg\/#breadcrumb"},"inLanguage":"sk-SK","potentialAction":[{"@type":"ReadAction","target":["https:\/\/kamagra-official.to\/sk\/product\/extra-super-p-force-200mg\/"]}]},{"@type":"ImageObject","inLanguage":"sk-SK","@id":"https:\/\/kamagra-official.to\/sk\/product\/extra-super-p-force-200mg\/#primaryimage","url":"https:\/\/kamagra-official.to\/wp-content\/uploads\/2025\/09\/extra-super-p-force-768x768-1.jpg","contentUrl":"https:\/\/kamagra-official.to\/wp-content\/uploads\/2025\/09\/extra-super-p-force-768x768-1.jpg","width":768,"height":768},{"@type":"BreadcrumbList","@id":"https:\/\/kamagra-official.to\/sk\/product\/extra-super-p-force-200mg\/#breadcrumb","itemListElement":[{"@type":"ListItem","position":1,"name":"Home","item":"https:\/\/kamagra-official.to\/nl\/"},{"@type":"ListItem","position":2,"name":"Shop","item":"https:\/\/kamagra-official.to\/shop\/"},{"@type":"ListItem","position":3,"name":"Extra Super P-Force 200mg"}]},{"@type":"WebSite","@id":"https:\/\/kamagra-official.to\/#website","url":"https:\/\/kamagra-official.to\/","name":"kamagra-official.to","description":"Revitalize Your Sexual Energy Across Europe","publisher":{"@id":"https:\/\/kamagra-official.to\/#organization"},"potentialAction":[{"@type":"SearchAction","target":{"@type":"EntryPoint","urlTemplate":"https:\/\/kamagra-official.to\/?s={search_term_string}"},"query-input":{"@type":"PropertyValueSpecification","valueRequired":true,"valueName":"search_term_string"}}],"inLanguage":"sk-SK"},{"@type":"Organization","@id":"https:\/\/kamagra-official.to\/#organization","name":"kamagra-official.to","url":"https:\/\/kamagra-official.to\/","logo":{"@type":"ImageObject","inLanguage":"sk-SK","@id":"https:\/\/kamagra-official.to\/#\/schema\/logo\/image\/","url":"https:\/\/kamagra-official.to\/wp-content\/uploads\/2025\/02\/KAMAGRA-Photoroom-1.png","contentUrl":"https:\/\/kamagra-official.to\/wp-content\/uploads\/2025\/02\/KAMAGRA-Photoroom-1.png","width":150,"height":153,"caption":"kamagra-official.to"},"image":{"@id":"https:\/\/kamagra-official.to\/#\/schema\/logo\/image\/"}}]}},"_links":{"self":[{"href":"https:\/\/kamagra-official.to\/sk\/wp-json\/wp\/v2\/product\/24472","targetHints":{"allow":["GET"]}}],"collection":[{"href":"https:\/\/kamagra-official.to\/sk\/wp-json\/wp\/v2\/product"}],"about":[{"href":"https:\/\/kamagra-official.to\/sk\/wp-json\/wp\/v2\/types\/product"}],"wp:featuredmedia":[{"embeddable":true,"href":"https:\/\/kamagra-official.to\/sk\/wp-json\/wp\/v2\/media\/24158"}],"wp:attachment":[{"href":"https:\/\/kamagra-official.to\/sk\/wp-json\/wp\/v2\/media?parent=24472"}],"wp:term":[{"taxonomy":"product_brand","embeddable":true,"href":"https:\/\/kamagra-official.to\/sk\/wp-json\/wp\/v2\/product_brand?post=24472"},{"taxonomy":"product_cat","embeddable":true,"href":"https:\/\/kamagra-official.to\/sk\/wp-json\/wp\/v2\/product_cat?post=24472"},{"taxonomy":"product_tag","embeddable":true,"href":"https:\/\/kamagra-official.to\/sk\/wp-json\/wp\/v2\/product_tag?post=24472"}],"curies":[{"name":"wp","href":"https:\/\/api.w.org\/{rel}","templated":true}]}}