{"id":18653,"date":"2024-12-22T10:51:55","date_gmt":"2024-12-22T10:51:55","guid":{"rendered":"https:\/\/kamagra-official.to\/zasady-ochrany-osobnych-udajov\/"},"modified":"2025-11-21T14:33:05","modified_gmt":"2025-11-21T14:33:05","slug":"zasady-ochrany-osobnych-udajov","status":"publish","type":"page","link":"https:\/\/kamagra-official.to\/sk\/zasady-ochrany-osobnych-udajov\/","title":{"rendered":"Politika ochrany s\u00fakromia"},"content":{"rendered":"\t\t<div data-elementor-type=\"wp-page\" data-elementor-id=\"18653\" class=\"elementor elementor-18653 elementor-14765\" data-elementor-post-type=\"page\">\n\t\t\t\t<div class=\"elementor-element elementor-element-049e202 e-flex e-con-boxed e-con e-parent\" data-id=\"049e202\" data-element_type=\"container\" data-e-type=\"container\">\n\t\t\t\t\t<div class=\"e-con-inner\">\n\t\t\t\t<div class=\"elementor-element elementor-element-6b91426 elementor-widget elementor-widget-spacer\" data-id=\"6b91426\" data-element_type=\"widget\" data-e-type=\"widget\" data-widget_type=\"spacer.default\">\n\t\t\t\t<div class=\"elementor-widget-container\">\n\t\t\t\t\t\t\t<div class=\"elementor-spacer\">\n\t\t\t<div class=\"elementor-spacer-inner\"><\/div>\n\t\t<\/div>\n\t\t\t\t\t\t<\/div>\n\t\t\t\t<\/div>\n\t\t\t\t\t<\/div>\n\t\t\t\t<\/div>\n\t\t<div class=\"elementor-element elementor-element-b09979d e-con-full e-flex e-con e-parent\" data-id=\"b09979d\" data-element_type=\"container\" data-e-type=\"container\">\n\t\t\t\t<div class=\"elementor-element elementor-element-e9deaf9 elementor-widget elementor-widget-text-editor\" data-id=\"e9deaf9\" data-element_type=\"widget\" data-e-type=\"widget\" data-widget_type=\"text-editor.default\">\n\t\t\t\t<div class=\"elementor-widget-container\">\n\t\t\t\t\t\t\t\t\t<p><br \/><br \/><br \/><\/p><p><style>\n        body {<br \/>\n            font-family: Arial, sans-serif;<br \/>\n            line-height: 1.6;<br \/>\n            margin: 20px;<br \/>\n            max-width: 800px;<br \/>\n        }<br \/>\n        h1, h2 {<br \/>\n            color: #333;<br \/>\n        }<br \/>\n        h1 {<br \/>\n            text-align: center;<br \/>\n        }<br \/>\n        p {<br \/>\n            margin-bottom: 1em;<br \/>\n        }<br \/>\n    <\/style><\/p><p>\u00a0<\/p><h1>Obchodn\u00e9 podmienky<\/h1><h2>I. \u00davodn\u00e9 ustanovenia<\/h2><p>Prev\u00e1dzkovate\u013eom internetov\u00e9ho obchodu je: kamagra-official.to \u2013 Ruopigenring 85, 6015 Luzern, \u0160vaj\u010diarsko (\u010falej len &#8222;e-shop&#8220;).<\/p><p>V\u0161etky zmluvn\u00e9 vz\u0165ahy s\u00fa uzatv\u00e1ran\u00e9 v s\u00falade s pr\u00e1vnym poriadkom \u0160vaj\u010diarska. Pr\u00e1vne vz\u0165ahy, ktor\u00e9 nie s\u00fa v\u00fdslovne upraven\u00e9 t\u00fdmito obchodn\u00fdmi podmienkami, upravuje z\u00e1kon \u010d. 89\/2012 Sb., Ob\u010diansky z\u00e1konn\u00edk (\u010falej len \u201cOZ\u201d).<\/p><p>Ak je Kupec spotrebite\u013e (osoba in\u00e1 ne\u017e podnikate\u013e, ktor\u00e1 v r\u00e1mci svojich podnikate\u013esk\u00fdch aktiv\u00edt vyd\u00e1va objedn\u00e1vku alebo uzatv\u00e1ra zmluvu s pred\u00e1vaj\u00facim), pr\u00e1va a povinnosti Pred\u00e1vaj\u00faceho a Kupuj\u00faceho upravuj\u00fa tie\u017e ustanovenia \u00a72158 a nasl. OZ (\u201c\u0160peci\u00e1lne ustanovenia o predaji tovaru v obchodoch\u201d) a pre kupuj\u00face spotrebite\u013eov tie\u017e z\u00e1kon \u010d. 634\/1992 Sb., o ochrane spotrebite\u013ea, v znen\u00ed neskor\u0161\u00edch predpisov (\u010falej len &#8222;ZOS&#8220;).<\/p><h2>II. Defin\u00edcie<\/h2><p><strong>Spotrebite\u013esk\u00e1 zmluva<\/strong> &#8211; k\u00fapna zmluva, zmluva o dielo, zmluva o slu\u017eb\u00e1ch alebo in\u00e1 zmluva pod\u013ea OZ, ak s\u00fa stranami spotrebite\u013e (osoba in\u00e1 ne\u017e podnikate\u013e, ktor\u00e1 v r\u00e1mci svojich podnikate\u013esk\u00fdch aktiv\u00edt vyd\u00e1va objedn\u00e1vku alebo uzatv\u00e1ra zmluvu s pred\u00e1vaj\u00facim) na jednej strane a dod\u00e1vate\u013e alebo pred\u00e1vaj\u00faci na strane druhej.<\/p><p><strong>Pred\u00e1vaj\u00faci<\/strong> &#8211; prev\u00e1dzkovate\u013e internetov\u00e9ho obchodu &#8211; osoba, ktor\u00e1 pri uzatv\u00e1ran\u00ed a plnen\u00ed zmluvy kon\u00e1 v r\u00e1mci svojich podnikate\u013esk\u00fdch alebo podnikate\u013esk\u00fdch \u010dinnost\u00ed. Je to podnikate\u013e, ktor\u00fd dod\u00e1va produkty alebo poskytuje slu\u017eby kupuj\u00facemu priamo alebo prostredn\u00edctvom in\u00fdch podnikate\u013eov.<\/p><p><strong>Kupec<\/strong> &#8211; Spotrebite\u013e &#8211; osoba, ktor\u00e1 pri uzatv\u00e1ran\u00ed a plnen\u00ed zmluvy nekon\u00e1 v r\u00e1mci svojich podnikate\u013esk\u00fdch \u010dinnost\u00ed. Je to fyzick\u00e1 alebo pr\u00e1vnick\u00e1 osoba, ktor\u00e1 nakupuje produkty alebo pou\u017e\u00edva slu\u017eby na in\u00e9 \u00fa\u010dely ne\u017e podnikanie s t\u00fdmito produktmi alebo slu\u017ebami. Kupec, ktor\u00fd nie je spotrebite\u013e, je podnikate\u013e, ktor\u00fd nakupuje produkty alebo pou\u017e\u00edva slu\u017eby v r\u00e1mci svojich podnikate\u013esk\u00fdch \u010dinnost\u00ed alebo samostatn\u00e9ho vykon\u00e1vania svojej profesie.<\/p><h2>III. Spracovanie a pou\u017e\u00edvanie osobn\u00fdch \u00fadajov<\/h2><p>Pr\u00edstup do e-shopu m\u00f4\u017ee by\u0165 podmienen\u00fd poskytnut\u00edm niektor\u00fdch osobn\u00fdch \u00fadajov Kupuj\u00faceho. V takom pr\u00edpade Pred\u00e1vaj\u00faci bude s tak\u00fdmito \u00fadajmi zaobch\u00e1dza\u0165 v s\u00falade so z\u00e1konn\u00fdmi predpismi, najm\u00e4 v s\u00falade so z\u00e1konom \u010d. 101\/2000 Sb., o ochrane osobn\u00fdch \u00fadajov, v znen\u00ed neskor\u0161\u00edch predpisov. Osobn\u00e9 \u00fadaje bud\u00fa plne zabezpe\u010den\u00e9 pred zneu\u017eit\u00edm. \u00dadaje bud\u00fa uschovan\u00e9 a nebude sa s nimi zdie\u013ea\u0165 s aplik\u00e1ciami tret\u00edch str\u00e1n. Pred\u00e1vaj\u00faci m\u00f4\u017ee vyu\u017e\u00edva\u0165 poskytnut\u00e9 osobn\u00e9 \u00fadaje nad r\u00e1mec spracovania potrebn\u00e9ho na uzavretie a splnenie zmluvy iba za podmienok uveden\u00fdch ni\u017e\u0161ie. Kupec uzn\u00e1va, \u017ee e-mailov\u00e1 adresa uveden\u00e1 v s\u00favislosti s k\u00fapou tovaru alebo slu\u017eby m\u00f4\u017ee by\u0165 pou\u017eit\u00e1 na zaslanie obchodnej komunik\u00e1cie od e-shopu pod\u013ea z\u00e1kona \u010d. 480\/2004 Sb., v znen\u00ed neskor\u0161\u00edch zmien a doplnkov, s ponukou podobn\u00fdch produktov alebo slu\u017eieb. Ak pr\u00edjemca nechce \u010falej prij\u00edma\u0165 obchodn\u00fa komunik\u00e1ciu, m\u00f4\u017ee vyjadri\u0165 nes\u00fahlas so zasielan\u00edm obchodnej komunik\u00e1cie t\u00fdm, \u017ee po\u0161le e-mail obsahuj\u00faci nes\u00fahlas na e-mailov\u00fa adresu e-shopu: info@kamagra-official.to<\/p><h2>IV. Prij\u00edmanie a spracovanie objedn\u00e1vok, K\u00fapna zmluva<\/h2><p>Platn\u00e1 elektronick\u00e1 objedn\u00e1vka vy\u017eaduje vyplnenie v\u0161etk\u00fdch predp\u00edsan\u00fdch \u00fadajov a \u00fadajov uveden\u00fdch vo formul\u00e1ri objedn\u00e1vky. Pred kone\u010dn\u00fdm potvrden\u00edm objedn\u00e1vky m\u00e1 Kupec pr\u00e1vo skontrolova\u0165 cel\u00fa objedn\u00e1vku aj zadan\u00e9 \u00fadaje. Ak Kupec s\u00fahlas\u00ed s objedn\u00e1vkou, objedn\u00e1vka bude kone\u010dne odoslan\u00e1 na spracovanie kliknut\u00edm na tla\u010didlo potvrdzuj\u00face objedn\u00e1vku. Toto odoslanie je z\u00e1v\u00e4zn\u00e9. K\u00fapna zmluva vznik\u00e1 odoslan\u00edm objedn\u00e1vky Kupuj\u00facim po v\u00fdbere sp\u00f4sobu dodania a platby a jej prijat\u00edm e-shopom, ktor\u00fd nenesie zodpovednos\u0165 za ak\u00e9ko\u013evek chyby pri prenose \u00fadajov. E-shop okam\u017eite potvrd\u00ed uzatvorenie zmluvy informat\u00edvnym e-mailom na e-mailov\u00fa adresu poskytnut\u00fa Kupuj\u00facim.<\/p><p>Pred\u00e1vaj\u00faci si vyhradzuje pr\u00e1vo neprijm\u00fa\u0165 objedn\u00e1vku Kupuj\u00faceho v pr\u00edpade zjavn\u00e9ho omylu t\u00fdkaj\u00faceho sa ceny, popisu alebo obr\u00e1zku produktu v katal\u00f3gu produktov na e-shope Pred\u00e1vaj\u00faceho v akomko\u013evek \u0161t\u00e1diu spracovania objedn\u00e1vky. O neprijat\u00ed objedn\u00e1vky kv\u00f4li zjavn\u00e9mu omylu bude Kupec informovan\u00fd e-mailom.<\/p><p>Pred\u00e1vaj\u00faci si vyhradzuje pr\u00e1vo zru\u0161i\u0165 objedn\u00e1vku alebo jej \u010das\u0165 v t\u00fdchto pr\u00edpadoch: \u2013 produkt sa u\u017e nevyr\u00e1ba alebo nedod\u00e1va, alebo sa cena dodan\u00e9ho tovaru v\u00fdrazne zmenila. Ak k tejto situ\u00e1cii d\u00f4jde, Pred\u00e1vaj\u00faci okam\u017eite kontaktuje Kupuj\u00faceho a dohodne sa na \u010fal\u0161om postupe. Ak Kupec u\u017e \u010diasto\u010dne alebo \u00faplne zaplatil k\u00fapnu cenu, t\u00e1to \u010diastka bude vr\u00e1ten\u00e1 na jeho \u00fa\u010det, a k\u00fapna zmluva nebude uzatvoren\u00e1.<\/p><p>Pred\u00e1vaj\u00faci si vyhradzuje pr\u00e1vo odmietnu\u0165 spracova\u0165 objedn\u00e1vku na tovar, ktor\u00fd nie je v e-shope pon\u00fakan\u00fd, ako aj objedn\u00e1vku na tovar, ktor\u00fd v\u00fdrobca alebo dod\u00e1vate\u013e nem\u00f4\u017ee doda\u0165 (u\u017e sa nevyr\u00e1ba, nie je k dispoz\u00edcii v in\u00fdch farb\u00e1ch at\u010f.).<\/p><p>Zmluva je uzatv\u00e1ran\u00e1 v \u010deskom jazyku. Ak je pre Kupuj\u00faceho potrebn\u00fd preklad textu zmluvy, v pr\u00edpade sporu o v\u00fdklad plat\u00ed verzia zmluvy v \u010deskom jazyku.<\/p><h2>V. Ceny<\/h2><p>Ceny uveden\u00e9 v e-shope s\u00fa kone\u010dn\u00e9, vr\u00e1tane DPH. K nim sa v objedn\u00e1vkovom formul\u00e1ri n\u00e1sledne pripo\u010d\u00edtavaj\u00fa n\u00e1klady na prepravu, ktor\u00fdch v\u00fd\u0161ka m\u00f4\u017ee by\u0165 rozdielna pod\u013ea konkr\u00e9tnej objedn\u00e1vky (v z\u00e1vislosti od vybran\u00e9ho sp\u00f4sobu doru\u010denia). Kone\u010dn\u00e1 vypo\u010d\u00edtan\u00e1 cena po vyplnen\u00ed objedn\u00e1vkov\u00e9ho formul\u00e1ra u\u017e zah\u0155\u0148a po\u0161tovn\u00e9. Ako cena pri uzatv\u00e1ran\u00ed zmluvy medzi Pred\u00e1vaj\u00facim a Kupuj\u00facim bude uplatnen\u00e1 cena platn\u00e1 v \u010dase objedn\u00e1vky Kupuj\u00facim. T\u00e1to cena bude uveden\u00e1 v objedn\u00e1vke a v e-maile potvrdzuj\u00facom prijatie objedn\u00e1vky tovaru.<\/p><h2>VI. Dodanie tovaru<\/h2><p>Kupec\/Spotrebite\u013e je povinn\u00fd tovar riadne prevzia\u0165 od prepravcu, skontrolova\u0165 neporu\u0161enos\u0165 obalu, po\u010det bal\u00edkov a okam\u017eite nahl\u00e1si\u0165 ak\u00e9ko\u013evek nezrovnalosti prepravcovi. Ak existuj\u00fa d\u00f4kazy o neopr\u00e1vnenom vstupe do z\u00e1sielky, Kupcovi sa odpor\u00fa\u010da, aby si z\u00e1sielku vo vlastnom z\u00e1ujme neprevzal! Prevzat\u00edm z\u00e1sielky Kupec potvrdzuje, \u017ee bal\u00edk sp\u013a\u0148al v\u0161etky v\u00fd\u0161e uveden\u00e9 podmienky a po\u017eiadavky a neskor\u0161ie reklam\u00e1cie t\u00fdkaj\u00face sa neporu\u0161enosti bal\u00edka nebud\u00fa akceptovan\u00e9.<\/p><h2>VII. Vr\u00e1tenie tovaru &#8211; Odst\u00fapenie od zmluvy v 14-d\u0148ovej lehote<\/h2><p>Kupec, ktor\u00fd uzavrel zmluvu o dia\u013ekovom predaji a k\u00fapil tovar v e-shope, m\u00e1 pr\u00e1vo vr\u00e1ti\u0165 tovar bez udania d\u00f4vodu do 14 (\u0161trn\u00e1stich) dn\u00ed od jeho dodania (v s\u00falade s nov\u00fdm Ob\u010dianskym z\u00e1konn\u00edkom \u00a7 1829 ods. 1).<\/p><p>Ak Kupec odst\u00fapi od zmluvy, mus\u00ed tovar bez zbyto\u010dn\u00e9ho odkladu, najnesk\u00f4r do 14 (\u0161trn\u00e1stich) dn\u00ed od odst\u00fapenia od k\u00fapnej zmluvy, odosla\u0165 alebo odovzda\u0165 Pred\u00e1vaj\u00facemu.<\/p><p>V s\u00falade s \u00a7 1832 ods. 4 Ob\u010dianskeho z\u00e1konn\u00edka, ak Kupec odst\u00fapi od k\u00fapnej zmluvy, Pred\u00e1vaj\u00faci nie je povinn\u00fd vr\u00e1ti\u0165 prijat\u00e9 pe\u0148a\u017en\u00e9 prostriedky spotrebite\u013eovi sk\u00f4r, ako spotrebite\u013e vr\u00e1ti tovar Pred\u00e1vaj\u00facemu alebo preuk\u00e1\u017ee, \u017ee tovar bol pred\u00e1vaj\u00facemu odoslan\u00fd sp\u00e4\u0165.<\/p><p>Tovar by mal by\u0165 vr\u00e1ten\u00fd, ak je to mo\u017en\u00e9, v p\u00f4vodnom stave,stave, nepo\u0161koden\u00e9, nepou\u017eit\u00e9, nenosen\u00e9, nepran\u00e9, vr\u00e1tane p\u00f4vodn\u00fdch \u0161t\u00edtkov, n\u00e1lepiek a predajn\u00fdch dokladov.<\/p><p>Po vr\u00e1ten\u00ed tovaru (nebud\u00fa akceptovan\u00e9 tovary vr\u00e1tene na dobierku), Kupuj\u00facemu bude refundovan\u00e1 ich platba na dan\u00e9 \u010d\u00edslo bankov\u00e9ho \u00fa\u010dtu.<\/p><p>Ak Kupuj\u00faci vr\u00e1ti pou\u017eit\u00fd, po\u0161koden\u00fd, umyt\u00fd tovar do 14 dn\u00ed, n\u00e1kupn\u00e1 cena za tovar nebude vr\u00e1ten\u00e1 v plnej v\u00fd\u0161ke. V tomto pr\u00edpade Pred\u00e1vaj\u00faci zn\u00ed\u017ei n\u00e1kupn\u00fa cenu kv\u00f4li opotrebeniu.<\/p><p>Kupuj\u00faci plne prehr\u00e1dza n\u00e1klady na zaslanie tovaru sp\u00e4\u0165 Pred\u00e1vaj\u00facemu.<\/p><p>Ak odst\u00fapite od zmluvy s Pred\u00e1vaj\u00facim, vr\u00e1time v\u00e1m bez zbyto\u010dn\u00e9ho odkladu, najnesk\u00f4r do 14 dn\u00ed od d\u0148a, kedy sme boli informovan\u00ed o va\u0161om rozhodnut\u00ed odst\u00fapi\u0165 od zmluvy, v\u0161etky platby, ktor\u00e9 sme od v\u00e1s prijali, vr\u00e1tane n\u00e1kladov na doru\u010denie tovaru v\u00e1m (okrem dodato\u010dn\u00fdch n\u00e1kladov vzniknut\u00fdch kv\u00f4li v\u00e1\u0161mu zvolen\u00e9mu sp\u00f4sobu doru\u010denia, ktor\u00fd je in\u00fd ako najlacnej\u0161\u00ed \u0161tandardn\u00fd sp\u00f4sob doru\u010denia pon\u00fakan\u00fd Pred\u00e1vaj\u00facim).<\/p><p>Ak chcete uplatni\u0165 pr\u00e1vo na odst\u00fapenie od zmluvy, mus\u00edte informova\u0165 Pred\u00e1vaj\u00faceho o svojom rozhodnut\u00ed odst\u00fapi\u0165 od zmluvy v stanovenom obdob\u00ed 14 dn\u00ed prostredn\u00edctvom jednozna\u010dn\u00e9ho vyhl\u00e1senia (napr\u00edklad listom odoslan\u00fdm po\u0161tou alebo e-mailom). Okam\u017eite v\u00e1m po\u0161leme potvrdenie o prijat\u00ed tohto ozn\u00e1menia o odst\u00fapen\u00ed od zmluvy.<\/p><h2>VIII. Pr\u00e1va z vadn\u00e9ho plnenia \u2013 Reklam\u00e1cie<\/h2><p>Pr\u00e1va a povinnosti zmluvn\u00fdch str\u00e1n t\u00fdkaj\u00face sa pr\u00e1v z vadn\u00e9ho plnenia s\u00fa<\/p>\t\t\t\t\t\t\t\t<\/div>\n\t\t\t\t<\/div>\n\t\t\t\t<\/div>\n\t\t\t\t<\/div>\n\t\t","protected":false},"excerpt":{"rendered":"<p>\u00a0 Obchodn\u00e9 podmienky I. \u00davodn\u00e9 ustanovenia Prev\u00e1dzkovate\u013eom internetov\u00e9ho obchodu je: kamagra-official.to \u2013 Ruopigenring 85, 6015 Luzern, \u0160vaj\u010diarsko (\u010falej len &#8222;e-shop&#8220;). V\u0161etky zmluvn\u00e9 vz\u0165ahy s\u00fa uzatv\u00e1ran\u00e9 v s\u00falade s pr\u00e1vnym poriadkom \u0160vaj\u010diarska. Pr\u00e1vne vz\u0165ahy, ktor\u00e9 nie s\u00fa v\u00fdslovne upraven\u00e9 t\u00fdmito obchodn\u00fdmi podmienkami, upravuje z\u00e1kon \u010d. 89\/2012 Sb., Ob\u010diansky z\u00e1konn\u00edk (\u010falej len \u201cOZ\u201d). Ak je Kupec spotrebite\u013e [&#8230;]\n","protected":false},"author":1,"featured_media":0,"parent":0,"menu_order":0,"comment_status":"closed","ping_status":"closed","template":"","meta":{"footnotes":""},"class_list":["post-18653","page","type-page","status-publish","hentry"],"yoast_head":"<!-- This site is optimized with the Yoast SEO plugin v27.5 - https:\/\/yoast.com\/product\/yoast-seo-wordpress\/ -->\n<title>Politika ochrany s\u00fakromia - kamagra-official.to<\/title>\n<meta name=\"robots\" content=\"index, follow, max-snippet:-1, max-image-preview:large, max-video-preview:-1\" \/>\n<link rel=\"canonical\" href=\"https:\/\/kamagra-official.to\/privacy-policy\/\" \/>\n<meta property=\"og:locale\" content=\"sk_SK\" \/>\n<meta property=\"og:type\" content=\"article\" \/>\n<meta property=\"og:title\" content=\"Politika ochrany s\u00fakromia - kamagra-official.to\" \/>\n<meta property=\"og:description\" content=\"\u00a0 Obchodn\u00e9 podmienky I. \u00davodn\u00e9 ustanovenia Prev\u00e1dzkovate\u013eom internetov\u00e9ho obchodu je: kamagra-official.to \u2013 Ruopigenring 85, 6015 Luzern, \u0160vaj\u010diarsko (\u010falej len &#8222;e-shop&#8220;). V\u0161etky zmluvn\u00e9 vz\u0165ahy s\u00fa uzatv\u00e1ran\u00e9 v s\u00falade s pr\u00e1vnym poriadkom \u0160vaj\u010diarska. Pr\u00e1vne vz\u0165ahy, ktor\u00e9 nie s\u00fa v\u00fdslovne upraven\u00e9 t\u00fdmito obchodn\u00fdmi podmienkami, upravuje z\u00e1kon \u010d. 89\/2012 Sb., Ob\u010diansky z\u00e1konn\u00edk (\u010falej len \u201cOZ\u201d). Ak je Kupec spotrebite\u013e [...]\" \/>\n<meta property=\"og:url\" content=\"https:\/\/kamagra-official.to\/privacy-policy\/\" \/>\n<meta property=\"og:site_name\" content=\"kamagra-official.to\" \/>\n<meta property=\"article:modified_time\" content=\"2025-11-21T14:33:05+00:00\" \/>\n<meta name=\"twitter:card\" content=\"summary_large_image\" \/>\n<meta name=\"twitter:label1\" content=\"Predpokladan\u00fd \u010das \u010d\u00edtania\" \/>\n\t<meta name=\"twitter:data1\" content=\"6 min\u00fat\" \/>\n<script type=\"application\/ld+json\" class=\"yoast-schema-graph\">{\"@context\":\"https:\\\/\\\/schema.org\",\"@graph\":[{\"@type\":\"WebPage\",\"@id\":\"https:\\\/\\\/kamagra-official.to\\\/privacy-policy\\\/\",\"url\":\"https:\\\/\\\/kamagra-official.to\\\/privacy-policy\\\/\",\"name\":\"Politika ochrany s\u00fakromia - kamagra-official.to\",\"isPartOf\":{\"@id\":\"https:\\\/\\\/kamagra-official.to\\\/#website\"},\"datePublished\":\"2024-12-22T10:51:55+00:00\",\"dateModified\":\"2025-11-21T14:33:05+00:00\",\"breadcrumb\":{\"@id\":\"https:\\\/\\\/kamagra-official.to\\\/privacy-policy\\\/#breadcrumb\"},\"inLanguage\":\"sk-SK\",\"potentialAction\":[{\"@type\":\"ReadAction\",\"target\":[\"https:\\\/\\\/kamagra-official.to\\\/privacy-policy\\\/\"]}]},{\"@type\":\"BreadcrumbList\",\"@id\":\"https:\\\/\\\/kamagra-official.to\\\/privacy-policy\\\/#breadcrumb\",\"itemListElement\":[{\"@type\":\"ListItem\",\"position\":1,\"name\":\"Home\",\"item\":\"https:\\\/\\\/kamagra-official.to\\\/nl\\\/\"},{\"@type\":\"ListItem\",\"position\":2,\"name\":\"Politika ochrany s\u00fakromia\"}]},{\"@type\":\"WebSite\",\"@id\":\"https:\\\/\\\/kamagra-official.to\\\/#website\",\"url\":\"https:\\\/\\\/kamagra-official.to\\\/\",\"name\":\"kamagra-official.to\",\"description\":\"Revitalize Your Sexual Energy Across Europe\",\"publisher\":{\"@id\":\"https:\\\/\\\/kamagra-official.to\\\/#organization\"},\"potentialAction\":[{\"@type\":\"SearchAction\",\"target\":{\"@type\":\"EntryPoint\",\"urlTemplate\":\"https:\\\/\\\/kamagra-official.to\\\/?s={search_term_string}\"},\"query-input\":{\"@type\":\"PropertyValueSpecification\",\"valueRequired\":true,\"valueName\":\"search_term_string\"}}],\"inLanguage\":\"sk-SK\"},{\"@type\":\"Organization\",\"@id\":\"https:\\\/\\\/kamagra-official.to\\\/#organization\",\"name\":\"kamagra-official.to\",\"url\":\"https:\\\/\\\/kamagra-official.to\\\/\",\"logo\":{\"@type\":\"ImageObject\",\"inLanguage\":\"sk-SK\",\"@id\":\"https:\\\/\\\/kamagra-official.to\\\/#\\\/schema\\\/logo\\\/image\\\/\",\"url\":\"https:\\\/\\\/kamagra-official.to\\\/wp-content\\\/uploads\\\/2025\\\/02\\\/KAMAGRA-Photoroom-1.png\",\"contentUrl\":\"https:\\\/\\\/kamagra-official.to\\\/wp-content\\\/uploads\\\/2025\\\/02\\\/KAMAGRA-Photoroom-1.png\",\"width\":150,\"height\":153,\"caption\":\"kamagra-official.to\"},\"image\":{\"@id\":\"https:\\\/\\\/kamagra-official.to\\\/#\\\/schema\\\/logo\\\/image\\\/\"}}]}<\/script>\n<!-- \/ Yoast SEO plugin. -->","yoast_head_json":{"title":"Politika ochrany s\u00fakromia - kamagra-official.to","robots":{"index":"index","follow":"follow","max-snippet":"max-snippet:-1","max-image-preview":"max-image-preview:large","max-video-preview":"max-video-preview:-1"},"canonical":"https:\/\/kamagra-official.to\/privacy-policy\/","og_locale":"sk_SK","og_type":"article","og_title":"Politika ochrany s\u00fakromia - kamagra-official.to","og_description":"\u00a0 Obchodn\u00e9 podmienky I. \u00davodn\u00e9 ustanovenia Prev\u00e1dzkovate\u013eom internetov\u00e9ho obchodu je: kamagra-official.to \u2013 Ruopigenring 85, 6015 Luzern, \u0160vaj\u010diarsko (\u010falej len &#8222;e-shop&#8220;). V\u0161etky zmluvn\u00e9 vz\u0165ahy s\u00fa uzatv\u00e1ran\u00e9 v s\u00falade s pr\u00e1vnym poriadkom \u0160vaj\u010diarska. Pr\u00e1vne vz\u0165ahy, ktor\u00e9 nie s\u00fa v\u00fdslovne upraven\u00e9 t\u00fdmito obchodn\u00fdmi podmienkami, upravuje z\u00e1kon \u010d. 89\/2012 Sb., Ob\u010diansky z\u00e1konn\u00edk (\u010falej len \u201cOZ\u201d). Ak je Kupec spotrebite\u013e [...]","og_url":"https:\/\/kamagra-official.to\/privacy-policy\/","og_site_name":"kamagra-official.to","article_modified_time":"2025-11-21T14:33:05+00:00","twitter_card":"summary_large_image","twitter_misc":{"Predpokladan\u00fd \u010das \u010d\u00edtania":"6 min\u00fat"},"schema":{"@context":"https:\/\/schema.org","@graph":[{"@type":"WebPage","@id":"https:\/\/kamagra-official.to\/privacy-policy\/","url":"https:\/\/kamagra-official.to\/privacy-policy\/","name":"Politika ochrany s\u00fakromia - kamagra-official.to","isPartOf":{"@id":"https:\/\/kamagra-official.to\/#website"},"datePublished":"2024-12-22T10:51:55+00:00","dateModified":"2025-11-21T14:33:05+00:00","breadcrumb":{"@id":"https:\/\/kamagra-official.to\/privacy-policy\/#breadcrumb"},"inLanguage":"sk-SK","potentialAction":[{"@type":"ReadAction","target":["https:\/\/kamagra-official.to\/privacy-policy\/"]}]},{"@type":"BreadcrumbList","@id":"https:\/\/kamagra-official.to\/privacy-policy\/#breadcrumb","itemListElement":[{"@type":"ListItem","position":1,"name":"Home","item":"https:\/\/kamagra-official.to\/nl\/"},{"@type":"ListItem","position":2,"name":"Politika ochrany s\u00fakromia"}]},{"@type":"WebSite","@id":"https:\/\/kamagra-official.to\/#website","url":"https:\/\/kamagra-official.to\/","name":"kamagra-official.to","description":"Revitalize Your Sexual Energy Across Europe","publisher":{"@id":"https:\/\/kamagra-official.to\/#organization"},"potentialAction":[{"@type":"SearchAction","target":{"@type":"EntryPoint","urlTemplate":"https:\/\/kamagra-official.to\/?s={search_term_string}"},"query-input":{"@type":"PropertyValueSpecification","valueRequired":true,"valueName":"search_term_string"}}],"inLanguage":"sk-SK"},{"@type":"Organization","@id":"https:\/\/kamagra-official.to\/#organization","name":"kamagra-official.to","url":"https:\/\/kamagra-official.to\/","logo":{"@type":"ImageObject","inLanguage":"sk-SK","@id":"https:\/\/kamagra-official.to\/#\/schema\/logo\/image\/","url":"https:\/\/kamagra-official.to\/wp-content\/uploads\/2025\/02\/KAMAGRA-Photoroom-1.png","contentUrl":"https:\/\/kamagra-official.to\/wp-content\/uploads\/2025\/02\/KAMAGRA-Photoroom-1.png","width":150,"height":153,"caption":"kamagra-official.to"},"image":{"@id":"https:\/\/kamagra-official.to\/#\/schema\/logo\/image\/"}}]}},"_links":{"self":[{"href":"https:\/\/kamagra-official.to\/sk\/wp-json\/wp\/v2\/pages\/18653","targetHints":{"allow":["GET"]}}],"collection":[{"href":"https:\/\/kamagra-official.to\/sk\/wp-json\/wp\/v2\/pages"}],"about":[{"href":"https:\/\/kamagra-official.to\/sk\/wp-json\/wp\/v2\/types\/page"}],"author":[{"embeddable":true,"href":"https:\/\/kamagra-official.to\/sk\/wp-json\/wp\/v2\/users\/1"}],"replies":[{"embeddable":true,"href":"https:\/\/kamagra-official.to\/sk\/wp-json\/wp\/v2\/comments?post=18653"}],"version-history":[{"count":6,"href":"https:\/\/kamagra-official.to\/sk\/wp-json\/wp\/v2\/pages\/18653\/revisions"}],"predecessor-version":[{"id":25086,"href":"https:\/\/kamagra-official.to\/sk\/wp-json\/wp\/v2\/pages\/18653\/revisions\/25086"}],"wp:attachment":[{"href":"https:\/\/kamagra-official.to\/sk\/wp-json\/wp\/v2\/media?parent=18653"}],"curies":[{"name":"wp","href":"https:\/\/api.w.org\/{rel}","templated":true}]}}