{"id":18634,"date":"2025-02-03T10:59:45","date_gmt":"2025-02-03T10:59:45","guid":{"rendered":"https:\/\/kamagra-official.to\/doprava-a-platba\/"},"modified":"2025-03-02T22:19:02","modified_gmt":"2025-03-02T22:19:02","slug":"doprava-a-platba","status":"publish","type":"page","link":"https:\/\/kamagra-official.to\/sk\/doprava-a-platba\/","title":{"rendered":"Doprava a Platba"},"content":{"rendered":"\t\t<div data-elementor-type=\"wp-page\" data-elementor-id=\"18634\" class=\"elementor elementor-18634 elementor-17762\" data-elementor-post-type=\"page\">\n\t\t\t\t<div class=\"elementor-element elementor-element-e5b1460 e-flex e-con-boxed e-con e-parent\" data-id=\"e5b1460\" data-element_type=\"container\" data-e-type=\"container\">\n\t\t\t\t\t<div class=\"e-con-inner\">\n\t\t\t\t<div class=\"elementor-element elementor-element-ca36751 elementor-widget elementor-widget-spacer\" data-id=\"ca36751\" data-element_type=\"widget\" data-e-type=\"widget\" data-widget_type=\"spacer.default\">\n\t\t\t\t<div class=\"elementor-widget-container\">\n\t\t\t\t\t\t\t<div class=\"elementor-spacer\">\n\t\t\t<div class=\"elementor-spacer-inner\"><\/div>\n\t\t<\/div>\n\t\t\t\t\t\t<\/div>\n\t\t\t\t<\/div>\n\t\t\t\t\t<\/div>\n\t\t\t\t<\/div>\n\t\t<div class=\"elementor-element elementor-element-f84ae7d e-flex e-con-boxed e-con e-parent\" data-id=\"f84ae7d\" data-element_type=\"container\" data-e-type=\"container\">\n\t\t\t\t\t<div class=\"e-con-inner\">\n\t\t\t\t<div class=\"elementor-element elementor-element-9adf117 elementor-widget elementor-widget-text-editor\" data-id=\"9adf117\" data-element_type=\"widget\" data-e-type=\"widget\" data-widget_type=\"text-editor.default\">\n\t\t\t\t<div class=\"elementor-widget-container\">\n\t\t\t\t\t\t\t\t\t<!DOCTYPE html>\n<html lang=\"cs\">\n<head>\n    <meta charset=\"UTF-8\">\n    <meta name=\"viewport\" content=\"width=device-width, initial-scale=1.0\">\n    <title>Dobierka<\/title>\n<\/head>\n<body>\n    <h2>Dobierka<\/h2>\n    <p>T\u00e1to \u010das\u0165 poskytuje inform\u00e1cie o mo\u017enosti doru\u010denia s dobierkou pri n\u00e1kupe v na\u0161om obchode [N\u00e1zov va\u0161ej firmy].<\/p>\n    \n    <h4>Mo\u017enos\u0165 Dobierky<\/h4>\n    <p>Dobierka je pohodln\u00fd sp\u00f4sob platby za objednan\u00e9 tovar pri doru\u010den\u00ed. T\u00e1to slu\u017eba je dostupn\u00e1 prostredn\u00edctvom kuri\u00e9rskej slu\u017eby.<\/p>\n    \n    <h4>Ako Dobierka Funguje<\/h4>\n    <p>Po vytvoren\u00ed objedn\u00e1vky a v\u00fdbere dobierky ako sp\u00f4sobu platby priprav\u00edme a odo\u0161leme v\u00e1\u0161 bal\u00edk. Pri doru\u010den\u00ed tovaru kuri\u00e9rovi zaplat\u00edte v hotovosti alebo kartou pod\u013ea va\u0161ej preferencie.<\/p>\n    \n    <h4>Term\u00edny Doru\u010denia<\/h4>\n    <p>Doba doru\u010denia pre dobierku obvykle sa pohybuje medzi 2-5 pracovn\u00fdmi d\u0148ami v z\u00e1vislosti od va\u0161ej polohy.<\/p>\n   \n    <h4>V\u00fdhody Dobierky<\/h4>\n    <ul>\n        <li><strong>Komfort<\/strong> &#8211; Platba pri prevzat\u00ed tovaru.<\/li>\n        <li><strong>Bezpe\u010dnos\u0165<\/strong> &#8211; Nemus\u00edte poskytova\u0165 \u00fadaje o platbe online.<\/li>\n        <li><strong>Pru\u017enos\u0165<\/strong> &#8211; Mo\u017enos\u0165 plati\u0165 v hotovosti alebo kartou pri doru\u010den\u00ed.<\/li>\n    <\/ul>\n    \n    <h4>Kontaktujte N\u00e1s<\/h4>\n    <p>Ak m\u00e1te ak\u00e9ko\u013evek ot\u00e1zky t\u00fdkaj\u00face sa dobierky, nev\u00e1hajte n\u00e1s kontaktova\u0165 na: [Kontaktn\u00fd e-mail].<\/p>\n<\/body>\n<\/html>\t\t\t\t\t\t\t\t<\/div>\n\t\t\t\t<\/div>\n\t\t\t\t\t<\/div>\n\t\t\t\t<\/div>\n\t\t\t\t<\/div>\n\t\t","protected":false},"excerpt":{"rendered":"<p>Dobierka Dobierka T\u00e1to \u010das\u0165 poskytuje inform\u00e1cie o mo\u017enosti doru\u010denia s dobierkou pri n\u00e1kupe v na\u0161om obchode [N\u00e1zov va\u0161ej firmy]. Mo\u017enos\u0165 Dobierky Dobierka je pohodln\u00fd sp\u00f4sob platby za objednan\u00e9 tovar pri doru\u010den\u00ed. T\u00e1to slu\u017eba je dostupn\u00e1 prostredn\u00edctvom kuri\u00e9rskej slu\u017eby. Ako Dobierka Funguje Po vytvoren\u00ed objedn\u00e1vky a v\u00fdbere dobierky ako sp\u00f4sobu platby priprav\u00edme a odo\u0161leme v\u00e1\u0161 bal\u00edk. [&#8230;]\n","protected":false},"author":1,"featured_media":0,"parent":0,"menu_order":0,"comment_status":"closed","ping_status":"closed","template":"","meta":{"footnotes":""},"class_list":["post-18634","page","type-page","status-publish","hentry"],"yoast_head":"<!-- This site is optimized with the Yoast SEO plugin v27.5 - https:\/\/yoast.com\/product\/yoast-seo-wordpress\/ -->\n<title>Doprava a Platba - kamagra-official.to<\/title>\n<meta name=\"robots\" content=\"index, follow, max-snippet:-1, max-image-preview:large, max-video-preview:-1\" \/>\n<link rel=\"canonical\" href=\"https:\/\/kamagra-official.to\/shipping-and-payment\/\" \/>\n<meta property=\"og:locale\" content=\"sk_SK\" \/>\n<meta property=\"og:type\" content=\"article\" \/>\n<meta property=\"og:title\" content=\"Doprava a Platba - kamagra-official.to\" \/>\n<meta property=\"og:description\" content=\"Dobierka Dobierka T\u00e1to \u010das\u0165 poskytuje inform\u00e1cie o mo\u017enosti doru\u010denia s dobierkou pri n\u00e1kupe v na\u0161om obchode [N\u00e1zov va\u0161ej firmy]. Mo\u017enos\u0165 Dobierky Dobierka je pohodln\u00fd sp\u00f4sob platby za objednan\u00e9 tovar pri doru\u010den\u00ed. T\u00e1to slu\u017eba je dostupn\u00e1 prostredn\u00edctvom kuri\u00e9rskej slu\u017eby. Ako Dobierka Funguje Po vytvoren\u00ed objedn\u00e1vky a v\u00fdbere dobierky ako sp\u00f4sobu platby priprav\u00edme a odo\u0161leme v\u00e1\u0161 bal\u00edk. [...]\" \/>\n<meta property=\"og:url\" content=\"https:\/\/kamagra-official.to\/shipping-and-payment\/\" \/>\n<meta property=\"og:site_name\" content=\"kamagra-official.to\" \/>\n<meta property=\"article:modified_time\" content=\"2025-03-02T22:19:02+00:00\" \/>\n<meta name=\"twitter:card\" content=\"summary_large_image\" \/>\n<meta name=\"twitter:label1\" content=\"Predpokladan\u00fd \u010das \u010d\u00edtania\" \/>\n\t<meta name=\"twitter:data1\" content=\"1 min\u00fata\" \/>\n<script type=\"application\/ld+json\" class=\"yoast-schema-graph\">{\"@context\":\"https:\\\/\\\/schema.org\",\"@graph\":[{\"@type\":\"WebPage\",\"@id\":\"https:\\\/\\\/kamagra-official.to\\\/shipping-and-payment\\\/\",\"url\":\"https:\\\/\\\/kamagra-official.to\\\/shipping-and-payment\\\/\",\"name\":\"Doprava a Platba - kamagra-official.to\",\"isPartOf\":{\"@id\":\"https:\\\/\\\/kamagra-official.to\\\/#website\"},\"datePublished\":\"2025-02-03T10:59:45+00:00\",\"dateModified\":\"2025-03-02T22:19:02+00:00\",\"breadcrumb\":{\"@id\":\"https:\\\/\\\/kamagra-official.to\\\/shipping-and-payment\\\/#breadcrumb\"},\"inLanguage\":\"sk-SK\",\"potentialAction\":[{\"@type\":\"ReadAction\",\"target\":[\"https:\\\/\\\/kamagra-official.to\\\/shipping-and-payment\\\/\"]}]},{\"@type\":\"BreadcrumbList\",\"@id\":\"https:\\\/\\\/kamagra-official.to\\\/shipping-and-payment\\\/#breadcrumb\",\"itemListElement\":[{\"@type\":\"ListItem\",\"position\":1,\"name\":\"Home\",\"item\":\"https:\\\/\\\/kamagra-official.to\\\/nl\\\/\"},{\"@type\":\"ListItem\",\"position\":2,\"name\":\"Doprava a Platba\"}]},{\"@type\":\"WebSite\",\"@id\":\"https:\\\/\\\/kamagra-official.to\\\/#website\",\"url\":\"https:\\\/\\\/kamagra-official.to\\\/\",\"name\":\"kamagra-official.to\",\"description\":\"Revitalize Your Sexual Energy Across Europe\",\"publisher\":{\"@id\":\"https:\\\/\\\/kamagra-official.to\\\/#organization\"},\"potentialAction\":[{\"@type\":\"SearchAction\",\"target\":{\"@type\":\"EntryPoint\",\"urlTemplate\":\"https:\\\/\\\/kamagra-official.to\\\/?s={search_term_string}\"},\"query-input\":{\"@type\":\"PropertyValueSpecification\",\"valueRequired\":true,\"valueName\":\"search_term_string\"}}],\"inLanguage\":\"sk-SK\"},{\"@type\":\"Organization\",\"@id\":\"https:\\\/\\\/kamagra-official.to\\\/#organization\",\"name\":\"kamagra-official.to\",\"url\":\"https:\\\/\\\/kamagra-official.to\\\/\",\"logo\":{\"@type\":\"ImageObject\",\"inLanguage\":\"sk-SK\",\"@id\":\"https:\\\/\\\/kamagra-official.to\\\/#\\\/schema\\\/logo\\\/image\\\/\",\"url\":\"https:\\\/\\\/kamagra-official.to\\\/wp-content\\\/uploads\\\/2025\\\/02\\\/KAMAGRA-Photoroom-1.png\",\"contentUrl\":\"https:\\\/\\\/kamagra-official.to\\\/wp-content\\\/uploads\\\/2025\\\/02\\\/KAMAGRA-Photoroom-1.png\",\"width\":150,\"height\":153,\"caption\":\"kamagra-official.to\"},\"image\":{\"@id\":\"https:\\\/\\\/kamagra-official.to\\\/#\\\/schema\\\/logo\\\/image\\\/\"}}]}<\/script>\n<!-- \/ Yoast SEO plugin. -->","yoast_head_json":{"title":"Doprava a Platba - kamagra-official.to","robots":{"index":"index","follow":"follow","max-snippet":"max-snippet:-1","max-image-preview":"max-image-preview:large","max-video-preview":"max-video-preview:-1"},"canonical":"https:\/\/kamagra-official.to\/shipping-and-payment\/","og_locale":"sk_SK","og_type":"article","og_title":"Doprava a Platba - kamagra-official.to","og_description":"Dobierka Dobierka T\u00e1to \u010das\u0165 poskytuje inform\u00e1cie o mo\u017enosti doru\u010denia s dobierkou pri n\u00e1kupe v na\u0161om obchode [N\u00e1zov va\u0161ej firmy]. Mo\u017enos\u0165 Dobierky Dobierka je pohodln\u00fd sp\u00f4sob platby za objednan\u00e9 tovar pri doru\u010den\u00ed. T\u00e1to slu\u017eba je dostupn\u00e1 prostredn\u00edctvom kuri\u00e9rskej slu\u017eby. Ako Dobierka Funguje Po vytvoren\u00ed objedn\u00e1vky a v\u00fdbere dobierky ako sp\u00f4sobu platby priprav\u00edme a odo\u0161leme v\u00e1\u0161 bal\u00edk. [...]","og_url":"https:\/\/kamagra-official.to\/shipping-and-payment\/","og_site_name":"kamagra-official.to","article_modified_time":"2025-03-02T22:19:02+00:00","twitter_card":"summary_large_image","twitter_misc":{"Predpokladan\u00fd \u010das \u010d\u00edtania":"1 min\u00fata"},"schema":{"@context":"https:\/\/schema.org","@graph":[{"@type":"WebPage","@id":"https:\/\/kamagra-official.to\/shipping-and-payment\/","url":"https:\/\/kamagra-official.to\/shipping-and-payment\/","name":"Doprava a Platba - kamagra-official.to","isPartOf":{"@id":"https:\/\/kamagra-official.to\/#website"},"datePublished":"2025-02-03T10:59:45+00:00","dateModified":"2025-03-02T22:19:02+00:00","breadcrumb":{"@id":"https:\/\/kamagra-official.to\/shipping-and-payment\/#breadcrumb"},"inLanguage":"sk-SK","potentialAction":[{"@type":"ReadAction","target":["https:\/\/kamagra-official.to\/shipping-and-payment\/"]}]},{"@type":"BreadcrumbList","@id":"https:\/\/kamagra-official.to\/shipping-and-payment\/#breadcrumb","itemListElement":[{"@type":"ListItem","position":1,"name":"Home","item":"https:\/\/kamagra-official.to\/nl\/"},{"@type":"ListItem","position":2,"name":"Doprava a Platba"}]},{"@type":"WebSite","@id":"https:\/\/kamagra-official.to\/#website","url":"https:\/\/kamagra-official.to\/","name":"kamagra-official.to","description":"Revitalize Your Sexual Energy Across Europe","publisher":{"@id":"https:\/\/kamagra-official.to\/#organization"},"potentialAction":[{"@type":"SearchAction","target":{"@type":"EntryPoint","urlTemplate":"https:\/\/kamagra-official.to\/?s={search_term_string}"},"query-input":{"@type":"PropertyValueSpecification","valueRequired":true,"valueName":"search_term_string"}}],"inLanguage":"sk-SK"},{"@type":"Organization","@id":"https:\/\/kamagra-official.to\/#organization","name":"kamagra-official.to","url":"https:\/\/kamagra-official.to\/","logo":{"@type":"ImageObject","inLanguage":"sk-SK","@id":"https:\/\/kamagra-official.to\/#\/schema\/logo\/image\/","url":"https:\/\/kamagra-official.to\/wp-content\/uploads\/2025\/02\/KAMAGRA-Photoroom-1.png","contentUrl":"https:\/\/kamagra-official.to\/wp-content\/uploads\/2025\/02\/KAMAGRA-Photoroom-1.png","width":150,"height":153,"caption":"kamagra-official.to"},"image":{"@id":"https:\/\/kamagra-official.to\/#\/schema\/logo\/image\/"}}]}},"_links":{"self":[{"href":"https:\/\/kamagra-official.to\/sk\/wp-json\/wp\/v2\/pages\/18634","targetHints":{"allow":["GET"]}}],"collection":[{"href":"https:\/\/kamagra-official.to\/sk\/wp-json\/wp\/v2\/pages"}],"about":[{"href":"https:\/\/kamagra-official.to\/sk\/wp-json\/wp\/v2\/types\/page"}],"author":[{"embeddable":true,"href":"https:\/\/kamagra-official.to\/sk\/wp-json\/wp\/v2\/users\/1"}],"replies":[{"embeddable":true,"href":"https:\/\/kamagra-official.to\/sk\/wp-json\/wp\/v2\/comments?post=18634"}],"version-history":[{"count":25,"href":"https:\/\/kamagra-official.to\/sk\/wp-json\/wp\/v2\/pages\/18634\/revisions"}],"predecessor-version":[{"id":20378,"href":"https:\/\/kamagra-official.to\/sk\/wp-json\/wp\/v2\/pages\/18634\/revisions\/20378"}],"wp:attachment":[{"href":"https:\/\/kamagra-official.to\/sk\/wp-json\/wp\/v2\/media?parent=18634"}],"curies":[{"name":"wp","href":"https:\/\/api.w.org\/{rel}","templated":true}]}}