{"id":18597,"date":"2025-02-03T11:00:32","date_gmt":"2025-02-03T11:00:32","guid":{"rendered":"https:\/\/kamagra-official.to\/ako-nakupovat\/"},"modified":"2025-03-06T18:56:59","modified_gmt":"2025-03-06T18:56:59","slug":"ako-nakupovat","status":"publish","type":"page","link":"https:\/\/kamagra-official.to\/sk\/ako-nakupovat\/","title":{"rendered":"Ako nakupova\u0165"},"content":{"rendered":"\t\t<div data-elementor-type=\"wp-page\" data-elementor-id=\"18597\" class=\"elementor elementor-18597 elementor-18263\" data-elementor-post-type=\"page\">\n\t\t\t\t<div class=\"elementor-element elementor-element-667f82e e-flex e-con-boxed e-con e-parent\" data-id=\"667f82e\" data-element_type=\"container\" data-e-type=\"container\">\n\t\t\t\t\t<div class=\"e-con-inner\">\n\t\t\t\t<div class=\"elementor-element elementor-element-0901533 elementor-widget elementor-widget-spacer\" data-id=\"0901533\" data-element_type=\"widget\" data-e-type=\"widget\" data-widget_type=\"spacer.default\">\n\t\t\t\t<div class=\"elementor-widget-container\">\n\t\t\t\t\t\t\t<div class=\"elementor-spacer\">\n\t\t\t<div class=\"elementor-spacer-inner\"><\/div>\n\t\t<\/div>\n\t\t\t\t\t\t<\/div>\n\t\t\t\t<\/div>\n\t\t\t\t\t<\/div>\n\t\t\t\t<\/div>\n\t\t<div class=\"elementor-element elementor-element-8be5346 e-flex e-con-boxed e-con e-parent\" data-id=\"8be5346\" data-element_type=\"container\" data-e-type=\"container\">\n\t\t\t\t\t<div class=\"e-con-inner\">\n\t\t\t\t<div class=\"elementor-element elementor-element-e5a2d3b elementor-widget elementor-widget-text-editor\" data-id=\"e5a2d3b\" data-element_type=\"widget\" data-e-type=\"widget\" data-widget_type=\"text-editor.default\">\n\t\t\t\t<div class=\"elementor-widget-container\">\n\t\t\t\t\t\t\t\t\t<!DOCTYPE html>\n<html lang=\"cs\">\n<head>\n    <meta charset=\"UTF-8\">\n    <meta name=\"viewport\" content=\"width=device-width, initial-scale=1.0\">\n    <title>Ako nakupova\u0165<\/title>\n<\/head>\n<body>\n    <h2>Ako nakupova\u0165<\/h2>\n    <p>V tejto \u010dasti n\u00e1jdete podrobn\u00e9 inform\u00e1cie o tom, ako nakupova\u0165 v na\u0161om online obchode [N\u00e1zov va\u0161ej spolo\u010dnosti].<\/p>\n    \n    <h4>V\u00fdber produktu<\/h4>\n    <p>Prehliadajte na\u0161u ponuku prostredn\u00edctvom kateg\u00f3ri\u00ed alebo vyh\u013ead\u00e1vacieho po\u013ea. Kliknut\u00edm na produkt zobraz\u00edte jeho detail, vr\u00e1tane popisu, \u0161pecifik\u00e1ci\u00ed a recenzi\u00ed z\u00e1kazn\u00edkov.<\/p>\n    \n    <h4>Pridanie do ko\u0161\u00edka<\/h4>\n    <p>Ak n\u00e1jdete produkt, ktor\u00fd chcete k\u00fapi\u0165, vyberte po\u017eadovan\u00e9 mno\u017estvo a ak\u00e9ko\u013evek varianty (napr. ve\u013ekos\u0165, farba), potom kliknite na tla\u010didlo &#8222;Prida\u0165 do ko\u0161\u00edka&#8220;. Produkt bude pridan\u00fd do v\u00e1\u0161ho virtu\u00e1lneho n\u00e1kupn\u00e9ho ko\u0161\u00edka.<\/p>\n    \n    <h4>N\u00e1kupn\u00fd ko\u0161\u00edk<\/h4>\n    <p>K n\u00e1kupn\u00e9mu ko\u0161\u00edku m\u00f4\u017eete kedyko\u013evek prejs\u0165 kliknut\u00edm na ikonu ko\u0161\u00edka v pravom hornom rohu str\u00e1nky. Tu m\u00f4\u017eete meni\u0165 mno\u017estvo produktov, odstr\u00e1ni\u0165 polo\u017eky alebo prejs\u0165 k pokladni, ak ste pripraven\u00ed dokon\u010di\u0165 svoj n\u00e1kup.<\/p>\n    \n    <h4>Poklad\u0148a<\/h4>\n    <p>Pri platbe budete vyzvan\u00ed, aby ste zadali podrobnosti o doru\u010den\u00ed a vybrali si sp\u00f4sob doru\u010denia a platby. Uistite sa, \u017ee v\u0161etky \u00fadaje s\u00fa spr\u00e1vne a \u00fapln\u00e9, aby ste zabr\u00e1nili ak\u00e9muko\u013evek oneskoreniu spracovania va\u0161ej objedn\u00e1vky.<\/p>\n    \n    <h4>Sp\u00f4sob platby<\/h4>\n    <p>Pon\u00fakame r\u00f4zne sp\u00f4soby platby, vr\u00e1tane platby kreditnou kartou, bankov\u00fdm prevodom a in\u00fdmi sp\u00f4sobmi. Vyberte si ten, ktor\u00fd v\u00e1m najviac vyhovuje.<\/p>\n    \n    <h4>Potvrdenie objedn\u00e1vky<\/h4>\n    <p>Po dokon\u010den\u00ed procesu objedn\u00e1vky obdr\u017e\u00edte potvrdzuj\u00faci email s inform\u00e1ciami o va\u0161ej objedn\u00e1vke. Tento email si uschovajte pre pr\u00edpadn\u00e9 ot\u00e1zky alebo reklam\u00e1cie.<\/p>\n    \n    <h4>Doru\u010dovanie a odoslanie<\/h4>\n    <p>Inform\u00e1cie o odosielan\u00ed a dob\u00e1ch doru\u010dovania n\u00e1jdete v sekcii [Odkaz na str\u00e1nku s Podmienkami doru\u010dovania a odoslania].<\/p>\n    \n    <h4>Vr\u00e1tenie a s\u0165a\u017enosti<\/h4>\n    <p>Pre inform\u00e1cie o vr\u00e1ten\u00ed a s\u0165a\u017enostiach nav\u0161t\u00edvte na\u0161u sekciu [Odkaz na str\u00e1nkat s Podmienkami vr\u00e1tenia a s\u0165a\u017enost\u00ed].<\/p>\n    \n    <h4>Kontaktujte n\u00e1s<\/h4>\n    <p>Ak m\u00e1te ak\u00e9ko\u013evek ot\u00e1zky t\u00fdkaj\u00face sa n\u00e1kupn\u00e9ho procesu, nev\u00e1hajte n\u00e1s kontaktova\u0165 na: [Kontaktn\u00fd email].<\/p>\n<\/body>\n<\/html>\t\t\t\t\t\t\t\t<\/div>\n\t\t\t\t<\/div>\n\t\t\t\t\t<\/div>\n\t\t\t\t<\/div>\n\t\t\t\t<\/div>\n\t\t","protected":false},"excerpt":{"rendered":"<p>Ako nakupova\u0165 Ako nakupova\u0165 V tejto \u010dasti n\u00e1jdete podrobn\u00e9 inform\u00e1cie o tom, ako nakupova\u0165 v na\u0161om online obchode [N\u00e1zov va\u0161ej spolo\u010dnosti]. V\u00fdber produktu Prehliadajte na\u0161u ponuku prostredn\u00edctvom kateg\u00f3ri\u00ed alebo vyh\u013ead\u00e1vacieho po\u013ea. Kliknut\u00edm na produkt zobraz\u00edte jeho detail, vr\u00e1tane popisu, \u0161pecifik\u00e1ci\u00ed a recenzi\u00ed z\u00e1kazn\u00edkov. Pridanie do ko\u0161\u00edka Ak n\u00e1jdete produkt, ktor\u00fd chcete k\u00fapi\u0165, vyberte po\u017eadovan\u00e9 mno\u017estvo [&#8230;]\n","protected":false},"author":1,"featured_media":0,"parent":0,"menu_order":0,"comment_status":"closed","ping_status":"closed","template":"","meta":{"footnotes":""},"class_list":["post-18597","page","type-page","status-publish","hentry"],"yoast_head":"<!-- This site is optimized with the Yoast SEO plugin v27.5 - https:\/\/yoast.com\/product\/yoast-seo-wordpress\/ -->\n<title>Ako nakupova\u0165 - kamagra-official.to<\/title>\n<meta name=\"robots\" content=\"index, follow, max-snippet:-1, max-image-preview:large, max-video-preview:-1\" \/>\n<link rel=\"canonical\" href=\"https:\/\/kamagra-official.to\/how-to-shop\/\" \/>\n<meta property=\"og:locale\" content=\"sk_SK\" \/>\n<meta property=\"og:type\" content=\"article\" \/>\n<meta property=\"og:title\" content=\"Ako nakupova\u0165 - kamagra-official.to\" \/>\n<meta property=\"og:description\" content=\"Ako nakupova\u0165 Ako nakupova\u0165 V tejto \u010dasti n\u00e1jdete podrobn\u00e9 inform\u00e1cie o tom, ako nakupova\u0165 v na\u0161om online obchode [N\u00e1zov va\u0161ej spolo\u010dnosti]. V\u00fdber produktu Prehliadajte na\u0161u ponuku prostredn\u00edctvom kateg\u00f3ri\u00ed alebo vyh\u013ead\u00e1vacieho po\u013ea. Kliknut\u00edm na produkt zobraz\u00edte jeho detail, vr\u00e1tane popisu, \u0161pecifik\u00e1ci\u00ed a recenzi\u00ed z\u00e1kazn\u00edkov. Pridanie do ko\u0161\u00edka Ak n\u00e1jdete produkt, ktor\u00fd chcete k\u00fapi\u0165, vyberte po\u017eadovan\u00e9 mno\u017estvo [...]\" \/>\n<meta property=\"og:url\" content=\"https:\/\/kamagra-official.to\/how-to-shop\/\" \/>\n<meta property=\"og:site_name\" content=\"kamagra-official.to\" \/>\n<meta property=\"article:modified_time\" content=\"2025-03-06T18:56:59+00:00\" \/>\n<meta name=\"twitter:card\" content=\"summary_large_image\" \/>\n<meta name=\"twitter:label1\" content=\"Predpokladan\u00fd \u010das \u010d\u00edtania\" \/>\n\t<meta name=\"twitter:data1\" content=\"2 min\u00faty\" \/>\n<script type=\"application\/ld+json\" class=\"yoast-schema-graph\">{\"@context\":\"https:\\\/\\\/schema.org\",\"@graph\":[{\"@type\":\"WebPage\",\"@id\":\"https:\\\/\\\/kamagra-official.to\\\/how-to-shop\\\/\",\"url\":\"https:\\\/\\\/kamagra-official.to\\\/how-to-shop\\\/\",\"name\":\"Ako nakupova\u0165 - kamagra-official.to\",\"isPartOf\":{\"@id\":\"https:\\\/\\\/kamagra-official.to\\\/#website\"},\"datePublished\":\"2025-02-03T11:00:32+00:00\",\"dateModified\":\"2025-03-06T18:56:59+00:00\",\"breadcrumb\":{\"@id\":\"https:\\\/\\\/kamagra-official.to\\\/how-to-shop\\\/#breadcrumb\"},\"inLanguage\":\"sk-SK\",\"potentialAction\":[{\"@type\":\"ReadAction\",\"target\":[\"https:\\\/\\\/kamagra-official.to\\\/how-to-shop\\\/\"]}]},{\"@type\":\"BreadcrumbList\",\"@id\":\"https:\\\/\\\/kamagra-official.to\\\/how-to-shop\\\/#breadcrumb\",\"itemListElement\":[{\"@type\":\"ListItem\",\"position\":1,\"name\":\"Home\",\"item\":\"https:\\\/\\\/kamagra-official.to\\\/nl\\\/\"},{\"@type\":\"ListItem\",\"position\":2,\"name\":\"Ako nakupova\u0165\"}]},{\"@type\":\"WebSite\",\"@id\":\"https:\\\/\\\/kamagra-official.to\\\/#website\",\"url\":\"https:\\\/\\\/kamagra-official.to\\\/\",\"name\":\"kamagra-official.to\",\"description\":\"Revitalize Your Sexual Energy Across Europe\",\"publisher\":{\"@id\":\"https:\\\/\\\/kamagra-official.to\\\/#organization\"},\"potentialAction\":[{\"@type\":\"SearchAction\",\"target\":{\"@type\":\"EntryPoint\",\"urlTemplate\":\"https:\\\/\\\/kamagra-official.to\\\/?s={search_term_string}\"},\"query-input\":{\"@type\":\"PropertyValueSpecification\",\"valueRequired\":true,\"valueName\":\"search_term_string\"}}],\"inLanguage\":\"sk-SK\"},{\"@type\":\"Organization\",\"@id\":\"https:\\\/\\\/kamagra-official.to\\\/#organization\",\"name\":\"kamagra-official.to\",\"url\":\"https:\\\/\\\/kamagra-official.to\\\/\",\"logo\":{\"@type\":\"ImageObject\",\"inLanguage\":\"sk-SK\",\"@id\":\"https:\\\/\\\/kamagra-official.to\\\/#\\\/schema\\\/logo\\\/image\\\/\",\"url\":\"https:\\\/\\\/kamagra-official.to\\\/wp-content\\\/uploads\\\/2025\\\/02\\\/KAMAGRA-Photoroom-1.png\",\"contentUrl\":\"https:\\\/\\\/kamagra-official.to\\\/wp-content\\\/uploads\\\/2025\\\/02\\\/KAMAGRA-Photoroom-1.png\",\"width\":150,\"height\":153,\"caption\":\"kamagra-official.to\"},\"image\":{\"@id\":\"https:\\\/\\\/kamagra-official.to\\\/#\\\/schema\\\/logo\\\/image\\\/\"}}]}<\/script>\n<!-- \/ Yoast SEO plugin. -->","yoast_head_json":{"title":"Ako nakupova\u0165 - kamagra-official.to","robots":{"index":"index","follow":"follow","max-snippet":"max-snippet:-1","max-image-preview":"max-image-preview:large","max-video-preview":"max-video-preview:-1"},"canonical":"https:\/\/kamagra-official.to\/how-to-shop\/","og_locale":"sk_SK","og_type":"article","og_title":"Ako nakupova\u0165 - kamagra-official.to","og_description":"Ako nakupova\u0165 Ako nakupova\u0165 V tejto \u010dasti n\u00e1jdete podrobn\u00e9 inform\u00e1cie o tom, ako nakupova\u0165 v na\u0161om online obchode [N\u00e1zov va\u0161ej spolo\u010dnosti]. V\u00fdber produktu Prehliadajte na\u0161u ponuku prostredn\u00edctvom kateg\u00f3ri\u00ed alebo vyh\u013ead\u00e1vacieho po\u013ea. Kliknut\u00edm na produkt zobraz\u00edte jeho detail, vr\u00e1tane popisu, \u0161pecifik\u00e1ci\u00ed a recenzi\u00ed z\u00e1kazn\u00edkov. Pridanie do ko\u0161\u00edka Ak n\u00e1jdete produkt, ktor\u00fd chcete k\u00fapi\u0165, vyberte po\u017eadovan\u00e9 mno\u017estvo [...]","og_url":"https:\/\/kamagra-official.to\/how-to-shop\/","og_site_name":"kamagra-official.to","article_modified_time":"2025-03-06T18:56:59+00:00","twitter_card":"summary_large_image","twitter_misc":{"Predpokladan\u00fd \u010das \u010d\u00edtania":"2 min\u00faty"},"schema":{"@context":"https:\/\/schema.org","@graph":[{"@type":"WebPage","@id":"https:\/\/kamagra-official.to\/how-to-shop\/","url":"https:\/\/kamagra-official.to\/how-to-shop\/","name":"Ako nakupova\u0165 - kamagra-official.to","isPartOf":{"@id":"https:\/\/kamagra-official.to\/#website"},"datePublished":"2025-02-03T11:00:32+00:00","dateModified":"2025-03-06T18:56:59+00:00","breadcrumb":{"@id":"https:\/\/kamagra-official.to\/how-to-shop\/#breadcrumb"},"inLanguage":"sk-SK","potentialAction":[{"@type":"ReadAction","target":["https:\/\/kamagra-official.to\/how-to-shop\/"]}]},{"@type":"BreadcrumbList","@id":"https:\/\/kamagra-official.to\/how-to-shop\/#breadcrumb","itemListElement":[{"@type":"ListItem","position":1,"name":"Home","item":"https:\/\/kamagra-official.to\/nl\/"},{"@type":"ListItem","position":2,"name":"Ako nakupova\u0165"}]},{"@type":"WebSite","@id":"https:\/\/kamagra-official.to\/#website","url":"https:\/\/kamagra-official.to\/","name":"kamagra-official.to","description":"Revitalize Your Sexual Energy Across Europe","publisher":{"@id":"https:\/\/kamagra-official.to\/#organization"},"potentialAction":[{"@type":"SearchAction","target":{"@type":"EntryPoint","urlTemplate":"https:\/\/kamagra-official.to\/?s={search_term_string}"},"query-input":{"@type":"PropertyValueSpecification","valueRequired":true,"valueName":"search_term_string"}}],"inLanguage":"sk-SK"},{"@type":"Organization","@id":"https:\/\/kamagra-official.to\/#organization","name":"kamagra-official.to","url":"https:\/\/kamagra-official.to\/","logo":{"@type":"ImageObject","inLanguage":"sk-SK","@id":"https:\/\/kamagra-official.to\/#\/schema\/logo\/image\/","url":"https:\/\/kamagra-official.to\/wp-content\/uploads\/2025\/02\/KAMAGRA-Photoroom-1.png","contentUrl":"https:\/\/kamagra-official.to\/wp-content\/uploads\/2025\/02\/KAMAGRA-Photoroom-1.png","width":150,"height":153,"caption":"kamagra-official.to"},"image":{"@id":"https:\/\/kamagra-official.to\/#\/schema\/logo\/image\/"}}]}},"_links":{"self":[{"href":"https:\/\/kamagra-official.to\/sk\/wp-json\/wp\/v2\/pages\/18597","targetHints":{"allow":["GET"]}}],"collection":[{"href":"https:\/\/kamagra-official.to\/sk\/wp-json\/wp\/v2\/pages"}],"about":[{"href":"https:\/\/kamagra-official.to\/sk\/wp-json\/wp\/v2\/types\/page"}],"author":[{"embeddable":true,"href":"https:\/\/kamagra-official.to\/sk\/wp-json\/wp\/v2\/users\/1"}],"replies":[{"embeddable":true,"href":"https:\/\/kamagra-official.to\/sk\/wp-json\/wp\/v2\/comments?post=18597"}],"version-history":[{"count":2,"href":"https:\/\/kamagra-official.to\/sk\/wp-json\/wp\/v2\/pages\/18597\/revisions"}],"predecessor-version":[{"id":20471,"href":"https:\/\/kamagra-official.to\/sk\/wp-json\/wp\/v2\/pages\/18597\/revisions\/20471"}],"wp:attachment":[{"href":"https:\/\/kamagra-official.to\/sk\/wp-json\/wp\/v2\/media?parent=18597"}],"curies":[{"name":"wp","href":"https:\/\/api.w.org\/{rel}","templated":true}]}}