{"id":24800,"date":"2024-12-15T23:50:14","date_gmt":"2024-12-15T23:50:14","guid":{"rendered":"https:\/\/kamagra-official.to\/product\/kamagra-oral-jelly-100mg\/"},"modified":"2025-10-02T19:24:24","modified_gmt":"2025-10-02T19:24:24","slug":"kamagra-oral-jelly-100mg","status":"publish","type":"product","link":"https:\/\/kamagra-official.to\/ro\/product\/kamagra-oral-jelly-100mg\/","title":{"rendered":"Kamagra Oral Jelly 100mg"},"content":{"rendered":"<p><strong>Kamagra Oral Jelly &#8211; Suport delicios \u0219i de ac\u021biune rapid\u0103 pentru o intimitate de neuitat!<\/strong><br \/>\nKamagra Oral Jelly 100mg este conceput\u0103 pentru a trata disfunc\u021bia erectil\u0103 \u0219i pentru a \u00eembun\u0103t\u0103\u021bi performan\u021ba sexual\u0103. Acest produs vine sub form\u0103 de gel u\u0219or de utilizat care se dizolv\u0103 \u00een gur\u0103 pentru absorb\u021bie rapid\u0103. Fiecare cutie con\u021bine plicuri de gel cu arom\u0103 de fructe, fiecare pliculet oferind 100 mg de sildenafil &#8211; acela\u0219i ingredient de \u00eencredere g\u0103sit \u00een Viagra.<\/p>\n<p>Sildenafilul este o substan\u021b\u0103 clinic dovedit\u0103 care cre\u0219te fluxul sanguin c\u0103tre penis, f\u0103c\u00e2nd posibil\u0103 realizarea \u0219i men\u021binerea unei erec\u021bii puternice cu stimulare sexual\u0103. Efectele dureaz\u0103 c\u00e2teva ore. \u00cen fiecare cutie, ve\u021bi g\u0103si 7 plicuri cu arome de fructe asortate. Face\u021bi primul pas spre o via\u021b\u0103 sexual\u0103 mai \u00eemplinit\u0103 &#8211; \u00eencerca\u021bi Kamagra Oral Jelly ast\u0103zi!<\/p>\n<hr \/>\n<h3><strong>Avantajele Kamagra Oral Jelly<\/strong><\/h3>\n<p><strong>Debut rapid:<\/strong> Formatul sub form\u0103 de gel permite absorb\u021bia rapid\u0103, astfel \u00eenc\u00e2t s\u0103 sim\u021bi\u021bi efectul mult mai repede dec\u00e2t \u00een cazul tabletelor conven\u021bionale.<br \/>\n<strong>Administrare u\u0219oar\u0103:<\/strong> Pur \u0219i simplu stoarce\u021bi gelul \u00een gur\u0103 \u0219i l\u0103sa\u021bi-l s\u0103 se dizolve &#8211; mult mai pl\u0103cut dec\u00e2t \u00eenghi\u021birea pilulelor obi\u0219nuite, \u0219i nu exist\u0103 nevoia de ap\u0103.<br \/>\n<strong>Op\u021biuni de arome de fructe:<\/strong> Aromele delicioase mascheaz\u0103 gustul natural al sildenafilului.<br \/> <br \/>\n<strong>Efecte secundare minime:<\/strong> C\u00e2nd este utilizat conform indica\u021biilor, Kamagra Oral Jelly este sigur\u0103 \u0219i este \u00een general bine tolerat\u0103.<\/p>\n<hr \/>\n<h3><strong>Dozaj recomandat<\/strong><\/h3>\n<p>Doza ideal\u0103 este o jum\u0103tate de plic de Kamagra Oral Jelly cu 15-30 de minute \u00eenainte de activitatea sexual\u0103. Stoarce\u021bi gelul \u00een gur\u0103 \u0219i l\u0103sa\u021bi-l s\u0103 se dizolve rapid. Dac\u0103 efectul este insuficient, poate fi utilizat\u0103 jum\u0103tatea r\u0103mas\u0103. Nu lua\u021bi mai mult de un plic pe zi.<\/p>\n<hr \/>\n<h3><strong>Debutul ac\u021biunii<\/strong><\/h3>\n<p>Efectele apar de obicei \u00een 15-30 de minute \u0219i dureaz\u0103 p\u00e2n\u0103 la 4 ore. Re\u021bine\u021bi c\u0103 este necesar\u0103 stimularea sexual\u0103, deoarece Kamagra Oral Jelly nu este un afrodisiac. Solicita\u021bi aten\u021bie medical\u0103 dac\u0103 erec\u021bia dureaz\u0103 mai mult de 4 ore.<\/p>\n<hr \/>\n<h3><strong>Interac\u021biuni cu alcoolul \u0219i alimentele<\/strong><\/h3>\n<p>Nu se recomand\u0103 alcoolul, deoarece poate reduce semnificativ eficacitatea. De asemenea, alimentele grele sau grase pot \u00eent\u00e2rzia debutul efectelor.<\/p>\n<hr \/>\n<h3><strong>Interac\u021biuni medicamentoase<\/strong><\/h3>\n<p>Dac\u0103 lua\u021bi alte medicamente, vorbi\u021bi cu medicul dumneavoastr\u0103 \u00eenainte de a utiliza Kamagra Oral Jelly, \u00een special medicamente precum <strong>Cimetidin\u0103, Ketoconazol sau Eritromicin\u0103<\/strong>. Unele medicamente pot reduce eficacitatea sau pot provoca efecte adverse.<\/p>\n<hr \/>\n<h3><strong>Efecte secundare posibile<\/strong><\/h3>\n<p>Efectele secundare sunt \u00een general u\u0219oare \u0219i temporare. Cele mai comune:<\/p>\n<ul>\n<li>\u00cenro\u0219irea fe\u021bei<\/li>\n<li>Dureri de cap<\/li>\n<\/ul>\n<p>Simptome mai pu\u021bin frecvente pot include:<\/p>\n<ul>\n<li>Amel\u021beal\u0103<\/li>\n<li>Viziune \u00eence\u021bo\u0219at\u0103<\/li>\n<li>Dureri musculare<\/li>\n<li>Grea\u021b\u0103<\/li>\n<li>Erup\u021bii cutanate<\/li>\n<li>Congestie nazal\u0103<\/li>\n<\/ul>\n<p>Dac\u0103 experimenta\u021bi efecte secundare severe sau persistente, contacta\u021bi medicul.<\/p>\n<hr \/>\n<h3><strong>C\u00e2nd s\u0103 nu se foloseasc\u0103 Kamagra Oral Jelly?<\/strong><\/h3>\n<p>Nu folosi\u021bi dac\u0103:<\/p>\n<ul>\n<li>Luati nitra\u021bi (pentru durere \u00een piept sau angina pectoral\u0103)<\/li>\n<li>A\u021bi suferit un atac de cord sau un accident vascular cerebral \u00een ultimele 3 luni<\/li>\n<li>Ave\u021bi probleme cu tensiunea arterial\u0103 sau cu coagularea s\u00e2ngelui<\/li>\n<li>Sunte\u021bi alergic la sildenafil<\/li>\n<\/ul>\n<hr \/>\n<h3><strong>Depozitare<\/strong><\/h3>\n<p>P\u0103stra\u021bi Kamagra Oral Jelly \u00een ambalajul original, departe de copii. Depozita\u021bi la <strong>10-30\u00b0C<\/strong> \u00eentr-un loc uscat, protejat de lumina direct\u0103 a soarelui.<\/p>\n","protected":false},"excerpt":{"rendered":"<p><strong>100 mg Sildenafil<\/strong><\/p>\n<p>Acest pachet con\u021bine 7 plicuri de gel, fiecare cu 100 mg de sildenafil. Forma convenabil\u0103 \u0219i gustoas\u0103 de gel permite o absorb\u021bie rapid\u0103 \u0219i o utilizare u\u0219oar\u0103 &#8211; pur \u0219i simplu stoarce\u021bi un plic \u00een gura dumneavoastr\u0103 pentru un suport rapid \u0219i discret cu probleme erectile. Perfect pentru b\u0103rba\u021bii care vor rezultate eficiente \u0219i fiabile, cu o arom\u0103 pl\u0103cut\u0103.<\/p>\n","protected":false},"featured_media":23761,"template":"","meta":[],"product_brand":[],"product_cat":[107,143,222,140,171,170,172,129,150],"product_tag":[],"class_list":{"0":"post-24800","1":"product","2":"type-product","3":"status-publish","4":"has-post-thumbnail","6":"product_cat-amanarea-ejacularii","7":"product_cat-cialis-generic","8":"product_cat-kamagra-ro","9":"product_cat-levitra-generica","10":"product_cat-suport-pentru-erectie","11":"product_cat-tabletele-kamagra","12":"product_cat-viagra-fara-reteta","13":"product_cat-viagra-generica-ro","14":"product_cat-viagra-pentru-femei-stim-totul-despre-aceasta-pastila-roz-miraculoasa-pentru-femei","16":"first","17":"instock","18":"shipping-taxable","19":"purchasable","20":"product-type-simple"},"yoast_head":"<!-- This site is optimized with the Yoast SEO plugin v27.5 - https:\/\/yoast.com\/product\/yoast-seo-wordpress\/ -->\n<title>Kamagra Oral Jelly 100mg - kamagra-official.to<\/title>\n<meta name=\"robots\" content=\"index, follow, max-snippet:-1, max-image-preview:large, max-video-preview:-1\" \/>\n<link rel=\"canonical\" href=\"https:\/\/kamagra-official.to\/ro\/product\/kamagra-oral-jelly-100mg\/\" \/>\n<meta property=\"og:locale\" content=\"ro_RO\" \/>\n<meta property=\"og:type\" content=\"article\" \/>\n<meta property=\"og:title\" content=\"Kamagra Oral Jelly 100mg - kamagra-official.to\" \/>\n<meta property=\"og:description\" content=\"100 mg Sildenafil Acest pachet con\u021bine 7 plicuri de gel, fiecare cu 100 mg de sildenafil. Forma convenabil\u0103 \u0219i gustoas\u0103 de gel permite o absorb\u021bie rapid\u0103 \u0219i o utilizare u\u0219oar\u0103 - pur \u0219i simplu stoarce\u021bi un plic \u00een gura dumneavoastr\u0103 pentru un suport rapid \u0219i discret cu probleme erectile. Perfect pentru b\u0103rba\u021bii care vor rezultate eficiente \u0219i fiabile, cu o arom\u0103 pl\u0103cut\u0103.\" \/>\n<meta property=\"og:url\" content=\"https:\/\/kamagra-official.to\/ro\/product\/kamagra-oral-jelly-100mg\/\" \/>\n<meta property=\"og:site_name\" content=\"kamagra-official.to\" \/>\n<meta property=\"article:modified_time\" content=\"2025-10-02T19:24:24+00:00\" \/>\n<meta property=\"og:image\" content=\"https:\/\/kamagra-official.to\/wp-content\/uploads\/2025\/09\/kamagra-oral-jelly-768x768-1.jpg\" \/>\n\t<meta property=\"og:image:width\" content=\"768\" \/>\n\t<meta property=\"og:image:height\" content=\"768\" \/>\n\t<meta property=\"og:image:type\" content=\"image\/jpeg\" \/>\n<meta name=\"twitter:card\" content=\"summary_large_image\" \/>\n<meta name=\"twitter:label1\" content=\"Timp estimat pentru citire\" \/>\n\t<meta name=\"twitter:data1\" content=\"3 minute\" \/>\n<script type=\"application\/ld+json\" class=\"yoast-schema-graph\">{\"@context\":\"https:\\\/\\\/schema.org\",\"@graph\":[{\"@type\":\"WebPage\",\"@id\":\"https:\\\/\\\/kamagra-official.to\\\/ro\\\/product\\\/kamagra-oral-jelly-100mg\\\/\",\"url\":\"https:\\\/\\\/kamagra-official.to\\\/ro\\\/product\\\/kamagra-oral-jelly-100mg\\\/\",\"name\":\"Kamagra Oral Jelly 100mg - kamagra-official.to\",\"isPartOf\":{\"@id\":\"https:\\\/\\\/kamagra-official.to\\\/#website\"},\"primaryImageOfPage\":{\"@id\":\"https:\\\/\\\/kamagra-official.to\\\/ro\\\/product\\\/kamagra-oral-jelly-100mg\\\/#primaryimage\"},\"image\":{\"@id\":\"https:\\\/\\\/kamagra-official.to\\\/ro\\\/product\\\/kamagra-oral-jelly-100mg\\\/#primaryimage\"},\"thumbnailUrl\":\"https:\\\/\\\/kamagra-official.to\\\/wp-content\\\/uploads\\\/2025\\\/09\\\/kamagra-oral-jelly-768x768-1.jpg\",\"datePublished\":\"2024-12-15T23:50:14+00:00\",\"dateModified\":\"2025-10-02T19:24:24+00:00\",\"breadcrumb\":{\"@id\":\"https:\\\/\\\/kamagra-official.to\\\/ro\\\/product\\\/kamagra-oral-jelly-100mg\\\/#breadcrumb\"},\"inLanguage\":\"ro-RO\",\"potentialAction\":[{\"@type\":\"ReadAction\",\"target\":[\"https:\\\/\\\/kamagra-official.to\\\/ro\\\/product\\\/kamagra-oral-jelly-100mg\\\/\"]}]},{\"@type\":\"ImageObject\",\"inLanguage\":\"ro-RO\",\"@id\":\"https:\\\/\\\/kamagra-official.to\\\/ro\\\/product\\\/kamagra-oral-jelly-100mg\\\/#primaryimage\",\"url\":\"https:\\\/\\\/kamagra-official.to\\\/wp-content\\\/uploads\\\/2025\\\/09\\\/kamagra-oral-jelly-768x768-1.jpg\",\"contentUrl\":\"https:\\\/\\\/kamagra-official.to\\\/wp-content\\\/uploads\\\/2025\\\/09\\\/kamagra-oral-jelly-768x768-1.jpg\",\"width\":768,\"height\":768},{\"@type\":\"BreadcrumbList\",\"@id\":\"https:\\\/\\\/kamagra-official.to\\\/ro\\\/product\\\/kamagra-oral-jelly-100mg\\\/#breadcrumb\",\"itemListElement\":[{\"@type\":\"ListItem\",\"position\":1,\"name\":\"Home\",\"item\":\"https:\\\/\\\/kamagra-official.to\\\/nl\\\/\"},{\"@type\":\"ListItem\",\"position\":2,\"name\":\"Shop\",\"item\":\"https:\\\/\\\/kamagra-official.to\\\/shop\\\/\"},{\"@type\":\"ListItem\",\"position\":3,\"name\":\"Kamagra Oral Jelly 100mg\"}]},{\"@type\":\"WebSite\",\"@id\":\"https:\\\/\\\/kamagra-official.to\\\/#website\",\"url\":\"https:\\\/\\\/kamagra-official.to\\\/\",\"name\":\"kamagra-official.to\",\"description\":\"Revitalize Your Sexual Energy Across Europe\",\"publisher\":{\"@id\":\"https:\\\/\\\/kamagra-official.to\\\/#organization\"},\"potentialAction\":[{\"@type\":\"SearchAction\",\"target\":{\"@type\":\"EntryPoint\",\"urlTemplate\":\"https:\\\/\\\/kamagra-official.to\\\/?s={search_term_string}\"},\"query-input\":{\"@type\":\"PropertyValueSpecification\",\"valueRequired\":true,\"valueName\":\"search_term_string\"}}],\"inLanguage\":\"ro-RO\"},{\"@type\":\"Organization\",\"@id\":\"https:\\\/\\\/kamagra-official.to\\\/#organization\",\"name\":\"kamagra-official.to\",\"url\":\"https:\\\/\\\/kamagra-official.to\\\/\",\"logo\":{\"@type\":\"ImageObject\",\"inLanguage\":\"ro-RO\",\"@id\":\"https:\\\/\\\/kamagra-official.to\\\/#\\\/schema\\\/logo\\\/image\\\/\",\"url\":\"https:\\\/\\\/kamagra-official.to\\\/wp-content\\\/uploads\\\/2025\\\/02\\\/KAMAGRA-Photoroom-1.png\",\"contentUrl\":\"https:\\\/\\\/kamagra-official.to\\\/wp-content\\\/uploads\\\/2025\\\/02\\\/KAMAGRA-Photoroom-1.png\",\"width\":150,\"height\":153,\"caption\":\"kamagra-official.to\"},\"image\":{\"@id\":\"https:\\\/\\\/kamagra-official.to\\\/#\\\/schema\\\/logo\\\/image\\\/\"}}]}<\/script>\n<!-- \/ Yoast SEO plugin. -->","yoast_head_json":{"title":"Kamagra Oral Jelly 100mg - kamagra-official.to","robots":{"index":"index","follow":"follow","max-snippet":"max-snippet:-1","max-image-preview":"max-image-preview:large","max-video-preview":"max-video-preview:-1"},"canonical":"https:\/\/kamagra-official.to\/ro\/product\/kamagra-oral-jelly-100mg\/","og_locale":"ro_RO","og_type":"article","og_title":"Kamagra Oral Jelly 100mg - kamagra-official.to","og_description":"100 mg Sildenafil Acest pachet con\u021bine 7 plicuri de gel, fiecare cu 100 mg de sildenafil. Forma convenabil\u0103 \u0219i gustoas\u0103 de gel permite o absorb\u021bie rapid\u0103 \u0219i o utilizare u\u0219oar\u0103 - pur \u0219i simplu stoarce\u021bi un plic \u00een gura dumneavoastr\u0103 pentru un suport rapid \u0219i discret cu probleme erectile. Perfect pentru b\u0103rba\u021bii care vor rezultate eficiente \u0219i fiabile, cu o arom\u0103 pl\u0103cut\u0103.","og_url":"https:\/\/kamagra-official.to\/ro\/product\/kamagra-oral-jelly-100mg\/","og_site_name":"kamagra-official.to","article_modified_time":"2025-10-02T19:24:24+00:00","og_image":[{"width":768,"height":768,"url":"https:\/\/kamagra-official.to\/wp-content\/uploads\/2025\/09\/kamagra-oral-jelly-768x768-1.jpg","type":"image\/jpeg"}],"twitter_card":"summary_large_image","twitter_misc":{"Timp estimat pentru citire":"3 minute"},"schema":{"@context":"https:\/\/schema.org","@graph":[{"@type":"WebPage","@id":"https:\/\/kamagra-official.to\/ro\/product\/kamagra-oral-jelly-100mg\/","url":"https:\/\/kamagra-official.to\/ro\/product\/kamagra-oral-jelly-100mg\/","name":"Kamagra Oral Jelly 100mg - kamagra-official.to","isPartOf":{"@id":"https:\/\/kamagra-official.to\/#website"},"primaryImageOfPage":{"@id":"https:\/\/kamagra-official.to\/ro\/product\/kamagra-oral-jelly-100mg\/#primaryimage"},"image":{"@id":"https:\/\/kamagra-official.to\/ro\/product\/kamagra-oral-jelly-100mg\/#primaryimage"},"thumbnailUrl":"https:\/\/kamagra-official.to\/wp-content\/uploads\/2025\/09\/kamagra-oral-jelly-768x768-1.jpg","datePublished":"2024-12-15T23:50:14+00:00","dateModified":"2025-10-02T19:24:24+00:00","breadcrumb":{"@id":"https:\/\/kamagra-official.to\/ro\/product\/kamagra-oral-jelly-100mg\/#breadcrumb"},"inLanguage":"ro-RO","potentialAction":[{"@type":"ReadAction","target":["https:\/\/kamagra-official.to\/ro\/product\/kamagra-oral-jelly-100mg\/"]}]},{"@type":"ImageObject","inLanguage":"ro-RO","@id":"https:\/\/kamagra-official.to\/ro\/product\/kamagra-oral-jelly-100mg\/#primaryimage","url":"https:\/\/kamagra-official.to\/wp-content\/uploads\/2025\/09\/kamagra-oral-jelly-768x768-1.jpg","contentUrl":"https:\/\/kamagra-official.to\/wp-content\/uploads\/2025\/09\/kamagra-oral-jelly-768x768-1.jpg","width":768,"height":768},{"@type":"BreadcrumbList","@id":"https:\/\/kamagra-official.to\/ro\/product\/kamagra-oral-jelly-100mg\/#breadcrumb","itemListElement":[{"@type":"ListItem","position":1,"name":"Home","item":"https:\/\/kamagra-official.to\/nl\/"},{"@type":"ListItem","position":2,"name":"Shop","item":"https:\/\/kamagra-official.to\/shop\/"},{"@type":"ListItem","position":3,"name":"Kamagra Oral Jelly 100mg"}]},{"@type":"WebSite","@id":"https:\/\/kamagra-official.to\/#website","url":"https:\/\/kamagra-official.to\/","name":"kamagra-official.to","description":"Revitalize Your Sexual Energy Across Europe","publisher":{"@id":"https:\/\/kamagra-official.to\/#organization"},"potentialAction":[{"@type":"SearchAction","target":{"@type":"EntryPoint","urlTemplate":"https:\/\/kamagra-official.to\/?s={search_term_string}"},"query-input":{"@type":"PropertyValueSpecification","valueRequired":true,"valueName":"search_term_string"}}],"inLanguage":"ro-RO"},{"@type":"Organization","@id":"https:\/\/kamagra-official.to\/#organization","name":"kamagra-official.to","url":"https:\/\/kamagra-official.to\/","logo":{"@type":"ImageObject","inLanguage":"ro-RO","@id":"https:\/\/kamagra-official.to\/#\/schema\/logo\/image\/","url":"https:\/\/kamagra-official.to\/wp-content\/uploads\/2025\/02\/KAMAGRA-Photoroom-1.png","contentUrl":"https:\/\/kamagra-official.to\/wp-content\/uploads\/2025\/02\/KAMAGRA-Photoroom-1.png","width":150,"height":153,"caption":"kamagra-official.to"},"image":{"@id":"https:\/\/kamagra-official.to\/#\/schema\/logo\/image\/"}}]}},"_links":{"self":[{"href":"https:\/\/kamagra-official.to\/ro\/wp-json\/wp\/v2\/product\/24800","targetHints":{"allow":["GET"]}}],"collection":[{"href":"https:\/\/kamagra-official.to\/ro\/wp-json\/wp\/v2\/product"}],"about":[{"href":"https:\/\/kamagra-official.to\/ro\/wp-json\/wp\/v2\/types\/product"}],"wp:featuredmedia":[{"embeddable":true,"href":"https:\/\/kamagra-official.to\/ro\/wp-json\/wp\/v2\/media\/23761"}],"wp:attachment":[{"href":"https:\/\/kamagra-official.to\/ro\/wp-json\/wp\/v2\/media?parent=24800"}],"wp:term":[{"taxonomy":"product_brand","embeddable":true,"href":"https:\/\/kamagra-official.to\/ro\/wp-json\/wp\/v2\/product_brand?post=24800"},{"taxonomy":"product_cat","embeddable":true,"href":"https:\/\/kamagra-official.to\/ro\/wp-json\/wp\/v2\/product_cat?post=24800"},{"taxonomy":"product_tag","embeddable":true,"href":"https:\/\/kamagra-official.to\/ro\/wp-json\/wp\/v2\/product_tag?post=24800"}],"curies":[{"name":"wp","href":"https:\/\/api.w.org\/{rel}","templated":true}]}}