{"id":24712,"date":"2024-12-24T00:35:47","date_gmt":"2024-12-24T00:35:47","guid":{"rendered":"https:\/\/kamagra-official.to\/product\/apcalis-sx-oral-jelly-20mg\/"},"modified":"2025-10-02T19:22:03","modified_gmt":"2025-10-02T19:22:03","slug":"apcalis-sx-oral-jelly-20mg","status":"publish","type":"product","link":"https:\/\/kamagra-official.to\/ro\/product\/apcalis-sx-oral-jelly-20mg\/","title":{"rendered":"Apcalis-SX Oral Jelly 20mg"},"content":{"rendered":"<h3><strong>Apcalis-SX Oral Jelly 20mg \u2013 Solu\u021bie rapid\u0103 \u0219i gustoas\u0103 pentru disfunc\u021bia erectil\u0103<\/strong><\/h3>\n<p>Apcalis-SX Oral Jelly 20mg ofer\u0103 un remediu eficient pentru disfunc\u021bia erectil\u0103. Fiecare pachet con\u021bine 20mg tadalafil, un ingredient puternic care promoveaz\u0103 fluxul \u00eembun\u0103t\u0103\u021bit de s\u00e2nge c\u0103tre penis \u0219i asigur\u0103 erec\u021bii ferme, de \u00eencredere. De\u0219i tadalafil este aceea\u0219i substan\u021b\u0103 activ\u0103 g\u0103sit\u0103 \u00een medicamentul bine cunoscut Cialis, Apcalis-SX Oral Jelly ofer\u0103 o alternativ\u0103 mai accesibil\u0103 \u0219i convenabil\u0103.<\/p>\n<p>Comparativ cu citratul de sildenafil (Viagra), tadalafil ofer\u0103 o durat\u0103 notabil de lung\u0103 de ac\u021biune &#8211; cu efecte care dureaz\u0103 p\u00e2n\u0103 la 36 de ore. Apcalis-SX Oral Jelly 20mg v\u0103 permite vou\u0103 \u0219i partenerului vostru s\u0103 v\u0103 bucura\u021bi de momente \u00eendelungate, de neuitat \u00eempreun\u0103. Acest jeleu oral vine \u00eentr-o varietate de arome pl\u0103cute de fructe pentru o experien\u021b\u0103 medicinal\u0103 pl\u0103cut\u0103.<\/p>\n<hr \/>\n<h3><strong>Beneficii cheie ale Apcalis-SX Oral Jelly 20mg<\/strong><\/h3>\n<ul>\n<li><strong>Ac\u021biune prelungit\u0103 \u2013 p\u00e2n\u0103 la 36 de ore<\/strong> &#8211; Experimenta\u021bi \u00eencredere \u0219i performan\u021b\u0103 de lung\u0103 durat\u0103.<\/li>\n<li><strong>Debut rapid<\/strong> &#8211; Efectele pot \u00eencepe la doar 15-30 de minute dup\u0103 utilizare.<\/li>\n<li><strong>U\u0219or de folosit<\/strong> &#8211; Pur \u0219i simplu stoarce\u021bi jeleul de 20mg \u00een gur\u0103; nu este necesar\u0103 ap\u0103.<\/li>\n<li><strong>Arome delicioase de fructe<\/strong> &#8211; O alegere mult mai gustoas\u0103 \u0219i mai pl\u0103cut\u0103 dec\u00e2t tabletele tradi\u021bionale.<\/li>\n<\/ul>\n<hr \/>\n<h3><strong>Dozajul recomandat<\/strong><\/h3>\n<p>\u00cencepe\u021bi cu jum\u0103tate de pachet de Apcalis-SX Oral Jelly 20mg. Dac\u0103 este necesar, pute\u021bi cre\u0219te doza p\u00e2n\u0103 la un pachet \u00eentreg. Nu dep\u0103\u0219i\u021bi un pachet (20mg) \u00een orice perioad\u0103 de 24 de ore.<\/p>\n<hr \/>\n<h3><strong>Debutul efectelor<\/strong><\/h3>\n<p>Efectul Apcalis-SX Oral Jelly 20mg \u00eencepe, \u00een general, \u00een 15 p\u00e2n\u0103 la 30 de minute \u0219i poate r\u0103m\u00e2ne activ p\u00e2n\u0103 la 36 de ore. V\u0103 rug\u0103m s\u0103 re\u021bine\u021bi, Apcalis-SX Oral Jelly 20mg nu este un afrodisiac; stimularea sexual\u0103 este necesar\u0103 pentru a func\u021biona.<\/p>\n<hr \/>\n<h3><strong>Alcoolul \u0219i Apcalis-SX Oral Jelly 20mg<\/strong><\/h3>\n<p>Evita\u021bi combinarea acestui produs cu alcool, deoarece acesta poate reduce eficacitatea sa. Mesele grele sau grase pot \u00eent\u00e2rzia \u0219i ele \u00eenceputul ac\u021biunii.<\/p>\n<hr \/>\n<h3><strong>Combinarea cu alte medicamente<\/strong><\/h3>\n<p>Consulta\u021bi-v\u0103 medicul \u00eenainte de a folosi Apcalis-SX Oral Jelly 20mg, mai ales dac\u0103 lua\u021bi:<\/p>\n<ul>\n<li>Cimetidin\u0103,<\/li>\n<li>Ketoconazol,<\/li>\n<li>Eritromicin\u0103.<\/li>\n<\/ul>\n<p>Combinarea cu anumite medicamente poate diminua eficacitatea sau poate provoca efecte secundare nedorite.<\/p>\n<hr \/>\n<h3><strong>Efecte secundare poten\u021biale \u0219i reac\u021bii alergice<\/strong><\/h3>\n<p>Efectele secundare asociate cu Apcalis-SX Oral Jelly 20mg sunt, \u00een general, u\u0219oare \u0219i temporare.<\/p>\n<p><strong>Efecte secundare cele mai comune:<\/strong><\/p>\n<ul>\n<li>Rosirea fe\u021bei,<\/li>\n<li>Durerea de cap.<\/li>\n<\/ul>\n<p><strong>Efecte adverse mai pu\u021bin frecvente:<\/strong><\/p>\n<ul>\n<li>Ameteli,<\/li>\n<li>Vedere \u00eence\u021bo\u0219at\u0103,<\/li>\n<li>Dureri musculare,<\/li>\n<li>Sup\u0103rare la stomac,<\/li>\n<li>Erup\u021bii pe piele,<\/li>\n<li>Nas blocat sau \u00eenfundat.<\/li>\n<\/ul>\n<p>Dac\u0103 experimenta\u021bi reac\u021bii severe sau persistente, contacta\u021bi imediat furnizorul dvs. de asisten\u021b\u0103 medical\u0103.<\/p>\n<hr \/>\n<h3><strong>C\u00e2nd ar trebui s\u0103 evita\u021bi Apcalis-SX Oral Jelly 20mg?<\/strong><\/h3>\n<p>Nu folosi\u021bi acest produs dac\u0103:<\/p>\n<ul>\n<li>Folosi\u021bi medicamente cu nitra\u021bi (pentru angin\u0103 sau dureri \u00een piept).<\/li>\n<li>A\u021bi suferit un atac de cord, un accident vascular cerebral sau insuficien\u021b\u0103 cardiac\u0103 \u00een ultimele 6 luni.<\/li>\n<li>Face\u021bi fa\u021b\u0103 unor tulbur\u0103ri de tensiune arterial\u0103 sau probleme de coagulare a s\u00e2ngelui.<\/li>\n<li>Sunte\u021bi alergic la tadalafil sau la oricare dintre ingredientele din Apcalis-SX Oral Jelly 20mg.<\/li>\n<\/ul>\n<hr \/>\n<h3><strong>\u00cendrum\u0103ri de depozitare<\/strong><\/h3>\n<p>Depozita\u021bi Apcalis-SX Oral Jelly 20mg \u00een ambalajul original, departe de copii. P\u0103stra\u021bi la un loc uscat \u00eentre 10 \u0219i 30\u00b0C, protejat de lumina direct\u0103 a soarelui.<\/p>\n","protected":false},"excerpt":{"rendered":"<p><strong>Apcalis-SX Oral Jelly 20mg<\/strong><\/p>\n<p>Fiecare cutie de Apcalis-SX Oral Jelly 20mg include 7 plicuri convenabile proiectate pentru o utilizare simpl\u0103 \u0219i eficient\u0103. Fiecare plic de gel con\u021bine o doz\u0103 de 20mg de tadalafil, oferind suport de \u00eencredere pentru b\u0103rba\u021bii care se confrunt\u0103 cu disfunc\u021bia erectil\u0103. Acest pachet v\u0103 permite s\u0103 beneficia\u021bi de rezultate rapide \u0219i de lung\u0103 durat\u0103 pe parcursul s\u0103pt\u0103m\u00e2nii, combin\u00e2nd at\u00e2t discre\u021bia c\u00e2t \u0219i satisfac\u021bia \u00eentr-un produs accesibil.<\/p>\n","protected":false},"featured_media":24025,"template":"","meta":[],"product_brand":[],"product_cat":[143],"product_tag":[],"class_list":{"0":"post-24712","1":"product","2":"type-product","3":"status-publish","4":"has-post-thumbnail","6":"product_cat-cialis-generic","8":"first","9":"instock","10":"shipping-taxable","11":"purchasable","12":"product-type-simple"},"yoast_head":"<!-- This site is optimized with the Yoast SEO plugin v27.5 - https:\/\/yoast.com\/product\/yoast-seo-wordpress\/ -->\n<title>Apcalis-SX Oral Jelly 20mg - kamagra-official.to<\/title>\n<meta name=\"robots\" content=\"index, follow, max-snippet:-1, max-image-preview:large, max-video-preview:-1\" \/>\n<link rel=\"canonical\" href=\"https:\/\/kamagra-official.to\/ro\/product\/apcalis-sx-oral-jelly-20mg\/\" \/>\n<meta property=\"og:locale\" content=\"ro_RO\" \/>\n<meta property=\"og:type\" content=\"article\" \/>\n<meta property=\"og:title\" content=\"Apcalis-SX Oral Jelly 20mg - kamagra-official.to\" \/>\n<meta property=\"og:description\" content=\"Apcalis-SX Oral Jelly 20mg Fiecare cutie de Apcalis-SX Oral Jelly 20mg include 7 plicuri convenabile proiectate pentru o utilizare simpl\u0103 \u0219i eficient\u0103. Fiecare plic de gel con\u021bine o doz\u0103 de 20mg de tadalafil, oferind suport de \u00eencredere pentru b\u0103rba\u021bii care se confrunt\u0103 cu disfunc\u021bia erectil\u0103. Acest pachet v\u0103 permite s\u0103 beneficia\u021bi de rezultate rapide \u0219i de lung\u0103 durat\u0103 pe parcursul s\u0103pt\u0103m\u00e2nii, combin\u00e2nd at\u00e2t discre\u021bia c\u00e2t \u0219i satisfac\u021bia \u00eentr-un produs accesibil.\" \/>\n<meta property=\"og:url\" content=\"https:\/\/kamagra-official.to\/ro\/product\/apcalis-sx-oral-jelly-20mg\/\" \/>\n<meta property=\"og:site_name\" content=\"kamagra-official.to\" \/>\n<meta property=\"article:modified_time\" content=\"2025-10-02T19:22:03+00:00\" \/>\n<meta property=\"og:image\" content=\"https:\/\/kamagra-official.to\/wp-content\/uploads\/2025\/09\/apcalis-jelly-2-768x768-1.jpg\" \/>\n\t<meta property=\"og:image:width\" content=\"768\" \/>\n\t<meta property=\"og:image:height\" content=\"768\" \/>\n\t<meta property=\"og:image:type\" content=\"image\/jpeg\" \/>\n<meta name=\"twitter:card\" content=\"summary_large_image\" \/>\n<meta name=\"twitter:label1\" content=\"Timp estimat pentru citire\" \/>\n\t<meta name=\"twitter:data1\" content=\"3 minute\" \/>\n<script type=\"application\/ld+json\" class=\"yoast-schema-graph\">{\"@context\":\"https:\\\/\\\/schema.org\",\"@graph\":[{\"@type\":\"WebPage\",\"@id\":\"https:\\\/\\\/kamagra-official.to\\\/ro\\\/product\\\/apcalis-sx-oral-jelly-20mg\\\/\",\"url\":\"https:\\\/\\\/kamagra-official.to\\\/ro\\\/product\\\/apcalis-sx-oral-jelly-20mg\\\/\",\"name\":\"Apcalis-SX Oral Jelly 20mg - kamagra-official.to\",\"isPartOf\":{\"@id\":\"https:\\\/\\\/kamagra-official.to\\\/#website\"},\"primaryImageOfPage\":{\"@id\":\"https:\\\/\\\/kamagra-official.to\\\/ro\\\/product\\\/apcalis-sx-oral-jelly-20mg\\\/#primaryimage\"},\"image\":{\"@id\":\"https:\\\/\\\/kamagra-official.to\\\/ro\\\/product\\\/apcalis-sx-oral-jelly-20mg\\\/#primaryimage\"},\"thumbnailUrl\":\"https:\\\/\\\/kamagra-official.to\\\/wp-content\\\/uploads\\\/2025\\\/09\\\/apcalis-jelly-2-768x768-1.jpg\",\"datePublished\":\"2024-12-24T00:35:47+00:00\",\"dateModified\":\"2025-10-02T19:22:03+00:00\",\"breadcrumb\":{\"@id\":\"https:\\\/\\\/kamagra-official.to\\\/ro\\\/product\\\/apcalis-sx-oral-jelly-20mg\\\/#breadcrumb\"},\"inLanguage\":\"ro-RO\",\"potentialAction\":[{\"@type\":\"ReadAction\",\"target\":[\"https:\\\/\\\/kamagra-official.to\\\/ro\\\/product\\\/apcalis-sx-oral-jelly-20mg\\\/\"]}]},{\"@type\":\"ImageObject\",\"inLanguage\":\"ro-RO\",\"@id\":\"https:\\\/\\\/kamagra-official.to\\\/ro\\\/product\\\/apcalis-sx-oral-jelly-20mg\\\/#primaryimage\",\"url\":\"https:\\\/\\\/kamagra-official.to\\\/wp-content\\\/uploads\\\/2025\\\/09\\\/apcalis-jelly-2-768x768-1.jpg\",\"contentUrl\":\"https:\\\/\\\/kamagra-official.to\\\/wp-content\\\/uploads\\\/2025\\\/09\\\/apcalis-jelly-2-768x768-1.jpg\",\"width\":768,\"height\":768},{\"@type\":\"BreadcrumbList\",\"@id\":\"https:\\\/\\\/kamagra-official.to\\\/ro\\\/product\\\/apcalis-sx-oral-jelly-20mg\\\/#breadcrumb\",\"itemListElement\":[{\"@type\":\"ListItem\",\"position\":1,\"name\":\"Home\",\"item\":\"https:\\\/\\\/kamagra-official.to\\\/nl\\\/\"},{\"@type\":\"ListItem\",\"position\":2,\"name\":\"Shop\",\"item\":\"https:\\\/\\\/kamagra-official.to\\\/shop\\\/\"},{\"@type\":\"ListItem\",\"position\":3,\"name\":\"Apcalis-SX Oral Jelly 20mg\"}]},{\"@type\":\"WebSite\",\"@id\":\"https:\\\/\\\/kamagra-official.to\\\/#website\",\"url\":\"https:\\\/\\\/kamagra-official.to\\\/\",\"name\":\"kamagra-official.to\",\"description\":\"Revitalize Your Sexual Energy Across Europe\",\"publisher\":{\"@id\":\"https:\\\/\\\/kamagra-official.to\\\/#organization\"},\"potentialAction\":[{\"@type\":\"SearchAction\",\"target\":{\"@type\":\"EntryPoint\",\"urlTemplate\":\"https:\\\/\\\/kamagra-official.to\\\/?s={search_term_string}\"},\"query-input\":{\"@type\":\"PropertyValueSpecification\",\"valueRequired\":true,\"valueName\":\"search_term_string\"}}],\"inLanguage\":\"ro-RO\"},{\"@type\":\"Organization\",\"@id\":\"https:\\\/\\\/kamagra-official.to\\\/#organization\",\"name\":\"kamagra-official.to\",\"url\":\"https:\\\/\\\/kamagra-official.to\\\/\",\"logo\":{\"@type\":\"ImageObject\",\"inLanguage\":\"ro-RO\",\"@id\":\"https:\\\/\\\/kamagra-official.to\\\/#\\\/schema\\\/logo\\\/image\\\/\",\"url\":\"https:\\\/\\\/kamagra-official.to\\\/wp-content\\\/uploads\\\/2025\\\/02\\\/KAMAGRA-Photoroom-1.png\",\"contentUrl\":\"https:\\\/\\\/kamagra-official.to\\\/wp-content\\\/uploads\\\/2025\\\/02\\\/KAMAGRA-Photoroom-1.png\",\"width\":150,\"height\":153,\"caption\":\"kamagra-official.to\"},\"image\":{\"@id\":\"https:\\\/\\\/kamagra-official.to\\\/#\\\/schema\\\/logo\\\/image\\\/\"}}]}<\/script>\n<!-- \/ Yoast SEO plugin. -->","yoast_head_json":{"title":"Apcalis-SX Oral Jelly 20mg - kamagra-official.to","robots":{"index":"index","follow":"follow","max-snippet":"max-snippet:-1","max-image-preview":"max-image-preview:large","max-video-preview":"max-video-preview:-1"},"canonical":"https:\/\/kamagra-official.to\/ro\/product\/apcalis-sx-oral-jelly-20mg\/","og_locale":"ro_RO","og_type":"article","og_title":"Apcalis-SX Oral Jelly 20mg - kamagra-official.to","og_description":"Apcalis-SX Oral Jelly 20mg Fiecare cutie de Apcalis-SX Oral Jelly 20mg include 7 plicuri convenabile proiectate pentru o utilizare simpl\u0103 \u0219i eficient\u0103. Fiecare plic de gel con\u021bine o doz\u0103 de 20mg de tadalafil, oferind suport de \u00eencredere pentru b\u0103rba\u021bii care se confrunt\u0103 cu disfunc\u021bia erectil\u0103. Acest pachet v\u0103 permite s\u0103 beneficia\u021bi de rezultate rapide \u0219i de lung\u0103 durat\u0103 pe parcursul s\u0103pt\u0103m\u00e2nii, combin\u00e2nd at\u00e2t discre\u021bia c\u00e2t \u0219i satisfac\u021bia \u00eentr-un produs accesibil.","og_url":"https:\/\/kamagra-official.to\/ro\/product\/apcalis-sx-oral-jelly-20mg\/","og_site_name":"kamagra-official.to","article_modified_time":"2025-10-02T19:22:03+00:00","og_image":[{"width":768,"height":768,"url":"https:\/\/kamagra-official.to\/wp-content\/uploads\/2025\/09\/apcalis-jelly-2-768x768-1.jpg","type":"image\/jpeg"}],"twitter_card":"summary_large_image","twitter_misc":{"Timp estimat pentru citire":"3 minute"},"schema":{"@context":"https:\/\/schema.org","@graph":[{"@type":"WebPage","@id":"https:\/\/kamagra-official.to\/ro\/product\/apcalis-sx-oral-jelly-20mg\/","url":"https:\/\/kamagra-official.to\/ro\/product\/apcalis-sx-oral-jelly-20mg\/","name":"Apcalis-SX Oral Jelly 20mg - kamagra-official.to","isPartOf":{"@id":"https:\/\/kamagra-official.to\/#website"},"primaryImageOfPage":{"@id":"https:\/\/kamagra-official.to\/ro\/product\/apcalis-sx-oral-jelly-20mg\/#primaryimage"},"image":{"@id":"https:\/\/kamagra-official.to\/ro\/product\/apcalis-sx-oral-jelly-20mg\/#primaryimage"},"thumbnailUrl":"https:\/\/kamagra-official.to\/wp-content\/uploads\/2025\/09\/apcalis-jelly-2-768x768-1.jpg","datePublished":"2024-12-24T00:35:47+00:00","dateModified":"2025-10-02T19:22:03+00:00","breadcrumb":{"@id":"https:\/\/kamagra-official.to\/ro\/product\/apcalis-sx-oral-jelly-20mg\/#breadcrumb"},"inLanguage":"ro-RO","potentialAction":[{"@type":"ReadAction","target":["https:\/\/kamagra-official.to\/ro\/product\/apcalis-sx-oral-jelly-20mg\/"]}]},{"@type":"ImageObject","inLanguage":"ro-RO","@id":"https:\/\/kamagra-official.to\/ro\/product\/apcalis-sx-oral-jelly-20mg\/#primaryimage","url":"https:\/\/kamagra-official.to\/wp-content\/uploads\/2025\/09\/apcalis-jelly-2-768x768-1.jpg","contentUrl":"https:\/\/kamagra-official.to\/wp-content\/uploads\/2025\/09\/apcalis-jelly-2-768x768-1.jpg","width":768,"height":768},{"@type":"BreadcrumbList","@id":"https:\/\/kamagra-official.to\/ro\/product\/apcalis-sx-oral-jelly-20mg\/#breadcrumb","itemListElement":[{"@type":"ListItem","position":1,"name":"Home","item":"https:\/\/kamagra-official.to\/nl\/"},{"@type":"ListItem","position":2,"name":"Shop","item":"https:\/\/kamagra-official.to\/shop\/"},{"@type":"ListItem","position":3,"name":"Apcalis-SX Oral Jelly 20mg"}]},{"@type":"WebSite","@id":"https:\/\/kamagra-official.to\/#website","url":"https:\/\/kamagra-official.to\/","name":"kamagra-official.to","description":"Revitalize Your Sexual Energy Across Europe","publisher":{"@id":"https:\/\/kamagra-official.to\/#organization"},"potentialAction":[{"@type":"SearchAction","target":{"@type":"EntryPoint","urlTemplate":"https:\/\/kamagra-official.to\/?s={search_term_string}"},"query-input":{"@type":"PropertyValueSpecification","valueRequired":true,"valueName":"search_term_string"}}],"inLanguage":"ro-RO"},{"@type":"Organization","@id":"https:\/\/kamagra-official.to\/#organization","name":"kamagra-official.to","url":"https:\/\/kamagra-official.to\/","logo":{"@type":"ImageObject","inLanguage":"ro-RO","@id":"https:\/\/kamagra-official.to\/#\/schema\/logo\/image\/","url":"https:\/\/kamagra-official.to\/wp-content\/uploads\/2025\/02\/KAMAGRA-Photoroom-1.png","contentUrl":"https:\/\/kamagra-official.to\/wp-content\/uploads\/2025\/02\/KAMAGRA-Photoroom-1.png","width":150,"height":153,"caption":"kamagra-official.to"},"image":{"@id":"https:\/\/kamagra-official.to\/#\/schema\/logo\/image\/"}}]}},"_links":{"self":[{"href":"https:\/\/kamagra-official.to\/ro\/wp-json\/wp\/v2\/product\/24712","targetHints":{"allow":["GET"]}}],"collection":[{"href":"https:\/\/kamagra-official.to\/ro\/wp-json\/wp\/v2\/product"}],"about":[{"href":"https:\/\/kamagra-official.to\/ro\/wp-json\/wp\/v2\/types\/product"}],"wp:featuredmedia":[{"embeddable":true,"href":"https:\/\/kamagra-official.to\/ro\/wp-json\/wp\/v2\/media\/24025"}],"wp:attachment":[{"href":"https:\/\/kamagra-official.to\/ro\/wp-json\/wp\/v2\/media?parent=24712"}],"wp:term":[{"taxonomy":"product_brand","embeddable":true,"href":"https:\/\/kamagra-official.to\/ro\/wp-json\/wp\/v2\/product_brand?post=24712"},{"taxonomy":"product_cat","embeddable":true,"href":"https:\/\/kamagra-official.to\/ro\/wp-json\/wp\/v2\/product_cat?post=24712"},{"taxonomy":"product_tag","embeddable":true,"href":"https:\/\/kamagra-official.to\/ro\/wp-json\/wp\/v2\/product_tag?post=24712"}],"curies":[{"name":"wp","href":"https:\/\/api.w.org\/{rel}","templated":true}]}}