{"id":24702,"date":"2024-12-24T00:38:56","date_gmt":"2024-12-24T00:38:56","guid":{"rendered":"https:\/\/kamagra-official.to\/product\/sildalist-120mg\/"},"modified":"2025-10-02T19:21:52","modified_gmt":"2025-10-02T19:21:52","slug":"sildalist-120mg","status":"publish","type":"product","link":"https:\/\/kamagra-official.to\/ro\/product\/sildalist-120mg\/","title":{"rendered":"Sildalist 120mg"},"content":{"rendered":"<h3><strong>Sildalist 120mg \u2013 Putere dubl\u0103 pentru erec\u021bii fiabile \u0219i de lung\u0103 durat\u0103!<\/strong><\/h3>\n<p>Sildalist combin\u0103 dou\u0103 ingrediente active puternice: <strong>100 mg citrat de sildenafil<\/strong> \u0219i <strong>20 mg tadalafil<\/strong>. Aceast\u0103 formul\u0103 cu ac\u021biune dubl\u0103 optimizeaz\u0103 fluxul de s\u00e2nge c\u0103tre penis, sus\u021bin\u00e2nd o erec\u021bie puternic\u0103, de lung\u0103 durat\u0103 \u0219i o performan\u021b\u0103 sexual\u0103 satisf\u0103c\u0103toare.<\/p>\n<p>Datorit\u0103 acestei combina\u021bii unice, ve\u021bi avea parte de experien\u021be intime mai lungi, mai intense, f\u0103r\u0103 a v\u0103 face griji c\u0103 v\u0103 ve\u021bi pierde erec\u021bia. Sildalist v\u0103 permite s\u0103 deveni\u021bi un amant pe care partenera dumneavoastr\u0103 nu \u00eel va uita niciodat\u0103!<\/p>\n<hr \/>\n<h3><strong>Beneficiile Sildalist<\/strong><\/h3>\n<ul>\n<li><strong>Ac\u021biune dubl\u0103:<\/strong> Erec\u021bii puternice, de lung\u0103 durat\u0103 \u0219i satisfac\u021bie sporit\u0103 pentru o intimitate de neuitat.<\/li>\n<li><strong>Eficacitate dovedit\u0103:<\/strong> 100 mg sildenafil \u0219i 20 mg tadalafil lucreaz\u0103 \u00eempreun\u0103 pentru un suport complex \u00eempotriva disfunc\u021biei erectile.<\/li>\n<li><strong>Efect prelungit:<\/strong> P\u00e2n\u0103 la 12 ore de eficacitate pentru un confort maxim.<\/li>\n<\/ul>\n<hr \/>\n<h3><strong>Doza recomandat\u0103<\/strong><\/h3>\n<p>\u00cencepe\u021bi cu jum\u0103tate de tablet\u0103 Sildalist. Dac\u0103 efectul nu este suficient, cre\u0219te\u021bi la o tablet\u0103 \u00eentreag\u0103. Nu dep\u0103\u0219i\u021bi o tablet\u0103 pe zi. \u00cenghi\u021bi\u021bi cu mult\u0103 ap\u0103.<\/p>\n<hr \/>\n<h3><strong>Apari\u021bie a efectului<\/strong><\/h3>\n<p>Sildalist \u00eencepe, de obicei, s\u0103 ac\u021bioneze \u00een 30\u201360 de minute \u0219i poate dura p\u00e2n\u0103 la 12 ore. Aminti\u021bi-v\u0103 c\u0103 Sildalist nu este un afrodisiac &#8211; este necesar\u0103 stimularea sexual\u0103 pentru ca acesta s\u0103 func\u021bioneze.<\/p>\n<hr \/>\n<h3><strong>Sildalist \u0219i alcool<\/strong><\/h3>\n<p>Este cel mai bine s\u0103 evita\u021bi alcoolul \u00een timp ce lua\u021bi Sildalist, deoarece acesta poate reduce eficacitatea. De asemenea, mesele grele \u0219i grase pot \u00eencetini \u00eenceputul.<\/p>\n<hr \/>\n<h3><strong>Interac\u021biuni cu alte medicamente<\/strong><\/h3>\n<p>Dac\u0103 lua\u021bi alte medicamente, \u00een special:<\/p>\n<ul>\n<li>Cimetidin\u0103,<\/li>\n<li>Ketoconazol,<\/li>\n<li>Eritromicin\u0103,<\/li>\n<\/ul>\n<p>consulta\u021bi-v\u0103 medicul \u00eenainte de a folosi Sildalist. Unele combina\u021bii pot reduce eficacitatea sau pot cre\u0219te efectele secundare.<\/p>\n<hr \/>\n<h3><strong>Efecte secundare \u0219i reac\u021bii alergice<\/strong><\/h3>\n<p>Efectele secundare sunt, \u00een general, u\u0219oare \u0219i temporare.<\/p>\n<p><strong>Efectele secundare cele mai comune:<\/strong><\/p>\n<ul>\n<li>\u00cenro\u0219irea fe\u021bei,<\/li>\n<li>Durere de cap.<\/li>\n<\/ul>\n<p><strong>Efecte secundare mai pu\u021bin comune:<\/strong><\/p>\n<ul>\n<li>Ame\u021beli,<\/li>\n<li>Vedere \u00eence\u021bo\u0219at\u0103,<\/li>\n<li>Durere muscular\u0103,<\/li>\n<li>Grea\u021b\u0103,<\/li>\n<li>Erup\u021bie cutanat\u0103,<\/li>\n<li>Congestie nazal\u0103.<\/li>\n<\/ul>\n<p>Dac\u0103 resim\u021bi\u021bi efecte secundare severe sau persistente, solicita\u021bi asisten\u021b\u0103 medical\u0103 imediat.<\/p>\n<hr \/>\n<h3><strong>C\u00e2nd nu trebuie s\u0103 utiliza\u021bi Sildalist?<\/strong><\/h3>\n<p>Nu lua\u021bi Sildalist dac\u0103:<\/p>\n<ul>\n<li>Utiliza\u021bi nitra\u021bi (pentru durere toracic\u0103 sau angin\u0103 pectoral\u0103).<\/li>\n<li>A\u021bi avut un atac de cord, un accident vascular cerebral sau insuficien\u021b\u0103 cardiac\u0103 \u00een ultimele 6 luni.<\/li>\n<li>Ave\u021bi probleme cu tensiunea arterial\u0103 sau coagularea.<\/li>\n<li>Sunte\u021bi alergic la sildenafil sau tadalafil &#8211; ingredientele active ale Sildalist.<\/li>\n<\/ul>\n<hr \/>\n<h3><strong>P\u0103strare<\/strong><\/h3>\n<p>P\u0103stra\u021bi Sildalist \u00een ambalajul s\u0103u original, la ad\u0103post de copii. P\u0103stra\u021bi-l la o temperatur\u0103 de 10\u201330\u00b0C \u00eentr-un loc uscat, \u00eentunecat, departe de lumina direct\u0103 a soarelui.<\/p>\n","protected":false},"excerpt":{"rendered":"<p><strong>100 mg Sildenafil + 20 mg Tadalafil<\/strong><\/p>\n<p>Acest pachet con\u021bine 6 tablete, fiecare oferind o formul\u0103 dual\u0103 puternic\u0103 cu 100 mg sildenafil \u0219i 20 mg tadalafil. Ideal pentru b\u0103rba\u021bii care \u00ee\u0219i doresc rezultate de lung\u0103 durat\u0103 \u0219i fiabile, aceste tablete ofer\u0103 erec\u021bii puternice, de lung\u0103 durat\u0103 \u0219i rezisten\u021b\u0103 sexual\u0103 \u00eembun\u0103t\u0103\u021bit\u0103 &#8211; astfel \u00eenc\u00e2t s\u0103 v\u0103 pute\u021bi bucura de intimitate cu \u00eencredere total\u0103.<\/p>\n","protected":false},"featured_media":24047,"template":"","meta":[],"product_brand":[],"product_cat":[143],"product_tag":[],"class_list":{"0":"post-24702","1":"product","2":"type-product","3":"status-publish","4":"has-post-thumbnail","6":"product_cat-cialis-generic","8":"first","9":"instock","10":"shipping-taxable","11":"purchasable","12":"product-type-simple"},"yoast_head":"<!-- This site is optimized with the Yoast SEO plugin v27.5 - https:\/\/yoast.com\/product\/yoast-seo-wordpress\/ -->\n<title>Sildalist 120mg - kamagra-official.to<\/title>\n<meta name=\"robots\" content=\"index, follow, max-snippet:-1, max-image-preview:large, max-video-preview:-1\" \/>\n<link rel=\"canonical\" href=\"https:\/\/kamagra-official.to\/ro\/product\/sildalist-120mg\/\" \/>\n<meta property=\"og:locale\" content=\"ro_RO\" \/>\n<meta property=\"og:type\" content=\"article\" \/>\n<meta property=\"og:title\" content=\"Sildalist 120mg - kamagra-official.to\" \/>\n<meta property=\"og:description\" content=\"100 mg Sildenafil + 20 mg Tadalafil Acest pachet con\u021bine 6 tablete, fiecare oferind o formul\u0103 dual\u0103 puternic\u0103 cu 100 mg sildenafil \u0219i 20 mg tadalafil. Ideal pentru b\u0103rba\u021bii care \u00ee\u0219i doresc rezultate de lung\u0103 durat\u0103 \u0219i fiabile, aceste tablete ofer\u0103 erec\u021bii puternice, de lung\u0103 durat\u0103 \u0219i rezisten\u021b\u0103 sexual\u0103 \u00eembun\u0103t\u0103\u021bit\u0103 - astfel \u00eenc\u00e2t s\u0103 v\u0103 pute\u021bi bucura de intimitate cu \u00eencredere total\u0103.\" \/>\n<meta property=\"og:url\" content=\"https:\/\/kamagra-official.to\/ro\/product\/sildalist-120mg\/\" \/>\n<meta property=\"og:site_name\" content=\"kamagra-official.to\" \/>\n<meta property=\"article:modified_time\" content=\"2025-10-02T19:21:52+00:00\" \/>\n<meta property=\"og:image\" content=\"https:\/\/kamagra-official.to\/wp-content\/uploads\/2025\/09\/sildalist-2.jpg\" \/>\n\t<meta property=\"og:image:width\" content=\"1200\" \/>\n\t<meta property=\"og:image:height\" content=\"1200\" \/>\n\t<meta property=\"og:image:type\" content=\"image\/jpeg\" \/>\n<meta name=\"twitter:card\" content=\"summary_large_image\" \/>\n<meta name=\"twitter:label1\" content=\"Timp estimat pentru citire\" \/>\n\t<meta name=\"twitter:data1\" content=\"2 minute\" \/>\n<script type=\"application\/ld+json\" class=\"yoast-schema-graph\">{\"@context\":\"https:\\\/\\\/schema.org\",\"@graph\":[{\"@type\":\"WebPage\",\"@id\":\"https:\\\/\\\/kamagra-official.to\\\/ro\\\/product\\\/sildalist-120mg\\\/\",\"url\":\"https:\\\/\\\/kamagra-official.to\\\/ro\\\/product\\\/sildalist-120mg\\\/\",\"name\":\"Sildalist 120mg - kamagra-official.to\",\"isPartOf\":{\"@id\":\"https:\\\/\\\/kamagra-official.to\\\/#website\"},\"primaryImageOfPage\":{\"@id\":\"https:\\\/\\\/kamagra-official.to\\\/ro\\\/product\\\/sildalist-120mg\\\/#primaryimage\"},\"image\":{\"@id\":\"https:\\\/\\\/kamagra-official.to\\\/ro\\\/product\\\/sildalist-120mg\\\/#primaryimage\"},\"thumbnailUrl\":\"https:\\\/\\\/kamagra-official.to\\\/wp-content\\\/uploads\\\/2025\\\/09\\\/sildalist-2.jpg\",\"datePublished\":\"2024-12-24T00:38:56+00:00\",\"dateModified\":\"2025-10-02T19:21:52+00:00\",\"breadcrumb\":{\"@id\":\"https:\\\/\\\/kamagra-official.to\\\/ro\\\/product\\\/sildalist-120mg\\\/#breadcrumb\"},\"inLanguage\":\"ro-RO\",\"potentialAction\":[{\"@type\":\"ReadAction\",\"target\":[\"https:\\\/\\\/kamagra-official.to\\\/ro\\\/product\\\/sildalist-120mg\\\/\"]}]},{\"@type\":\"ImageObject\",\"inLanguage\":\"ro-RO\",\"@id\":\"https:\\\/\\\/kamagra-official.to\\\/ro\\\/product\\\/sildalist-120mg\\\/#primaryimage\",\"url\":\"https:\\\/\\\/kamagra-official.to\\\/wp-content\\\/uploads\\\/2025\\\/09\\\/sildalist-2.jpg\",\"contentUrl\":\"https:\\\/\\\/kamagra-official.to\\\/wp-content\\\/uploads\\\/2025\\\/09\\\/sildalist-2.jpg\",\"width\":1200,\"height\":1200},{\"@type\":\"BreadcrumbList\",\"@id\":\"https:\\\/\\\/kamagra-official.to\\\/ro\\\/product\\\/sildalist-120mg\\\/#breadcrumb\",\"itemListElement\":[{\"@type\":\"ListItem\",\"position\":1,\"name\":\"Home\",\"item\":\"https:\\\/\\\/kamagra-official.to\\\/nl\\\/\"},{\"@type\":\"ListItem\",\"position\":2,\"name\":\"Shop\",\"item\":\"https:\\\/\\\/kamagra-official.to\\\/shop\\\/\"},{\"@type\":\"ListItem\",\"position\":3,\"name\":\"Sildalist 120mg\"}]},{\"@type\":\"WebSite\",\"@id\":\"https:\\\/\\\/kamagra-official.to\\\/#website\",\"url\":\"https:\\\/\\\/kamagra-official.to\\\/\",\"name\":\"kamagra-official.to\",\"description\":\"Revitalize Your Sexual Energy Across Europe\",\"publisher\":{\"@id\":\"https:\\\/\\\/kamagra-official.to\\\/#organization\"},\"potentialAction\":[{\"@type\":\"SearchAction\",\"target\":{\"@type\":\"EntryPoint\",\"urlTemplate\":\"https:\\\/\\\/kamagra-official.to\\\/?s={search_term_string}\"},\"query-input\":{\"@type\":\"PropertyValueSpecification\",\"valueRequired\":true,\"valueName\":\"search_term_string\"}}],\"inLanguage\":\"ro-RO\"},{\"@type\":\"Organization\",\"@id\":\"https:\\\/\\\/kamagra-official.to\\\/#organization\",\"name\":\"kamagra-official.to\",\"url\":\"https:\\\/\\\/kamagra-official.to\\\/\",\"logo\":{\"@type\":\"ImageObject\",\"inLanguage\":\"ro-RO\",\"@id\":\"https:\\\/\\\/kamagra-official.to\\\/#\\\/schema\\\/logo\\\/image\\\/\",\"url\":\"https:\\\/\\\/kamagra-official.to\\\/wp-content\\\/uploads\\\/2025\\\/02\\\/KAMAGRA-Photoroom-1.png\",\"contentUrl\":\"https:\\\/\\\/kamagra-official.to\\\/wp-content\\\/uploads\\\/2025\\\/02\\\/KAMAGRA-Photoroom-1.png\",\"width\":150,\"height\":153,\"caption\":\"kamagra-official.to\"},\"image\":{\"@id\":\"https:\\\/\\\/kamagra-official.to\\\/#\\\/schema\\\/logo\\\/image\\\/\"}}]}<\/script>\n<!-- \/ Yoast SEO plugin. -->","yoast_head_json":{"title":"Sildalist 120mg - kamagra-official.to","robots":{"index":"index","follow":"follow","max-snippet":"max-snippet:-1","max-image-preview":"max-image-preview:large","max-video-preview":"max-video-preview:-1"},"canonical":"https:\/\/kamagra-official.to\/ro\/product\/sildalist-120mg\/","og_locale":"ro_RO","og_type":"article","og_title":"Sildalist 120mg - kamagra-official.to","og_description":"100 mg Sildenafil + 20 mg Tadalafil Acest pachet con\u021bine 6 tablete, fiecare oferind o formul\u0103 dual\u0103 puternic\u0103 cu 100 mg sildenafil \u0219i 20 mg tadalafil. Ideal pentru b\u0103rba\u021bii care \u00ee\u0219i doresc rezultate de lung\u0103 durat\u0103 \u0219i fiabile, aceste tablete ofer\u0103 erec\u021bii puternice, de lung\u0103 durat\u0103 \u0219i rezisten\u021b\u0103 sexual\u0103 \u00eembun\u0103t\u0103\u021bit\u0103 - astfel \u00eenc\u00e2t s\u0103 v\u0103 pute\u021bi bucura de intimitate cu \u00eencredere total\u0103.","og_url":"https:\/\/kamagra-official.to\/ro\/product\/sildalist-120mg\/","og_site_name":"kamagra-official.to","article_modified_time":"2025-10-02T19:21:52+00:00","og_image":[{"width":1200,"height":1200,"url":"https:\/\/kamagra-official.to\/wp-content\/uploads\/2025\/09\/sildalist-2.jpg","type":"image\/jpeg"}],"twitter_card":"summary_large_image","twitter_misc":{"Timp estimat pentru citire":"2 minute"},"schema":{"@context":"https:\/\/schema.org","@graph":[{"@type":"WebPage","@id":"https:\/\/kamagra-official.to\/ro\/product\/sildalist-120mg\/","url":"https:\/\/kamagra-official.to\/ro\/product\/sildalist-120mg\/","name":"Sildalist 120mg - kamagra-official.to","isPartOf":{"@id":"https:\/\/kamagra-official.to\/#website"},"primaryImageOfPage":{"@id":"https:\/\/kamagra-official.to\/ro\/product\/sildalist-120mg\/#primaryimage"},"image":{"@id":"https:\/\/kamagra-official.to\/ro\/product\/sildalist-120mg\/#primaryimage"},"thumbnailUrl":"https:\/\/kamagra-official.to\/wp-content\/uploads\/2025\/09\/sildalist-2.jpg","datePublished":"2024-12-24T00:38:56+00:00","dateModified":"2025-10-02T19:21:52+00:00","breadcrumb":{"@id":"https:\/\/kamagra-official.to\/ro\/product\/sildalist-120mg\/#breadcrumb"},"inLanguage":"ro-RO","potentialAction":[{"@type":"ReadAction","target":["https:\/\/kamagra-official.to\/ro\/product\/sildalist-120mg\/"]}]},{"@type":"ImageObject","inLanguage":"ro-RO","@id":"https:\/\/kamagra-official.to\/ro\/product\/sildalist-120mg\/#primaryimage","url":"https:\/\/kamagra-official.to\/wp-content\/uploads\/2025\/09\/sildalist-2.jpg","contentUrl":"https:\/\/kamagra-official.to\/wp-content\/uploads\/2025\/09\/sildalist-2.jpg","width":1200,"height":1200},{"@type":"BreadcrumbList","@id":"https:\/\/kamagra-official.to\/ro\/product\/sildalist-120mg\/#breadcrumb","itemListElement":[{"@type":"ListItem","position":1,"name":"Home","item":"https:\/\/kamagra-official.to\/nl\/"},{"@type":"ListItem","position":2,"name":"Shop","item":"https:\/\/kamagra-official.to\/shop\/"},{"@type":"ListItem","position":3,"name":"Sildalist 120mg"}]},{"@type":"WebSite","@id":"https:\/\/kamagra-official.to\/#website","url":"https:\/\/kamagra-official.to\/","name":"kamagra-official.to","description":"Revitalize Your Sexual Energy Across Europe","publisher":{"@id":"https:\/\/kamagra-official.to\/#organization"},"potentialAction":[{"@type":"SearchAction","target":{"@type":"EntryPoint","urlTemplate":"https:\/\/kamagra-official.to\/?s={search_term_string}"},"query-input":{"@type":"PropertyValueSpecification","valueRequired":true,"valueName":"search_term_string"}}],"inLanguage":"ro-RO"},{"@type":"Organization","@id":"https:\/\/kamagra-official.to\/#organization","name":"kamagra-official.to","url":"https:\/\/kamagra-official.to\/","logo":{"@type":"ImageObject","inLanguage":"ro-RO","@id":"https:\/\/kamagra-official.to\/#\/schema\/logo\/image\/","url":"https:\/\/kamagra-official.to\/wp-content\/uploads\/2025\/02\/KAMAGRA-Photoroom-1.png","contentUrl":"https:\/\/kamagra-official.to\/wp-content\/uploads\/2025\/02\/KAMAGRA-Photoroom-1.png","width":150,"height":153,"caption":"kamagra-official.to"},"image":{"@id":"https:\/\/kamagra-official.to\/#\/schema\/logo\/image\/"}}]}},"_links":{"self":[{"href":"https:\/\/kamagra-official.to\/ro\/wp-json\/wp\/v2\/product\/24702","targetHints":{"allow":["GET"]}}],"collection":[{"href":"https:\/\/kamagra-official.to\/ro\/wp-json\/wp\/v2\/product"}],"about":[{"href":"https:\/\/kamagra-official.to\/ro\/wp-json\/wp\/v2\/types\/product"}],"wp:featuredmedia":[{"embeddable":true,"href":"https:\/\/kamagra-official.to\/ro\/wp-json\/wp\/v2\/media\/24047"}],"wp:attachment":[{"href":"https:\/\/kamagra-official.to\/ro\/wp-json\/wp\/v2\/media?parent=24702"}],"wp:term":[{"taxonomy":"product_brand","embeddable":true,"href":"https:\/\/kamagra-official.to\/ro\/wp-json\/wp\/v2\/product_brand?post=24702"},{"taxonomy":"product_cat","embeddable":true,"href":"https:\/\/kamagra-official.to\/ro\/wp-json\/wp\/v2\/product_cat?post=24702"},{"taxonomy":"product_tag","embeddable":true,"href":"https:\/\/kamagra-official.to\/ro\/wp-json\/wp\/v2\/product_tag?post=24702"}],"curies":[{"name":"wp","href":"https:\/\/api.w.org\/{rel}","templated":true}]}}