{"id":24532,"date":"2025-09-17T00:03:37","date_gmt":"2025-09-17T00:03:37","guid":{"rendered":"https:\/\/kamagra-official.to\/product\/poxet-30mg\/"},"modified":"2025-10-02T18:36:57","modified_gmt":"2025-10-02T18:36:57","slug":"poxet-30mg","status":"publish","type":"product","link":"https:\/\/kamagra-official.to\/ro\/product\/poxet-30mg\/","title":{"rendered":"Poxet 30mg"},"content":{"rendered":"<h3><strong>Poxet 30mg \u2013 Solu\u021bie eficient\u0103 pentru ejaculare prematur\u0103!<\/strong><\/h3>\n<p><strong>Poxet<\/strong> con\u021bine ingredientul activ <strong>Dapoxetin\u0103 (30mg)<\/strong>, special conceput pentru b\u0103rba\u021bii care doresc s\u0103 \u00eent\u00e2rzie ejacularea \u0219i s\u0103 ob\u021bin\u0103 un control mai bun asupra experien\u021bei lor sexuale.<\/p>\n<ul>\n<li><strong>Dapoxetina<\/strong> este un SSRI cu ac\u021biune scurt\u0103 care \u00eent\u00e2rzie ejacularea \u0219i cre\u0219te \u00eencrederea \u00een timpul \u00eent\u00e2lnirilor intime.<\/li>\n<li><strong>Controlul \u00eembun\u0103t\u0103\u021bit al climaxului<\/strong> permite o experien\u021b\u0103 sexual\u0103 mai lung\u0103 \u0219i mai satisf\u0103c\u0103toare pentru ambii parteneri.<\/li>\n<\/ul>\n<p>Cu <strong>Poxet 30mg<\/strong>, po\u021bi dura mai mult \u0219i \u00ee\u021bi po\u021bi \u00eembun\u0103t\u0103\u021bi via\u021ba intim\u0103. Alege <strong>Poxet<\/strong> pentru un control de \u00eencredere ori de c\u00e2te ori ai nevoie cel mai mult!<\/p>\n<hr \/>\n<h3><strong>Beneficiile produsului<\/strong><\/h3>\n<ul>\n<li><strong>Ejaculare \u00eent\u00e2rziat\u0103:<\/strong> Dapoxetina cre\u0219te timpul p\u00e2n\u0103 la climax \u0219i \u00eembun\u0103t\u0103\u021be\u0219te controlul.<\/li>\n<li><strong>Performan\u021b\u0103 sexual\u0103 extins\u0103:<\/strong> Bucur\u0103-te de un act sexual mai lung.<\/li>\n<li><strong>Satisfac\u021bie mai mare:<\/strong> \u00cembun\u0103t\u0103\u021be\u0219te calitatea intimit\u0103\u021bii at\u00e2t pentru tine, c\u00e2t \u0219i pentru partenerul t\u0103u.<\/li>\n<li><strong>\u00cencredere \u00eembun\u0103t\u0103\u021bit\u0103:<\/strong> Un control mai bun ofer\u0103 lini\u0219te \u0219i mai pu\u021bin\u0103 anxietate.<\/li>\n<li><strong>Ambalaj discret:<\/strong> Tabletele sunt u\u0219or de transportat \u0219i de folosit ori de c\u00e2te ori este necesar.<\/li>\n<\/ul>\n<hr \/>\n<h3><strong>Doza recomandat\u0103<\/strong><\/h3>\n<ul>\n<li>Luati <strong>o tablet\u0103 (30mg)<\/strong> aproximativ <strong>1\u20133 ore \u00eenainte de activitatea sexual\u0103 planificat\u0103<\/strong>.<\/li>\n<li>Doza maxim\u0103: <strong>o tablet\u0103 pe zi<\/strong>.<\/li>\n<li>\u00cenghi\u021biti cu <strong>mult\u0103 ap\u0103<\/strong>.<\/li>\n<\/ul>\n<hr \/>\n<h3><strong>Debutul ac\u021biunii<\/strong><\/h3>\n<p>Medicamentul \u00eencepe s\u0103 ac\u021bioneze \u00een termen de <strong>1\u20133 ore<\/strong> de la utilizare.<br \/>\nEfectele dureaz\u0103 c\u00e2teva ore, variind individual.<br \/>\n<strong>Stimularea sexual\u0103<\/strong> este necesar\u0103 pentru activarea beneficiilor sale.<\/p>\n<hr \/>\n<h3><strong>Poxet \u0219i alcoolul<\/strong><\/h3>\n<p>Nu combina\u021bi cu alcoolul, deoarece acesta poate cre\u0219te riscul de efecte secundare precum ame\u021beli, somnolen\u021b\u0103 sau sc\u0103derea vigilen\u021bei.<br \/>\nEvita\u021bi sucul de grapefruit \u00een timpul tratamentului.<\/p>\n<hr \/>\n<h3><strong>Interac\u021biuni cu alte medicamente<\/strong><\/h3>\n<p>Consulta\u021bi-v\u0103 medicul \u00eenainte de a utiliza, mai ales dac\u0103 lua\u021bi:<\/p>\n<ul>\n<li><strong>Alte antidepresive sau SSRI<\/strong>,<\/li>\n<li><strong>Inhibitori MAO<\/strong>,<\/li>\n<li><strong>Medicamente cardiace<\/strong>,<\/li>\n<li><strong>Inhibitori puternici CYP3A4<\/strong> (cum ar fi ketoconazolul, eritromicina)<\/li>\n<\/ul>\n<p>Unele combina\u021bii pot duce la <strong>efecte adverse serioase<\/strong>.<\/p>\n<hr \/>\n<h3><strong>Efecte secundare posibile<\/strong><\/h3>\n<p>Poxet 30mg este de obicei bine tolerat, de\u0219i pot ap\u0103rea reac\u021bii ocazionale u\u0219oare sau temporare:<\/p>\n<p><strong>Efecte secundare comune:<\/strong><\/p>\n<ul>\n<li>Durere de cap,<\/li>\n<li>Grea\u021b\u0103,<\/li>\n<li>Gur\u0103 uscat\u0103,<\/li>\n<li>Ame\u021beli,<\/li>\n<li>Diaree.<\/li>\n<\/ul>\n<p><strong>Efecte secundare mai pu\u021bin frecvente:<\/strong><\/p>\n<ul>\n<li>Tulbur\u0103ri de somn,<\/li>\n<li>Vedere \u00eence\u021bo\u0219at\u0103,<\/li>\n<li>Congestie nazal\u0103,<\/li>\n<li>Anxietate sau nervozitate.<\/li>\n<\/ul>\n<p>Contacta\u021bi-v\u0103 medicul dac\u0103 simptomele persist\u0103 sau se agraveaz\u0103.<\/p>\n<hr \/>\n<h3><strong>C\u00e2nd s\u0103 nu iei Poxet?<\/strong><\/h3>\n<p>Nu utilizati dac\u0103:<\/p>\n<ul>\n<li>Sunte\u021bi alergic la <strong>dapoxetin\u0103<\/strong> sau la orice component\u0103 a produsului.<\/li>\n<li>Ave\u021bi boli grave de inim\u0103, ficat sau rinichi.<\/li>\n<li>Suferi\u021bi de tulbur\u0103ri de convulsii sau de tulburare bipolar\u0103.<\/li>\n<li>Lua\u021bi <strong>antidepresive SSRI sau inhibitori MAO<\/strong>.<\/li>\n<li>Sunte\u021bi sub 18 sau peste 65 de ani.<\/li>\n<\/ul>\n<hr \/>\n<h3><strong>Depozitare<\/strong><\/h3>\n<ul>\n<li>P\u0103stra\u021bi \u00een ambalajul original, ferit de \u00eendem\u00e2na copiilor.<\/li>\n<li>Depozita\u021bi la <strong>10\u201330\u00b0C<\/strong> \u00eentr-un loc uscat, protejat de soare.<\/li>\n<\/ul>\n","protected":false},"excerpt":{"rendered":"<p><strong>30 mg Dapoxetine<\/strong><\/p>\n<p>Acest pachet con\u021bine 4 tablete, fiecare oferind 30 mg dapoxetin\u0103. Perfecte pentru b\u0103rba\u021bii care caut\u0103 un control mai mare asupra ejacul\u0103rii, aceste tablete ajut\u0103 la \u00eent\u00e2rzierea climaxului \u0219i extind satisfac\u021bia &#8211; oferind sprijin discret \u0219i eficient pentru momente intime mai lungi \u0219i mai \u00eencrez\u0103toare.<\/p>\n","protected":false},"featured_media":24344,"template":"","meta":[],"product_brand":[],"product_cat":[107],"product_tag":[],"class_list":{"0":"post-24532","1":"product","2":"type-product","3":"status-publish","4":"has-post-thumbnail","6":"product_cat-amanarea-ejacularii","8":"first","9":"instock","10":"shipping-taxable","11":"purchasable","12":"product-type-simple"},"yoast_head":"<!-- This site is optimized with the Yoast SEO plugin v27.5 - https:\/\/yoast.com\/product\/yoast-seo-wordpress\/ -->\n<title>Poxet 30mg - kamagra-official.to<\/title>\n<meta name=\"robots\" content=\"index, follow, max-snippet:-1, max-image-preview:large, max-video-preview:-1\" \/>\n<link rel=\"canonical\" href=\"https:\/\/kamagra-official.to\/ro\/product\/poxet-30mg\/\" \/>\n<meta property=\"og:locale\" content=\"ro_RO\" \/>\n<meta property=\"og:type\" content=\"article\" \/>\n<meta property=\"og:title\" content=\"Poxet 30mg - kamagra-official.to\" \/>\n<meta property=\"og:description\" content=\"30 mg Dapoxetine Acest pachet con\u021bine 4 tablete, fiecare oferind 30 mg dapoxetin\u0103. Perfecte pentru b\u0103rba\u021bii care caut\u0103 un control mai mare asupra ejacul\u0103rii, aceste tablete ajut\u0103 la \u00eent\u00e2rzierea climaxului \u0219i extind satisfac\u021bia - oferind sprijin discret \u0219i eficient pentru momente intime mai lungi \u0219i mai \u00eencrez\u0103toare.\" \/>\n<meta property=\"og:url\" content=\"https:\/\/kamagra-official.to\/ro\/product\/poxet-30mg\/\" \/>\n<meta property=\"og:site_name\" content=\"kamagra-official.to\" \/>\n<meta property=\"article:modified_time\" content=\"2025-10-02T18:36:57+00:00\" \/>\n<meta property=\"og:image\" content=\"https:\/\/kamagra-official.to\/wp-content\/uploads\/2025\/09\/poxet-30-mg.png\" \/>\n\t<meta property=\"og:image:width\" content=\"1000\" \/>\n\t<meta property=\"og:image:height\" content=\"1000\" \/>\n\t<meta property=\"og:image:type\" content=\"image\/png\" \/>\n<meta name=\"twitter:card\" content=\"summary_large_image\" \/>\n<meta name=\"twitter:label1\" content=\"Timp estimat pentru citire\" \/>\n\t<meta name=\"twitter:data1\" content=\"2 minute\" \/>\n<script type=\"application\/ld+json\" class=\"yoast-schema-graph\">{\"@context\":\"https:\\\/\\\/schema.org\",\"@graph\":[{\"@type\":\"WebPage\",\"@id\":\"https:\\\/\\\/kamagra-official.to\\\/ro\\\/product\\\/poxet-30mg\\\/\",\"url\":\"https:\\\/\\\/kamagra-official.to\\\/ro\\\/product\\\/poxet-30mg\\\/\",\"name\":\"Poxet 30mg - kamagra-official.to\",\"isPartOf\":{\"@id\":\"https:\\\/\\\/kamagra-official.to\\\/#website\"},\"primaryImageOfPage\":{\"@id\":\"https:\\\/\\\/kamagra-official.to\\\/ro\\\/product\\\/poxet-30mg\\\/#primaryimage\"},\"image\":{\"@id\":\"https:\\\/\\\/kamagra-official.to\\\/ro\\\/product\\\/poxet-30mg\\\/#primaryimage\"},\"thumbnailUrl\":\"https:\\\/\\\/kamagra-official.to\\\/wp-content\\\/uploads\\\/2025\\\/09\\\/poxet-30-mg.png\",\"datePublished\":\"2025-09-17T00:03:37+00:00\",\"dateModified\":\"2025-10-02T18:36:57+00:00\",\"breadcrumb\":{\"@id\":\"https:\\\/\\\/kamagra-official.to\\\/ro\\\/product\\\/poxet-30mg\\\/#breadcrumb\"},\"inLanguage\":\"ro-RO\",\"potentialAction\":[{\"@type\":\"ReadAction\",\"target\":[\"https:\\\/\\\/kamagra-official.to\\\/ro\\\/product\\\/poxet-30mg\\\/\"]}]},{\"@type\":\"ImageObject\",\"inLanguage\":\"ro-RO\",\"@id\":\"https:\\\/\\\/kamagra-official.to\\\/ro\\\/product\\\/poxet-30mg\\\/#primaryimage\",\"url\":\"https:\\\/\\\/kamagra-official.to\\\/wp-content\\\/uploads\\\/2025\\\/09\\\/poxet-30-mg.png\",\"contentUrl\":\"https:\\\/\\\/kamagra-official.to\\\/wp-content\\\/uploads\\\/2025\\\/09\\\/poxet-30-mg.png\",\"width\":1000,\"height\":1000},{\"@type\":\"BreadcrumbList\",\"@id\":\"https:\\\/\\\/kamagra-official.to\\\/ro\\\/product\\\/poxet-30mg\\\/#breadcrumb\",\"itemListElement\":[{\"@type\":\"ListItem\",\"position\":1,\"name\":\"Home\",\"item\":\"https:\\\/\\\/kamagra-official.to\\\/nl\\\/\"},{\"@type\":\"ListItem\",\"position\":2,\"name\":\"Shop\",\"item\":\"https:\\\/\\\/kamagra-official.to\\\/shop\\\/\"},{\"@type\":\"ListItem\",\"position\":3,\"name\":\"Poxet 30mg\"}]},{\"@type\":\"WebSite\",\"@id\":\"https:\\\/\\\/kamagra-official.to\\\/#website\",\"url\":\"https:\\\/\\\/kamagra-official.to\\\/\",\"name\":\"kamagra-official.to\",\"description\":\"Revitalize Your Sexual Energy Across Europe\",\"publisher\":{\"@id\":\"https:\\\/\\\/kamagra-official.to\\\/#organization\"},\"potentialAction\":[{\"@type\":\"SearchAction\",\"target\":{\"@type\":\"EntryPoint\",\"urlTemplate\":\"https:\\\/\\\/kamagra-official.to\\\/?s={search_term_string}\"},\"query-input\":{\"@type\":\"PropertyValueSpecification\",\"valueRequired\":true,\"valueName\":\"search_term_string\"}}],\"inLanguage\":\"ro-RO\"},{\"@type\":\"Organization\",\"@id\":\"https:\\\/\\\/kamagra-official.to\\\/#organization\",\"name\":\"kamagra-official.to\",\"url\":\"https:\\\/\\\/kamagra-official.to\\\/\",\"logo\":{\"@type\":\"ImageObject\",\"inLanguage\":\"ro-RO\",\"@id\":\"https:\\\/\\\/kamagra-official.to\\\/#\\\/schema\\\/logo\\\/image\\\/\",\"url\":\"https:\\\/\\\/kamagra-official.to\\\/wp-content\\\/uploads\\\/2025\\\/02\\\/KAMAGRA-Photoroom-1.png\",\"contentUrl\":\"https:\\\/\\\/kamagra-official.to\\\/wp-content\\\/uploads\\\/2025\\\/02\\\/KAMAGRA-Photoroom-1.png\",\"width\":150,\"height\":153,\"caption\":\"kamagra-official.to\"},\"image\":{\"@id\":\"https:\\\/\\\/kamagra-official.to\\\/#\\\/schema\\\/logo\\\/image\\\/\"}}]}<\/script>\n<!-- \/ Yoast SEO plugin. -->","yoast_head_json":{"title":"Poxet 30mg - kamagra-official.to","robots":{"index":"index","follow":"follow","max-snippet":"max-snippet:-1","max-image-preview":"max-image-preview:large","max-video-preview":"max-video-preview:-1"},"canonical":"https:\/\/kamagra-official.to\/ro\/product\/poxet-30mg\/","og_locale":"ro_RO","og_type":"article","og_title":"Poxet 30mg - kamagra-official.to","og_description":"30 mg Dapoxetine Acest pachet con\u021bine 4 tablete, fiecare oferind 30 mg dapoxetin\u0103. Perfecte pentru b\u0103rba\u021bii care caut\u0103 un control mai mare asupra ejacul\u0103rii, aceste tablete ajut\u0103 la \u00eent\u00e2rzierea climaxului \u0219i extind satisfac\u021bia - oferind sprijin discret \u0219i eficient pentru momente intime mai lungi \u0219i mai \u00eencrez\u0103toare.","og_url":"https:\/\/kamagra-official.to\/ro\/product\/poxet-30mg\/","og_site_name":"kamagra-official.to","article_modified_time":"2025-10-02T18:36:57+00:00","og_image":[{"width":1000,"height":1000,"url":"https:\/\/kamagra-official.to\/wp-content\/uploads\/2025\/09\/poxet-30-mg.png","type":"image\/png"}],"twitter_card":"summary_large_image","twitter_misc":{"Timp estimat pentru citire":"2 minute"},"schema":{"@context":"https:\/\/schema.org","@graph":[{"@type":"WebPage","@id":"https:\/\/kamagra-official.to\/ro\/product\/poxet-30mg\/","url":"https:\/\/kamagra-official.to\/ro\/product\/poxet-30mg\/","name":"Poxet 30mg - kamagra-official.to","isPartOf":{"@id":"https:\/\/kamagra-official.to\/#website"},"primaryImageOfPage":{"@id":"https:\/\/kamagra-official.to\/ro\/product\/poxet-30mg\/#primaryimage"},"image":{"@id":"https:\/\/kamagra-official.to\/ro\/product\/poxet-30mg\/#primaryimage"},"thumbnailUrl":"https:\/\/kamagra-official.to\/wp-content\/uploads\/2025\/09\/poxet-30-mg.png","datePublished":"2025-09-17T00:03:37+00:00","dateModified":"2025-10-02T18:36:57+00:00","breadcrumb":{"@id":"https:\/\/kamagra-official.to\/ro\/product\/poxet-30mg\/#breadcrumb"},"inLanguage":"ro-RO","potentialAction":[{"@type":"ReadAction","target":["https:\/\/kamagra-official.to\/ro\/product\/poxet-30mg\/"]}]},{"@type":"ImageObject","inLanguage":"ro-RO","@id":"https:\/\/kamagra-official.to\/ro\/product\/poxet-30mg\/#primaryimage","url":"https:\/\/kamagra-official.to\/wp-content\/uploads\/2025\/09\/poxet-30-mg.png","contentUrl":"https:\/\/kamagra-official.to\/wp-content\/uploads\/2025\/09\/poxet-30-mg.png","width":1000,"height":1000},{"@type":"BreadcrumbList","@id":"https:\/\/kamagra-official.to\/ro\/product\/poxet-30mg\/#breadcrumb","itemListElement":[{"@type":"ListItem","position":1,"name":"Home","item":"https:\/\/kamagra-official.to\/nl\/"},{"@type":"ListItem","position":2,"name":"Shop","item":"https:\/\/kamagra-official.to\/shop\/"},{"@type":"ListItem","position":3,"name":"Poxet 30mg"}]},{"@type":"WebSite","@id":"https:\/\/kamagra-official.to\/#website","url":"https:\/\/kamagra-official.to\/","name":"kamagra-official.to","description":"Revitalize Your Sexual Energy Across Europe","publisher":{"@id":"https:\/\/kamagra-official.to\/#organization"},"potentialAction":[{"@type":"SearchAction","target":{"@type":"EntryPoint","urlTemplate":"https:\/\/kamagra-official.to\/?s={search_term_string}"},"query-input":{"@type":"PropertyValueSpecification","valueRequired":true,"valueName":"search_term_string"}}],"inLanguage":"ro-RO"},{"@type":"Organization","@id":"https:\/\/kamagra-official.to\/#organization","name":"kamagra-official.to","url":"https:\/\/kamagra-official.to\/","logo":{"@type":"ImageObject","inLanguage":"ro-RO","@id":"https:\/\/kamagra-official.to\/#\/schema\/logo\/image\/","url":"https:\/\/kamagra-official.to\/wp-content\/uploads\/2025\/02\/KAMAGRA-Photoroom-1.png","contentUrl":"https:\/\/kamagra-official.to\/wp-content\/uploads\/2025\/02\/KAMAGRA-Photoroom-1.png","width":150,"height":153,"caption":"kamagra-official.to"},"image":{"@id":"https:\/\/kamagra-official.to\/#\/schema\/logo\/image\/"}}]}},"_links":{"self":[{"href":"https:\/\/kamagra-official.to\/ro\/wp-json\/wp\/v2\/product\/24532","targetHints":{"allow":["GET"]}}],"collection":[{"href":"https:\/\/kamagra-official.to\/ro\/wp-json\/wp\/v2\/product"}],"about":[{"href":"https:\/\/kamagra-official.to\/ro\/wp-json\/wp\/v2\/types\/product"}],"wp:featuredmedia":[{"embeddable":true,"href":"https:\/\/kamagra-official.to\/ro\/wp-json\/wp\/v2\/media\/24344"}],"wp:attachment":[{"href":"https:\/\/kamagra-official.to\/ro\/wp-json\/wp\/v2\/media?parent=24532"}],"wp:term":[{"taxonomy":"product_brand","embeddable":true,"href":"https:\/\/kamagra-official.to\/ro\/wp-json\/wp\/v2\/product_brand?post=24532"},{"taxonomy":"product_cat","embeddable":true,"href":"https:\/\/kamagra-official.to\/ro\/wp-json\/wp\/v2\/product_cat?post=24532"},{"taxonomy":"product_tag","embeddable":true,"href":"https:\/\/kamagra-official.to\/ro\/wp-json\/wp\/v2\/product_tag?post=24532"}],"curies":[{"name":"wp","href":"https:\/\/api.w.org\/{rel}","templated":true}]}}