{"id":24522,"date":"2025-09-17T00:03:50","date_gmt":"2025-09-17T00:03:50","guid":{"rendered":"https:\/\/kamagra-official.to\/product\/poxet-60mg\/"},"modified":"2025-10-02T18:36:46","modified_gmt":"2025-10-02T18:36:46","slug":"poxet-60mg","status":"publish","type":"product","link":"https:\/\/kamagra-official.to\/ro\/product\/poxet-60mg\/","title":{"rendered":"Poxet 60mg"},"content":{"rendered":"<h3><strong>Poxet 60mg \u2013 Mai mult control pentru ejacularea prematur\u0103!<\/strong><\/h3>\n<p><strong>Poxet<\/strong> con\u021bine ingredientul activ <strong>Dapoxetin\u0103 (60mg)<\/strong>, formulat special pentru b\u0103rba\u021bii care se confrunt\u0103 cu <strong>ejacularea prematur\u0103<\/strong>.<\/p>\n<ul>\n<li><strong>Dapoxetina<\/strong> este un SSRI cu ac\u021biune rapid\u0103 care ajut\u0103 la \u00eent\u00e2rzierea ejacul\u0103rii \u0219i \u00eembun\u0103t\u0103\u021be\u0219te rezisten\u021ba.<\/li>\n<li><strong>Controlul \u00eembun\u0103t\u0103\u021bit<\/strong> v\u0103 permite s\u0103 v\u0103 bucura\u021bi de momente mai satisf\u0103c\u0103toare \u0219i mai lungi.<\/li>\n<\/ul>\n<p>Poxet 60mg v\u0103 ajut\u0103 s\u0103 dura\u021bi mai mult \u0219i \u00eembun\u0103t\u0103\u021be\u0219te calitatea vie\u021bii sexuale. Ob\u021bine mai mult\u0103 \u00eencredere \u00een sine cu fiecare \u00eent\u00e2lnire!<\/p>\n<hr \/>\n<h3><strong>Beneficii ale produsului<\/strong><\/h3>\n<ul>\n<li><strong>\u00cent\u00e2rzie ejacularea:<\/strong> Dapoxetina cre\u0219te timpul p\u00e2n\u0103 la climax \u0219i v\u0103 ofer\u0103 un control mai bun.<\/li>\n<li><strong>Enduran\u021b\u0103 prelungit\u0103:<\/strong> V\u0103 permite s\u0103 prelungi\u021bi activitatea sexual\u0103.<\/li>\n<li><strong>Mai mult\u0103 satisfac\u021bie:<\/strong> \u00cembun\u0103t\u0103\u021be\u0219te experien\u021ba sexual\u0103 total\u0103 pentru ambi parteneri.<\/li>\n<li><strong>\u00cencredere mai mare:<\/strong> Succesul \u00een \u00eent\u00e2rziere cre\u0219te lini\u0219tea \u0219i stima de sine.<\/li>\n<li><strong>Ambalaj discret:<\/strong> Tabletele sunt u\u0219or de luat cu tine \u0219i de folosit oric\u00e2nd este necesar.<\/li>\n<\/ul>\n<hr \/>\n<h3><strong>Doz\u0103 recomandat\u0103<\/strong><\/h3>\n<ul>\n<li>Lua\u021bi <strong>o tablet\u0103 (60mg)<\/strong> la aproximativ <strong>1\u20133 ore \u00eenainte de activitatea sexual\u0103 planificat\u0103<\/strong>.<\/li>\n<li>Nu dep\u0103\u0219i\u021bi <strong>o tablet\u0103 pe zi<\/strong>.<\/li>\n<li>\u00cenghi\u021bi\u021bi tableta cu <strong>mult\u0103 ap\u0103<\/strong>.<\/li>\n<\/ul>\n<hr \/>\n<h3><strong>Debut \u0219i durat\u0103<\/strong><\/h3>\n<p>Poxet 60mg \u00eencepe \u00een general s\u0103 ac\u021bioneze \u00een circa <strong>1\u20133 ore<\/strong> de la ingerare.<br \/>\nEfectele dureaz\u0103 c\u00e2teva ore, \u00een func\u021bie de individ.<br \/>\n<strong>Stimularea sexual\u0103<\/strong> este esen\u021bial\u0103 pentru efectul deplin.<\/p>\n<hr \/>\n<h3><strong>Poxet \u0219i alcoolul<\/strong><\/h3>\n<p>Utilizarea cu alcoolul nu este <strong>recomandat\u0103<\/strong> deoarece poate cre\u0219te riscul de efecte adverse precum somnolen\u021b\u0103, ame\u021beli sau concentrare redus\u0103.<br \/>\nEvita\u021bi, de asemenea, sucul de grepfrut \u00een timp ce lua\u021bi acest medicament.<\/p>\n<hr \/>\n<h3><strong>Interac\u021biuni medicamentoase<\/strong><\/h3>\n<p>Consulta\u021bi-v\u0103 medicul \u00eenainte de utilizare, mai ales dac\u0103 lua\u021bi:<\/p>\n<ul>\n<li><strong>Alte antidepresive sau SSRI-uri<\/strong><\/li>\n<li><strong>Inhibitori MAO<\/strong><\/li>\n<li><strong>Medicamente pentru inim\u0103<\/strong><\/li>\n<li><strong>Puternici inhibitori CYP3A4<\/strong> (de exemplu, ketoconazol, eritromicin\u0103)<\/li>\n<\/ul>\n<p>Unele combina\u021bii pot duce la <strong>efecte secundare serioase<\/strong>.<\/p>\n<hr \/>\n<h3><strong>Efecte secundare posibile<\/strong><\/h3>\n<p>Poxet 60mg este de obicei bine tolerat, totu\u0219i efecte secundare u\u0219oare sau temporare pot ap\u0103rea uneori:<\/p>\n<p><strong>Efecte comune:<\/strong><\/p>\n<ul>\n<li>Durere de cap<\/li>\n<li>Grea\u021b\u0103<\/li>\n<li>Gur\u0103 uscat\u0103<\/li>\n<li>Ame\u021beal\u0103<\/li>\n<li>Diaree<\/li>\n<\/ul>\n<p><strong>Efecte mai pu\u021bin comune:<\/strong><\/p>\n<ul>\n<li>Tulbur\u0103ri de somn<\/li>\n<li>Vedere \u00eence\u021bo\u0219at\u0103<\/li>\n<li>Congestie nazal\u0103<\/li>\n<li>Anxietate sau agita\u021bie<\/li>\n<\/ul>\n<p>Dac\u0103 simptomele persist\u0103 sau sunt severe, consulta\u021bi un medic.<\/p>\n<hr \/>\n<h3><strong>C\u00e2nd s\u0103 nu lua\u021bi Poxet?<\/strong><\/h3>\n<p>Nu utiliza\u021bi dac\u0103:<\/p>\n<ul>\n<li>Sunte\u021bi alergic la <strong>dapoxetin\u0103<\/strong> sau la orice component al medicamentului.<\/li>\n<li>Ave\u021bi afec\u021biuni grave de inim\u0103, ficat sau rinichi.<\/li>\n<li>Suferi\u021bi de convulsii sau tulburare bipolar\u0103.<\/li>\n<li> Lua\u021bi antidepresive SSRI sau inhibitori MAO.<\/li>\n<li>Sunte\u021bi sub 18 sau peste 65 de ani.<\/li>\n<\/ul>\n<hr \/>\n<h3><strong>Depozitare<\/strong><\/h3>\n<ul>\n<li>P\u0103stra\u021bi \u00een ambalajul original, ferite de copii.<\/li>\n<li>Depozita\u021bi la <strong>10\u201330\u00b0C<\/strong> \u00eentr-un loc uscat, departe de soare.<\/li>\n<\/ul>\n","protected":false},"excerpt":{"rendered":"<p><strong>60 mg Dapoxetine<\/strong><\/p>\n<p>Acest pachet con\u021bine 4 tablete, fiecare cu 60 mg de dapoxetine. Concepute pentru b\u0103rba\u021bi care caut\u0103 un control mai bun asupra ejacul\u0103rii, aceste tablete ajut\u0103 la \u00eent\u00e2rzierea climaxului \u0219i prelungirea momentelor intime, oferind suport discret \u0219i fiabil pentru \u00eembun\u0103t\u0103\u021birea \u00eencrederii sexuale ori de c\u00e2te ori ave\u021bi nevoie.<\/p>\n","protected":false},"featured_media":24355,"template":"","meta":[],"product_brand":[],"product_cat":[107],"product_tag":[],"class_list":{"0":"post-24522","1":"product","2":"type-product","3":"status-publish","4":"has-post-thumbnail","6":"product_cat-amanarea-ejacularii","8":"first","9":"instock","10":"shipping-taxable","11":"purchasable","12":"product-type-simple"},"yoast_head":"<!-- This site is optimized with the Yoast SEO plugin v27.5 - https:\/\/yoast.com\/product\/yoast-seo-wordpress\/ -->\n<title>Poxet 60mg - kamagra-official.to<\/title>\n<meta name=\"robots\" content=\"index, follow, max-snippet:-1, max-image-preview:large, max-video-preview:-1\" \/>\n<link rel=\"canonical\" href=\"https:\/\/kamagra-official.to\/ro\/product\/poxet-60mg\/\" \/>\n<meta property=\"og:locale\" content=\"ro_RO\" \/>\n<meta property=\"og:type\" content=\"article\" \/>\n<meta property=\"og:title\" content=\"Poxet 60mg - kamagra-official.to\" \/>\n<meta property=\"og:description\" content=\"60 mg Dapoxetine Acest pachet con\u021bine 4 tablete, fiecare cu 60 mg de dapoxetine. Concepute pentru b\u0103rba\u021bi care caut\u0103 un control mai bun asupra ejacul\u0103rii, aceste tablete ajut\u0103 la \u00eent\u00e2rzierea climaxului \u0219i prelungirea momentelor intime, oferind suport discret \u0219i fiabil pentru \u00eembun\u0103t\u0103\u021birea \u00eencrederii sexuale ori de c\u00e2te ori ave\u021bi nevoie.\" \/>\n<meta property=\"og:url\" content=\"https:\/\/kamagra-official.to\/ro\/product\/poxet-60mg\/\" \/>\n<meta property=\"og:site_name\" content=\"kamagra-official.to\" \/>\n<meta property=\"article:modified_time\" content=\"2025-10-02T18:36:46+00:00\" \/>\n<meta property=\"og:image\" content=\"https:\/\/kamagra-official.to\/wp-content\/uploads\/2025\/09\/60mg-Dapo-xetine-HCL-Tablets.jpg\" \/>\n\t<meta property=\"og:image:width\" content=\"500\" \/>\n\t<meta property=\"og:image:height\" content=\"500\" \/>\n\t<meta property=\"og:image:type\" content=\"image\/jpeg\" \/>\n<meta name=\"twitter:card\" content=\"summary_large_image\" \/>\n<meta name=\"twitter:label1\" content=\"Timp estimat pentru citire\" \/>\n\t<meta name=\"twitter:data1\" content=\"2 minute\" \/>\n<script type=\"application\/ld+json\" class=\"yoast-schema-graph\">{\"@context\":\"https:\\\/\\\/schema.org\",\"@graph\":[{\"@type\":\"WebPage\",\"@id\":\"https:\\\/\\\/kamagra-official.to\\\/ro\\\/product\\\/poxet-60mg\\\/\",\"url\":\"https:\\\/\\\/kamagra-official.to\\\/ro\\\/product\\\/poxet-60mg\\\/\",\"name\":\"Poxet 60mg - kamagra-official.to\",\"isPartOf\":{\"@id\":\"https:\\\/\\\/kamagra-official.to\\\/#website\"},\"primaryImageOfPage\":{\"@id\":\"https:\\\/\\\/kamagra-official.to\\\/ro\\\/product\\\/poxet-60mg\\\/#primaryimage\"},\"image\":{\"@id\":\"https:\\\/\\\/kamagra-official.to\\\/ro\\\/product\\\/poxet-60mg\\\/#primaryimage\"},\"thumbnailUrl\":\"https:\\\/\\\/kamagra-official.to\\\/wp-content\\\/uploads\\\/2025\\\/09\\\/60mg-Dapo-xetine-HCL-Tablets.jpg\",\"datePublished\":\"2025-09-17T00:03:50+00:00\",\"dateModified\":\"2025-10-02T18:36:46+00:00\",\"breadcrumb\":{\"@id\":\"https:\\\/\\\/kamagra-official.to\\\/ro\\\/product\\\/poxet-60mg\\\/#breadcrumb\"},\"inLanguage\":\"ro-RO\",\"potentialAction\":[{\"@type\":\"ReadAction\",\"target\":[\"https:\\\/\\\/kamagra-official.to\\\/ro\\\/product\\\/poxet-60mg\\\/\"]}]},{\"@type\":\"ImageObject\",\"inLanguage\":\"ro-RO\",\"@id\":\"https:\\\/\\\/kamagra-official.to\\\/ro\\\/product\\\/poxet-60mg\\\/#primaryimage\",\"url\":\"https:\\\/\\\/kamagra-official.to\\\/wp-content\\\/uploads\\\/2025\\\/09\\\/60mg-Dapo-xetine-HCL-Tablets.jpg\",\"contentUrl\":\"https:\\\/\\\/kamagra-official.to\\\/wp-content\\\/uploads\\\/2025\\\/09\\\/60mg-Dapo-xetine-HCL-Tablets.jpg\",\"width\":500,\"height\":500},{\"@type\":\"BreadcrumbList\",\"@id\":\"https:\\\/\\\/kamagra-official.to\\\/ro\\\/product\\\/poxet-60mg\\\/#breadcrumb\",\"itemListElement\":[{\"@type\":\"ListItem\",\"position\":1,\"name\":\"Home\",\"item\":\"https:\\\/\\\/kamagra-official.to\\\/nl\\\/\"},{\"@type\":\"ListItem\",\"position\":2,\"name\":\"Shop\",\"item\":\"https:\\\/\\\/kamagra-official.to\\\/shop\\\/\"},{\"@type\":\"ListItem\",\"position\":3,\"name\":\"Poxet 60mg\"}]},{\"@type\":\"WebSite\",\"@id\":\"https:\\\/\\\/kamagra-official.to\\\/#website\",\"url\":\"https:\\\/\\\/kamagra-official.to\\\/\",\"name\":\"kamagra-official.to\",\"description\":\"Revitalize Your Sexual Energy Across Europe\",\"publisher\":{\"@id\":\"https:\\\/\\\/kamagra-official.to\\\/#organization\"},\"potentialAction\":[{\"@type\":\"SearchAction\",\"target\":{\"@type\":\"EntryPoint\",\"urlTemplate\":\"https:\\\/\\\/kamagra-official.to\\\/?s={search_term_string}\"},\"query-input\":{\"@type\":\"PropertyValueSpecification\",\"valueRequired\":true,\"valueName\":\"search_term_string\"}}],\"inLanguage\":\"ro-RO\"},{\"@type\":\"Organization\",\"@id\":\"https:\\\/\\\/kamagra-official.to\\\/#organization\",\"name\":\"kamagra-official.to\",\"url\":\"https:\\\/\\\/kamagra-official.to\\\/\",\"logo\":{\"@type\":\"ImageObject\",\"inLanguage\":\"ro-RO\",\"@id\":\"https:\\\/\\\/kamagra-official.to\\\/#\\\/schema\\\/logo\\\/image\\\/\",\"url\":\"https:\\\/\\\/kamagra-official.to\\\/wp-content\\\/uploads\\\/2025\\\/02\\\/KAMAGRA-Photoroom-1.png\",\"contentUrl\":\"https:\\\/\\\/kamagra-official.to\\\/wp-content\\\/uploads\\\/2025\\\/02\\\/KAMAGRA-Photoroom-1.png\",\"width\":150,\"height\":153,\"caption\":\"kamagra-official.to\"},\"image\":{\"@id\":\"https:\\\/\\\/kamagra-official.to\\\/#\\\/schema\\\/logo\\\/image\\\/\"}}]}<\/script>\n<!-- \/ Yoast SEO plugin. -->","yoast_head_json":{"title":"Poxet 60mg - kamagra-official.to","robots":{"index":"index","follow":"follow","max-snippet":"max-snippet:-1","max-image-preview":"max-image-preview:large","max-video-preview":"max-video-preview:-1"},"canonical":"https:\/\/kamagra-official.to\/ro\/product\/poxet-60mg\/","og_locale":"ro_RO","og_type":"article","og_title":"Poxet 60mg - kamagra-official.to","og_description":"60 mg Dapoxetine Acest pachet con\u021bine 4 tablete, fiecare cu 60 mg de dapoxetine. Concepute pentru b\u0103rba\u021bi care caut\u0103 un control mai bun asupra ejacul\u0103rii, aceste tablete ajut\u0103 la \u00eent\u00e2rzierea climaxului \u0219i prelungirea momentelor intime, oferind suport discret \u0219i fiabil pentru \u00eembun\u0103t\u0103\u021birea \u00eencrederii sexuale ori de c\u00e2te ori ave\u021bi nevoie.","og_url":"https:\/\/kamagra-official.to\/ro\/product\/poxet-60mg\/","og_site_name":"kamagra-official.to","article_modified_time":"2025-10-02T18:36:46+00:00","og_image":[{"width":500,"height":500,"url":"https:\/\/kamagra-official.to\/wp-content\/uploads\/2025\/09\/60mg-Dapo-xetine-HCL-Tablets.jpg","type":"image\/jpeg"}],"twitter_card":"summary_large_image","twitter_misc":{"Timp estimat pentru citire":"2 minute"},"schema":{"@context":"https:\/\/schema.org","@graph":[{"@type":"WebPage","@id":"https:\/\/kamagra-official.to\/ro\/product\/poxet-60mg\/","url":"https:\/\/kamagra-official.to\/ro\/product\/poxet-60mg\/","name":"Poxet 60mg - kamagra-official.to","isPartOf":{"@id":"https:\/\/kamagra-official.to\/#website"},"primaryImageOfPage":{"@id":"https:\/\/kamagra-official.to\/ro\/product\/poxet-60mg\/#primaryimage"},"image":{"@id":"https:\/\/kamagra-official.to\/ro\/product\/poxet-60mg\/#primaryimage"},"thumbnailUrl":"https:\/\/kamagra-official.to\/wp-content\/uploads\/2025\/09\/60mg-Dapo-xetine-HCL-Tablets.jpg","datePublished":"2025-09-17T00:03:50+00:00","dateModified":"2025-10-02T18:36:46+00:00","breadcrumb":{"@id":"https:\/\/kamagra-official.to\/ro\/product\/poxet-60mg\/#breadcrumb"},"inLanguage":"ro-RO","potentialAction":[{"@type":"ReadAction","target":["https:\/\/kamagra-official.to\/ro\/product\/poxet-60mg\/"]}]},{"@type":"ImageObject","inLanguage":"ro-RO","@id":"https:\/\/kamagra-official.to\/ro\/product\/poxet-60mg\/#primaryimage","url":"https:\/\/kamagra-official.to\/wp-content\/uploads\/2025\/09\/60mg-Dapo-xetine-HCL-Tablets.jpg","contentUrl":"https:\/\/kamagra-official.to\/wp-content\/uploads\/2025\/09\/60mg-Dapo-xetine-HCL-Tablets.jpg","width":500,"height":500},{"@type":"BreadcrumbList","@id":"https:\/\/kamagra-official.to\/ro\/product\/poxet-60mg\/#breadcrumb","itemListElement":[{"@type":"ListItem","position":1,"name":"Home","item":"https:\/\/kamagra-official.to\/nl\/"},{"@type":"ListItem","position":2,"name":"Shop","item":"https:\/\/kamagra-official.to\/shop\/"},{"@type":"ListItem","position":3,"name":"Poxet 60mg"}]},{"@type":"WebSite","@id":"https:\/\/kamagra-official.to\/#website","url":"https:\/\/kamagra-official.to\/","name":"kamagra-official.to","description":"Revitalize Your Sexual Energy Across Europe","publisher":{"@id":"https:\/\/kamagra-official.to\/#organization"},"potentialAction":[{"@type":"SearchAction","target":{"@type":"EntryPoint","urlTemplate":"https:\/\/kamagra-official.to\/?s={search_term_string}"},"query-input":{"@type":"PropertyValueSpecification","valueRequired":true,"valueName":"search_term_string"}}],"inLanguage":"ro-RO"},{"@type":"Organization","@id":"https:\/\/kamagra-official.to\/#organization","name":"kamagra-official.to","url":"https:\/\/kamagra-official.to\/","logo":{"@type":"ImageObject","inLanguage":"ro-RO","@id":"https:\/\/kamagra-official.to\/#\/schema\/logo\/image\/","url":"https:\/\/kamagra-official.to\/wp-content\/uploads\/2025\/02\/KAMAGRA-Photoroom-1.png","contentUrl":"https:\/\/kamagra-official.to\/wp-content\/uploads\/2025\/02\/KAMAGRA-Photoroom-1.png","width":150,"height":153,"caption":"kamagra-official.to"},"image":{"@id":"https:\/\/kamagra-official.to\/#\/schema\/logo\/image\/"}}]}},"_links":{"self":[{"href":"https:\/\/kamagra-official.to\/ro\/wp-json\/wp\/v2\/product\/24522","targetHints":{"allow":["GET"]}}],"collection":[{"href":"https:\/\/kamagra-official.to\/ro\/wp-json\/wp\/v2\/product"}],"about":[{"href":"https:\/\/kamagra-official.to\/ro\/wp-json\/wp\/v2\/types\/product"}],"wp:featuredmedia":[{"embeddable":true,"href":"https:\/\/kamagra-official.to\/ro\/wp-json\/wp\/v2\/media\/24355"}],"wp:attachment":[{"href":"https:\/\/kamagra-official.to\/ro\/wp-json\/wp\/v2\/media?parent=24522"}],"wp:term":[{"taxonomy":"product_brand","embeddable":true,"href":"https:\/\/kamagra-official.to\/ro\/wp-json\/wp\/v2\/product_brand?post=24522"},{"taxonomy":"product_cat","embeddable":true,"href":"https:\/\/kamagra-official.to\/ro\/wp-json\/wp\/v2\/product_cat?post=24522"},{"taxonomy":"product_tag","embeddable":true,"href":"https:\/\/kamagra-official.to\/ro\/wp-json\/wp\/v2\/product_tag?post=24522"}],"curies":[{"name":"wp","href":"https:\/\/api.w.org\/{rel}","templated":true}]}}