{"id":18398,"date":"2024-12-22T10:51:55","date_gmt":"2024-12-22T10:51:55","guid":{"rendered":"https:\/\/world-shop.info\/politica-de-protectie-a-datelor-personale\/"},"modified":"2025-11-21T14:31:31","modified_gmt":"2025-11-21T14:31:31","slug":"politica-de-protectie-a-datelor-personale","status":"publish","type":"page","link":"https:\/\/kamagra-official.to\/ro\/politica-de-protectie-a-datelor-personale\/","title":{"rendered":"Politica de Confiden\u021bialitate"},"content":{"rendered":"\t\t<div data-elementor-type=\"wp-page\" data-elementor-id=\"18398\" class=\"elementor elementor-18398 elementor-14765\" data-elementor-post-type=\"page\">\n\t\t\t\t<div class=\"elementor-element elementor-element-049e202 e-flex e-con-boxed e-con e-parent\" data-id=\"049e202\" data-element_type=\"container\" data-e-type=\"container\">\n\t\t\t\t\t<div class=\"e-con-inner\">\n\t\t\t\t<div class=\"elementor-element elementor-element-6b91426 elementor-widget elementor-widget-spacer\" data-id=\"6b91426\" data-element_type=\"widget\" data-e-type=\"widget\" data-widget_type=\"spacer.default\">\n\t\t\t\t<div class=\"elementor-widget-container\">\n\t\t\t\t\t\t\t<div class=\"elementor-spacer\">\n\t\t\t<div class=\"elementor-spacer-inner\"><\/div>\n\t\t<\/div>\n\t\t\t\t\t\t<\/div>\n\t\t\t\t<\/div>\n\t\t\t\t\t<\/div>\n\t\t\t\t<\/div>\n\t\t<div class=\"elementor-element elementor-element-b09979d e-con-full e-flex e-con e-parent\" data-id=\"b09979d\" data-element_type=\"container\" data-e-type=\"container\">\n\t\t\t\t<div class=\"elementor-element elementor-element-e9deaf9 elementor-widget elementor-widget-text-editor\" data-id=\"e9deaf9\" data-element_type=\"widget\" data-e-type=\"widget\" data-widget_type=\"text-editor.default\">\n\t\t\t\t<div class=\"elementor-widget-container\">\n\t\t\t\t\t\t\t\t\t<p><br \/><br \/><br \/><\/p><p><style>\n        body {<br \/>\n            font-family: Arial, sans-serif;<br \/>\n            line-height: 1.6;<br \/>\n            margin: 20px;<br \/>\n            max-width: 800px;<br \/>\n        }<br \/>\n        h1, h2 {<br \/>\n            color: #333;<br \/>\n        }<br \/>\n        h1 {<br \/>\n            text-align: center;<br \/>\n        }<br \/>\n        p {<br \/>\n            margin-bottom: 1em;<br \/>\n        }<br \/>\n    <\/style><\/p><p>\u00a0<\/p><h1>Termeni \u0219i<br \/>Condi\u021bii<\/h1><h2>I. Dispozi\u021bii Introductive<\/h2><p>Operatorul magazinului online este: kamagra-official.to \u2013 Ruopigenring 85, 6015 Luzern, Swerz (denumit \u00een continuare e-shop).<\/p><p>Toate rela\u021biile contractuale sunt \u00eencheiate \u00een conformitate cu ordinul legal al Swerz. Rela\u021biile juridice neexprimate expres prin ace\u0219ti termeni \u0219i condi\u021bii sunt reglementate de Legea nr. 89\/2012 Coll., Codul civil (denumit \u00een continuare &#8222;CivC&#8221;).<\/p><p>Dac\u0103 Cump\u0103r\u0103torul este un consumator (o persoan\u0103 care nu este un antreprenor care plaseaz\u0103 o comand\u0103 sau \u00eencheie un contract cu v\u00e2nz\u0103torul \u00een cadrul activit\u0103\u021bilor lor de afaceri), drepturile \u0219i obliga\u021biile V\u00e2nz\u0103torului \u0219i Cump\u0103r\u0103torul sunt de asemenea reglementate de prevederile \u00a7 2158 et seq. CivC (&#8222;Dispozi\u021bii speciale privind v\u00e2nzarea de produse \u00eentr-un magazin&#8221;) \u0219i pentru cump\u0103r\u0103torii de consumatori, de asemenea de Legea nr. 634\/1992 Coll., privind protec\u021bia consumatorilor, modificat\u0103 (denumit\u0103 \u00een continuare &#8222;Legea PC&#8221;).<\/p><h2>II. Defini\u021bii<\/h2><p><strong>Contract de consumator<\/strong> \u2013 un contract de achizi\u021bionare, de munc\u0103, de servicii sau un alt contract potrivit Codului Civil, dac\u0103 p\u0103r\u021bile sunt un consumator (o persoan\u0103 care nu este un antreprenor care plaseaz\u0103 o comand\u0103 sau \u00eencheie un contract cu v\u00e2nz\u0103torul \u00een cadrul activit\u0103\u021bilor sale de afaceri sau profesie) pe de o parte \u0219i furnizorul sau v\u00e2nz\u0103torul pe de alt\u0103 parte.<\/p><p><strong>V\u00e2nz\u0103torul<\/strong> \u2013 operatorul magazinului online \u2013 o persoan\u0103 care, la \u00eencheierea \u0219i \u00eendeplinirea contractului, ac\u021bioneaz\u0103 \u00een cadrul activit\u0103\u021bilor sale de afaceri sau antreprenoriale. Acesta este un antreprenor care furnizeaz\u0103 produse sau ofer\u0103 servicii c\u0103tre un cump\u0103r\u0103tor direct sau prin intermediul altor antreprenori.<\/p><p><strong>Cump\u0103r\u0103tor<\/strong> \u2013 Consumator \u2013 o persoan\u0103 care, la \u00eencheierea \u0219i \u00eendeplinirea contractului, nu ac\u021bioneaz\u0103 \u00een cadrul activit\u0103\u021bilor sale de afaceri. Aceasta este o persoan\u0103 fizic\u0103 sau juridic\u0103 care achizi\u021bioneaz\u0103 produse sau utilizeaz\u0103 servicii \u00een scopuri care nu sunt de afaceri cu aceste produse sau servicii. Un cump\u0103r\u0103tor care nu este consumator este un antreprenor care achizi\u021bioneaz\u0103 produse sau utilizeaz\u0103 servicii \u00een cadrul activit\u0103\u021bilor sale de afaceri sau exercitarea independent\u0103 a profesiei sale.<\/p><h2>III. Prelucrarea \u0219i Utilizarea Datelor Personale<\/h2><p>Accesul la e-shop poate fi condi\u021bionat de furnizarea unor date personale ale Cump\u0103r\u0103torului. \u00centr-un astfel de caz, V\u00e2nz\u0103torul va manipula astfel de date \u00een conformitate cu reglement\u0103rile legale aplicabile, \u00een special \u00een conformitate cu Legea nr. 101\/2000 Coll., privind Protec\u021bia Datelor Personale, a\u0219a cum a fost modificat\u0103. Datele personale vor fi \u00een totalitate securizate \u00eempotriva abuzului. Datele vor fi stocate \u0219i nu vor fi partajate cu aplica\u021biile ter\u021b\u0103 parte. V\u00e2nz\u0103torul poate utiliza datele personale furnizate dincolo de prelucrarea necesar\u0103 pentru \u00eencheierea \u0219i \u00eendeplinirea contractului doar \u00een condi\u021biile enumerate mai jos. Cump\u0103r\u0103torul recunoa\u0219te c\u0103 adresa de e-mail furnizat\u0103 \u00een leg\u0103tur\u0103 cu achizi\u021bionarea unui produs sau serviciu poate fi folosit\u0103 pentru a trimite o comunicare comercial\u0103 de la e-shop conform Legii nr. 480\/2004 Coll., a\u0219a cum a fost modificat\u0103, cu o ofert\u0103 de produse sau servicii similare. Dac\u0103 destinatarul nu dore\u0219te s\u0103 primeasc\u0103 \u00een continuare comunic\u0103ri comerciale, poate exprima acest dezacord cu trimiterea comunic\u0103rilor comerciale trimi\u021b\u00e2nd un e-mail ce con\u021bine dezacordul la adresa de e-mail a magazinului: info@kamagra-official.to<\/p><h2>IV. Acceptarea \u0219i Prelucrarea Comenzilor, Contract de Cump\u0103rare<\/h2><p>Este necesar\u0103 o comand\u0103 electronic\u0103 valid\u0103 pentru completarea tuturor datelor \u0219i detaliilor prescrise \u00een formularul de comand\u0103. \u00cenainte ca Cump\u0103r\u0103torul s\u0103 confirme definitiv comanda, va avea dreptul s\u0103 revizuiasc\u0103 \u00eentreaga comand\u0103 \u0219i datele introduse. Dac\u0103 cump\u0103r\u0103torul este de acord cu forma comenzii, comanda va fi trimis\u0103 \u00een cele din urm\u0103 pentru procesare f\u0103c\u00e2nd clic pe butonul de confirmare a comenzii. Aceast\u0103 trimitere este obligatorie. Contractul de v\u00e2nzare-cump\u0103rare se creaz\u0103 prin trimiterea comenzii de c\u0103tre Cump\u0103r\u0103tor dup\u0103 selectarea metodei de livrare \u0219i de plat\u0103, \u0219i acceptarea acesteia de c\u0103tre e-shop, care nu are nicio r\u0103spundere pentru eventualele erori \u00een timpul transmiterii datelor. E-shop-ul va confirma prompt \u00eencheierea contractului cu un e-mail informativ la adresa de e-mail furnizat\u0103 de Cump\u0103r\u0103tor.<\/p><p>V\u00e2nz\u0103torul \u00ee\u0219i rezerv\u0103 dreptul de a nu accepta comanda Cump\u0103r\u0103torului \u00een caz de o eroare evident\u0103 legat\u0103 de pre\u021b, descriere sau imagine a produsului din catalogul de produse pe magazinul online al V\u00e2nz\u0103torului \u00een orice etap\u0103 a proces\u0103rii comenzii. Cump\u0103r\u0103torul va fi informat despre neacceptarea comenzii din cauza unei erori evidente prin e-mail.<\/p><p>V\u00e2nz\u0103torul \u00ee\u0219i rezerv\u0103 dreptul de a anula o comand\u0103 sau o parte din aceasta \u00een urm\u0103toarele cazuri: \u2013 produsul nu mai este produs sau livrat sau pre\u021bul bunurilor livrate s-a modificat semnificativ. Dac\u0103 se produce aceast\u0103 situa\u021bie, v\u00e2nz\u0103torul va lua leg\u0103tura prompt cu Cump\u0103r\u0103torul pentru a se pune de acord cu privire la ac\u021biunile ulterioare. Dac\u0103 cump\u0103r\u0103torul a achitat deja partea sau \u00eentregul pre\u021b de cump\u0103rare, aceast\u0103 sum\u0103 va fi returnat\u0103 \u00een contul s\u0103u, iar contractul de v\u00e2nzare-cump\u0103rare nu va fi \u00eencheiat.<\/p><p>V\u00e2nz\u0103torul \u00ee\u0219i rezerv\u0103 dreptul de a refuza s\u0103 proceseze o comand\u0103 pentru produse care nu sunt oferite \u00een e-shop, precum \u0219i o comand\u0103 pentru produse pe care produc\u0103torul sau furnizorul nu le poate livra (nu mai sunt produse, indisponibil \u00een alte culori, etc.).<\/p><p>Contractul se \u00eencheie \u00een limba ceh\u0103. Dac\u0103 Cump\u0103r\u0103torul are nevoie de o traducere a textului contractului, \u00een cazul unui litigiu privind interpretarea, versiunea \u00een limba ceh\u0103 a contractului va prevala.<\/p><h2>V. Pre\u021buri<\/h2><p>Pre\u021burile afi\u0219ate pe e-shop sunt finale, incluz\u00e2nd TVA. La acestea se adaug\u0103 ulterior costurile de transport, a c\u0103ror sum\u0103 poate varia \u00een func\u021bie de comanda specific\u0103 (\u00een func\u021bie de metoda de livrare aleas\u0103), \u00een formularul de comand\u0103. Pre\u021bul final calculat dup\u0103 finalizarea formularului de comand\u0103 include deja transportul. Pre\u021bul valabil \u00een momentul plas\u0103rii comenzii de c\u0103tre Cump\u0103r\u0103tor se va aplica ca pre\u021b la \u00eencheierea contractului \u00eentre V\u00e2nz\u0103tor \u0219i Cump\u0103r\u0103tor. Acest pre\u021b va fi enumerat \u00een comand\u0103 \u0219i \u00een e-mailul de confirmare a primirii comenzii de m\u0103rfuri.<\/p><h2>VI. Livrarea Bunurilor<\/h2><p>Cump\u0103r\u0103torul\/Consumatorul este obligat s\u0103 primeasc\u0103 \u00een mod corespunz\u0103tor bunurile de la transportor, s\u0103 verifice integritatea ambalajului, num\u0103rul de pachete \u0219i s\u0103 semnaleze imediat orice discrepan\u021be transportorului. Dac\u0103 exist\u0103 dovezi de intrare neautorizat\u0103 \u00een expediere, Cump\u0103r\u0103torului i se recomand\u0103 s\u0103 nu accepte expedierea \u00een propriul s\u0103u interes! Prin acceptarea expedierii, Cump\u0103r\u0103torul confirm\u0103 c\u0103 pachetul a \u00eendeplinit toate condi\u021biile \u0219i cerin\u021bele de mai sus \u0219i ulterior nu se vor lua \u00een considerare reclama\u021biile privind integritatea pachetului.<\/p><h2>VII. Returnarea Bunurilor \u2013 Retragere din Contract \u00een Perioada de 14 Zile<\/h2><p>Cump\u0103r\u0103torul, care a \u00eencheiat un contract de achizi\u021bie la distan\u021b\u0103 \u0219i a cump\u0103rat m\u0103rfuri \u00een e-shop, are dreptul de a returna m\u0103rfurile f\u0103r\u0103 a da nicio justificare \u00een termen de 14 (paisprezece) zile de la livrare (conform noului Cod Civil \u00a7 1829 par.1).<\/p><p>\u00cen cazul \u00een care Cump\u0103r\u0103torul se retrage din contract, trebuie s\u0103 trimit\u0103 sau s\u0103 predea bunurile V\u00e2nz\u0103torului f\u0103r\u0103 \u00eent\u00e2rziere nejustificat\u0103, cel t\u00e2rziu dup\u0103 14 (paisprezece) zile de la retragerea din contractul de v\u00e2nzare-cump\u0103rare.<\/p><p>Conform \u00a7 1832 par. 4 al Codului Civil, \u00een cazul \u00een care Cump\u0103r\u0103torul se retrage din contractul de v\u00e2nzare-cump\u0103rare, V\u00e2nz\u0103torul nu este obligat s\u0103 returneze fondurile monetare primite consumatorului \u00eenainte ca acesta din urm\u0103 s\u0103 returneze bunurile V\u00e2nz\u0103torului sau s\u0103 dovedeasc\u0103 c\u0103 bunurile au fost trimise \u00eenapoi V\u00e2nz\u0103torului.<\/p><p>Se recomand\u0103 ca bunurile s\u0103 fie returnate, dac\u0103 este posibil, \u00een starea lor original\u0103,condi\u021bie, nedeteriorat, nefolosit, nepurtat, nesp\u0103lat, incluz\u00e2nd etichetele originale, etichetele \u0219i documentele de v\u00e2nzare.<\/p><p>Dup\u0103 returnarea produselor (produsele returnate prin ramburs nu vor fi acceptate), Cump\u0103r\u0103torul \u00ee\u0219i va primi \u00eenapoi plata \u00een num\u0103rul de cont bancar furnizat.<\/p><p>Dac\u0103 Cump\u0103r\u0103torul returneaz\u0103 produse utilizate, deteriorate, sp\u0103late \u00een cadrul perioadei de 14 zile, pre\u021bul de cump\u0103rare pentru produse nu va fi rambursat \u00een totalitate. \u00cen acest caz, V\u00e2nz\u0103torul va reduce pre\u021bul de cump\u0103rare din cauza uzurii.<\/p><p>Cump\u0103r\u0103torul suport\u0103 \u00een \u00eentregime costurile livr\u0103rii produselor \u00eenapoi la V\u00e2nz\u0103tor.<\/p><p>Dac\u0103 v\u0103 retrage\u021bi din contractul cu V\u00e2nz\u0103torul, v\u0103 vom rambursa f\u0103r\u0103 \u00eent\u00e2rziere nejustificat\u0103, cel mai t\u00e2rziu 14 zile de la ziua \u00een care am fost informa\u021bi despre decizia dumneavoastr\u0103 de a v\u0103 retrage din contract, toate pl\u0103\u021bile pe care le-am primit de la dumneavoastr\u0103, inclusiv costul livr\u0103rii produselor la dumneavoastr\u0103 (cu excep\u021bia costurilor suplimentare ap\u0103rute din cauza metodei de livrare alese de dumneavoastr\u0103, care este alta dec\u00e2t metoda standard de livrare cea mai ieftin\u0103 oferit\u0103 de V\u00e2nz\u0103tor).<\/p><p>Pentru a exercita dreptul de a v\u0103 retrage din contract, trebuie s\u0103 informa\u021bi V\u00e2nz\u0103torul despre decizia dumneavoastr\u0103 de a v\u0103 retrage din contract \u00een perioada specificat\u0103 de 14 zile printr-o declara\u021bie clar\u0103 (de exemplu, o scrisoare trimis\u0103 prin po\u0219t\u0103 sau email). V\u0103 vom trimite prompt o confirmare a primirii acestei notific\u0103ri de retragere din contract.<\/p><h2>VIII. Drepturi din cauza Performan\u021bei Defectuoase &#8211; Reclama\u021bii<\/h2><p>Drepturile \u0219i obliga\u021biile p\u0103r\u021bilor contractuale \u00een ceea ce prive\u0219te drepturile din cauza performan\u021bei defectuoase sunt<\/p>\t\t\t\t\t\t\t\t<\/div>\n\t\t\t\t<\/div>\n\t\t\t\t<\/div>\n\t\t\t\t<\/div>\n\t\t","protected":false},"excerpt":{"rendered":"<p>\u00a0 Termeni \u0219iCondi\u021bii I. Dispozi\u021bii Introductive Operatorul magazinului online este: kamagra-official.to \u2013 Ruopigenring 85, 6015 Luzern, Swerz (denumit \u00een continuare e-shop). Toate rela\u021biile contractuale sunt \u00eencheiate \u00een conformitate cu ordinul legal al Swerz. Rela\u021biile juridice neexprimate expres prin ace\u0219ti termeni \u0219i condi\u021bii sunt reglementate de Legea nr. 89\/2012 Coll., Codul civil (denumit \u00een continuare &#8222;CivC&#8221;). [&#8230;]\n","protected":false},"author":1,"featured_media":0,"parent":0,"menu_order":0,"comment_status":"closed","ping_status":"closed","template":"","meta":{"footnotes":""},"class_list":["post-18398","page","type-page","status-publish","hentry"],"yoast_head":"<!-- This site is optimized with the Yoast SEO plugin v27.5 - https:\/\/yoast.com\/product\/yoast-seo-wordpress\/ -->\n<title>Politica de Confiden\u021bialitate - kamagra-official.to<\/title>\n<meta name=\"robots\" content=\"index, follow, max-snippet:-1, max-image-preview:large, max-video-preview:-1\" \/>\n<link rel=\"canonical\" href=\"https:\/\/kamagra-official.to\/privacy-policy\/\" \/>\n<meta property=\"og:locale\" content=\"ro_RO\" \/>\n<meta property=\"og:type\" content=\"article\" \/>\n<meta property=\"og:title\" content=\"Politica de Confiden\u021bialitate - kamagra-official.to\" \/>\n<meta property=\"og:description\" content=\"\u00a0 Termeni \u0219iCondi\u021bii I. Dispozi\u021bii Introductive Operatorul magazinului online este: kamagra-official.to \u2013 Ruopigenring 85, 6015 Luzern, Swerz (denumit \u00een continuare e-shop). Toate rela\u021biile contractuale sunt \u00eencheiate \u00een conformitate cu ordinul legal al Swerz. Rela\u021biile juridice neexprimate expres prin ace\u0219ti termeni \u0219i condi\u021bii sunt reglementate de Legea nr. 89\/2012 Coll., Codul civil (denumit \u00een continuare &#8222;CivC&#8221;). [...]\" \/>\n<meta property=\"og:url\" content=\"https:\/\/kamagra-official.to\/privacy-policy\/\" \/>\n<meta property=\"og:site_name\" content=\"kamagra-official.to\" \/>\n<meta property=\"article:modified_time\" content=\"2025-11-21T14:31:31+00:00\" \/>\n<meta name=\"twitter:card\" content=\"summary_large_image\" \/>\n<meta name=\"twitter:label1\" content=\"Timp estimat pentru citire\" \/>\n\t<meta name=\"twitter:data1\" content=\"8 minute\" \/>\n<script type=\"application\/ld+json\" class=\"yoast-schema-graph\">{\"@context\":\"https:\\\/\\\/schema.org\",\"@graph\":[{\"@type\":\"WebPage\",\"@id\":\"https:\\\/\\\/kamagra-official.to\\\/privacy-policy\\\/\",\"url\":\"https:\\\/\\\/kamagra-official.to\\\/privacy-policy\\\/\",\"name\":\"Politica de Confiden\u021bialitate - kamagra-official.to\",\"isPartOf\":{\"@id\":\"https:\\\/\\\/kamagra-official.to\\\/#website\"},\"datePublished\":\"2024-12-22T10:51:55+00:00\",\"dateModified\":\"2025-11-21T14:31:31+00:00\",\"breadcrumb\":{\"@id\":\"https:\\\/\\\/kamagra-official.to\\\/privacy-policy\\\/#breadcrumb\"},\"inLanguage\":\"ro-RO\",\"potentialAction\":[{\"@type\":\"ReadAction\",\"target\":[\"https:\\\/\\\/kamagra-official.to\\\/privacy-policy\\\/\"]}]},{\"@type\":\"BreadcrumbList\",\"@id\":\"https:\\\/\\\/kamagra-official.to\\\/privacy-policy\\\/#breadcrumb\",\"itemListElement\":[{\"@type\":\"ListItem\",\"position\":1,\"name\":\"Home\",\"item\":\"https:\\\/\\\/kamagra-official.to\\\/nl\\\/\"},{\"@type\":\"ListItem\",\"position\":2,\"name\":\"Politica de Confiden\u021bialitate\"}]},{\"@type\":\"WebSite\",\"@id\":\"https:\\\/\\\/kamagra-official.to\\\/#website\",\"url\":\"https:\\\/\\\/kamagra-official.to\\\/\",\"name\":\"kamagra-official.to\",\"description\":\"Revitalize Your Sexual Energy Across Europe\",\"publisher\":{\"@id\":\"https:\\\/\\\/kamagra-official.to\\\/#organization\"},\"potentialAction\":[{\"@type\":\"SearchAction\",\"target\":{\"@type\":\"EntryPoint\",\"urlTemplate\":\"https:\\\/\\\/kamagra-official.to\\\/?s={search_term_string}\"},\"query-input\":{\"@type\":\"PropertyValueSpecification\",\"valueRequired\":true,\"valueName\":\"search_term_string\"}}],\"inLanguage\":\"ro-RO\"},{\"@type\":\"Organization\",\"@id\":\"https:\\\/\\\/kamagra-official.to\\\/#organization\",\"name\":\"kamagra-official.to\",\"url\":\"https:\\\/\\\/kamagra-official.to\\\/\",\"logo\":{\"@type\":\"ImageObject\",\"inLanguage\":\"ro-RO\",\"@id\":\"https:\\\/\\\/kamagra-official.to\\\/#\\\/schema\\\/logo\\\/image\\\/\",\"url\":\"https:\\\/\\\/kamagra-official.to\\\/wp-content\\\/uploads\\\/2025\\\/02\\\/KAMAGRA-Photoroom-1.png\",\"contentUrl\":\"https:\\\/\\\/kamagra-official.to\\\/wp-content\\\/uploads\\\/2025\\\/02\\\/KAMAGRA-Photoroom-1.png\",\"width\":150,\"height\":153,\"caption\":\"kamagra-official.to\"},\"image\":{\"@id\":\"https:\\\/\\\/kamagra-official.to\\\/#\\\/schema\\\/logo\\\/image\\\/\"}}]}<\/script>\n<!-- \/ Yoast SEO plugin. -->","yoast_head_json":{"title":"Politica de Confiden\u021bialitate - kamagra-official.to","robots":{"index":"index","follow":"follow","max-snippet":"max-snippet:-1","max-image-preview":"max-image-preview:large","max-video-preview":"max-video-preview:-1"},"canonical":"https:\/\/kamagra-official.to\/privacy-policy\/","og_locale":"ro_RO","og_type":"article","og_title":"Politica de Confiden\u021bialitate - kamagra-official.to","og_description":"\u00a0 Termeni \u0219iCondi\u021bii I. Dispozi\u021bii Introductive Operatorul magazinului online este: kamagra-official.to \u2013 Ruopigenring 85, 6015 Luzern, Swerz (denumit \u00een continuare e-shop). Toate rela\u021biile contractuale sunt \u00eencheiate \u00een conformitate cu ordinul legal al Swerz. Rela\u021biile juridice neexprimate expres prin ace\u0219ti termeni \u0219i condi\u021bii sunt reglementate de Legea nr. 89\/2012 Coll., Codul civil (denumit \u00een continuare &#8222;CivC&#8221;). [...]","og_url":"https:\/\/kamagra-official.to\/privacy-policy\/","og_site_name":"kamagra-official.to","article_modified_time":"2025-11-21T14:31:31+00:00","twitter_card":"summary_large_image","twitter_misc":{"Timp estimat pentru citire":"8 minute"},"schema":{"@context":"https:\/\/schema.org","@graph":[{"@type":"WebPage","@id":"https:\/\/kamagra-official.to\/privacy-policy\/","url":"https:\/\/kamagra-official.to\/privacy-policy\/","name":"Politica de Confiden\u021bialitate - kamagra-official.to","isPartOf":{"@id":"https:\/\/kamagra-official.to\/#website"},"datePublished":"2024-12-22T10:51:55+00:00","dateModified":"2025-11-21T14:31:31+00:00","breadcrumb":{"@id":"https:\/\/kamagra-official.to\/privacy-policy\/#breadcrumb"},"inLanguage":"ro-RO","potentialAction":[{"@type":"ReadAction","target":["https:\/\/kamagra-official.to\/privacy-policy\/"]}]},{"@type":"BreadcrumbList","@id":"https:\/\/kamagra-official.to\/privacy-policy\/#breadcrumb","itemListElement":[{"@type":"ListItem","position":1,"name":"Home","item":"https:\/\/kamagra-official.to\/nl\/"},{"@type":"ListItem","position":2,"name":"Politica de Confiden\u021bialitate"}]},{"@type":"WebSite","@id":"https:\/\/kamagra-official.to\/#website","url":"https:\/\/kamagra-official.to\/","name":"kamagra-official.to","description":"Revitalize Your Sexual Energy Across Europe","publisher":{"@id":"https:\/\/kamagra-official.to\/#organization"},"potentialAction":[{"@type":"SearchAction","target":{"@type":"EntryPoint","urlTemplate":"https:\/\/kamagra-official.to\/?s={search_term_string}"},"query-input":{"@type":"PropertyValueSpecification","valueRequired":true,"valueName":"search_term_string"}}],"inLanguage":"ro-RO"},{"@type":"Organization","@id":"https:\/\/kamagra-official.to\/#organization","name":"kamagra-official.to","url":"https:\/\/kamagra-official.to\/","logo":{"@type":"ImageObject","inLanguage":"ro-RO","@id":"https:\/\/kamagra-official.to\/#\/schema\/logo\/image\/","url":"https:\/\/kamagra-official.to\/wp-content\/uploads\/2025\/02\/KAMAGRA-Photoroom-1.png","contentUrl":"https:\/\/kamagra-official.to\/wp-content\/uploads\/2025\/02\/KAMAGRA-Photoroom-1.png","width":150,"height":153,"caption":"kamagra-official.to"},"image":{"@id":"https:\/\/kamagra-official.to\/#\/schema\/logo\/image\/"}}]}},"_links":{"self":[{"href":"https:\/\/kamagra-official.to\/ro\/wp-json\/wp\/v2\/pages\/18398","targetHints":{"allow":["GET"]}}],"collection":[{"href":"https:\/\/kamagra-official.to\/ro\/wp-json\/wp\/v2\/pages"}],"about":[{"href":"https:\/\/kamagra-official.to\/ro\/wp-json\/wp\/v2\/types\/page"}],"author":[{"embeddable":true,"href":"https:\/\/kamagra-official.to\/ro\/wp-json\/wp\/v2\/users\/1"}],"replies":[{"embeddable":true,"href":"https:\/\/kamagra-official.to\/ro\/wp-json\/wp\/v2\/comments?post=18398"}],"version-history":[{"count":6,"href":"https:\/\/kamagra-official.to\/ro\/wp-json\/wp\/v2\/pages\/18398\/revisions"}],"predecessor-version":[{"id":25080,"href":"https:\/\/kamagra-official.to\/ro\/wp-json\/wp\/v2\/pages\/18398\/revisions\/25080"}],"wp:attachment":[{"href":"https:\/\/kamagra-official.to\/ro\/wp-json\/wp\/v2\/media?parent=18398"}],"curies":[{"name":"wp","href":"https:\/\/api.w.org\/{rel}","templated":true}]}}