{"id":18344,"date":"2025-02-03T11:00:32","date_gmt":"2025-02-03T11:00:32","guid":{"rendered":"https:\/\/world-shop.info\/cum-sa-cumparati\/"},"modified":"2025-03-06T18:56:59","modified_gmt":"2025-03-06T18:56:59","slug":"cum-sa-cumparati","status":"publish","type":"page","link":"https:\/\/kamagra-official.to\/ro\/cum-sa-cumparati\/","title":{"rendered":"Cum s\u0103 faci cump\u0103r\u0103turi"},"content":{"rendered":"\t\t<div data-elementor-type=\"wp-page\" data-elementor-id=\"18344\" class=\"elementor elementor-18344 elementor-18263\" data-elementor-post-type=\"page\">\n\t\t\t\t<div class=\"elementor-element elementor-element-667f82e e-flex e-con-boxed e-con e-parent\" data-id=\"667f82e\" data-element_type=\"container\" data-e-type=\"container\">\n\t\t\t\t\t<div class=\"e-con-inner\">\n\t\t\t\t<div class=\"elementor-element elementor-element-0901533 elementor-widget elementor-widget-spacer\" data-id=\"0901533\" data-element_type=\"widget\" data-e-type=\"widget\" data-widget_type=\"spacer.default\">\n\t\t\t\t<div class=\"elementor-widget-container\">\n\t\t\t\t\t\t\t<div class=\"elementor-spacer\">\n\t\t\t<div class=\"elementor-spacer-inner\"><\/div>\n\t\t<\/div>\n\t\t\t\t\t\t<\/div>\n\t\t\t\t<\/div>\n\t\t\t\t\t<\/div>\n\t\t\t\t<\/div>\n\t\t<div class=\"elementor-element elementor-element-8be5346 e-flex e-con-boxed e-con e-parent\" data-id=\"8be5346\" data-element_type=\"container\" data-e-type=\"container\">\n\t\t\t\t\t<div class=\"e-con-inner\">\n\t\t\t\t<div class=\"elementor-element elementor-element-e5a2d3b elementor-widget elementor-widget-text-editor\" data-id=\"e5a2d3b\" data-element_type=\"widget\" data-e-type=\"widget\" data-widget_type=\"text-editor.default\">\n\t\t\t\t<div class=\"elementor-widget-container\">\n\t\t\t\t\t\t\t\t\t<!DOCTYPE html>\n<html lang=\"cs\">\n<head>\n    <meta charset=\"UTF-8\">\n    <meta name=\"viewport\" content=\"width=device-width, initial-scale=1.0\">\n    <title>Cum s\u0103 Faci Cump\u0103r\u0103turi<\/title>\n<\/head>\n<body>\n    <h2>Cum s\u0103 Faci Cump\u0103r\u0103turi<\/h2>\n    <p>\u00cen aceast\u0103 sec\u021biune, ve\u021bi g\u0103si informa\u021bii detaliate despre cum s\u0103 face\u021bi cump\u0103r\u0103turi \u00een magazinul nostru online [Numele companiei dvs.].<\/p>\n    \n    <h4>Selectarea Produselor<\/h4>\n    <p>R\u0103sfoi\u021bi oferta noastr\u0103 prin categorii sau cu ajutorul c\u0103su\u021bei de c\u0103utare. F\u0103c\u00e2nd clic pe un produs, ve\u021bi afi\u0219a detaliile acestuia, inclusiv descrierea, specifica\u021biile \u0219i recenziile clien\u021bilor.<\/p>\n    \n    <h4>Ad\u0103ugare \u00een Co\u0219<\/h4>\n    <p>Odat\u0103 ce a\u021bi g\u0103sit un produs pe care dori\u021bi s\u0103-l cump\u0103ra\u021bi, selecta\u021bi cantitatea dorit\u0103 \u0219i orice variante (de exemplu, dimensiune, culoare), apoi face\u021bi clic pe butonul &#8222;Adaug\u0103 \u00een Co\u0219&#8221;. Produsul va fi ad\u0103ugat \u00een co\u0219ul dvs. de cump\u0103r\u0103turi virtual.<\/p>\n    \n    <h4>Co\u0219 de Cump\u0103r\u0103turi<\/h4>\n    <p>Pute\u021bi accesa co\u0219ul de cump\u0103r\u0103turi \u00een orice moment f\u0103c\u00e2nd clic pe iconi\u021ba co\u0219ului din col\u021bul drept superior al paginii. Aici pute\u021bi schimba cantitatea de produse, elimina articole sau continua s\u0103 pl\u0103ti\u021bi dac\u0103 sunte\u021bi gata s\u0103 finaliza\u021bi achizi\u021bia.<\/p>\n    \n    <h4>Casa de Marcat<\/h4>\n    <p>La casa de marcat, vi se va solicita s\u0103 introduce\u021bi detaliile de livrare \u0219i s\u0103 selecta\u021bi o metod\u0103 de expediere \u0219i de plat\u0103. Asigura\u021bi-v\u0103 c\u0103 toate detaliile sunt corecte \u0219i complete pentru a evita orice \u00eent\u00e2rziere \u00een procesarea comenzii dvs.<\/p>\n    \n    <h4>Metoda de Plat\u0103<\/h4>\n    <p>Oferta noastr\u0103 include diferite metode de plat\u0103, inclusiv pl\u0103\u021bi cu cardul de credit, transfer bancar \u0219i alte metode. Alege\u021bi cea care v\u0103 convine cel mai bine.<\/p>\n    \n    <h4>Confirmarea Comenzii<\/h4>\n    <p>Dup\u0103 finalizarea procesului de comand\u0103, ve\u021bi primi un email de confirmare cu detalii despre comanda dvs. P\u0103stra\u021bi acest email pentru orice \u00eentreb\u0103ri sau reclama\u021bii.<\/p>\n    \n    <h4>Expediere \u0219i Livrare<\/h4>\n    <p>Informa\u021biile despre expediere \u0219i termenele de livrare pot fi g\u0103site \u00een sec\u021biunea [Link c\u0103tre pagina Termenilor de Expediere \u0219i Livrare].<\/p>\n    \n    <h4>Return\u0103ri \u0219i Reclama\u021bii<\/h4>\n    <p>Pentru informa\u021bii despre return\u0103ri \u0219i reclama\u021bii vizita\u021bi sec\u021biunea noastr\u0103 [Link c\u0103tre pagina de Return\u0103ri \u0219i Reclama\u021bii].<\/p>\n    \n    <h4>Contacta\u021bi-ne<\/h4>\n    <p>Dac\u0103 ave\u021bi \u00eentreb\u0103ri cu privire la procesul de cump\u0103rare, nu ezita\u021bi s\u0103 ne contacta\u021bi la: [Adresa de email de contact].<\/p>\n<\/body>\n<\/html>\t\t\t\t\t\t\t\t<\/div>\n\t\t\t\t<\/div>\n\t\t\t\t\t<\/div>\n\t\t\t\t<\/div>\n\t\t\t\t<\/div>\n\t\t","protected":false},"excerpt":{"rendered":"<p>Cum s\u0103 Faci Cump\u0103r\u0103turi Cum s\u0103 Faci Cump\u0103r\u0103turi \u00cen aceast\u0103 sec\u021biune, ve\u021bi g\u0103si informa\u021bii detaliate despre cum s\u0103 face\u021bi cump\u0103r\u0103turi \u00een magazinul nostru online [Numele companiei dvs.]. Selectarea Produselor R\u0103sfoi\u021bi oferta noastr\u0103 prin categorii sau cu ajutorul c\u0103su\u021bei de c\u0103utare. F\u0103c\u00e2nd clic pe un produs, ve\u021bi afi\u0219a detaliile acestuia, inclusiv descrierea, specifica\u021biile \u0219i recenziile clien\u021bilor. [&#8230;]\n","protected":false},"author":1,"featured_media":0,"parent":0,"menu_order":0,"comment_status":"closed","ping_status":"closed","template":"","meta":{"footnotes":""},"class_list":["post-18344","page","type-page","status-publish","hentry"],"yoast_head":"<!-- This site is optimized with the Yoast SEO plugin v27.5 - https:\/\/yoast.com\/product\/yoast-seo-wordpress\/ -->\n<title>Cum s\u0103 faci cump\u0103r\u0103turi - kamagra-official.to<\/title>\n<meta name=\"robots\" content=\"index, follow, max-snippet:-1, max-image-preview:large, max-video-preview:-1\" \/>\n<link rel=\"canonical\" href=\"https:\/\/kamagra-official.to\/how-to-shop\/\" \/>\n<meta property=\"og:locale\" content=\"ro_RO\" \/>\n<meta property=\"og:type\" content=\"article\" \/>\n<meta property=\"og:title\" content=\"Cum s\u0103 faci cump\u0103r\u0103turi - kamagra-official.to\" \/>\n<meta property=\"og:description\" content=\"Cum s\u0103 Faci Cump\u0103r\u0103turi Cum s\u0103 Faci Cump\u0103r\u0103turi \u00cen aceast\u0103 sec\u021biune, ve\u021bi g\u0103si informa\u021bii detaliate despre cum s\u0103 face\u021bi cump\u0103r\u0103turi \u00een magazinul nostru online [Numele companiei dvs.]. Selectarea Produselor R\u0103sfoi\u021bi oferta noastr\u0103 prin categorii sau cu ajutorul c\u0103su\u021bei de c\u0103utare. F\u0103c\u00e2nd clic pe un produs, ve\u021bi afi\u0219a detaliile acestuia, inclusiv descrierea, specifica\u021biile \u0219i recenziile clien\u021bilor. [...]\" \/>\n<meta property=\"og:url\" content=\"https:\/\/kamagra-official.to\/how-to-shop\/\" \/>\n<meta property=\"og:site_name\" content=\"kamagra-official.to\" \/>\n<meta property=\"article:modified_time\" content=\"2025-03-06T18:56:59+00:00\" \/>\n<meta name=\"twitter:card\" content=\"summary_large_image\" \/>\n<meta name=\"twitter:label1\" content=\"Timp estimat pentru citire\" \/>\n\t<meta name=\"twitter:data1\" content=\"2 minute\" \/>\n<script type=\"application\/ld+json\" class=\"yoast-schema-graph\">{\"@context\":\"https:\\\/\\\/schema.org\",\"@graph\":[{\"@type\":\"WebPage\",\"@id\":\"https:\\\/\\\/kamagra-official.to\\\/how-to-shop\\\/\",\"url\":\"https:\\\/\\\/kamagra-official.to\\\/how-to-shop\\\/\",\"name\":\"Cum s\u0103 faci cump\u0103r\u0103turi - kamagra-official.to\",\"isPartOf\":{\"@id\":\"https:\\\/\\\/kamagra-official.to\\\/#website\"},\"datePublished\":\"2025-02-03T11:00:32+00:00\",\"dateModified\":\"2025-03-06T18:56:59+00:00\",\"breadcrumb\":{\"@id\":\"https:\\\/\\\/kamagra-official.to\\\/how-to-shop\\\/#breadcrumb\"},\"inLanguage\":\"ro-RO\",\"potentialAction\":[{\"@type\":\"ReadAction\",\"target\":[\"https:\\\/\\\/kamagra-official.to\\\/how-to-shop\\\/\"]}]},{\"@type\":\"BreadcrumbList\",\"@id\":\"https:\\\/\\\/kamagra-official.to\\\/how-to-shop\\\/#breadcrumb\",\"itemListElement\":[{\"@type\":\"ListItem\",\"position\":1,\"name\":\"Home\",\"item\":\"https:\\\/\\\/kamagra-official.to\\\/nl\\\/\"},{\"@type\":\"ListItem\",\"position\":2,\"name\":\"Cum s\u0103 faci cump\u0103r\u0103turi\"}]},{\"@type\":\"WebSite\",\"@id\":\"https:\\\/\\\/kamagra-official.to\\\/#website\",\"url\":\"https:\\\/\\\/kamagra-official.to\\\/\",\"name\":\"kamagra-official.to\",\"description\":\"Revitalize Your Sexual Energy Across Europe\",\"publisher\":{\"@id\":\"https:\\\/\\\/kamagra-official.to\\\/#organization\"},\"potentialAction\":[{\"@type\":\"SearchAction\",\"target\":{\"@type\":\"EntryPoint\",\"urlTemplate\":\"https:\\\/\\\/kamagra-official.to\\\/?s={search_term_string}\"},\"query-input\":{\"@type\":\"PropertyValueSpecification\",\"valueRequired\":true,\"valueName\":\"search_term_string\"}}],\"inLanguage\":\"ro-RO\"},{\"@type\":\"Organization\",\"@id\":\"https:\\\/\\\/kamagra-official.to\\\/#organization\",\"name\":\"kamagra-official.to\",\"url\":\"https:\\\/\\\/kamagra-official.to\\\/\",\"logo\":{\"@type\":\"ImageObject\",\"inLanguage\":\"ro-RO\",\"@id\":\"https:\\\/\\\/kamagra-official.to\\\/#\\\/schema\\\/logo\\\/image\\\/\",\"url\":\"https:\\\/\\\/kamagra-official.to\\\/wp-content\\\/uploads\\\/2025\\\/02\\\/KAMAGRA-Photoroom-1.png\",\"contentUrl\":\"https:\\\/\\\/kamagra-official.to\\\/wp-content\\\/uploads\\\/2025\\\/02\\\/KAMAGRA-Photoroom-1.png\",\"width\":150,\"height\":153,\"caption\":\"kamagra-official.to\"},\"image\":{\"@id\":\"https:\\\/\\\/kamagra-official.to\\\/#\\\/schema\\\/logo\\\/image\\\/\"}}]}<\/script>\n<!-- \/ Yoast SEO plugin. -->","yoast_head_json":{"title":"Cum s\u0103 faci cump\u0103r\u0103turi - kamagra-official.to","robots":{"index":"index","follow":"follow","max-snippet":"max-snippet:-1","max-image-preview":"max-image-preview:large","max-video-preview":"max-video-preview:-1"},"canonical":"https:\/\/kamagra-official.to\/how-to-shop\/","og_locale":"ro_RO","og_type":"article","og_title":"Cum s\u0103 faci cump\u0103r\u0103turi - kamagra-official.to","og_description":"Cum s\u0103 Faci Cump\u0103r\u0103turi Cum s\u0103 Faci Cump\u0103r\u0103turi \u00cen aceast\u0103 sec\u021biune, ve\u021bi g\u0103si informa\u021bii detaliate despre cum s\u0103 face\u021bi cump\u0103r\u0103turi \u00een magazinul nostru online [Numele companiei dvs.]. Selectarea Produselor R\u0103sfoi\u021bi oferta noastr\u0103 prin categorii sau cu ajutorul c\u0103su\u021bei de c\u0103utare. F\u0103c\u00e2nd clic pe un produs, ve\u021bi afi\u0219a detaliile acestuia, inclusiv descrierea, specifica\u021biile \u0219i recenziile clien\u021bilor. [...]","og_url":"https:\/\/kamagra-official.to\/how-to-shop\/","og_site_name":"kamagra-official.to","article_modified_time":"2025-03-06T18:56:59+00:00","twitter_card":"summary_large_image","twitter_misc":{"Timp estimat pentru citire":"2 minute"},"schema":{"@context":"https:\/\/schema.org","@graph":[{"@type":"WebPage","@id":"https:\/\/kamagra-official.to\/how-to-shop\/","url":"https:\/\/kamagra-official.to\/how-to-shop\/","name":"Cum s\u0103 faci cump\u0103r\u0103turi - kamagra-official.to","isPartOf":{"@id":"https:\/\/kamagra-official.to\/#website"},"datePublished":"2025-02-03T11:00:32+00:00","dateModified":"2025-03-06T18:56:59+00:00","breadcrumb":{"@id":"https:\/\/kamagra-official.to\/how-to-shop\/#breadcrumb"},"inLanguage":"ro-RO","potentialAction":[{"@type":"ReadAction","target":["https:\/\/kamagra-official.to\/how-to-shop\/"]}]},{"@type":"BreadcrumbList","@id":"https:\/\/kamagra-official.to\/how-to-shop\/#breadcrumb","itemListElement":[{"@type":"ListItem","position":1,"name":"Home","item":"https:\/\/kamagra-official.to\/nl\/"},{"@type":"ListItem","position":2,"name":"Cum s\u0103 faci cump\u0103r\u0103turi"}]},{"@type":"WebSite","@id":"https:\/\/kamagra-official.to\/#website","url":"https:\/\/kamagra-official.to\/","name":"kamagra-official.to","description":"Revitalize Your Sexual Energy Across Europe","publisher":{"@id":"https:\/\/kamagra-official.to\/#organization"},"potentialAction":[{"@type":"SearchAction","target":{"@type":"EntryPoint","urlTemplate":"https:\/\/kamagra-official.to\/?s={search_term_string}"},"query-input":{"@type":"PropertyValueSpecification","valueRequired":true,"valueName":"search_term_string"}}],"inLanguage":"ro-RO"},{"@type":"Organization","@id":"https:\/\/kamagra-official.to\/#organization","name":"kamagra-official.to","url":"https:\/\/kamagra-official.to\/","logo":{"@type":"ImageObject","inLanguage":"ro-RO","@id":"https:\/\/kamagra-official.to\/#\/schema\/logo\/image\/","url":"https:\/\/kamagra-official.to\/wp-content\/uploads\/2025\/02\/KAMAGRA-Photoroom-1.png","contentUrl":"https:\/\/kamagra-official.to\/wp-content\/uploads\/2025\/02\/KAMAGRA-Photoroom-1.png","width":150,"height":153,"caption":"kamagra-official.to"},"image":{"@id":"https:\/\/kamagra-official.to\/#\/schema\/logo\/image\/"}}]}},"_links":{"self":[{"href":"https:\/\/kamagra-official.to\/ro\/wp-json\/wp\/v2\/pages\/18344","targetHints":{"allow":["GET"]}}],"collection":[{"href":"https:\/\/kamagra-official.to\/ro\/wp-json\/wp\/v2\/pages"}],"about":[{"href":"https:\/\/kamagra-official.to\/ro\/wp-json\/wp\/v2\/types\/page"}],"author":[{"embeddable":true,"href":"https:\/\/kamagra-official.to\/ro\/wp-json\/wp\/v2\/users\/1"}],"replies":[{"embeddable":true,"href":"https:\/\/kamagra-official.to\/ro\/wp-json\/wp\/v2\/comments?post=18344"}],"version-history":[{"count":4,"href":"https:\/\/kamagra-official.to\/ro\/wp-json\/wp\/v2\/pages\/18344\/revisions"}],"predecessor-version":[{"id":20462,"href":"https:\/\/kamagra-official.to\/ro\/wp-json\/wp\/v2\/pages\/18344\/revisions\/20462"}],"wp:attachment":[{"href":"https:\/\/kamagra-official.to\/ro\/wp-json\/wp\/v2\/media?parent=18344"}],"curies":[{"name":"wp","href":"https:\/\/api.w.org\/{rel}","templated":true}]}}