{"id":17756,"date":"2025-02-03T10:59:45","date_gmt":"2025-02-03T10:59:45","guid":{"rendered":"https:\/\/world-shop.info\/transport-si-plata\/"},"modified":"2025-02-11T15:26:54","modified_gmt":"2025-02-11T15:26:54","slug":"transport-si-plata","status":"publish","type":"page","link":"https:\/\/kamagra-official.to\/ro\/transport-si-plata\/","title":{"rendered":"Transport \u0219i plat\u0103"},"content":{"rendered":"\t\t<div data-elementor-type=\"wp-page\" data-elementor-id=\"17756\" class=\"elementor elementor-17756 elementor-17387\" data-elementor-post-type=\"page\">\n\t\t\t\t<div class=\"elementor-element elementor-element-e5b1460 e-flex e-con-boxed e-con e-parent\" data-id=\"e5b1460\" data-element_type=\"container\" data-e-type=\"container\">\n\t\t\t\t\t<div class=\"e-con-inner\">\n\t\t\t\t<div class=\"elementor-element elementor-element-ca36751 elementor-widget elementor-widget-spacer\" data-id=\"ca36751\" data-element_type=\"widget\" data-e-type=\"widget\" data-widget_type=\"spacer.default\">\n\t\t\t\t<div class=\"elementor-widget-container\">\n\t\t\t\t\t\t\t<div class=\"elementor-spacer\">\n\t\t\t<div class=\"elementor-spacer-inner\"><\/div>\n\t\t<\/div>\n\t\t\t\t\t\t<\/div>\n\t\t\t\t<\/div>\n\t\t\t\t\t<\/div>\n\t\t\t\t<\/div>\n\t\t<div class=\"elementor-element elementor-element-f84ae7d e-flex e-con-boxed e-con e-parent\" data-id=\"f84ae7d\" data-element_type=\"container\" data-e-type=\"container\">\n\t\t\t\t\t<div class=\"e-con-inner\">\n\t\t\t\t<div class=\"elementor-element elementor-element-9adf117 elementor-widget elementor-widget-text-editor\" data-id=\"9adf117\" data-element_type=\"widget\" data-e-type=\"widget\" data-widget_type=\"text-editor.default\">\n\t\t\t\t<div class=\"elementor-widget-container\">\n\t\t\t\t\t\t\t\t\t<!DOCTYPE html>\n<html lang=\"ro\">\n<head>\n    <meta charset=\"UTF-8\">\n    <meta name=\"viewport\" content=\"width=device-width, initial-scale=1.0\">\n    <title>Livrare cu plata la livrare<\/title>\n<\/head>\n<body>\n    <h2>Livrare cu plata la livrare<\/h2>\n    <p>Aceast\u0103 sec\u021biune ofer\u0103 informa\u021bii despre op\u021biunea de livrare cu plata la livrare atunci c\u00e2nd cump\u0103ra\u021bi de la magazinul nostru [Numele companiei dvs.].<\/p>\n    \n    <h4>Op\u021biunea de livrare cu plata la livrare<\/h4>\n    <p>Plata la livrare este o modalitate convenabil\u0103 de a pl\u0103ti pentru produsele comandate la livrare. Acest serviciu este disponibil prin intermediul serviciului de curierat.<\/p>\n    \n    <h4>Cum func\u021bioneaz\u0103 plata la livrare<\/h4>\n    <p>Dup\u0103 finalizarea comenzii \u0219i alegerea pl\u0103\u021bii la livrare ca metod\u0103 de plat\u0103, vom preg\u0103ti \u0219i vom trimite coletul dvs. La livrarea produselor, pl\u0103ti\u021bi curierului \u00een numerar sau cu cardul, \u00een func\u021bie de preferin\u021bele dvs.<\/p>\n    \n    <h4>Termene de livrare<\/h4>\n    <p>Timpul de livrare pentru plata la livrare este de obicei \u00eentre 2-5 zile lucr\u0103toare, \u00een func\u021bie de loca\u021bia dvs.<\/p>\n   \n    <h4>Beneficiile pl\u0103\u021bii la livrare<\/h4>\n    <ul>\n        <li><strong>Confort<\/strong> &#8211; Pl\u0103ti\u021bi la primirea produselor.<\/li>\n        <li><strong>Siguran\u021b\u0103<\/strong> &#8211; Nu trebuie s\u0103 furniza\u021bi datele de plat\u0103 online.<\/li>\n        <li><strong>Flexibilitate<\/strong> &#8211; Ofer\u0103 op\u021biunea de a pl\u0103ti \u00een numerar sau cu cardul la livrare.<\/li>\n    <\/ul>\n    \n    <h4>Contacta\u021bi-ne<\/h4>\n    <p>Dac\u0103 ave\u021bi orice \u00eentreb\u0103ri privind livrarea cu plata la livrare, nu ezita\u021bi s\u0103 ne contacta\u021bi la: [E-mail de contact].<\/p>\n<\/body>\n<\/html>\t\t\t\t\t\t\t\t<\/div>\n\t\t\t\t<\/div>\n\t\t\t\t\t<\/div>\n\t\t\t\t<\/div>\n\t\t\t\t<\/div>\n\t\t","protected":false},"excerpt":{"rendered":"<p>Livrare cu plata la livrare Livrare cu plata la livrare Aceast\u0103 sec\u021biune ofer\u0103 informa\u021bii despre op\u021biunea de livrare cu plata la livrare atunci c\u00e2nd cump\u0103ra\u021bi de la magazinul nostru [Numele companiei dvs.]. Op\u021biunea de livrare cu plata la livrare Plata la livrare este o modalitate convenabil\u0103 de a pl\u0103ti pentru produsele comandate la livrare. Acest [&#8230;]\n","protected":false},"author":1,"featured_media":0,"parent":0,"menu_order":0,"comment_status":"closed","ping_status":"closed","template":"","meta":{"footnotes":""},"class_list":["post-17756","page","type-page","status-publish","hentry"],"yoast_head":"<!-- This site is optimized with the Yoast SEO plugin v27.5 - https:\/\/yoast.com\/product\/yoast-seo-wordpress\/ -->\n<title>Transport \u0219i plat\u0103 - kamagra-official.to<\/title>\n<meta name=\"robots\" content=\"index, follow, max-snippet:-1, max-image-preview:large, max-video-preview:-1\" \/>\n<link rel=\"canonical\" href=\"https:\/\/kamagra-official.to\/shipping-and-payment\/\" \/>\n<meta property=\"og:locale\" content=\"ro_RO\" \/>\n<meta property=\"og:type\" content=\"article\" \/>\n<meta property=\"og:title\" content=\"Transport \u0219i plat\u0103 - kamagra-official.to\" \/>\n<meta property=\"og:description\" content=\"Livrare cu plata la livrare Livrare cu plata la livrare Aceast\u0103 sec\u021biune ofer\u0103 informa\u021bii despre op\u021biunea de livrare cu plata la livrare atunci c\u00e2nd cump\u0103ra\u021bi de la magazinul nostru [Numele companiei dvs.]. Op\u021biunea de livrare cu plata la livrare Plata la livrare este o modalitate convenabil\u0103 de a pl\u0103ti pentru produsele comandate la livrare. Acest [...]\" \/>\n<meta property=\"og:url\" content=\"https:\/\/kamagra-official.to\/shipping-and-payment\/\" \/>\n<meta property=\"og:site_name\" content=\"kamagra-official.to\" \/>\n<meta property=\"article:modified_time\" content=\"2025-02-11T15:26:54+00:00\" \/>\n<meta name=\"twitter:card\" content=\"summary_large_image\" \/>\n<meta name=\"twitter:label1\" content=\"Timp estimat pentru citire\" \/>\n\t<meta name=\"twitter:data1\" content=\"1 minut\" \/>\n<script type=\"application\/ld+json\" class=\"yoast-schema-graph\">{\"@context\":\"https:\\\/\\\/schema.org\",\"@graph\":[{\"@type\":\"WebPage\",\"@id\":\"https:\\\/\\\/kamagra-official.to\\\/shipping-and-payment\\\/\",\"url\":\"https:\\\/\\\/kamagra-official.to\\\/shipping-and-payment\\\/\",\"name\":\"Transport \u0219i plat\u0103 - kamagra-official.to\",\"isPartOf\":{\"@id\":\"https:\\\/\\\/kamagra-official.to\\\/#website\"},\"datePublished\":\"2025-02-03T10:59:45+00:00\",\"dateModified\":\"2025-02-11T15:26:54+00:00\",\"breadcrumb\":{\"@id\":\"https:\\\/\\\/kamagra-official.to\\\/shipping-and-payment\\\/#breadcrumb\"},\"inLanguage\":\"ro-RO\",\"potentialAction\":[{\"@type\":\"ReadAction\",\"target\":[\"https:\\\/\\\/kamagra-official.to\\\/shipping-and-payment\\\/\"]}]},{\"@type\":\"BreadcrumbList\",\"@id\":\"https:\\\/\\\/kamagra-official.to\\\/shipping-and-payment\\\/#breadcrumb\",\"itemListElement\":[{\"@type\":\"ListItem\",\"position\":1,\"name\":\"Home\",\"item\":\"https:\\\/\\\/kamagra-official.to\\\/nl\\\/\"},{\"@type\":\"ListItem\",\"position\":2,\"name\":\"Transport \u0219i plat\u0103\"}]},{\"@type\":\"WebSite\",\"@id\":\"https:\\\/\\\/kamagra-official.to\\\/#website\",\"url\":\"https:\\\/\\\/kamagra-official.to\\\/\",\"name\":\"kamagra-official.to\",\"description\":\"Revitalize Your Sexual Energy Across Europe\",\"publisher\":{\"@id\":\"https:\\\/\\\/kamagra-official.to\\\/#organization\"},\"potentialAction\":[{\"@type\":\"SearchAction\",\"target\":{\"@type\":\"EntryPoint\",\"urlTemplate\":\"https:\\\/\\\/kamagra-official.to\\\/?s={search_term_string}\"},\"query-input\":{\"@type\":\"PropertyValueSpecification\",\"valueRequired\":true,\"valueName\":\"search_term_string\"}}],\"inLanguage\":\"ro-RO\"},{\"@type\":\"Organization\",\"@id\":\"https:\\\/\\\/kamagra-official.to\\\/#organization\",\"name\":\"kamagra-official.to\",\"url\":\"https:\\\/\\\/kamagra-official.to\\\/\",\"logo\":{\"@type\":\"ImageObject\",\"inLanguage\":\"ro-RO\",\"@id\":\"https:\\\/\\\/kamagra-official.to\\\/#\\\/schema\\\/logo\\\/image\\\/\",\"url\":\"https:\\\/\\\/kamagra-official.to\\\/wp-content\\\/uploads\\\/2025\\\/02\\\/KAMAGRA-Photoroom-1.png\",\"contentUrl\":\"https:\\\/\\\/kamagra-official.to\\\/wp-content\\\/uploads\\\/2025\\\/02\\\/KAMAGRA-Photoroom-1.png\",\"width\":150,\"height\":153,\"caption\":\"kamagra-official.to\"},\"image\":{\"@id\":\"https:\\\/\\\/kamagra-official.to\\\/#\\\/schema\\\/logo\\\/image\\\/\"}}]}<\/script>\n<!-- \/ Yoast SEO plugin. -->","yoast_head_json":{"title":"Transport \u0219i plat\u0103 - kamagra-official.to","robots":{"index":"index","follow":"follow","max-snippet":"max-snippet:-1","max-image-preview":"max-image-preview:large","max-video-preview":"max-video-preview:-1"},"canonical":"https:\/\/kamagra-official.to\/shipping-and-payment\/","og_locale":"ro_RO","og_type":"article","og_title":"Transport \u0219i plat\u0103 - kamagra-official.to","og_description":"Livrare cu plata la livrare Livrare cu plata la livrare Aceast\u0103 sec\u021biune ofer\u0103 informa\u021bii despre op\u021biunea de livrare cu plata la livrare atunci c\u00e2nd cump\u0103ra\u021bi de la magazinul nostru [Numele companiei dvs.]. Op\u021biunea de livrare cu plata la livrare Plata la livrare este o modalitate convenabil\u0103 de a pl\u0103ti pentru produsele comandate la livrare. Acest [...]","og_url":"https:\/\/kamagra-official.to\/shipping-and-payment\/","og_site_name":"kamagra-official.to","article_modified_time":"2025-02-11T15:26:54+00:00","twitter_card":"summary_large_image","twitter_misc":{"Timp estimat pentru citire":"1 minut"},"schema":{"@context":"https:\/\/schema.org","@graph":[{"@type":"WebPage","@id":"https:\/\/kamagra-official.to\/shipping-and-payment\/","url":"https:\/\/kamagra-official.to\/shipping-and-payment\/","name":"Transport \u0219i plat\u0103 - kamagra-official.to","isPartOf":{"@id":"https:\/\/kamagra-official.to\/#website"},"datePublished":"2025-02-03T10:59:45+00:00","dateModified":"2025-02-11T15:26:54+00:00","breadcrumb":{"@id":"https:\/\/kamagra-official.to\/shipping-and-payment\/#breadcrumb"},"inLanguage":"ro-RO","potentialAction":[{"@type":"ReadAction","target":["https:\/\/kamagra-official.to\/shipping-and-payment\/"]}]},{"@type":"BreadcrumbList","@id":"https:\/\/kamagra-official.to\/shipping-and-payment\/#breadcrumb","itemListElement":[{"@type":"ListItem","position":1,"name":"Home","item":"https:\/\/kamagra-official.to\/nl\/"},{"@type":"ListItem","position":2,"name":"Transport \u0219i plat\u0103"}]},{"@type":"WebSite","@id":"https:\/\/kamagra-official.to\/#website","url":"https:\/\/kamagra-official.to\/","name":"kamagra-official.to","description":"Revitalize Your Sexual Energy Across Europe","publisher":{"@id":"https:\/\/kamagra-official.to\/#organization"},"potentialAction":[{"@type":"SearchAction","target":{"@type":"EntryPoint","urlTemplate":"https:\/\/kamagra-official.to\/?s={search_term_string}"},"query-input":{"@type":"PropertyValueSpecification","valueRequired":true,"valueName":"search_term_string"}}],"inLanguage":"ro-RO"},{"@type":"Organization","@id":"https:\/\/kamagra-official.to\/#organization","name":"kamagra-official.to","url":"https:\/\/kamagra-official.to\/","logo":{"@type":"ImageObject","inLanguage":"ro-RO","@id":"https:\/\/kamagra-official.to\/#\/schema\/logo\/image\/","url":"https:\/\/kamagra-official.to\/wp-content\/uploads\/2025\/02\/KAMAGRA-Photoroom-1.png","contentUrl":"https:\/\/kamagra-official.to\/wp-content\/uploads\/2025\/02\/KAMAGRA-Photoroom-1.png","width":150,"height":153,"caption":"kamagra-official.to"},"image":{"@id":"https:\/\/kamagra-official.to\/#\/schema\/logo\/image\/"}}]}},"_links":{"self":[{"href":"https:\/\/kamagra-official.to\/ro\/wp-json\/wp\/v2\/pages\/17756","targetHints":{"allow":["GET"]}}],"collection":[{"href":"https:\/\/kamagra-official.to\/ro\/wp-json\/wp\/v2\/pages"}],"about":[{"href":"https:\/\/kamagra-official.to\/ro\/wp-json\/wp\/v2\/types\/page"}],"author":[{"embeddable":true,"href":"https:\/\/kamagra-official.to\/ro\/wp-json\/wp\/v2\/users\/1"}],"replies":[{"embeddable":true,"href":"https:\/\/kamagra-official.to\/ro\/wp-json\/wp\/v2\/comments?post=17756"}],"version-history":[{"count":3,"href":"https:\/\/kamagra-official.to\/ro\/wp-json\/wp\/v2\/pages\/17756\/revisions"}],"predecessor-version":[{"id":18458,"href":"https:\/\/kamagra-official.to\/ro\/wp-json\/wp\/v2\/pages\/17756\/revisions\/18458"}],"wp:attachment":[{"href":"https:\/\/kamagra-official.to\/ro\/wp-json\/wp\/v2\/media?parent=17756"}],"curies":[{"name":"wp","href":"https:\/\/api.w.org\/{rel}","templated":true}]}}