{"id":24701,"date":"2024-12-24T00:38:56","date_gmt":"2024-12-24T00:38:56","guid":{"rendered":"https:\/\/kamagra-official.to\/product\/sildalist-120mg\/"},"modified":"2025-10-02T19:21:50","modified_gmt":"2025-10-02T19:21:50","slug":"sildalist-120mg","status":"publish","type":"product","link":"https:\/\/kamagra-official.to\/pt-pt\/product\/sildalist-120mg\/","title":{"rendered":"Sildalist 120mg"},"content":{"rendered":"<h3><strong>Sildalist 120mg &#8211; Dupla pot\u00eancia para ere\u00e7\u00f5es fi\u00e1veis e duradouras!<\/strong><\/h3>\n<p>O Sildalist combina dois potentes ingredientes ativos: <strong>100 mg de citrato de sildenafil<\/strong> e <strong>20 mg de tadalafil<\/strong>. Esta f\u00f3rmula de dupla a\u00e7\u00e3o maximiza o fluxo sangu\u00edneo para o p\u00e9nis, suportando uma ere\u00e7\u00e3o forte e duradoura e um desempenho sexual satisfat\u00f3rio.<\/p>\n<p>Gra\u00e7as a esta combina\u00e7\u00e3o \u00fanica, desfrutar\u00e1 de experi\u00eancias \u00edntimas mais longas e mais intensas sem se preocupar em perder a sua ere\u00e7\u00e3o. O Sildalist permite-lhe ser um amante que o seu parceiro nunca esquecer\u00e1!<\/p>\n<hr \/>\n<h3><strong>Benef\u00edcios do Sildalist<\/strong><\/h3>\n<ul>\n<li><strong>Dupla a\u00e7\u00e3o:<\/strong> Ere\u00e7\u00f5es poderosas e duradouras e maior satisfa\u00e7\u00e3o para uma intimidade inesquec\u00edvel.<\/li>\n<li><strong>Efic\u00e1cia comprovada:<\/strong> 100 mg de sildenafil e 20 mg de tadalafil trabalham em conjunto para um suporte abrangente contra a disfun\u00e7\u00e3o er\u00e9til.<\/li>\n<li><strong>Efeito prolongado:<\/strong> At\u00e9 12 horas de efic\u00e1cia para um m\u00e1ximo de prazer.<\/li>\n<\/ul>\n<hr \/>\n<h3><strong>Posologia Recomendada<\/strong><\/h3>\n<p>Comece com meio comprimido de Sildalist. Se o efeito n\u00e3o for suficiente, aumente para um comprimido completo. N\u00e3o exceda um comprimido por dia. Tomar com bastante \u00e1gua.<\/p>\n<hr \/>\n<h3><strong>In\u00edcio do Efeito<\/strong><\/h3>\n<p>O Sildalist normalmente come\u00e7a a fazer efeito dentro de 30 a 60 minutos e pode durar at\u00e9 12 horas. Lembre-se que o Sildalist n\u00e3o \u00e9 um afrodis\u00edaco \u2014 a estimula\u00e7\u00e3o sexual \u00e9 necess\u00e1ria para que funcione.<\/p>\n<hr \/>\n<h3><strong>Sildalist e \u00c1lcool<\/strong><\/h3>\n<p>\u00c9 melhor evitar o \u00e1lcool enquanto toma Sildalist, pois pode reduzir a efic\u00e1cia. Da mesma forma, refei\u00e7\u00f5es pesadas e gordurosas podem atrasar o in\u00edcio do efeito.<\/p>\n<hr \/>\n<h3><strong>Intera\u00e7\u00f5es com Outros Medicamentos<\/strong><\/h3>\n<p>Se estiver a tomar outros medicamentos, especialmente:<\/p>\n<ul>\n<li>Cimetidina,<\/li>\n<li>Cetoconazol,<\/li>\n<li>Eritromicina,<\/li>\n<\/ul>\n<p>considere a possibilidade de consultar o seu m\u00e9dico antes de usar Sildalist. Algumas combina\u00e7\u00f5es podem diminuir a efic\u00e1cia ou aumentar os efeitos secund\u00e1rios.<\/p>\n<hr \/>\n<h3><strong>Efeitos Secund\u00e1rios e Rea\u00e7\u00f5es Al\u00e9rgicas<\/strong><\/h3>\n<p>Os efeitos secund\u00e1rios s\u00e3o geralmente leves e tempor\u00e1rios.<\/p>\n<p><strong>Efeitos secund\u00e1rios mais comuns:<\/strong><\/p>\n<ul>\n<li>Vermelhid\u00e3o,<\/li>\n<li>Dor de cabe\u00e7a.<\/li>\n<\/ul>\n<p><strong>Efeitos secund\u00e1rios menos comuns:<\/strong><\/p>\n<ul>\n<li>Tonturas,<\/li>\n<li>Vis\u00e3o turva,<\/li>\n<li>Dores musculares,<\/li>\n<li>N\u00e1useas,<\/li>\n<li>Erup\u00e7\u00f5es cut\u00e2neas,<\/li>\n<li>Congest\u00e3o nasal.<\/li>\n<\/ul>\n<p>Se tiver efeitos secund\u00e1rios graves ou persistentes, procure atendimento m\u00e9dico imediatamente.<\/p>\n<hr \/>\n<h3><strong>Quando n\u00e3o usar Sildalist?<\/strong><\/h3>\n<p>N\u00e3o tome Sildalist se:<\/p>\n<ul>\n<li>Utilizar nitratos (para dor no peito ou angina pectoris).<\/li>\n<li>Teve um ataque card\u00edaco, AVC, ou insufici\u00eancia card\u00edaca nos \u00faltimos 6 meses.<\/li>\n<li>Tiver problemas com press\u00e3o arterial ou coagula\u00e7\u00e3o.<\/li>\n<li>\u00c9 al\u00e9rgico ao sildenafil ou tadalafil \u2014 os ingredientes ativos do Sildalist.<\/li>\n<\/ul>\n<hr \/>\n<h3><strong>Armazenamento<\/strong><\/h3>\n<p>Guarde o Sildalist na embalagem original, fora do alcance das crian\u00e7as. Mantenha a 10-30\u00b0C num local seco e escuro, longe da luz solar direta.<\/p>\n","protected":false},"excerpt":{"rendered":"<p><strong>100 mg de Sildenafil + 20 mg de Tadalafil<\/strong><\/p>\n<p>Este pacote cont\u00e9m 6 comprimidos, cada um oferecendo uma f\u00f3rmula duplamente poderosa com 100 mg de sildenafil e 20 mg de tadalafil. Ideal para homens que desejam resultados duradouros e confi\u00e1veis, esses comprimidos oferecem ere\u00e7\u00f5es fortes e duradouras e resist\u00eancia sexual aprimorada \u2014 para que voc\u00ea possa desfrutar da intimidade com total confian\u00e7a.<\/p>\n","protected":false},"featured_media":24046,"template":"","meta":[],"product_brand":[],"product_cat":[123],"product_tag":[],"class_list":{"0":"post-24701","1":"product","2":"type-product","3":"status-publish","4":"has-post-thumbnail","6":"product_cat-cialis-generico","8":"first","9":"instock","10":"shipping-taxable","11":"purchasable","12":"product-type-simple"},"yoast_head":"<!-- This site is optimized with the Yoast SEO plugin v27.5 - https:\/\/yoast.com\/product\/yoast-seo-wordpress\/ -->\n<title>Sildalist 120mg - kamagra-official.to<\/title>\n<meta name=\"robots\" content=\"index, follow, max-snippet:-1, max-image-preview:large, max-video-preview:-1\" \/>\n<link rel=\"canonical\" href=\"https:\/\/kamagra-official.to\/pt-pt\/product\/sildalist-120mg\/\" \/>\n<meta property=\"og:locale\" content=\"pt_PT\" \/>\n<meta property=\"og:type\" content=\"article\" \/>\n<meta property=\"og:title\" content=\"Sildalist 120mg - kamagra-official.to\" \/>\n<meta property=\"og:description\" content=\"100 mg de Sildenafil + 20 mg de Tadalafil Este pacote cont\u00e9m 6 comprimidos, cada um oferecendo uma f\u00f3rmula duplamente poderosa com 100 mg de sildenafil e 20 mg de tadalafil. Ideal para homens que desejam resultados duradouros e confi\u00e1veis, esses comprimidos oferecem ere\u00e7\u00f5es fortes e duradouras e resist\u00eancia sexual aprimorada \u2014 para que voc\u00ea possa desfrutar da intimidade com total confian\u00e7a.\" \/>\n<meta property=\"og:url\" content=\"https:\/\/kamagra-official.to\/pt-pt\/product\/sildalist-120mg\/\" \/>\n<meta property=\"og:site_name\" content=\"kamagra-official.to\" \/>\n<meta property=\"article:modified_time\" content=\"2025-10-02T19:21:50+00:00\" \/>\n<meta property=\"og:image\" content=\"https:\/\/kamagra-official.to\/wp-content\/uploads\/2025\/09\/sildalist-2.jpg\" \/>\n\t<meta property=\"og:image:width\" content=\"1200\" \/>\n\t<meta property=\"og:image:height\" content=\"1200\" \/>\n\t<meta property=\"og:image:type\" content=\"image\/jpeg\" \/>\n<meta name=\"twitter:card\" content=\"summary_large_image\" \/>\n<meta name=\"twitter:label1\" content=\"Tempo estimado de leitura\" \/>\n\t<meta name=\"twitter:data1\" content=\"2 minutos\" \/>\n<script type=\"application\/ld+json\" class=\"yoast-schema-graph\">{\"@context\":\"https:\\\/\\\/schema.org\",\"@graph\":[{\"@type\":\"WebPage\",\"@id\":\"https:\\\/\\\/kamagra-official.to\\\/pt-pt\\\/product\\\/sildalist-120mg\\\/\",\"url\":\"https:\\\/\\\/kamagra-official.to\\\/pt-pt\\\/product\\\/sildalist-120mg\\\/\",\"name\":\"Sildalist 120mg - kamagra-official.to\",\"isPartOf\":{\"@id\":\"https:\\\/\\\/kamagra-official.to\\\/#website\"},\"primaryImageOfPage\":{\"@id\":\"https:\\\/\\\/kamagra-official.to\\\/pt-pt\\\/product\\\/sildalist-120mg\\\/#primaryimage\"},\"image\":{\"@id\":\"https:\\\/\\\/kamagra-official.to\\\/pt-pt\\\/product\\\/sildalist-120mg\\\/#primaryimage\"},\"thumbnailUrl\":\"https:\\\/\\\/kamagra-official.to\\\/wp-content\\\/uploads\\\/2025\\\/09\\\/sildalist-2.jpg\",\"datePublished\":\"2024-12-24T00:38:56+00:00\",\"dateModified\":\"2025-10-02T19:21:50+00:00\",\"breadcrumb\":{\"@id\":\"https:\\\/\\\/kamagra-official.to\\\/pt-pt\\\/product\\\/sildalist-120mg\\\/#breadcrumb\"},\"inLanguage\":\"pt-PT\",\"potentialAction\":[{\"@type\":\"ReadAction\",\"target\":[\"https:\\\/\\\/kamagra-official.to\\\/pt-pt\\\/product\\\/sildalist-120mg\\\/\"]}]},{\"@type\":\"ImageObject\",\"inLanguage\":\"pt-PT\",\"@id\":\"https:\\\/\\\/kamagra-official.to\\\/pt-pt\\\/product\\\/sildalist-120mg\\\/#primaryimage\",\"url\":\"https:\\\/\\\/kamagra-official.to\\\/wp-content\\\/uploads\\\/2025\\\/09\\\/sildalist-2.jpg\",\"contentUrl\":\"https:\\\/\\\/kamagra-official.to\\\/wp-content\\\/uploads\\\/2025\\\/09\\\/sildalist-2.jpg\",\"width\":1200,\"height\":1200},{\"@type\":\"BreadcrumbList\",\"@id\":\"https:\\\/\\\/kamagra-official.to\\\/pt-pt\\\/product\\\/sildalist-120mg\\\/#breadcrumb\",\"itemListElement\":[{\"@type\":\"ListItem\",\"position\":1,\"name\":\"Home\",\"item\":\"https:\\\/\\\/kamagra-official.to\\\/nl\\\/\"},{\"@type\":\"ListItem\",\"position\":2,\"name\":\"Shop\",\"item\":\"https:\\\/\\\/kamagra-official.to\\\/shop\\\/\"},{\"@type\":\"ListItem\",\"position\":3,\"name\":\"Sildalist 120mg\"}]},{\"@type\":\"WebSite\",\"@id\":\"https:\\\/\\\/kamagra-official.to\\\/#website\",\"url\":\"https:\\\/\\\/kamagra-official.to\\\/\",\"name\":\"kamagra-official.to\",\"description\":\"Revitalize Your Sexual Energy Across Europe\",\"publisher\":{\"@id\":\"https:\\\/\\\/kamagra-official.to\\\/#organization\"},\"potentialAction\":[{\"@type\":\"SearchAction\",\"target\":{\"@type\":\"EntryPoint\",\"urlTemplate\":\"https:\\\/\\\/kamagra-official.to\\\/?s={search_term_string}\"},\"query-input\":{\"@type\":\"PropertyValueSpecification\",\"valueRequired\":true,\"valueName\":\"search_term_string\"}}],\"inLanguage\":\"pt-PT\"},{\"@type\":\"Organization\",\"@id\":\"https:\\\/\\\/kamagra-official.to\\\/#organization\",\"name\":\"kamagra-official.to\",\"url\":\"https:\\\/\\\/kamagra-official.to\\\/\",\"logo\":{\"@type\":\"ImageObject\",\"inLanguage\":\"pt-PT\",\"@id\":\"https:\\\/\\\/kamagra-official.to\\\/#\\\/schema\\\/logo\\\/image\\\/\",\"url\":\"https:\\\/\\\/kamagra-official.to\\\/wp-content\\\/uploads\\\/2025\\\/02\\\/KAMAGRA-Photoroom-1.png\",\"contentUrl\":\"https:\\\/\\\/kamagra-official.to\\\/wp-content\\\/uploads\\\/2025\\\/02\\\/KAMAGRA-Photoroom-1.png\",\"width\":150,\"height\":153,\"caption\":\"kamagra-official.to\"},\"image\":{\"@id\":\"https:\\\/\\\/kamagra-official.to\\\/#\\\/schema\\\/logo\\\/image\\\/\"}}]}<\/script>\n<!-- \/ Yoast SEO plugin. -->","yoast_head_json":{"title":"Sildalist 120mg - kamagra-official.to","robots":{"index":"index","follow":"follow","max-snippet":"max-snippet:-1","max-image-preview":"max-image-preview:large","max-video-preview":"max-video-preview:-1"},"canonical":"https:\/\/kamagra-official.to\/pt-pt\/product\/sildalist-120mg\/","og_locale":"pt_PT","og_type":"article","og_title":"Sildalist 120mg - kamagra-official.to","og_description":"100 mg de Sildenafil + 20 mg de Tadalafil Este pacote cont\u00e9m 6 comprimidos, cada um oferecendo uma f\u00f3rmula duplamente poderosa com 100 mg de sildenafil e 20 mg de tadalafil. Ideal para homens que desejam resultados duradouros e confi\u00e1veis, esses comprimidos oferecem ere\u00e7\u00f5es fortes e duradouras e resist\u00eancia sexual aprimorada \u2014 para que voc\u00ea possa desfrutar da intimidade com total confian\u00e7a.","og_url":"https:\/\/kamagra-official.to\/pt-pt\/product\/sildalist-120mg\/","og_site_name":"kamagra-official.to","article_modified_time":"2025-10-02T19:21:50+00:00","og_image":[{"width":1200,"height":1200,"url":"https:\/\/kamagra-official.to\/wp-content\/uploads\/2025\/09\/sildalist-2.jpg","type":"image\/jpeg"}],"twitter_card":"summary_large_image","twitter_misc":{"Tempo estimado de leitura":"2 minutos"},"schema":{"@context":"https:\/\/schema.org","@graph":[{"@type":"WebPage","@id":"https:\/\/kamagra-official.to\/pt-pt\/product\/sildalist-120mg\/","url":"https:\/\/kamagra-official.to\/pt-pt\/product\/sildalist-120mg\/","name":"Sildalist 120mg - kamagra-official.to","isPartOf":{"@id":"https:\/\/kamagra-official.to\/#website"},"primaryImageOfPage":{"@id":"https:\/\/kamagra-official.to\/pt-pt\/product\/sildalist-120mg\/#primaryimage"},"image":{"@id":"https:\/\/kamagra-official.to\/pt-pt\/product\/sildalist-120mg\/#primaryimage"},"thumbnailUrl":"https:\/\/kamagra-official.to\/wp-content\/uploads\/2025\/09\/sildalist-2.jpg","datePublished":"2024-12-24T00:38:56+00:00","dateModified":"2025-10-02T19:21:50+00:00","breadcrumb":{"@id":"https:\/\/kamagra-official.to\/pt-pt\/product\/sildalist-120mg\/#breadcrumb"},"inLanguage":"pt-PT","potentialAction":[{"@type":"ReadAction","target":["https:\/\/kamagra-official.to\/pt-pt\/product\/sildalist-120mg\/"]}]},{"@type":"ImageObject","inLanguage":"pt-PT","@id":"https:\/\/kamagra-official.to\/pt-pt\/product\/sildalist-120mg\/#primaryimage","url":"https:\/\/kamagra-official.to\/wp-content\/uploads\/2025\/09\/sildalist-2.jpg","contentUrl":"https:\/\/kamagra-official.to\/wp-content\/uploads\/2025\/09\/sildalist-2.jpg","width":1200,"height":1200},{"@type":"BreadcrumbList","@id":"https:\/\/kamagra-official.to\/pt-pt\/product\/sildalist-120mg\/#breadcrumb","itemListElement":[{"@type":"ListItem","position":1,"name":"Home","item":"https:\/\/kamagra-official.to\/nl\/"},{"@type":"ListItem","position":2,"name":"Shop","item":"https:\/\/kamagra-official.to\/shop\/"},{"@type":"ListItem","position":3,"name":"Sildalist 120mg"}]},{"@type":"WebSite","@id":"https:\/\/kamagra-official.to\/#website","url":"https:\/\/kamagra-official.to\/","name":"kamagra-official.to","description":"Revitalize Your Sexual Energy Across Europe","publisher":{"@id":"https:\/\/kamagra-official.to\/#organization"},"potentialAction":[{"@type":"SearchAction","target":{"@type":"EntryPoint","urlTemplate":"https:\/\/kamagra-official.to\/?s={search_term_string}"},"query-input":{"@type":"PropertyValueSpecification","valueRequired":true,"valueName":"search_term_string"}}],"inLanguage":"pt-PT"},{"@type":"Organization","@id":"https:\/\/kamagra-official.to\/#organization","name":"kamagra-official.to","url":"https:\/\/kamagra-official.to\/","logo":{"@type":"ImageObject","inLanguage":"pt-PT","@id":"https:\/\/kamagra-official.to\/#\/schema\/logo\/image\/","url":"https:\/\/kamagra-official.to\/wp-content\/uploads\/2025\/02\/KAMAGRA-Photoroom-1.png","contentUrl":"https:\/\/kamagra-official.to\/wp-content\/uploads\/2025\/02\/KAMAGRA-Photoroom-1.png","width":150,"height":153,"caption":"kamagra-official.to"},"image":{"@id":"https:\/\/kamagra-official.to\/#\/schema\/logo\/image\/"}}]}},"_links":{"self":[{"href":"https:\/\/kamagra-official.to\/pt-pt\/wp-json\/wp\/v2\/product\/24701","targetHints":{"allow":["GET"]}}],"collection":[{"href":"https:\/\/kamagra-official.to\/pt-pt\/wp-json\/wp\/v2\/product"}],"about":[{"href":"https:\/\/kamagra-official.to\/pt-pt\/wp-json\/wp\/v2\/types\/product"}],"wp:featuredmedia":[{"embeddable":true,"href":"https:\/\/kamagra-official.to\/pt-pt\/wp-json\/wp\/v2\/media\/24046"}],"wp:attachment":[{"href":"https:\/\/kamagra-official.to\/pt-pt\/wp-json\/wp\/v2\/media?parent=24701"}],"wp:term":[{"taxonomy":"product_brand","embeddable":true,"href":"https:\/\/kamagra-official.to\/pt-pt\/wp-json\/wp\/v2\/product_brand?post=24701"},{"taxonomy":"product_cat","embeddable":true,"href":"https:\/\/kamagra-official.to\/pt-pt\/wp-json\/wp\/v2\/product_cat?post=24701"},{"taxonomy":"product_tag","embeddable":true,"href":"https:\/\/kamagra-official.to\/pt-pt\/wp-json\/wp\/v2\/product_tag?post=24701"}],"curies":[{"name":"wp","href":"https:\/\/api.w.org\/{rel}","templated":true}]}}