{"id":24691,"date":"2024-12-24T00:44:12","date_gmt":"2024-12-24T00:44:12","guid":{"rendered":"https:\/\/kamagra-official.to\/product\/vidalista-80mg\/"},"modified":"2025-10-02T19:21:38","modified_gmt":"2025-10-02T19:21:38","slug":"vidalista-80mg","status":"publish","type":"product","link":"https:\/\/kamagra-official.to\/pt-pt\/product\/vidalista-80mg\/","title":{"rendered":"Vidalista 80mg"},"content":{"rendered":"<h3><strong>Vidalista 80mg &#8211; Para experi\u00eancias sexuais poderosas, intensas e duradouras!<\/strong><\/h3>\n<p>Vidalista 80mg cont\u00e9m o ingrediente ativo <strong>tadalafil<\/strong>, proporcionando ere\u00e7\u00f5es robustas e duradouras, ao aumentar o fluxo de sangue para o p\u00e9nis. Com uma alta dose de <strong>80 mg de tadalafil<\/strong> por comprimido, Vidalista 80mg oferece um desempenho confi\u00e1vel e at\u00e9 36 horas de prontid\u00e3o sexual. \u00c9 uma alternativa econ\u00f3mica ao Cialis, proporcionando um efeito prolongado para que n\u00e3o tenha que se preocupar em tomar doses frequentes. Comparado com o sildenafil (Viagra), o tadalafil oferece uma a\u00e7\u00e3o muito mais longa\u2014dando-lhe confian\u00e7a e satisfa\u00e7\u00e3o ininterruptas.<\/p>\n<hr \/>\n<h3><strong>Benef\u00edcios do Vidalista 80mg<\/strong><\/h3>\n<ul>\n<li><strong>At\u00e9 36 horas de efeito:<\/strong> Desfrute de uma maior resist\u00eancia prolongada e liberdade quando mais importa.<\/li>\n<li><strong>In\u00edcio r\u00e1pido:<\/strong> Simplesmente tome um comprimido cerca de uma hora antes da rela\u00e7\u00e3o sexual para obter resultados otimizados.<\/li>\n<li><strong>Ere\u00e7\u00e3o forte e est\u00e1vel:<\/strong> O aumento da irriga\u00e7\u00e3o sangu\u00ednea garante uma performance firme e duradoura todas as vezes.<\/li>\n<\/ul>\n<hr \/>\n<h3><strong>Dosagem Recomendada<\/strong><\/h3>\n<p>Comece com metade de um comprimido de Vidalista 80mg. Se for necess\u00e1rio mais efeito, aumente para um comprimido inteiro. Nunca exceda um comprimido por dia\u2014sempre tome com \u00e1gua.<\/p>\n<hr \/>\n<h3><strong>Qu\u00e3o R\u00e1pido Funciona?<\/strong><\/h3>\n<p>Os efeitos iniciais geralmente ocorrem dentro de 30 a 60 minutos e podem durar at\u00e9 36 horas. Lembre-se, o Vidalista 80mg n\u00e3o \u00e9 um afrodis\u00edaco\u2014a estimula\u00e7\u00e3o sexual \u00e9 necess\u00e1ria para efeito.<\/p>\n<hr \/>\n<h3><strong>Considera\u00e7\u00f5es sobre \u00c1lcool e Alimentos<\/strong><\/h3>\n<p>Evite combinar com \u00e1lcool, pois isso pode diminuir significativamente a efic\u00e1cia. Da mesma forma, refei\u00e7\u00f5es pesadas ou gordurosas podem atrasar o in\u00edcio da a\u00e7\u00e3o.<\/p>\n<hr \/>\n<h3><strong>Intera\u00e7\u00f5es Medicamentosas<\/strong><\/h3>\n<p>Consulte o seu m\u00e9dico antes de usar, especialmente se estiver a tomar:<\/p>\n<ul>\n<li><strong>Cimetidina<\/strong>,<\/li>\n<li><strong>Cetoconazol<\/strong>,<\/li>\n<li><strong>Eritromicina<\/strong>.<\/li>\n<\/ul>\n<p>Algumas combina\u00e7\u00f5es podem diminuir a efic\u00e1cia ou causar efeitos colaterais indesejados.<\/p>\n<hr \/>\n<h3><strong>Efeitos Colaterais Poss\u00edveis &#038; Rea\u00e7\u00f5es Al\u00e9rgicas<\/strong><\/h3>\n<p>Vidalista 80mg \u00e9 geralmente seguro quando usado apropriadamente, mas ainda podem ocorrer sintomas leves.<\/p>\n<p><strong>Comuns:<\/strong><\/p>\n<ul>\n<li>Dor de cabe\u00e7a,<\/li>\n<li>Desconforto digestivo.<\/li>\n<\/ul>\n<p><strong>Menos comuns:<\/strong><\/p>\n<ul>\n<li>Dor nas costas,<\/li>\n<li>Vermelhid\u00e3o,<\/li>\n<li>Incha\u00e7o do nariz ou p\u00e1lpebras,<\/li>\n<li>Vermelhid\u00e3o nos olhos.<\/li>\n<\/ul>\n<p>Se os sintomas persistirem, consulte um m\u00e9dico.<\/p>\n<hr \/>\n<h3><strong>Quando n\u00e3o usar Vidalista 80mg?<\/strong><\/h3>\n<p>N\u00e3o use Vidalista 80mg se voc\u00ea:<\/p>\n<ul>\n<li>Tomar nitratos (para angina ou dor no peito).<\/li>\n<li>Teve um ataque card\u00edaco, AVC, ou insufici\u00eancia card\u00edaca nos \u00faltimos 6 meses.<\/li>\n<li>Tem problemas de press\u00e3o arterial ou coagula\u00e7\u00e3o sangu\u00ednea.<\/li>\n<li>\u00c9 al\u00e9rgico ao <strong>tadalafil<\/strong>, o ingrediente ativo.<\/li>\n<\/ul>\n<hr \/>\n<h3><strong>Armazenamento<\/strong><\/h3>\n<p>Guarde Vidalista 80mg na sua embalagem original fora do alcance das crian\u00e7as. Mantenha a 10-30\u00b0C, num local seco e longe da luz direta do sol.<\/p>\n","protected":false},"excerpt":{"rendered":"<p><strong>80 mg de Tadalafil<\/strong><\/p>\n<p>Este pacote cont\u00e9m 10 comprimidos, cada um com uma dose de alta pot\u00eancia de 80 mg de tadalafil. Ideal para homens que precisam de suporte m\u00e1ximo para a fun\u00e7\u00e3o er\u00e9til, o Tadalafil de 80 mg proporciona at\u00e9 36 horas de resultados poderosos, confi\u00e1veis e duradouros \u2014 dando-lhe total confian\u00e7a e flexibilidade sempre que a intimidade chama.<\/p>\n","protected":false},"featured_media":24068,"template":"","meta":[],"product_brand":[],"product_cat":[123],"product_tag":[],"class_list":{"0":"post-24691","1":"product","2":"type-product","3":"status-publish","4":"has-post-thumbnail","6":"product_cat-cialis-generico","8":"first","9":"instock","10":"shipping-taxable","11":"purchasable","12":"product-type-simple"},"yoast_head":"<!-- This site is optimized with the Yoast SEO plugin v27.5 - https:\/\/yoast.com\/product\/yoast-seo-wordpress\/ -->\n<title>Vidalista 80mg - kamagra-official.to<\/title>\n<meta name=\"robots\" content=\"index, follow, max-snippet:-1, max-image-preview:large, max-video-preview:-1\" \/>\n<link rel=\"canonical\" href=\"https:\/\/kamagra-official.to\/pt-pt\/product\/vidalista-80mg\/\" \/>\n<meta property=\"og:locale\" content=\"pt_PT\" \/>\n<meta property=\"og:type\" content=\"article\" \/>\n<meta property=\"og:title\" content=\"Vidalista 80mg - kamagra-official.to\" \/>\n<meta property=\"og:description\" content=\"80 mg de Tadalafil Este pacote cont\u00e9m 10 comprimidos, cada um com uma dose de alta pot\u00eancia de 80 mg de tadalafil. Ideal para homens que precisam de suporte m\u00e1ximo para a fun\u00e7\u00e3o er\u00e9til, o Tadalafil de 80 mg proporciona at\u00e9 36 horas de resultados poderosos, confi\u00e1veis e duradouros \u2014 dando-lhe total confian\u00e7a e flexibilidade sempre que a intimidade chama.\" \/>\n<meta property=\"og:url\" content=\"https:\/\/kamagra-official.to\/pt-pt\/product\/vidalista-80mg\/\" \/>\n<meta property=\"og:site_name\" content=\"kamagra-official.to\" \/>\n<meta property=\"article:modified_time\" content=\"2025-10-02T19:21:38+00:00\" \/>\n<meta property=\"og:image\" content=\"https:\/\/kamagra-official.to\/wp-content\/uploads\/2025\/09\/vidalista80-2.jpg\" \/>\n\t<meta property=\"og:image:width\" content=\"1200\" \/>\n\t<meta property=\"og:image:height\" content=\"1200\" \/>\n\t<meta property=\"og:image:type\" content=\"image\/jpeg\" \/>\n<meta name=\"twitter:card\" content=\"summary_large_image\" \/>\n<meta name=\"twitter:label1\" content=\"Tempo estimado de leitura\" \/>\n\t<meta name=\"twitter:data1\" content=\"2 minutos\" \/>\n<script type=\"application\/ld+json\" class=\"yoast-schema-graph\">{\"@context\":\"https:\\\/\\\/schema.org\",\"@graph\":[{\"@type\":\"WebPage\",\"@id\":\"https:\\\/\\\/kamagra-official.to\\\/pt-pt\\\/product\\\/vidalista-80mg\\\/\",\"url\":\"https:\\\/\\\/kamagra-official.to\\\/pt-pt\\\/product\\\/vidalista-80mg\\\/\",\"name\":\"Vidalista 80mg - kamagra-official.to\",\"isPartOf\":{\"@id\":\"https:\\\/\\\/kamagra-official.to\\\/#website\"},\"primaryImageOfPage\":{\"@id\":\"https:\\\/\\\/kamagra-official.to\\\/pt-pt\\\/product\\\/vidalista-80mg\\\/#primaryimage\"},\"image\":{\"@id\":\"https:\\\/\\\/kamagra-official.to\\\/pt-pt\\\/product\\\/vidalista-80mg\\\/#primaryimage\"},\"thumbnailUrl\":\"https:\\\/\\\/kamagra-official.to\\\/wp-content\\\/uploads\\\/2025\\\/09\\\/vidalista80-2.jpg\",\"datePublished\":\"2024-12-24T00:44:12+00:00\",\"dateModified\":\"2025-10-02T19:21:38+00:00\",\"breadcrumb\":{\"@id\":\"https:\\\/\\\/kamagra-official.to\\\/pt-pt\\\/product\\\/vidalista-80mg\\\/#breadcrumb\"},\"inLanguage\":\"pt-PT\",\"potentialAction\":[{\"@type\":\"ReadAction\",\"target\":[\"https:\\\/\\\/kamagra-official.to\\\/pt-pt\\\/product\\\/vidalista-80mg\\\/\"]}]},{\"@type\":\"ImageObject\",\"inLanguage\":\"pt-PT\",\"@id\":\"https:\\\/\\\/kamagra-official.to\\\/pt-pt\\\/product\\\/vidalista-80mg\\\/#primaryimage\",\"url\":\"https:\\\/\\\/kamagra-official.to\\\/wp-content\\\/uploads\\\/2025\\\/09\\\/vidalista80-2.jpg\",\"contentUrl\":\"https:\\\/\\\/kamagra-official.to\\\/wp-content\\\/uploads\\\/2025\\\/09\\\/vidalista80-2.jpg\",\"width\":1200,\"height\":1200},{\"@type\":\"BreadcrumbList\",\"@id\":\"https:\\\/\\\/kamagra-official.to\\\/pt-pt\\\/product\\\/vidalista-80mg\\\/#breadcrumb\",\"itemListElement\":[{\"@type\":\"ListItem\",\"position\":1,\"name\":\"Home\",\"item\":\"https:\\\/\\\/kamagra-official.to\\\/nl\\\/\"},{\"@type\":\"ListItem\",\"position\":2,\"name\":\"Shop\",\"item\":\"https:\\\/\\\/kamagra-official.to\\\/shop\\\/\"},{\"@type\":\"ListItem\",\"position\":3,\"name\":\"Vidalista 80mg\"}]},{\"@type\":\"WebSite\",\"@id\":\"https:\\\/\\\/kamagra-official.to\\\/#website\",\"url\":\"https:\\\/\\\/kamagra-official.to\\\/\",\"name\":\"kamagra-official.to\",\"description\":\"Revitalize Your Sexual Energy Across Europe\",\"publisher\":{\"@id\":\"https:\\\/\\\/kamagra-official.to\\\/#organization\"},\"potentialAction\":[{\"@type\":\"SearchAction\",\"target\":{\"@type\":\"EntryPoint\",\"urlTemplate\":\"https:\\\/\\\/kamagra-official.to\\\/?s={search_term_string}\"},\"query-input\":{\"@type\":\"PropertyValueSpecification\",\"valueRequired\":true,\"valueName\":\"search_term_string\"}}],\"inLanguage\":\"pt-PT\"},{\"@type\":\"Organization\",\"@id\":\"https:\\\/\\\/kamagra-official.to\\\/#organization\",\"name\":\"kamagra-official.to\",\"url\":\"https:\\\/\\\/kamagra-official.to\\\/\",\"logo\":{\"@type\":\"ImageObject\",\"inLanguage\":\"pt-PT\",\"@id\":\"https:\\\/\\\/kamagra-official.to\\\/#\\\/schema\\\/logo\\\/image\\\/\",\"url\":\"https:\\\/\\\/kamagra-official.to\\\/wp-content\\\/uploads\\\/2025\\\/02\\\/KAMAGRA-Photoroom-1.png\",\"contentUrl\":\"https:\\\/\\\/kamagra-official.to\\\/wp-content\\\/uploads\\\/2025\\\/02\\\/KAMAGRA-Photoroom-1.png\",\"width\":150,\"height\":153,\"caption\":\"kamagra-official.to\"},\"image\":{\"@id\":\"https:\\\/\\\/kamagra-official.to\\\/#\\\/schema\\\/logo\\\/image\\\/\"}}]}<\/script>\n<!-- \/ Yoast SEO plugin. -->","yoast_head_json":{"title":"Vidalista 80mg - kamagra-official.to","robots":{"index":"index","follow":"follow","max-snippet":"max-snippet:-1","max-image-preview":"max-image-preview:large","max-video-preview":"max-video-preview:-1"},"canonical":"https:\/\/kamagra-official.to\/pt-pt\/product\/vidalista-80mg\/","og_locale":"pt_PT","og_type":"article","og_title":"Vidalista 80mg - kamagra-official.to","og_description":"80 mg de Tadalafil Este pacote cont\u00e9m 10 comprimidos, cada um com uma dose de alta pot\u00eancia de 80 mg de tadalafil. Ideal para homens que precisam de suporte m\u00e1ximo para a fun\u00e7\u00e3o er\u00e9til, o Tadalafil de 80 mg proporciona at\u00e9 36 horas de resultados poderosos, confi\u00e1veis e duradouros \u2014 dando-lhe total confian\u00e7a e flexibilidade sempre que a intimidade chama.","og_url":"https:\/\/kamagra-official.to\/pt-pt\/product\/vidalista-80mg\/","og_site_name":"kamagra-official.to","article_modified_time":"2025-10-02T19:21:38+00:00","og_image":[{"width":1200,"height":1200,"url":"https:\/\/kamagra-official.to\/wp-content\/uploads\/2025\/09\/vidalista80-2.jpg","type":"image\/jpeg"}],"twitter_card":"summary_large_image","twitter_misc":{"Tempo estimado de leitura":"2 minutos"},"schema":{"@context":"https:\/\/schema.org","@graph":[{"@type":"WebPage","@id":"https:\/\/kamagra-official.to\/pt-pt\/product\/vidalista-80mg\/","url":"https:\/\/kamagra-official.to\/pt-pt\/product\/vidalista-80mg\/","name":"Vidalista 80mg - kamagra-official.to","isPartOf":{"@id":"https:\/\/kamagra-official.to\/#website"},"primaryImageOfPage":{"@id":"https:\/\/kamagra-official.to\/pt-pt\/product\/vidalista-80mg\/#primaryimage"},"image":{"@id":"https:\/\/kamagra-official.to\/pt-pt\/product\/vidalista-80mg\/#primaryimage"},"thumbnailUrl":"https:\/\/kamagra-official.to\/wp-content\/uploads\/2025\/09\/vidalista80-2.jpg","datePublished":"2024-12-24T00:44:12+00:00","dateModified":"2025-10-02T19:21:38+00:00","breadcrumb":{"@id":"https:\/\/kamagra-official.to\/pt-pt\/product\/vidalista-80mg\/#breadcrumb"},"inLanguage":"pt-PT","potentialAction":[{"@type":"ReadAction","target":["https:\/\/kamagra-official.to\/pt-pt\/product\/vidalista-80mg\/"]}]},{"@type":"ImageObject","inLanguage":"pt-PT","@id":"https:\/\/kamagra-official.to\/pt-pt\/product\/vidalista-80mg\/#primaryimage","url":"https:\/\/kamagra-official.to\/wp-content\/uploads\/2025\/09\/vidalista80-2.jpg","contentUrl":"https:\/\/kamagra-official.to\/wp-content\/uploads\/2025\/09\/vidalista80-2.jpg","width":1200,"height":1200},{"@type":"BreadcrumbList","@id":"https:\/\/kamagra-official.to\/pt-pt\/product\/vidalista-80mg\/#breadcrumb","itemListElement":[{"@type":"ListItem","position":1,"name":"Home","item":"https:\/\/kamagra-official.to\/nl\/"},{"@type":"ListItem","position":2,"name":"Shop","item":"https:\/\/kamagra-official.to\/shop\/"},{"@type":"ListItem","position":3,"name":"Vidalista 80mg"}]},{"@type":"WebSite","@id":"https:\/\/kamagra-official.to\/#website","url":"https:\/\/kamagra-official.to\/","name":"kamagra-official.to","description":"Revitalize Your Sexual Energy Across Europe","publisher":{"@id":"https:\/\/kamagra-official.to\/#organization"},"potentialAction":[{"@type":"SearchAction","target":{"@type":"EntryPoint","urlTemplate":"https:\/\/kamagra-official.to\/?s={search_term_string}"},"query-input":{"@type":"PropertyValueSpecification","valueRequired":true,"valueName":"search_term_string"}}],"inLanguage":"pt-PT"},{"@type":"Organization","@id":"https:\/\/kamagra-official.to\/#organization","name":"kamagra-official.to","url":"https:\/\/kamagra-official.to\/","logo":{"@type":"ImageObject","inLanguage":"pt-PT","@id":"https:\/\/kamagra-official.to\/#\/schema\/logo\/image\/","url":"https:\/\/kamagra-official.to\/wp-content\/uploads\/2025\/02\/KAMAGRA-Photoroom-1.png","contentUrl":"https:\/\/kamagra-official.to\/wp-content\/uploads\/2025\/02\/KAMAGRA-Photoroom-1.png","width":150,"height":153,"caption":"kamagra-official.to"},"image":{"@id":"https:\/\/kamagra-official.to\/#\/schema\/logo\/image\/"}}]}},"_links":{"self":[{"href":"https:\/\/kamagra-official.to\/pt-pt\/wp-json\/wp\/v2\/product\/24691","targetHints":{"allow":["GET"]}}],"collection":[{"href":"https:\/\/kamagra-official.to\/pt-pt\/wp-json\/wp\/v2\/product"}],"about":[{"href":"https:\/\/kamagra-official.to\/pt-pt\/wp-json\/wp\/v2\/types\/product"}],"wp:featuredmedia":[{"embeddable":true,"href":"https:\/\/kamagra-official.to\/pt-pt\/wp-json\/wp\/v2\/media\/24068"}],"wp:attachment":[{"href":"https:\/\/kamagra-official.to\/pt-pt\/wp-json\/wp\/v2\/media?parent=24691"}],"wp:term":[{"taxonomy":"product_brand","embeddable":true,"href":"https:\/\/kamagra-official.to\/pt-pt\/wp-json\/wp\/v2\/product_brand?post=24691"},{"taxonomy":"product_cat","embeddable":true,"href":"https:\/\/kamagra-official.to\/pt-pt\/wp-json\/wp\/v2\/product_cat?post=24691"},{"taxonomy":"product_tag","embeddable":true,"href":"https:\/\/kamagra-official.to\/pt-pt\/wp-json\/wp\/v2\/product_tag?post=24691"}],"curies":[{"name":"wp","href":"https:\/\/api.w.org\/{rel}","templated":true}]}}