{"id":18294,"date":"2024-12-22T10:51:55","date_gmt":"2024-12-22T10:51:55","guid":{"rendered":"https:\/\/world-shop.info\/politicas-de-protecao-de-dados-pessoais\/"},"modified":"2025-11-21T14:31:13","modified_gmt":"2025-11-21T14:31:13","slug":"politicas-de-protecao-de-dados-pessoais","status":"publish","type":"page","link":"https:\/\/kamagra-official.to\/pt-pt\/politicas-de-protecao-de-dados-pessoais\/","title":{"rendered":"Pol\u00edtica de Privacidade"},"content":{"rendered":"\t\t<div data-elementor-type=\"wp-page\" data-elementor-id=\"18294\" class=\"elementor elementor-18294 elementor-14765\" data-elementor-post-type=\"page\">\n\t\t\t\t<div class=\"elementor-element elementor-element-049e202 e-flex e-con-boxed e-con e-parent\" data-id=\"049e202\" data-element_type=\"container\" data-e-type=\"container\">\n\t\t\t\t\t<div class=\"e-con-inner\">\n\t\t\t\t<div class=\"elementor-element elementor-element-6b91426 elementor-widget elementor-widget-spacer\" data-id=\"6b91426\" data-element_type=\"widget\" data-e-type=\"widget\" data-widget_type=\"spacer.default\">\n\t\t\t\t<div class=\"elementor-widget-container\">\n\t\t\t\t\t\t\t<div class=\"elementor-spacer\">\n\t\t\t<div class=\"elementor-spacer-inner\"><\/div>\n\t\t<\/div>\n\t\t\t\t\t\t<\/div>\n\t\t\t\t<\/div>\n\t\t\t\t\t<\/div>\n\t\t\t\t<\/div>\n\t\t<div class=\"elementor-element elementor-element-b09979d e-con-full e-flex e-con e-parent\" data-id=\"b09979d\" data-element_type=\"container\" data-e-type=\"container\">\n\t\t\t\t<div class=\"elementor-element elementor-element-e9deaf9 elementor-widget elementor-widget-text-editor\" data-id=\"e9deaf9\" data-element_type=\"widget\" data-e-type=\"widget\" data-widget_type=\"text-editor.default\">\n\t\t\t\t<div class=\"elementor-widget-container\">\n\t\t\t\t\t\t\t\t\t<p><br \/><br \/><br \/><\/p><p><style>\n        body {<br \/>\n            font-family: Arial, sans-serif;<br \/>\n            line-height: 1.6;<br \/>\n            margin: 20px;<br \/>\n            max-width: 800px;<br \/>\n        }<br \/>\n        h1, h2 {<br \/>\n            color: #333;<br \/>\n        }<br \/>\n        h1 {<br \/>\n            text-align: center;<br \/>\n        }<br \/>\n        p {<br \/>\n            margin-bottom: 1em;<br \/>\n        }<br \/>\n    <\/style><\/p><p>\u00a0<\/p><h1>Termos e Condi\u00e7\u00f5es<\/h1><h2>I. Disposi\u00e7\u00f5es Introdut\u00f3rias<\/h2><p>O operador da loja online \u00e9: kamagra-official.to &#8211; Ruopigenring 85, 6015 Luzern, Swerz (doravante referido como e-shop).<\/p><p>Todas as rela\u00e7\u00f5es contratuais s\u00e3o celebradas de acordo com o regime legal da Swerz. As rela\u00e7\u00f5es jur\u00eddicas n\u00e3o expressamente regulamentadas por estes termos e condi\u00e7\u00f5es s\u00e3o regidas pelo Ato N\u00ba 89\/2012 Coll., o C\u00f3digo Civil (doravante referido como \u201cCivC\u201d).<\/p><p>Se o Comprador for um consumidor (uma pessoa que n\u00e3o seja um empres\u00e1rio que faz um pedido ou celebra um contrato com o vendedor em suas atividades comerciais), os direitos e obriga\u00e7\u00f5es do Vendedor e do Comprador tamb\u00e9m s\u00e3o regidos pelas disposi\u00e7\u00f5es dos \u00a7\u00a7 2158 e seguintes do CivC (\u201cDisposi\u00e7\u00f5es Especiais sobre a Venda de Bens em uma Loja&#8221;) e para os compradores consumidores, tamb\u00e9m pelo Ato N\u00ba 634\/1992 Coll., sobre Prote\u00e7\u00e3o do Consumidor, conforme alterado (doravante referido como \u201cCPAct\u201d).<\/p><h2>II. Defini\u00e7\u00f5es<\/h2><p><strong>Contrato de Consumidor<\/strong> &#8211; um contrato de compra, contrato de trabalho, contrato de servi\u00e7o, ou outro contrato segundo o CivC, se as partes s\u00e3o um consumidor (uma pessoa que n\u00e3o seja um empres\u00e1rio que faz um pedido ou celebra um contrato com o vendedor em suas atividades comerciais ou profiss\u00e3o) de um lado e o fornecedor ou vendedor do outro.<\/p><p><strong>Vendedor<\/strong> &#8211; o operador da loja online &#8211; uma pessoa que, ao celebrar e cumprir o contrato, atua no \u00e2mbito de suas atividades comerciais ou empresariais. Trata-se de um empres\u00e1rio que fornece produtos ou presta servi\u00e7os a um comprador diretamente ou por meio de outros empres\u00e1rios.<\/p><p><strong>Comprador<\/strong> &#8211; Consumidor &#8211; uma pessoa que, ao celebrar e cumprir o contrato, n\u00e3o atua no \u00e2mbito de suas atividades comerciais. Trata-se de uma pessoa f\u00edsica ou jur\u00eddica que compra produtos ou utiliza servi\u00e7os para fins que n\u00e3o sejam comerciais com esses produtos ou servi\u00e7os. Um Comprador que n\u00e3o \u00e9 um consumidor \u00e9 um empres\u00e1rio que compra produtos ou usa servi\u00e7os no \u00e2mbito de suas atividades comerciais ou exerc\u00edcio independente de sua profiss\u00e3o.<\/p><h2>III. Processamento e Uso de Dados Pessoais<\/h2><p>O acesso \u00e0 e-shop pode ser condicional ao fornecimento de alguns dados pessoais do Comprador. Em tal caso, o Vendedor tratar\u00e1 tais dados de acordo com as regulamenta\u00e7\u00f5es legais aplic\u00e1veis, especialmente de acordo com o Ato N\u00ba 101\/2000 Coll., sobre a Prote\u00e7\u00e3o de Dados Pessoais, conforme alterado. Os dados pessoais ser\u00e3o totalmente protegidos contra uso indevido. Os dados ser\u00e3o armazenados e n\u00e3o compartilhados com aplica\u00e7\u00f5es de terceiros. O Vendedor poder\u00e1 usar os dados pessoais fornecidos al\u00e9m do processamento necess\u00e1rio para a conclus\u00e3o e cumprimento do contrato apenas sob as condi\u00e7\u00f5es listadas abaixo. O Comprador reconhece que o endere\u00e7o de e-mail fornecido em conex\u00e3o com a compra de um produto ou servi\u00e7o pode ser usado para enviar comunica\u00e7\u00f5es comerciais da e-shop de acordo com o Ato N\u00ba 480\/2004 Coll., conforme alterado, com uma oferta de produtos ou servi\u00e7os semelhantes. Se o destinat\u00e1rio n\u00e3o desejar receber mais comunica\u00e7\u00f5es comerciais, poder\u00e1 expressar esse desacordo com o envio de comunica\u00e7\u00f5es comerciais enviando um e-mail que contenha o desacordo para o endere\u00e7o de e-mail da e-shop: info@kamagra-official.to<\/p><h2>IV. Aceita\u00e7\u00e3o e Processamento de Pedidos, Contrato de Compra<\/h2><p>Um pedido eletr\u00f4nico v\u00e1lido requer o preenchimento de todos os dados e detalhes prescritos no formul\u00e1rio de pedido. Antes de o Comprador confirmar definitivamente a ordem, ele ter\u00e1 o direito de revisar todo o pedido e os dados inseridos. Se o Comprador concordar com a forma do pedido, a encomenda ser\u00e1 finalmente enviada para processamento ao clicar no bot\u00e3o de confirma\u00e7\u00e3o do pedido. Esse envio \u00e9 vinculativo. O contrato de compra \u00e9 criado pelo envio do pedido pelo Comprador ap\u00f3s selecionar o m\u00e9todo de entrega e pagamento, e sua aceita\u00e7\u00e3o pela e-shop, que n\u00e3o se responsabiliza por quaisquer erros durante a transmiss\u00e3o de dados. A e-shop ir\u00e1 confirmar prontamente a conclus\u00e3o do contrato com um e-mail informativo enviado para o endere\u00e7o de e-mail fornecido pelo Comprador.<\/p><p>O Vendedor reserva o direito de n\u00e3o aceitar o pedido do Comprador em caso de erro aparente relacionado ao pre\u00e7o, descri\u00e7\u00e3o ou imagem do produto no cat\u00e1logo de produtos da e-shop do Vendedor em qualquer fase do processamento do pedido. O Comprador ser\u00e1 informado da n\u00e3o aceita\u00e7\u00e3o do pedido devido a um erro evidente por e-mail.<\/p><p>O Vendedor reserva-se o direito de cancelar um pedido ou sua parte nos seguintes casos: &#8211; o produto n\u00e3o \u00e9 mais fabricado ou entregue ou o pre\u00e7o dos bens entregues mudou significativamente. Se essa situa\u00e7\u00e3o ocorrer, o Vendedor entrar\u00e1 em contato com o Comprador prontamente para acordar a a\u00e7\u00e3o posterior. Se o Comprador j\u00e1 pagou parte ou todo pre\u00e7o de compra, este valor ser\u00e1 devolvido para a sua conta, e o contrato de compra n\u00e3o ser\u00e1 conclu\u00eddo.<\/p><p>O Vendedor reserva-se o direito de recusar a processar um pedido de mercadorias n\u00e3o oferecidas na e-shop, bem como um pedido de mercadorias que o fabricante ou fornecedor n\u00e3o possa entregar (n\u00e3o mais produzidas, indispon\u00edveis em outras cores, etc.).<\/p><p>O contrato \u00e9 conclu\u00eddo em l\u00edngua tcheca. Se o Comprador precisar da tradu\u00e7\u00e3o do texto do contrato, no caso de uma disputa sobre a interpreta\u00e7\u00e3o, prevalecer\u00e1 a vers\u00e3o em l\u00edngua tcheca do contrato.<\/p><h2>V. Pre\u00e7os<\/h2><p>Os pre\u00e7os listados na e-shop s\u00e3o finais, incluindo IVA. Os custos de transporte, cujo valor pode variar de acordo com o pedido espec\u00edfico (dependendo do m\u00e9todo de entrega escolhido), s\u00e3o adicionados posteriormente no formul\u00e1rio de pedido. O pre\u00e7o final calculado ap\u00f3s preencher o formul\u00e1rio de pedido j\u00e1 inclui o envio. O pre\u00e7o v\u00e1lido no momento da realiza\u00e7\u00e3o do pedido pelo Comprador ser\u00e1 aplicado como o pre\u00e7o na conclus\u00e3o do contrato entre o Vendedor e o Comprador. Esse pre\u00e7o ser\u00e1 listado no pedido e no e-mail confirmando o recebimento do pedido de bens.<\/p><h2>VI. Entrega de Mercadorias<\/h2><p>O Comprador\/Consumidor \u00e9 obrigado a receber corretamente as mercadorias do transportador, verificar a integridade da embalagem, o n\u00famero de pacotes e reportar imediatamente qualquer discrep\u00e2ncia ao transportador. Se houver evid\u00eancias de invas\u00e3o n\u00e3o autorizada no pacote, aconselha-se que o Comprador n\u00e3o aceite o pacote no seu pr\u00f3prio interesse! Ao aceitar o envio, o Comprador confirma que o pacote cumpriu todas as condi\u00e7\u00f5es e requisitos acima e as reclama\u00e7\u00f5es posteriores sobre a integridade do pacote n\u00e3o ser\u00e3o consideradas.<\/p><h2>VII. Devolu\u00e7\u00e3o de Mercadorias &#8211; Retirada do Contrato dentro de um Per\u00edodo de 14 Dias<\/h2><p>O Comprador, que celebrou um contrato de compra \u00e0 dist\u00e2ncia e comprou mercadorias na e-shop, tem o direito de devolver as mercadorias sem dar qualquer motivo dentro de 14 (catorze) dias a partir da entrega (de acordo com o novo C\u00f3digo Civil \u00a7 1829 par.1).<\/p><p>Se o Comprador retirar-se do contrato, deve enviar ou entregar as mercadorias ao Vendedor sem demora injustificada, no m\u00e1ximo 14 (catorze) dias a partir da retirada do contrato de compra.<\/p><p>De acordo com \u00a7 1832 par. 4 do C\u00f3digo Civil, se o Comprador retirar-se do contrato de compra, o Vendedor n\u00e3o \u00e9 obrigado a devolver os fundos monet\u00e1rios recebidos ao consumidor antes que o consumidor devolva os bens ao Vendedor ou prove que enviou os bens de volta ao Vendedor.<\/p><p>Os bens devem ser devolvidos, se poss\u00edvel, em sua condi\u00e7\u00e3o original,condi\u00e7\u00e3o, sem danos, n\u00e3o utilizado, n\u00e3o usado, n\u00e3o lavado, incluindo etiquetas originais, r\u00f3tulos e documentos de venda.<\/p><p>Ap\u00f3s devolver os artigos (mercadorias devolvidas \u00e0 cobran\u00e7a n\u00e3o ser\u00e3o aceites), o Comprador ser\u00e1 reembolsado do seu pagamento para o n\u00famero de conta banc\u00e1ria fornecido.<\/p><p>Se o Comprador devolver mercadorias usadas, danificadas, lavadas num prazo de 14 dias, o pre\u00e7o de compra das mercadorias n\u00e3o ser\u00e1 totalmente reembolsado. Neste caso, o Vendedor reduzir\u00e1 o pre\u00e7o de compra devido ao desgaste.<\/p><p>O Comprador cobre totalmente os custos de entrega dos artigos de volta ao Vendedor.<\/p><p>Se voc\u00ea desistir do contrato com o Vendedor, reembolsaremos sem demoras indevidas, o mais tardar 14 dias a contar do dia em que fomos informados da sua decis\u00e3o de se retirar do contrato, todos os pagamentos que recebemos de voc\u00ea, incluindo o custo de entrega das mercadorias a voc\u00ea (exceto custos adicionais incorridos devido ao seu m\u00e9todo de entrega escolhido, que \u00e9 diferente do m\u00e9todo de entrega padr\u00e3o mais barato oferecido pelo Vendedor).<\/p><p>Para exercer o direito de se retirar do contrato, voc\u00ea deve informar ao Vendedor da sua decis\u00e3o de se retirar do contrato dentro do per\u00edodo especificado de 14 dias por meio de uma declara\u00e7\u00e3o clara (por exemplo, uma carta enviada por correio ou e-mail). Iremos de imediato enviar-lhe a confirma\u00e7\u00e3o do recebimento desta notifica\u00e7\u00e3o de desist\u00eancia do contrato.<\/p><h2>VIII. Direitos decorrentes de Desempenho Defeituoso \u2013 Reclama\u00e7\u00f5es<\/h2><p>Os direitos e obriga\u00e7\u00f5es das partes contratuais em rela\u00e7\u00e3o aos direitos decorrentes de desempenho defeituoso s\u00e3o<\/p>\t\t\t\t\t\t\t\t<\/div>\n\t\t\t\t<\/div>\n\t\t\t\t<\/div>\n\t\t\t\t<\/div>\n\t\t","protected":false},"excerpt":{"rendered":"<p>\u00a0 Termos e Condi\u00e7\u00f5es I. Disposi\u00e7\u00f5es Introdut\u00f3rias O operador da loja online \u00e9: kamagra-official.to &#8211; Ruopigenring 85, 6015 Luzern, Swerz (doravante referido como e-shop). Todas as rela\u00e7\u00f5es contratuais s\u00e3o celebradas de acordo com o regime legal da Swerz. As rela\u00e7\u00f5es jur\u00eddicas n\u00e3o expressamente regulamentadas por estes termos e condi\u00e7\u00f5es s\u00e3o regidas pelo Ato N\u00ba 89\/2012 [&#8230;]\n","protected":false},"author":1,"featured_media":0,"parent":0,"menu_order":0,"comment_status":"closed","ping_status":"closed","template":"","meta":{"footnotes":""},"class_list":["post-18294","page","type-page","status-publish","hentry"],"yoast_head":"<!-- This site is optimized with the Yoast SEO plugin v27.5 - https:\/\/yoast.com\/product\/yoast-seo-wordpress\/ -->\n<title>Pol\u00edtica de Privacidade - kamagra-official.to<\/title>\n<meta name=\"robots\" content=\"index, follow, max-snippet:-1, max-image-preview:large, max-video-preview:-1\" \/>\n<link rel=\"canonical\" href=\"https:\/\/kamagra-official.to\/privacy-policy\/\" \/>\n<meta property=\"og:locale\" content=\"pt_PT\" \/>\n<meta property=\"og:type\" content=\"article\" \/>\n<meta property=\"og:title\" content=\"Pol\u00edtica de Privacidade - kamagra-official.to\" \/>\n<meta property=\"og:description\" content=\"\u00a0 Termos e Condi\u00e7\u00f5es I. Disposi\u00e7\u00f5es Introdut\u00f3rias O operador da loja online \u00e9: kamagra-official.to &#8211; Ruopigenring 85, 6015 Luzern, Swerz (doravante referido como e-shop). Todas as rela\u00e7\u00f5es contratuais s\u00e3o celebradas de acordo com o regime legal da Swerz. As rela\u00e7\u00f5es jur\u00eddicas n\u00e3o expressamente regulamentadas por estes termos e condi\u00e7\u00f5es s\u00e3o regidas pelo Ato N\u00ba 89\/2012 [...]\" \/>\n<meta property=\"og:url\" content=\"https:\/\/kamagra-official.to\/privacy-policy\/\" \/>\n<meta property=\"og:site_name\" content=\"kamagra-official.to\" \/>\n<meta property=\"article:modified_time\" content=\"2025-11-21T14:31:13+00:00\" \/>\n<meta name=\"twitter:card\" content=\"summary_large_image\" \/>\n<meta name=\"twitter:label1\" content=\"Tempo estimado de leitura\" \/>\n\t<meta name=\"twitter:data1\" content=\"8 minutos\" \/>\n<script type=\"application\/ld+json\" class=\"yoast-schema-graph\">{\"@context\":\"https:\\\/\\\/schema.org\",\"@graph\":[{\"@type\":\"WebPage\",\"@id\":\"https:\\\/\\\/kamagra-official.to\\\/privacy-policy\\\/\",\"url\":\"https:\\\/\\\/kamagra-official.to\\\/privacy-policy\\\/\",\"name\":\"Pol\u00edtica de Privacidade - kamagra-official.to\",\"isPartOf\":{\"@id\":\"https:\\\/\\\/kamagra-official.to\\\/#website\"},\"datePublished\":\"2024-12-22T10:51:55+00:00\",\"dateModified\":\"2025-11-21T14:31:13+00:00\",\"breadcrumb\":{\"@id\":\"https:\\\/\\\/kamagra-official.to\\\/privacy-policy\\\/#breadcrumb\"},\"inLanguage\":\"pt-PT\",\"potentialAction\":[{\"@type\":\"ReadAction\",\"target\":[\"https:\\\/\\\/kamagra-official.to\\\/privacy-policy\\\/\"]}]},{\"@type\":\"BreadcrumbList\",\"@id\":\"https:\\\/\\\/kamagra-official.to\\\/privacy-policy\\\/#breadcrumb\",\"itemListElement\":[{\"@type\":\"ListItem\",\"position\":1,\"name\":\"Home\",\"item\":\"https:\\\/\\\/kamagra-official.to\\\/nl\\\/\"},{\"@type\":\"ListItem\",\"position\":2,\"name\":\"Pol\u00edtica de Privacidade\"}]},{\"@type\":\"WebSite\",\"@id\":\"https:\\\/\\\/kamagra-official.to\\\/#website\",\"url\":\"https:\\\/\\\/kamagra-official.to\\\/\",\"name\":\"kamagra-official.to\",\"description\":\"Revitalize Your Sexual Energy Across Europe\",\"publisher\":{\"@id\":\"https:\\\/\\\/kamagra-official.to\\\/#organization\"},\"potentialAction\":[{\"@type\":\"SearchAction\",\"target\":{\"@type\":\"EntryPoint\",\"urlTemplate\":\"https:\\\/\\\/kamagra-official.to\\\/?s={search_term_string}\"},\"query-input\":{\"@type\":\"PropertyValueSpecification\",\"valueRequired\":true,\"valueName\":\"search_term_string\"}}],\"inLanguage\":\"pt-PT\"},{\"@type\":\"Organization\",\"@id\":\"https:\\\/\\\/kamagra-official.to\\\/#organization\",\"name\":\"kamagra-official.to\",\"url\":\"https:\\\/\\\/kamagra-official.to\\\/\",\"logo\":{\"@type\":\"ImageObject\",\"inLanguage\":\"pt-PT\",\"@id\":\"https:\\\/\\\/kamagra-official.to\\\/#\\\/schema\\\/logo\\\/image\\\/\",\"url\":\"https:\\\/\\\/kamagra-official.to\\\/wp-content\\\/uploads\\\/2025\\\/02\\\/KAMAGRA-Photoroom-1.png\",\"contentUrl\":\"https:\\\/\\\/kamagra-official.to\\\/wp-content\\\/uploads\\\/2025\\\/02\\\/KAMAGRA-Photoroom-1.png\",\"width\":150,\"height\":153,\"caption\":\"kamagra-official.to\"},\"image\":{\"@id\":\"https:\\\/\\\/kamagra-official.to\\\/#\\\/schema\\\/logo\\\/image\\\/\"}}]}<\/script>\n<!-- \/ Yoast SEO plugin. -->","yoast_head_json":{"title":"Pol\u00edtica de Privacidade - kamagra-official.to","robots":{"index":"index","follow":"follow","max-snippet":"max-snippet:-1","max-image-preview":"max-image-preview:large","max-video-preview":"max-video-preview:-1"},"canonical":"https:\/\/kamagra-official.to\/privacy-policy\/","og_locale":"pt_PT","og_type":"article","og_title":"Pol\u00edtica de Privacidade - kamagra-official.to","og_description":"\u00a0 Termos e Condi\u00e7\u00f5es I. Disposi\u00e7\u00f5es Introdut\u00f3rias O operador da loja online \u00e9: kamagra-official.to &#8211; Ruopigenring 85, 6015 Luzern, Swerz (doravante referido como e-shop). Todas as rela\u00e7\u00f5es contratuais s\u00e3o celebradas de acordo com o regime legal da Swerz. As rela\u00e7\u00f5es jur\u00eddicas n\u00e3o expressamente regulamentadas por estes termos e condi\u00e7\u00f5es s\u00e3o regidas pelo Ato N\u00ba 89\/2012 [...]","og_url":"https:\/\/kamagra-official.to\/privacy-policy\/","og_site_name":"kamagra-official.to","article_modified_time":"2025-11-21T14:31:13+00:00","twitter_card":"summary_large_image","twitter_misc":{"Tempo estimado de leitura":"8 minutos"},"schema":{"@context":"https:\/\/schema.org","@graph":[{"@type":"WebPage","@id":"https:\/\/kamagra-official.to\/privacy-policy\/","url":"https:\/\/kamagra-official.to\/privacy-policy\/","name":"Pol\u00edtica de Privacidade - kamagra-official.to","isPartOf":{"@id":"https:\/\/kamagra-official.to\/#website"},"datePublished":"2024-12-22T10:51:55+00:00","dateModified":"2025-11-21T14:31:13+00:00","breadcrumb":{"@id":"https:\/\/kamagra-official.to\/privacy-policy\/#breadcrumb"},"inLanguage":"pt-PT","potentialAction":[{"@type":"ReadAction","target":["https:\/\/kamagra-official.to\/privacy-policy\/"]}]},{"@type":"BreadcrumbList","@id":"https:\/\/kamagra-official.to\/privacy-policy\/#breadcrumb","itemListElement":[{"@type":"ListItem","position":1,"name":"Home","item":"https:\/\/kamagra-official.to\/nl\/"},{"@type":"ListItem","position":2,"name":"Pol\u00edtica de Privacidade"}]},{"@type":"WebSite","@id":"https:\/\/kamagra-official.to\/#website","url":"https:\/\/kamagra-official.to\/","name":"kamagra-official.to","description":"Revitalize Your Sexual Energy Across Europe","publisher":{"@id":"https:\/\/kamagra-official.to\/#organization"},"potentialAction":[{"@type":"SearchAction","target":{"@type":"EntryPoint","urlTemplate":"https:\/\/kamagra-official.to\/?s={search_term_string}"},"query-input":{"@type":"PropertyValueSpecification","valueRequired":true,"valueName":"search_term_string"}}],"inLanguage":"pt-PT"},{"@type":"Organization","@id":"https:\/\/kamagra-official.to\/#organization","name":"kamagra-official.to","url":"https:\/\/kamagra-official.to\/","logo":{"@type":"ImageObject","inLanguage":"pt-PT","@id":"https:\/\/kamagra-official.to\/#\/schema\/logo\/image\/","url":"https:\/\/kamagra-official.to\/wp-content\/uploads\/2025\/02\/KAMAGRA-Photoroom-1.png","contentUrl":"https:\/\/kamagra-official.to\/wp-content\/uploads\/2025\/02\/KAMAGRA-Photoroom-1.png","width":150,"height":153,"caption":"kamagra-official.to"},"image":{"@id":"https:\/\/kamagra-official.to\/#\/schema\/logo\/image\/"}}]}},"_links":{"self":[{"href":"https:\/\/kamagra-official.to\/pt-pt\/wp-json\/wp\/v2\/pages\/18294","targetHints":{"allow":["GET"]}}],"collection":[{"href":"https:\/\/kamagra-official.to\/pt-pt\/wp-json\/wp\/v2\/pages"}],"about":[{"href":"https:\/\/kamagra-official.to\/pt-pt\/wp-json\/wp\/v2\/types\/page"}],"author":[{"embeddable":true,"href":"https:\/\/kamagra-official.to\/pt-pt\/wp-json\/wp\/v2\/users\/1"}],"replies":[{"embeddable":true,"href":"https:\/\/kamagra-official.to\/pt-pt\/wp-json\/wp\/v2\/comments?post=18294"}],"version-history":[{"count":6,"href":"https:\/\/kamagra-official.to\/pt-pt\/wp-json\/wp\/v2\/pages\/18294\/revisions"}],"predecessor-version":[{"id":25077,"href":"https:\/\/kamagra-official.to\/pt-pt\/wp-json\/wp\/v2\/pages\/18294\/revisions\/25077"}],"wp:attachment":[{"href":"https:\/\/kamagra-official.to\/pt-pt\/wp-json\/wp\/v2\/media?parent=18294"}],"curies":[{"name":"wp","href":"https:\/\/api.w.org\/{rel}","templated":true}]}}