{"id":18107,"date":"2025-02-03T11:00:32","date_gmt":"2025-02-03T11:00:32","guid":{"rendered":"https:\/\/world-shop.info\/como-comprar\/"},"modified":"2025-03-06T18:56:59","modified_gmt":"2025-03-06T18:56:59","slug":"como-comprar","status":"publish","type":"page","link":"https:\/\/kamagra-official.to\/pt-pt\/como-comprar\/","title":{"rendered":"Como fazer compras"},"content":{"rendered":"\t\t<div data-elementor-type=\"wp-page\" data-elementor-id=\"18107\" class=\"elementor elementor-18107 elementor-18263\" data-elementor-post-type=\"page\">\n\t\t\t\t<div class=\"elementor-element elementor-element-667f82e e-flex e-con-boxed e-con e-parent\" data-id=\"667f82e\" data-element_type=\"container\" data-e-type=\"container\">\n\t\t\t\t\t<div class=\"e-con-inner\">\n\t\t\t\t<div class=\"elementor-element elementor-element-0901533 elementor-widget elementor-widget-spacer\" data-id=\"0901533\" data-element_type=\"widget\" data-e-type=\"widget\" data-widget_type=\"spacer.default\">\n\t\t\t\t<div class=\"elementor-widget-container\">\n\t\t\t\t\t\t\t<div class=\"elementor-spacer\">\n\t\t\t<div class=\"elementor-spacer-inner\"><\/div>\n\t\t<\/div>\n\t\t\t\t\t\t<\/div>\n\t\t\t\t<\/div>\n\t\t\t\t\t<\/div>\n\t\t\t\t<\/div>\n\t\t<div class=\"elementor-element elementor-element-8be5346 e-flex e-con-boxed e-con e-parent\" data-id=\"8be5346\" data-element_type=\"container\" data-e-type=\"container\">\n\t\t\t\t\t<div class=\"e-con-inner\">\n\t\t\t\t<div class=\"elementor-element elementor-element-e5a2d3b elementor-widget elementor-widget-text-editor\" data-id=\"e5a2d3b\" data-element_type=\"widget\" data-e-type=\"widget\" data-widget_type=\"text-editor.default\">\n\t\t\t\t<div class=\"elementor-widget-container\">\n\t\t\t\t\t\t\t\t\t<!DOCTYPE html>\n<html lang=\"cs\">\n<head>\n    <meta charset=\"UTF-8\">\n    <meta name=\"viewport\" content=\"width=device-width, initial-scale=1.0\">\n    <title>Como Comprar<\/title>\n<\/head>\n<body>\n    <h2>Como Comprar<\/h2>\n    <p>Nesta sec\u00e7\u00e3o, encontrar\u00e1 informa\u00e7\u00f5es detalhadas sobre como comprar na nossa loja online [Nome da sua empresa].<\/p>\n    \n    <h4>Sele\u00e7\u00e3o de Produto<\/h4>\n    <p>Percorra a nossa oferta atrav\u00e9s das categorias ou da caixa de pesquisa. Ao clicar num produto, ir\u00e1 mostrar o seu detalhe, incluindo descri\u00e7\u00e3o, especifica\u00e7\u00f5es e avalia\u00e7\u00f5es de clientes.<\/p>\n    \n    <h4>Adicionar ao Carrinho<\/h4>\n    <p>Quando encontrar um produto que deseja comprar, selecione a quantidade desejada e quaisquer variantes (por exemplo, tamanho, cor), e clique no bot\u00e3o &#8220;Adicionar ao Carrinho&#8221;. O produto ser\u00e1 adicionado ao seu carrinho de compras virtual.<\/p>\n    \n    <h4>Carrinho de Compras<\/h4>\n    <p>Pode ir ao carrinho de compras a qualquer momento, clicando no \u00edcone do carrinho no canto superior direito da p\u00e1gina. Aqui pode alterar a quantidade de produtos, remover itens ou proceder ao checkout se estiver pronto para concluir a sua compra.<\/p>\n    \n    <h4>Checkout<\/h4>\n    <p>Na finaliza\u00e7\u00e3o da compra, ser\u00e1 solicitado que insira os detalhes de envio e selecione um m\u00e9todo de envio e pagamento. Verifique se todos os detalhes est\u00e3o corretos e completos para evitar qualquer atraso no processamento do seu pedido.<\/p>\n    \n    <h4>M\u00e9todo de Pagamento<\/h4>\n    <p>Oferecemos v\u00e1rios m\u00e9todos de pagamento, incluindo pagamentos com cart\u00e3o de cr\u00e9dito, transfer\u00eancia banc\u00e1ria e outros m\u00e9todos. Escolha o que mais lhe conv\u00e9m.<\/p>\n    \n    <h4>Confirma\u00e7\u00e3o de Pedido<\/h4>\n    <p>Ap\u00f3s concluir o processo de pedido, receber\u00e1 um e-mail de confirma\u00e7\u00e3o com detalhes sobre o seu pedido. Guarde este e-mail para quaisquer quest\u00f5es ou reclama\u00e7\u00f5es.<\/p>\n    \n    <h4>Envio e Entrega<\/h4>\n    <p>Informa\u00e7\u00f5es sobre envio e prazos de entrega podem ser encontradas na sec\u00e7\u00e3o [Link para a p\u00e1gina Termos de Envio e Entrega].<\/p>\n    \n    <h4>Devolu\u00e7\u00f5es e Reclama\u00e7\u00f5es<\/h4>\n    <p>Para informa\u00e7\u00f5es sobre devolu\u00e7\u00f5es e reclama\u00e7\u00f5es, visite a nossa sec\u00e7\u00e3o [Link para a p\u00e1gina Devolu\u00e7\u00f5es e Reclama\u00e7\u00f5es].<\/p>\n    \n    <h4>Contacte-nos<\/h4>\n    <p>Se tiver alguma d\u00favida sobre o processo de compra, n\u00e3o hesite em contactar-nos em: [Contacto de email].<\/p>\n<\/body>\n<\/html>\t\t\t\t\t\t\t\t<\/div>\n\t\t\t\t<\/div>\n\t\t\t\t\t<\/div>\n\t\t\t\t<\/div>\n\t\t\t\t<\/div>\n\t\t","protected":false},"excerpt":{"rendered":"<p>Como Comprar Como Comprar Nesta sec\u00e7\u00e3o, encontrar\u00e1 informa\u00e7\u00f5es detalhadas sobre como comprar na nossa loja online [Nome da sua empresa]. Sele\u00e7\u00e3o de Produto Percorra a nossa oferta atrav\u00e9s das categorias ou da caixa de pesquisa. Ao clicar num produto, ir\u00e1 mostrar o seu detalhe, incluindo descri\u00e7\u00e3o, especifica\u00e7\u00f5es e avalia\u00e7\u00f5es de clientes. Adicionar ao Carrinho Quando [&#8230;]\n","protected":false},"author":1,"featured_media":0,"parent":0,"menu_order":0,"comment_status":"closed","ping_status":"closed","template":"","meta":{"footnotes":""},"class_list":["post-18107","page","type-page","status-publish","hentry"],"yoast_head":"<!-- This site is optimized with the Yoast SEO plugin v27.5 - https:\/\/yoast.com\/product\/yoast-seo-wordpress\/ -->\n<title>Como fazer compras - kamagra-official.to<\/title>\n<meta name=\"robots\" content=\"index, follow, max-snippet:-1, max-image-preview:large, max-video-preview:-1\" \/>\n<link rel=\"canonical\" href=\"https:\/\/kamagra-official.to\/how-to-shop\/\" \/>\n<meta property=\"og:locale\" content=\"pt_PT\" \/>\n<meta property=\"og:type\" content=\"article\" \/>\n<meta property=\"og:title\" content=\"Como fazer compras - kamagra-official.to\" \/>\n<meta property=\"og:description\" content=\"Como Comprar Como Comprar Nesta sec\u00e7\u00e3o, encontrar\u00e1 informa\u00e7\u00f5es detalhadas sobre como comprar na nossa loja online [Nome da sua empresa]. Sele\u00e7\u00e3o de Produto Percorra a nossa oferta atrav\u00e9s das categorias ou da caixa de pesquisa. Ao clicar num produto, ir\u00e1 mostrar o seu detalhe, incluindo descri\u00e7\u00e3o, especifica\u00e7\u00f5es e avalia\u00e7\u00f5es de clientes. Adicionar ao Carrinho Quando [...]\" \/>\n<meta property=\"og:url\" content=\"https:\/\/kamagra-official.to\/how-to-shop\/\" \/>\n<meta property=\"og:site_name\" content=\"kamagra-official.to\" \/>\n<meta property=\"article:modified_time\" content=\"2025-03-06T18:56:59+00:00\" \/>\n<meta name=\"twitter:card\" content=\"summary_large_image\" \/>\n<meta name=\"twitter:label1\" content=\"Tempo estimado de leitura\" \/>\n\t<meta name=\"twitter:data1\" content=\"2 minutos\" \/>\n<script type=\"application\/ld+json\" class=\"yoast-schema-graph\">{\"@context\":\"https:\\\/\\\/schema.org\",\"@graph\":[{\"@type\":\"WebPage\",\"@id\":\"https:\\\/\\\/kamagra-official.to\\\/how-to-shop\\\/\",\"url\":\"https:\\\/\\\/kamagra-official.to\\\/how-to-shop\\\/\",\"name\":\"Como fazer compras - kamagra-official.to\",\"isPartOf\":{\"@id\":\"https:\\\/\\\/kamagra-official.to\\\/#website\"},\"datePublished\":\"2025-02-03T11:00:32+00:00\",\"dateModified\":\"2025-03-06T18:56:59+00:00\",\"breadcrumb\":{\"@id\":\"https:\\\/\\\/kamagra-official.to\\\/how-to-shop\\\/#breadcrumb\"},\"inLanguage\":\"pt-PT\",\"potentialAction\":[{\"@type\":\"ReadAction\",\"target\":[\"https:\\\/\\\/kamagra-official.to\\\/how-to-shop\\\/\"]}]},{\"@type\":\"BreadcrumbList\",\"@id\":\"https:\\\/\\\/kamagra-official.to\\\/how-to-shop\\\/#breadcrumb\",\"itemListElement\":[{\"@type\":\"ListItem\",\"position\":1,\"name\":\"Home\",\"item\":\"https:\\\/\\\/kamagra-official.to\\\/nl\\\/\"},{\"@type\":\"ListItem\",\"position\":2,\"name\":\"Como fazer compras\"}]},{\"@type\":\"WebSite\",\"@id\":\"https:\\\/\\\/kamagra-official.to\\\/#website\",\"url\":\"https:\\\/\\\/kamagra-official.to\\\/\",\"name\":\"kamagra-official.to\",\"description\":\"Revitalize Your Sexual Energy Across Europe\",\"publisher\":{\"@id\":\"https:\\\/\\\/kamagra-official.to\\\/#organization\"},\"potentialAction\":[{\"@type\":\"SearchAction\",\"target\":{\"@type\":\"EntryPoint\",\"urlTemplate\":\"https:\\\/\\\/kamagra-official.to\\\/?s={search_term_string}\"},\"query-input\":{\"@type\":\"PropertyValueSpecification\",\"valueRequired\":true,\"valueName\":\"search_term_string\"}}],\"inLanguage\":\"pt-PT\"},{\"@type\":\"Organization\",\"@id\":\"https:\\\/\\\/kamagra-official.to\\\/#organization\",\"name\":\"kamagra-official.to\",\"url\":\"https:\\\/\\\/kamagra-official.to\\\/\",\"logo\":{\"@type\":\"ImageObject\",\"inLanguage\":\"pt-PT\",\"@id\":\"https:\\\/\\\/kamagra-official.to\\\/#\\\/schema\\\/logo\\\/image\\\/\",\"url\":\"https:\\\/\\\/kamagra-official.to\\\/wp-content\\\/uploads\\\/2025\\\/02\\\/KAMAGRA-Photoroom-1.png\",\"contentUrl\":\"https:\\\/\\\/kamagra-official.to\\\/wp-content\\\/uploads\\\/2025\\\/02\\\/KAMAGRA-Photoroom-1.png\",\"width\":150,\"height\":153,\"caption\":\"kamagra-official.to\"},\"image\":{\"@id\":\"https:\\\/\\\/kamagra-official.to\\\/#\\\/schema\\\/logo\\\/image\\\/\"}}]}<\/script>\n<!-- \/ Yoast SEO plugin. -->","yoast_head_json":{"title":"Como fazer compras - kamagra-official.to","robots":{"index":"index","follow":"follow","max-snippet":"max-snippet:-1","max-image-preview":"max-image-preview:large","max-video-preview":"max-video-preview:-1"},"canonical":"https:\/\/kamagra-official.to\/how-to-shop\/","og_locale":"pt_PT","og_type":"article","og_title":"Como fazer compras - kamagra-official.to","og_description":"Como Comprar Como Comprar Nesta sec\u00e7\u00e3o, encontrar\u00e1 informa\u00e7\u00f5es detalhadas sobre como comprar na nossa loja online [Nome da sua empresa]. Sele\u00e7\u00e3o de Produto Percorra a nossa oferta atrav\u00e9s das categorias ou da caixa de pesquisa. Ao clicar num produto, ir\u00e1 mostrar o seu detalhe, incluindo descri\u00e7\u00e3o, especifica\u00e7\u00f5es e avalia\u00e7\u00f5es de clientes. Adicionar ao Carrinho Quando [...]","og_url":"https:\/\/kamagra-official.to\/how-to-shop\/","og_site_name":"kamagra-official.to","article_modified_time":"2025-03-06T18:56:59+00:00","twitter_card":"summary_large_image","twitter_misc":{"Tempo estimado de leitura":"2 minutos"},"schema":{"@context":"https:\/\/schema.org","@graph":[{"@type":"WebPage","@id":"https:\/\/kamagra-official.to\/how-to-shop\/","url":"https:\/\/kamagra-official.to\/how-to-shop\/","name":"Como fazer compras - kamagra-official.to","isPartOf":{"@id":"https:\/\/kamagra-official.to\/#website"},"datePublished":"2025-02-03T11:00:32+00:00","dateModified":"2025-03-06T18:56:59+00:00","breadcrumb":{"@id":"https:\/\/kamagra-official.to\/how-to-shop\/#breadcrumb"},"inLanguage":"pt-PT","potentialAction":[{"@type":"ReadAction","target":["https:\/\/kamagra-official.to\/how-to-shop\/"]}]},{"@type":"BreadcrumbList","@id":"https:\/\/kamagra-official.to\/how-to-shop\/#breadcrumb","itemListElement":[{"@type":"ListItem","position":1,"name":"Home","item":"https:\/\/kamagra-official.to\/nl\/"},{"@type":"ListItem","position":2,"name":"Como fazer compras"}]},{"@type":"WebSite","@id":"https:\/\/kamagra-official.to\/#website","url":"https:\/\/kamagra-official.to\/","name":"kamagra-official.to","description":"Revitalize Your Sexual Energy Across Europe","publisher":{"@id":"https:\/\/kamagra-official.to\/#organization"},"potentialAction":[{"@type":"SearchAction","target":{"@type":"EntryPoint","urlTemplate":"https:\/\/kamagra-official.to\/?s={search_term_string}"},"query-input":{"@type":"PropertyValueSpecification","valueRequired":true,"valueName":"search_term_string"}}],"inLanguage":"pt-PT"},{"@type":"Organization","@id":"https:\/\/kamagra-official.to\/#organization","name":"kamagra-official.to","url":"https:\/\/kamagra-official.to\/","logo":{"@type":"ImageObject","inLanguage":"pt-PT","@id":"https:\/\/kamagra-official.to\/#\/schema\/logo\/image\/","url":"https:\/\/kamagra-official.to\/wp-content\/uploads\/2025\/02\/KAMAGRA-Photoroom-1.png","contentUrl":"https:\/\/kamagra-official.to\/wp-content\/uploads\/2025\/02\/KAMAGRA-Photoroom-1.png","width":150,"height":153,"caption":"kamagra-official.to"},"image":{"@id":"https:\/\/kamagra-official.to\/#\/schema\/logo\/image\/"}}]}},"_links":{"self":[{"href":"https:\/\/kamagra-official.to\/pt-pt\/wp-json\/wp\/v2\/pages\/18107","targetHints":{"allow":["GET"]}}],"collection":[{"href":"https:\/\/kamagra-official.to\/pt-pt\/wp-json\/wp\/v2\/pages"}],"about":[{"href":"https:\/\/kamagra-official.to\/pt-pt\/wp-json\/wp\/v2\/types\/page"}],"author":[{"embeddable":true,"href":"https:\/\/kamagra-official.to\/pt-pt\/wp-json\/wp\/v2\/users\/1"}],"replies":[{"embeddable":true,"href":"https:\/\/kamagra-official.to\/pt-pt\/wp-json\/wp\/v2\/comments?post=18107"}],"version-history":[{"count":20,"href":"https:\/\/kamagra-official.to\/pt-pt\/wp-json\/wp\/v2\/pages\/18107\/revisions"}],"predecessor-version":[{"id":20475,"href":"https:\/\/kamagra-official.to\/pt-pt\/wp-json\/wp\/v2\/pages\/18107\/revisions\/20475"}],"wp:attachment":[{"href":"https:\/\/kamagra-official.to\/pt-pt\/wp-json\/wp\/v2\/media?parent=18107"}],"curies":[{"name":"wp","href":"https:\/\/api.w.org\/{rel}","templated":true}]}}