{"id":17750,"date":"2025-02-03T10:59:45","date_gmt":"2025-02-03T10:59:45","guid":{"rendered":"https:\/\/world-shop.info\/transporte-e-pagamento\/"},"modified":"2025-02-11T15:26:54","modified_gmt":"2025-02-11T15:26:54","slug":"transporte-e-pagamento","status":"publish","type":"page","link":"https:\/\/kamagra-official.to\/pt-pt\/transporte-e-pagamento\/","title":{"rendered":"Transporte e pagamento"},"content":{"rendered":"\t\t<div data-elementor-type=\"wp-page\" data-elementor-id=\"17750\" class=\"elementor elementor-17750 elementor-17387\" data-elementor-post-type=\"page\">\n\t\t\t\t<div class=\"elementor-element elementor-element-e5b1460 e-flex e-con-boxed e-con e-parent\" data-id=\"e5b1460\" data-element_type=\"container\" data-e-type=\"container\">\n\t\t\t\t\t<div class=\"e-con-inner\">\n\t\t\t\t<div class=\"elementor-element elementor-element-ca36751 elementor-widget elementor-widget-spacer\" data-id=\"ca36751\" data-element_type=\"widget\" data-e-type=\"widget\" data-widget_type=\"spacer.default\">\n\t\t\t\t<div class=\"elementor-widget-container\">\n\t\t\t\t\t\t\t<div class=\"elementor-spacer\">\n\t\t\t<div class=\"elementor-spacer-inner\"><\/div>\n\t\t<\/div>\n\t\t\t\t\t\t<\/div>\n\t\t\t\t<\/div>\n\t\t\t\t\t<\/div>\n\t\t\t\t<\/div>\n\t\t<div class=\"elementor-element elementor-element-f84ae7d e-flex e-con-boxed e-con e-parent\" data-id=\"f84ae7d\" data-element_type=\"container\" data-e-type=\"container\">\n\t\t\t\t\t<div class=\"e-con-inner\">\n\t\t\t\t<div class=\"elementor-element elementor-element-9adf117 elementor-widget elementor-widget-text-editor\" data-id=\"9adf117\" data-element_type=\"widget\" data-e-type=\"widget\" data-widget_type=\"text-editor.default\">\n\t\t\t\t<div class=\"elementor-widget-container\">\n\t\t\t\t\t\t\t\t\t<!DOCTYPE html>\n<html lang=\"pt-pt\">\n<head>\n    <meta charset=\"UTF-8\">\n    <meta name=\"viewport\" content=\"width=device-width, initial-scale=1.0\">\n    <title>Transporte \u00e0 cobran\u00e7a<\/title>\n<\/head>\n<body>\n    <h2>Transporte \u00e0 cobran\u00e7a<\/h2>\n    <p>Esta sec\u00e7\u00e3o fornece informa\u00e7\u00f5es sobre a possibilidade de transporte com pagamento \u00e0 cobran\u00e7a ao fazer compras na nossa loja [Nome da sua empresa].<\/p>\n    \n    <h4>Possibilidade de transporte \u00e0 cobran\u00e7a<\/h4>\n    <p>O pagamento contra entrega \u00e9 uma maneira conveniente de pagar por mercadorias encomendadas apenas ap\u00f3s a sua entrega. Este servi\u00e7o est\u00e1 dispon\u00edvel atrav\u00e9s do servi\u00e7o de courier.<\/p>\n    \n    <h4>Como funciona a cobran\u00e7a<\/h4>\n    <p>Ap\u00f3s a conclus\u00e3o do pedido e a escolha do pagamento contra entrega como m\u00e9todo de pagamento, preparamos e enviamos sua encomenda. No momento da entrega, voc\u00ea pagar\u00e1 ao mensageiro em dinheiro ou com cart\u00e3o, de acordo com a sua prefer\u00eancia.<\/p>\n    \n    <h4>Prazos de entrega<\/h4>\n    <p>O prazo de entrega ao pagar \u00e0 cobran\u00e7a normalmente varia entre 2-5 dias \u00fateis, dependendo da sua localiza\u00e7\u00e3o.<\/p>\n   \n    <h4>Vantagens da cobran\u00e7a<\/h4>\n    <ul>\n        <li><strong>Conveni\u00eancia<\/strong> &#8211; Pague apenas na rece\u00e7\u00e3o da mercadoria.<\/li>\n        <li><strong>Seguran\u00e7a<\/strong> &#8211; Voc\u00ea n\u00e3o precisa fornecer detalhes de pagamento online.<\/li>\n        <li><strong>Flexibilidade<\/strong> &#8211; Possibilidade de pagar em dinheiro ou com cart\u00e3o na entrega.<\/li>\n    <\/ul>\n    \n    <h4>Contacte-nos<\/h4>\n    <p>Se tiver alguma d\u00favida sobre o transporte \u00e0 cobran\u00e7a, n\u00e3o hesite em contactar-nos em: [E-mail de contacto].<\/p>\n<\/body>\n<\/html>\t\t\t\t\t\t\t\t<\/div>\n\t\t\t\t<\/div>\n\t\t\t\t\t<\/div>\n\t\t\t\t<\/div>\n\t\t\t\t<\/div>\n\t\t","protected":false},"excerpt":{"rendered":"<p>Transporte \u00e0 cobran\u00e7a Transporte \u00e0 cobran\u00e7a Esta sec\u00e7\u00e3o fornece informa\u00e7\u00f5es sobre a possibilidade de transporte com pagamento \u00e0 cobran\u00e7a ao fazer compras na nossa loja [Nome da sua empresa]. Possibilidade de transporte \u00e0 cobran\u00e7a O pagamento contra entrega \u00e9 uma maneira conveniente de pagar por mercadorias encomendadas apenas ap\u00f3s a sua entrega. Este servi\u00e7o est\u00e1 [&#8230;]\n","protected":false},"author":1,"featured_media":0,"parent":0,"menu_order":0,"comment_status":"closed","ping_status":"closed","template":"","meta":{"footnotes":""},"class_list":["post-17750","page","type-page","status-publish","hentry"],"yoast_head":"<!-- This site is optimized with the Yoast SEO plugin v27.5 - https:\/\/yoast.com\/product\/yoast-seo-wordpress\/ -->\n<title>Transporte e pagamento - kamagra-official.to<\/title>\n<meta name=\"robots\" content=\"index, follow, max-snippet:-1, max-image-preview:large, max-video-preview:-1\" \/>\n<link rel=\"canonical\" href=\"https:\/\/kamagra-official.to\/shipping-and-payment\/\" \/>\n<meta property=\"og:locale\" content=\"pt_PT\" \/>\n<meta property=\"og:type\" content=\"article\" \/>\n<meta property=\"og:title\" content=\"Transporte e pagamento - kamagra-official.to\" \/>\n<meta property=\"og:description\" content=\"Transporte \u00e0 cobran\u00e7a Transporte \u00e0 cobran\u00e7a Esta sec\u00e7\u00e3o fornece informa\u00e7\u00f5es sobre a possibilidade de transporte com pagamento \u00e0 cobran\u00e7a ao fazer compras na nossa loja [Nome da sua empresa]. Possibilidade de transporte \u00e0 cobran\u00e7a O pagamento contra entrega \u00e9 uma maneira conveniente de pagar por mercadorias encomendadas apenas ap\u00f3s a sua entrega. Este servi\u00e7o est\u00e1 [...]\" \/>\n<meta property=\"og:url\" content=\"https:\/\/kamagra-official.to\/shipping-and-payment\/\" \/>\n<meta property=\"og:site_name\" content=\"kamagra-official.to\" \/>\n<meta property=\"article:modified_time\" content=\"2025-02-11T15:26:54+00:00\" \/>\n<meta name=\"twitter:card\" content=\"summary_large_image\" \/>\n<meta name=\"twitter:label1\" content=\"Tempo estimado de leitura\" \/>\n\t<meta name=\"twitter:data1\" content=\"1 minuto\" \/>\n<script type=\"application\/ld+json\" class=\"yoast-schema-graph\">{\"@context\":\"https:\\\/\\\/schema.org\",\"@graph\":[{\"@type\":\"WebPage\",\"@id\":\"https:\\\/\\\/kamagra-official.to\\\/shipping-and-payment\\\/\",\"url\":\"https:\\\/\\\/kamagra-official.to\\\/shipping-and-payment\\\/\",\"name\":\"Transporte e pagamento - kamagra-official.to\",\"isPartOf\":{\"@id\":\"https:\\\/\\\/kamagra-official.to\\\/#website\"},\"datePublished\":\"2025-02-03T10:59:45+00:00\",\"dateModified\":\"2025-02-11T15:26:54+00:00\",\"breadcrumb\":{\"@id\":\"https:\\\/\\\/kamagra-official.to\\\/shipping-and-payment\\\/#breadcrumb\"},\"inLanguage\":\"pt-PT\",\"potentialAction\":[{\"@type\":\"ReadAction\",\"target\":[\"https:\\\/\\\/kamagra-official.to\\\/shipping-and-payment\\\/\"]}]},{\"@type\":\"BreadcrumbList\",\"@id\":\"https:\\\/\\\/kamagra-official.to\\\/shipping-and-payment\\\/#breadcrumb\",\"itemListElement\":[{\"@type\":\"ListItem\",\"position\":1,\"name\":\"Home\",\"item\":\"https:\\\/\\\/kamagra-official.to\\\/nl\\\/\"},{\"@type\":\"ListItem\",\"position\":2,\"name\":\"Transporte e pagamento\"}]},{\"@type\":\"WebSite\",\"@id\":\"https:\\\/\\\/kamagra-official.to\\\/#website\",\"url\":\"https:\\\/\\\/kamagra-official.to\\\/\",\"name\":\"kamagra-official.to\",\"description\":\"Revitalize Your Sexual Energy Across Europe\",\"publisher\":{\"@id\":\"https:\\\/\\\/kamagra-official.to\\\/#organization\"},\"potentialAction\":[{\"@type\":\"SearchAction\",\"target\":{\"@type\":\"EntryPoint\",\"urlTemplate\":\"https:\\\/\\\/kamagra-official.to\\\/?s={search_term_string}\"},\"query-input\":{\"@type\":\"PropertyValueSpecification\",\"valueRequired\":true,\"valueName\":\"search_term_string\"}}],\"inLanguage\":\"pt-PT\"},{\"@type\":\"Organization\",\"@id\":\"https:\\\/\\\/kamagra-official.to\\\/#organization\",\"name\":\"kamagra-official.to\",\"url\":\"https:\\\/\\\/kamagra-official.to\\\/\",\"logo\":{\"@type\":\"ImageObject\",\"inLanguage\":\"pt-PT\",\"@id\":\"https:\\\/\\\/kamagra-official.to\\\/#\\\/schema\\\/logo\\\/image\\\/\",\"url\":\"https:\\\/\\\/kamagra-official.to\\\/wp-content\\\/uploads\\\/2025\\\/02\\\/KAMAGRA-Photoroom-1.png\",\"contentUrl\":\"https:\\\/\\\/kamagra-official.to\\\/wp-content\\\/uploads\\\/2025\\\/02\\\/KAMAGRA-Photoroom-1.png\",\"width\":150,\"height\":153,\"caption\":\"kamagra-official.to\"},\"image\":{\"@id\":\"https:\\\/\\\/kamagra-official.to\\\/#\\\/schema\\\/logo\\\/image\\\/\"}}]}<\/script>\n<!-- \/ Yoast SEO plugin. -->","yoast_head_json":{"title":"Transporte e pagamento - kamagra-official.to","robots":{"index":"index","follow":"follow","max-snippet":"max-snippet:-1","max-image-preview":"max-image-preview:large","max-video-preview":"max-video-preview:-1"},"canonical":"https:\/\/kamagra-official.to\/shipping-and-payment\/","og_locale":"pt_PT","og_type":"article","og_title":"Transporte e pagamento - kamagra-official.to","og_description":"Transporte \u00e0 cobran\u00e7a Transporte \u00e0 cobran\u00e7a Esta sec\u00e7\u00e3o fornece informa\u00e7\u00f5es sobre a possibilidade de transporte com pagamento \u00e0 cobran\u00e7a ao fazer compras na nossa loja [Nome da sua empresa]. Possibilidade de transporte \u00e0 cobran\u00e7a O pagamento contra entrega \u00e9 uma maneira conveniente de pagar por mercadorias encomendadas apenas ap\u00f3s a sua entrega. Este servi\u00e7o est\u00e1 [...]","og_url":"https:\/\/kamagra-official.to\/shipping-and-payment\/","og_site_name":"kamagra-official.to","article_modified_time":"2025-02-11T15:26:54+00:00","twitter_card":"summary_large_image","twitter_misc":{"Tempo estimado de leitura":"1 minuto"},"schema":{"@context":"https:\/\/schema.org","@graph":[{"@type":"WebPage","@id":"https:\/\/kamagra-official.to\/shipping-and-payment\/","url":"https:\/\/kamagra-official.to\/shipping-and-payment\/","name":"Transporte e pagamento - kamagra-official.to","isPartOf":{"@id":"https:\/\/kamagra-official.to\/#website"},"datePublished":"2025-02-03T10:59:45+00:00","dateModified":"2025-02-11T15:26:54+00:00","breadcrumb":{"@id":"https:\/\/kamagra-official.to\/shipping-and-payment\/#breadcrumb"},"inLanguage":"pt-PT","potentialAction":[{"@type":"ReadAction","target":["https:\/\/kamagra-official.to\/shipping-and-payment\/"]}]},{"@type":"BreadcrumbList","@id":"https:\/\/kamagra-official.to\/shipping-and-payment\/#breadcrumb","itemListElement":[{"@type":"ListItem","position":1,"name":"Home","item":"https:\/\/kamagra-official.to\/nl\/"},{"@type":"ListItem","position":2,"name":"Transporte e pagamento"}]},{"@type":"WebSite","@id":"https:\/\/kamagra-official.to\/#website","url":"https:\/\/kamagra-official.to\/","name":"kamagra-official.to","description":"Revitalize Your Sexual Energy Across Europe","publisher":{"@id":"https:\/\/kamagra-official.to\/#organization"},"potentialAction":[{"@type":"SearchAction","target":{"@type":"EntryPoint","urlTemplate":"https:\/\/kamagra-official.to\/?s={search_term_string}"},"query-input":{"@type":"PropertyValueSpecification","valueRequired":true,"valueName":"search_term_string"}}],"inLanguage":"pt-PT"},{"@type":"Organization","@id":"https:\/\/kamagra-official.to\/#organization","name":"kamagra-official.to","url":"https:\/\/kamagra-official.to\/","logo":{"@type":"ImageObject","inLanguage":"pt-PT","@id":"https:\/\/kamagra-official.to\/#\/schema\/logo\/image\/","url":"https:\/\/kamagra-official.to\/wp-content\/uploads\/2025\/02\/KAMAGRA-Photoroom-1.png","contentUrl":"https:\/\/kamagra-official.to\/wp-content\/uploads\/2025\/02\/KAMAGRA-Photoroom-1.png","width":150,"height":153,"caption":"kamagra-official.to"},"image":{"@id":"https:\/\/kamagra-official.to\/#\/schema\/logo\/image\/"}}]}},"_links":{"self":[{"href":"https:\/\/kamagra-official.to\/pt-pt\/wp-json\/wp\/v2\/pages\/17750","targetHints":{"allow":["GET"]}}],"collection":[{"href":"https:\/\/kamagra-official.to\/pt-pt\/wp-json\/wp\/v2\/pages"}],"about":[{"href":"https:\/\/kamagra-official.to\/pt-pt\/wp-json\/wp\/v2\/types\/page"}],"author":[{"embeddable":true,"href":"https:\/\/kamagra-official.to\/pt-pt\/wp-json\/wp\/v2\/users\/1"}],"replies":[{"embeddable":true,"href":"https:\/\/kamagra-official.to\/pt-pt\/wp-json\/wp\/v2\/comments?post=17750"}],"version-history":[{"count":5,"href":"https:\/\/kamagra-official.to\/pt-pt\/wp-json\/wp\/v2\/pages\/17750\/revisions"}],"predecessor-version":[{"id":18412,"href":"https:\/\/kamagra-official.to\/pt-pt\/wp-json\/wp\/v2\/pages\/17750\/revisions\/18412"}],"wp:attachment":[{"href":"https:\/\/kamagra-official.to\/pt-pt\/wp-json\/wp\/v2\/media?parent=17750"}],"curies":[{"name":"wp","href":"https:\/\/api.w.org\/{rel}","templated":true}]}}