{"id":24788,"date":"2024-12-16T00:51:27","date_gmt":"2024-12-16T00:51:27","guid":{"rendered":"https:\/\/kamagra-official.to\/product\/kamagra-gold-100mg\/"},"modified":"2025-10-02T19:24:13","modified_gmt":"2025-10-02T19:24:13","slug":"kamagra-gold-100mg","status":"publish","type":"product","link":"https:\/\/kamagra-official.to\/pl\/product\/kamagra-gold-100mg\/","title":{"rendered":"Kamagra Gold 100mg"},"content":{"rendered":"<h3><strong>Kamagra Gold 100mg \u2013 Przyst\u0119pne, zaufane rozwi\u0105zanie na d\u0142ugotrwa\u0142e erekcje<\/strong><\/h3>\n<p>Kamagra Gold 100mg jest bud\u017cetow\u0105 alternatyw\u0105 dla Viagry oferuj\u0105c\u0105 te same sprawdzone rezultaty. Ten produkt o wysokiej jako\u015bci jest odpowiedni dla m\u0119\u017cczyzn borykaj\u0105cych si\u0119 zar\u00f3wno z \u0142agodnymi jak i mocniejszymi problemami z erekcj\u0105. <strong>Sildenafil<\/strong>, aktywny sk\u0142adnik, poprawia przep\u0142yw krwi do penisa, prowadz\u0105c do silnych i pewnych erekcji. Dzi\u0119ki jednej tabletce, mo\u017cesz odzyska\u0107 swoj\u0105 sprawno\u015b\u0107 seksualn\u0105 i pewno\u015b\u0107 siebie.<\/p>\n<h3>G\u0142\u00f3wne Zalety Kamagra Gold<\/h3>\n<ul>\n<li><strong>Niezawodna skuteczno\u015b\u0107:<\/strong> Sildenafil to klinicznie zaufany \u015brodek na zaburzenia erekcji.<\/li>\n<li><strong>\u015awietna cena:<\/strong> Kamagra Gold jest bardziej ekonomiczna w por\u00f3wnaniu do oryginalnej Viagry.<\/li>\n<li><strong>D\u0142ugotrwa\u0142e rezultaty:<\/strong> Efekt Kamagra Gold utrzymuje si\u0119 od 4 do 6 godzin.<\/li>\n<\/ul>\n<h3>Zalecana Dawka<\/h3>\n<p>Zacznij od przyj\u0119cia po\u0142owy tabletki oko\u0142o 30\u201360 minut przed planowan\u0105 aktywno\u015bci\u0105 seksualn\u0105. Je\u015bli efekt jest niewystarczaj\u0105cy, mo\u017cesz zwi\u0119kszy\u0107 dawk\u0119 do jednej ca\u0142ej tabletki. Nigdy nie przekraczaj dawki jednej tabletki dziennie. Po\u0142ykaj z du\u017c\u0105 ilo\u015bci\u0105 wody. Kamagra Gold nie jest przeznaczona dla kobiet ani os\u00f3b poni\u017cej 18 roku \u017cycia.<\/p>\n<h3>Pocz\u0105tek Dzia\u0142ania<\/h3>\n<p>Pocz\u0105tkowe efekty Kamagra Gold zazwyczaj mo\u017cna odczu\u0107 w ci\u0105gu 30\u201360 minut, a dzia\u0142aj\u0105 od 4 do 6 godzin. Po spo\u017cyciu ci\u0119\u017ckiego posi\u0142ku, efekt mo\u017ce by\u0107 nieco op\u00f3\u017aniony. Stymulacja seksualna jest wymagana dla dzia\u0142ania tego produktu; Kamagra Gold nie jest afrodyzjakiem i nie zwi\u0119ksza libido.<\/p>\n<h3>Alkohol i Jedzenie<\/h3>\n<p>\u0141\u0105czenie Kamagra Gold z alkoholem nie jest zalecane, poniewa\u017c mo\u017ce to zmniejszy\u0107 skuteczno\u015b\u0107. Podobnie, t\u0142uste lub ci\u0119\u017ckie jedzenie mo\u017ce op\u00f3\u017ani\u0107, jak szybko zacznie dzia\u0142a\u0107.<\/p>\n<h3>Mo\u017cliwe Skutki Uboczne<\/h3>\n<p>Kamagra Gold 100mg jest generalnie dobrze tolerowana, ale mog\u0105 wyst\u0105pi\u0107 \u0142agodne i tymczasowe skutki uboczne, takie jak:<\/p>\n<ul>\n<li>B\u00f3l g\u0142owy<\/li>\n<li>Krwotoki z nosa<\/li>\n<li>Bezsenno\u015b\u0107<\/li>\n<li>Biegunka<\/li>\n<\/ul>\n<p><strong>Mniej powszechne efekty<\/strong> mog\u0105 obejmowa\u0107 zawroty g\u0142owy, zaburzenia widzenia, b\u00f3l mi\u0119\u015bni, nudno\u015bci, wysypk\u0119 sk\u00f3rn\u0105 lub zatkanie nosa. Skontaktuj si\u0119 z lekarzem, je\u015bli do\u015bwiadczysz powa\u017cniejszych komplikacji.<\/p>\n<h3>Kiedy Nie Stosowa\u0107 Kamagra Gold<\/h3>\n<ul>\n<li>Je\u015bli przyjmujesz leki zawieraj\u0105ce <strong>nitraty<\/strong>.<\/li>\n<li>Je\u015bli mia\u0142e\u015b zawa\u0142 serca lub udar w ci\u0105gu ostatnich 3 miesi\u0119cy, lub niewydolno\u015b\u0107 serca w ci\u0105gu ostatnich 6 miesi\u0119cy.<\/li>\n<li>Je\u015bli cierpisz na nadci\u015bnienie t\u0119tnicze lub zaburzenia krzepni\u0119cia\/krwotoczne.<\/li>\n<li>Je\u015bli jeste\u015b uczulony na <strong>sildenafil<\/strong>.<\/li>\n<\/ul>\n<h3>Przechowywanie<\/h3>\n<p>Przechowuj Kamagra Gold w oryginalnym opakowaniu, w suchym miejscu, z dala od dzieci, w temperaturze 10\u201330\u00b0C i z daleka od bezpo\u015bredniego \u015bwiat\u0142a s\u0142onecznego.<\/p>\n","protected":false},"excerpt":{"rendered":"<p><strong>100 mg Sildenafilu<\/strong><\/p>\n<p>To pude\u0142ko zawiera 4 tabletki, ka\u017cda z dawk\u0105 100 mg sildenafilu. Przeznaczone do skutecznego i wygodnego wsparcia w przypadku trudno\u015bci z erekcj\u0105, te tabletki oferuj\u0105 niezawodne dzia\u0142anie i odnowione zaufanie &#8211; sprawiaj\u0105c, \u017ce blisko\u015b\u0107 jest bardziej satysfakcjonuj\u0105ca, kiedykolwiek jej potrzebujesz.<\/p>\n","protected":false},"featured_media":23803,"template":"","meta":[],"product_brand":[],"product_cat":[202,206],"product_tag":[],"class_list":{"0":"post-24788","1":"product","2":"type-product","3":"status-publish","4":"has-post-thumbnail","6":"product_cat-generyczna-viagra","7":"product_cat-tabletki-kamagra","9":"first","10":"instock","11":"shipping-taxable","12":"purchasable","13":"product-type-simple"},"yoast_head":"<!-- This site is optimized with the Yoast SEO plugin v27.5 - https:\/\/yoast.com\/product\/yoast-seo-wordpress\/ -->\n<title>Kamagra Gold 100mg - kamagra-official.to<\/title>\n<meta name=\"robots\" content=\"index, follow, max-snippet:-1, max-image-preview:large, max-video-preview:-1\" \/>\n<link rel=\"canonical\" href=\"https:\/\/kamagra-official.to\/pl\/product\/kamagra-gold-100mg\/\" \/>\n<meta property=\"og:locale\" content=\"pl_PL\" \/>\n<meta property=\"og:type\" content=\"article\" \/>\n<meta property=\"og:title\" content=\"Kamagra Gold 100mg - kamagra-official.to\" \/>\n<meta property=\"og:description\" content=\"100 mg Sildenafilu To pude\u0142ko zawiera 4 tabletki, ka\u017cda z dawk\u0105 100 mg sildenafilu. Przeznaczone do skutecznego i wygodnego wsparcia w przypadku trudno\u015bci z erekcj\u0105, te tabletki oferuj\u0105 niezawodne dzia\u0142anie i odnowione zaufanie - sprawiaj\u0105c, \u017ce blisko\u015b\u0107 jest bardziej satysfakcjonuj\u0105ca, kiedykolwiek jej potrzebujesz.\" \/>\n<meta property=\"og:url\" content=\"https:\/\/kamagra-official.to\/pl\/product\/kamagra-gold-100mg\/\" \/>\n<meta property=\"og:site_name\" content=\"kamagra-official.to\" \/>\n<meta property=\"article:modified_time\" content=\"2025-10-02T19:24:13+00:00\" \/>\n<meta property=\"og:image\" content=\"https:\/\/kamagra-official.to\/wp-content\/uploads\/2025\/09\/kamagra_gold-768x768-1.jpg\" \/>\n\t<meta property=\"og:image:width\" content=\"768\" \/>\n\t<meta property=\"og:image:height\" content=\"768\" \/>\n\t<meta property=\"og:image:type\" content=\"image\/jpeg\" \/>\n<meta name=\"twitter:card\" content=\"summary_large_image\" \/>\n<meta name=\"twitter:label1\" content=\"Szacowany czas czytania\" \/>\n\t<meta name=\"twitter:data1\" content=\"2 minuty\" \/>\n<script type=\"application\/ld+json\" class=\"yoast-schema-graph\">{\"@context\":\"https:\\\/\\\/schema.org\",\"@graph\":[{\"@type\":\"WebPage\",\"@id\":\"https:\\\/\\\/kamagra-official.to\\\/pl\\\/product\\\/kamagra-gold-100mg\\\/\",\"url\":\"https:\\\/\\\/kamagra-official.to\\\/pl\\\/product\\\/kamagra-gold-100mg\\\/\",\"name\":\"Kamagra Gold 100mg - kamagra-official.to\",\"isPartOf\":{\"@id\":\"https:\\\/\\\/kamagra-official.to\\\/#website\"},\"primaryImageOfPage\":{\"@id\":\"https:\\\/\\\/kamagra-official.to\\\/pl\\\/product\\\/kamagra-gold-100mg\\\/#primaryimage\"},\"image\":{\"@id\":\"https:\\\/\\\/kamagra-official.to\\\/pl\\\/product\\\/kamagra-gold-100mg\\\/#primaryimage\"},\"thumbnailUrl\":\"https:\\\/\\\/kamagra-official.to\\\/wp-content\\\/uploads\\\/2025\\\/09\\\/kamagra_gold-768x768-1.jpg\",\"datePublished\":\"2024-12-16T00:51:27+00:00\",\"dateModified\":\"2025-10-02T19:24:13+00:00\",\"breadcrumb\":{\"@id\":\"https:\\\/\\\/kamagra-official.to\\\/pl\\\/product\\\/kamagra-gold-100mg\\\/#breadcrumb\"},\"inLanguage\":\"pl-PL\",\"potentialAction\":[{\"@type\":\"ReadAction\",\"target\":[\"https:\\\/\\\/kamagra-official.to\\\/pl\\\/product\\\/kamagra-gold-100mg\\\/\"]}]},{\"@type\":\"ImageObject\",\"inLanguage\":\"pl-PL\",\"@id\":\"https:\\\/\\\/kamagra-official.to\\\/pl\\\/product\\\/kamagra-gold-100mg\\\/#primaryimage\",\"url\":\"https:\\\/\\\/kamagra-official.to\\\/wp-content\\\/uploads\\\/2025\\\/09\\\/kamagra_gold-768x768-1.jpg\",\"contentUrl\":\"https:\\\/\\\/kamagra-official.to\\\/wp-content\\\/uploads\\\/2025\\\/09\\\/kamagra_gold-768x768-1.jpg\",\"width\":768,\"height\":768},{\"@type\":\"BreadcrumbList\",\"@id\":\"https:\\\/\\\/kamagra-official.to\\\/pl\\\/product\\\/kamagra-gold-100mg\\\/#breadcrumb\",\"itemListElement\":[{\"@type\":\"ListItem\",\"position\":1,\"name\":\"Home\",\"item\":\"https:\\\/\\\/kamagra-official.to\\\/nl\\\/\"},{\"@type\":\"ListItem\",\"position\":2,\"name\":\"Shop\",\"item\":\"https:\\\/\\\/kamagra-official.to\\\/shop\\\/\"},{\"@type\":\"ListItem\",\"position\":3,\"name\":\"Kamagra Gold 100mg\"}]},{\"@type\":\"WebSite\",\"@id\":\"https:\\\/\\\/kamagra-official.to\\\/#website\",\"url\":\"https:\\\/\\\/kamagra-official.to\\\/\",\"name\":\"kamagra-official.to\",\"description\":\"Revitalize Your Sexual Energy Across Europe\",\"publisher\":{\"@id\":\"https:\\\/\\\/kamagra-official.to\\\/#organization\"},\"potentialAction\":[{\"@type\":\"SearchAction\",\"target\":{\"@type\":\"EntryPoint\",\"urlTemplate\":\"https:\\\/\\\/kamagra-official.to\\\/?s={search_term_string}\"},\"query-input\":{\"@type\":\"PropertyValueSpecification\",\"valueRequired\":true,\"valueName\":\"search_term_string\"}}],\"inLanguage\":\"pl-PL\"},{\"@type\":\"Organization\",\"@id\":\"https:\\\/\\\/kamagra-official.to\\\/#organization\",\"name\":\"kamagra-official.to\",\"url\":\"https:\\\/\\\/kamagra-official.to\\\/\",\"logo\":{\"@type\":\"ImageObject\",\"inLanguage\":\"pl-PL\",\"@id\":\"https:\\\/\\\/kamagra-official.to\\\/#\\\/schema\\\/logo\\\/image\\\/\",\"url\":\"https:\\\/\\\/kamagra-official.to\\\/wp-content\\\/uploads\\\/2025\\\/02\\\/KAMAGRA-Photoroom-1.png\",\"contentUrl\":\"https:\\\/\\\/kamagra-official.to\\\/wp-content\\\/uploads\\\/2025\\\/02\\\/KAMAGRA-Photoroom-1.png\",\"width\":150,\"height\":153,\"caption\":\"kamagra-official.to\"},\"image\":{\"@id\":\"https:\\\/\\\/kamagra-official.to\\\/#\\\/schema\\\/logo\\\/image\\\/\"}}]}<\/script>\n<!-- \/ Yoast SEO plugin. -->","yoast_head_json":{"title":"Kamagra Gold 100mg - kamagra-official.to","robots":{"index":"index","follow":"follow","max-snippet":"max-snippet:-1","max-image-preview":"max-image-preview:large","max-video-preview":"max-video-preview:-1"},"canonical":"https:\/\/kamagra-official.to\/pl\/product\/kamagra-gold-100mg\/","og_locale":"pl_PL","og_type":"article","og_title":"Kamagra Gold 100mg - kamagra-official.to","og_description":"100 mg Sildenafilu To pude\u0142ko zawiera 4 tabletki, ka\u017cda z dawk\u0105 100 mg sildenafilu. Przeznaczone do skutecznego i wygodnego wsparcia w przypadku trudno\u015bci z erekcj\u0105, te tabletki oferuj\u0105 niezawodne dzia\u0142anie i odnowione zaufanie - sprawiaj\u0105c, \u017ce blisko\u015b\u0107 jest bardziej satysfakcjonuj\u0105ca, kiedykolwiek jej potrzebujesz.","og_url":"https:\/\/kamagra-official.to\/pl\/product\/kamagra-gold-100mg\/","og_site_name":"kamagra-official.to","article_modified_time":"2025-10-02T19:24:13+00:00","og_image":[{"width":768,"height":768,"url":"https:\/\/kamagra-official.to\/wp-content\/uploads\/2025\/09\/kamagra_gold-768x768-1.jpg","type":"image\/jpeg"}],"twitter_card":"summary_large_image","twitter_misc":{"Szacowany czas czytania":"2 minuty"},"schema":{"@context":"https:\/\/schema.org","@graph":[{"@type":"WebPage","@id":"https:\/\/kamagra-official.to\/pl\/product\/kamagra-gold-100mg\/","url":"https:\/\/kamagra-official.to\/pl\/product\/kamagra-gold-100mg\/","name":"Kamagra Gold 100mg - kamagra-official.to","isPartOf":{"@id":"https:\/\/kamagra-official.to\/#website"},"primaryImageOfPage":{"@id":"https:\/\/kamagra-official.to\/pl\/product\/kamagra-gold-100mg\/#primaryimage"},"image":{"@id":"https:\/\/kamagra-official.to\/pl\/product\/kamagra-gold-100mg\/#primaryimage"},"thumbnailUrl":"https:\/\/kamagra-official.to\/wp-content\/uploads\/2025\/09\/kamagra_gold-768x768-1.jpg","datePublished":"2024-12-16T00:51:27+00:00","dateModified":"2025-10-02T19:24:13+00:00","breadcrumb":{"@id":"https:\/\/kamagra-official.to\/pl\/product\/kamagra-gold-100mg\/#breadcrumb"},"inLanguage":"pl-PL","potentialAction":[{"@type":"ReadAction","target":["https:\/\/kamagra-official.to\/pl\/product\/kamagra-gold-100mg\/"]}]},{"@type":"ImageObject","inLanguage":"pl-PL","@id":"https:\/\/kamagra-official.to\/pl\/product\/kamagra-gold-100mg\/#primaryimage","url":"https:\/\/kamagra-official.to\/wp-content\/uploads\/2025\/09\/kamagra_gold-768x768-1.jpg","contentUrl":"https:\/\/kamagra-official.to\/wp-content\/uploads\/2025\/09\/kamagra_gold-768x768-1.jpg","width":768,"height":768},{"@type":"BreadcrumbList","@id":"https:\/\/kamagra-official.to\/pl\/product\/kamagra-gold-100mg\/#breadcrumb","itemListElement":[{"@type":"ListItem","position":1,"name":"Home","item":"https:\/\/kamagra-official.to\/nl\/"},{"@type":"ListItem","position":2,"name":"Shop","item":"https:\/\/kamagra-official.to\/shop\/"},{"@type":"ListItem","position":3,"name":"Kamagra Gold 100mg"}]},{"@type":"WebSite","@id":"https:\/\/kamagra-official.to\/#website","url":"https:\/\/kamagra-official.to\/","name":"kamagra-official.to","description":"Revitalize Your Sexual Energy Across Europe","publisher":{"@id":"https:\/\/kamagra-official.to\/#organization"},"potentialAction":[{"@type":"SearchAction","target":{"@type":"EntryPoint","urlTemplate":"https:\/\/kamagra-official.to\/?s={search_term_string}"},"query-input":{"@type":"PropertyValueSpecification","valueRequired":true,"valueName":"search_term_string"}}],"inLanguage":"pl-PL"},{"@type":"Organization","@id":"https:\/\/kamagra-official.to\/#organization","name":"kamagra-official.to","url":"https:\/\/kamagra-official.to\/","logo":{"@type":"ImageObject","inLanguage":"pl-PL","@id":"https:\/\/kamagra-official.to\/#\/schema\/logo\/image\/","url":"https:\/\/kamagra-official.to\/wp-content\/uploads\/2025\/02\/KAMAGRA-Photoroom-1.png","contentUrl":"https:\/\/kamagra-official.to\/wp-content\/uploads\/2025\/02\/KAMAGRA-Photoroom-1.png","width":150,"height":153,"caption":"kamagra-official.to"},"image":{"@id":"https:\/\/kamagra-official.to\/#\/schema\/logo\/image\/"}}]}},"_links":{"self":[{"href":"https:\/\/kamagra-official.to\/pl\/wp-json\/wp\/v2\/product\/24788","targetHints":{"allow":["GET"]}}],"collection":[{"href":"https:\/\/kamagra-official.to\/pl\/wp-json\/wp\/v2\/product"}],"about":[{"href":"https:\/\/kamagra-official.to\/pl\/wp-json\/wp\/v2\/types\/product"}],"wp:featuredmedia":[{"embeddable":true,"href":"https:\/\/kamagra-official.to\/pl\/wp-json\/wp\/v2\/media\/23803"}],"wp:attachment":[{"href":"https:\/\/kamagra-official.to\/pl\/wp-json\/wp\/v2\/media?parent=24788"}],"wp:term":[{"taxonomy":"product_brand","embeddable":true,"href":"https:\/\/kamagra-official.to\/pl\/wp-json\/wp\/v2\/product_brand?post=24788"},{"taxonomy":"product_cat","embeddable":true,"href":"https:\/\/kamagra-official.to\/pl\/wp-json\/wp\/v2\/product_cat?post=24788"},{"taxonomy":"product_tag","embeddable":true,"href":"https:\/\/kamagra-official.to\/pl\/wp-json\/wp\/v2\/product_tag?post=24788"}],"curies":[{"name":"wp","href":"https:\/\/api.w.org\/{rel}","templated":true}]}}