{"id":24768,"date":"2024-12-16T01:10:06","date_gmt":"2024-12-16T01:10:06","guid":{"rendered":"https:\/\/kamagra-official.to\/product\/cenforce-200mg\/"},"modified":"2025-10-02T19:23:55","modified_gmt":"2025-10-02T19:23:55","slug":"cenforce-200mg","status":"publish","type":"product","link":"https:\/\/kamagra-official.to\/pl\/product\/cenforce-200mg\/","title":{"rendered":"Cenforce 200mg"},"content":{"rendered":"<h3><strong>Cenforce 200mg \u2013 dla ostatecznego i urzekaj\u0105cego do\u015bwiadczenia erekcji<\/strong><\/h3>\n<p>Cenforce 200mg to mocne lekarstwo stworzone dla m\u0119\u017cczyzn cierpi\u0105cych na zaburzenia erekcji, kt\u00f3rzy potrzebuj\u0105 maksymalnej skuteczno\u015bci. Jako najsilniejsza generyczna wersja Viagry dost\u0119pna, Cenforce 200mg dostarcza siln\u0105 dawk\u0119 200 mg cytrynianu sildenafilu \u2014 dwa razy wi\u0119cej ni\u017c w standardowej Kamagrze. Sildenafil dzia\u0142a poprzez zwi\u0119kszenie kr\u0105\u017cenia krwi w penisie, co skutkuje trwa\u0142\u0105 i mocn\u0105 erekcj\u0105.<\/p>\n<h3>G\u0142\u00f3wne korzy\u015bci<\/h3>\n<ul>\n<li><strong>Niezawodne efekty:<\/strong> Sildenafil to sprawdzone i zaufane rozwi\u0105zanie dla traktowania trudno\u015bci z erekcj\u0105.<\/li>\n<li><strong>D\u0142ugotrwa\u0142e dzia\u0142anie:<\/strong> Ciesz si\u0119 korzy\u015bciami przez <strong>4\u20136 godzin<\/strong>, co umo\u017cliwia rozszerzone i satysfakcjonuj\u0105ce do\u015bwiadczenie intymne.<\/li>\n<li><strong>Mocne erekcje:<\/strong> Zwi\u0119kszony przep\u0142yw krwi prowadzi do mocniejszych, bardziej stabilnych erekcji i poprawia wydajno\u015b\u0107.<\/li>\n<li><strong>Odnowione zaufanie:<\/strong> Cenforce 200mg pomaga przywr\u00f3ci\u0107 pewno\u015b\u0107 siebie podczas aktywno\u015bci seksualnych.<\/li>\n<\/ul>\n<h3>Zalecane dawkowanie<\/h3>\n<p>Rozpocznij od <strong>po\u0142owy tabletki (100mg)<\/strong>. W razie potrzeby zwi\u0119ksz dawk\u0119 do pe\u0142nej tabletki (<strong>200mg<\/strong>). Nigdy nie bierz wi\u0119cej ni\u017c jednej tabletki w ci\u0105gu 24 godzin. Po\u0142knij tablet\u0119 z du\u017c\u0105 ilo\u015bci\u0105 wody.<\/p>\n<h3>Jak to dzia\u0142a<\/h3>\n<p>Efekty zaczynaj\u0105 si\u0119 oko\u0142o <strong>30\u201360 minut<\/strong> po za\u017cyciu Cenforce 200mg i zazwyczaj utrzymuj\u0105 si\u0119 przez oko\u0142o <strong>5 godzin<\/strong>. Ci\u0119\u017csze posi\u0142ki lub posi\u0142ki o wysokiej zawarto\u015bci t\u0142uszczu mog\u0105 op\u00f3\u017ani\u0107 moment wyst\u0105pienia efekt\u00f3w. To nie jest afrodyzjak; seksualne podniecenie jest niezb\u0119dne dla optymalnego efektu.<\/p>\n<h3>Cenforce 200mg i alkohol<\/h3>\n<p>Powstrzymaj si\u0119 od u\u017cywania Cenforce 200mg z alkoholem, poniewa\u017c mo\u017ce to znacznie zmniejszy\u0107 jego skuteczno\u015b\u0107. Podobnie, unikaj t\u0142ustych pokarm\u00f3w, kt\u00f3re mog\u0105 r\u00f3wnie\u017c os\u0142abi\u0107 po\u017c\u0105dane rezultaty.<\/p>\n<h3>Interakcje z innymi lekami<\/h3>\n<p>Skonsultuj si\u0119 z lekarzem przed u\u017cyciem Cenforce 200mg razem z innymi lekami, zw\u0142aszcza:<\/p>\n<ul>\n<li><strong>Cymetydyna<\/strong><\/li>\n<li><strong>Ketoconazol<\/strong><\/li>\n<li><strong>Erytromycyna<\/strong><\/li>\n<\/ul>\n<p>Niekt\u00f3re kombinacje lek\u00f3w mog\u0105 zmniejszy\u0107 skuteczno\u015b\u0107 lub zwi\u0119kszy\u0107 ryzyko wyst\u0105pienia skutk\u00f3w ubocznych.<\/p>\n<h3>Mo\u017cliwe skutki uboczne<\/h3>\n<p>Przy w\u0142a\u015bciwym u\u017cyciu, skutki uboczne Cenforce 200mg s\u0105 zazwyczaj \u0142agodne i tymczasowe.<\/p>\n<p><strong>Powszechne skutki uboczne:<\/strong><\/p>\n<ul>\n<li>Zaczerwienienie twarzy<\/li>\n<li>B\u00f3l g\u0142owy<\/li>\n<\/ul>\n<p><strong>Mniej powszechne skutki uboczne:<\/strong><\/p>\n<ul>\n<li>Zawroty g\u0142owy<\/li>\n<li>Zamazane widzenie<\/li>\n<li>B\u00f3le mi\u0119\u015bni<\/li>\n<li>Md\u0142o\u015bci<\/li>\n<li>Konieczno\u015b\u0107 nosa<\/li>\n<li>Wysypka sk\u00f3rna<\/li>\n<\/ul>\n<p>W przypadku znacznych lub nieprzyjemnych reakcji, zasi\u0119gnij porady lekarza.<\/p>\n<h3>Kiedy nie stosowa\u0107 Cenforce 200mg<\/h3>\n<p>Nie przyjmuj tego leku je\u015bli:<\/p>\n<ul>\n<li>Bierzesz <strong>leki nitratowe<\/strong> (na b\u00f3l w klatce piersiowej lub dusznic\u0119 bolesn\u0105).<\/li>\n<li>Mia\u0142e\u015b <strong>zawa\u0142 serca<\/strong> lub <strong>udar m\u00f3zgu<\/strong> w ci\u0105gu ostatnich 3\u20136 miesi\u0119cy.<\/li>\n<li>Cierpisz na <strong>nadci\u015bnienie<\/strong> lub <strong>zaburzenia krzepni\u0119cia<\/strong>.<\/li>\n<li>Jeste\u015b uczulony na <strong>sildenafil<\/strong> lub dowolny sk\u0142adnik tego produktu.<\/li>\n<\/ul>\n<h3>Informacje o przechowywaniu<\/h3>\n<p>Przechowuj Cenforce 200mg w oryginalnym opakowaniu, poza zasi\u0119giem dzieci. Przechowuj w suchym miejscu w temperaturze <strong>10\u201330\u00b0C<\/strong>, z dala od bezpo\u015bredniego \u015bwiat\u0142a s\u0142onecznego.<\/p>\n","protected":false},"excerpt":{"rendered":"<p><strong>200 mg Sildenafilu<\/strong><\/p>\n<p>Ten pakiet zawiera 10 tabletek, ka\u017cda zawiera mocn\u0105 dawk\u0119 200 mg sildenafilu. Przeznaczone dla m\u0119\u017cczyzn z powa\u017cniejszymi problemami z erekcj\u0105, te tabletki zapewniaj\u0105 dodatkow\u0105 si\u0142\u0119 i niezawodne efekty, kiedy s\u0105 najbardziej potrzebne. 200 mg Sildenafilu zapewnia wygodne opakowanie, szybk\u0105 pomoc i d\u0142ugotrwa\u0142e zaufanie do Twojego \u017cycia intymnego.<\/p>\n","protected":false},"featured_media":23825,"template":"","meta":[],"product_brand":[],"product_cat":[202,206],"product_tag":[],"class_list":{"0":"post-24768","1":"product","2":"type-product","3":"status-publish","4":"has-post-thumbnail","6":"product_cat-generyczna-viagra","7":"product_cat-tabletki-kamagra","9":"first","10":"instock","11":"shipping-taxable","12":"purchasable","13":"product-type-simple"},"yoast_head":"<!-- This site is optimized with the Yoast SEO plugin v27.5 - https:\/\/yoast.com\/product\/yoast-seo-wordpress\/ -->\n<title>Cenforce 200mg - kamagra-official.to<\/title>\n<meta name=\"robots\" content=\"index, follow, max-snippet:-1, max-image-preview:large, max-video-preview:-1\" \/>\n<link rel=\"canonical\" href=\"https:\/\/kamagra-official.to\/pl\/product\/cenforce-200mg\/\" \/>\n<meta property=\"og:locale\" content=\"pl_PL\" \/>\n<meta property=\"og:type\" content=\"article\" \/>\n<meta property=\"og:title\" content=\"Cenforce 200mg - kamagra-official.to\" \/>\n<meta property=\"og:description\" content=\"200 mg Sildenafilu Ten pakiet zawiera 10 tabletek, ka\u017cda zawiera mocn\u0105 dawk\u0119 200 mg sildenafilu. Przeznaczone dla m\u0119\u017cczyzn z powa\u017cniejszymi problemami z erekcj\u0105, te tabletki zapewniaj\u0105 dodatkow\u0105 si\u0142\u0119 i niezawodne efekty, kiedy s\u0105 najbardziej potrzebne. 200 mg Sildenafilu zapewnia wygodne opakowanie, szybk\u0105 pomoc i d\u0142ugotrwa\u0142e zaufanie do Twojego \u017cycia intymnego.\" \/>\n<meta property=\"og:url\" content=\"https:\/\/kamagra-official.to\/pl\/product\/cenforce-200mg\/\" \/>\n<meta property=\"og:site_name\" content=\"kamagra-official.to\" \/>\n<meta property=\"article:modified_time\" content=\"2025-10-02T19:23:55+00:00\" \/>\n<meta property=\"og:image\" content=\"https:\/\/kamagra-official.to\/wp-content\/uploads\/2025\/09\/cenforce-200-2-768x768-1.jpg\" \/>\n\t<meta property=\"og:image:width\" content=\"768\" \/>\n\t<meta property=\"og:image:height\" content=\"768\" \/>\n\t<meta property=\"og:image:type\" content=\"image\/jpeg\" \/>\n<meta name=\"twitter:card\" content=\"summary_large_image\" \/>\n<meta name=\"twitter:label1\" content=\"Szacowany czas czytania\" \/>\n\t<meta name=\"twitter:data1\" content=\"2 minuty\" \/>\n<script type=\"application\/ld+json\" class=\"yoast-schema-graph\">{\"@context\":\"https:\\\/\\\/schema.org\",\"@graph\":[{\"@type\":\"WebPage\",\"@id\":\"https:\\\/\\\/kamagra-official.to\\\/pl\\\/product\\\/cenforce-200mg\\\/\",\"url\":\"https:\\\/\\\/kamagra-official.to\\\/pl\\\/product\\\/cenforce-200mg\\\/\",\"name\":\"Cenforce 200mg - kamagra-official.to\",\"isPartOf\":{\"@id\":\"https:\\\/\\\/kamagra-official.to\\\/#website\"},\"primaryImageOfPage\":{\"@id\":\"https:\\\/\\\/kamagra-official.to\\\/pl\\\/product\\\/cenforce-200mg\\\/#primaryimage\"},\"image\":{\"@id\":\"https:\\\/\\\/kamagra-official.to\\\/pl\\\/product\\\/cenforce-200mg\\\/#primaryimage\"},\"thumbnailUrl\":\"https:\\\/\\\/kamagra-official.to\\\/wp-content\\\/uploads\\\/2025\\\/09\\\/cenforce-200-2-768x768-1.jpg\",\"datePublished\":\"2024-12-16T01:10:06+00:00\",\"dateModified\":\"2025-10-02T19:23:55+00:00\",\"breadcrumb\":{\"@id\":\"https:\\\/\\\/kamagra-official.to\\\/pl\\\/product\\\/cenforce-200mg\\\/#breadcrumb\"},\"inLanguage\":\"pl-PL\",\"potentialAction\":[{\"@type\":\"ReadAction\",\"target\":[\"https:\\\/\\\/kamagra-official.to\\\/pl\\\/product\\\/cenforce-200mg\\\/\"]}]},{\"@type\":\"ImageObject\",\"inLanguage\":\"pl-PL\",\"@id\":\"https:\\\/\\\/kamagra-official.to\\\/pl\\\/product\\\/cenforce-200mg\\\/#primaryimage\",\"url\":\"https:\\\/\\\/kamagra-official.to\\\/wp-content\\\/uploads\\\/2025\\\/09\\\/cenforce-200-2-768x768-1.jpg\",\"contentUrl\":\"https:\\\/\\\/kamagra-official.to\\\/wp-content\\\/uploads\\\/2025\\\/09\\\/cenforce-200-2-768x768-1.jpg\",\"width\":768,\"height\":768},{\"@type\":\"BreadcrumbList\",\"@id\":\"https:\\\/\\\/kamagra-official.to\\\/pl\\\/product\\\/cenforce-200mg\\\/#breadcrumb\",\"itemListElement\":[{\"@type\":\"ListItem\",\"position\":1,\"name\":\"Home\",\"item\":\"https:\\\/\\\/kamagra-official.to\\\/nl\\\/\"},{\"@type\":\"ListItem\",\"position\":2,\"name\":\"Shop\",\"item\":\"https:\\\/\\\/kamagra-official.to\\\/shop\\\/\"},{\"@type\":\"ListItem\",\"position\":3,\"name\":\"Cenforce 200mg\"}]},{\"@type\":\"WebSite\",\"@id\":\"https:\\\/\\\/kamagra-official.to\\\/#website\",\"url\":\"https:\\\/\\\/kamagra-official.to\\\/\",\"name\":\"kamagra-official.to\",\"description\":\"Revitalize Your Sexual Energy Across Europe\",\"publisher\":{\"@id\":\"https:\\\/\\\/kamagra-official.to\\\/#organization\"},\"potentialAction\":[{\"@type\":\"SearchAction\",\"target\":{\"@type\":\"EntryPoint\",\"urlTemplate\":\"https:\\\/\\\/kamagra-official.to\\\/?s={search_term_string}\"},\"query-input\":{\"@type\":\"PropertyValueSpecification\",\"valueRequired\":true,\"valueName\":\"search_term_string\"}}],\"inLanguage\":\"pl-PL\"},{\"@type\":\"Organization\",\"@id\":\"https:\\\/\\\/kamagra-official.to\\\/#organization\",\"name\":\"kamagra-official.to\",\"url\":\"https:\\\/\\\/kamagra-official.to\\\/\",\"logo\":{\"@type\":\"ImageObject\",\"inLanguage\":\"pl-PL\",\"@id\":\"https:\\\/\\\/kamagra-official.to\\\/#\\\/schema\\\/logo\\\/image\\\/\",\"url\":\"https:\\\/\\\/kamagra-official.to\\\/wp-content\\\/uploads\\\/2025\\\/02\\\/KAMAGRA-Photoroom-1.png\",\"contentUrl\":\"https:\\\/\\\/kamagra-official.to\\\/wp-content\\\/uploads\\\/2025\\\/02\\\/KAMAGRA-Photoroom-1.png\",\"width\":150,\"height\":153,\"caption\":\"kamagra-official.to\"},\"image\":{\"@id\":\"https:\\\/\\\/kamagra-official.to\\\/#\\\/schema\\\/logo\\\/image\\\/\"}}]}<\/script>\n<!-- \/ Yoast SEO plugin. -->","yoast_head_json":{"title":"Cenforce 200mg - kamagra-official.to","robots":{"index":"index","follow":"follow","max-snippet":"max-snippet:-1","max-image-preview":"max-image-preview:large","max-video-preview":"max-video-preview:-1"},"canonical":"https:\/\/kamagra-official.to\/pl\/product\/cenforce-200mg\/","og_locale":"pl_PL","og_type":"article","og_title":"Cenforce 200mg - kamagra-official.to","og_description":"200 mg Sildenafilu Ten pakiet zawiera 10 tabletek, ka\u017cda zawiera mocn\u0105 dawk\u0119 200 mg sildenafilu. Przeznaczone dla m\u0119\u017cczyzn z powa\u017cniejszymi problemami z erekcj\u0105, te tabletki zapewniaj\u0105 dodatkow\u0105 si\u0142\u0119 i niezawodne efekty, kiedy s\u0105 najbardziej potrzebne. 200 mg Sildenafilu zapewnia wygodne opakowanie, szybk\u0105 pomoc i d\u0142ugotrwa\u0142e zaufanie do Twojego \u017cycia intymnego.","og_url":"https:\/\/kamagra-official.to\/pl\/product\/cenforce-200mg\/","og_site_name":"kamagra-official.to","article_modified_time":"2025-10-02T19:23:55+00:00","og_image":[{"width":768,"height":768,"url":"https:\/\/kamagra-official.to\/wp-content\/uploads\/2025\/09\/cenforce-200-2-768x768-1.jpg","type":"image\/jpeg"}],"twitter_card":"summary_large_image","twitter_misc":{"Szacowany czas czytania":"2 minuty"},"schema":{"@context":"https:\/\/schema.org","@graph":[{"@type":"WebPage","@id":"https:\/\/kamagra-official.to\/pl\/product\/cenforce-200mg\/","url":"https:\/\/kamagra-official.to\/pl\/product\/cenforce-200mg\/","name":"Cenforce 200mg - kamagra-official.to","isPartOf":{"@id":"https:\/\/kamagra-official.to\/#website"},"primaryImageOfPage":{"@id":"https:\/\/kamagra-official.to\/pl\/product\/cenforce-200mg\/#primaryimage"},"image":{"@id":"https:\/\/kamagra-official.to\/pl\/product\/cenforce-200mg\/#primaryimage"},"thumbnailUrl":"https:\/\/kamagra-official.to\/wp-content\/uploads\/2025\/09\/cenforce-200-2-768x768-1.jpg","datePublished":"2024-12-16T01:10:06+00:00","dateModified":"2025-10-02T19:23:55+00:00","breadcrumb":{"@id":"https:\/\/kamagra-official.to\/pl\/product\/cenforce-200mg\/#breadcrumb"},"inLanguage":"pl-PL","potentialAction":[{"@type":"ReadAction","target":["https:\/\/kamagra-official.to\/pl\/product\/cenforce-200mg\/"]}]},{"@type":"ImageObject","inLanguage":"pl-PL","@id":"https:\/\/kamagra-official.to\/pl\/product\/cenforce-200mg\/#primaryimage","url":"https:\/\/kamagra-official.to\/wp-content\/uploads\/2025\/09\/cenforce-200-2-768x768-1.jpg","contentUrl":"https:\/\/kamagra-official.to\/wp-content\/uploads\/2025\/09\/cenforce-200-2-768x768-1.jpg","width":768,"height":768},{"@type":"BreadcrumbList","@id":"https:\/\/kamagra-official.to\/pl\/product\/cenforce-200mg\/#breadcrumb","itemListElement":[{"@type":"ListItem","position":1,"name":"Home","item":"https:\/\/kamagra-official.to\/nl\/"},{"@type":"ListItem","position":2,"name":"Shop","item":"https:\/\/kamagra-official.to\/shop\/"},{"@type":"ListItem","position":3,"name":"Cenforce 200mg"}]},{"@type":"WebSite","@id":"https:\/\/kamagra-official.to\/#website","url":"https:\/\/kamagra-official.to\/","name":"kamagra-official.to","description":"Revitalize Your Sexual Energy Across Europe","publisher":{"@id":"https:\/\/kamagra-official.to\/#organization"},"potentialAction":[{"@type":"SearchAction","target":{"@type":"EntryPoint","urlTemplate":"https:\/\/kamagra-official.to\/?s={search_term_string}"},"query-input":{"@type":"PropertyValueSpecification","valueRequired":true,"valueName":"search_term_string"}}],"inLanguage":"pl-PL"},{"@type":"Organization","@id":"https:\/\/kamagra-official.to\/#organization","name":"kamagra-official.to","url":"https:\/\/kamagra-official.to\/","logo":{"@type":"ImageObject","inLanguage":"pl-PL","@id":"https:\/\/kamagra-official.to\/#\/schema\/logo\/image\/","url":"https:\/\/kamagra-official.to\/wp-content\/uploads\/2025\/02\/KAMAGRA-Photoroom-1.png","contentUrl":"https:\/\/kamagra-official.to\/wp-content\/uploads\/2025\/02\/KAMAGRA-Photoroom-1.png","width":150,"height":153,"caption":"kamagra-official.to"},"image":{"@id":"https:\/\/kamagra-official.to\/#\/schema\/logo\/image\/"}}]}},"_links":{"self":[{"href":"https:\/\/kamagra-official.to\/pl\/wp-json\/wp\/v2\/product\/24768","targetHints":{"allow":["GET"]}}],"collection":[{"href":"https:\/\/kamagra-official.to\/pl\/wp-json\/wp\/v2\/product"}],"about":[{"href":"https:\/\/kamagra-official.to\/pl\/wp-json\/wp\/v2\/types\/product"}],"wp:featuredmedia":[{"embeddable":true,"href":"https:\/\/kamagra-official.to\/pl\/wp-json\/wp\/v2\/media\/23825"}],"wp:attachment":[{"href":"https:\/\/kamagra-official.to\/pl\/wp-json\/wp\/v2\/media?parent=24768"}],"wp:term":[{"taxonomy":"product_brand","embeddable":true,"href":"https:\/\/kamagra-official.to\/pl\/wp-json\/wp\/v2\/product_brand?post=24768"},{"taxonomy":"product_cat","embeddable":true,"href":"https:\/\/kamagra-official.to\/pl\/wp-json\/wp\/v2\/product_cat?post=24768"},{"taxonomy":"product_tag","embeddable":true,"href":"https:\/\/kamagra-official.to\/pl\/wp-json\/wp\/v2\/product_tag?post=24768"}],"curies":[{"name":"wp","href":"https:\/\/api.w.org\/{rel}","templated":true}]}}