{"id":24730,"date":"2024-12-24T00:31:10","date_gmt":"2024-12-24T00:31:10","guid":{"rendered":"https:\/\/kamagra-official.to\/product\/vidalista-40mg\/"},"modified":"2025-10-02T19:22:22","modified_gmt":"2025-10-02T19:22:22","slug":"vidalista-40mg","status":"publish","type":"product","link":"https:\/\/kamagra-official.to\/pl\/product\/vidalista-40mg\/","title":{"rendered":"Vidalista 40mg"},"content":{"rendered":"<h3><strong>Vidalista 40mg \u2013 Pot\u0119\u017cna, d\u0142ugotrwa\u0142a erekcja w mgnieniu oka!<\/strong><\/h3>\n<p>Vidalista 40mg zawiera tadalafil, sprawdzony sk\u0142adnik, kt\u00f3ry pomaga przywr\u00f3ci\u0107 i pobudzi\u0107 Twoje \u017cycie intymne. Poprawiaj\u0105c przep\u0142yw krwi do penisa, tadalafil zapewnia mocn\u0105 i trwa\u0142\u0105 erekcj\u0119. Jego dzia\u0142anie mo\u017ce trwa\u0107 do 36 godzin &#8211; znacznie d\u0142u\u017cej ni\u017c leki oparte na sildenafilu, takie jak Viagra. Dzi\u0119ki Vidalista 40mg, mo\u017cesz odzyska\u0107 pewno\u015b\u0107 siebie podczas ka\u017cdego intymnego spotkania!<\/p>\n<hr \/>\n<h3><strong>Zalety Vidalista 40mg<\/strong><\/h3>\n<ul>\n<li><strong>Przed\u0142u\u017cony efekt do 36 godzin:<\/strong> Idealne dla d\u0142ugotrwa\u0142ych intymnych chwil i elastyczno\u015bci.<\/li>\n<li><strong>Szybko dzia\u0142aj\u0105ce:<\/strong> Za\u017cyj tabletk\u0119 oko\u0142o godziny przed seksem i pozw\u00f3l, \u017ce mocne dzia\u0142anie Ci\u0119 zaskoczy.<\/li>\n<li><strong>Mocna, niezawodna erekcja:<\/strong> Tadalafil zapewnia prawid\u0142owy przep\u0142yw krwi, dostarczaj\u0105c twardo\u015bci na d\u0142ugo.<\/li>\n<\/ul>\n<hr \/>\n<h3><strong>Zalecane dawkowanie<\/strong><\/h3>\n<p>Rozpocznij od po\u0142owy tabletki Vidalista 40mg. Je\u015bli efekt jest niewystarczaj\u0105cy, zwi\u0119ksz dawk\u0119 do pe\u0142nej tabletki. Nie przekraczaj jednej tabletki na dzie\u0144. Zawsze popijaj wod\u0105.<\/p>\n<hr \/>\n<h3><strong>Nadej\u015bcie &#038; Czas trwania<\/strong><\/h3>\n<p>Vidalista 40mg zazwyczaj zaczyna dzia\u0142a\u0107 w ci\u0105gu 30\u201360 minut i utrzymuje skuteczno\u015b\u0107 nawet do 36 godzin. Pami\u0119taj, to nie jest afrodyzjak &#8211; do osi\u0105gni\u0119cia efektu potrzebna jest stymulacja seksualna.<\/p>\n<hr \/>\n<h3><strong>Alkohol i jedzenie<\/strong><\/h3>\n<p>Stosowanie Vidalista 40mg z alkoholem nie jest zalecane, poniewa\u017c alkohol mo\u017ce znacznie zmniejszy\u0107 jego skuteczno\u015b\u0107. Podobnie, ci\u0119\u017ckie lub t\u0142uste posi\u0142ki mog\u0105 op\u00f3\u017ani\u0107 jego dzia\u0142anie.<\/p>\n<hr \/>\n<h3><strong>Interakcje z innymi lekami<\/strong><\/h3>\n<p>Je\u015bli za\u017cywasz cymetydyn\u0119, ketokonazol lub erytromycyn\u0119, skonsultuj si\u0119 z lekarzem przed po\u0142\u0105czeniem ich z Vidalista 40mg. Niekt\u00f3re leki mog\u0105 zwi\u0119ksza\u0107 ryzyko dzia\u0142ania niepo\u017c\u0105danych lub zmniejsza\u0107 skuteczno\u015b\u0107.<\/p>\n<hr \/>\n<h3><strong>Mo\u017cliwe dzia\u0142ania niepo\u017c\u0105dane &#038; Reakcje alergiczne<\/strong><\/h3>\n<p>Gdy stosowany prawid\u0142owo, Vidalista 40mg jest generalnie bezpieczny. Nadu\u017cycie mo\u017ce prowadzi\u0107 do dyskomfortu.<\/p>\n<p><strong>Typowe dzia\u0142ania niepo\u017c\u0105dane:<\/strong><\/p>\n<ul>\n<li>B\u00f3l g\u0142owy,<\/li>\n<li>Zaburzenia trawienia.<\/li>\n<\/ul>\n<p><strong>Mniej cz\u0119ste dzia\u0142ania niepo\u017c\u0105dane:<\/strong><\/p>\n<ul>\n<li>B\u00f3l plec\u00f3w,<\/li>\n<li>Zaczerwienienie,<\/li>\n<li>Spuchni\u0119cie nosa lub powiek,<\/li>\n<li>Zaczerwienienie oczu.<\/li>\n<\/ul>\n<p>Je\u015bli objawy utrzymuj\u0105 si\u0119 lub nasilaj\u0105, skontaktuj si\u0119 z lekarzem.<\/p>\n<hr \/>\n<h3><strong>Kiedy nie stosowa\u0107 Vidalista 40mg?<\/strong><\/h3>\n<p>Nie za\u017cywaj Vidalista 40mg, je\u015bli:<\/p>\n<ul>\n<li>Ostatnio u\u017cywa\u0142e\u015b azotan\u00f3w (na dusznic\u0119 bolesn\u0105 lub b\u00f3l w klatce piersiowej).<\/li>\n<li>Mia\u0142e\u015b zawa\u0142 serca, udar, lub niewydolno\u015b\u0107 serca w ci\u0105gu ostatnich 6 miesi\u0119cy.<\/li>\n<li>Masz problemy z ci\u015bnieniem krwi lub zaburzeniami krzepni\u0119cia krwi.<\/li>\n<li>Jeste\u015b uczulony na tadalafil (substancja czynna w tym leku).<\/li>\n<\/ul>\n<hr \/>\n<h3><strong>Przechowywanie<\/strong><\/h3>\n<p>Przechowuj Vidalista 40mg w oryginalnym opakowaniu, z dala od dzieci. Przechowywa\u0107 w temperaturze 10\u201330\u00b0C w suchym miejscu, zabezpieczonym przed bezpo\u015brednim \u015bwiat\u0142em s\u0142onecznym.<\/p>\n","protected":false},"excerpt":{"rendered":"<p><strong>40 mg Tadalafil<\/strong><\/p>\n<p>Ta paczka zawiera 10 tabletek, ka\u017cda z 40 mg tadalafilu. Specjalnie zaprojektowany dla m\u0119\u017cczyzn, kt\u00f3rzy potrzebuj\u0105 silnego i d\u0142ugotrwa\u0142ego wsparcia dla funkcji erekcji, 40 mg Tadalafil oferuje do 36 godzin skuteczno\u015bci &#8211; daj\u0105c Ci elastyczno\u015b\u0107, pewno\u015b\u0107 siebie i niezawodne wyniki w dowolnym momencie.<\/p>\n","protected":false},"featured_media":23979,"template":"","meta":[],"product_brand":[],"product_cat":[207],"product_tag":[],"class_list":{"0":"post-24730","1":"product","2":"type-product","3":"status-publish","4":"has-post-thumbnail","6":"product_cat-ogolne-cialis","8":"first","9":"instock","10":"shipping-taxable","11":"purchasable","12":"product-type-simple"},"yoast_head":"<!-- This site is optimized with the Yoast SEO plugin v27.5 - https:\/\/yoast.com\/product\/yoast-seo-wordpress\/ -->\n<title>Vidalista 40mg - kamagra-official.to<\/title>\n<meta name=\"robots\" content=\"index, follow, max-snippet:-1, max-image-preview:large, max-video-preview:-1\" \/>\n<link rel=\"canonical\" href=\"https:\/\/kamagra-official.to\/pl\/product\/vidalista-40mg\/\" \/>\n<meta property=\"og:locale\" content=\"pl_PL\" \/>\n<meta property=\"og:type\" content=\"article\" \/>\n<meta property=\"og:title\" content=\"Vidalista 40mg - kamagra-official.to\" \/>\n<meta property=\"og:description\" content=\"40 mg Tadalafil Ta paczka zawiera 10 tabletek, ka\u017cda z 40 mg tadalafilu. Specjalnie zaprojektowany dla m\u0119\u017cczyzn, kt\u00f3rzy potrzebuj\u0105 silnego i d\u0142ugotrwa\u0142ego wsparcia dla funkcji erekcji, 40 mg Tadalafil oferuje do 36 godzin skuteczno\u015bci - daj\u0105c Ci elastyczno\u015b\u0107, pewno\u015b\u0107 siebie i niezawodne wyniki w dowolnym momencie.\" \/>\n<meta property=\"og:url\" content=\"https:\/\/kamagra-official.to\/pl\/product\/vidalista-40mg\/\" \/>\n<meta property=\"og:site_name\" content=\"kamagra-official.to\" \/>\n<meta property=\"article:modified_time\" content=\"2025-10-02T19:22:22+00:00\" \/>\n<meta property=\"og:image\" content=\"https:\/\/kamagra-official.to\/wp-content\/uploads\/2025\/09\/vidalista40-2.jpg\" \/>\n\t<meta property=\"og:image:width\" content=\"1200\" \/>\n\t<meta property=\"og:image:height\" content=\"1200\" \/>\n\t<meta property=\"og:image:type\" content=\"image\/jpeg\" \/>\n<meta name=\"twitter:card\" content=\"summary_large_image\" \/>\n<meta name=\"twitter:label1\" content=\"Szacowany czas czytania\" \/>\n\t<meta name=\"twitter:data1\" content=\"2 minuty\" \/>\n<script type=\"application\/ld+json\" class=\"yoast-schema-graph\">{\"@context\":\"https:\\\/\\\/schema.org\",\"@graph\":[{\"@type\":\"WebPage\",\"@id\":\"https:\\\/\\\/kamagra-official.to\\\/pl\\\/product\\\/vidalista-40mg\\\/\",\"url\":\"https:\\\/\\\/kamagra-official.to\\\/pl\\\/product\\\/vidalista-40mg\\\/\",\"name\":\"Vidalista 40mg - kamagra-official.to\",\"isPartOf\":{\"@id\":\"https:\\\/\\\/kamagra-official.to\\\/#website\"},\"primaryImageOfPage\":{\"@id\":\"https:\\\/\\\/kamagra-official.to\\\/pl\\\/product\\\/vidalista-40mg\\\/#primaryimage\"},\"image\":{\"@id\":\"https:\\\/\\\/kamagra-official.to\\\/pl\\\/product\\\/vidalista-40mg\\\/#primaryimage\"},\"thumbnailUrl\":\"https:\\\/\\\/kamagra-official.to\\\/wp-content\\\/uploads\\\/2025\\\/09\\\/vidalista40-2.jpg\",\"datePublished\":\"2024-12-24T00:31:10+00:00\",\"dateModified\":\"2025-10-02T19:22:22+00:00\",\"breadcrumb\":{\"@id\":\"https:\\\/\\\/kamagra-official.to\\\/pl\\\/product\\\/vidalista-40mg\\\/#breadcrumb\"},\"inLanguage\":\"pl-PL\",\"potentialAction\":[{\"@type\":\"ReadAction\",\"target\":[\"https:\\\/\\\/kamagra-official.to\\\/pl\\\/product\\\/vidalista-40mg\\\/\"]}]},{\"@type\":\"ImageObject\",\"inLanguage\":\"pl-PL\",\"@id\":\"https:\\\/\\\/kamagra-official.to\\\/pl\\\/product\\\/vidalista-40mg\\\/#primaryimage\",\"url\":\"https:\\\/\\\/kamagra-official.to\\\/wp-content\\\/uploads\\\/2025\\\/09\\\/vidalista40-2.jpg\",\"contentUrl\":\"https:\\\/\\\/kamagra-official.to\\\/wp-content\\\/uploads\\\/2025\\\/09\\\/vidalista40-2.jpg\",\"width\":1200,\"height\":1200},{\"@type\":\"BreadcrumbList\",\"@id\":\"https:\\\/\\\/kamagra-official.to\\\/pl\\\/product\\\/vidalista-40mg\\\/#breadcrumb\",\"itemListElement\":[{\"@type\":\"ListItem\",\"position\":1,\"name\":\"Home\",\"item\":\"https:\\\/\\\/kamagra-official.to\\\/nl\\\/\"},{\"@type\":\"ListItem\",\"position\":2,\"name\":\"Shop\",\"item\":\"https:\\\/\\\/kamagra-official.to\\\/shop\\\/\"},{\"@type\":\"ListItem\",\"position\":3,\"name\":\"Vidalista 40mg\"}]},{\"@type\":\"WebSite\",\"@id\":\"https:\\\/\\\/kamagra-official.to\\\/#website\",\"url\":\"https:\\\/\\\/kamagra-official.to\\\/\",\"name\":\"kamagra-official.to\",\"description\":\"Revitalize Your Sexual Energy Across Europe\",\"publisher\":{\"@id\":\"https:\\\/\\\/kamagra-official.to\\\/#organization\"},\"potentialAction\":[{\"@type\":\"SearchAction\",\"target\":{\"@type\":\"EntryPoint\",\"urlTemplate\":\"https:\\\/\\\/kamagra-official.to\\\/?s={search_term_string}\"},\"query-input\":{\"@type\":\"PropertyValueSpecification\",\"valueRequired\":true,\"valueName\":\"search_term_string\"}}],\"inLanguage\":\"pl-PL\"},{\"@type\":\"Organization\",\"@id\":\"https:\\\/\\\/kamagra-official.to\\\/#organization\",\"name\":\"kamagra-official.to\",\"url\":\"https:\\\/\\\/kamagra-official.to\\\/\",\"logo\":{\"@type\":\"ImageObject\",\"inLanguage\":\"pl-PL\",\"@id\":\"https:\\\/\\\/kamagra-official.to\\\/#\\\/schema\\\/logo\\\/image\\\/\",\"url\":\"https:\\\/\\\/kamagra-official.to\\\/wp-content\\\/uploads\\\/2025\\\/02\\\/KAMAGRA-Photoroom-1.png\",\"contentUrl\":\"https:\\\/\\\/kamagra-official.to\\\/wp-content\\\/uploads\\\/2025\\\/02\\\/KAMAGRA-Photoroom-1.png\",\"width\":150,\"height\":153,\"caption\":\"kamagra-official.to\"},\"image\":{\"@id\":\"https:\\\/\\\/kamagra-official.to\\\/#\\\/schema\\\/logo\\\/image\\\/\"}}]}<\/script>\n<!-- \/ Yoast SEO plugin. -->","yoast_head_json":{"title":"Vidalista 40mg - kamagra-official.to","robots":{"index":"index","follow":"follow","max-snippet":"max-snippet:-1","max-image-preview":"max-image-preview:large","max-video-preview":"max-video-preview:-1"},"canonical":"https:\/\/kamagra-official.to\/pl\/product\/vidalista-40mg\/","og_locale":"pl_PL","og_type":"article","og_title":"Vidalista 40mg - kamagra-official.to","og_description":"40 mg Tadalafil Ta paczka zawiera 10 tabletek, ka\u017cda z 40 mg tadalafilu. Specjalnie zaprojektowany dla m\u0119\u017cczyzn, kt\u00f3rzy potrzebuj\u0105 silnego i d\u0142ugotrwa\u0142ego wsparcia dla funkcji erekcji, 40 mg Tadalafil oferuje do 36 godzin skuteczno\u015bci - daj\u0105c Ci elastyczno\u015b\u0107, pewno\u015b\u0107 siebie i niezawodne wyniki w dowolnym momencie.","og_url":"https:\/\/kamagra-official.to\/pl\/product\/vidalista-40mg\/","og_site_name":"kamagra-official.to","article_modified_time":"2025-10-02T19:22:22+00:00","og_image":[{"width":1200,"height":1200,"url":"https:\/\/kamagra-official.to\/wp-content\/uploads\/2025\/09\/vidalista40-2.jpg","type":"image\/jpeg"}],"twitter_card":"summary_large_image","twitter_misc":{"Szacowany czas czytania":"2 minuty"},"schema":{"@context":"https:\/\/schema.org","@graph":[{"@type":"WebPage","@id":"https:\/\/kamagra-official.to\/pl\/product\/vidalista-40mg\/","url":"https:\/\/kamagra-official.to\/pl\/product\/vidalista-40mg\/","name":"Vidalista 40mg - kamagra-official.to","isPartOf":{"@id":"https:\/\/kamagra-official.to\/#website"},"primaryImageOfPage":{"@id":"https:\/\/kamagra-official.to\/pl\/product\/vidalista-40mg\/#primaryimage"},"image":{"@id":"https:\/\/kamagra-official.to\/pl\/product\/vidalista-40mg\/#primaryimage"},"thumbnailUrl":"https:\/\/kamagra-official.to\/wp-content\/uploads\/2025\/09\/vidalista40-2.jpg","datePublished":"2024-12-24T00:31:10+00:00","dateModified":"2025-10-02T19:22:22+00:00","breadcrumb":{"@id":"https:\/\/kamagra-official.to\/pl\/product\/vidalista-40mg\/#breadcrumb"},"inLanguage":"pl-PL","potentialAction":[{"@type":"ReadAction","target":["https:\/\/kamagra-official.to\/pl\/product\/vidalista-40mg\/"]}]},{"@type":"ImageObject","inLanguage":"pl-PL","@id":"https:\/\/kamagra-official.to\/pl\/product\/vidalista-40mg\/#primaryimage","url":"https:\/\/kamagra-official.to\/wp-content\/uploads\/2025\/09\/vidalista40-2.jpg","contentUrl":"https:\/\/kamagra-official.to\/wp-content\/uploads\/2025\/09\/vidalista40-2.jpg","width":1200,"height":1200},{"@type":"BreadcrumbList","@id":"https:\/\/kamagra-official.to\/pl\/product\/vidalista-40mg\/#breadcrumb","itemListElement":[{"@type":"ListItem","position":1,"name":"Home","item":"https:\/\/kamagra-official.to\/nl\/"},{"@type":"ListItem","position":2,"name":"Shop","item":"https:\/\/kamagra-official.to\/shop\/"},{"@type":"ListItem","position":3,"name":"Vidalista 40mg"}]},{"@type":"WebSite","@id":"https:\/\/kamagra-official.to\/#website","url":"https:\/\/kamagra-official.to\/","name":"kamagra-official.to","description":"Revitalize Your Sexual Energy Across Europe","publisher":{"@id":"https:\/\/kamagra-official.to\/#organization"},"potentialAction":[{"@type":"SearchAction","target":{"@type":"EntryPoint","urlTemplate":"https:\/\/kamagra-official.to\/?s={search_term_string}"},"query-input":{"@type":"PropertyValueSpecification","valueRequired":true,"valueName":"search_term_string"}}],"inLanguage":"pl-PL"},{"@type":"Organization","@id":"https:\/\/kamagra-official.to\/#organization","name":"kamagra-official.to","url":"https:\/\/kamagra-official.to\/","logo":{"@type":"ImageObject","inLanguage":"pl-PL","@id":"https:\/\/kamagra-official.to\/#\/schema\/logo\/image\/","url":"https:\/\/kamagra-official.to\/wp-content\/uploads\/2025\/02\/KAMAGRA-Photoroom-1.png","contentUrl":"https:\/\/kamagra-official.to\/wp-content\/uploads\/2025\/02\/KAMAGRA-Photoroom-1.png","width":150,"height":153,"caption":"kamagra-official.to"},"image":{"@id":"https:\/\/kamagra-official.to\/#\/schema\/logo\/image\/"}}]}},"_links":{"self":[{"href":"https:\/\/kamagra-official.to\/pl\/wp-json\/wp\/v2\/product\/24730","targetHints":{"allow":["GET"]}}],"collection":[{"href":"https:\/\/kamagra-official.to\/pl\/wp-json\/wp\/v2\/product"}],"about":[{"href":"https:\/\/kamagra-official.to\/pl\/wp-json\/wp\/v2\/types\/product"}],"wp:featuredmedia":[{"embeddable":true,"href":"https:\/\/kamagra-official.to\/pl\/wp-json\/wp\/v2\/media\/23979"}],"wp:attachment":[{"href":"https:\/\/kamagra-official.to\/pl\/wp-json\/wp\/v2\/media?parent=24730"}],"wp:term":[{"taxonomy":"product_brand","embeddable":true,"href":"https:\/\/kamagra-official.to\/pl\/wp-json\/wp\/v2\/product_brand?post=24730"},{"taxonomy":"product_cat","embeddable":true,"href":"https:\/\/kamagra-official.to\/pl\/wp-json\/wp\/v2\/product_cat?post=24730"},{"taxonomy":"product_tag","embeddable":true,"href":"https:\/\/kamagra-official.to\/pl\/wp-json\/wp\/v2\/product_tag?post=24730"}],"curies":[{"name":"wp","href":"https:\/\/api.w.org\/{rel}","templated":true}]}}