{"id":24720,"date":"2024-12-24T00:33:45","date_gmt":"2024-12-24T00:33:45","guid":{"rendered":"https:\/\/kamagra-official.to\/product\/vidalista-60mg\/"},"modified":"2025-10-02T19:22:11","modified_gmt":"2025-10-02T19:22:11","slug":"vidalista-60mg","status":"publish","type":"product","link":"https:\/\/kamagra-official.to\/pl\/product\/vidalista-60mg\/","title":{"rendered":"Vidalista 60mg"},"content":{"rendered":"<h3><strong>Vidalista 60mg \u2013 Silna i d\u0142ugotrwa\u0142a erekcja w zasi\u0119gu r\u0119ki!<\/strong><\/h3>\n<p>Vidalista 60mg to pot\u0119\u017cne i niezawodne rozwi\u0105zanie dla m\u0119\u017cczyzn, kt\u00f3rzy chc\u0105 pokona\u0107 dysfunkcj\u0119 erekcji. Dzi\u0119ki aktywnemu sk\u0142adnikowi, tadalafilowi, to lek znacz\u0105co zwi\u0119ksza przep\u0142yw krwi do penisa, dostarczaj\u0105c silne, d\u0142ugotrwa\u0142e dzia\u0142anie. Tadalafil, znajduj\u0105cy si\u0119 r\u00f3wnie\u017c w Cialis, zapewnia nawet do 36 godzin dzia\u0142ania\u2014znacznie d\u0142u\u017cej ni\u017c opcje oparte na sildenafilu, takie jak Viagra\u2014czyni\u0105c Vidalista 60mg zar\u00f3wno pot\u0119\u017cnym, jak i ekonomicznie atrakcyjnym.<\/p>\n<hr \/>\n<h3><strong>Kluczowe korzy\u015bci z Vidalista 60mg<\/strong><\/h3>\n<ul>\n<li><strong>D\u0142ugotrwa\u0142e efekty\u2014do 36 godzin:<\/strong> Idealne do przed\u0142u\u017conej, bezstresowej intymno\u015bci.<\/li>\n<li><strong>Niezawodne dzia\u0142anie:<\/strong> We\u017a jedn\u0105 godzin\u0119 przed planowanym seksem, aby uzyska\u0107 imponuj\u0105ce efekty.<\/li>\n<li><strong>Silna, stabilna erekcja:<\/strong> Tadalafil zapewnia maksymalny przep\u0142yw krwi dla mocnego wsparcia, kt\u00f3re trwa.<\/li>\n<\/ul>\n<hr \/>\n<h3><strong>Zalecane dawkowanie<\/strong><\/h3>\n<p>Zacznij od po\u0142owy tabletki Vidalista 60mg. Je\u015bli wymagasz silniejszego efektu, we\u017a ca\u0142\u0105 tabletk\u0119. Nie przekraczaj jednej tabletki na dzie\u0144. Zawsze po\u0142ykaj z du\u017c\u0105 ilo\u015bci\u0105 wody.<\/p>\n<hr \/>\n<h3><strong>Wkroczenie dzia\u0142ania<\/strong><\/h3>\n<p>Lek dzia\u0142a w ci\u0105gu 30\u201360 minut i utrzymuje si\u0119 do 36 godzin. Vidalista 60mg nie jest afrodyzjakiem\u2014do optymalnych wynik\u00f3w wymagana jest stymulacja seksualna.<\/p>\n<hr \/>\n<h3><strong>Alkohol i jedzenie<\/strong><\/h3>\n<p>Nie mieszaj z alkoholem, poniewa\u017c mo\u017ce os\u0142abi\u0107 efekt. Ci\u0119\u017ckie lub t\u0142uste posi\u0142ki r\u00f3wnie\u017c mog\u0105 op\u00f3\u017ani\u0107 wch\u0142anianie i dzia\u0142anie.<\/p>\n<hr \/>\n<h3><strong>Interakcja z lekami<\/strong><\/h3>\n<p>Zawsze skonsultuj si\u0119 z lekarzem, szczeg\u00f3lnie je\u015bli bierzesz cymetydyn\u0119, ketoconazol lub erytromycyn\u0119. Niekt\u00f3re kombinacje mog\u0105 zmniejszy\u0107 skuteczno\u015b\u0107 lub zwi\u0119kszy\u0107 ryzyko skutk\u00f3w ubocznych.<\/p>\n<hr \/>\n<h3><strong>Mo\u017cliwe skutki uboczne i reakcje alergiczne<\/strong><\/h3>\n<p>Vidalista 60mg jest generalnie bezpieczne podczas w\u0142a\u015bciwego stosowania, ale nadu\u017cywanie mo\u017ce powodowa\u0107 dyskomfort.<\/p>\n<p><strong>Typowe skutki uboczne:<\/strong><\/p>\n<ul>\n<li>B\u00f3l g\u0142owy,<\/li>\n<li>Problemy z trawieniem.<\/li>\n<\/ul>\n<p><strong>Mniej cz\u0119ste:<\/strong><\/p>\n<ul>\n<li>B\u00f3l plec\u00f3w,<\/li>\n<li>Udach,<\/li>\n<li>Wzd\u0119ciach nosa lub powiek,<\/li>\n<li>Zaczerwienieniu oczu.<\/li>\n<\/ul>\n<p>Je\u015bli objawy utrzymuj\u0105 si\u0119 lub nasilaj\u0105, zasi\u0119gnij porady lekarskiej.<\/p>\n<hr \/>\n<h3><strong>Kiedy nie u\u017cywa\u0107 Vidalista 60mg?<\/strong><\/h3>\n<p>Nie przyjmuj Vidalista 60mg, je\u015bli:<\/p>\n<ul>\n<li>U\u017cywasz azotan\u00f3w (na b\u00f3l w klatce piersiowej lub dusznic\u0119 bolesn\u0105).<\/li>\n<li>Mia\u0142e\u015b zawa\u0142 serca, udar, lub niewydolno\u015b\u0107 serca w ci\u0105gu ostatnich 6 miesi\u0119cy.<\/li>\n<li>Masz zaburzenia ci\u015bnienia krwi lub krzepni\u0119cia.<\/li>\n<li>Jeste\u015b uczulony na tadalafil, aktywny sk\u0142adnik leku.<\/li>\n<\/ul>\n<hr \/>\n<h3><strong>Przechowywanie<\/strong><\/h3>\n<p>Przechowuj Vidalista 60mg w oryginalnym opakowaniu, z dala od dzieci. Przechowuj w temperaturze 10\u201330\u00b0C, suchym miejscu i poza bezpo\u015brednim \u015bwiat\u0142em s\u0142onecznym.<\/p>\n","protected":false},"excerpt":{"rendered":"<p><strong>60 mg Tadalafilu<\/strong><\/p>\n<p>Ta paczka zawiera 10 tabletek, ka\u017cda z 60 mg tadalafilu. Idealne dla m\u0119\u017cczyzn, kt\u00f3rzy potrzebuj\u0105 ekstra mocnego, d\u0142ugotrwa\u0142ego wsparcia dla funkcji erekcji, te tabletki zapewniaj\u0105 do 36 godzin skuteczno\u015bci &#8211; dostarczaj\u0105c pewno\u015bci siebie, elastyczno\u015bci i niezawodnej wydajno\u015bci, kiedykolwiek jej potrzebujesz.<\/p>\n","protected":false},"featured_media":24001,"template":"","meta":[],"product_brand":[],"product_cat":[207],"product_tag":[],"class_list":{"0":"post-24720","1":"product","2":"type-product","3":"status-publish","4":"has-post-thumbnail","6":"product_cat-ogolne-cialis","8":"first","9":"instock","10":"shipping-taxable","11":"purchasable","12":"product-type-simple"},"yoast_head":"<!-- This site is optimized with the Yoast SEO plugin v27.5 - https:\/\/yoast.com\/product\/yoast-seo-wordpress\/ -->\n<title>Vidalista 60mg - kamagra-official.to<\/title>\n<meta name=\"robots\" content=\"index, follow, max-snippet:-1, max-image-preview:large, max-video-preview:-1\" \/>\n<link rel=\"canonical\" href=\"https:\/\/kamagra-official.to\/pl\/product\/vidalista-60mg\/\" \/>\n<meta property=\"og:locale\" content=\"pl_PL\" \/>\n<meta property=\"og:type\" content=\"article\" \/>\n<meta property=\"og:title\" content=\"Vidalista 60mg - kamagra-official.to\" \/>\n<meta property=\"og:description\" content=\"60 mg Tadalafilu Ta paczka zawiera 10 tabletek, ka\u017cda z 60 mg tadalafilu. Idealne dla m\u0119\u017cczyzn, kt\u00f3rzy potrzebuj\u0105 ekstra mocnego, d\u0142ugotrwa\u0142ego wsparcia dla funkcji erekcji, te tabletki zapewniaj\u0105 do 36 godzin skuteczno\u015bci - dostarczaj\u0105c pewno\u015bci siebie, elastyczno\u015bci i niezawodnej wydajno\u015bci, kiedykolwiek jej potrzebujesz.\" \/>\n<meta property=\"og:url\" content=\"https:\/\/kamagra-official.to\/pl\/product\/vidalista-60mg\/\" \/>\n<meta property=\"og:site_name\" content=\"kamagra-official.to\" \/>\n<meta property=\"article:modified_time\" content=\"2025-10-02T19:22:11+00:00\" \/>\n<meta property=\"og:image\" content=\"https:\/\/kamagra-official.to\/wp-content\/uploads\/2025\/09\/vidalista60_blister.jpg\" \/>\n\t<meta property=\"og:image:width\" content=\"1200\" \/>\n\t<meta property=\"og:image:height\" content=\"1200\" \/>\n\t<meta property=\"og:image:type\" content=\"image\/jpeg\" \/>\n<meta name=\"twitter:card\" content=\"summary_large_image\" \/>\n<meta name=\"twitter:label1\" content=\"Szacowany czas czytania\" \/>\n\t<meta name=\"twitter:data1\" content=\"2 minuty\" \/>\n<script type=\"application\/ld+json\" class=\"yoast-schema-graph\">{\"@context\":\"https:\\\/\\\/schema.org\",\"@graph\":[{\"@type\":\"WebPage\",\"@id\":\"https:\\\/\\\/kamagra-official.to\\\/pl\\\/product\\\/vidalista-60mg\\\/\",\"url\":\"https:\\\/\\\/kamagra-official.to\\\/pl\\\/product\\\/vidalista-60mg\\\/\",\"name\":\"Vidalista 60mg - kamagra-official.to\",\"isPartOf\":{\"@id\":\"https:\\\/\\\/kamagra-official.to\\\/#website\"},\"primaryImageOfPage\":{\"@id\":\"https:\\\/\\\/kamagra-official.to\\\/pl\\\/product\\\/vidalista-60mg\\\/#primaryimage\"},\"image\":{\"@id\":\"https:\\\/\\\/kamagra-official.to\\\/pl\\\/product\\\/vidalista-60mg\\\/#primaryimage\"},\"thumbnailUrl\":\"https:\\\/\\\/kamagra-official.to\\\/wp-content\\\/uploads\\\/2025\\\/09\\\/vidalista60_blister.jpg\",\"datePublished\":\"2024-12-24T00:33:45+00:00\",\"dateModified\":\"2025-10-02T19:22:11+00:00\",\"breadcrumb\":{\"@id\":\"https:\\\/\\\/kamagra-official.to\\\/pl\\\/product\\\/vidalista-60mg\\\/#breadcrumb\"},\"inLanguage\":\"pl-PL\",\"potentialAction\":[{\"@type\":\"ReadAction\",\"target\":[\"https:\\\/\\\/kamagra-official.to\\\/pl\\\/product\\\/vidalista-60mg\\\/\"]}]},{\"@type\":\"ImageObject\",\"inLanguage\":\"pl-PL\",\"@id\":\"https:\\\/\\\/kamagra-official.to\\\/pl\\\/product\\\/vidalista-60mg\\\/#primaryimage\",\"url\":\"https:\\\/\\\/kamagra-official.to\\\/wp-content\\\/uploads\\\/2025\\\/09\\\/vidalista60_blister.jpg\",\"contentUrl\":\"https:\\\/\\\/kamagra-official.to\\\/wp-content\\\/uploads\\\/2025\\\/09\\\/vidalista60_blister.jpg\",\"width\":1200,\"height\":1200},{\"@type\":\"BreadcrumbList\",\"@id\":\"https:\\\/\\\/kamagra-official.to\\\/pl\\\/product\\\/vidalista-60mg\\\/#breadcrumb\",\"itemListElement\":[{\"@type\":\"ListItem\",\"position\":1,\"name\":\"Home\",\"item\":\"https:\\\/\\\/kamagra-official.to\\\/nl\\\/\"},{\"@type\":\"ListItem\",\"position\":2,\"name\":\"Shop\",\"item\":\"https:\\\/\\\/kamagra-official.to\\\/shop\\\/\"},{\"@type\":\"ListItem\",\"position\":3,\"name\":\"Vidalista 60mg\"}]},{\"@type\":\"WebSite\",\"@id\":\"https:\\\/\\\/kamagra-official.to\\\/#website\",\"url\":\"https:\\\/\\\/kamagra-official.to\\\/\",\"name\":\"kamagra-official.to\",\"description\":\"Revitalize Your Sexual Energy Across Europe\",\"publisher\":{\"@id\":\"https:\\\/\\\/kamagra-official.to\\\/#organization\"},\"potentialAction\":[{\"@type\":\"SearchAction\",\"target\":{\"@type\":\"EntryPoint\",\"urlTemplate\":\"https:\\\/\\\/kamagra-official.to\\\/?s={search_term_string}\"},\"query-input\":{\"@type\":\"PropertyValueSpecification\",\"valueRequired\":true,\"valueName\":\"search_term_string\"}}],\"inLanguage\":\"pl-PL\"},{\"@type\":\"Organization\",\"@id\":\"https:\\\/\\\/kamagra-official.to\\\/#organization\",\"name\":\"kamagra-official.to\",\"url\":\"https:\\\/\\\/kamagra-official.to\\\/\",\"logo\":{\"@type\":\"ImageObject\",\"inLanguage\":\"pl-PL\",\"@id\":\"https:\\\/\\\/kamagra-official.to\\\/#\\\/schema\\\/logo\\\/image\\\/\",\"url\":\"https:\\\/\\\/kamagra-official.to\\\/wp-content\\\/uploads\\\/2025\\\/02\\\/KAMAGRA-Photoroom-1.png\",\"contentUrl\":\"https:\\\/\\\/kamagra-official.to\\\/wp-content\\\/uploads\\\/2025\\\/02\\\/KAMAGRA-Photoroom-1.png\",\"width\":150,\"height\":153,\"caption\":\"kamagra-official.to\"},\"image\":{\"@id\":\"https:\\\/\\\/kamagra-official.to\\\/#\\\/schema\\\/logo\\\/image\\\/\"}}]}<\/script>\n<!-- \/ Yoast SEO plugin. -->","yoast_head_json":{"title":"Vidalista 60mg - kamagra-official.to","robots":{"index":"index","follow":"follow","max-snippet":"max-snippet:-1","max-image-preview":"max-image-preview:large","max-video-preview":"max-video-preview:-1"},"canonical":"https:\/\/kamagra-official.to\/pl\/product\/vidalista-60mg\/","og_locale":"pl_PL","og_type":"article","og_title":"Vidalista 60mg - kamagra-official.to","og_description":"60 mg Tadalafilu Ta paczka zawiera 10 tabletek, ka\u017cda z 60 mg tadalafilu. Idealne dla m\u0119\u017cczyzn, kt\u00f3rzy potrzebuj\u0105 ekstra mocnego, d\u0142ugotrwa\u0142ego wsparcia dla funkcji erekcji, te tabletki zapewniaj\u0105 do 36 godzin skuteczno\u015bci - dostarczaj\u0105c pewno\u015bci siebie, elastyczno\u015bci i niezawodnej wydajno\u015bci, kiedykolwiek jej potrzebujesz.","og_url":"https:\/\/kamagra-official.to\/pl\/product\/vidalista-60mg\/","og_site_name":"kamagra-official.to","article_modified_time":"2025-10-02T19:22:11+00:00","og_image":[{"width":1200,"height":1200,"url":"https:\/\/kamagra-official.to\/wp-content\/uploads\/2025\/09\/vidalista60_blister.jpg","type":"image\/jpeg"}],"twitter_card":"summary_large_image","twitter_misc":{"Szacowany czas czytania":"2 minuty"},"schema":{"@context":"https:\/\/schema.org","@graph":[{"@type":"WebPage","@id":"https:\/\/kamagra-official.to\/pl\/product\/vidalista-60mg\/","url":"https:\/\/kamagra-official.to\/pl\/product\/vidalista-60mg\/","name":"Vidalista 60mg - kamagra-official.to","isPartOf":{"@id":"https:\/\/kamagra-official.to\/#website"},"primaryImageOfPage":{"@id":"https:\/\/kamagra-official.to\/pl\/product\/vidalista-60mg\/#primaryimage"},"image":{"@id":"https:\/\/kamagra-official.to\/pl\/product\/vidalista-60mg\/#primaryimage"},"thumbnailUrl":"https:\/\/kamagra-official.to\/wp-content\/uploads\/2025\/09\/vidalista60_blister.jpg","datePublished":"2024-12-24T00:33:45+00:00","dateModified":"2025-10-02T19:22:11+00:00","breadcrumb":{"@id":"https:\/\/kamagra-official.to\/pl\/product\/vidalista-60mg\/#breadcrumb"},"inLanguage":"pl-PL","potentialAction":[{"@type":"ReadAction","target":["https:\/\/kamagra-official.to\/pl\/product\/vidalista-60mg\/"]}]},{"@type":"ImageObject","inLanguage":"pl-PL","@id":"https:\/\/kamagra-official.to\/pl\/product\/vidalista-60mg\/#primaryimage","url":"https:\/\/kamagra-official.to\/wp-content\/uploads\/2025\/09\/vidalista60_blister.jpg","contentUrl":"https:\/\/kamagra-official.to\/wp-content\/uploads\/2025\/09\/vidalista60_blister.jpg","width":1200,"height":1200},{"@type":"BreadcrumbList","@id":"https:\/\/kamagra-official.to\/pl\/product\/vidalista-60mg\/#breadcrumb","itemListElement":[{"@type":"ListItem","position":1,"name":"Home","item":"https:\/\/kamagra-official.to\/nl\/"},{"@type":"ListItem","position":2,"name":"Shop","item":"https:\/\/kamagra-official.to\/shop\/"},{"@type":"ListItem","position":3,"name":"Vidalista 60mg"}]},{"@type":"WebSite","@id":"https:\/\/kamagra-official.to\/#website","url":"https:\/\/kamagra-official.to\/","name":"kamagra-official.to","description":"Revitalize Your Sexual Energy Across Europe","publisher":{"@id":"https:\/\/kamagra-official.to\/#organization"},"potentialAction":[{"@type":"SearchAction","target":{"@type":"EntryPoint","urlTemplate":"https:\/\/kamagra-official.to\/?s={search_term_string}"},"query-input":{"@type":"PropertyValueSpecification","valueRequired":true,"valueName":"search_term_string"}}],"inLanguage":"pl-PL"},{"@type":"Organization","@id":"https:\/\/kamagra-official.to\/#organization","name":"kamagra-official.to","url":"https:\/\/kamagra-official.to\/","logo":{"@type":"ImageObject","inLanguage":"pl-PL","@id":"https:\/\/kamagra-official.to\/#\/schema\/logo\/image\/","url":"https:\/\/kamagra-official.to\/wp-content\/uploads\/2025\/02\/KAMAGRA-Photoroom-1.png","contentUrl":"https:\/\/kamagra-official.to\/wp-content\/uploads\/2025\/02\/KAMAGRA-Photoroom-1.png","width":150,"height":153,"caption":"kamagra-official.to"},"image":{"@id":"https:\/\/kamagra-official.to\/#\/schema\/logo\/image\/"}}]}},"_links":{"self":[{"href":"https:\/\/kamagra-official.to\/pl\/wp-json\/wp\/v2\/product\/24720","targetHints":{"allow":["GET"]}}],"collection":[{"href":"https:\/\/kamagra-official.to\/pl\/wp-json\/wp\/v2\/product"}],"about":[{"href":"https:\/\/kamagra-official.to\/pl\/wp-json\/wp\/v2\/types\/product"}],"wp:featuredmedia":[{"embeddable":true,"href":"https:\/\/kamagra-official.to\/pl\/wp-json\/wp\/v2\/media\/24001"}],"wp:attachment":[{"href":"https:\/\/kamagra-official.to\/pl\/wp-json\/wp\/v2\/media?parent=24720"}],"wp:term":[{"taxonomy":"product_brand","embeddable":true,"href":"https:\/\/kamagra-official.to\/pl\/wp-json\/wp\/v2\/product_brand?post=24720"},{"taxonomy":"product_cat","embeddable":true,"href":"https:\/\/kamagra-official.to\/pl\/wp-json\/wp\/v2\/product_cat?post=24720"},{"taxonomy":"product_tag","embeddable":true,"href":"https:\/\/kamagra-official.to\/pl\/wp-json\/wp\/v2\/product_tag?post=24720"}],"curies":[{"name":"wp","href":"https:\/\/api.w.org\/{rel}","templated":true}]}}