{"id":24710,"date":"2024-12-24T00:35:47","date_gmt":"2024-12-24T00:35:47","guid":{"rendered":"https:\/\/kamagra-official.to\/product\/apcalis-sx-oral-jelly-20mg\/"},"modified":"2025-10-02T19:22:01","modified_gmt":"2025-10-02T19:22:01","slug":"apcalis-sx-oral-jelly-20mg","status":"publish","type":"product","link":"https:\/\/kamagra-official.to\/pl\/product\/apcalis-sx-oral-jelly-20mg\/","title":{"rendered":"Apcalis-SX Oral Jelly 20mg"},"content":{"rendered":"<h3><strong>Apcalis-SX Oral Jelly 20mg &#8211; Szybkie i smaczne rozwi\u0105zanie na zaburzenia erekcji<\/strong><\/h3>\n<p>Apcalis-SX Oral Jelly 20mg to skuteczne lekarstwo na zaburzenia erekcji. Ka\u017cda saszetka zawiera 20 mg tadalafilu, silnego sk\u0142adnika, kt\u00f3ry poprawia przep\u0142yw krwi do penisa i zapewnia trwa\u0142e, niezawodne erekcje. Mimo \u017ce tadalafil jest t\u0105 sam\u0105 substancj\u0105 czynn\u0105, kt\u00f3ra wyst\u0119puje w dobrze znanym leku Cialis, Apcalis-SX Oral Jelly oferuje bardziej przyst\u0119pn\u0105 i wygodn\u0105 alternatyw\u0119.<\/p>\n<p>W por\u00f3wnaniu do cytrynianu sildenafilu (Viagra), tadalafil zapewnia znacznie d\u0142u\u017cszy czas dzia\u0142ania &#8211; z efektami utrzymuj\u0105cymi si\u0119 do 36 godzin. Apcalis-SX Oral Jelly 20mg pozwala Tobie i Twojemu partnerowi cieszy\u0107 si\u0119 przed\u0142u\u017conymi, niezapomnianymi chwilami razem. Ten doustny \u017cel wyst\u0119puje w r\u00f3\u017cnych przyjemnych smakach owocowych, co zapewnia przyjemne doznanie lecznicze.<\/p>\n<hr \/>\n<h3><strong>Kluczowe korzy\u015bci z Apcalis-SX Oral Jelly 20mg<\/strong><\/h3>\n<ul>\n<li><strong>D\u0142ugotrwa\u0142e dzia\u0142anie &#8211; do 36 godzin<\/strong> &#8211; Do\u015bwiadcz d\u0142ugotrwa\u0142ego zaufania i wydajno\u015bci.<\/li>\n<li><strong>Szybki pocz\u0105tek dzia\u0142ania<\/strong> \u2013 Efekty mog\u0105 zacz\u0105\u0107 si\u0119 ju\u017c po 15\u201330 minutach od u\u017cycia.<\/li>\n<li><strong>\u0141atwe do za\u017cycia<\/strong> \u2013 Wystarczy wcisn\u0105\u0107 20mg \u017cel do ust; nie jest wymagana woda.<\/li>\n<li><strong>Wyborne owocowe smaki<\/strong> \u2013 Zdecydowanie smaczniejsza i przyjemniejsza opcja ni\u017c tradycyjne tabletki.<\/li>\n<\/ul>\n<hr \/>\n<h3><strong>Zalecane dawkowanie<\/strong><\/h3>\n<p>Zacznij od po\u0142owy saszetki Apcalis-SX Oral Jelly 20mg. Je\u015bli to konieczne, mo\u017cesz zwi\u0119kszy\u0107 dawk\u0119 do pe\u0142nej saszetki. Nie przekraczaj jednej saszetki (20mg) w ci\u0105gu 24 godzin.<\/p>\n<hr \/>\n<h3><strong>Pocz\u0105tek efekt\u00f3w<\/strong><\/h3>\n<p>Dzia\u0142anie Apcalis-SX Oral Jelly 20mg zwykle zaczyna si\u0119 w ci\u0105gu od 15 do 30 minut i mo\u017ce pozosta\u0107 aktywne przez okres do 36 godzin. Zwr\u00f3\u0107 uwag\u0119, Apcalis-SX Oral Jelly 20mg nie jest afrodyzjakiem; do jego dzia\u0142ania wymagane jest pobudzenie seksualne.<\/p>\n<hr \/>\n<h3><strong>Alkohol a Apcalis-SX Oral Jelly 20mg<\/strong><\/h3>\n<p>Unikaj po\u0142\u0105czenia tego produktu z alkoholem, poniewa\u017c mo\u017ce to zmniejszy\u0107 jego skuteczno\u015b\u0107. Ci\u0119\u017ckie lub t\u0142uste posi\u0142ki mog\u0105 r\u00f3wnie\u017c op\u00f3\u017ani\u0107 pocz\u0105tek dzia\u0142ania.<\/p>\n<hr \/>\n<h3><strong>\u0141\u0105czenie z innymi lekami<\/strong><\/h3>\n<p>Przed u\u017cyciem Apcalis-SX Oral Jelly 20mg skonsultuj si\u0119 z lekarzem, zw\u0142aszcza je\u015bli przyjmujesz:<\/p>\n<ul>\n<li>Cymetydyn\u0119,<\/li>\n<li>Ketokonazol,<\/li>\n<li>Erytromycyn\u0119.<\/li>\n<\/ul>\n<p>\u0141\u0105czenie z niekt\u00f3rymi lekami mo\u017ce zmniejszy\u0107 skuteczno\u015b\u0107 lub powodowa\u0107 niepo\u017c\u0105dane skutki uboczne.<\/p>\n<hr \/>\n<h3><strong>Mo\u017cliwe skutki uboczne i reakcje alergiczne<\/strong><\/h3>\n<p>Skutki uboczne zwi\u0105zane z Apcalis-SX Oral Jelly 20mg s\u0105 zazwyczaj \u0142agodne i przemijaj\u0105ce.<\/p>\n<p><strong>Najcz\u0119stsze skutki uboczne:<\/strong><\/p>\n<ul>\n<li>Zaczerwienienie,<\/li>\n<li>B\u00f3l g\u0142owy.<\/li>\n<\/ul>\n<p><strong>Mniej cz\u0119ste dzia\u0142ania niepo\u017c\u0105dane:<\/strong><\/p>\n<ul>\n<li>Zawroty g\u0142owy,<\/li>\n<li>Zm\u0119tnienie widzenia,<\/li>\n<li>B\u00f3le mi\u0119\u015bni,<\/li>\n<li>Zgaga,<\/li>\n<li>Wysypka,<\/li>\n<li>Zatkany lub zapchany nos.<\/li>\n<\/ul>\n<p>Je\u015bli do\u015bwiadczasz ci\u0119\u017ckich lub utrzymuj\u0105cych si\u0119 reakcji, natychmiast skontaktuj si\u0119 z dostawc\u0105 us\u0142ug zdrowotnych.<\/p>\n<hr \/>\n<h3><strong>Kiedy powiniene\u015b unika\u0107 Apcalis-SX Oral Jelly 20mg?<\/strong><\/h3>\n<p>Nie przyjmuj tego produktu, je\u015bli:<\/p>\n<ul>\n<li>U\u017cywasz lek\u00f3w na azotany (na d\u0142awic\u0119 piersiow\u0105 lub b\u00f3l w klatce piersiowej).<\/li>\n<li>Mia\u0142e\u015b atak serca, udar m\u00f3zgu lub niewydolno\u015b\u0107 serca w ci\u0105gu ostatnich 6 miesi\u0119cy.<\/li>\n<li>Masz problemy z ci\u015bnieniem krwi lub zaburzenia krzepni\u0119cia.<\/li>\n<li>Jeste\u015b uczulony na tadalafil lub jakikolwiek sk\u0142adnik Apcalis-SX Oral Jelly 20mg.<\/li>\n<\/ul>\n<hr \/>\n<h3><strong>Wytyczne dotycz\u0105ce przechowywania<\/strong><\/h3>\n<p>Przechowuj Apcalis-SX Oral Jelly 20mg w oryginalnym opakowaniu, z dala od dzieci. Przechowuj w suchym miejscu pomi\u0119dzy 10 i 30\u00b0C, zabezpieczonym przed bezpo\u015brednim \u015bwiat\u0142em s\u0142onecznym.<\/p>\n","protected":false},"excerpt":{"rendered":"<p><strong>Apcalis-SX Oral Jelly 20mg<\/strong><\/p>\n<p>Ka\u017cde pude\u0142ko Apcalis-SX Oral Jelly 20mg zawiera 7 wygodnych saszetek stworzonych do prostego i skutecznego u\u017cytkowania. Ka\u017cda saszetka \u017celu zawiera dawk\u0119 tadalafilu 20mg, oferuj\u0105c niezawodne wsparcie dla m\u0119\u017cczyzn zmagaj\u0105cych si\u0119 z zaburzeniami erekcji. Ten zestaw pozwala Ci cieszy\u0107 si\u0119 szybkim dzia\u0142aniem i d\u0142ugotrwa\u0142ymi efektami przez ca\u0142y tydzie\u0144, \u0142\u0105cz\u0105c dyskrecj\u0119 i satysfakcj\u0119 w jednym przyst\u0119pnym produkcie.<\/p>\n","protected":false},"featured_media":24023,"template":"","meta":[],"product_brand":[],"product_cat":[207],"product_tag":[],"class_list":{"0":"post-24710","1":"product","2":"type-product","3":"status-publish","4":"has-post-thumbnail","6":"product_cat-ogolne-cialis","8":"first","9":"instock","10":"shipping-taxable","11":"purchasable","12":"product-type-simple"},"yoast_head":"<!-- This site is optimized with the Yoast SEO plugin v27.5 - https:\/\/yoast.com\/product\/yoast-seo-wordpress\/ -->\n<title>Apcalis-SX Oral Jelly 20mg - kamagra-official.to<\/title>\n<meta name=\"robots\" content=\"index, follow, max-snippet:-1, max-image-preview:large, max-video-preview:-1\" \/>\n<link rel=\"canonical\" href=\"https:\/\/kamagra-official.to\/pl\/product\/apcalis-sx-oral-jelly-20mg\/\" \/>\n<meta property=\"og:locale\" content=\"pl_PL\" \/>\n<meta property=\"og:type\" content=\"article\" \/>\n<meta property=\"og:title\" content=\"Apcalis-SX Oral Jelly 20mg - kamagra-official.to\" \/>\n<meta property=\"og:description\" content=\"Apcalis-SX Oral Jelly 20mg Ka\u017cde pude\u0142ko Apcalis-SX Oral Jelly 20mg zawiera 7 wygodnych saszetek stworzonych do prostego i skutecznego u\u017cytkowania. Ka\u017cda saszetka \u017celu zawiera dawk\u0119 tadalafilu 20mg, oferuj\u0105c niezawodne wsparcie dla m\u0119\u017cczyzn zmagaj\u0105cych si\u0119 z zaburzeniami erekcji. Ten zestaw pozwala Ci cieszy\u0107 si\u0119 szybkim dzia\u0142aniem i d\u0142ugotrwa\u0142ymi efektami przez ca\u0142y tydzie\u0144, \u0142\u0105cz\u0105c dyskrecj\u0119 i satysfakcj\u0119 w jednym przyst\u0119pnym produkcie.\" \/>\n<meta property=\"og:url\" content=\"https:\/\/kamagra-official.to\/pl\/product\/apcalis-sx-oral-jelly-20mg\/\" \/>\n<meta property=\"og:site_name\" content=\"kamagra-official.to\" \/>\n<meta property=\"article:modified_time\" content=\"2025-10-02T19:22:01+00:00\" \/>\n<meta property=\"og:image\" content=\"https:\/\/kamagra-official.to\/wp-content\/uploads\/2025\/09\/apcalis-jelly-2-768x768-1.jpg\" \/>\n\t<meta property=\"og:image:width\" content=\"768\" \/>\n\t<meta property=\"og:image:height\" content=\"768\" \/>\n\t<meta property=\"og:image:type\" content=\"image\/jpeg\" \/>\n<meta name=\"twitter:card\" content=\"summary_large_image\" \/>\n<meta name=\"twitter:label1\" content=\"Szacowany czas czytania\" \/>\n\t<meta name=\"twitter:data1\" content=\"3 minuty\" \/>\n<script type=\"application\/ld+json\" class=\"yoast-schema-graph\">{\"@context\":\"https:\\\/\\\/schema.org\",\"@graph\":[{\"@type\":\"WebPage\",\"@id\":\"https:\\\/\\\/kamagra-official.to\\\/pl\\\/product\\\/apcalis-sx-oral-jelly-20mg\\\/\",\"url\":\"https:\\\/\\\/kamagra-official.to\\\/pl\\\/product\\\/apcalis-sx-oral-jelly-20mg\\\/\",\"name\":\"Apcalis-SX Oral Jelly 20mg - kamagra-official.to\",\"isPartOf\":{\"@id\":\"https:\\\/\\\/kamagra-official.to\\\/#website\"},\"primaryImageOfPage\":{\"@id\":\"https:\\\/\\\/kamagra-official.to\\\/pl\\\/product\\\/apcalis-sx-oral-jelly-20mg\\\/#primaryimage\"},\"image\":{\"@id\":\"https:\\\/\\\/kamagra-official.to\\\/pl\\\/product\\\/apcalis-sx-oral-jelly-20mg\\\/#primaryimage\"},\"thumbnailUrl\":\"https:\\\/\\\/kamagra-official.to\\\/wp-content\\\/uploads\\\/2025\\\/09\\\/apcalis-jelly-2-768x768-1.jpg\",\"datePublished\":\"2024-12-24T00:35:47+00:00\",\"dateModified\":\"2025-10-02T19:22:01+00:00\",\"breadcrumb\":{\"@id\":\"https:\\\/\\\/kamagra-official.to\\\/pl\\\/product\\\/apcalis-sx-oral-jelly-20mg\\\/#breadcrumb\"},\"inLanguage\":\"pl-PL\",\"potentialAction\":[{\"@type\":\"ReadAction\",\"target\":[\"https:\\\/\\\/kamagra-official.to\\\/pl\\\/product\\\/apcalis-sx-oral-jelly-20mg\\\/\"]}]},{\"@type\":\"ImageObject\",\"inLanguage\":\"pl-PL\",\"@id\":\"https:\\\/\\\/kamagra-official.to\\\/pl\\\/product\\\/apcalis-sx-oral-jelly-20mg\\\/#primaryimage\",\"url\":\"https:\\\/\\\/kamagra-official.to\\\/wp-content\\\/uploads\\\/2025\\\/09\\\/apcalis-jelly-2-768x768-1.jpg\",\"contentUrl\":\"https:\\\/\\\/kamagra-official.to\\\/wp-content\\\/uploads\\\/2025\\\/09\\\/apcalis-jelly-2-768x768-1.jpg\",\"width\":768,\"height\":768},{\"@type\":\"BreadcrumbList\",\"@id\":\"https:\\\/\\\/kamagra-official.to\\\/pl\\\/product\\\/apcalis-sx-oral-jelly-20mg\\\/#breadcrumb\",\"itemListElement\":[{\"@type\":\"ListItem\",\"position\":1,\"name\":\"Home\",\"item\":\"https:\\\/\\\/kamagra-official.to\\\/nl\\\/\"},{\"@type\":\"ListItem\",\"position\":2,\"name\":\"Shop\",\"item\":\"https:\\\/\\\/kamagra-official.to\\\/shop\\\/\"},{\"@type\":\"ListItem\",\"position\":3,\"name\":\"Apcalis-SX Oral Jelly 20mg\"}]},{\"@type\":\"WebSite\",\"@id\":\"https:\\\/\\\/kamagra-official.to\\\/#website\",\"url\":\"https:\\\/\\\/kamagra-official.to\\\/\",\"name\":\"kamagra-official.to\",\"description\":\"Revitalize Your Sexual Energy Across Europe\",\"publisher\":{\"@id\":\"https:\\\/\\\/kamagra-official.to\\\/#organization\"},\"potentialAction\":[{\"@type\":\"SearchAction\",\"target\":{\"@type\":\"EntryPoint\",\"urlTemplate\":\"https:\\\/\\\/kamagra-official.to\\\/?s={search_term_string}\"},\"query-input\":{\"@type\":\"PropertyValueSpecification\",\"valueRequired\":true,\"valueName\":\"search_term_string\"}}],\"inLanguage\":\"pl-PL\"},{\"@type\":\"Organization\",\"@id\":\"https:\\\/\\\/kamagra-official.to\\\/#organization\",\"name\":\"kamagra-official.to\",\"url\":\"https:\\\/\\\/kamagra-official.to\\\/\",\"logo\":{\"@type\":\"ImageObject\",\"inLanguage\":\"pl-PL\",\"@id\":\"https:\\\/\\\/kamagra-official.to\\\/#\\\/schema\\\/logo\\\/image\\\/\",\"url\":\"https:\\\/\\\/kamagra-official.to\\\/wp-content\\\/uploads\\\/2025\\\/02\\\/KAMAGRA-Photoroom-1.png\",\"contentUrl\":\"https:\\\/\\\/kamagra-official.to\\\/wp-content\\\/uploads\\\/2025\\\/02\\\/KAMAGRA-Photoroom-1.png\",\"width\":150,\"height\":153,\"caption\":\"kamagra-official.to\"},\"image\":{\"@id\":\"https:\\\/\\\/kamagra-official.to\\\/#\\\/schema\\\/logo\\\/image\\\/\"}}]}<\/script>\n<!-- \/ Yoast SEO plugin. -->","yoast_head_json":{"title":"Apcalis-SX Oral Jelly 20mg - kamagra-official.to","robots":{"index":"index","follow":"follow","max-snippet":"max-snippet:-1","max-image-preview":"max-image-preview:large","max-video-preview":"max-video-preview:-1"},"canonical":"https:\/\/kamagra-official.to\/pl\/product\/apcalis-sx-oral-jelly-20mg\/","og_locale":"pl_PL","og_type":"article","og_title":"Apcalis-SX Oral Jelly 20mg - kamagra-official.to","og_description":"Apcalis-SX Oral Jelly 20mg Ka\u017cde pude\u0142ko Apcalis-SX Oral Jelly 20mg zawiera 7 wygodnych saszetek stworzonych do prostego i skutecznego u\u017cytkowania. Ka\u017cda saszetka \u017celu zawiera dawk\u0119 tadalafilu 20mg, oferuj\u0105c niezawodne wsparcie dla m\u0119\u017cczyzn zmagaj\u0105cych si\u0119 z zaburzeniami erekcji. Ten zestaw pozwala Ci cieszy\u0107 si\u0119 szybkim dzia\u0142aniem i d\u0142ugotrwa\u0142ymi efektami przez ca\u0142y tydzie\u0144, \u0142\u0105cz\u0105c dyskrecj\u0119 i satysfakcj\u0119 w jednym przyst\u0119pnym produkcie.","og_url":"https:\/\/kamagra-official.to\/pl\/product\/apcalis-sx-oral-jelly-20mg\/","og_site_name":"kamagra-official.to","article_modified_time":"2025-10-02T19:22:01+00:00","og_image":[{"width":768,"height":768,"url":"https:\/\/kamagra-official.to\/wp-content\/uploads\/2025\/09\/apcalis-jelly-2-768x768-1.jpg","type":"image\/jpeg"}],"twitter_card":"summary_large_image","twitter_misc":{"Szacowany czas czytania":"3 minuty"},"schema":{"@context":"https:\/\/schema.org","@graph":[{"@type":"WebPage","@id":"https:\/\/kamagra-official.to\/pl\/product\/apcalis-sx-oral-jelly-20mg\/","url":"https:\/\/kamagra-official.to\/pl\/product\/apcalis-sx-oral-jelly-20mg\/","name":"Apcalis-SX Oral Jelly 20mg - kamagra-official.to","isPartOf":{"@id":"https:\/\/kamagra-official.to\/#website"},"primaryImageOfPage":{"@id":"https:\/\/kamagra-official.to\/pl\/product\/apcalis-sx-oral-jelly-20mg\/#primaryimage"},"image":{"@id":"https:\/\/kamagra-official.to\/pl\/product\/apcalis-sx-oral-jelly-20mg\/#primaryimage"},"thumbnailUrl":"https:\/\/kamagra-official.to\/wp-content\/uploads\/2025\/09\/apcalis-jelly-2-768x768-1.jpg","datePublished":"2024-12-24T00:35:47+00:00","dateModified":"2025-10-02T19:22:01+00:00","breadcrumb":{"@id":"https:\/\/kamagra-official.to\/pl\/product\/apcalis-sx-oral-jelly-20mg\/#breadcrumb"},"inLanguage":"pl-PL","potentialAction":[{"@type":"ReadAction","target":["https:\/\/kamagra-official.to\/pl\/product\/apcalis-sx-oral-jelly-20mg\/"]}]},{"@type":"ImageObject","inLanguage":"pl-PL","@id":"https:\/\/kamagra-official.to\/pl\/product\/apcalis-sx-oral-jelly-20mg\/#primaryimage","url":"https:\/\/kamagra-official.to\/wp-content\/uploads\/2025\/09\/apcalis-jelly-2-768x768-1.jpg","contentUrl":"https:\/\/kamagra-official.to\/wp-content\/uploads\/2025\/09\/apcalis-jelly-2-768x768-1.jpg","width":768,"height":768},{"@type":"BreadcrumbList","@id":"https:\/\/kamagra-official.to\/pl\/product\/apcalis-sx-oral-jelly-20mg\/#breadcrumb","itemListElement":[{"@type":"ListItem","position":1,"name":"Home","item":"https:\/\/kamagra-official.to\/nl\/"},{"@type":"ListItem","position":2,"name":"Shop","item":"https:\/\/kamagra-official.to\/shop\/"},{"@type":"ListItem","position":3,"name":"Apcalis-SX Oral Jelly 20mg"}]},{"@type":"WebSite","@id":"https:\/\/kamagra-official.to\/#website","url":"https:\/\/kamagra-official.to\/","name":"kamagra-official.to","description":"Revitalize Your Sexual Energy Across Europe","publisher":{"@id":"https:\/\/kamagra-official.to\/#organization"},"potentialAction":[{"@type":"SearchAction","target":{"@type":"EntryPoint","urlTemplate":"https:\/\/kamagra-official.to\/?s={search_term_string}"},"query-input":{"@type":"PropertyValueSpecification","valueRequired":true,"valueName":"search_term_string"}}],"inLanguage":"pl-PL"},{"@type":"Organization","@id":"https:\/\/kamagra-official.to\/#organization","name":"kamagra-official.to","url":"https:\/\/kamagra-official.to\/","logo":{"@type":"ImageObject","inLanguage":"pl-PL","@id":"https:\/\/kamagra-official.to\/#\/schema\/logo\/image\/","url":"https:\/\/kamagra-official.to\/wp-content\/uploads\/2025\/02\/KAMAGRA-Photoroom-1.png","contentUrl":"https:\/\/kamagra-official.to\/wp-content\/uploads\/2025\/02\/KAMAGRA-Photoroom-1.png","width":150,"height":153,"caption":"kamagra-official.to"},"image":{"@id":"https:\/\/kamagra-official.to\/#\/schema\/logo\/image\/"}}]}},"_links":{"self":[{"href":"https:\/\/kamagra-official.to\/pl\/wp-json\/wp\/v2\/product\/24710","targetHints":{"allow":["GET"]}}],"collection":[{"href":"https:\/\/kamagra-official.to\/pl\/wp-json\/wp\/v2\/product"}],"about":[{"href":"https:\/\/kamagra-official.to\/pl\/wp-json\/wp\/v2\/types\/product"}],"wp:featuredmedia":[{"embeddable":true,"href":"https:\/\/kamagra-official.to\/pl\/wp-json\/wp\/v2\/media\/24023"}],"wp:attachment":[{"href":"https:\/\/kamagra-official.to\/pl\/wp-json\/wp\/v2\/media?parent=24710"}],"wp:term":[{"taxonomy":"product_brand","embeddable":true,"href":"https:\/\/kamagra-official.to\/pl\/wp-json\/wp\/v2\/product_brand?post=24710"},{"taxonomy":"product_cat","embeddable":true,"href":"https:\/\/kamagra-official.to\/pl\/wp-json\/wp\/v2\/product_cat?post=24710"},{"taxonomy":"product_tag","embeddable":true,"href":"https:\/\/kamagra-official.to\/pl\/wp-json\/wp\/v2\/product_tag?post=24710"}],"curies":[{"name":"wp","href":"https:\/\/api.w.org\/{rel}","templated":true}]}}