{"id":24540,"date":"2025-09-17T00:02:51","date_gmt":"2025-09-17T00:02:51","guid":{"rendered":"https:\/\/kamagra-official.to\/product\/vilitra-60mg\/"},"modified":"2025-10-02T18:37:07","modified_gmt":"2025-10-02T18:37:07","slug":"vilitra-60mg","status":"publish","type":"product","link":"https:\/\/kamagra-official.to\/pl\/product\/vilitra-60mg\/","title":{"rendered":"Vilitra 60mg"},"content":{"rendered":"<p>&#8211;<\/p>\n","protected":false},"excerpt":{"rendered":"<p><strong>60 mg Vardenafilu<\/strong><\/p>\n<p>Ten pakiet zawiera 10 tabletek, ka\u017cda z siln\u0105 dawk\u0105 60 mg vardenafilu. Przeznaczony dla m\u0119\u017cczyzn, kt\u00f3rzy potrzebuj\u0105 silniejszego i d\u0142u\u017cej utrzymuj\u0105cego si\u0119 wsparcia erekcji, te tabletki dostarczaj\u0105 szybkich, pot\u0119\u017cnych efekt\u00f3w z do 8 godzinami niezawodnej wydajno\u015bci i odnowionej blisko\u015bci.<\/p>\n","protected":false},"featured_media":24331,"template":"","meta":[],"product_brand":[],"product_cat":[203],"product_tag":[],"class_list":{"0":"post-24540","1":"product","2":"type-product","3":"status-publish","4":"has-post-thumbnail","6":"product_cat-ogolne-levitra","8":"first","9":"instock","10":"shipping-taxable","11":"purchasable","12":"product-type-simple"},"yoast_head":"<!-- This site is optimized with the Yoast SEO plugin v27.5 - https:\/\/yoast.com\/product\/yoast-seo-wordpress\/ -->\n<title>Vilitra 60mg - kamagra-official.to<\/title>\n<meta name=\"robots\" content=\"index, follow, max-snippet:-1, max-image-preview:large, max-video-preview:-1\" \/>\n<link rel=\"canonical\" href=\"https:\/\/kamagra-official.to\/pl\/product\/vilitra-60mg\/\" \/>\n<meta property=\"og:locale\" content=\"pl_PL\" \/>\n<meta property=\"og:type\" content=\"article\" \/>\n<meta property=\"og:title\" content=\"Vilitra 60mg - kamagra-official.to\" \/>\n<meta property=\"og:description\" content=\"60 mg Vardenafilu Ten pakiet zawiera 10 tabletek, ka\u017cda z siln\u0105 dawk\u0105 60 mg vardenafilu. Przeznaczony dla m\u0119\u017cczyzn, kt\u00f3rzy potrzebuj\u0105 silniejszego i d\u0142u\u017cej utrzymuj\u0105cego si\u0119 wsparcia erekcji, te tabletki dostarczaj\u0105 szybkich, pot\u0119\u017cnych efekt\u00f3w z do 8 godzinami niezawodnej wydajno\u015bci i odnowionej blisko\u015bci.\" \/>\n<meta property=\"og:url\" content=\"https:\/\/kamagra-official.to\/pl\/product\/vilitra-60mg\/\" \/>\n<meta property=\"og:site_name\" content=\"kamagra-official.to\" \/>\n<meta property=\"article:modified_time\" content=\"2025-10-02T18:37:07+00:00\" \/>\n<meta property=\"og:image\" content=\"https:\/\/kamagra-official.to\/wp-content\/uploads\/2025\/09\/vilitra-60-mg-1-with-medicine.png\" \/>\n\t<meta property=\"og:image:width\" content=\"1200\" \/>\n\t<meta property=\"og:image:height\" content=\"1200\" \/>\n\t<meta property=\"og:image:type\" content=\"image\/png\" \/>\n<meta name=\"twitter:card\" content=\"summary_large_image\" \/>\n<script type=\"application\/ld+json\" class=\"yoast-schema-graph\">{\"@context\":\"https:\\\/\\\/schema.org\",\"@graph\":[{\"@type\":\"WebPage\",\"@id\":\"https:\\\/\\\/kamagra-official.to\\\/pl\\\/product\\\/vilitra-60mg\\\/\",\"url\":\"https:\\\/\\\/kamagra-official.to\\\/pl\\\/product\\\/vilitra-60mg\\\/\",\"name\":\"Vilitra 60mg - kamagra-official.to\",\"isPartOf\":{\"@id\":\"https:\\\/\\\/kamagra-official.to\\\/#website\"},\"primaryImageOfPage\":{\"@id\":\"https:\\\/\\\/kamagra-official.to\\\/pl\\\/product\\\/vilitra-60mg\\\/#primaryimage\"},\"image\":{\"@id\":\"https:\\\/\\\/kamagra-official.to\\\/pl\\\/product\\\/vilitra-60mg\\\/#primaryimage\"},\"thumbnailUrl\":\"https:\\\/\\\/kamagra-official.to\\\/wp-content\\\/uploads\\\/2025\\\/09\\\/vilitra-60-mg-1-with-medicine.png\",\"datePublished\":\"2025-09-17T00:02:51+00:00\",\"dateModified\":\"2025-10-02T18:37:07+00:00\",\"breadcrumb\":{\"@id\":\"https:\\\/\\\/kamagra-official.to\\\/pl\\\/product\\\/vilitra-60mg\\\/#breadcrumb\"},\"inLanguage\":\"pl-PL\",\"potentialAction\":[{\"@type\":\"ReadAction\",\"target\":[\"https:\\\/\\\/kamagra-official.to\\\/pl\\\/product\\\/vilitra-60mg\\\/\"]}]},{\"@type\":\"ImageObject\",\"inLanguage\":\"pl-PL\",\"@id\":\"https:\\\/\\\/kamagra-official.to\\\/pl\\\/product\\\/vilitra-60mg\\\/#primaryimage\",\"url\":\"https:\\\/\\\/kamagra-official.to\\\/wp-content\\\/uploads\\\/2025\\\/09\\\/vilitra-60-mg-1-with-medicine.png\",\"contentUrl\":\"https:\\\/\\\/kamagra-official.to\\\/wp-content\\\/uploads\\\/2025\\\/09\\\/vilitra-60-mg-1-with-medicine.png\",\"width\":1200,\"height\":1200},{\"@type\":\"BreadcrumbList\",\"@id\":\"https:\\\/\\\/kamagra-official.to\\\/pl\\\/product\\\/vilitra-60mg\\\/#breadcrumb\",\"itemListElement\":[{\"@type\":\"ListItem\",\"position\":1,\"name\":\"Home\",\"item\":\"https:\\\/\\\/kamagra-official.to\\\/nl\\\/\"},{\"@type\":\"ListItem\",\"position\":2,\"name\":\"Shop\",\"item\":\"https:\\\/\\\/kamagra-official.to\\\/shop\\\/\"},{\"@type\":\"ListItem\",\"position\":3,\"name\":\"Vilitra 60mg\"}]},{\"@type\":\"WebSite\",\"@id\":\"https:\\\/\\\/kamagra-official.to\\\/#website\",\"url\":\"https:\\\/\\\/kamagra-official.to\\\/\",\"name\":\"kamagra-official.to\",\"description\":\"Revitalize Your Sexual Energy Across Europe\",\"publisher\":{\"@id\":\"https:\\\/\\\/kamagra-official.to\\\/#organization\"},\"potentialAction\":[{\"@type\":\"SearchAction\",\"target\":{\"@type\":\"EntryPoint\",\"urlTemplate\":\"https:\\\/\\\/kamagra-official.to\\\/?s={search_term_string}\"},\"query-input\":{\"@type\":\"PropertyValueSpecification\",\"valueRequired\":true,\"valueName\":\"search_term_string\"}}],\"inLanguage\":\"pl-PL\"},{\"@type\":\"Organization\",\"@id\":\"https:\\\/\\\/kamagra-official.to\\\/#organization\",\"name\":\"kamagra-official.to\",\"url\":\"https:\\\/\\\/kamagra-official.to\\\/\",\"logo\":{\"@type\":\"ImageObject\",\"inLanguage\":\"pl-PL\",\"@id\":\"https:\\\/\\\/kamagra-official.to\\\/#\\\/schema\\\/logo\\\/image\\\/\",\"url\":\"https:\\\/\\\/kamagra-official.to\\\/wp-content\\\/uploads\\\/2025\\\/02\\\/KAMAGRA-Photoroom-1.png\",\"contentUrl\":\"https:\\\/\\\/kamagra-official.to\\\/wp-content\\\/uploads\\\/2025\\\/02\\\/KAMAGRA-Photoroom-1.png\",\"width\":150,\"height\":153,\"caption\":\"kamagra-official.to\"},\"image\":{\"@id\":\"https:\\\/\\\/kamagra-official.to\\\/#\\\/schema\\\/logo\\\/image\\\/\"}}]}<\/script>\n<!-- \/ Yoast SEO plugin. -->","yoast_head_json":{"title":"Vilitra 60mg - kamagra-official.to","robots":{"index":"index","follow":"follow","max-snippet":"max-snippet:-1","max-image-preview":"max-image-preview:large","max-video-preview":"max-video-preview:-1"},"canonical":"https:\/\/kamagra-official.to\/pl\/product\/vilitra-60mg\/","og_locale":"pl_PL","og_type":"article","og_title":"Vilitra 60mg - kamagra-official.to","og_description":"60 mg Vardenafilu Ten pakiet zawiera 10 tabletek, ka\u017cda z siln\u0105 dawk\u0105 60 mg vardenafilu. Przeznaczony dla m\u0119\u017cczyzn, kt\u00f3rzy potrzebuj\u0105 silniejszego i d\u0142u\u017cej utrzymuj\u0105cego si\u0119 wsparcia erekcji, te tabletki dostarczaj\u0105 szybkich, pot\u0119\u017cnych efekt\u00f3w z do 8 godzinami niezawodnej wydajno\u015bci i odnowionej blisko\u015bci.","og_url":"https:\/\/kamagra-official.to\/pl\/product\/vilitra-60mg\/","og_site_name":"kamagra-official.to","article_modified_time":"2025-10-02T18:37:07+00:00","og_image":[{"width":1200,"height":1200,"url":"https:\/\/kamagra-official.to\/wp-content\/uploads\/2025\/09\/vilitra-60-mg-1-with-medicine.png","type":"image\/png"}],"twitter_card":"summary_large_image","schema":{"@context":"https:\/\/schema.org","@graph":[{"@type":"WebPage","@id":"https:\/\/kamagra-official.to\/pl\/product\/vilitra-60mg\/","url":"https:\/\/kamagra-official.to\/pl\/product\/vilitra-60mg\/","name":"Vilitra 60mg - kamagra-official.to","isPartOf":{"@id":"https:\/\/kamagra-official.to\/#website"},"primaryImageOfPage":{"@id":"https:\/\/kamagra-official.to\/pl\/product\/vilitra-60mg\/#primaryimage"},"image":{"@id":"https:\/\/kamagra-official.to\/pl\/product\/vilitra-60mg\/#primaryimage"},"thumbnailUrl":"https:\/\/kamagra-official.to\/wp-content\/uploads\/2025\/09\/vilitra-60-mg-1-with-medicine.png","datePublished":"2025-09-17T00:02:51+00:00","dateModified":"2025-10-02T18:37:07+00:00","breadcrumb":{"@id":"https:\/\/kamagra-official.to\/pl\/product\/vilitra-60mg\/#breadcrumb"},"inLanguage":"pl-PL","potentialAction":[{"@type":"ReadAction","target":["https:\/\/kamagra-official.to\/pl\/product\/vilitra-60mg\/"]}]},{"@type":"ImageObject","inLanguage":"pl-PL","@id":"https:\/\/kamagra-official.to\/pl\/product\/vilitra-60mg\/#primaryimage","url":"https:\/\/kamagra-official.to\/wp-content\/uploads\/2025\/09\/vilitra-60-mg-1-with-medicine.png","contentUrl":"https:\/\/kamagra-official.to\/wp-content\/uploads\/2025\/09\/vilitra-60-mg-1-with-medicine.png","width":1200,"height":1200},{"@type":"BreadcrumbList","@id":"https:\/\/kamagra-official.to\/pl\/product\/vilitra-60mg\/#breadcrumb","itemListElement":[{"@type":"ListItem","position":1,"name":"Home","item":"https:\/\/kamagra-official.to\/nl\/"},{"@type":"ListItem","position":2,"name":"Shop","item":"https:\/\/kamagra-official.to\/shop\/"},{"@type":"ListItem","position":3,"name":"Vilitra 60mg"}]},{"@type":"WebSite","@id":"https:\/\/kamagra-official.to\/#website","url":"https:\/\/kamagra-official.to\/","name":"kamagra-official.to","description":"Revitalize Your Sexual Energy Across Europe","publisher":{"@id":"https:\/\/kamagra-official.to\/#organization"},"potentialAction":[{"@type":"SearchAction","target":{"@type":"EntryPoint","urlTemplate":"https:\/\/kamagra-official.to\/?s={search_term_string}"},"query-input":{"@type":"PropertyValueSpecification","valueRequired":true,"valueName":"search_term_string"}}],"inLanguage":"pl-PL"},{"@type":"Organization","@id":"https:\/\/kamagra-official.to\/#organization","name":"kamagra-official.to","url":"https:\/\/kamagra-official.to\/","logo":{"@type":"ImageObject","inLanguage":"pl-PL","@id":"https:\/\/kamagra-official.to\/#\/schema\/logo\/image\/","url":"https:\/\/kamagra-official.to\/wp-content\/uploads\/2025\/02\/KAMAGRA-Photoroom-1.png","contentUrl":"https:\/\/kamagra-official.to\/wp-content\/uploads\/2025\/02\/KAMAGRA-Photoroom-1.png","width":150,"height":153,"caption":"kamagra-official.to"},"image":{"@id":"https:\/\/kamagra-official.to\/#\/schema\/logo\/image\/"}}]}},"_links":{"self":[{"href":"https:\/\/kamagra-official.to\/pl\/wp-json\/wp\/v2\/product\/24540","targetHints":{"allow":["GET"]}}],"collection":[{"href":"https:\/\/kamagra-official.to\/pl\/wp-json\/wp\/v2\/product"}],"about":[{"href":"https:\/\/kamagra-official.to\/pl\/wp-json\/wp\/v2\/types\/product"}],"wp:featuredmedia":[{"embeddable":true,"href":"https:\/\/kamagra-official.to\/pl\/wp-json\/wp\/v2\/media\/24331"}],"wp:attachment":[{"href":"https:\/\/kamagra-official.to\/pl\/wp-json\/wp\/v2\/media?parent=24540"}],"wp:term":[{"taxonomy":"product_brand","embeddable":true,"href":"https:\/\/kamagra-official.to\/pl\/wp-json\/wp\/v2\/product_brand?post=24540"},{"taxonomy":"product_cat","embeddable":true,"href":"https:\/\/kamagra-official.to\/pl\/wp-json\/wp\/v2\/product_cat?post=24540"},{"taxonomy":"product_tag","embeddable":true,"href":"https:\/\/kamagra-official.to\/pl\/wp-json\/wp\/v2\/product_tag?post=24540"}],"curies":[{"name":"wp","href":"https:\/\/api.w.org\/{rel}","templated":true}]}}