{"id":24489,"date":"2025-01-01T13:50:43","date_gmt":"2025-01-01T13:50:43","guid":{"rendered":"https:\/\/kamagra-official.to\/product\/super-p-force-160mg\/"},"modified":"2025-10-02T19:21:08","modified_gmt":"2025-10-02T19:21:08","slug":"super-p-force-160mg","status":"publish","type":"product","link":"https:\/\/kamagra-official.to\/pl\/product\/super-p-force-160mg\/","title":{"rendered":"Super P-Force 160mg"},"content":{"rendered":"<h3><strong>Super P-Force 160mg \u2013 podw\u00f3jne dzia\u0142anie dla ostatecznej wydajno\u015bci w sypialni!<\/strong><\/h3>\n<p><strong>Super P-Force<\/strong> \u0142\u0105czy dwa skuteczne sk\u0142adniki\u2014<strong>sildenafil<\/strong> i <strong>dapoxetine<\/strong>\u2014aby bezpo\u015brednio zaj\u0105\u0107 si\u0119 zar\u00f3wno <strong>problemami z erekcj\u0105<\/strong> jak i <strong>wcze\u015bniejszym wytryskiem<\/strong>. Sildenafil poprawia przep\u0142yw krwi, zapewniaj\u0105c tward\u0105 i trwa\u0142\u0105 erekcj\u0119, a dapoxetine op\u00f3\u017ania kulminacj\u0119. Kompleksowe dzia\u0142anie tych dw\u00f3ch sk\u0142adnik\u00f3w pozwala Tobie i Twojemu partnerowi na prze\u017cywanie nami\u0119tnych, niezapomnianych chwil. Dzi\u0119ki jednej tabletce, b\u0119dziesz gotowy do d\u0142ugotrwa\u0142ej przyjemno\u015bci! <\/p>\n<hr \/>\n<h3><strong>Zalety Super P-Force<\/strong><\/h3>\n<ul>\n<li><strong>Dwa aktywne mechanizmy:<\/strong> Po\u0142\u0105czenie sildenafilu i dapoxetine zapewnia skuteczne wsparcie w przypadku problem\u00f3w z erekcj\u0105 i przedwczesnym wytryskiem.<\/li>\n<li><strong>Mocne, d\u0142ugotrwa\u0142e efekty:<\/strong> Mo\u017cesz spodziewa\u0107 si\u0119 twardej erekcji i wi\u0119kszej kontroli nad orgazmem, co gwarantuje kilka godzin przyjemno\u015bci.<\/li>\n<\/ul>\n<hr \/>\n<h3><strong>Zalecana dawka<\/strong><\/h3>\n<p>Zacznij od <strong>po\u0142owy tabletki<\/strong> Super P-Force. Je\u015bli potrzebujesz silniejszego efektu, zwi\u0119ksz dawk\u0119 do pe\u0142nej tabletki. Nie przekraczaj maksymalnej dawki <strong>jednej tabletki dziennie<\/strong>. Tabletka powinna by\u0107 po\u0142ykana z wod\u0105.<\/p>\n<hr \/>\n<h3><strong>Jak szybko dzia\u0142a Super P-Force?<\/strong><\/h3>\n<p>Super P-Force zaczyna dzia\u0142a\u0107 zazwyczaj w ci\u0105gu <strong>30\u201360 minut<\/strong> i jej efekt utrzymuje si\u0119 do <strong>5 godzin<\/strong>. Seksualna stymulacja jest wymagana dla optymalnego dzia\u0142ania.<\/p>\n<hr \/>\n<h3><strong>Alkohol i Super P-Force<\/strong><\/h3>\n<p>Alkohol mo\u017ce <strong>zmniejszy\u0107 skuteczno\u015b\u0107<\/strong> tego leku, dlatego <strong>nie jest zalecane<\/strong>. Ci\u0119\u017ckie lub t\u0142uste posi\u0142ki mog\u0105 op\u00f3\u017ani\u0107 lub os\u0142abi\u0107 dzia\u0142anie tabletki.<\/p>\n<hr \/>\n<h3><strong>Interakcje z innymi lekami<\/strong><\/h3>\n<p>Konsultuj si\u0119 z lekarzem przed u\u017cyciem, szczeg\u00f3lnie je\u015bli przyjmujesz:<\/p>\n<ul>\n<li><strong>Cymetydyn\u0119<\/strong>,<\/li>\n<li><strong>Ketokonazol<\/strong>,<\/li>\n<li><strong>Erytromycyn\u0119<\/strong>.<\/li>\n<\/ul>\n<p>Niekt\u00f3re kombinacje mog\u0105 zmniejszy\u0107 efekt lub spowodowa\u0107 niepo\u017c\u0105dane reakcje.<\/p>\n<hr \/>\n<h3><strong>Mo\u017cliwe skutki uboczne<\/strong><\/h3>\n<p>Super P-Force jest generalnie dobrze tolerowany, ale mog\u0105 wyst\u0105pi\u0107 \u0142agodne skutki uboczne:<\/p>\n<p><strong>Popularne:<\/strong><\/p>\n<ul>\n<li>Zaczerwienienie,<\/li>\n<li>B\u00f3l g\u0142owy.<\/li>\n<\/ul>\n<p><strong>Mniej popularne:<\/strong><\/p>\n<ul>\n<li>Zawroty g\u0142owy,<\/li>\n<li>Zamazane widzenie,<\/li>\n<li>B\u00f3l mi\u0119\u015bni,<\/li>\n<li>Nudno\u015bci,<\/li>\n<li>Wysypka,<\/li>\n<li>Przekrwienie b\u0142ony \u015bluzowej nosa.<\/li>\n<\/ul>\n<p>Skontaktuj si\u0119 z lekarzem, je\u015bli wyst\u0105pi\u0105 silne lub utrzymuj\u0105ce si\u0119 dzia\u0142ania niepo\u017c\u0105dane.<\/p>\n<hr \/>\n<h3><strong>Kiedy nie stosowa\u0107 Super P-Force?<\/strong><\/h3>\n<p>Nie przyjmuj Super P-Force, je\u015bli:<\/p>\n<ul>\n<li>U\u017cywasz <strong>azotan\u00f3w<\/strong> (na d\u0142awic\u0119 piersiow\u0105 czy b\u00f3l w klatce piersiowej).<\/li>\n<li>Mia\u0142e\u015b <strong>zawa\u0142 serca, udar,<\/strong> lub <strong>niewydolno\u015b\u0107 serca<\/strong> w ci\u0105gu ostatnich <strong>6 miesi\u0119cy<\/strong>.<\/li>\n<li>Masz problemy z <strong>ci\u015bnieniem krwi<\/strong> lub <strong>zaburzeniami krzepni\u0119cia<\/strong>.<\/li>\n<li>Jeste\u015b <strong>uczulony<\/strong> na <strong>sildenafil<\/strong> lub <strong>dapoxetine<\/strong>.<\/li>\n<\/ul>\n<hr \/>\n<h3><strong>Przechowywanie<\/strong><\/h3>\n<p>Przechowuj lek w oryginalnym opakowaniu z dala od dzieci. Zalecana temperatura to <strong>10\u201330\u00b0C<\/strong>, w suchym, ciemnym miejscu, z dala od \u015bwiat\u0142a s\u0142onecznego.<\/p>\n","protected":false},"excerpt":{"rendered":"<p><strong>100 mg Sildenafilu + 60 mg Dapoksetyny<\/strong><\/p>\n<p>Ten zestaw zawiera 4 tabletki, ka\u017cda z 100 mg sildenafilu dla silnej, trwa\u0142ej erekcji i 60 mg dapoksetyny do op\u00f3\u017anienia szczytowania i zwi\u0119kszenia kontroli. Idealne dla m\u0119\u017cczyzn szukaj\u0105cych dwustronnego wsparcia zar\u00f3wno dla dysfunkcji erekcji, jak i przedwczesnego wytrysku &#8211; wygodne, skuteczne i zaprojektowane do zwi\u0119kszenia pewno\u015b\u0107 siebie podczas intymno\u015bci.<\/p>\n","protected":false},"featured_media":24111,"template":"","meta":[],"product_brand":[],"product_cat":[202,206],"product_tag":[],"class_list":{"0":"post-24489","1":"product","2":"type-product","3":"status-publish","4":"has-post-thumbnail","6":"product_cat-generyczna-viagra","7":"product_cat-tabletki-kamagra","9":"first","10":"instock","11":"shipping-taxable","12":"purchasable","13":"product-type-simple"},"yoast_head":"<!-- This site is optimized with the Yoast SEO plugin v27.5 - https:\/\/yoast.com\/product\/yoast-seo-wordpress\/ -->\n<title>Super P-Force 160mg - kamagra-official.to<\/title>\n<meta name=\"robots\" content=\"index, follow, max-snippet:-1, max-image-preview:large, max-video-preview:-1\" \/>\n<link rel=\"canonical\" href=\"https:\/\/kamagra-official.to\/pl\/product\/super-p-force-160mg\/\" \/>\n<meta property=\"og:locale\" content=\"pl_PL\" \/>\n<meta property=\"og:type\" content=\"article\" \/>\n<meta property=\"og:title\" content=\"Super P-Force 160mg - kamagra-official.to\" \/>\n<meta property=\"og:description\" content=\"100 mg Sildenafilu + 60 mg Dapoksetyny Ten zestaw zawiera 4 tabletki, ka\u017cda z 100 mg sildenafilu dla silnej, trwa\u0142ej erekcji i 60 mg dapoksetyny do op\u00f3\u017anienia szczytowania i zwi\u0119kszenia kontroli. Idealne dla m\u0119\u017cczyzn szukaj\u0105cych dwustronnego wsparcia zar\u00f3wno dla dysfunkcji erekcji, jak i przedwczesnego wytrysku - wygodne, skuteczne i zaprojektowane do zwi\u0119kszenia pewno\u015b\u0107 siebie podczas intymno\u015bci.\" \/>\n<meta property=\"og:url\" content=\"https:\/\/kamagra-official.to\/pl\/product\/super-p-force-160mg\/\" \/>\n<meta property=\"og:site_name\" content=\"kamagra-official.to\" \/>\n<meta property=\"article:modified_time\" content=\"2025-10-02T19:21:08+00:00\" \/>\n<meta property=\"og:image\" content=\"https:\/\/kamagra-official.to\/wp-content\/uploads\/2025\/09\/super-p-force-e1739366641674.jpg\" \/>\n\t<meta property=\"og:image:width\" content=\"600\" \/>\n\t<meta property=\"og:image:height\" content=\"600\" \/>\n\t<meta property=\"og:image:type\" content=\"image\/jpeg\" \/>\n<meta name=\"twitter:card\" content=\"summary_large_image\" \/>\n<meta name=\"twitter:label1\" content=\"Szacowany czas czytania\" \/>\n\t<meta name=\"twitter:data1\" content=\"2 minuty\" \/>\n<script type=\"application\/ld+json\" class=\"yoast-schema-graph\">{\"@context\":\"https:\\\/\\\/schema.org\",\"@graph\":[{\"@type\":\"WebPage\",\"@id\":\"https:\\\/\\\/kamagra-official.to\\\/pl\\\/product\\\/super-p-force-160mg\\\/\",\"url\":\"https:\\\/\\\/kamagra-official.to\\\/pl\\\/product\\\/super-p-force-160mg\\\/\",\"name\":\"Super P-Force 160mg - kamagra-official.to\",\"isPartOf\":{\"@id\":\"https:\\\/\\\/kamagra-official.to\\\/#website\"},\"primaryImageOfPage\":{\"@id\":\"https:\\\/\\\/kamagra-official.to\\\/pl\\\/product\\\/super-p-force-160mg\\\/#primaryimage\"},\"image\":{\"@id\":\"https:\\\/\\\/kamagra-official.to\\\/pl\\\/product\\\/super-p-force-160mg\\\/#primaryimage\"},\"thumbnailUrl\":\"https:\\\/\\\/kamagra-official.to\\\/wp-content\\\/uploads\\\/2025\\\/09\\\/super-p-force-e1739366641674.jpg\",\"datePublished\":\"2025-01-01T13:50:43+00:00\",\"dateModified\":\"2025-10-02T19:21:08+00:00\",\"breadcrumb\":{\"@id\":\"https:\\\/\\\/kamagra-official.to\\\/pl\\\/product\\\/super-p-force-160mg\\\/#breadcrumb\"},\"inLanguage\":\"pl-PL\",\"potentialAction\":[{\"@type\":\"ReadAction\",\"target\":[\"https:\\\/\\\/kamagra-official.to\\\/pl\\\/product\\\/super-p-force-160mg\\\/\"]}]},{\"@type\":\"ImageObject\",\"inLanguage\":\"pl-PL\",\"@id\":\"https:\\\/\\\/kamagra-official.to\\\/pl\\\/product\\\/super-p-force-160mg\\\/#primaryimage\",\"url\":\"https:\\\/\\\/kamagra-official.to\\\/wp-content\\\/uploads\\\/2025\\\/09\\\/super-p-force-e1739366641674.jpg\",\"contentUrl\":\"https:\\\/\\\/kamagra-official.to\\\/wp-content\\\/uploads\\\/2025\\\/09\\\/super-p-force-e1739366641674.jpg\",\"width\":600,\"height\":600},{\"@type\":\"BreadcrumbList\",\"@id\":\"https:\\\/\\\/kamagra-official.to\\\/pl\\\/product\\\/super-p-force-160mg\\\/#breadcrumb\",\"itemListElement\":[{\"@type\":\"ListItem\",\"position\":1,\"name\":\"Home\",\"item\":\"https:\\\/\\\/kamagra-official.to\\\/nl\\\/\"},{\"@type\":\"ListItem\",\"position\":2,\"name\":\"Shop\",\"item\":\"https:\\\/\\\/kamagra-official.to\\\/shop\\\/\"},{\"@type\":\"ListItem\",\"position\":3,\"name\":\"Super P-Force 160mg\"}]},{\"@type\":\"WebSite\",\"@id\":\"https:\\\/\\\/kamagra-official.to\\\/#website\",\"url\":\"https:\\\/\\\/kamagra-official.to\\\/\",\"name\":\"kamagra-official.to\",\"description\":\"Revitalize Your Sexual Energy Across Europe\",\"publisher\":{\"@id\":\"https:\\\/\\\/kamagra-official.to\\\/#organization\"},\"potentialAction\":[{\"@type\":\"SearchAction\",\"target\":{\"@type\":\"EntryPoint\",\"urlTemplate\":\"https:\\\/\\\/kamagra-official.to\\\/?s={search_term_string}\"},\"query-input\":{\"@type\":\"PropertyValueSpecification\",\"valueRequired\":true,\"valueName\":\"search_term_string\"}}],\"inLanguage\":\"pl-PL\"},{\"@type\":\"Organization\",\"@id\":\"https:\\\/\\\/kamagra-official.to\\\/#organization\",\"name\":\"kamagra-official.to\",\"url\":\"https:\\\/\\\/kamagra-official.to\\\/\",\"logo\":{\"@type\":\"ImageObject\",\"inLanguage\":\"pl-PL\",\"@id\":\"https:\\\/\\\/kamagra-official.to\\\/#\\\/schema\\\/logo\\\/image\\\/\",\"url\":\"https:\\\/\\\/kamagra-official.to\\\/wp-content\\\/uploads\\\/2025\\\/02\\\/KAMAGRA-Photoroom-1.png\",\"contentUrl\":\"https:\\\/\\\/kamagra-official.to\\\/wp-content\\\/uploads\\\/2025\\\/02\\\/KAMAGRA-Photoroom-1.png\",\"width\":150,\"height\":153,\"caption\":\"kamagra-official.to\"},\"image\":{\"@id\":\"https:\\\/\\\/kamagra-official.to\\\/#\\\/schema\\\/logo\\\/image\\\/\"}}]}<\/script>\n<!-- \/ Yoast SEO plugin. -->","yoast_head_json":{"title":"Super P-Force 160mg - kamagra-official.to","robots":{"index":"index","follow":"follow","max-snippet":"max-snippet:-1","max-image-preview":"max-image-preview:large","max-video-preview":"max-video-preview:-1"},"canonical":"https:\/\/kamagra-official.to\/pl\/product\/super-p-force-160mg\/","og_locale":"pl_PL","og_type":"article","og_title":"Super P-Force 160mg - kamagra-official.to","og_description":"100 mg Sildenafilu + 60 mg Dapoksetyny Ten zestaw zawiera 4 tabletki, ka\u017cda z 100 mg sildenafilu dla silnej, trwa\u0142ej erekcji i 60 mg dapoksetyny do op\u00f3\u017anienia szczytowania i zwi\u0119kszenia kontroli. Idealne dla m\u0119\u017cczyzn szukaj\u0105cych dwustronnego wsparcia zar\u00f3wno dla dysfunkcji erekcji, jak i przedwczesnego wytrysku - wygodne, skuteczne i zaprojektowane do zwi\u0119kszenia pewno\u015b\u0107 siebie podczas intymno\u015bci.","og_url":"https:\/\/kamagra-official.to\/pl\/product\/super-p-force-160mg\/","og_site_name":"kamagra-official.to","article_modified_time":"2025-10-02T19:21:08+00:00","og_image":[{"width":600,"height":600,"url":"https:\/\/kamagra-official.to\/wp-content\/uploads\/2025\/09\/super-p-force-e1739366641674.jpg","type":"image\/jpeg"}],"twitter_card":"summary_large_image","twitter_misc":{"Szacowany czas czytania":"2 minuty"},"schema":{"@context":"https:\/\/schema.org","@graph":[{"@type":"WebPage","@id":"https:\/\/kamagra-official.to\/pl\/product\/super-p-force-160mg\/","url":"https:\/\/kamagra-official.to\/pl\/product\/super-p-force-160mg\/","name":"Super P-Force 160mg - kamagra-official.to","isPartOf":{"@id":"https:\/\/kamagra-official.to\/#website"},"primaryImageOfPage":{"@id":"https:\/\/kamagra-official.to\/pl\/product\/super-p-force-160mg\/#primaryimage"},"image":{"@id":"https:\/\/kamagra-official.to\/pl\/product\/super-p-force-160mg\/#primaryimage"},"thumbnailUrl":"https:\/\/kamagra-official.to\/wp-content\/uploads\/2025\/09\/super-p-force-e1739366641674.jpg","datePublished":"2025-01-01T13:50:43+00:00","dateModified":"2025-10-02T19:21:08+00:00","breadcrumb":{"@id":"https:\/\/kamagra-official.to\/pl\/product\/super-p-force-160mg\/#breadcrumb"},"inLanguage":"pl-PL","potentialAction":[{"@type":"ReadAction","target":["https:\/\/kamagra-official.to\/pl\/product\/super-p-force-160mg\/"]}]},{"@type":"ImageObject","inLanguage":"pl-PL","@id":"https:\/\/kamagra-official.to\/pl\/product\/super-p-force-160mg\/#primaryimage","url":"https:\/\/kamagra-official.to\/wp-content\/uploads\/2025\/09\/super-p-force-e1739366641674.jpg","contentUrl":"https:\/\/kamagra-official.to\/wp-content\/uploads\/2025\/09\/super-p-force-e1739366641674.jpg","width":600,"height":600},{"@type":"BreadcrumbList","@id":"https:\/\/kamagra-official.to\/pl\/product\/super-p-force-160mg\/#breadcrumb","itemListElement":[{"@type":"ListItem","position":1,"name":"Home","item":"https:\/\/kamagra-official.to\/nl\/"},{"@type":"ListItem","position":2,"name":"Shop","item":"https:\/\/kamagra-official.to\/shop\/"},{"@type":"ListItem","position":3,"name":"Super P-Force 160mg"}]},{"@type":"WebSite","@id":"https:\/\/kamagra-official.to\/#website","url":"https:\/\/kamagra-official.to\/","name":"kamagra-official.to","description":"Revitalize Your Sexual Energy Across Europe","publisher":{"@id":"https:\/\/kamagra-official.to\/#organization"},"potentialAction":[{"@type":"SearchAction","target":{"@type":"EntryPoint","urlTemplate":"https:\/\/kamagra-official.to\/?s={search_term_string}"},"query-input":{"@type":"PropertyValueSpecification","valueRequired":true,"valueName":"search_term_string"}}],"inLanguage":"pl-PL"},{"@type":"Organization","@id":"https:\/\/kamagra-official.to\/#organization","name":"kamagra-official.to","url":"https:\/\/kamagra-official.to\/","logo":{"@type":"ImageObject","inLanguage":"pl-PL","@id":"https:\/\/kamagra-official.to\/#\/schema\/logo\/image\/","url":"https:\/\/kamagra-official.to\/wp-content\/uploads\/2025\/02\/KAMAGRA-Photoroom-1.png","contentUrl":"https:\/\/kamagra-official.to\/wp-content\/uploads\/2025\/02\/KAMAGRA-Photoroom-1.png","width":150,"height":153,"caption":"kamagra-official.to"},"image":{"@id":"https:\/\/kamagra-official.to\/#\/schema\/logo\/image\/"}}]}},"_links":{"self":[{"href":"https:\/\/kamagra-official.to\/pl\/wp-json\/wp\/v2\/product\/24489","targetHints":{"allow":["GET"]}}],"collection":[{"href":"https:\/\/kamagra-official.to\/pl\/wp-json\/wp\/v2\/product"}],"about":[{"href":"https:\/\/kamagra-official.to\/pl\/wp-json\/wp\/v2\/types\/product"}],"wp:featuredmedia":[{"embeddable":true,"href":"https:\/\/kamagra-official.to\/pl\/wp-json\/wp\/v2\/media\/24111"}],"wp:attachment":[{"href":"https:\/\/kamagra-official.to\/pl\/wp-json\/wp\/v2\/media?parent=24489"}],"wp:term":[{"taxonomy":"product_brand","embeddable":true,"href":"https:\/\/kamagra-official.to\/pl\/wp-json\/wp\/v2\/product_brand?post=24489"},{"taxonomy":"product_cat","embeddable":true,"href":"https:\/\/kamagra-official.to\/pl\/wp-json\/wp\/v2\/product_cat?post=24489"},{"taxonomy":"product_tag","embeddable":true,"href":"https:\/\/kamagra-official.to\/pl\/wp-json\/wp\/v2\/product_tag?post=24489"}],"curies":[{"name":"wp","href":"https:\/\/api.w.org\/{rel}","templated":true}]}}