{"id":24457,"date":"2024-12-18T16:42:47","date_gmt":"2024-12-18T16:42:47","guid":{"rendered":"https:\/\/kamagra-official.to\/product\/cobra-czerwona-120mg\/"},"modified":"2025-10-02T19:23:12","modified_gmt":"2025-10-02T19:23:12","slug":"cobra-czerwona-120mg","status":"publish","type":"product","link":"https:\/\/kamagra-official.to\/pl\/product\/cobra-czerwona-120mg\/","title":{"rendered":"Cobra Czerwona 120mg"},"content":{"rendered":"<h3><strong>Cobra Red 120mg &#8211; Zaufane Rozwi\u0105zanie dla Problem\u00f3w z Erekcj\u0105<\/strong><\/h3>\n<p>Cobra Red 120mg zosta\u0142a specjalnie zaprojektowana dla m\u0119\u017cczyzn borykaj\u0105cych si\u0119 z problemami z erekcj\u0105. Ta formu\u0142a pomaga przywr\u00f3ci\u0107 pewno\u015b\u0107 siebie i wydajno\u015b\u0107 w Twoim \u017cyciu intymnym. Ka\u017cda tabletka dostarcza 120mg sildenafilu czwartej generacji, oferuj\u0105c wi\u0119ksz\u0105 skuteczno\u015b\u0107 przy mniejszym ryzyku efekt\u00f3w ubocznych. Sildenafil promuje rozszerzanie naczy\u0144 krwiono\u015bnych i poprawia kr\u0105\u017cenie w tkance pr\u0105cia, umo\u017cliwiaj\u0105c siln\u0105, d\u0142ugotrwa\u0142\u0105 erekcj\u0119.<\/p>\n<h3>Zalety Cobra Red 120mg<\/h3>\n<ul>\n<li><strong>Skuteczne efekty:<\/strong> Dawkowanie 120mg sildenafilu zapewnia niezawodn\u0105 pomoc w przypadku dysfunkcji erekcji.<\/li>\n<li><strong>D\u0142ugotrwa\u0142e dzia\u0142anie:<\/strong> Efekty zazwyczaj utrzymuj\u0105 si\u0119 4-6 godzin, daj\u0105c Ci du\u017co czasu na prze\u017cycie intymnych chwil.<\/li>\n<li><strong>Wygodne zastosowanie:<\/strong> Po prostu po\u0142knij tabletk\u0119 z wod\u0105 oko\u0142o godzin\u0119 przed planowan\u0105 aktywno\u015bci\u0105.<\/li>\n<\/ul>\n<h3>Zalecana dawka<\/h3>\n<p>Zacznij od po\u0142owy tabletki Cobra Red 120mg. Je\u017celi jest to konieczne, zwi\u0119ksz dawk\u0119 do pe\u0142nej tabletki. Nie przekraczaj jednej tabletki na dob\u0119.<\/p>\n<h3>Jak to dzia\u0142a<\/h3>\n<p>Efekty stosowania Cobra Red 120mg zazwyczaj pojawiaj\u0105 si\u0119 w ci\u0105gu 30\u201360 minut po za\u017cyciu i trwaj\u0105 oko\u0142o 5 godzin. Poniewa\u017c to nie jest afrodyzjak, dla uzyskania najlepszych wynik\u00f3w konieczna jest stymulacja seksualna.<\/p>\n<h3>Cobra Red 120mg i alkohol<\/h3>\n<p>Unikaj \u0142\u0105czenia Cobra Red 120mg z alkoholem, gdy\u017c mo\u017ce to znacznie redukowa\u0107 skuteczno\u015b\u0107. Podobnie, ci\u0119\u017ckie lub t\u0142uste posi\u0142ki mog\u0105 wp\u0142ywa\u0107 na szybko\u015b\u0107 lub si\u0142\u0119 dzia\u0142ania tabletki.<\/p>\n<h3>Interakcje z innymi lekami<\/h3>\n<p>Przed u\u017cyciem Cobra Red 120mg w po\u0142\u0105czeniu z innymi lekami, zw\u0142aszcza je\u017celi przyjmujesz:<\/p>\n<ul>\n<li>Cymetydyn\u0119<\/li>\n<li>Ketokonazol<\/li>\n<li>Erytromycyn\u0119<\/li>\n<\/ul>\n<p>niekt\u00f3re kombinacje mog\u0105 zmniejsza\u0107 skuteczno\u015b\u0107 leku lub prowadzi\u0107 do niepo\u017c\u0105danych efekt\u00f3w ubocznych.<\/p>\n<h3>Skutki uboczne i reakcje alergiczne<\/h3>\n<p>Cobra Red 120mg jest zazwyczaj dobrze tolerowana, a skutki uboczne s\u0105 zwykle \u0142agodne i kr\u00f3tkotrwa\u0142e.<\/p>\n<p><strong>Najcz\u0119stsze skutki uboczne:<\/strong><\/p>\n<ul>\n<li>Zaczerwienienie twarzy<\/li>\n<li>B\u00f3l g\u0142owy<\/li>\n<\/ul>\n<p><strong>Mniej cz\u0119ste skutki uboczne:<\/strong><\/p>\n<ul>\n<li>Zawroty g\u0142owy<\/li>\n<li>Zaburzenia widzenia<\/li>\n<li>B\u00f3le mi\u0119\u015bni<\/li>\n<li>Dyskomfort w \u017co\u0142\u0105dku<\/li>\n<li>Wysypka<\/li>\n<li>Zatkanie nosa<\/li>\n<\/ul>\n<p>Je\u015bli do\u015bwiadczasz ci\u0119\u017ckich lub nieprzyjemnych reakcji niepo\u017c\u0105danych, natychmiast skontaktuj si\u0119 z lekarzem.<\/p>\n<h3>Nie stosuj Cobra Red 120mg, je\u015bli:<\/h3>\n<ul>\n<li>Przyjmujesz azotany na b\u00f3l w klatce piersiowej (d\u0142awic\u0119 piersiow\u0105).<\/li>\n<li>Mia\u0142e\u015b zawa\u0142 serca, udar, lub zastojowe niewydolno\u015b\u0107 serca w ci\u0105gu ostatnich 3\u20136 miesi\u0119cy.<\/li>\n<li>Masz problemy z ci\u015bnieniem krwi lub zaburzenia krzepni\u0119cia.<\/li>\n<li>Jeste\u015b uczulony na sildenafil, aktywny sk\u0142adnik Cobra Red 120mg.<\/li>\n<\/ul>\n<h3>Przechowywanie<\/h3>\n<p>Przechowuj w oryginalnym opakowaniu, poza zasi\u0119giem dzieci. Trzymaj w temperaturze 10\u201330\u00b0C, w suchym miejscu, z dala od bezpo\u015bredniego \u015bwiat\u0142a s\u0142onecznego.<\/p>\n","protected":false},"excerpt":{"rendered":"<p><strong>120 mg Sildenafilu<\/strong><\/p>\n<p>Ta paczka zawiera 5 tabletek, ka\u017cda z pot\u0119\u017cn\u0105 dawk\u0105 120 mg sildenafilu. Przeznaczony dla m\u0119\u017cczyzn szukaj\u0105cych niezawodnego wsparcia przy problemach z erekcj\u0105, 120 mg Sildenafilu zapewnia silne, d\u0142ugotrwa\u0142e wyniki i wi\u0119ksze zaufanie podczas intymnych chwil, wszystko w wygodnym opakowaniu do elastycznego u\u017cytkowania.<\/p>\n","protected":false},"featured_media":23913,"template":"","meta":[],"product_brand":[],"product_cat":[202,206],"product_tag":[],"class_list":{"0":"post-24457","1":"product","2":"type-product","3":"status-publish","4":"has-post-thumbnail","6":"product_cat-generyczna-viagra","7":"product_cat-tabletki-kamagra","9":"first","10":"instock","11":"shipping-taxable","12":"purchasable","13":"product-type-simple"},"yoast_head":"<!-- This site is optimized with the Yoast SEO plugin v27.5 - https:\/\/yoast.com\/product\/yoast-seo-wordpress\/ -->\n<title>Cobra Czerwona 120mg - kamagra-official.to<\/title>\n<meta name=\"robots\" content=\"index, follow, max-snippet:-1, max-image-preview:large, max-video-preview:-1\" \/>\n<link rel=\"canonical\" href=\"https:\/\/kamagra-official.to\/pl\/product\/cobra-czerwona-120mg\/\" \/>\n<meta property=\"og:locale\" content=\"pl_PL\" \/>\n<meta property=\"og:type\" content=\"article\" \/>\n<meta property=\"og:title\" content=\"Cobra Czerwona 120mg - kamagra-official.to\" \/>\n<meta property=\"og:description\" content=\"120 mg Sildenafilu Ta paczka zawiera 5 tabletek, ka\u017cda z pot\u0119\u017cn\u0105 dawk\u0105 120 mg sildenafilu. Przeznaczony dla m\u0119\u017cczyzn szukaj\u0105cych niezawodnego wsparcia przy problemach z erekcj\u0105, 120 mg Sildenafilu zapewnia silne, d\u0142ugotrwa\u0142e wyniki i wi\u0119ksze zaufanie podczas intymnych chwil, wszystko w wygodnym opakowaniu do elastycznego u\u017cytkowania.\" \/>\n<meta property=\"og:url\" content=\"https:\/\/kamagra-official.to\/pl\/product\/cobra-czerwona-120mg\/\" \/>\n<meta property=\"og:site_name\" content=\"kamagra-official.to\" \/>\n<meta property=\"article:modified_time\" content=\"2025-10-02T19:23:12+00:00\" \/>\n<meta property=\"og:image\" content=\"https:\/\/kamagra-official.to\/wp-content\/uploads\/2025\/09\/cobra-120-768x768-1.jpg\" \/>\n\t<meta property=\"og:image:width\" content=\"768\" \/>\n\t<meta property=\"og:image:height\" content=\"768\" \/>\n\t<meta property=\"og:image:type\" content=\"image\/jpeg\" \/>\n<meta name=\"twitter:card\" content=\"summary_large_image\" \/>\n<meta name=\"twitter:label1\" content=\"Szacowany czas czytania\" \/>\n\t<meta name=\"twitter:data1\" content=\"2 minuty\" \/>\n<script type=\"application\/ld+json\" class=\"yoast-schema-graph\">{\"@context\":\"https:\\\/\\\/schema.org\",\"@graph\":[{\"@type\":\"WebPage\",\"@id\":\"https:\\\/\\\/kamagra-official.to\\\/pl\\\/product\\\/cobra-czerwona-120mg\\\/\",\"url\":\"https:\\\/\\\/kamagra-official.to\\\/pl\\\/product\\\/cobra-czerwona-120mg\\\/\",\"name\":\"Cobra Czerwona 120mg - kamagra-official.to\",\"isPartOf\":{\"@id\":\"https:\\\/\\\/kamagra-official.to\\\/#website\"},\"primaryImageOfPage\":{\"@id\":\"https:\\\/\\\/kamagra-official.to\\\/pl\\\/product\\\/cobra-czerwona-120mg\\\/#primaryimage\"},\"image\":{\"@id\":\"https:\\\/\\\/kamagra-official.to\\\/pl\\\/product\\\/cobra-czerwona-120mg\\\/#primaryimage\"},\"thumbnailUrl\":\"https:\\\/\\\/kamagra-official.to\\\/wp-content\\\/uploads\\\/2025\\\/09\\\/cobra-120-768x768-1.jpg\",\"datePublished\":\"2024-12-18T16:42:47+00:00\",\"dateModified\":\"2025-10-02T19:23:12+00:00\",\"breadcrumb\":{\"@id\":\"https:\\\/\\\/kamagra-official.to\\\/pl\\\/product\\\/cobra-czerwona-120mg\\\/#breadcrumb\"},\"inLanguage\":\"pl-PL\",\"potentialAction\":[{\"@type\":\"ReadAction\",\"target\":[\"https:\\\/\\\/kamagra-official.to\\\/pl\\\/product\\\/cobra-czerwona-120mg\\\/\"]}]},{\"@type\":\"ImageObject\",\"inLanguage\":\"pl-PL\",\"@id\":\"https:\\\/\\\/kamagra-official.to\\\/pl\\\/product\\\/cobra-czerwona-120mg\\\/#primaryimage\",\"url\":\"https:\\\/\\\/kamagra-official.to\\\/wp-content\\\/uploads\\\/2025\\\/09\\\/cobra-120-768x768-1.jpg\",\"contentUrl\":\"https:\\\/\\\/kamagra-official.to\\\/wp-content\\\/uploads\\\/2025\\\/09\\\/cobra-120-768x768-1.jpg\",\"width\":768,\"height\":768},{\"@type\":\"BreadcrumbList\",\"@id\":\"https:\\\/\\\/kamagra-official.to\\\/pl\\\/product\\\/cobra-czerwona-120mg\\\/#breadcrumb\",\"itemListElement\":[{\"@type\":\"ListItem\",\"position\":1,\"name\":\"Home\",\"item\":\"https:\\\/\\\/kamagra-official.to\\\/nl\\\/\"},{\"@type\":\"ListItem\",\"position\":2,\"name\":\"Shop\",\"item\":\"https:\\\/\\\/kamagra-official.to\\\/shop\\\/\"},{\"@type\":\"ListItem\",\"position\":3,\"name\":\"Cobra Czerwona 120mg\"}]},{\"@type\":\"WebSite\",\"@id\":\"https:\\\/\\\/kamagra-official.to\\\/#website\",\"url\":\"https:\\\/\\\/kamagra-official.to\\\/\",\"name\":\"kamagra-official.to\",\"description\":\"Revitalize Your Sexual Energy Across Europe\",\"publisher\":{\"@id\":\"https:\\\/\\\/kamagra-official.to\\\/#organization\"},\"potentialAction\":[{\"@type\":\"SearchAction\",\"target\":{\"@type\":\"EntryPoint\",\"urlTemplate\":\"https:\\\/\\\/kamagra-official.to\\\/?s={search_term_string}\"},\"query-input\":{\"@type\":\"PropertyValueSpecification\",\"valueRequired\":true,\"valueName\":\"search_term_string\"}}],\"inLanguage\":\"pl-PL\"},{\"@type\":\"Organization\",\"@id\":\"https:\\\/\\\/kamagra-official.to\\\/#organization\",\"name\":\"kamagra-official.to\",\"url\":\"https:\\\/\\\/kamagra-official.to\\\/\",\"logo\":{\"@type\":\"ImageObject\",\"inLanguage\":\"pl-PL\",\"@id\":\"https:\\\/\\\/kamagra-official.to\\\/#\\\/schema\\\/logo\\\/image\\\/\",\"url\":\"https:\\\/\\\/kamagra-official.to\\\/wp-content\\\/uploads\\\/2025\\\/02\\\/KAMAGRA-Photoroom-1.png\",\"contentUrl\":\"https:\\\/\\\/kamagra-official.to\\\/wp-content\\\/uploads\\\/2025\\\/02\\\/KAMAGRA-Photoroom-1.png\",\"width\":150,\"height\":153,\"caption\":\"kamagra-official.to\"},\"image\":{\"@id\":\"https:\\\/\\\/kamagra-official.to\\\/#\\\/schema\\\/logo\\\/image\\\/\"}}]}<\/script>\n<!-- \/ Yoast SEO plugin. -->","yoast_head_json":{"title":"Cobra Czerwona 120mg - kamagra-official.to","robots":{"index":"index","follow":"follow","max-snippet":"max-snippet:-1","max-image-preview":"max-image-preview:large","max-video-preview":"max-video-preview:-1"},"canonical":"https:\/\/kamagra-official.to\/pl\/product\/cobra-czerwona-120mg\/","og_locale":"pl_PL","og_type":"article","og_title":"Cobra Czerwona 120mg - kamagra-official.to","og_description":"120 mg Sildenafilu Ta paczka zawiera 5 tabletek, ka\u017cda z pot\u0119\u017cn\u0105 dawk\u0105 120 mg sildenafilu. Przeznaczony dla m\u0119\u017cczyzn szukaj\u0105cych niezawodnego wsparcia przy problemach z erekcj\u0105, 120 mg Sildenafilu zapewnia silne, d\u0142ugotrwa\u0142e wyniki i wi\u0119ksze zaufanie podczas intymnych chwil, wszystko w wygodnym opakowaniu do elastycznego u\u017cytkowania.","og_url":"https:\/\/kamagra-official.to\/pl\/product\/cobra-czerwona-120mg\/","og_site_name":"kamagra-official.to","article_modified_time":"2025-10-02T19:23:12+00:00","og_image":[{"width":768,"height":768,"url":"https:\/\/kamagra-official.to\/wp-content\/uploads\/2025\/09\/cobra-120-768x768-1.jpg","type":"image\/jpeg"}],"twitter_card":"summary_large_image","twitter_misc":{"Szacowany czas czytania":"2 minuty"},"schema":{"@context":"https:\/\/schema.org","@graph":[{"@type":"WebPage","@id":"https:\/\/kamagra-official.to\/pl\/product\/cobra-czerwona-120mg\/","url":"https:\/\/kamagra-official.to\/pl\/product\/cobra-czerwona-120mg\/","name":"Cobra Czerwona 120mg - kamagra-official.to","isPartOf":{"@id":"https:\/\/kamagra-official.to\/#website"},"primaryImageOfPage":{"@id":"https:\/\/kamagra-official.to\/pl\/product\/cobra-czerwona-120mg\/#primaryimage"},"image":{"@id":"https:\/\/kamagra-official.to\/pl\/product\/cobra-czerwona-120mg\/#primaryimage"},"thumbnailUrl":"https:\/\/kamagra-official.to\/wp-content\/uploads\/2025\/09\/cobra-120-768x768-1.jpg","datePublished":"2024-12-18T16:42:47+00:00","dateModified":"2025-10-02T19:23:12+00:00","breadcrumb":{"@id":"https:\/\/kamagra-official.to\/pl\/product\/cobra-czerwona-120mg\/#breadcrumb"},"inLanguage":"pl-PL","potentialAction":[{"@type":"ReadAction","target":["https:\/\/kamagra-official.to\/pl\/product\/cobra-czerwona-120mg\/"]}]},{"@type":"ImageObject","inLanguage":"pl-PL","@id":"https:\/\/kamagra-official.to\/pl\/product\/cobra-czerwona-120mg\/#primaryimage","url":"https:\/\/kamagra-official.to\/wp-content\/uploads\/2025\/09\/cobra-120-768x768-1.jpg","contentUrl":"https:\/\/kamagra-official.to\/wp-content\/uploads\/2025\/09\/cobra-120-768x768-1.jpg","width":768,"height":768},{"@type":"BreadcrumbList","@id":"https:\/\/kamagra-official.to\/pl\/product\/cobra-czerwona-120mg\/#breadcrumb","itemListElement":[{"@type":"ListItem","position":1,"name":"Home","item":"https:\/\/kamagra-official.to\/nl\/"},{"@type":"ListItem","position":2,"name":"Shop","item":"https:\/\/kamagra-official.to\/shop\/"},{"@type":"ListItem","position":3,"name":"Cobra Czerwona 120mg"}]},{"@type":"WebSite","@id":"https:\/\/kamagra-official.to\/#website","url":"https:\/\/kamagra-official.to\/","name":"kamagra-official.to","description":"Revitalize Your Sexual Energy Across Europe","publisher":{"@id":"https:\/\/kamagra-official.to\/#organization"},"potentialAction":[{"@type":"SearchAction","target":{"@type":"EntryPoint","urlTemplate":"https:\/\/kamagra-official.to\/?s={search_term_string}"},"query-input":{"@type":"PropertyValueSpecification","valueRequired":true,"valueName":"search_term_string"}}],"inLanguage":"pl-PL"},{"@type":"Organization","@id":"https:\/\/kamagra-official.to\/#organization","name":"kamagra-official.to","url":"https:\/\/kamagra-official.to\/","logo":{"@type":"ImageObject","inLanguage":"pl-PL","@id":"https:\/\/kamagra-official.to\/#\/schema\/logo\/image\/","url":"https:\/\/kamagra-official.to\/wp-content\/uploads\/2025\/02\/KAMAGRA-Photoroom-1.png","contentUrl":"https:\/\/kamagra-official.to\/wp-content\/uploads\/2025\/02\/KAMAGRA-Photoroom-1.png","width":150,"height":153,"caption":"kamagra-official.to"},"image":{"@id":"https:\/\/kamagra-official.to\/#\/schema\/logo\/image\/"}}]}},"_links":{"self":[{"href":"https:\/\/kamagra-official.to\/pl\/wp-json\/wp\/v2\/product\/24457","targetHints":{"allow":["GET"]}}],"collection":[{"href":"https:\/\/kamagra-official.to\/pl\/wp-json\/wp\/v2\/product"}],"about":[{"href":"https:\/\/kamagra-official.to\/pl\/wp-json\/wp\/v2\/types\/product"}],"wp:featuredmedia":[{"embeddable":true,"href":"https:\/\/kamagra-official.to\/pl\/wp-json\/wp\/v2\/media\/23913"}],"wp:attachment":[{"href":"https:\/\/kamagra-official.to\/pl\/wp-json\/wp\/v2\/media?parent=24457"}],"wp:term":[{"taxonomy":"product_brand","embeddable":true,"href":"https:\/\/kamagra-official.to\/pl\/wp-json\/wp\/v2\/product_brand?post=24457"},{"taxonomy":"product_cat","embeddable":true,"href":"https:\/\/kamagra-official.to\/pl\/wp-json\/wp\/v2\/product_cat?post=24457"},{"taxonomy":"product_tag","embeddable":true,"href":"https:\/\/kamagra-official.to\/pl\/wp-json\/wp\/v2\/product_tag?post=24457"}],"curies":[{"name":"wp","href":"https:\/\/api.w.org\/{rel}","templated":true}]}}