{"id":24447,"date":"2024-12-24T00:27:15","date_gmt":"2024-12-24T00:27:15","guid":{"rendered":"https:\/\/kamagra-official.to\/product\/vidalista-20mg\/"},"modified":"2025-10-02T19:23:03","modified_gmt":"2025-10-02T19:23:03","slug":"vidalista-20mg","status":"publish","type":"product","link":"https:\/\/kamagra-official.to\/pl\/product\/vidalista-20mg\/","title":{"rendered":"Vidalista 20mg"},"content":{"rendered":"<h3><strong>Vidalista 20mg \u2013 \u015acie\u017cka do silnej i d\u0142ugotrwa\u0142ej erekcji!<\/strong><\/h3>\n<p>Vidalista 20mg to wiarygodne rozwi\u0105zanie dla m\u0119\u017cczyzn szukaj\u0105cych skutecznego i d\u0142ugotrwa\u0142ego wsparcia w przypadku dysfunkcji erekcji. Przeznaczona dla tych, kt\u00f3rzy chc\u0105 przywr\u00f3ci\u0107 satysfakcj\u0119 w swoim \u017cyciu seksualnym, ta tabletka zawiera <strong>20 mg tadalafilu<\/strong>\u2014tego samego pot\u0119\u017cnego sk\u0142adnika aktywnego, kt\u00f3ry znajduje si\u0119 w Cialis, ale w znacznie bardziej dost\u0119pnej cenie.<\/p>\n<p>Tadalafil zwi\u0119ksza przep\u0142yw krwi do penisa, co skutkuje silniejsz\u0105, d\u0142u\u017cej utrzymuj\u0105c\u0105 si\u0119 erekcj\u0105 i zwi\u0119kszon\u0105 wytrzyma\u0142o\u015bci\u0105 seksualn\u0105. Vidalista 20mg wyr\u00f3\u017cnia si\u0119 swoim d\u0142ugotrwa\u0142ym wp\u0142ywem, daj\u0105c Ci wolno\u015b\u0107, aby cieszy\u0107 si\u0119 intymno\u015bci\u0105 spontanicznie, bez stresu czy presji czasu.<\/p>\n<hr \/>\n<h3><strong>Kluczowe korzy\u015bci z Vidalista 20mg<\/strong><\/h3>\n<ul>\n<li><strong>Dzia\u0142anie do 36 godzin:<\/strong> Do\u015bwiadcz wyd\u0142u\u017conej elastyczno\u015bci\u2014wystarczy za\u017cy\u0107 tablet\u0119 oko\u0142o jednej godziny przed planowanym stosunkiem.<\/li>\n<li><strong>Twade i stabilne erekcje:<\/strong> Tadalafil pomaga osi\u0105gn\u0105\u0107 i utrzyma\u0107 erekcj\u0119, gdy jeste\u015b seksualnie pobudzony.<\/li>\n<li><strong>Koszt-efektywno\u015b\u0107:<\/strong> Praktyczna i przyjazna dla bud\u017cetu alternatywa dla lek\u00f3w markowych.<\/li>\n<\/ul>\n<hr \/>\n<h3><strong>Dawkowanie &#038; U\u017cycie<\/strong><\/h3>\n<p>Zaleca si\u0119 rozpocz\u0119cie od po\u0142owy tabletki. Je\u015bli potrzebujesz silniejszego efektu, zwi\u0119ksz do pe\u0142nej tabletki (20mg). Nie przekraczaj jednej tabletki dziennie, a zawsze po\u0142ykaj j\u0105 z szklank\u0105 wody.<\/p>\n<hr \/>\n<h3><strong>Pocz\u0105tek &#038; czas trwania<\/strong><\/h3>\n<p>Vidalista 20mg zwykle zaczyna dzia\u0142a\u0107 w ci\u0105gu 30\u201360 minut i mo\u017ce utrzymywa\u0107 dzia\u0142anie do 36 godzin. Do aktywacji niezb\u0119dna jest stymulacja seksualna\u2014ten produkt nie jest afrodyzjakiem.<\/p>\n<hr \/>\n<h3><strong>Alkohol &#038; kwestie \u017cywno\u015bciowe<\/strong><\/h3>\n<p>Alkohol mo\u017ce znacznie zmniejszy\u0107 jego efekt i powinien by\u0107 unikany. Ci\u0119\u017ckie lub t\u0142uste posi\u0142ki mog\u0105 r\u00f3wnie\u017c spowolni\u0107 i os\u0142abi\u0107 pocz\u0105tek dzia\u0142ania.<\/p>\n<hr \/>\n<h3><strong>Inne interakcje lekowe<\/strong><\/h3>\n<p>Skonsultuj si\u0119 z lekarzem, je\u015bli przyjmujesz cymetydyn\u0119, ketokonazol lub erytromycyn\u0119. Niekt\u00f3re kombinacje mog\u0105 zmniejszy\u0107 skuteczno\u015b\u0107 lub zwi\u0119kszy\u0107 ryzyko dzia\u0142a\u0144 niepo\u017c\u0105danych.<\/p>\n<hr \/>\n<h3><strong>Mo\u017cliwe dzia\u0142ania niepo\u017c\u0105dane i reakcje alergiczne<\/strong><\/h3>\n<p>Poprzez prawid\u0142owe stosowanie, Vidalista 20mg jest generalnie bezpieczna. \u0141agodne dzia\u0142ania niepo\u017c\u0105dane mog\u0105 obejmowa\u0107:<\/p>\n<ul>\n<li>B\u00f3l g\u0142owy,<\/li>\n<li>Uczucie dyskomfortu w uk\u0142adzie pokarmowym.<\/li>\n<\/ul>\n<p>Mniej cz\u0119ste dzia\u0142ania niepo\u017c\u0105dane:<\/p>\n<ul>\n<li>B\u00f3l plec\u00f3w,<\/li>\n<li>Zaczerwienienie,<\/li>\n<li>Obrz\u0119k nosa lub powiek,<\/li>\n<li>Zaczerwienienie oczu.<\/li>\n<\/ul>\n<p>Je\u015bli objawy utrzymuj\u0105 si\u0119, skonsultuj si\u0119 z lekarzem.<\/p>\n<hr \/>\n<h3><strong>Kiedy unika\u0107 Vidalista 20mg?<\/strong><\/h3>\n<p>Nie przyjmuj Vidalista 20mg, je\u015bli:<\/p>\n<ul>\n<li>Ostatnio u\u017cywa\u0142e\u015b azotan\u00f3w (na dusznic\u0119 bolesn\u0105 lub b\u00f3l w klatce piersiowej),<\/li>\n<li>Mia\u0142e\u015b zawa\u0142 serca, udar m\u00f3zgu, niewydolno\u015b\u0107 serca w ci\u0105gu ostatnich trzech miesi\u0119cy,<\/li>\n<li>Masz problemy z ci\u015bnieniem krwi lub krzepni\u0119ciem,<\/li>\n<li>Jeste\u015b uczulony na tadalafil, aktywny sk\u0142adnik tego leku.<\/li>\n<\/ul>\n<hr \/>\n<h3><strong>Przechowywanie<\/strong><\/h3>\n<p>Ra idalista 20mg w oryginalnym opakowaniu, z dala od dzieci. Przechowuj w temperaturze 10\u201330\u00b0C w suchym miejscu, z dala od bezpo\u015bredniego \u015bwiat\u0142a s\u0142onecznego.<\/p>\n","protected":false},"excerpt":{"rendered":"<p><strong>20 mg Tadalafilu<\/strong><\/p>\n<p>Ten pakiet zawiera 10 tabletek, ka\u017cda z 20 mg tadalafilu. Przeznaczony dla m\u0119\u017cczyzn, kt\u00f3rzy chc\u0105 d\u0142ugotrwa\u0142ego i niezawodnego wsparcia dla funkcji erekcji, te tabletki mog\u0105 by\u0107 skuteczne nawet do 36 godzin &#8211; daj\u0105c Ci wi\u0119ksz\u0105 swobod\u0119 i spontaniczno\u015b\u0107 w intymnych chwilach.<\/p>\n","protected":false},"featured_media":23924,"template":"","meta":[],"product_brand":[],"product_cat":[207],"product_tag":[],"class_list":{"0":"post-24447","1":"product","2":"type-product","3":"status-publish","4":"has-post-thumbnail","6":"product_cat-ogolne-cialis","8":"first","9":"instock","10":"shipping-taxable","11":"purchasable","12":"product-type-simple"},"yoast_head":"<!-- This site is optimized with the Yoast SEO plugin v27.5 - https:\/\/yoast.com\/product\/yoast-seo-wordpress\/ -->\n<title>Vidalista 20mg - kamagra-official.to<\/title>\n<meta name=\"robots\" content=\"index, follow, max-snippet:-1, max-image-preview:large, max-video-preview:-1\" \/>\n<link rel=\"canonical\" href=\"https:\/\/kamagra-official.to\/pl\/product\/vidalista-20mg\/\" \/>\n<meta property=\"og:locale\" content=\"pl_PL\" \/>\n<meta property=\"og:type\" content=\"article\" \/>\n<meta property=\"og:title\" content=\"Vidalista 20mg - kamagra-official.to\" \/>\n<meta property=\"og:description\" content=\"20 mg Tadalafilu Ten pakiet zawiera 10 tabletek, ka\u017cda z 20 mg tadalafilu. Przeznaczony dla m\u0119\u017cczyzn, kt\u00f3rzy chc\u0105 d\u0142ugotrwa\u0142ego i niezawodnego wsparcia dla funkcji erekcji, te tabletki mog\u0105 by\u0107 skuteczne nawet do 36 godzin - daj\u0105c Ci wi\u0119ksz\u0105 swobod\u0119 i spontaniczno\u015b\u0107 w intymnych chwilach.\" \/>\n<meta property=\"og:url\" content=\"https:\/\/kamagra-official.to\/pl\/product\/vidalista-20mg\/\" \/>\n<meta property=\"og:site_name\" content=\"kamagra-official.to\" \/>\n<meta property=\"article:modified_time\" content=\"2025-10-02T19:23:03+00:00\" \/>\n<meta property=\"og:image\" content=\"https:\/\/kamagra-official.to\/wp-content\/uploads\/2025\/09\/vidalista20-2.jpg\" \/>\n\t<meta property=\"og:image:width\" content=\"1200\" \/>\n\t<meta property=\"og:image:height\" content=\"1200\" \/>\n\t<meta property=\"og:image:type\" content=\"image\/jpeg\" \/>\n<meta name=\"twitter:card\" content=\"summary_large_image\" \/>\n<meta name=\"twitter:label1\" content=\"Szacowany czas czytania\" \/>\n\t<meta name=\"twitter:data1\" content=\"2 minuty\" \/>\n<script type=\"application\/ld+json\" class=\"yoast-schema-graph\">{\"@context\":\"https:\\\/\\\/schema.org\",\"@graph\":[{\"@type\":\"WebPage\",\"@id\":\"https:\\\/\\\/kamagra-official.to\\\/pl\\\/product\\\/vidalista-20mg\\\/\",\"url\":\"https:\\\/\\\/kamagra-official.to\\\/pl\\\/product\\\/vidalista-20mg\\\/\",\"name\":\"Vidalista 20mg - kamagra-official.to\",\"isPartOf\":{\"@id\":\"https:\\\/\\\/kamagra-official.to\\\/#website\"},\"primaryImageOfPage\":{\"@id\":\"https:\\\/\\\/kamagra-official.to\\\/pl\\\/product\\\/vidalista-20mg\\\/#primaryimage\"},\"image\":{\"@id\":\"https:\\\/\\\/kamagra-official.to\\\/pl\\\/product\\\/vidalista-20mg\\\/#primaryimage\"},\"thumbnailUrl\":\"https:\\\/\\\/kamagra-official.to\\\/wp-content\\\/uploads\\\/2025\\\/09\\\/vidalista20-2.jpg\",\"datePublished\":\"2024-12-24T00:27:15+00:00\",\"dateModified\":\"2025-10-02T19:23:03+00:00\",\"breadcrumb\":{\"@id\":\"https:\\\/\\\/kamagra-official.to\\\/pl\\\/product\\\/vidalista-20mg\\\/#breadcrumb\"},\"inLanguage\":\"pl-PL\",\"potentialAction\":[{\"@type\":\"ReadAction\",\"target\":[\"https:\\\/\\\/kamagra-official.to\\\/pl\\\/product\\\/vidalista-20mg\\\/\"]}]},{\"@type\":\"ImageObject\",\"inLanguage\":\"pl-PL\",\"@id\":\"https:\\\/\\\/kamagra-official.to\\\/pl\\\/product\\\/vidalista-20mg\\\/#primaryimage\",\"url\":\"https:\\\/\\\/kamagra-official.to\\\/wp-content\\\/uploads\\\/2025\\\/09\\\/vidalista20-2.jpg\",\"contentUrl\":\"https:\\\/\\\/kamagra-official.to\\\/wp-content\\\/uploads\\\/2025\\\/09\\\/vidalista20-2.jpg\",\"width\":1200,\"height\":1200},{\"@type\":\"BreadcrumbList\",\"@id\":\"https:\\\/\\\/kamagra-official.to\\\/pl\\\/product\\\/vidalista-20mg\\\/#breadcrumb\",\"itemListElement\":[{\"@type\":\"ListItem\",\"position\":1,\"name\":\"Home\",\"item\":\"https:\\\/\\\/kamagra-official.to\\\/nl\\\/\"},{\"@type\":\"ListItem\",\"position\":2,\"name\":\"Shop\",\"item\":\"https:\\\/\\\/kamagra-official.to\\\/shop\\\/\"},{\"@type\":\"ListItem\",\"position\":3,\"name\":\"Vidalista 20mg\"}]},{\"@type\":\"WebSite\",\"@id\":\"https:\\\/\\\/kamagra-official.to\\\/#website\",\"url\":\"https:\\\/\\\/kamagra-official.to\\\/\",\"name\":\"kamagra-official.to\",\"description\":\"Revitalize Your Sexual Energy Across Europe\",\"publisher\":{\"@id\":\"https:\\\/\\\/kamagra-official.to\\\/#organization\"},\"potentialAction\":[{\"@type\":\"SearchAction\",\"target\":{\"@type\":\"EntryPoint\",\"urlTemplate\":\"https:\\\/\\\/kamagra-official.to\\\/?s={search_term_string}\"},\"query-input\":{\"@type\":\"PropertyValueSpecification\",\"valueRequired\":true,\"valueName\":\"search_term_string\"}}],\"inLanguage\":\"pl-PL\"},{\"@type\":\"Organization\",\"@id\":\"https:\\\/\\\/kamagra-official.to\\\/#organization\",\"name\":\"kamagra-official.to\",\"url\":\"https:\\\/\\\/kamagra-official.to\\\/\",\"logo\":{\"@type\":\"ImageObject\",\"inLanguage\":\"pl-PL\",\"@id\":\"https:\\\/\\\/kamagra-official.to\\\/#\\\/schema\\\/logo\\\/image\\\/\",\"url\":\"https:\\\/\\\/kamagra-official.to\\\/wp-content\\\/uploads\\\/2025\\\/02\\\/KAMAGRA-Photoroom-1.png\",\"contentUrl\":\"https:\\\/\\\/kamagra-official.to\\\/wp-content\\\/uploads\\\/2025\\\/02\\\/KAMAGRA-Photoroom-1.png\",\"width\":150,\"height\":153,\"caption\":\"kamagra-official.to\"},\"image\":{\"@id\":\"https:\\\/\\\/kamagra-official.to\\\/#\\\/schema\\\/logo\\\/image\\\/\"}}]}<\/script>\n<!-- \/ Yoast SEO plugin. -->","yoast_head_json":{"title":"Vidalista 20mg - kamagra-official.to","robots":{"index":"index","follow":"follow","max-snippet":"max-snippet:-1","max-image-preview":"max-image-preview:large","max-video-preview":"max-video-preview:-1"},"canonical":"https:\/\/kamagra-official.to\/pl\/product\/vidalista-20mg\/","og_locale":"pl_PL","og_type":"article","og_title":"Vidalista 20mg - kamagra-official.to","og_description":"20 mg Tadalafilu Ten pakiet zawiera 10 tabletek, ka\u017cda z 20 mg tadalafilu. Przeznaczony dla m\u0119\u017cczyzn, kt\u00f3rzy chc\u0105 d\u0142ugotrwa\u0142ego i niezawodnego wsparcia dla funkcji erekcji, te tabletki mog\u0105 by\u0107 skuteczne nawet do 36 godzin - daj\u0105c Ci wi\u0119ksz\u0105 swobod\u0119 i spontaniczno\u015b\u0107 w intymnych chwilach.","og_url":"https:\/\/kamagra-official.to\/pl\/product\/vidalista-20mg\/","og_site_name":"kamagra-official.to","article_modified_time":"2025-10-02T19:23:03+00:00","og_image":[{"width":1200,"height":1200,"url":"https:\/\/kamagra-official.to\/wp-content\/uploads\/2025\/09\/vidalista20-2.jpg","type":"image\/jpeg"}],"twitter_card":"summary_large_image","twitter_misc":{"Szacowany czas czytania":"2 minuty"},"schema":{"@context":"https:\/\/schema.org","@graph":[{"@type":"WebPage","@id":"https:\/\/kamagra-official.to\/pl\/product\/vidalista-20mg\/","url":"https:\/\/kamagra-official.to\/pl\/product\/vidalista-20mg\/","name":"Vidalista 20mg - kamagra-official.to","isPartOf":{"@id":"https:\/\/kamagra-official.to\/#website"},"primaryImageOfPage":{"@id":"https:\/\/kamagra-official.to\/pl\/product\/vidalista-20mg\/#primaryimage"},"image":{"@id":"https:\/\/kamagra-official.to\/pl\/product\/vidalista-20mg\/#primaryimage"},"thumbnailUrl":"https:\/\/kamagra-official.to\/wp-content\/uploads\/2025\/09\/vidalista20-2.jpg","datePublished":"2024-12-24T00:27:15+00:00","dateModified":"2025-10-02T19:23:03+00:00","breadcrumb":{"@id":"https:\/\/kamagra-official.to\/pl\/product\/vidalista-20mg\/#breadcrumb"},"inLanguage":"pl-PL","potentialAction":[{"@type":"ReadAction","target":["https:\/\/kamagra-official.to\/pl\/product\/vidalista-20mg\/"]}]},{"@type":"ImageObject","inLanguage":"pl-PL","@id":"https:\/\/kamagra-official.to\/pl\/product\/vidalista-20mg\/#primaryimage","url":"https:\/\/kamagra-official.to\/wp-content\/uploads\/2025\/09\/vidalista20-2.jpg","contentUrl":"https:\/\/kamagra-official.to\/wp-content\/uploads\/2025\/09\/vidalista20-2.jpg","width":1200,"height":1200},{"@type":"BreadcrumbList","@id":"https:\/\/kamagra-official.to\/pl\/product\/vidalista-20mg\/#breadcrumb","itemListElement":[{"@type":"ListItem","position":1,"name":"Home","item":"https:\/\/kamagra-official.to\/nl\/"},{"@type":"ListItem","position":2,"name":"Shop","item":"https:\/\/kamagra-official.to\/shop\/"},{"@type":"ListItem","position":3,"name":"Vidalista 20mg"}]},{"@type":"WebSite","@id":"https:\/\/kamagra-official.to\/#website","url":"https:\/\/kamagra-official.to\/","name":"kamagra-official.to","description":"Revitalize Your Sexual Energy Across Europe","publisher":{"@id":"https:\/\/kamagra-official.to\/#organization"},"potentialAction":[{"@type":"SearchAction","target":{"@type":"EntryPoint","urlTemplate":"https:\/\/kamagra-official.to\/?s={search_term_string}"},"query-input":{"@type":"PropertyValueSpecification","valueRequired":true,"valueName":"search_term_string"}}],"inLanguage":"pl-PL"},{"@type":"Organization","@id":"https:\/\/kamagra-official.to\/#organization","name":"kamagra-official.to","url":"https:\/\/kamagra-official.to\/","logo":{"@type":"ImageObject","inLanguage":"pl-PL","@id":"https:\/\/kamagra-official.to\/#\/schema\/logo\/image\/","url":"https:\/\/kamagra-official.to\/wp-content\/uploads\/2025\/02\/KAMAGRA-Photoroom-1.png","contentUrl":"https:\/\/kamagra-official.to\/wp-content\/uploads\/2025\/02\/KAMAGRA-Photoroom-1.png","width":150,"height":153,"caption":"kamagra-official.to"},"image":{"@id":"https:\/\/kamagra-official.to\/#\/schema\/logo\/image\/"}}]}},"_links":{"self":[{"href":"https:\/\/kamagra-official.to\/pl\/wp-json\/wp\/v2\/product\/24447","targetHints":{"allow":["GET"]}}],"collection":[{"href":"https:\/\/kamagra-official.to\/pl\/wp-json\/wp\/v2\/product"}],"about":[{"href":"https:\/\/kamagra-official.to\/pl\/wp-json\/wp\/v2\/types\/product"}],"wp:featuredmedia":[{"embeddable":true,"href":"https:\/\/kamagra-official.to\/pl\/wp-json\/wp\/v2\/media\/23924"}],"wp:attachment":[{"href":"https:\/\/kamagra-official.to\/pl\/wp-json\/wp\/v2\/media?parent=24447"}],"wp:term":[{"taxonomy":"product_brand","embeddable":true,"href":"https:\/\/kamagra-official.to\/pl\/wp-json\/wp\/v2\/product_brand?post=24447"},{"taxonomy":"product_cat","embeddable":true,"href":"https:\/\/kamagra-official.to\/pl\/wp-json\/wp\/v2\/product_cat?post=24447"},{"taxonomy":"product_tag","embeddable":true,"href":"https:\/\/kamagra-official.to\/pl\/wp-json\/wp\/v2\/product_tag?post=24447"}],"curies":[{"name":"wp","href":"https:\/\/api.w.org\/{rel}","templated":true}]}}