{"id":22941,"date":"2024-12-22T10:51:55","date_gmt":"2024-12-22T10:51:55","guid":{"rendered":"https:\/\/kamagra-official.to\/polityka-prywatnosci\/"},"modified":"2025-11-21T14:26:21","modified_gmt":"2025-11-21T14:26:21","slug":"polityka-prywatnosci","status":"publish","type":"page","link":"https:\/\/kamagra-official.to\/pl\/polityka-prywatnosci\/","title":{"rendered":"Polityka Prywatno\u015bci"},"content":{"rendered":"\t\t<div data-elementor-type=\"wp-page\" data-elementor-id=\"22941\" class=\"elementor elementor-22941 elementor-14765\" data-elementor-post-type=\"page\">\n\t\t\t\t<div class=\"elementor-element elementor-element-049e202 e-flex e-con-boxed e-con e-parent\" data-id=\"049e202\" data-element_type=\"container\" data-e-type=\"container\">\n\t\t\t\t\t<div class=\"e-con-inner\">\n\t\t\t\t<div class=\"elementor-element elementor-element-6b91426 elementor-widget elementor-widget-spacer\" data-id=\"6b91426\" data-element_type=\"widget\" data-e-type=\"widget\" data-widget_type=\"spacer.default\">\n\t\t\t\t<div class=\"elementor-widget-container\">\n\t\t\t\t\t\t\t<div class=\"elementor-spacer\">\n\t\t\t<div class=\"elementor-spacer-inner\"><\/div>\n\t\t<\/div>\n\t\t\t\t\t\t<\/div>\n\t\t\t\t<\/div>\n\t\t\t\t\t<\/div>\n\t\t\t\t<\/div>\n\t\t<div class=\"elementor-element elementor-element-b09979d e-con-full e-flex e-con e-parent\" data-id=\"b09979d\" data-element_type=\"container\" data-e-type=\"container\">\n\t\t\t\t<div class=\"elementor-element elementor-element-e9deaf9 elementor-widget elementor-widget-text-editor\" data-id=\"e9deaf9\" data-element_type=\"widget\" data-e-type=\"widget\" data-widget_type=\"text-editor.default\">\n\t\t\t\t<div class=\"elementor-widget-container\">\n\t\t\t\t\t\t\t\t\t<p><br \/><br \/><br \/><\/p><p><style>\n        body {<br \/>\n            font-family: Arial, sans-serif;<br \/>\n            line-height: 1.6;<br \/>\n            margin: 20px;<br \/>\n            max-width: 800px;<br \/>\n        }<br \/>\n        h1, h2 {<br \/>\n            color: #333;<br \/>\n        }<br \/>\n        h1 {<br \/>\n            text-align: center;<br \/>\n        }<br \/>\n        p {<br \/>\n            margin-bottom: 1em;<br \/>\n        }<br \/>\n    <\/style><\/p><p>\u00a0<\/p><h1>Regulamin<\/h1><h2>I. Postanowienia wst\u0119pne<\/h2><p>Operatorem sklepu internetowego jest: kamagra-official.to \u2013 Ruopigenring 85, 6015 Luzern, Szwajcaria (zwany dalej e-sklepem).<\/p><p>Wszystkie zwi\u0105zki umowne s\u0105 zawierane zgodnie z prawem Szwajcaria. Stosunki prawne, kt\u00f3re nie s\u0105 wyra\u017anie uregulowane w niniejszych warunkach, s\u0105 regulowane przez ustaw\u0119 nr 89\/2012 Coll., Kodeks cywilny (dalej &#8222;CivC&#8221;).<\/p><p>Je\u017celi nabywca jest konsumentem (osob\u0105, kt\u00f3ra nie jest przedsi\u0119biorc\u0105 i sk\u0142ada zam\u00f3wienie lub zawiera umow\u0119 ze sprzedawc\u0105 w ramach w\u0142asnej dzia\u0142alno\u015bci gospodarczej), prawa i obowi\u0105zki sprzedawcy i kupuj\u0105cego s\u0105 r\u00f3wnie\u017c regulowane przez przepisy \u00a7 2158 et seq. CivC (&#8222;Specjalne postanowienia dotycz\u0105ce sprzeda\u017cy towar\u00f3w w sklepie&#8221;) oraz dla konsument\u00f3w-kupuj\u0105cych r\u00f3wnie\u017c przez ustaw\u0119 nr 634\/1992 Coll., o ochronie konsumenta, w brzmieniu p\u00f3\u017aniejszym (zwany dalej &#8222;CPAct&#8221;).<\/p><h2>II. Definicje<\/h2><p><strong>Umowa konsumencka<\/strong> \u2013 umowa kupna, umowa o dzie\u0142o, umowa o \u015bwiadczenie us\u0142ug lub inna umowa na podstawie CivC, je\u017celi stronami s\u0105 konsument (osoba, kt\u00f3ra nie jest przedsi\u0119biorc\u0105 i sk\u0142ada zam\u00f3wienie lub zawiera umow\u0119 ze sprzedawc\u0105 w ramach w\u0142asnej dzia\u0142alno\u015bci gospodarczej lub zawodowej) z jednej strony oraz dostawca lub sprzedawca z drugiej strony.<\/p><p><strong>Sprzedawca<\/strong> \u2013 operator sklepu internetowego \u2013 osoba, kt\u00f3ra przy zawieraniu i wykonaniu umowy dzia\u0142a w ramach w\u0142asnej dzia\u0142alno\u015bci gospodarczej lub przedsi\u0119biorczej. Jest to przedsi\u0119biorca, kt\u00f3ry dostarcza produkty lub \u015bwiadczy us\u0142ugi nabywcy bezpo\u015brednio lub poprzez innych przedsi\u0119biorc\u00f3w.<\/p><p><strong>Kupuj\u0105cy<\/strong> \u2013 Konsument \u2013 osoba, kt\u00f3ra przy zawieraniu i wykonaniu umowy nie dzia\u0142a w ramach w\u0142asnej dzia\u0142alno\u015bci gospodarczej. Jest to osoba fizyczna lub prawna kupuj\u0105ca produkty lub korzystaj\u0105ca z us\u0142ug w celach innych ni\u017c dzia\u0142alno\u015b\u0107 gospodarcza z tymi produktami lub us\u0142ugami. Kupuj\u0105cy, kt\u00f3ry nie jest konsumentem, to przedsi\u0119biorca, kt\u00f3ry kupuje produkty lub korzysta z us\u0142ug w ramach swojej dzia\u0142alno\u015bci gospodarczej lub samodzielnego wykonywania swojego zawodu.<\/p><h2>III. Przetwarzanie i U\u017cytkowanie Danych Osobowych<\/h2><p>Dost\u0119p do e-sklepu mo\u017ce by\u0107 uzale\u017cniony od podania niekt\u00f3rych danych osobowych Kupuj\u0105cego. W takim przypadku Sprzedawca b\u0119dzie przetwarza\u0142 takie dane zgodnie z obowi\u0105zuj\u0105cymi przepisami prawnymi, szczeg\u00f3lnie zgodnie z ustaw\u0105 nr 101\/2000 Coll., o Ochronie Danych Osobowych, w brzmieniu p\u00f3\u017aniejszym. Dane osobowe b\u0119d\u0105 w pe\u0142ni zabezpieczone przed nadu\u017cyciem. Dane te b\u0119d\u0105 przechowywane i nie b\u0119d\u0105 udost\u0119pniane aplikacjom stron trzecich. Sprzedawca mo\u017ce korzysta\u0107 z podanych danych osobowych poza przetwarzaniem niezb\u0119dnym do zawarcia i wykonania umowy tylko pod warunkami wymienionymi poni\u017cej. Kupuj\u0105cy zgadza si\u0119, \u017ce podany przy zakupie produktu lub us\u0142ugi adres e-mail mo\u017ce by\u0107 u\u017cywany do wysy\u0142ania komunikacji handlowej ze sklepu wed\u0142ug ustawy nr 480\/2004 Coll., w brzmieniu p\u00f3\u017aniejszym, z ofert\u0105 podobnych produkt\u00f3w lub us\u0142ug. Je\u017celi odbiorca nie chce otrzymywa\u0107 dalszych komunikat\u00f3w handlowych, mo\u017ce wyrazi\u0107 niezgod\u0119 na wysy\u0142anie komunikat\u00f3w handlowych, wysy\u0142aj\u0105c e-mail zawieraj\u0105cy sprzeciw na adres e-mail e-sklepu: info@kamagra-official.to<\/p><h2>IV. Przyj\u0119cie i Przetwarzanie Zam\u00f3wie\u0144, Umowa Kupna<\/h2><p>Wa\u017cne elektroniczne zam\u00f3wienie wymaga wype\u0142nienia wszystkich wymaganych danych i szczeg\u00f3\u0142\u00f3w okre\u015blonych w formularzu zam\u00f3wienia. Przed ostatecznym potwierdzeniem zam\u00f3wienia przez Kupuj\u0105cego, ma on prawo do przegl\u0105dania ca\u0142ego zam\u00f3wienia i wprowadzonych danych. Je\u017celi Kupuj\u0105cy zgadza si\u0119 z form\u0105 zam\u00f3wienia, zam\u00f3wienie zostanie ostatecznie wys\u0142ane do przetworzenia poprzez klikni\u0119cie przycisku potwierdzaj\u0105cego zam\u00f3wienie. Wys\u0142anie jest wi\u0105\u017c\u0105ce. Umowa kupna jest zawierana przez wys\u0142anie zam\u00f3wienia przez Kupuj\u0105cego po wyborze metody dostawy i p\u0142atno\u015bci, i jego przyj\u0119cie przez e-sklep, kt\u00f3ry nie ponosi odpowiedzialno\u015bci za b\u0142\u0119dy podczas transmisji danych. E-sklep bezzw\u0142ocznie potwierdzi zawarcie umowy informacyjnym e-mailem na adres e-mail podany przez Kupuj\u0105cego.<\/p><p>Sprzedawca zastrzega sobie prawo do nieprzyj\u0119cia zam\u00f3wienia Kupuj\u0105cego w przypadku oczywistego b\u0142\u0119du dotycz\u0105cego ceny, opisu lub obrazu produktu w katalogu produkt\u00f3w na e-sklepie Sprzedawcy na dowolnym etapie przetwarzania zam\u00f3wienia. O nieprzyj\u0119ciu zam\u00f3wienia z powodu oczywistego b\u0142\u0119du Kupuj\u0105cy zostanie poinformowany e-mailem.<\/p><p>Sprzedawca zastrzega sobie prawo do anulowania zam\u00f3wienia lub jego cz\u0119\u015bci w nast\u0119puj\u0105cych przypadkach: \u2013 produkt nie jest ju\u017c produkowany lub dostarczany lub cena dostarczanych towar\u00f3w znacznie si\u0119 zmieni\u0142a. Je\u017celi taka sytuacja wyst\u0105pi, Sprzedawca skontaktuje si\u0119 niezw\u0142ocznie z Kupuj\u0105cym w celu uzgodnienia dalszych dzia\u0142a\u0144. Je\u017celi Kupuj\u0105cy ju\u017c zap\u0142aci\u0142 cz\u0119\u015b\u0107 lub ca\u0142o\u015b\u0107 ceny zakupu, ta kwota zostanie zwr\u00f3cona na jego konto, a umowa kupna nie b\u0119dzie zawarta.<\/p><p>Sprzedawca zastrzega sobie prawo do odmowy przetworzenia zam\u00f3wienia na towary nieoferowane w e-sklepie, jak r\u00f3wnie\u017c na towary, kt\u00f3rych producent lub dostawca nie mo\u017ce dostarczy\u0107 (ju\u017c nie s\u0105 produkowane, niedost\u0119pne w innych kolorach, itp.).<\/p><p>Umowa jest zawierana w j\u0119zyku czeskim. Je\u017celi dla Kupuj\u0105cego potrzebne jest t\u0142umaczenie tekstu umowy, w przypadku sporu dotycz\u0105cego interpretacji, wersja umowy w j\u0119zyku czeskim ma pierwsze\u0144stwo.<\/p><h2>V. Ceny<\/h2><p>Ceny podane na e-sklepie s\u0105 ostateczne, zawieraj\u0105 VAT. Do ceny doliczane s\u0105 koszty transportu, kt\u00f3re mog\u0105 si\u0119 r\u00f3\u017cni\u0107 zale\u017cnie od konkretnego zam\u00f3wienia (w zale\u017cno\u015bci od wybranej metody dostawy), s\u0105 one nast\u0119pnie dodawane w formularzu zam\u00f3wienia. Ostateczna obliczona cena po wype\u0142nieniu formularza zam\u00f3wienia jest ju\u017c z kosztami wysy\u0142ki. Cena obowi\u0105zuj\u0105ca w momencie zam\u00f3wienia przez Kupuj\u0105cego b\u0119dzie obowi\u0105zywa\u0107 jako cena przy zawarciu umowy mi\u0119dzy Sprzedawc\u0105 a Kupuj\u0105cym. Ta cena b\u0119dzie wymieniona w zam\u00f3wieniu i w e-mailu potwierdzaj\u0105cym odbi\u00f3r zam\u00f3wienia towar\u00f3w.<\/p><h2>VI. Dostawa Towar\u00f3w<\/h2><p>Kupuj\u0105cy\/Konsument jest zobowi\u0105zany do prawid\u0142owego odbioru towar\u00f3w od przewo\u017anika, sprawdzenia integralno\u015bci opakowania, ilo\u015bci paczek i natychmiastowego zg\u0142oszenia wszelkich niezgodno\u015bci przewo\u017anikowi. W przypadku dowod\u00f3w na nieautoryzowane dost\u0119py do przesy\u0142ki, Kupuj\u0105cemu zaleca si\u0119, aby nie akceptowa\u0142 przesy\u0142ki dla w\u0142asnego interesu! Przyj\u0119cie przesy\u0142ki potwierdza, \u017ce spe\u0142nia\u0142a ona wszystkie powy\u017csze warunki i wymagania, a p\u00f3\u017aniejsze reklamacje dotycz\u0105ce integralno\u015bci paczki nie b\u0119d\u0105 uwzgl\u0119dniane.<\/p><h2>VII. Zwrot Towar\u00f3w \u2013 Odst\u0105pienie od Umowy w Ci\u0105gu 14 Dni<\/h2><p>Kupuj\u0105cy, kt\u00f3ry zawar\u0142 umow\u0119 na odleg\u0142o\u015b\u0107 i zakupi\u0142 towary w e-sklepie, ma prawo zwr\u00f3ci\u0107 towar bez podania przyczyny w ci\u0105gu 14 (czterna\u015bcie) dni od dostawy (zgodnie z nowym Kodeksem Cywilnym \u00a7 1829 par.1).<\/p><p>Je\u017celi Kupuj\u0105cy odst\u0119puje od umowy, musi odes\u0142a\u0107 lub przekaza\u0107 towar Sprzedawcy bez nieuzasadnionej zw\u0142oki, nie p\u00f3\u017aniej ni\u017c 14 (czterna\u015bcie) dni od odst\u0105pienia od umowy kupna.<\/p><p>Zgodnie z \u00a7 1832 par. 4 Kodeksu Cywilnego, je\u015bli Kupuj\u0105cy odst\u0105pi od umowy kupna, Sprzedawca nie jest zobowi\u0105zany do zwrotu otrzymanych \u015brodk\u00f3w finansowych konsumentowi, zanim konsument zwr\u00f3ci towar Sprzedawcy lub udowodni, \u017ce towar zosta\u0142 wys\u0142any z powrotem do Sprzedawcy.<\/p><p>Towar nale\u017cy zwr\u00f3ci\u0107, je\u017celi to mo\u017cliwe, w oryginalnym stanie,stan, nienaruszony, nieu\u017cywany, nienoszony, nieu\u017cywany, w tym oryginalne metki, etykiety i dokumenty sprzeda\u017cy.<\/p><p>Po zwrocie towaru (nie b\u0119d\u0105 przyjmowane towary zwracane za pobraniem), Kupuj\u0105cy otrzyma zwrot swojej p\u0142atno\u015bci na podany numer konta bankowego.<\/p><p>Je\u017celi Kupuj\u0105cy zwr\u00f3ci u\u017cywane, uszkodzone, wyprane towary w ci\u0105gu 14-dniowego okresu, cena zakupu towar\u00f3w nie zostanie zwr\u00f3cona w pe\u0142ni. W takim przypadku Sprzedaj\u0105cy obni\u017cy cen\u0119 zakupu ze wzgl\u0119du na zu\u017cycie.<\/p><p>Kupuj\u0105cy w ca\u0142o\u015bci pokrywa koszty dostarczenia towar\u00f3w z powrotem do Sprzedaj\u0105cego.<\/p><p>Je\u015bli odst\u0105pisz od umowy ze Sprzedaj\u0105cym, zwr\u00f3cimy Ci bez nieuzasadnionej zw\u0142oki, nie p\u00f3\u017aniej ni\u017c 14 dni od dnia, w kt\u00f3rym zostali\u015bmy poinformowani o Twojej decyzji o odst\u0105pieniu od umowy, wszystkie p\u0142atno\u015bci, kt\u00f3re otrzymali\u015bmy od Ciebie, w tym koszt dostarczenia towar\u00f3w do Ciebie (z wyj\u0105tkiem dodatkowych koszt\u00f3w wynikaj\u0105cych z wybranego przez Ciebie sposobu dostawy, kt\u00f3ry jest inny ni\u017c najta\u0144sza standardowa metoda dostawy oferowana przez Sprzedaj\u0105cego).<\/p><p>Aby skorzysta\u0107 z prawa do odst\u0105pienia od umowy, musisz poinformowa\u0107 Sprzedaj\u0105cego o swojej decyzji o odst\u0105pieniu od umowy w okre\u015blonym czasie 14 dni za pomoc\u0105 jasnego o\u015bwiadczenia (np. listu wys\u0142anego poczt\u0105 lub e-mailem). Niezw\u0142ocznie wy\u015blemy Ci potwierdzenie otrzymania tego zawiadomienia o odst\u0105pieniu od umowy.<\/p><h2>VIII. Prawa z tytu\u0142u wadliwego wykonania \u2013 Reklamacje<\/h2><p>Prawa i obowi\u0105zki stron umowy dotycz\u0105ce praw z tytu\u0142u wadliwego wykonania s\u0105<\/p>\t\t\t\t\t\t\t\t<\/div>\n\t\t\t\t<\/div>\n\t\t\t\t<\/div>\n\t\t\t\t<\/div>\n\t\t","protected":false},"excerpt":{"rendered":"<p>\u00a0 Regulamin I. Postanowienia wst\u0119pne Operatorem sklepu internetowego jest: kamagra-official.to \u2013 Ruopigenring 85, 6015 Luzern, Szwajcaria (zwany dalej e-sklepem). Wszystkie zwi\u0105zki umowne s\u0105 zawierane zgodnie z prawem Szwajcaria. Stosunki prawne, kt\u00f3re nie s\u0105 wyra\u017anie uregulowane w niniejszych warunkach, s\u0105 regulowane przez ustaw\u0119 nr 89\/2012 Coll., Kodeks cywilny (dalej &#8222;CivC&#8221;). Je\u017celi nabywca jest konsumentem (osob\u0105, kt\u00f3ra [&#8230;]\n","protected":false},"author":1,"featured_media":0,"parent":0,"menu_order":0,"comment_status":"closed","ping_status":"closed","template":"","meta":{"footnotes":""},"class_list":["post-22941","page","type-page","status-publish","hentry"],"yoast_head":"<!-- This site is optimized with the Yoast SEO plugin v27.5 - https:\/\/yoast.com\/product\/yoast-seo-wordpress\/ -->\n<title>Polityka Prywatno\u015bci - kamagra-official.to<\/title>\n<meta name=\"robots\" content=\"index, follow, max-snippet:-1, max-image-preview:large, max-video-preview:-1\" \/>\n<link rel=\"canonical\" href=\"https:\/\/kamagra-official.to\/privacy-policy\/\" \/>\n<meta property=\"og:locale\" content=\"pl_PL\" \/>\n<meta property=\"og:type\" content=\"article\" \/>\n<meta property=\"og:title\" content=\"Polityka Prywatno\u015bci - kamagra-official.to\" \/>\n<meta property=\"og:description\" content=\"\u00a0 Regulamin I. Postanowienia wst\u0119pne Operatorem sklepu internetowego jest: kamagra-official.to \u2013 Ruopigenring 85, 6015 Luzern, Szwajcaria (zwany dalej e-sklepem). Wszystkie zwi\u0105zki umowne s\u0105 zawierane zgodnie z prawem Szwajcaria. Stosunki prawne, kt\u00f3re nie s\u0105 wyra\u017anie uregulowane w niniejszych warunkach, s\u0105 regulowane przez ustaw\u0119 nr 89\/2012 Coll., Kodeks cywilny (dalej &#8222;CivC&#8221;). Je\u017celi nabywca jest konsumentem (osob\u0105, kt\u00f3ra [...]\" \/>\n<meta property=\"og:url\" content=\"https:\/\/kamagra-official.to\/privacy-policy\/\" \/>\n<meta property=\"og:site_name\" content=\"kamagra-official.to\" \/>\n<meta property=\"article:modified_time\" content=\"2025-11-21T14:26:21+00:00\" \/>\n<meta name=\"twitter:card\" content=\"summary_large_image\" \/>\n<meta name=\"twitter:label1\" content=\"Szacowany czas czytania\" \/>\n\t<meta name=\"twitter:data1\" content=\"7 minut\" \/>\n<script type=\"application\/ld+json\" class=\"yoast-schema-graph\">{\"@context\":\"https:\\\/\\\/schema.org\",\"@graph\":[{\"@type\":\"WebPage\",\"@id\":\"https:\\\/\\\/kamagra-official.to\\\/privacy-policy\\\/\",\"url\":\"https:\\\/\\\/kamagra-official.to\\\/privacy-policy\\\/\",\"name\":\"Polityka Prywatno\u015bci - kamagra-official.to\",\"isPartOf\":{\"@id\":\"https:\\\/\\\/kamagra-official.to\\\/#website\"},\"datePublished\":\"2024-12-22T10:51:55+00:00\",\"dateModified\":\"2025-11-21T14:26:21+00:00\",\"breadcrumb\":{\"@id\":\"https:\\\/\\\/kamagra-official.to\\\/privacy-policy\\\/#breadcrumb\"},\"inLanguage\":\"pl-PL\",\"potentialAction\":[{\"@type\":\"ReadAction\",\"target\":[\"https:\\\/\\\/kamagra-official.to\\\/privacy-policy\\\/\"]}]},{\"@type\":\"BreadcrumbList\",\"@id\":\"https:\\\/\\\/kamagra-official.to\\\/privacy-policy\\\/#breadcrumb\",\"itemListElement\":[{\"@type\":\"ListItem\",\"position\":1,\"name\":\"Home\",\"item\":\"https:\\\/\\\/kamagra-official.to\\\/nl\\\/\"},{\"@type\":\"ListItem\",\"position\":2,\"name\":\"Polityka Prywatno\u015bci\"}]},{\"@type\":\"WebSite\",\"@id\":\"https:\\\/\\\/kamagra-official.to\\\/#website\",\"url\":\"https:\\\/\\\/kamagra-official.to\\\/\",\"name\":\"kamagra-official.to\",\"description\":\"Revitalize Your Sexual Energy Across Europe\",\"publisher\":{\"@id\":\"https:\\\/\\\/kamagra-official.to\\\/#organization\"},\"potentialAction\":[{\"@type\":\"SearchAction\",\"target\":{\"@type\":\"EntryPoint\",\"urlTemplate\":\"https:\\\/\\\/kamagra-official.to\\\/?s={search_term_string}\"},\"query-input\":{\"@type\":\"PropertyValueSpecification\",\"valueRequired\":true,\"valueName\":\"search_term_string\"}}],\"inLanguage\":\"pl-PL\"},{\"@type\":\"Organization\",\"@id\":\"https:\\\/\\\/kamagra-official.to\\\/#organization\",\"name\":\"kamagra-official.to\",\"url\":\"https:\\\/\\\/kamagra-official.to\\\/\",\"logo\":{\"@type\":\"ImageObject\",\"inLanguage\":\"pl-PL\",\"@id\":\"https:\\\/\\\/kamagra-official.to\\\/#\\\/schema\\\/logo\\\/image\\\/\",\"url\":\"https:\\\/\\\/kamagra-official.to\\\/wp-content\\\/uploads\\\/2025\\\/02\\\/KAMAGRA-Photoroom-1.png\",\"contentUrl\":\"https:\\\/\\\/kamagra-official.to\\\/wp-content\\\/uploads\\\/2025\\\/02\\\/KAMAGRA-Photoroom-1.png\",\"width\":150,\"height\":153,\"caption\":\"kamagra-official.to\"},\"image\":{\"@id\":\"https:\\\/\\\/kamagra-official.to\\\/#\\\/schema\\\/logo\\\/image\\\/\"}}]}<\/script>\n<!-- \/ Yoast SEO plugin. -->","yoast_head_json":{"title":"Polityka Prywatno\u015bci - kamagra-official.to","robots":{"index":"index","follow":"follow","max-snippet":"max-snippet:-1","max-image-preview":"max-image-preview:large","max-video-preview":"max-video-preview:-1"},"canonical":"https:\/\/kamagra-official.to\/privacy-policy\/","og_locale":"pl_PL","og_type":"article","og_title":"Polityka Prywatno\u015bci - kamagra-official.to","og_description":"\u00a0 Regulamin I. Postanowienia wst\u0119pne Operatorem sklepu internetowego jest: kamagra-official.to \u2013 Ruopigenring 85, 6015 Luzern, Szwajcaria (zwany dalej e-sklepem). Wszystkie zwi\u0105zki umowne s\u0105 zawierane zgodnie z prawem Szwajcaria. Stosunki prawne, kt\u00f3re nie s\u0105 wyra\u017anie uregulowane w niniejszych warunkach, s\u0105 regulowane przez ustaw\u0119 nr 89\/2012 Coll., Kodeks cywilny (dalej &#8222;CivC&#8221;). Je\u017celi nabywca jest konsumentem (osob\u0105, kt\u00f3ra [...]","og_url":"https:\/\/kamagra-official.to\/privacy-policy\/","og_site_name":"kamagra-official.to","article_modified_time":"2025-11-21T14:26:21+00:00","twitter_card":"summary_large_image","twitter_misc":{"Szacowany czas czytania":"7 minut"},"schema":{"@context":"https:\/\/schema.org","@graph":[{"@type":"WebPage","@id":"https:\/\/kamagra-official.to\/privacy-policy\/","url":"https:\/\/kamagra-official.to\/privacy-policy\/","name":"Polityka Prywatno\u015bci - kamagra-official.to","isPartOf":{"@id":"https:\/\/kamagra-official.to\/#website"},"datePublished":"2024-12-22T10:51:55+00:00","dateModified":"2025-11-21T14:26:21+00:00","breadcrumb":{"@id":"https:\/\/kamagra-official.to\/privacy-policy\/#breadcrumb"},"inLanguage":"pl-PL","potentialAction":[{"@type":"ReadAction","target":["https:\/\/kamagra-official.to\/privacy-policy\/"]}]},{"@type":"BreadcrumbList","@id":"https:\/\/kamagra-official.to\/privacy-policy\/#breadcrumb","itemListElement":[{"@type":"ListItem","position":1,"name":"Home","item":"https:\/\/kamagra-official.to\/nl\/"},{"@type":"ListItem","position":2,"name":"Polityka Prywatno\u015bci"}]},{"@type":"WebSite","@id":"https:\/\/kamagra-official.to\/#website","url":"https:\/\/kamagra-official.to\/","name":"kamagra-official.to","description":"Revitalize Your Sexual Energy Across Europe","publisher":{"@id":"https:\/\/kamagra-official.to\/#organization"},"potentialAction":[{"@type":"SearchAction","target":{"@type":"EntryPoint","urlTemplate":"https:\/\/kamagra-official.to\/?s={search_term_string}"},"query-input":{"@type":"PropertyValueSpecification","valueRequired":true,"valueName":"search_term_string"}}],"inLanguage":"pl-PL"},{"@type":"Organization","@id":"https:\/\/kamagra-official.to\/#organization","name":"kamagra-official.to","url":"https:\/\/kamagra-official.to\/","logo":{"@type":"ImageObject","inLanguage":"pl-PL","@id":"https:\/\/kamagra-official.to\/#\/schema\/logo\/image\/","url":"https:\/\/kamagra-official.to\/wp-content\/uploads\/2025\/02\/KAMAGRA-Photoroom-1.png","contentUrl":"https:\/\/kamagra-official.to\/wp-content\/uploads\/2025\/02\/KAMAGRA-Photoroom-1.png","width":150,"height":153,"caption":"kamagra-official.to"},"image":{"@id":"https:\/\/kamagra-official.to\/#\/schema\/logo\/image\/"}}]}},"_links":{"self":[{"href":"https:\/\/kamagra-official.to\/pl\/wp-json\/wp\/v2\/pages\/22941","targetHints":{"allow":["GET"]}}],"collection":[{"href":"https:\/\/kamagra-official.to\/pl\/wp-json\/wp\/v2\/pages"}],"about":[{"href":"https:\/\/kamagra-official.to\/pl\/wp-json\/wp\/v2\/types\/page"}],"author":[{"embeddable":true,"href":"https:\/\/kamagra-official.to\/pl\/wp-json\/wp\/v2\/users\/1"}],"replies":[{"embeddable":true,"href":"https:\/\/kamagra-official.to\/pl\/wp-json\/wp\/v2\/comments?post=22941"}],"version-history":[{"count":4,"href":"https:\/\/kamagra-official.to\/pl\/wp-json\/wp\/v2\/pages\/22941\/revisions"}],"predecessor-version":[{"id":25062,"href":"https:\/\/kamagra-official.to\/pl\/wp-json\/wp\/v2\/pages\/22941\/revisions\/25062"}],"wp:attachment":[{"href":"https:\/\/kamagra-official.to\/pl\/wp-json\/wp\/v2\/media?parent=22941"}],"curies":[{"name":"wp","href":"https:\/\/api.w.org\/{rel}","templated":true}]}}