{"id":24797,"date":"2024-12-15T23:50:14","date_gmt":"2024-12-15T23:50:14","guid":{"rendered":"https:\/\/kamagra-official.to\/product\/kamagra-oral-jelly-100mg\/"},"modified":"2025-10-02T19:24:21","modified_gmt":"2025-10-02T19:24:21","slug":"kamagra-oral-jelly-100mg","status":"publish","type":"product","link":"https:\/\/kamagra-official.to\/it\/product\/kamagra-oral-jelly-100mg\/","title":{"rendered":"Kamagra Oral Jelly 100mg"},"content":{"rendered":"<p><strong>Kamagra Oral Jelly &#8211; Delizioso e ad azione rapida per un&#8217;intimit\u00e0 indimenticabile!<\/strong><br \/>\nKamagra Oral Jelly 100mg \u00e8 progettato per trattare la disfunzione erettile e potenziare le prestazioni sessuali. Questo prodotto si presenta come un gel facile da usare che si scioglie in bocca per un rapido assorbimento. Ogni scatola contiene bustine di gel con sapore di frutta, con ogni bustina che fornisce 100 mg di sildenafil, lo stesso ingrediente affidabile presente nel Viagra.<\/p>\n<p>Il sildenafil \u00e8 una sostanza clinicamente provata che aumenta l&#8217;afflusso di sangue al pene, rendendo possibile ottenere e mantenere un&#8217;erezione forte con la stimolazione sessuale. Gli effetti durano diverse ore. In ogni scatola troverai 7 bustine con diversi sapori di frutta. Fai il primo passo verso una vita sessuale pi\u00f9 appagante, prova oggi Kamagra Oral Jelly!<\/p>\n<hr \/>\n<h3><strong>Vantaggi di Kamagra Oral Jelly<\/strong><\/h3>\n<p><strong>Rapidit\u00e0 di azione:<\/strong> Il formato in gel permette un assorbimento rapido, quindi si avverte l&#8217;effetto molto prima che con le compresse tradizionali.<br \/>\n<strong>Facilit\u00e0 di somministrazione:<\/strong> Basta spremere il gel in bocca e lasciarlo sciogliere, molto pi\u00f9 piacevole di ingoiare le normali pillole e non c&#8217;\u00e8 bisogno d&#8217;acqua.<br \/>\n<strong>Opzioni di sapori fruttati:<\/strong> I deliziosi sapori mascherano il gusto naturale del sildenafil.<br \/>\n<strong>Scarse reazioni avverse:<\/strong> Quando utilizzato come indicato, Kamagra Oral Jelly \u00e8 sicuro e generalmente ben tollerato.<\/p>\n<hr \/>\n<h3><strong>Dosaggio consigliato<\/strong><\/h3>\n<p>La dose ideale \u00e8 met\u00e0 bustina di Kamagra Oral Jelly 15-30 minuti prima dell&#8217;attivit\u00e0 sessuale. Spremi il gel in bocca e lascialo sciogliere rapidamente. Se l&#8217;effetto \u00e8 insufficiente, pu\u00f2 essere utilizzata la met\u00e0 rimanente. Non prendere mai pi\u00f9 di una bustina al giorno.<\/p>\n<hr \/>\n<h3><strong>Azione<\/strong><\/h3>\n<p>Gli effetti di solito iniziano entro 15-30 minuti e durano fino a 4 ore. Ricorda, \u00e8 necessaria la stimolazione sessuale, poich\u00e9 Kamagra Oral Jelly non \u00e8 un afrodisiaco. Cercare assistenza medica se un&#8217;erezione dura pi\u00f9 di 4 ore.<\/p>\n<hr \/>\n<h3><strong>Interazioni con alcol e cibo<\/strong><\/h3>\n<p>L&#8217;alcol non \u00e8 consigliato perch\u00e9 pu\u00f2 ridurre significativamente l&#8217;efficacia. Allo stesso modo, cibi grassi o pesanti possono ritardare l&#8217;inizio degli effetti.<\/p>\n<hr \/>\n<h3><strong>Interazioni con altri farmaci<\/strong><\/h3>\n<p>Se stai assumendo altri farmaci, parlane con il tuo medico prima di utilizzare Kamagra Oral Jelly, in particolare farmaci come <strong>Cimetidina, Ketoconazolo o Eritromicina<\/strong>. Alcuni medicinali possono ridurre l&#8217;efficacia o provocare effetti avversi.<\/p>\n<hr \/>\n<h3><strong>Possibili effetti collaterali<\/strong><\/h3>\n<p>Gli effetti collaterali sono generalmente lievi e temporanei. I pi\u00f9 comuni:<\/p>\n<ul>\n<li>Arrossamento del viso<\/li>\n<li>Mal di testa<\/li>\n<\/ul>\n<p>I sintomi meno frequenti possono includere:<\/p>\n<ul>\n<li>Vertigini<\/li>\n<li>Visione offuscata<\/li>\n<li>Dolori muscolari<\/li>\n<li>Nausea<\/li>\n<li>Eruzione cutanea<\/li>\n<li>Congestione nasale<\/li>\n<\/ul>\n<p>Se sperimenti effetti collaterali gravi o persistenti, contatta il tuo medico.<\/p>\n<hr \/>\n<h3><strong>Quando non usare Kamagra Oral Jelly?<\/strong><\/h3>\n<p>Non utilizzare se:<\/p>\n<ul>\n<li>Assumi nitrati (per il dolore al petto o angina pectoris)<\/li>\n<li>Hai avuto un attacco di cuore o ictus negli ultimi 3 mesi<\/li>\n<li>Hai problemi di pressione sanguigna o di coagulazione del sangue<\/li>\n<li>Sei allergico al sildenafil<\/li>\n<\/ul>\n<hr \/>\n<h3><strong>Conservazione<\/strong><\/h3>\n<p>Conserva Kamagra Oral Jelly nella confezione originale, lontano dai bambini. Conservare a <strong>10-30\u00b0C<\/strong> in un luogo asciutto, protetto dalla luce diretta del sole.<\/p>\n","protected":false},"excerpt":{"rendered":"<p><strong>100 mg di Sildenafil<\/strong><\/p>\n<p>Questo pacchetto contiene 7 bustine di gel, ognuna con 100 mg di sildenafil. La pratica e gustosa forma di gel permette un rapido assorbimento e un facile utilizzo: basta spremere una bustina nella bocca per un supporto veloce e discreto per problemi di erezione. Perfetto per gli uomini che vogliono risultati efficaci e affidabili con un sapore gradevole.<\/p>\n","protected":false},"featured_media":23758,"template":"","meta":[],"product_brand":[],"product_cat":[162,163,121,160,125,219,161,165,164],"product_tag":[],"class_list":{"0":"post-24797","1":"product","2":"type-product","3":"status-publish","4":"has-post-thumbnail","6":"product_cat-delay-of-ejaculation-it","7":"product_cat-erection-support-it","8":"product_cat-generic-cialis-it","9":"product_cat-generic-levitra-it","10":"product_cat-generic-viagra-it","11":"product_cat-kamagra-it","12":"product_cat-kamagra-tablets-it","13":"product_cat-viagra-for-women-we-know-everything-about-this-miraculous-pink-pill-for-women-it","14":"product_cat-viagra-without-a-prescription","16":"first","17":"instock","18":"shipping-taxable","19":"purchasable","20":"product-type-simple"},"yoast_head":"<!-- This site is optimized with the Yoast SEO plugin v27.5 - https:\/\/yoast.com\/product\/yoast-seo-wordpress\/ -->\n<title>Kamagra Oral Jelly 100mg - kamagra-official.to<\/title>\n<meta name=\"robots\" content=\"index, follow, max-snippet:-1, max-image-preview:large, max-video-preview:-1\" \/>\n<link rel=\"canonical\" href=\"https:\/\/kamagra-official.to\/it\/product\/kamagra-oral-jelly-100mg\/\" \/>\n<meta property=\"og:locale\" content=\"it_IT\" \/>\n<meta property=\"og:type\" content=\"article\" \/>\n<meta property=\"og:title\" content=\"Kamagra Oral Jelly 100mg - kamagra-official.to\" \/>\n<meta property=\"og:description\" content=\"100 mg di Sildenafil Questo pacchetto contiene 7 bustine di gel, ognuna con 100 mg di sildenafil. La pratica e gustosa forma di gel permette un rapido assorbimento e un facile utilizzo: basta spremere una bustina nella bocca per un supporto veloce e discreto per problemi di erezione. Perfetto per gli uomini che vogliono risultati efficaci e affidabili con un sapore gradevole.\" \/>\n<meta property=\"og:url\" content=\"https:\/\/kamagra-official.to\/it\/product\/kamagra-oral-jelly-100mg\/\" \/>\n<meta property=\"og:site_name\" content=\"kamagra-official.to\" \/>\n<meta property=\"article:modified_time\" content=\"2025-10-02T19:24:21+00:00\" \/>\n<meta property=\"og:image\" content=\"https:\/\/kamagra-official.to\/wp-content\/uploads\/2025\/09\/kamagra-oral-jelly-768x768-1.jpg\" \/>\n\t<meta property=\"og:image:width\" content=\"768\" \/>\n\t<meta property=\"og:image:height\" content=\"768\" \/>\n\t<meta property=\"og:image:type\" content=\"image\/jpeg\" \/>\n<meta name=\"twitter:card\" content=\"summary_large_image\" \/>\n<meta name=\"twitter:label1\" content=\"Tempo di lettura stimato\" \/>\n\t<meta name=\"twitter:data1\" content=\"2 minuti\" \/>\n<script type=\"application\/ld+json\" class=\"yoast-schema-graph\">{\"@context\":\"https:\\\/\\\/schema.org\",\"@graph\":[{\"@type\":\"WebPage\",\"@id\":\"https:\\\/\\\/kamagra-official.to\\\/it\\\/product\\\/kamagra-oral-jelly-100mg\\\/\",\"url\":\"https:\\\/\\\/kamagra-official.to\\\/it\\\/product\\\/kamagra-oral-jelly-100mg\\\/\",\"name\":\"Kamagra Oral Jelly 100mg - kamagra-official.to\",\"isPartOf\":{\"@id\":\"https:\\\/\\\/kamagra-official.to\\\/#website\"},\"primaryImageOfPage\":{\"@id\":\"https:\\\/\\\/kamagra-official.to\\\/it\\\/product\\\/kamagra-oral-jelly-100mg\\\/#primaryimage\"},\"image\":{\"@id\":\"https:\\\/\\\/kamagra-official.to\\\/it\\\/product\\\/kamagra-oral-jelly-100mg\\\/#primaryimage\"},\"thumbnailUrl\":\"https:\\\/\\\/kamagra-official.to\\\/wp-content\\\/uploads\\\/2025\\\/09\\\/kamagra-oral-jelly-768x768-1.jpg\",\"datePublished\":\"2024-12-15T23:50:14+00:00\",\"dateModified\":\"2025-10-02T19:24:21+00:00\",\"breadcrumb\":{\"@id\":\"https:\\\/\\\/kamagra-official.to\\\/it\\\/product\\\/kamagra-oral-jelly-100mg\\\/#breadcrumb\"},\"inLanguage\":\"it-IT\",\"potentialAction\":[{\"@type\":\"ReadAction\",\"target\":[\"https:\\\/\\\/kamagra-official.to\\\/it\\\/product\\\/kamagra-oral-jelly-100mg\\\/\"]}]},{\"@type\":\"ImageObject\",\"inLanguage\":\"it-IT\",\"@id\":\"https:\\\/\\\/kamagra-official.to\\\/it\\\/product\\\/kamagra-oral-jelly-100mg\\\/#primaryimage\",\"url\":\"https:\\\/\\\/kamagra-official.to\\\/wp-content\\\/uploads\\\/2025\\\/09\\\/kamagra-oral-jelly-768x768-1.jpg\",\"contentUrl\":\"https:\\\/\\\/kamagra-official.to\\\/wp-content\\\/uploads\\\/2025\\\/09\\\/kamagra-oral-jelly-768x768-1.jpg\",\"width\":768,\"height\":768},{\"@type\":\"BreadcrumbList\",\"@id\":\"https:\\\/\\\/kamagra-official.to\\\/it\\\/product\\\/kamagra-oral-jelly-100mg\\\/#breadcrumb\",\"itemListElement\":[{\"@type\":\"ListItem\",\"position\":1,\"name\":\"Home\",\"item\":\"https:\\\/\\\/kamagra-official.to\\\/nl\\\/\"},{\"@type\":\"ListItem\",\"position\":2,\"name\":\"Shop\",\"item\":\"https:\\\/\\\/kamagra-official.to\\\/shop\\\/\"},{\"@type\":\"ListItem\",\"position\":3,\"name\":\"Kamagra Oral Jelly 100mg\"}]},{\"@type\":\"WebSite\",\"@id\":\"https:\\\/\\\/kamagra-official.to\\\/#website\",\"url\":\"https:\\\/\\\/kamagra-official.to\\\/\",\"name\":\"kamagra-official.to\",\"description\":\"Revitalize Your Sexual Energy Across Europe\",\"publisher\":{\"@id\":\"https:\\\/\\\/kamagra-official.to\\\/#organization\"},\"potentialAction\":[{\"@type\":\"SearchAction\",\"target\":{\"@type\":\"EntryPoint\",\"urlTemplate\":\"https:\\\/\\\/kamagra-official.to\\\/?s={search_term_string}\"},\"query-input\":{\"@type\":\"PropertyValueSpecification\",\"valueRequired\":true,\"valueName\":\"search_term_string\"}}],\"inLanguage\":\"it-IT\"},{\"@type\":\"Organization\",\"@id\":\"https:\\\/\\\/kamagra-official.to\\\/#organization\",\"name\":\"kamagra-official.to\",\"url\":\"https:\\\/\\\/kamagra-official.to\\\/\",\"logo\":{\"@type\":\"ImageObject\",\"inLanguage\":\"it-IT\",\"@id\":\"https:\\\/\\\/kamagra-official.to\\\/#\\\/schema\\\/logo\\\/image\\\/\",\"url\":\"https:\\\/\\\/kamagra-official.to\\\/wp-content\\\/uploads\\\/2025\\\/02\\\/KAMAGRA-Photoroom-1.png\",\"contentUrl\":\"https:\\\/\\\/kamagra-official.to\\\/wp-content\\\/uploads\\\/2025\\\/02\\\/KAMAGRA-Photoroom-1.png\",\"width\":150,\"height\":153,\"caption\":\"kamagra-official.to\"},\"image\":{\"@id\":\"https:\\\/\\\/kamagra-official.to\\\/#\\\/schema\\\/logo\\\/image\\\/\"}}]}<\/script>\n<!-- \/ Yoast SEO plugin. -->","yoast_head_json":{"title":"Kamagra Oral Jelly 100mg - kamagra-official.to","robots":{"index":"index","follow":"follow","max-snippet":"max-snippet:-1","max-image-preview":"max-image-preview:large","max-video-preview":"max-video-preview:-1"},"canonical":"https:\/\/kamagra-official.to\/it\/product\/kamagra-oral-jelly-100mg\/","og_locale":"it_IT","og_type":"article","og_title":"Kamagra Oral Jelly 100mg - kamagra-official.to","og_description":"100 mg di Sildenafil Questo pacchetto contiene 7 bustine di gel, ognuna con 100 mg di sildenafil. La pratica e gustosa forma di gel permette un rapido assorbimento e un facile utilizzo: basta spremere una bustina nella bocca per un supporto veloce e discreto per problemi di erezione. Perfetto per gli uomini che vogliono risultati efficaci e affidabili con un sapore gradevole.","og_url":"https:\/\/kamagra-official.to\/it\/product\/kamagra-oral-jelly-100mg\/","og_site_name":"kamagra-official.to","article_modified_time":"2025-10-02T19:24:21+00:00","og_image":[{"width":768,"height":768,"url":"https:\/\/kamagra-official.to\/wp-content\/uploads\/2025\/09\/kamagra-oral-jelly-768x768-1.jpg","type":"image\/jpeg"}],"twitter_card":"summary_large_image","twitter_misc":{"Tempo di lettura stimato":"2 minuti"},"schema":{"@context":"https:\/\/schema.org","@graph":[{"@type":"WebPage","@id":"https:\/\/kamagra-official.to\/it\/product\/kamagra-oral-jelly-100mg\/","url":"https:\/\/kamagra-official.to\/it\/product\/kamagra-oral-jelly-100mg\/","name":"Kamagra Oral Jelly 100mg - kamagra-official.to","isPartOf":{"@id":"https:\/\/kamagra-official.to\/#website"},"primaryImageOfPage":{"@id":"https:\/\/kamagra-official.to\/it\/product\/kamagra-oral-jelly-100mg\/#primaryimage"},"image":{"@id":"https:\/\/kamagra-official.to\/it\/product\/kamagra-oral-jelly-100mg\/#primaryimage"},"thumbnailUrl":"https:\/\/kamagra-official.to\/wp-content\/uploads\/2025\/09\/kamagra-oral-jelly-768x768-1.jpg","datePublished":"2024-12-15T23:50:14+00:00","dateModified":"2025-10-02T19:24:21+00:00","breadcrumb":{"@id":"https:\/\/kamagra-official.to\/it\/product\/kamagra-oral-jelly-100mg\/#breadcrumb"},"inLanguage":"it-IT","potentialAction":[{"@type":"ReadAction","target":["https:\/\/kamagra-official.to\/it\/product\/kamagra-oral-jelly-100mg\/"]}]},{"@type":"ImageObject","inLanguage":"it-IT","@id":"https:\/\/kamagra-official.to\/it\/product\/kamagra-oral-jelly-100mg\/#primaryimage","url":"https:\/\/kamagra-official.to\/wp-content\/uploads\/2025\/09\/kamagra-oral-jelly-768x768-1.jpg","contentUrl":"https:\/\/kamagra-official.to\/wp-content\/uploads\/2025\/09\/kamagra-oral-jelly-768x768-1.jpg","width":768,"height":768},{"@type":"BreadcrumbList","@id":"https:\/\/kamagra-official.to\/it\/product\/kamagra-oral-jelly-100mg\/#breadcrumb","itemListElement":[{"@type":"ListItem","position":1,"name":"Home","item":"https:\/\/kamagra-official.to\/nl\/"},{"@type":"ListItem","position":2,"name":"Shop","item":"https:\/\/kamagra-official.to\/shop\/"},{"@type":"ListItem","position":3,"name":"Kamagra Oral Jelly 100mg"}]},{"@type":"WebSite","@id":"https:\/\/kamagra-official.to\/#website","url":"https:\/\/kamagra-official.to\/","name":"kamagra-official.to","description":"Revitalize Your Sexual Energy Across Europe","publisher":{"@id":"https:\/\/kamagra-official.to\/#organization"},"potentialAction":[{"@type":"SearchAction","target":{"@type":"EntryPoint","urlTemplate":"https:\/\/kamagra-official.to\/?s={search_term_string}"},"query-input":{"@type":"PropertyValueSpecification","valueRequired":true,"valueName":"search_term_string"}}],"inLanguage":"it-IT"},{"@type":"Organization","@id":"https:\/\/kamagra-official.to\/#organization","name":"kamagra-official.to","url":"https:\/\/kamagra-official.to\/","logo":{"@type":"ImageObject","inLanguage":"it-IT","@id":"https:\/\/kamagra-official.to\/#\/schema\/logo\/image\/","url":"https:\/\/kamagra-official.to\/wp-content\/uploads\/2025\/02\/KAMAGRA-Photoroom-1.png","contentUrl":"https:\/\/kamagra-official.to\/wp-content\/uploads\/2025\/02\/KAMAGRA-Photoroom-1.png","width":150,"height":153,"caption":"kamagra-official.to"},"image":{"@id":"https:\/\/kamagra-official.to\/#\/schema\/logo\/image\/"}}]}},"_links":{"self":[{"href":"https:\/\/kamagra-official.to\/it\/wp-json\/wp\/v2\/product\/24797","targetHints":{"allow":["GET"]}}],"collection":[{"href":"https:\/\/kamagra-official.to\/it\/wp-json\/wp\/v2\/product"}],"about":[{"href":"https:\/\/kamagra-official.to\/it\/wp-json\/wp\/v2\/types\/product"}],"wp:featuredmedia":[{"embeddable":true,"href":"https:\/\/kamagra-official.to\/it\/wp-json\/wp\/v2\/media\/23758"}],"wp:attachment":[{"href":"https:\/\/kamagra-official.to\/it\/wp-json\/wp\/v2\/media?parent=24797"}],"wp:term":[{"taxonomy":"product_brand","embeddable":true,"href":"https:\/\/kamagra-official.to\/it\/wp-json\/wp\/v2\/product_brand?post=24797"},{"taxonomy":"product_cat","embeddable":true,"href":"https:\/\/kamagra-official.to\/it\/wp-json\/wp\/v2\/product_cat?post=24797"},{"taxonomy":"product_tag","embeddable":true,"href":"https:\/\/kamagra-official.to\/it\/wp-json\/wp\/v2\/product_tag?post=24797"}],"curies":[{"name":"wp","href":"https:\/\/api.w.org\/{rel}","templated":true}]}}