{"id":18142,"date":"2024-12-22T10:51:55","date_gmt":"2024-12-22T10:51:55","guid":{"rendered":"https:\/\/world-shop.info\/privacy-policy\/"},"modified":"2025-11-21T14:27:18","modified_gmt":"2025-11-21T14:27:18","slug":"privacy-policy","status":"publish","type":"page","link":"https:\/\/kamagra-official.to\/it\/privacy-policy\/","title":{"rendered":"Politica sulla Privacy"},"content":{"rendered":"\t\t<div data-elementor-type=\"wp-page\" data-elementor-id=\"18142\" class=\"elementor elementor-18142 elementor-14765\" data-elementor-post-type=\"page\">\n\t\t\t\t<div class=\"elementor-element elementor-element-049e202 e-flex e-con-boxed e-con e-parent\" data-id=\"049e202\" data-element_type=\"container\" data-e-type=\"container\">\n\t\t\t\t\t<div class=\"e-con-inner\">\n\t\t\t\t<div class=\"elementor-element elementor-element-6b91426 elementor-widget elementor-widget-spacer\" data-id=\"6b91426\" data-element_type=\"widget\" data-e-type=\"widget\" data-widget_type=\"spacer.default\">\n\t\t\t\t<div class=\"elementor-widget-container\">\n\t\t\t\t\t\t\t<div class=\"elementor-spacer\">\n\t\t\t<div class=\"elementor-spacer-inner\"><\/div>\n\t\t<\/div>\n\t\t\t\t\t\t<\/div>\n\t\t\t\t<\/div>\n\t\t\t\t\t<\/div>\n\t\t\t\t<\/div>\n\t\t<div class=\"elementor-element elementor-element-b09979d e-con-full e-flex e-con e-parent\" data-id=\"b09979d\" data-element_type=\"container\" data-e-type=\"container\">\n\t\t\t\t<div class=\"elementor-element elementor-element-e9deaf9 elementor-widget elementor-widget-text-editor\" data-id=\"e9deaf9\" data-element_type=\"widget\" data-e-type=\"widget\" data-widget_type=\"text-editor.default\">\n\t\t\t\t<div class=\"elementor-widget-container\">\n\t\t\t\t\t\t\t\t\t<p><br \/><br \/><br \/><\/p><p><style>\n        body {<br \/>\n            font-family: Arial, sans-serif;<br \/>\n            line-height: 1.6;<br \/>\n            margin: 20px;<br \/>\n            max-width: 800px;<br \/>\n        }<br \/>\n        h1, h2 {<br \/>\n            color: #333;<br \/>\n        }<br \/>\n        h1 {<br \/>\n            text-align: center;<br \/>\n        }<br \/>\n        p {<br \/>\n            margin-bottom: 1em;<br \/>\n        }<br \/>\n    <\/style><\/p><p>\u00a0<\/p><h1>Termini e Condizioni<\/h1><h2>I. Disposizioni Introdotte<\/h2><p>Il gestore del negozio online \u00e8: kamagra-official.to \u2013 Ruopigenring 85, 6015 Luzern, Swerz (di seguito denominato e-shop).<\/p><p>Tutti i rapporti contrattuali sono conclusi in conformit\u00e0 con l&#8217;ordine giuridico della Swerz. I rapporti giuridici non espressamente regolati da questi termini e condizioni sono regolati dalla Legge n. 89\/2012 Coll., il Codice Civile (di seguito denominato &#8220;CivC&#8221;).<\/p><p>Se l&#8217;acquirente \u00e8 un consumatore (una persona diversa da un imprenditore che effettua un ordine o conclude un contratto con il venditore nell&#8217;ambito delle loro attivit\u00e0 commerciali), i diritti e gli obblighi del Venditore e dell&#8217;Acquirente sono regolati anche dalle disposizioni del \u00a7 2158 e seguenti. CivC (&#8220;Disposizioni speciali sulla vendita di merci in un negozio&#8221;) e per gli acquirenti consumatori, anche dalla Legge n. 634\/1992 Coll., sulla protezione dei consumatori, cos\u00ec come modificato (di seguito denominato &#8220;CPAct&#8221;).<\/p><h2>II. Definizioni<\/h2><p><strong>Contratto di consumo<\/strong> \u2013 un contratto di vendita, contratto di lavoro, contratto di servizio, o un altro contratto secondo il CivC, se le parti sono un consumatore (una persona diversa da un imprenditore che effettua un ordine o conclude un contratto con il venditore nell&#8217;ambito delle loro attivit\u00e0 commerciali o professione) da un lato e il fornitore o il venditore dall&#8217;altro.<\/p><p><strong>Venditore<\/strong> \u2013 il gestore del negozio online \u2013 una persona che, quando conclude e adempie al contratto, agisce nell&#8217;ambito delle loro attivit\u00e0 commerciali o imprenditoriali. Questo \u00e8 un imprenditore che fornisce prodotti o fornisce servizi a un acquirente direttamente o attraverso altri imprenditori.<\/p><p><strong>Acquirente<\/strong> \u2013 Consumatore \u2013 una persona che, quando conclude e adempie al contratto, non agisce nell&#8217;ambito delle loro attivit\u00e0 commerciali. Questa \u00e8 una persona fisica o giuridica che acquista prodotti o utilizza servizi per scopi diversi dall&#8217;attivit\u00e0 commerciale con tali prodotti o servizi. Un Acquirente che non \u00e8 un consumatore \u00e8 un imprenditore che acquista prodotti o utilizza servizi nell&#8217;ambito delle loro attivit\u00e0 commerciali o nell&#8217;esercizio indipendente della loro professione.<\/p><h2>III. Trattamento e Utilizzo dei Dati Personali<\/h2><p>L&#8217;accesso all&#8217;e-shop pu\u00f2 essere condizionato alla fornitura di alcuni dati personali dell&#8217;Acquirente. In tal caso, il Venditore tratter\u00e0 tali dati in conformit\u00e0 alle leggi vigenti, in particolare in conformit\u00e0 alla Legge n. 101\/2000 Coll., sulla Protezione dei Dati Personali, cos\u00ec come modificato. I dati personali saranno pienamente protetti contro usi impropri. I dati saranno conservati e non condivisi con applicazioni di terze parti. Il venditore pu\u00f2 utilizzare i dati personali forniti oltre al trattamento necessario per la conclusione e l&#8217;adempimento del contratto solo nelle condizioni elencate di seguito. L&#8217;Acquirente riconosce che l&#8217;indirizzo email fornito in relazione all&#8217;acquisto di un prodotto o servizio pu\u00f2 essere utilizzato per inviare comunicazioni commerciali dall&#8217;e-shop secondo la Legge n. 480\/2004 Coll., come modificata, con un&#8217;offerta di prodotti o servizi simili. Se il destinatario non desidera ricevere ulteriori comunicazioni commerciali, pu\u00f2 esprimere questo disaccordo con l&#8217;invio di comunicazioni commerciali inviando un&#8217;email contenente il disaccordo all&#8217;indirizzo email dell&#8217;e-shop: info@kamagra-official.to<\/p><h2>IV. Accettazione e Trattamento degli Ordini, Contratto di Vendita<\/h2><p>Un ordine elettronico valido richiede la compilazione di tutti i dati e i dettagli prescritti specificati nel modulo dell&#8217;ordine. Prima che l&#8217;Acquirente confermi definitivamente l&#8217;ordine, avr\u00e0 il diritto di rivedere l&#8217;intero ordine e i dati inseriti. Se l&#8217;Acquirente \u00e8 d&#8217;accordo con il modulo dell&#8217;ordine, l&#8217;ordine sar\u00e0 infine inviato per l&#8217;elaborazione cliccando il pulsante di conferma dell&#8217;ordine. Questo invio \u00e8 vincolante. Il contratto di vendita \u00e8 creato con l&#8217;invio dell&#8217;ordine da parte dell&#8217;Acquirente dopo la scelta del metodo di consegna e di pagamento, e la sua accettazione da parte dell&#8217;e-shop, che non si assume la responsabilit\u00e0 per eventuali errori durante la trasmissione dei dati. L&#8217;e-shop confermer\u00e0 prontamente la conclusione del contratto con un&#8217;email informativa all&#8217;indirizzo email fornito dall&#8217;Acquirente.<\/p><p>Il venditore si riserva il diritto di non accettare l&#8217;ordine dell&#8217;Acquirente in caso di un errore evidente relativo al prezzo, alla descrizione o all&#8217;immagine del prodotto nel catalogo dei prodotti sul sito e-commerce del Venditore in qualsiasi fase della lavorazione dell&#8217;ordine. L&#8217;acquirente sar\u00e0 informato della mancata accettazione dell&#8217;ordine a causa di un errore evidente via email.<\/p><p>Il Venditore si riserva il diritto di annullare un ordine o parte di esso nei seguenti casi: \u2013 il prodotto non \u00e8 pi\u00f9 prodotto o consegnato o il prezzo dei beni consegnati \u00e8 cambiato significativamente. Se si verifica questa situazione, il Venditore contatter\u00e0 prontamente l&#8217;Acquirente per concordare ulteriori azioni. Se l&#8217;Acquirente ha gi\u00e0 pagato parte o tutto il prezzo di acquisto, quest&#8217;importo sar\u00e0 restituito al suo conto e il contratto di vendita non sar\u00e0 concluso.<\/p><p>Il Venditore si riserva il diritto di rifiutare di elaborare un ordine per merci non offerte nell&#8217;e-shop, cos\u00ec come un ordine per merci che il produttore o il fornitore non pu\u00f2 consegnare (non pi\u00f9 prodotto, non disponibile in altri colori, ecc.).<\/p><p>Il contratto \u00e8 concluso in lingua ceca. Se per l&#8217;Acquirente \u00e8 necessaria una traduzione del testo del contratto, in caso di controversia sull&#8217;interpretazione, prevarr\u00e0 la versione in lingua ceca del contratto.<\/p><h2>V. Prezzi<\/h2><p>I prezzi esposti sull&#8217;e-shop sono finali, IVA inclusa. Ai costi di trasporto, il cui importo pu\u00f2 variare secondo l&#8217;ordine specifico (a seconda del metodo di consegna scelto), vengono successivamente aggiunti nel modulo dell&#8217;ordine. Il prezzo finale calcolato dopo aver completato il modulo dell&#8217;ordine include gi\u00e0 la spedizione. Il prezzo valido al momento dell&#8217;ordine da parte dell&#8217;Acquirente sar\u00e0 applicato come prezzo alla conclusione del contratto tra il Venditore e l&#8217;Acquirente. Questo prezzo sar\u00e0 indicato nell&#8217;ordine e nell&#8217;e-mail che conferma la ricezione dell&#8217;ordine della merce.<\/p><h2>VI. Consegna delle Merci<\/h2><p>L&#8217;Acquirente\/Consumatore \u00e8 tenuto a ricevere adeguatamente le merci dal corriere, verificare l&#8217;integrit\u00e0 della confezione, il numero dei pacchi e segnalare immediatamente qualsiasi discrepanza al corriere. Se ci sono prove di accesso non autorizzato alla spedizione, si consiglia all&#8217;Acquirente di non accettare la spedizione nel proprio interesse! Accettando la spedizione, l&#8217;Acquirente conferma che il pacco rispettava tutte le condizioni e i requisiti sopra indicati e non verranno prese in considerazione successivi reclami sulla integrit\u00e0 del pacco.<\/p><h2>VII. Restituzione della Merce \u2013 Recesso dal Contratto entro un Periodo di 14 Giorni<\/h2><p>L&#8217;acquirente, che ha concluso un contratto di vendita a distanza e ha acquistato beni nell&#8217;e-shop, ha il diritto di restituire la merce senza indicare alcun motivo entro 14 (quattordici) giorni dalla consegna (in conformit\u00e0 con il nuovo Codice Civile \u00a7 1829 par.1).<\/p><p>Se l&#8217;Acquirente recede dal contratto, deve inviare o consegnare i beni al Venditore senza ritardi ingiustificati, al massimo entro 14 (quattordici) giorni dal recesso dal contratto di vendita.<\/p><p>Secondo il \u00a7 1832 par. 4 del Codice Civile, se l&#8217;Acquirente recede dal contratto di vendita, il Venditore non \u00e8 obbligato a restituire i fondi monetari ricevuti al consumatore prima che il consumatore restituisca i beni al Venditore o dimostri che i beni sono stati spediti indietro al Venditore.<\/p><p>La merce dovrebbe essere restituita, se possibile, nella loro condizione originale,condizione, senza danni, inutilizzati, non indossati, non lavati, compresi le etichette originali, le etichette e i documenti di vendita.<\/p><p>Dopo aver restituito la merce (la merce restituita alla consegna non sar\u00e0 accettata), all&#8217;acquirente sar\u00e0 rimborsato il pagamento sul numero di conto bancario indicato.<\/p><p>Se l&#8217;acquirente restituisce beni usati, danneggiati, lavati entro il periodo di 14 giorni, il prezzo di acquisto per la merce non verr\u00e0 rimborsato per intero. In questo caso, il venditore ridurr\u00e0 il prezzo di acquisto a causa dell&#8217;usura.<\/p><p>L&#8217;acquirente copre completamente i costi di consegna della merce al venditore.<\/p><p>Se ti ritiri dal contratto con il venditore, ti rimborseremo senza indebito ritardo, al pi\u00f9 tardi 14 giorni dal giorno in cui siamo stati informati della tua decisione di ritirarti dal contratto, tutti i pagamenti che abbiamo ricevuto da te, compreso il costo di consegna della merce a te (eccetto per costi aggiuntivi dovuti al tuo metodo di consegna scelto, che non \u00e8 il metodo di consegna standard meno costoso offerto dal venditore).<\/p><p>Per esercitare il diritto di ritiro dal contratto, devi informare il venditore della tua decisione di ritirarti dal contratto entro il periodo specificato di 14 giorni attraverso una dichiarazione chiara (ad esempio, una lettera inviata per posta o per email). Ti invieremo prontamente una conferma di ricevimento di questa notifica di ritiro dal contratto.<\/p><h2>VIII. Diritti da prestazioni difettose &#8211; Reclami<\/h2><p>I diritti e gli obblighi delle parti contrattuali in merito ai diritti derivanti da prestazioni difettose sono<\/p>\t\t\t\t\t\t\t\t<\/div>\n\t\t\t\t<\/div>\n\t\t\t\t<\/div>\n\t\t\t\t<\/div>\n\t\t","protected":false},"excerpt":{"rendered":"<p>\u00a0 Termini e Condizioni I. Disposizioni Introdotte Il gestore del negozio online \u00e8: kamagra-official.to \u2013 Ruopigenring 85, 6015 Luzern, Swerz (di seguito denominato e-shop). Tutti i rapporti contrattuali sono conclusi in conformit\u00e0 con l&#8217;ordine giuridico della Swerz. I rapporti giuridici non espressamente regolati da questi termini e condizioni sono regolati dalla Legge n. 89\/2012 Coll., [&#8230;]\n","protected":false},"author":1,"featured_media":0,"parent":0,"menu_order":0,"comment_status":"closed","ping_status":"closed","template":"","meta":{"footnotes":""},"class_list":["post-18142","page","type-page","status-publish","hentry"],"yoast_head":"<!-- This site is optimized with the Yoast SEO plugin v27.5 - https:\/\/yoast.com\/product\/yoast-seo-wordpress\/ -->\n<title>Politica sulla Privacy - kamagra-official.to<\/title>\n<meta name=\"robots\" content=\"index, follow, max-snippet:-1, max-image-preview:large, max-video-preview:-1\" \/>\n<link rel=\"canonical\" href=\"https:\/\/kamagra-official.to\/privacy-policy\/\" \/>\n<meta property=\"og:locale\" content=\"it_IT\" \/>\n<meta property=\"og:type\" content=\"article\" \/>\n<meta property=\"og:title\" content=\"Politica sulla Privacy - kamagra-official.to\" \/>\n<meta property=\"og:description\" content=\"\u00a0 Termini e Condizioni I. Disposizioni Introdotte Il gestore del negozio online \u00e8: kamagra-official.to \u2013 Ruopigenring 85, 6015 Luzern, Swerz (di seguito denominato e-shop). Tutti i rapporti contrattuali sono conclusi in conformit\u00e0 con l&#8217;ordine giuridico della Swerz. I rapporti giuridici non espressamente regolati da questi termini e condizioni sono regolati dalla Legge n. 89\/2012 Coll., [...]\" \/>\n<meta property=\"og:url\" content=\"https:\/\/kamagra-official.to\/privacy-policy\/\" \/>\n<meta property=\"og:site_name\" content=\"kamagra-official.to\" \/>\n<meta property=\"article:modified_time\" content=\"2025-11-21T14:27:18+00:00\" \/>\n<meta name=\"twitter:card\" content=\"summary_large_image\" \/>\n<meta name=\"twitter:label1\" content=\"Tempo di lettura stimato\" \/>\n\t<meta name=\"twitter:data1\" content=\"8 minuti\" \/>\n<script type=\"application\/ld+json\" class=\"yoast-schema-graph\">{\"@context\":\"https:\\\/\\\/schema.org\",\"@graph\":[{\"@type\":\"WebPage\",\"@id\":\"https:\\\/\\\/kamagra-official.to\\\/privacy-policy\\\/\",\"url\":\"https:\\\/\\\/kamagra-official.to\\\/privacy-policy\\\/\",\"name\":\"Politica sulla Privacy - kamagra-official.to\",\"isPartOf\":{\"@id\":\"https:\\\/\\\/kamagra-official.to\\\/#website\"},\"datePublished\":\"2024-12-22T10:51:55+00:00\",\"dateModified\":\"2025-11-21T14:27:18+00:00\",\"breadcrumb\":{\"@id\":\"https:\\\/\\\/kamagra-official.to\\\/privacy-policy\\\/#breadcrumb\"},\"inLanguage\":\"it-IT\",\"potentialAction\":[{\"@type\":\"ReadAction\",\"target\":[\"https:\\\/\\\/kamagra-official.to\\\/privacy-policy\\\/\"]}]},{\"@type\":\"BreadcrumbList\",\"@id\":\"https:\\\/\\\/kamagra-official.to\\\/privacy-policy\\\/#breadcrumb\",\"itemListElement\":[{\"@type\":\"ListItem\",\"position\":1,\"name\":\"Home\",\"item\":\"https:\\\/\\\/kamagra-official.to\\\/nl\\\/\"},{\"@type\":\"ListItem\",\"position\":2,\"name\":\"Politica sulla Privacy\"}]},{\"@type\":\"WebSite\",\"@id\":\"https:\\\/\\\/kamagra-official.to\\\/#website\",\"url\":\"https:\\\/\\\/kamagra-official.to\\\/\",\"name\":\"kamagra-official.to\",\"description\":\"Revitalize Your Sexual Energy Across Europe\",\"publisher\":{\"@id\":\"https:\\\/\\\/kamagra-official.to\\\/#organization\"},\"potentialAction\":[{\"@type\":\"SearchAction\",\"target\":{\"@type\":\"EntryPoint\",\"urlTemplate\":\"https:\\\/\\\/kamagra-official.to\\\/?s={search_term_string}\"},\"query-input\":{\"@type\":\"PropertyValueSpecification\",\"valueRequired\":true,\"valueName\":\"search_term_string\"}}],\"inLanguage\":\"it-IT\"},{\"@type\":\"Organization\",\"@id\":\"https:\\\/\\\/kamagra-official.to\\\/#organization\",\"name\":\"kamagra-official.to\",\"url\":\"https:\\\/\\\/kamagra-official.to\\\/\",\"logo\":{\"@type\":\"ImageObject\",\"inLanguage\":\"it-IT\",\"@id\":\"https:\\\/\\\/kamagra-official.to\\\/#\\\/schema\\\/logo\\\/image\\\/\",\"url\":\"https:\\\/\\\/kamagra-official.to\\\/wp-content\\\/uploads\\\/2025\\\/02\\\/KAMAGRA-Photoroom-1.png\",\"contentUrl\":\"https:\\\/\\\/kamagra-official.to\\\/wp-content\\\/uploads\\\/2025\\\/02\\\/KAMAGRA-Photoroom-1.png\",\"width\":150,\"height\":153,\"caption\":\"kamagra-official.to\"},\"image\":{\"@id\":\"https:\\\/\\\/kamagra-official.to\\\/#\\\/schema\\\/logo\\\/image\\\/\"}}]}<\/script>\n<!-- \/ Yoast SEO plugin. -->","yoast_head_json":{"title":"Politica sulla Privacy - kamagra-official.to","robots":{"index":"index","follow":"follow","max-snippet":"max-snippet:-1","max-image-preview":"max-image-preview:large","max-video-preview":"max-video-preview:-1"},"canonical":"https:\/\/kamagra-official.to\/privacy-policy\/","og_locale":"it_IT","og_type":"article","og_title":"Politica sulla Privacy - kamagra-official.to","og_description":"\u00a0 Termini e Condizioni I. Disposizioni Introdotte Il gestore del negozio online \u00e8: kamagra-official.to \u2013 Ruopigenring 85, 6015 Luzern, Swerz (di seguito denominato e-shop). Tutti i rapporti contrattuali sono conclusi in conformit\u00e0 con l&#8217;ordine giuridico della Swerz. I rapporti giuridici non espressamente regolati da questi termini e condizioni sono regolati dalla Legge n. 89\/2012 Coll., [...]","og_url":"https:\/\/kamagra-official.to\/privacy-policy\/","og_site_name":"kamagra-official.to","article_modified_time":"2025-11-21T14:27:18+00:00","twitter_card":"summary_large_image","twitter_misc":{"Tempo di lettura stimato":"8 minuti"},"schema":{"@context":"https:\/\/schema.org","@graph":[{"@type":"WebPage","@id":"https:\/\/kamagra-official.to\/privacy-policy\/","url":"https:\/\/kamagra-official.to\/privacy-policy\/","name":"Politica sulla Privacy - kamagra-official.to","isPartOf":{"@id":"https:\/\/kamagra-official.to\/#website"},"datePublished":"2024-12-22T10:51:55+00:00","dateModified":"2025-11-21T14:27:18+00:00","breadcrumb":{"@id":"https:\/\/kamagra-official.to\/privacy-policy\/#breadcrumb"},"inLanguage":"it-IT","potentialAction":[{"@type":"ReadAction","target":["https:\/\/kamagra-official.to\/privacy-policy\/"]}]},{"@type":"BreadcrumbList","@id":"https:\/\/kamagra-official.to\/privacy-policy\/#breadcrumb","itemListElement":[{"@type":"ListItem","position":1,"name":"Home","item":"https:\/\/kamagra-official.to\/nl\/"},{"@type":"ListItem","position":2,"name":"Politica sulla Privacy"}]},{"@type":"WebSite","@id":"https:\/\/kamagra-official.to\/#website","url":"https:\/\/kamagra-official.to\/","name":"kamagra-official.to","description":"Revitalize Your Sexual Energy Across Europe","publisher":{"@id":"https:\/\/kamagra-official.to\/#organization"},"potentialAction":[{"@type":"SearchAction","target":{"@type":"EntryPoint","urlTemplate":"https:\/\/kamagra-official.to\/?s={search_term_string}"},"query-input":{"@type":"PropertyValueSpecification","valueRequired":true,"valueName":"search_term_string"}}],"inLanguage":"it-IT"},{"@type":"Organization","@id":"https:\/\/kamagra-official.to\/#organization","name":"kamagra-official.to","url":"https:\/\/kamagra-official.to\/","logo":{"@type":"ImageObject","inLanguage":"it-IT","@id":"https:\/\/kamagra-official.to\/#\/schema\/logo\/image\/","url":"https:\/\/kamagra-official.to\/wp-content\/uploads\/2025\/02\/KAMAGRA-Photoroom-1.png","contentUrl":"https:\/\/kamagra-official.to\/wp-content\/uploads\/2025\/02\/KAMAGRA-Photoroom-1.png","width":150,"height":153,"caption":"kamagra-official.to"},"image":{"@id":"https:\/\/kamagra-official.to\/#\/schema\/logo\/image\/"}}]}},"_links":{"self":[{"href":"https:\/\/kamagra-official.to\/it\/wp-json\/wp\/v2\/pages\/18142","targetHints":{"allow":["GET"]}}],"collection":[{"href":"https:\/\/kamagra-official.to\/it\/wp-json\/wp\/v2\/pages"}],"about":[{"href":"https:\/\/kamagra-official.to\/it\/wp-json\/wp\/v2\/types\/page"}],"author":[{"embeddable":true,"href":"https:\/\/kamagra-official.to\/it\/wp-json\/wp\/v2\/users\/1"}],"replies":[{"embeddable":true,"href":"https:\/\/kamagra-official.to\/it\/wp-json\/wp\/v2\/comments?post=18142"}],"version-history":[{"count":6,"href":"https:\/\/kamagra-official.to\/it\/wp-json\/wp\/v2\/pages\/18142\/revisions"}],"predecessor-version":[{"id":25065,"href":"https:\/\/kamagra-official.to\/it\/wp-json\/wp\/v2\/pages\/18142\/revisions\/25065"}],"wp:attachment":[{"href":"https:\/\/kamagra-official.to\/it\/wp-json\/wp\/v2\/media?parent=18142"}],"curies":[{"name":"wp","href":"https:\/\/api.w.org\/{rel}","templated":true}]}}