{"id":17758,"date":"2025-02-03T10:59:45","date_gmt":"2025-02-03T10:59:45","guid":{"rendered":"https:\/\/world-shop.info\/shipping-and-payment\/"},"modified":"2025-02-11T15:26:54","modified_gmt":"2025-02-11T15:26:54","slug":"shipping-and-payment","status":"publish","type":"page","link":"https:\/\/kamagra-official.to\/it\/shipping-and-payment\/","title":{"rendered":"Shipping and Payment"},"content":{"rendered":"\t\t<div data-elementor-type=\"wp-page\" data-elementor-id=\"17758\" class=\"elementor elementor-17758 elementor-17387\" data-elementor-post-type=\"page\">\n\t\t\t\t<div class=\"elementor-element elementor-element-e5b1460 e-flex e-con-boxed e-con e-parent\" data-id=\"e5b1460\" data-element_type=\"container\" data-e-type=\"container\">\n\t\t\t\t\t<div class=\"e-con-inner\">\n\t\t\t\t<div class=\"elementor-element elementor-element-ca36751 elementor-widget elementor-widget-spacer\" data-id=\"ca36751\" data-element_type=\"widget\" data-e-type=\"widget\" data-widget_type=\"spacer.default\">\n\t\t\t\t<div class=\"elementor-widget-container\">\n\t\t\t\t\t\t\t<div class=\"elementor-spacer\">\n\t\t\t<div class=\"elementor-spacer-inner\"><\/div>\n\t\t<\/div>\n\t\t\t\t\t\t<\/div>\n\t\t\t\t<\/div>\n\t\t\t\t\t<\/div>\n\t\t\t\t<\/div>\n\t\t<div class=\"elementor-element elementor-element-f84ae7d e-flex e-con-boxed e-con e-parent\" data-id=\"f84ae7d\" data-element_type=\"container\" data-e-type=\"container\">\n\t\t\t\t\t<div class=\"e-con-inner\">\n\t\t\t\t<div class=\"elementor-element elementor-element-9adf117 elementor-widget elementor-widget-text-editor\" data-id=\"9adf117\" data-element_type=\"widget\" data-e-type=\"widget\" data-widget_type=\"text-editor.default\">\n\t\t\t\t<div class=\"elementor-widget-container\">\n\t\t\t\t\t\t\t\t\t<!DOCTYPE html>\n<html lang=\"it\">\n<head>\n    <meta charset=\"UTF-8\">\n    <meta name=\"viewport\" content=\"width=device-width, initial-scale=1.0\">\n    <title>Spedizione in contrassegno<\/title>\n<\/head>\n<body>\n    <h2>Spedizione in contrassegno<\/h2>\n    <p>Questa sezione fornisce informazioni sulla possibilit\u00e0 di spedizione con pagamento alla consegna quando si acquista nel nostro negozio [Nome della tua azienda].<\/p>\n    \n    <h4>Possibilit\u00e0 di spedizione in contrassegno<\/h4>\n    <p>Il pagamento alla consegna \u00e8 un modo comodo per pagare la merce ordinata solo al momento della sua consegna. Questo servizio \u00e8 disponibile tramite il servizio di corriere.<\/p>\n    \n    <h4>Come funziona il contrassegno<\/h4>\n    <p>Dopo aver completato l&#8217;ordine e scelto il contrassegno come metodo di pagamento, prepareremo e spediremo il tuo pacco. Alla consegna della merce, pagherai il corriere in contanti o con carta, a seconda delle tue preferenze.<\/p>\n    \n    <h4>Tempi di consegna<\/h4>\n    <p>Il tempo di consegna per il pagamento alla consegna di solito varia da 2 a 5 giorni lavorativi a seconda della tua localit\u00e0.<\/p>\n   \n    <h4>Vantaggi del contrassegno<\/h4>\n    <ul>\n        <li><strong>Comodit\u00e0<\/strong> &#8211; Paga solo al momento della ricezione della merce.<\/li>\n        <li><strong>Sicurezza<\/strong> &#8211; Non \u00e8 necessario fornire i dettagli di pagamento online.<\/li>\n        <li><strong>Flexibilit\u00e0<\/strong> &#8211; Possibilit\u00e0 di pagare in contanti o con carta alla consegna.<\/li>\n    <\/ul>\n    \n    <h4>Contattaci<\/h4>\n    <p>Se hai domande sulla spedizione in contrassegno, non esitare a contattarci a: [Indirizzo e-mail di contatto].<\/p>\n<\/body>\n<\/html>\t\t\t\t\t\t\t\t<\/div>\n\t\t\t\t<\/div>\n\t\t\t\t\t<\/div>\n\t\t\t\t<\/div>\n\t\t\t\t<\/div>\n\t\t","protected":false},"excerpt":{"rendered":"<p>Spedizione in contrassegno Spedizione in contrassegno Questa sezione fornisce informazioni sulla possibilit\u00e0 di spedizione con pagamento alla consegna quando si acquista nel nostro negozio [Nome della tua azienda]. Possibilit\u00e0 di spedizione in contrassegno Il pagamento alla consegna \u00e8 un modo comodo per pagare la merce ordinata solo al momento della sua consegna. Questo servizio \u00e8 [&#8230;]\n","protected":false},"author":1,"featured_media":0,"parent":0,"menu_order":0,"comment_status":"closed","ping_status":"closed","template":"","meta":{"footnotes":""},"class_list":["post-17758","page","type-page","status-publish","hentry"],"yoast_head":"<!-- This site is optimized with the Yoast SEO plugin v27.5 - https:\/\/yoast.com\/product\/yoast-seo-wordpress\/ -->\n<title>Shipping and Payment - kamagra-official.to<\/title>\n<meta name=\"robots\" content=\"index, follow, max-snippet:-1, max-image-preview:large, max-video-preview:-1\" \/>\n<link rel=\"canonical\" href=\"https:\/\/kamagra-official.to\/shipping-and-payment\/\" \/>\n<meta property=\"og:locale\" content=\"it_IT\" \/>\n<meta property=\"og:type\" content=\"article\" \/>\n<meta property=\"og:title\" content=\"Shipping and Payment - kamagra-official.to\" \/>\n<meta property=\"og:description\" content=\"Spedizione in contrassegno Spedizione in contrassegno Questa sezione fornisce informazioni sulla possibilit\u00e0 di spedizione con pagamento alla consegna quando si acquista nel nostro negozio [Nome della tua azienda]. Possibilit\u00e0 di spedizione in contrassegno Il pagamento alla consegna \u00e8 un modo comodo per pagare la merce ordinata solo al momento della sua consegna. Questo servizio \u00e8 [...]\" \/>\n<meta property=\"og:url\" content=\"https:\/\/kamagra-official.to\/shipping-and-payment\/\" \/>\n<meta property=\"og:site_name\" content=\"kamagra-official.to\" \/>\n<meta property=\"article:modified_time\" content=\"2025-02-11T15:26:54+00:00\" \/>\n<meta name=\"twitter:card\" content=\"summary_large_image\" \/>\n<meta name=\"twitter:label1\" content=\"Tempo di lettura stimato\" \/>\n\t<meta name=\"twitter:data1\" content=\"1 minuto\" \/>\n<script type=\"application\/ld+json\" class=\"yoast-schema-graph\">{\"@context\":\"https:\\\/\\\/schema.org\",\"@graph\":[{\"@type\":\"WebPage\",\"@id\":\"https:\\\/\\\/kamagra-official.to\\\/shipping-and-payment\\\/\",\"url\":\"https:\\\/\\\/kamagra-official.to\\\/shipping-and-payment\\\/\",\"name\":\"Shipping and Payment - kamagra-official.to\",\"isPartOf\":{\"@id\":\"https:\\\/\\\/kamagra-official.to\\\/#website\"},\"datePublished\":\"2025-02-03T10:59:45+00:00\",\"dateModified\":\"2025-02-11T15:26:54+00:00\",\"breadcrumb\":{\"@id\":\"https:\\\/\\\/kamagra-official.to\\\/shipping-and-payment\\\/#breadcrumb\"},\"inLanguage\":\"it-IT\",\"potentialAction\":[{\"@type\":\"ReadAction\",\"target\":[\"https:\\\/\\\/kamagra-official.to\\\/shipping-and-payment\\\/\"]}]},{\"@type\":\"BreadcrumbList\",\"@id\":\"https:\\\/\\\/kamagra-official.to\\\/shipping-and-payment\\\/#breadcrumb\",\"itemListElement\":[{\"@type\":\"ListItem\",\"position\":1,\"name\":\"Home\",\"item\":\"https:\\\/\\\/kamagra-official.to\\\/nl\\\/\"},{\"@type\":\"ListItem\",\"position\":2,\"name\":\"Shipping and Payment\"}]},{\"@type\":\"WebSite\",\"@id\":\"https:\\\/\\\/kamagra-official.to\\\/#website\",\"url\":\"https:\\\/\\\/kamagra-official.to\\\/\",\"name\":\"kamagra-official.to\",\"description\":\"Revitalize Your Sexual Energy Across Europe\",\"publisher\":{\"@id\":\"https:\\\/\\\/kamagra-official.to\\\/#organization\"},\"potentialAction\":[{\"@type\":\"SearchAction\",\"target\":{\"@type\":\"EntryPoint\",\"urlTemplate\":\"https:\\\/\\\/kamagra-official.to\\\/?s={search_term_string}\"},\"query-input\":{\"@type\":\"PropertyValueSpecification\",\"valueRequired\":true,\"valueName\":\"search_term_string\"}}],\"inLanguage\":\"it-IT\"},{\"@type\":\"Organization\",\"@id\":\"https:\\\/\\\/kamagra-official.to\\\/#organization\",\"name\":\"kamagra-official.to\",\"url\":\"https:\\\/\\\/kamagra-official.to\\\/\",\"logo\":{\"@type\":\"ImageObject\",\"inLanguage\":\"it-IT\",\"@id\":\"https:\\\/\\\/kamagra-official.to\\\/#\\\/schema\\\/logo\\\/image\\\/\",\"url\":\"https:\\\/\\\/kamagra-official.to\\\/wp-content\\\/uploads\\\/2025\\\/02\\\/KAMAGRA-Photoroom-1.png\",\"contentUrl\":\"https:\\\/\\\/kamagra-official.to\\\/wp-content\\\/uploads\\\/2025\\\/02\\\/KAMAGRA-Photoroom-1.png\",\"width\":150,\"height\":153,\"caption\":\"kamagra-official.to\"},\"image\":{\"@id\":\"https:\\\/\\\/kamagra-official.to\\\/#\\\/schema\\\/logo\\\/image\\\/\"}}]}<\/script>\n<!-- \/ Yoast SEO plugin. -->","yoast_head_json":{"title":"Shipping and Payment - kamagra-official.to","robots":{"index":"index","follow":"follow","max-snippet":"max-snippet:-1","max-image-preview":"max-image-preview:large","max-video-preview":"max-video-preview:-1"},"canonical":"https:\/\/kamagra-official.to\/shipping-and-payment\/","og_locale":"it_IT","og_type":"article","og_title":"Shipping and Payment - kamagra-official.to","og_description":"Spedizione in contrassegno Spedizione in contrassegno Questa sezione fornisce informazioni sulla possibilit\u00e0 di spedizione con pagamento alla consegna quando si acquista nel nostro negozio [Nome della tua azienda]. Possibilit\u00e0 di spedizione in contrassegno Il pagamento alla consegna \u00e8 un modo comodo per pagare la merce ordinata solo al momento della sua consegna. Questo servizio \u00e8 [...]","og_url":"https:\/\/kamagra-official.to\/shipping-and-payment\/","og_site_name":"kamagra-official.to","article_modified_time":"2025-02-11T15:26:54+00:00","twitter_card":"summary_large_image","twitter_misc":{"Tempo di lettura stimato":"1 minuto"},"schema":{"@context":"https:\/\/schema.org","@graph":[{"@type":"WebPage","@id":"https:\/\/kamagra-official.to\/shipping-and-payment\/","url":"https:\/\/kamagra-official.to\/shipping-and-payment\/","name":"Shipping and Payment - kamagra-official.to","isPartOf":{"@id":"https:\/\/kamagra-official.to\/#website"},"datePublished":"2025-02-03T10:59:45+00:00","dateModified":"2025-02-11T15:26:54+00:00","breadcrumb":{"@id":"https:\/\/kamagra-official.to\/shipping-and-payment\/#breadcrumb"},"inLanguage":"it-IT","potentialAction":[{"@type":"ReadAction","target":["https:\/\/kamagra-official.to\/shipping-and-payment\/"]}]},{"@type":"BreadcrumbList","@id":"https:\/\/kamagra-official.to\/shipping-and-payment\/#breadcrumb","itemListElement":[{"@type":"ListItem","position":1,"name":"Home","item":"https:\/\/kamagra-official.to\/nl\/"},{"@type":"ListItem","position":2,"name":"Shipping and Payment"}]},{"@type":"WebSite","@id":"https:\/\/kamagra-official.to\/#website","url":"https:\/\/kamagra-official.to\/","name":"kamagra-official.to","description":"Revitalize Your Sexual Energy Across Europe","publisher":{"@id":"https:\/\/kamagra-official.to\/#organization"},"potentialAction":[{"@type":"SearchAction","target":{"@type":"EntryPoint","urlTemplate":"https:\/\/kamagra-official.to\/?s={search_term_string}"},"query-input":{"@type":"PropertyValueSpecification","valueRequired":true,"valueName":"search_term_string"}}],"inLanguage":"it-IT"},{"@type":"Organization","@id":"https:\/\/kamagra-official.to\/#organization","name":"kamagra-official.to","url":"https:\/\/kamagra-official.to\/","logo":{"@type":"ImageObject","inLanguage":"it-IT","@id":"https:\/\/kamagra-official.to\/#\/schema\/logo\/image\/","url":"https:\/\/kamagra-official.to\/wp-content\/uploads\/2025\/02\/KAMAGRA-Photoroom-1.png","contentUrl":"https:\/\/kamagra-official.to\/wp-content\/uploads\/2025\/02\/KAMAGRA-Photoroom-1.png","width":150,"height":153,"caption":"kamagra-official.to"},"image":{"@id":"https:\/\/kamagra-official.to\/#\/schema\/logo\/image\/"}}]}},"_links":{"self":[{"href":"https:\/\/kamagra-official.to\/it\/wp-json\/wp\/v2\/pages\/17758","targetHints":{"allow":["GET"]}}],"collection":[{"href":"https:\/\/kamagra-official.to\/it\/wp-json\/wp\/v2\/pages"}],"about":[{"href":"https:\/\/kamagra-official.to\/it\/wp-json\/wp\/v2\/types\/page"}],"author":[{"embeddable":true,"href":"https:\/\/kamagra-official.to\/it\/wp-json\/wp\/v2\/users\/1"}],"replies":[{"embeddable":true,"href":"https:\/\/kamagra-official.to\/it\/wp-json\/wp\/v2\/comments?post=17758"}],"version-history":[{"count":3,"href":"https:\/\/kamagra-official.to\/it\/wp-json\/wp\/v2\/pages\/17758\/revisions"}],"predecessor-version":[{"id":18474,"href":"https:\/\/kamagra-official.to\/it\/wp-json\/wp\/v2\/pages\/17758\/revisions\/18474"}],"wp:attachment":[{"href":"https:\/\/kamagra-official.to\/it\/wp-json\/wp\/v2\/media?parent=17758"}],"curies":[{"name":"wp","href":"https:\/\/api.w.org\/{rel}","templated":true}]}}