{"id":24795,"date":"2024-12-15T23:50:14","date_gmt":"2024-12-15T23:50:14","guid":{"rendered":"https:\/\/kamagra-official.to\/product\/kamagra-oral-jelly-100mg\/"},"modified":"2026-01-19T17:05:27","modified_gmt":"2026-01-19T17:05:27","slug":"kamagra-oral-jelly-100mg","status":"publish","type":"product","link":"https:\/\/kamagra-official.to\/fr\/product\/kamagra-oral-jelly-100mg\/","title":{"rendered":"Kamagra Oral Jelly 100mg"},"content":{"rendered":"<p><strong>Kamagra Oral Jelly \u2013 Un soutien d\u00e9licieux et rapide pour une intimit\u00e9 inoubliable !<\/strong><br \/>\nKamagra Oral Jelly 100mg est con\u00e7u pour traiter la dysfonction \u00e9rectile et stimuler les performances sexuelles. Ce produit se pr\u00e9sente sous forme de gel facile \u00e0 utiliser qui se dissout dans la bouche pour une absorption rapide. Chaque bo\u00eete contient des sachets de gel aromatis\u00e9s aux fruits, chaque sachet fournissant 100 mg de sild\u00e9nafil, le m\u00eame ingr\u00e9dient de confiance que l&rsquo;on trouve dans le Viagra.<\/p>\n<p>Le sild\u00e9nafil est une substance cliniquement prouv\u00e9e qui augmente le flux sanguin vers le p\u00e9nis, rendant ainsi possible l&rsquo;obtention et le maintien d&rsquo;une \u00e9rection solide avec une stimulation sexuelle. Les effets durent plusieurs heures. Dans chaque bo\u00eete, vous trouverez 7 sachets avec des saveurs fruit\u00e9es vari\u00e9es. Faites le premier pas vers une vie sexuelle plus \u00e9panouissante : essayez Kamagra Oral Jelly d\u00e8s aujourd&rsquo;hui !<\/p>\n<hr \/>\n<h3><strong>Avantages du Kamagra Oral Jelly<\/strong><\/h3>\n<p><strong>Effet rapide :<\/strong> Le format en gel permet une absorption rapide, donc vous ressentez l&rsquo;effet beaucoup plus rapidement qu&rsquo;avec des comprim\u00e9s traditionnels.<br \/>\n<strong>Administration facile :<\/strong> Il suffit de presser le gel dans votre bouche et de le laisser se dissoudre : c&rsquo;est beaucoup plus agr\u00e9able que d&rsquo;avaler des pilules r\u00e9guli\u00e8res et il n&rsquo;y a pas besoin d&rsquo;eau.<br \/>\n<strong>Options de saveurs fruit\u00e9es :<\/strong> Des saveurs d\u00e9licieuses masquent le go\u00fbt naturel du sild\u00e9nafil.<br \/>\n<strong>Effets secondaires minimes :<\/strong> Lorsqu&rsquo;utilis\u00e9 comme pr\u00e9vu, Kamagra Oral Jelly est s\u00fbr et g\u00e9n\u00e9ralement bien tol\u00e9r\u00e9.<\/p>\n<hr \/>\n<h3><strong>Posologie recommand\u00e9e<\/strong><\/h3>\n<p>La dose id\u00e9ale est la moiti\u00e9 d&rsquo;un sachet de Kamagra Oral Jelly 15-30 minutes avant l&rsquo;activit\u00e9 sexuelle. Pressez le gel dans votre bouche et laissez-le se dissoudre rapidement. Si l&rsquo;effet est insuffisant, la moiti\u00e9 restante peut \u00eatre utilis\u00e9e. Ne prenez jamais plus d&rsquo;un sachet par jour.<\/p>\n<hr \/>\n<h3><strong>Temps d&rsquo;efficacit\u00e9<\/strong><\/h3>\n<p>Les effets commencent g\u00e9n\u00e9ralement dans les 15-30 minutes et durent jusqu&rsquo;\u00e0 4 heures. N&rsquo;oubliez pas, une stimulation sexuelle est requise, car Kamagra Oral Jelly n&rsquo;est pas un aphrodisiaque. Consultez un m\u00e9decin si une \u00e9rection dure plus de 4 heures.<\/p>\n<hr \/>\n<h3><strong>Interactions avec l&rsquo;alcool et la nourriture<\/strong><\/h3>\n<p>L&rsquo;alcool n&rsquo;est pas recommand\u00e9 car il peut r\u00e9duire consid\u00e9rablement l&rsquo;efficacit\u00e9. De m\u00eame, les aliments lourds ou gras peuvent retarder l&rsquo;apparition des effets.<\/p>\n<hr \/>\n<h3><strong>Interactions m\u00e9dicamenteuses<\/strong><\/h3>\n<p>Si vous prenez d&rsquo;autres m\u00e9dicaments, parlez-en \u00e0 votre m\u00e9decin avant d&rsquo;utiliser Kamagra Oral Jelly, en particulier des m\u00e9dicaments comme le <strong>Cim\u00e9tidine, le Ketoconazole ou l&rsquo;Erythromycine<\/strong>. Certains m\u00e9dicaments peuvent r\u00e9duire l&rsquo;efficacit\u00e9 ou provoquer des effets ind\u00e9sirables.<\/p>\n<hr \/>\n<h3><strong>Effets secondaires possibles<\/strong><\/h3>\n<p>Les effets secondaires sont g\u00e9n\u00e9ralement l\u00e9gers et temporaires. Les plus courants :<\/p>\n<ul>\n<li>Rougeurs du visage<\/li>\n<li>Mal de t\u00eate<\/li>\n<\/ul>\n<p>Les sympt\u00f4mes moins fr\u00e9quents peuvent inclure :<\/p>\n<ul>\n<li>Vertiges<\/li>\n<li>Vision floue<\/li>\n<li>Douleurs musculaires<\/li>\n<li>Naus\u00e9es<\/li>\n<li>Rash cutan\u00e9<\/li>\n<li>Congestion nasale<\/li>\n<\/ul>\n<p>Si vous rencontrez des effets secondaires graves ou persistants, contactez votre m\u00e9decin.<\/p>\n<hr \/>\n<h3><strong>Quand ne pas utiliser Kamagra Oral Jelly ?<\/strong><\/h3>\n<p>Ne pas utiliser si vous :<\/p>\n<ul>\n<li>Prenez des nitrates (pour les douleurs thoraciques ou l&rsquo;angine de poitrine)<\/li>\n<li>Avez subi une crise cardiaque ou un accident vasculaire c\u00e9r\u00e9bral au cours des 3 derniers mois<\/li>\n<li>Vous avez des probl\u00e8mes de pression art\u00e9rielle ou de coagulation du sang<\/li>\n<li>\u00cates allergique au sild\u00e9nafil<\/li>\n<\/ul>\n<hr \/>\n<h3><strong>Conservation<\/strong><\/h3>\n<p>Gardez Kamagra Oral Jelly dans l&#8217;emballage d&rsquo;origine, hors de la port\u00e9e des enfants. Conservez \u00e0 une temp\u00e9rature de <strong>10\u201330\u00b0C<\/strong> dans un endroit sec, \u00e0 l&rsquo;abri de la lumi\u00e8re directe du soleil.<\/p>\n","protected":false},"excerpt":{"rendered":"<p><strong>100 mg Sildenafil<\/strong><\/p>\n<p>Ce paquet contient 7 sachets de gel, chacun avec 100 mg de sild\u00e9nafil. La forme de gel pratique et savoureuse permet une absorption rapide et une utilisation facile &#8211; il suffit de presser un sachet dans votre bouche pour un soutien rapide et discret avec les probl\u00e8mes \u00e9rectiles. Parfait pour les hommes qui veulent des r\u00e9sultats efficaces et fiables avec une saveur agr\u00e9able.<\/p>\n","protected":false},"featured_media":23756,"template":"","meta":[],"product_brand":[],"product_cat":[122,166,217,144,158,167,120,159,168],"product_tag":[],"class_list":{"0":"post-24795","1":"product","2":"type-product","3":"status-publish","4":"has-post-thumbnail","6":"product_cat-cialis-generique","7":"product_cat-comprimes-de-kamagra","8":"product_cat-kamagra-fr","9":"product_cat-levitra-generique","10":"product_cat-retard-de-lejaculation","11":"product_cat-soutien-de-lerection","12":"product_cat-viagra-generique","13":"product_cat-viagra-pour-les-femmes-nous-savons-tout-sur-cette-miraculeuse-pilule-rose-pour-les-femmes","14":"product_cat-viagra-sans-ordonnance","16":"first","17":"instock","18":"shipping-taxable","19":"purchasable","20":"product-type-simple"},"yoast_head":"<!-- This site is optimized with the Yoast SEO plugin v27.5 - https:\/\/yoast.com\/product\/yoast-seo-wordpress\/ -->\n<title>Kamagra Oral Jelly 100mg - Traitement de la dysfonction \u00e9rectile kamagra-official.to<\/title>\n<meta name=\"description\" content=\"Kamagra Oral Jelly 100mg est un traitement efficace pour la dysfonction \u00e9rectile (DE). Ce m\u00e9dicament contient du sildenafil et est disponible sous forme de jelly. Assurez-vous de consulter un m\u00e9decin avant son utilisation.\" \/>\n<meta name=\"robots\" content=\"index, follow, max-snippet:-1, max-image-preview:large, max-video-preview:-1\" \/>\n<link rel=\"canonical\" href=\"https:\/\/kamagra-official.to\/fr\/product\/kamagra-oral-jelly-100mg\/\" \/>\n<meta property=\"og:locale\" content=\"fr_FR\" \/>\n<meta property=\"og:type\" content=\"article\" \/>\n<meta property=\"og:title\" content=\"Kamagra Oral Jelly 100mg - Traitement de la dysfonction \u00e9rectile kamagra-official.to\" \/>\n<meta property=\"og:description\" content=\"Kamagra Oral Jelly 100mg est un traitement efficace pour la dysfonction \u00e9rectile (DE). Ce m\u00e9dicament contient du sildenafil et est disponible sous forme de jelly. Assurez-vous de consulter un m\u00e9decin avant son utilisation.\" \/>\n<meta property=\"og:url\" content=\"https:\/\/kamagra-official.to\/fr\/product\/kamagra-oral-jelly-100mg\/\" \/>\n<meta property=\"og:site_name\" content=\"kamagra-official.to\" \/>\n<meta property=\"article:modified_time\" content=\"2026-01-19T17:05:27+00:00\" \/>\n<meta property=\"og:image\" content=\"https:\/\/kamagra-official.to\/wp-content\/uploads\/2025\/09\/kamagra-oral-jelly-768x768-1.jpg\" \/>\n\t<meta property=\"og:image:width\" content=\"768\" \/>\n\t<meta property=\"og:image:height\" content=\"768\" \/>\n\t<meta property=\"og:image:type\" content=\"image\/jpeg\" \/>\n<meta name=\"twitter:card\" content=\"summary_large_image\" \/>\n<meta name=\"twitter:label1\" content=\"Dur\u00e9e de lecture estim\u00e9e\" \/>\n\t<meta name=\"twitter:data1\" content=\"3 minutes\" \/>\n<script type=\"application\/ld+json\" class=\"yoast-schema-graph\">{\"@context\":\"https:\\\/\\\/schema.org\",\"@graph\":[{\"@type\":\"WebPage\",\"@id\":\"https:\\\/\\\/kamagra-official.to\\\/fr\\\/product\\\/kamagra-oral-jelly-100mg\\\/\",\"url\":\"https:\\\/\\\/kamagra-official.to\\\/fr\\\/product\\\/kamagra-oral-jelly-100mg\\\/\",\"name\":\"Kamagra Oral Jelly 100mg - Traitement de la dysfonction \u00e9rectile kamagra-official.to\",\"isPartOf\":{\"@id\":\"https:\\\/\\\/kamagra-official.to\\\/#website\"},\"primaryImageOfPage\":{\"@id\":\"https:\\\/\\\/kamagra-official.to\\\/fr\\\/product\\\/kamagra-oral-jelly-100mg\\\/#primaryimage\"},\"image\":{\"@id\":\"https:\\\/\\\/kamagra-official.to\\\/fr\\\/product\\\/kamagra-oral-jelly-100mg\\\/#primaryimage\"},\"thumbnailUrl\":\"https:\\\/\\\/kamagra-official.to\\\/wp-content\\\/uploads\\\/2025\\\/09\\\/kamagra-oral-jelly-768x768-1.jpg\",\"datePublished\":\"2024-12-15T23:50:14+00:00\",\"dateModified\":\"2026-01-19T17:05:27+00:00\",\"description\":\"Kamagra Oral Jelly 100mg est un traitement efficace pour la dysfonction \u00e9rectile (DE). Ce m\u00e9dicament contient du sildenafil et est disponible sous forme de jelly. Assurez-vous de consulter un m\u00e9decin avant son utilisation.\",\"breadcrumb\":{\"@id\":\"https:\\\/\\\/kamagra-official.to\\\/fr\\\/product\\\/kamagra-oral-jelly-100mg\\\/#breadcrumb\"},\"inLanguage\":\"fr-FR\",\"potentialAction\":[{\"@type\":\"ReadAction\",\"target\":[\"https:\\\/\\\/kamagra-official.to\\\/fr\\\/product\\\/kamagra-oral-jelly-100mg\\\/\"]}]},{\"@type\":\"ImageObject\",\"inLanguage\":\"fr-FR\",\"@id\":\"https:\\\/\\\/kamagra-official.to\\\/fr\\\/product\\\/kamagra-oral-jelly-100mg\\\/#primaryimage\",\"url\":\"https:\\\/\\\/kamagra-official.to\\\/wp-content\\\/uploads\\\/2025\\\/09\\\/kamagra-oral-jelly-768x768-1.jpg\",\"contentUrl\":\"https:\\\/\\\/kamagra-official.to\\\/wp-content\\\/uploads\\\/2025\\\/09\\\/kamagra-oral-jelly-768x768-1.jpg\",\"width\":768,\"height\":768},{\"@type\":\"BreadcrumbList\",\"@id\":\"https:\\\/\\\/kamagra-official.to\\\/fr\\\/product\\\/kamagra-oral-jelly-100mg\\\/#breadcrumb\",\"itemListElement\":[{\"@type\":\"ListItem\",\"position\":1,\"name\":\"Home\",\"item\":\"https:\\\/\\\/kamagra-official.to\\\/nl\\\/\"},{\"@type\":\"ListItem\",\"position\":2,\"name\":\"Shop\",\"item\":\"https:\\\/\\\/kamagra-official.to\\\/shop\\\/\"},{\"@type\":\"ListItem\",\"position\":3,\"name\":\"Kamagra Oral Jelly 100mg\"}]},{\"@type\":\"WebSite\",\"@id\":\"https:\\\/\\\/kamagra-official.to\\\/#website\",\"url\":\"https:\\\/\\\/kamagra-official.to\\\/\",\"name\":\"kamagra-official.to\",\"description\":\"Revitalize Your Sexual Energy Across Europe\",\"publisher\":{\"@id\":\"https:\\\/\\\/kamagra-official.to\\\/#organization\"},\"potentialAction\":[{\"@type\":\"SearchAction\",\"target\":{\"@type\":\"EntryPoint\",\"urlTemplate\":\"https:\\\/\\\/kamagra-official.to\\\/?s={search_term_string}\"},\"query-input\":{\"@type\":\"PropertyValueSpecification\",\"valueRequired\":true,\"valueName\":\"search_term_string\"}}],\"inLanguage\":\"fr-FR\"},{\"@type\":\"Organization\",\"@id\":\"https:\\\/\\\/kamagra-official.to\\\/#organization\",\"name\":\"kamagra-official.to\",\"url\":\"https:\\\/\\\/kamagra-official.to\\\/\",\"logo\":{\"@type\":\"ImageObject\",\"inLanguage\":\"fr-FR\",\"@id\":\"https:\\\/\\\/kamagra-official.to\\\/#\\\/schema\\\/logo\\\/image\\\/\",\"url\":\"https:\\\/\\\/kamagra-official.to\\\/wp-content\\\/uploads\\\/2025\\\/02\\\/KAMAGRA-Photoroom-1.png\",\"contentUrl\":\"https:\\\/\\\/kamagra-official.to\\\/wp-content\\\/uploads\\\/2025\\\/02\\\/KAMAGRA-Photoroom-1.png\",\"width\":150,\"height\":153,\"caption\":\"kamagra-official.to\"},\"image\":{\"@id\":\"https:\\\/\\\/kamagra-official.to\\\/#\\\/schema\\\/logo\\\/image\\\/\"}}]}<\/script>\n<!-- \/ Yoast SEO plugin. -->","yoast_head_json":{"title":"Kamagra Oral Jelly 100mg - Traitement de la dysfonction \u00e9rectile kamagra-official.to","description":"Kamagra Oral Jelly 100mg est un traitement efficace pour la dysfonction \u00e9rectile (DE). Ce m\u00e9dicament contient du sildenafil et est disponible sous forme de jelly. Assurez-vous de consulter un m\u00e9decin avant son utilisation.","robots":{"index":"index","follow":"follow","max-snippet":"max-snippet:-1","max-image-preview":"max-image-preview:large","max-video-preview":"max-video-preview:-1"},"canonical":"https:\/\/kamagra-official.to\/fr\/product\/kamagra-oral-jelly-100mg\/","og_locale":"fr_FR","og_type":"article","og_title":"Kamagra Oral Jelly 100mg - Traitement de la dysfonction \u00e9rectile kamagra-official.to","og_description":"Kamagra Oral Jelly 100mg est un traitement efficace pour la dysfonction \u00e9rectile (DE). Ce m\u00e9dicament contient du sildenafil et est disponible sous forme de jelly. Assurez-vous de consulter un m\u00e9decin avant son utilisation.","og_url":"https:\/\/kamagra-official.to\/fr\/product\/kamagra-oral-jelly-100mg\/","og_site_name":"kamagra-official.to","article_modified_time":"2026-01-19T17:05:27+00:00","og_image":[{"width":768,"height":768,"url":"https:\/\/kamagra-official.to\/wp-content\/uploads\/2025\/09\/kamagra-oral-jelly-768x768-1.jpg","type":"image\/jpeg"}],"twitter_card":"summary_large_image","twitter_misc":{"Dur\u00e9e de lecture estim\u00e9e":"3 minutes"},"schema":{"@context":"https:\/\/schema.org","@graph":[{"@type":"WebPage","@id":"https:\/\/kamagra-official.to\/fr\/product\/kamagra-oral-jelly-100mg\/","url":"https:\/\/kamagra-official.to\/fr\/product\/kamagra-oral-jelly-100mg\/","name":"Kamagra Oral Jelly 100mg - Traitement de la dysfonction \u00e9rectile kamagra-official.to","isPartOf":{"@id":"https:\/\/kamagra-official.to\/#website"},"primaryImageOfPage":{"@id":"https:\/\/kamagra-official.to\/fr\/product\/kamagra-oral-jelly-100mg\/#primaryimage"},"image":{"@id":"https:\/\/kamagra-official.to\/fr\/product\/kamagra-oral-jelly-100mg\/#primaryimage"},"thumbnailUrl":"https:\/\/kamagra-official.to\/wp-content\/uploads\/2025\/09\/kamagra-oral-jelly-768x768-1.jpg","datePublished":"2024-12-15T23:50:14+00:00","dateModified":"2026-01-19T17:05:27+00:00","description":"Kamagra Oral Jelly 100mg est un traitement efficace pour la dysfonction \u00e9rectile (DE). Ce m\u00e9dicament contient du sildenafil et est disponible sous forme de jelly. Assurez-vous de consulter un m\u00e9decin avant son utilisation.","breadcrumb":{"@id":"https:\/\/kamagra-official.to\/fr\/product\/kamagra-oral-jelly-100mg\/#breadcrumb"},"inLanguage":"fr-FR","potentialAction":[{"@type":"ReadAction","target":["https:\/\/kamagra-official.to\/fr\/product\/kamagra-oral-jelly-100mg\/"]}]},{"@type":"ImageObject","inLanguage":"fr-FR","@id":"https:\/\/kamagra-official.to\/fr\/product\/kamagra-oral-jelly-100mg\/#primaryimage","url":"https:\/\/kamagra-official.to\/wp-content\/uploads\/2025\/09\/kamagra-oral-jelly-768x768-1.jpg","contentUrl":"https:\/\/kamagra-official.to\/wp-content\/uploads\/2025\/09\/kamagra-oral-jelly-768x768-1.jpg","width":768,"height":768},{"@type":"BreadcrumbList","@id":"https:\/\/kamagra-official.to\/fr\/product\/kamagra-oral-jelly-100mg\/#breadcrumb","itemListElement":[{"@type":"ListItem","position":1,"name":"Home","item":"https:\/\/kamagra-official.to\/nl\/"},{"@type":"ListItem","position":2,"name":"Shop","item":"https:\/\/kamagra-official.to\/shop\/"},{"@type":"ListItem","position":3,"name":"Kamagra Oral Jelly 100mg"}]},{"@type":"WebSite","@id":"https:\/\/kamagra-official.to\/#website","url":"https:\/\/kamagra-official.to\/","name":"kamagra-official.to","description":"Revitalize Your Sexual Energy Across Europe","publisher":{"@id":"https:\/\/kamagra-official.to\/#organization"},"potentialAction":[{"@type":"SearchAction","target":{"@type":"EntryPoint","urlTemplate":"https:\/\/kamagra-official.to\/?s={search_term_string}"},"query-input":{"@type":"PropertyValueSpecification","valueRequired":true,"valueName":"search_term_string"}}],"inLanguage":"fr-FR"},{"@type":"Organization","@id":"https:\/\/kamagra-official.to\/#organization","name":"kamagra-official.to","url":"https:\/\/kamagra-official.to\/","logo":{"@type":"ImageObject","inLanguage":"fr-FR","@id":"https:\/\/kamagra-official.to\/#\/schema\/logo\/image\/","url":"https:\/\/kamagra-official.to\/wp-content\/uploads\/2025\/02\/KAMAGRA-Photoroom-1.png","contentUrl":"https:\/\/kamagra-official.to\/wp-content\/uploads\/2025\/02\/KAMAGRA-Photoroom-1.png","width":150,"height":153,"caption":"kamagra-official.to"},"image":{"@id":"https:\/\/kamagra-official.to\/#\/schema\/logo\/image\/"}}]}},"_links":{"self":[{"href":"https:\/\/kamagra-official.to\/fr\/wp-json\/wp\/v2\/product\/24795","targetHints":{"allow":["GET"]}}],"collection":[{"href":"https:\/\/kamagra-official.to\/fr\/wp-json\/wp\/v2\/product"}],"about":[{"href":"https:\/\/kamagra-official.to\/fr\/wp-json\/wp\/v2\/types\/product"}],"wp:featuredmedia":[{"embeddable":true,"href":"https:\/\/kamagra-official.to\/fr\/wp-json\/wp\/v2\/media\/23756"}],"wp:attachment":[{"href":"https:\/\/kamagra-official.to\/fr\/wp-json\/wp\/v2\/media?parent=24795"}],"wp:term":[{"taxonomy":"product_brand","embeddable":true,"href":"https:\/\/kamagra-official.to\/fr\/wp-json\/wp\/v2\/product_brand?post=24795"},{"taxonomy":"product_cat","embeddable":true,"href":"https:\/\/kamagra-official.to\/fr\/wp-json\/wp\/v2\/product_cat?post=24795"},{"taxonomy":"product_tag","embeddable":true,"href":"https:\/\/kamagra-official.to\/fr\/wp-json\/wp\/v2\/product_tag?post=24795"}],"curies":[{"name":"wp","href":"https:\/\/api.w.org\/{rel}","templated":true}]}}