{"id":24765,"date":"2024-12-16T01:10:06","date_gmt":"2024-12-16T01:10:06","guid":{"rendered":"https:\/\/kamagra-official.to\/product\/cenforce-200mg\/"},"modified":"2026-01-19T17:03:06","modified_gmt":"2026-01-19T17:03:06","slug":"cenforce-200mg","status":"publish","type":"product","link":"https:\/\/kamagra-official.to\/fr\/product\/cenforce-200mg\/","title":{"rendered":"Cenforce 200mg"},"content":{"rendered":"<h3><strong>Cenforce 200mg &#8211; Pour une exp\u00e9rience d&rsquo;\u00e9rection ultime et captivante<\/strong><\/h3>\n<p>Cenforce 200mg est un m\u00e9dicament puissant cr\u00e9\u00e9 pour les hommes qui souffrent de dysfonction \u00e9rectile et ont besoin d&rsquo;un maximum d&rsquo;efficacit\u00e9. En tant que version g\u00e9n\u00e9rique la plus puissante de Viagra disponible, Cenforce 200mg offre une puissante dose de 200mg de citrate de sild\u00e9nafil, soit le double de la puissance trouv\u00e9e dans Kamagra standard. Le sild\u00e9nafil agit en augmentant la circulation sanguine dans le p\u00e9nis, ce qui entra\u00eene une \u00e9rection solide et durable.<\/p>\n<h3>Principaux avantages<\/h3>\n<ul>\n<li><strong>Effets fiables:<\/strong> Le sild\u00e9nafil est une solution prouv\u00e9e et de confiance pour traiter les difficult\u00e9s \u00e9rectiles.<\/li>\n<li><strong>Action longue dur\u00e9e:<\/strong> Profitez des avantages pendant <strong>4 \u00e0 6 heures<\/strong>, pour une exp\u00e9rience intime prolong\u00e9e et satisfaisante.<\/li>\n<li><strong>\u00c9rections fortes:<\/strong> Une meilleure circulation sanguine conduit \u00e0 des \u00e9rections plus fermes et plus stables, et \u00e0 des performances am\u00e9lior\u00e9es.<\/li>\n<li><strong>Confiance retrouv\u00e9e:<\/strong> Cenforce 200mg aide \u00e0 restaurer l&rsquo;assurance pendant les activit\u00e9s sexuelles.<\/li>\n<\/ul>\n<h3>Posologie recommand\u00e9e<\/h3>\n<p>Commencez avec <strong>une demi-tablette (100mg)<\/strong>. Si n\u00e9cessaire, augmentez \u00e0 une tablette compl\u00e8te (<strong>200mg<\/strong>). Ne prenez jamais plus d&rsquo;une tablette en 24 heures. Avalez la tablette avec beaucoup d&rsquo;eau.<\/p>\n<h3>Comment \u00e7a fonctionne<\/h3>\n<p>Les effets commencent environ <strong>30 \u00e0 60 minutes<\/strong> apr\u00e8s la prise de Cenforce 200mg et durent g\u00e9n\u00e9ralement environ <strong>5 heures<\/strong>. Les repas plus lourds ou tr\u00e8s gras peuvent retarder l&rsquo;apparition. Ceci n&rsquo;est pas un aphrodisiaque; l&rsquo;\u00e9veil sexuel est essentiel pour un effet optimal.<\/p>\n<h3>Cenforce 200mg et Alcool<\/h3>\n<p>\u00c9vitez d&rsquo;utiliser Cenforce 200mg avec de l&rsquo;alcool, car cela peut significativement diminuer son efficacit\u00e9. De m\u00eame, \u00e9vitez les aliments gras qui peuvent \u00e9galement affaiblir les r\u00e9sultats souhait\u00e9s.<\/p>\n<h3>Interactions avec d&rsquo;autres m\u00e9dicaments<\/h3>\n<p>Consultez votre m\u00e9decin avant d&rsquo;utiliser Cenforce 200mg avec d&rsquo;autres m\u00e9dicaments, en particulier :<\/p>\n<ul>\n<li><strong>Cim\u00e9tidine<\/strong><\/li>\n<li><strong>K\u00e9toconazole<\/strong><\/li>\n<li><strong>\u00c9rythromycine<\/strong><\/li>\n<\/ul>\n<p>Certaines combinaisons de m\u00e9dicaments peuvent diminuer l&rsquo;efficacit\u00e9 ou augmenter le risque d&rsquo;effets secondaires.<\/p>\n<h3>Effets secondaires possibles<\/h3>\n<p>Lorsqu&rsquo;il est utilis\u00e9 correctement, les effets secondaires de Cenforce 200mg sont g\u00e9n\u00e9ralement l\u00e9gers et temporaires.<\/p>\n<p><strong>Effets secondaires courants\u00a0:<\/strong><\/p>\n<ul>\n<li>Rougeur du visage<\/li>\n<li>Maux de t\u00eate<\/li>\n<\/ul>\n<p><strong>Effets secondaires moins courants :<\/strong><\/p>\n<ul>\n<li>\u00c9tourdissements<\/li>\n<li>Vision floue<\/li>\n<li>Douleurs musculaires<\/li>\n<li>Naus\u00e9es<\/li>\n<li>Congestion nasale<\/li>\n<li>\u00c9ruption cutan\u00e9e<\/li>\n<\/ul>\n<p>En cas de r\u00e9actions significatives ou d\u00e9sagr\u00e9ables, rechercher une aide m\u00e9dicale.<\/p>\n<h3>Quand ne pas utiliser Cenforce 200mg<\/h3>\n<p>N&rsquo;utilisez pas ce m\u00e9dicament si:<\/p>\n<ul>\n<li>Vous prenez des <strong>m\u00e9dicaments \u00e0 base de nitrate<\/strong> (pour les douleurs thoraciques ou l&rsquo;angine).<\/li>\n<li>Vous avez eu une <strong>crise cardiaque<\/strong> ou un <strong>AVC<\/strong> au cours des 3 \u00e0 6 derniers mois.<\/li>\n<li>Vous souffrez de <strong>troubles de la pression sanguine<\/strong> ou de <strong>la coagulation<\/strong>.<\/li>\n<li>Vous \u00eates allergique au <strong>sild\u00e9nafil<\/strong> ou \u00e0 un composant de ce produit.<\/li>\n<\/ul>\n<h3>Informations de stockage<\/h3>\n<p>Conservez Cenforce 200mg dans son emballage d&rsquo;origine, hors de port\u00e9e des enfants. Gardez-le dans un endroit sec \u00e0 une temp\u00e9rature de <strong>10 \u00e0 30\u00b0C<\/strong>, \u00e0 l&rsquo;abri de la lumi\u00e8re directe du soleil.<\/p>\n","protected":false},"excerpt":{"rendered":"<p><strong>200 mg de Sildenafil<\/strong><\/p>\n<p>Ce paquet comprend 10 comprim\u00e9s, chacun contenant une puissante dose de 200 mg de sild\u00e9nafil. Con\u00e7u pour les hommes aux probl\u00e8mes \u00e9rectiles plus difficiles, ces comprim\u00e9s offrent une force suppl\u00e9mentaire et des r\u00e9sultats fiables quand c&rsquo;est le plus n\u00e9cessaire. Le Sild\u00e9nafil 200 mg offre un emballage pratique, un support rapide et une confiance durable pour votre vie intime.<\/p>\n","protected":false},"featured_media":23822,"template":"","meta":[],"product_brand":[],"product_cat":[166,167,120,168],"product_tag":[],"class_list":{"0":"post-24765","1":"product","2":"type-product","3":"status-publish","4":"has-post-thumbnail","6":"product_cat-comprimes-de-kamagra","7":"product_cat-soutien-de-lerection","8":"product_cat-viagra-generique","9":"product_cat-viagra-sans-ordonnance","11":"first","12":"instock","13":"shipping-taxable","14":"purchasable","15":"product-type-simple"},"yoast_head":"<!-- This site is optimized with the Yoast SEO plugin v27.5 - https:\/\/yoast.com\/product\/yoast-seo-wordpress\/ -->\n<title>Cenforce 200mg - Traitement efficace de l&#039;impotence pour hommes kamagra-official.to<\/title>\n<meta name=\"description\" content=\"Cenforce 200mg est un m\u00e9dicament puissant contre l&#039;impotence pour hommes. En utilisant sildenafil, il am\u00e9liore la fonction \u00e9rectile et r\u00e9duit le risque d&#039;\u00e9chec sexuel.\" \/>\n<meta name=\"robots\" content=\"index, follow, max-snippet:-1, max-image-preview:large, max-video-preview:-1\" \/>\n<link rel=\"canonical\" href=\"https:\/\/kamagra-official.to\/fr\/product\/cenforce-200mg\/\" \/>\n<meta property=\"og:locale\" content=\"fr_FR\" \/>\n<meta property=\"og:type\" content=\"article\" \/>\n<meta property=\"og:title\" content=\"Cenforce 200mg - Traitement efficace de l&#039;impotence pour hommes kamagra-official.to\" \/>\n<meta property=\"og:description\" content=\"Cenforce 200mg est un m\u00e9dicament puissant contre l&#039;impotence pour hommes. En utilisant sildenafil, il am\u00e9liore la fonction \u00e9rectile et r\u00e9duit le risque d&#039;\u00e9chec sexuel.\" \/>\n<meta property=\"og:url\" content=\"https:\/\/kamagra-official.to\/fr\/product\/cenforce-200mg\/\" \/>\n<meta property=\"og:site_name\" content=\"kamagra-official.to\" \/>\n<meta property=\"article:modified_time\" content=\"2026-01-19T17:03:06+00:00\" \/>\n<meta property=\"og:image\" content=\"https:\/\/kamagra-official.to\/wp-content\/uploads\/2025\/09\/cenforce-200-2-768x768-1.jpg\" \/>\n\t<meta property=\"og:image:width\" content=\"768\" \/>\n\t<meta property=\"og:image:height\" content=\"768\" \/>\n\t<meta property=\"og:image:type\" content=\"image\/jpeg\" \/>\n<meta name=\"twitter:card\" content=\"summary_large_image\" \/>\n<meta name=\"twitter:label1\" content=\"Dur\u00e9e de lecture estim\u00e9e\" \/>\n\t<meta name=\"twitter:data1\" content=\"3 minutes\" \/>\n<script type=\"application\/ld+json\" class=\"yoast-schema-graph\">{\"@context\":\"https:\\\/\\\/schema.org\",\"@graph\":[{\"@type\":\"WebPage\",\"@id\":\"https:\\\/\\\/kamagra-official.to\\\/fr\\\/product\\\/cenforce-200mg\\\/\",\"url\":\"https:\\\/\\\/kamagra-official.to\\\/fr\\\/product\\\/cenforce-200mg\\\/\",\"name\":\"Cenforce 200mg - Traitement efficace de l'impotence pour hommes kamagra-official.to\",\"isPartOf\":{\"@id\":\"https:\\\/\\\/kamagra-official.to\\\/#website\"},\"primaryImageOfPage\":{\"@id\":\"https:\\\/\\\/kamagra-official.to\\\/fr\\\/product\\\/cenforce-200mg\\\/#primaryimage\"},\"image\":{\"@id\":\"https:\\\/\\\/kamagra-official.to\\\/fr\\\/product\\\/cenforce-200mg\\\/#primaryimage\"},\"thumbnailUrl\":\"https:\\\/\\\/kamagra-official.to\\\/wp-content\\\/uploads\\\/2025\\\/09\\\/cenforce-200-2-768x768-1.jpg\",\"datePublished\":\"2024-12-16T01:10:06+00:00\",\"dateModified\":\"2026-01-19T17:03:06+00:00\",\"description\":\"Cenforce 200mg est un m\u00e9dicament puissant contre l'impotence pour hommes. En utilisant sildenafil, il am\u00e9liore la fonction \u00e9rectile et r\u00e9duit le risque d'\u00e9chec sexuel.\",\"breadcrumb\":{\"@id\":\"https:\\\/\\\/kamagra-official.to\\\/fr\\\/product\\\/cenforce-200mg\\\/#breadcrumb\"},\"inLanguage\":\"fr-FR\",\"potentialAction\":[{\"@type\":\"ReadAction\",\"target\":[\"https:\\\/\\\/kamagra-official.to\\\/fr\\\/product\\\/cenforce-200mg\\\/\"]}]},{\"@type\":\"ImageObject\",\"inLanguage\":\"fr-FR\",\"@id\":\"https:\\\/\\\/kamagra-official.to\\\/fr\\\/product\\\/cenforce-200mg\\\/#primaryimage\",\"url\":\"https:\\\/\\\/kamagra-official.to\\\/wp-content\\\/uploads\\\/2025\\\/09\\\/cenforce-200-2-768x768-1.jpg\",\"contentUrl\":\"https:\\\/\\\/kamagra-official.to\\\/wp-content\\\/uploads\\\/2025\\\/09\\\/cenforce-200-2-768x768-1.jpg\",\"width\":768,\"height\":768},{\"@type\":\"BreadcrumbList\",\"@id\":\"https:\\\/\\\/kamagra-official.to\\\/fr\\\/product\\\/cenforce-200mg\\\/#breadcrumb\",\"itemListElement\":[{\"@type\":\"ListItem\",\"position\":1,\"name\":\"Home\",\"item\":\"https:\\\/\\\/kamagra-official.to\\\/nl\\\/\"},{\"@type\":\"ListItem\",\"position\":2,\"name\":\"Shop\",\"item\":\"https:\\\/\\\/kamagra-official.to\\\/shop\\\/\"},{\"@type\":\"ListItem\",\"position\":3,\"name\":\"Cenforce 200mg\"}]},{\"@type\":\"WebSite\",\"@id\":\"https:\\\/\\\/kamagra-official.to\\\/#website\",\"url\":\"https:\\\/\\\/kamagra-official.to\\\/\",\"name\":\"kamagra-official.to\",\"description\":\"Revitalize Your Sexual Energy Across Europe\",\"publisher\":{\"@id\":\"https:\\\/\\\/kamagra-official.to\\\/#organization\"},\"potentialAction\":[{\"@type\":\"SearchAction\",\"target\":{\"@type\":\"EntryPoint\",\"urlTemplate\":\"https:\\\/\\\/kamagra-official.to\\\/?s={search_term_string}\"},\"query-input\":{\"@type\":\"PropertyValueSpecification\",\"valueRequired\":true,\"valueName\":\"search_term_string\"}}],\"inLanguage\":\"fr-FR\"},{\"@type\":\"Organization\",\"@id\":\"https:\\\/\\\/kamagra-official.to\\\/#organization\",\"name\":\"kamagra-official.to\",\"url\":\"https:\\\/\\\/kamagra-official.to\\\/\",\"logo\":{\"@type\":\"ImageObject\",\"inLanguage\":\"fr-FR\",\"@id\":\"https:\\\/\\\/kamagra-official.to\\\/#\\\/schema\\\/logo\\\/image\\\/\",\"url\":\"https:\\\/\\\/kamagra-official.to\\\/wp-content\\\/uploads\\\/2025\\\/02\\\/KAMAGRA-Photoroom-1.png\",\"contentUrl\":\"https:\\\/\\\/kamagra-official.to\\\/wp-content\\\/uploads\\\/2025\\\/02\\\/KAMAGRA-Photoroom-1.png\",\"width\":150,\"height\":153,\"caption\":\"kamagra-official.to\"},\"image\":{\"@id\":\"https:\\\/\\\/kamagra-official.to\\\/#\\\/schema\\\/logo\\\/image\\\/\"}}]}<\/script>\n<!-- \/ Yoast SEO plugin. -->","yoast_head_json":{"title":"Cenforce 200mg - Traitement efficace de l'impotence pour hommes kamagra-official.to","description":"Cenforce 200mg est un m\u00e9dicament puissant contre l'impotence pour hommes. En utilisant sildenafil, il am\u00e9liore la fonction \u00e9rectile et r\u00e9duit le risque d'\u00e9chec sexuel.","robots":{"index":"index","follow":"follow","max-snippet":"max-snippet:-1","max-image-preview":"max-image-preview:large","max-video-preview":"max-video-preview:-1"},"canonical":"https:\/\/kamagra-official.to\/fr\/product\/cenforce-200mg\/","og_locale":"fr_FR","og_type":"article","og_title":"Cenforce 200mg - Traitement efficace de l'impotence pour hommes kamagra-official.to","og_description":"Cenforce 200mg est un m\u00e9dicament puissant contre l'impotence pour hommes. En utilisant sildenafil, il am\u00e9liore la fonction \u00e9rectile et r\u00e9duit le risque d'\u00e9chec sexuel.","og_url":"https:\/\/kamagra-official.to\/fr\/product\/cenforce-200mg\/","og_site_name":"kamagra-official.to","article_modified_time":"2026-01-19T17:03:06+00:00","og_image":[{"width":768,"height":768,"url":"https:\/\/kamagra-official.to\/wp-content\/uploads\/2025\/09\/cenforce-200-2-768x768-1.jpg","type":"image\/jpeg"}],"twitter_card":"summary_large_image","twitter_misc":{"Dur\u00e9e de lecture estim\u00e9e":"3 minutes"},"schema":{"@context":"https:\/\/schema.org","@graph":[{"@type":"WebPage","@id":"https:\/\/kamagra-official.to\/fr\/product\/cenforce-200mg\/","url":"https:\/\/kamagra-official.to\/fr\/product\/cenforce-200mg\/","name":"Cenforce 200mg - Traitement efficace de l'impotence pour hommes kamagra-official.to","isPartOf":{"@id":"https:\/\/kamagra-official.to\/#website"},"primaryImageOfPage":{"@id":"https:\/\/kamagra-official.to\/fr\/product\/cenforce-200mg\/#primaryimage"},"image":{"@id":"https:\/\/kamagra-official.to\/fr\/product\/cenforce-200mg\/#primaryimage"},"thumbnailUrl":"https:\/\/kamagra-official.to\/wp-content\/uploads\/2025\/09\/cenforce-200-2-768x768-1.jpg","datePublished":"2024-12-16T01:10:06+00:00","dateModified":"2026-01-19T17:03:06+00:00","description":"Cenforce 200mg est un m\u00e9dicament puissant contre l'impotence pour hommes. En utilisant sildenafil, il am\u00e9liore la fonction \u00e9rectile et r\u00e9duit le risque d'\u00e9chec sexuel.","breadcrumb":{"@id":"https:\/\/kamagra-official.to\/fr\/product\/cenforce-200mg\/#breadcrumb"},"inLanguage":"fr-FR","potentialAction":[{"@type":"ReadAction","target":["https:\/\/kamagra-official.to\/fr\/product\/cenforce-200mg\/"]}]},{"@type":"ImageObject","inLanguage":"fr-FR","@id":"https:\/\/kamagra-official.to\/fr\/product\/cenforce-200mg\/#primaryimage","url":"https:\/\/kamagra-official.to\/wp-content\/uploads\/2025\/09\/cenforce-200-2-768x768-1.jpg","contentUrl":"https:\/\/kamagra-official.to\/wp-content\/uploads\/2025\/09\/cenforce-200-2-768x768-1.jpg","width":768,"height":768},{"@type":"BreadcrumbList","@id":"https:\/\/kamagra-official.to\/fr\/product\/cenforce-200mg\/#breadcrumb","itemListElement":[{"@type":"ListItem","position":1,"name":"Home","item":"https:\/\/kamagra-official.to\/nl\/"},{"@type":"ListItem","position":2,"name":"Shop","item":"https:\/\/kamagra-official.to\/shop\/"},{"@type":"ListItem","position":3,"name":"Cenforce 200mg"}]},{"@type":"WebSite","@id":"https:\/\/kamagra-official.to\/#website","url":"https:\/\/kamagra-official.to\/","name":"kamagra-official.to","description":"Revitalize Your Sexual Energy Across Europe","publisher":{"@id":"https:\/\/kamagra-official.to\/#organization"},"potentialAction":[{"@type":"SearchAction","target":{"@type":"EntryPoint","urlTemplate":"https:\/\/kamagra-official.to\/?s={search_term_string}"},"query-input":{"@type":"PropertyValueSpecification","valueRequired":true,"valueName":"search_term_string"}}],"inLanguage":"fr-FR"},{"@type":"Organization","@id":"https:\/\/kamagra-official.to\/#organization","name":"kamagra-official.to","url":"https:\/\/kamagra-official.to\/","logo":{"@type":"ImageObject","inLanguage":"fr-FR","@id":"https:\/\/kamagra-official.to\/#\/schema\/logo\/image\/","url":"https:\/\/kamagra-official.to\/wp-content\/uploads\/2025\/02\/KAMAGRA-Photoroom-1.png","contentUrl":"https:\/\/kamagra-official.to\/wp-content\/uploads\/2025\/02\/KAMAGRA-Photoroom-1.png","width":150,"height":153,"caption":"kamagra-official.to"},"image":{"@id":"https:\/\/kamagra-official.to\/#\/schema\/logo\/image\/"}}]}},"_links":{"self":[{"href":"https:\/\/kamagra-official.to\/fr\/wp-json\/wp\/v2\/product\/24765","targetHints":{"allow":["GET"]}}],"collection":[{"href":"https:\/\/kamagra-official.to\/fr\/wp-json\/wp\/v2\/product"}],"about":[{"href":"https:\/\/kamagra-official.to\/fr\/wp-json\/wp\/v2\/types\/product"}],"wp:featuredmedia":[{"embeddable":true,"href":"https:\/\/kamagra-official.to\/fr\/wp-json\/wp\/v2\/media\/23822"}],"wp:attachment":[{"href":"https:\/\/kamagra-official.to\/fr\/wp-json\/wp\/v2\/media?parent=24765"}],"wp:term":[{"taxonomy":"product_brand","embeddable":true,"href":"https:\/\/kamagra-official.to\/fr\/wp-json\/wp\/v2\/product_brand?post=24765"},{"taxonomy":"product_cat","embeddable":true,"href":"https:\/\/kamagra-official.to\/fr\/wp-json\/wp\/v2\/product_cat?post=24765"},{"taxonomy":"product_tag","embeddable":true,"href":"https:\/\/kamagra-official.to\/fr\/wp-json\/wp\/v2\/product_tag?post=24765"}],"curies":[{"name":"wp","href":"https:\/\/api.w.org\/{rel}","templated":true}]}}