{"id":18330,"date":"2025-02-03T11:00:32","date_gmt":"2025-02-03T11:00:32","guid":{"rendered":"https:\/\/world-shop.info\/comment-faire-du-shopping\/"},"modified":"2025-03-06T18:56:59","modified_gmt":"2025-03-06T18:56:59","slug":"comment-faire-du-shopping","status":"publish","type":"page","link":"https:\/\/kamagra-official.to\/fr\/comment-faire-du-shopping\/","title":{"rendered":"Comment faire du shopping"},"content":{"rendered":"\t\t<div data-elementor-type=\"wp-page\" data-elementor-id=\"18330\" class=\"elementor elementor-18330 elementor-18263\" data-elementor-post-type=\"page\">\n\t\t\t\t<div class=\"elementor-element elementor-element-667f82e e-flex e-con-boxed e-con e-parent\" data-id=\"667f82e\" data-element_type=\"container\" data-e-type=\"container\">\n\t\t\t\t\t<div class=\"e-con-inner\">\n\t\t\t\t<div class=\"elementor-element elementor-element-0901533 elementor-widget elementor-widget-spacer\" data-id=\"0901533\" data-element_type=\"widget\" data-e-type=\"widget\" data-widget_type=\"spacer.default\">\n\t\t\t\t<div class=\"elementor-widget-container\">\n\t\t\t\t\t\t\t<div class=\"elementor-spacer\">\n\t\t\t<div class=\"elementor-spacer-inner\"><\/div>\n\t\t<\/div>\n\t\t\t\t\t\t<\/div>\n\t\t\t\t<\/div>\n\t\t\t\t\t<\/div>\n\t\t\t\t<\/div>\n\t\t<div class=\"elementor-element elementor-element-8be5346 e-flex e-con-boxed e-con e-parent\" data-id=\"8be5346\" data-element_type=\"container\" data-e-type=\"container\">\n\t\t\t\t\t<div class=\"e-con-inner\">\n\t\t\t\t<div class=\"elementor-element elementor-element-e5a2d3b elementor-widget elementor-widget-text-editor\" data-id=\"e5a2d3b\" data-element_type=\"widget\" data-e-type=\"widget\" data-widget_type=\"text-editor.default\">\n\t\t\t\t<div class=\"elementor-widget-container\">\n\t\t\t\t\t\t\t\t\t<!DOCTYPE html>\n<html lang=\"cs\">\n<head>\n    <meta charset=\"UTF-8\">\n    <meta name=\"viewport\" content=\"width=device-width, initial-scale=1.0\">\n    <title>Comment Faire des Achats<\/title>\n<\/head>\n<body>\n    <h2>Comment Faire des Achats<\/h2>\n    <p>Dans cette section, vous trouverez des informations d\u00e9taill\u00e9es sur comment faire des achats dans notre magasin en ligne [Nom de votre entreprise].<\/p>\n    \n    <h4>S\u00e9lection de Produits<\/h4>\n    <p>Parcourez notre offre \u00e0 travers les cat\u00e9gories ou la bo\u00eete de recherche. En cliquant sur un produit, vous afficherez son d\u00e9tail, incluant la description, les sp\u00e9cifications et les avis des clients.<\/p>\n\n    <h4>Ajout au Panier<\/h4>\n    <p>Une fois que vous avez trouv\u00e9 un produit que vous voulez acheter, s\u00e9lectionnez la quantit\u00e9 d\u00e9sir\u00e9e et toutes variantes (par exemple, taille, couleur), puis cliquez sur le bouton \u00ab\u00a0Ajouter au Panier\u00a0\u00bb. Le produit sera ajout\u00e9 \u00e0 votre panier d&rsquo;achat virtuel.<\/p>\n\n    <h4>Panier d&rsquo;Achat<\/h4>\n    <p>Vous pouvez aller au panier d&rsquo;achat \u00e0 tout moment en cliquant sur l\u2019ic\u00f4ne du panier dans le coin sup\u00e9rieur droit de la page. Ici, vous pouvez changer la quantit\u00e9 de produits, supprimer des articles, ou passer \u00e0 la caisse si vous \u00eates pr\u00eat \u00e0 finaliser votre achat.<\/p>\n\n    <h4>Passer \u00e0 la Caisse<\/h4>\n    <p>Au moment du r\u00e8glement, il vous sera demand\u00e9 de saisir les d\u00e9tails de livraison et de s\u00e9lectionner un mode de livraison et de paiement. Assurez-vous que tous les d\u00e9tails sont corrects et complets pour \u00e9viter tout retard dans le traitement de votre commande.<\/p>\n\n    <h4>M\u00e9thode de Paiement<\/h4>\n    <p>Nous proposons diverses m\u00e9thodes de paiement, y compris les paiements par carte de cr\u00e9dit, le virement bancaire et d&rsquo;autres m\u00e9thodes. Choisissez celle qui vous convient le mieux.<\/p>\n\n    <h4>Confirmation de Commande<\/h4>\n    <p>Apr\u00e8s avoir termin\u00e9 le processus de commande, vous recevrez un e-mail de confirmation avec les d\u00e9tails de votre commande. Gardez cet e-mail pour toute demande de renseignements ou r\u00e9clamation.<\/p>\n\n    <h4>Exp\u00e9dition et Livraison<\/h4>\n    <p>Vous pouvez trouver des informations concernant l&rsquo;exp\u00e9dition et les d\u00e9lais de livraison dans la section [Lien vers la page des termes d&rsquo;exp\u00e9dition et de livraison].<\/p>\n\n    <h4>Retours et R\u00e9clamations<\/h4>\n    <p>Pour obtenir des informations sur les retours et les r\u00e9clamations, visitez notre section [Lien vers la page des retours et r\u00e9clamations].<\/p>\n\n    <h4>Contactez-Nous<\/h4>\n    <p>Si vous avez des questions concernant le processus d&rsquo;achat, n&rsquo;h\u00e9sitez pas \u00e0 nous contacter \u00e0: [E-mail de contact].<\/p>\n<\/body>\n<\/html>\t\t\t\t\t\t\t\t<\/div>\n\t\t\t\t<\/div>\n\t\t\t\t\t<\/div>\n\t\t\t\t<\/div>\n\t\t\t\t<\/div>\n\t\t","protected":false},"excerpt":{"rendered":"<p>Comment Faire des Achats Comment Faire des Achats Dans cette section, vous trouverez des informations d\u00e9taill\u00e9es sur comment faire des achats dans notre magasin en ligne [Nom de votre entreprise]. S\u00e9lection de Produits Parcourez notre offre \u00e0 travers les cat\u00e9gories ou la bo\u00eete de recherche. En cliquant sur un produit, vous afficherez son d\u00e9tail, incluant [&#8230;]\n","protected":false},"author":1,"featured_media":0,"parent":0,"menu_order":0,"comment_status":"closed","ping_status":"closed","template":"","meta":{"footnotes":""},"class_list":["post-18330","page","type-page","status-publish","hentry"],"yoast_head":"<!-- This site is optimized with the Yoast SEO plugin v27.5 - https:\/\/yoast.com\/product\/yoast-seo-wordpress\/ -->\n<title>Comment faire du shopping - kamagra-official.to<\/title>\n<meta name=\"robots\" content=\"index, follow, max-snippet:-1, max-image-preview:large, max-video-preview:-1\" \/>\n<link rel=\"canonical\" href=\"https:\/\/kamagra-official.to\/how-to-shop\/\" \/>\n<meta property=\"og:locale\" content=\"fr_FR\" \/>\n<meta property=\"og:type\" content=\"article\" \/>\n<meta property=\"og:title\" content=\"Comment faire du shopping - kamagra-official.to\" \/>\n<meta property=\"og:description\" content=\"Comment Faire des Achats Comment Faire des Achats Dans cette section, vous trouverez des informations d\u00e9taill\u00e9es sur comment faire des achats dans notre magasin en ligne [Nom de votre entreprise]. S\u00e9lection de Produits Parcourez notre offre \u00e0 travers les cat\u00e9gories ou la bo\u00eete de recherche. En cliquant sur un produit, vous afficherez son d\u00e9tail, incluant [...]\" \/>\n<meta property=\"og:url\" content=\"https:\/\/kamagra-official.to\/how-to-shop\/\" \/>\n<meta property=\"og:site_name\" content=\"kamagra-official.to\" \/>\n<meta property=\"article:modified_time\" content=\"2025-03-06T18:56:59+00:00\" \/>\n<meta name=\"twitter:card\" content=\"summary_large_image\" \/>\n<meta name=\"twitter:label1\" content=\"Dur\u00e9e de lecture estim\u00e9e\" \/>\n\t<meta name=\"twitter:data1\" content=\"2 minutes\" \/>\n<script type=\"application\/ld+json\" class=\"yoast-schema-graph\">{\"@context\":\"https:\\\/\\\/schema.org\",\"@graph\":[{\"@type\":\"WebPage\",\"@id\":\"https:\\\/\\\/kamagra-official.to\\\/how-to-shop\\\/\",\"url\":\"https:\\\/\\\/kamagra-official.to\\\/how-to-shop\\\/\",\"name\":\"Comment faire du shopping - kamagra-official.to\",\"isPartOf\":{\"@id\":\"https:\\\/\\\/kamagra-official.to\\\/#website\"},\"datePublished\":\"2025-02-03T11:00:32+00:00\",\"dateModified\":\"2025-03-06T18:56:59+00:00\",\"breadcrumb\":{\"@id\":\"https:\\\/\\\/kamagra-official.to\\\/how-to-shop\\\/#breadcrumb\"},\"inLanguage\":\"fr-FR\",\"potentialAction\":[{\"@type\":\"ReadAction\",\"target\":[\"https:\\\/\\\/kamagra-official.to\\\/how-to-shop\\\/\"]}]},{\"@type\":\"BreadcrumbList\",\"@id\":\"https:\\\/\\\/kamagra-official.to\\\/how-to-shop\\\/#breadcrumb\",\"itemListElement\":[{\"@type\":\"ListItem\",\"position\":1,\"name\":\"Home\",\"item\":\"https:\\\/\\\/kamagra-official.to\\\/nl\\\/\"},{\"@type\":\"ListItem\",\"position\":2,\"name\":\"Comment faire du shopping\"}]},{\"@type\":\"WebSite\",\"@id\":\"https:\\\/\\\/kamagra-official.to\\\/#website\",\"url\":\"https:\\\/\\\/kamagra-official.to\\\/\",\"name\":\"kamagra-official.to\",\"description\":\"Revitalize Your Sexual Energy Across Europe\",\"publisher\":{\"@id\":\"https:\\\/\\\/kamagra-official.to\\\/#organization\"},\"potentialAction\":[{\"@type\":\"SearchAction\",\"target\":{\"@type\":\"EntryPoint\",\"urlTemplate\":\"https:\\\/\\\/kamagra-official.to\\\/?s={search_term_string}\"},\"query-input\":{\"@type\":\"PropertyValueSpecification\",\"valueRequired\":true,\"valueName\":\"search_term_string\"}}],\"inLanguage\":\"fr-FR\"},{\"@type\":\"Organization\",\"@id\":\"https:\\\/\\\/kamagra-official.to\\\/#organization\",\"name\":\"kamagra-official.to\",\"url\":\"https:\\\/\\\/kamagra-official.to\\\/\",\"logo\":{\"@type\":\"ImageObject\",\"inLanguage\":\"fr-FR\",\"@id\":\"https:\\\/\\\/kamagra-official.to\\\/#\\\/schema\\\/logo\\\/image\\\/\",\"url\":\"https:\\\/\\\/kamagra-official.to\\\/wp-content\\\/uploads\\\/2025\\\/02\\\/KAMAGRA-Photoroom-1.png\",\"contentUrl\":\"https:\\\/\\\/kamagra-official.to\\\/wp-content\\\/uploads\\\/2025\\\/02\\\/KAMAGRA-Photoroom-1.png\",\"width\":150,\"height\":153,\"caption\":\"kamagra-official.to\"},\"image\":{\"@id\":\"https:\\\/\\\/kamagra-official.to\\\/#\\\/schema\\\/logo\\\/image\\\/\"}}]}<\/script>\n<!-- \/ Yoast SEO plugin. -->","yoast_head_json":{"title":"Comment faire du shopping - kamagra-official.to","robots":{"index":"index","follow":"follow","max-snippet":"max-snippet:-1","max-image-preview":"max-image-preview:large","max-video-preview":"max-video-preview:-1"},"canonical":"https:\/\/kamagra-official.to\/how-to-shop\/","og_locale":"fr_FR","og_type":"article","og_title":"Comment faire du shopping - kamagra-official.to","og_description":"Comment Faire des Achats Comment Faire des Achats Dans cette section, vous trouverez des informations d\u00e9taill\u00e9es sur comment faire des achats dans notre magasin en ligne [Nom de votre entreprise]. S\u00e9lection de Produits Parcourez notre offre \u00e0 travers les cat\u00e9gories ou la bo\u00eete de recherche. En cliquant sur un produit, vous afficherez son d\u00e9tail, incluant [...]","og_url":"https:\/\/kamagra-official.to\/how-to-shop\/","og_site_name":"kamagra-official.to","article_modified_time":"2025-03-06T18:56:59+00:00","twitter_card":"summary_large_image","twitter_misc":{"Dur\u00e9e de lecture estim\u00e9e":"2 minutes"},"schema":{"@context":"https:\/\/schema.org","@graph":[{"@type":"WebPage","@id":"https:\/\/kamagra-official.to\/how-to-shop\/","url":"https:\/\/kamagra-official.to\/how-to-shop\/","name":"Comment faire du shopping - kamagra-official.to","isPartOf":{"@id":"https:\/\/kamagra-official.to\/#website"},"datePublished":"2025-02-03T11:00:32+00:00","dateModified":"2025-03-06T18:56:59+00:00","breadcrumb":{"@id":"https:\/\/kamagra-official.to\/how-to-shop\/#breadcrumb"},"inLanguage":"fr-FR","potentialAction":[{"@type":"ReadAction","target":["https:\/\/kamagra-official.to\/how-to-shop\/"]}]},{"@type":"BreadcrumbList","@id":"https:\/\/kamagra-official.to\/how-to-shop\/#breadcrumb","itemListElement":[{"@type":"ListItem","position":1,"name":"Home","item":"https:\/\/kamagra-official.to\/nl\/"},{"@type":"ListItem","position":2,"name":"Comment faire du shopping"}]},{"@type":"WebSite","@id":"https:\/\/kamagra-official.to\/#website","url":"https:\/\/kamagra-official.to\/","name":"kamagra-official.to","description":"Revitalize Your Sexual Energy Across Europe","publisher":{"@id":"https:\/\/kamagra-official.to\/#organization"},"potentialAction":[{"@type":"SearchAction","target":{"@type":"EntryPoint","urlTemplate":"https:\/\/kamagra-official.to\/?s={search_term_string}"},"query-input":{"@type":"PropertyValueSpecification","valueRequired":true,"valueName":"search_term_string"}}],"inLanguage":"fr-FR"},{"@type":"Organization","@id":"https:\/\/kamagra-official.to\/#organization","name":"kamagra-official.to","url":"https:\/\/kamagra-official.to\/","logo":{"@type":"ImageObject","inLanguage":"fr-FR","@id":"https:\/\/kamagra-official.to\/#\/schema\/logo\/image\/","url":"https:\/\/kamagra-official.to\/wp-content\/uploads\/2025\/02\/KAMAGRA-Photoroom-1.png","contentUrl":"https:\/\/kamagra-official.to\/wp-content\/uploads\/2025\/02\/KAMAGRA-Photoroom-1.png","width":150,"height":153,"caption":"kamagra-official.to"},"image":{"@id":"https:\/\/kamagra-official.to\/#\/schema\/logo\/image\/"}}]}},"_links":{"self":[{"href":"https:\/\/kamagra-official.to\/fr\/wp-json\/wp\/v2\/pages\/18330","targetHints":{"allow":["GET"]}}],"collection":[{"href":"https:\/\/kamagra-official.to\/fr\/wp-json\/wp\/v2\/pages"}],"about":[{"href":"https:\/\/kamagra-official.to\/fr\/wp-json\/wp\/v2\/types\/page"}],"author":[{"embeddable":true,"href":"https:\/\/kamagra-official.to\/fr\/wp-json\/wp\/v2\/users\/1"}],"replies":[{"embeddable":true,"href":"https:\/\/kamagra-official.to\/fr\/wp-json\/wp\/v2\/comments?post=18330"}],"version-history":[{"count":25,"href":"https:\/\/kamagra-official.to\/fr\/wp-json\/wp\/v2\/pages\/18330\/revisions"}],"predecessor-version":[{"id":20474,"href":"https:\/\/kamagra-official.to\/fr\/wp-json\/wp\/v2\/pages\/18330\/revisions\/20474"}],"wp:attachment":[{"href":"https:\/\/kamagra-official.to\/fr\/wp-json\/wp\/v2\/media?parent=18330"}],"curies":[{"name":"wp","href":"https:\/\/api.w.org\/{rel}","templated":true}]}}