{"id":18053,"date":"2024-12-22T10:51:55","date_gmt":"2024-12-22T10:51:55","guid":{"rendered":"https:\/\/world-shop.info\/politique-de-protection-des-donnees-personnelles\/"},"modified":"2025-11-21T14:29:32","modified_gmt":"2025-11-21T14:29:32","slug":"politique-de-protection-des-donnees-personnelles","status":"publish","type":"page","link":"https:\/\/kamagra-official.to\/fr\/politique-de-protection-des-donnees-personnelles\/","title":{"rendered":"Politique de Confidentialit\u00e9"},"content":{"rendered":"\t\t<div data-elementor-type=\"wp-page\" data-elementor-id=\"18053\" class=\"elementor elementor-18053 elementor-14765\" data-elementor-post-type=\"page\">\n\t\t\t\t<div class=\"elementor-element elementor-element-049e202 e-flex e-con-boxed e-con e-parent\" data-id=\"049e202\" data-element_type=\"container\" data-e-type=\"container\">\n\t\t\t\t\t<div class=\"e-con-inner\">\n\t\t\t\t<div class=\"elementor-element elementor-element-6b91426 elementor-widget elementor-widget-spacer\" data-id=\"6b91426\" data-element_type=\"widget\" data-e-type=\"widget\" data-widget_type=\"spacer.default\">\n\t\t\t\t<div class=\"elementor-widget-container\">\n\t\t\t\t\t\t\t<div class=\"elementor-spacer\">\n\t\t\t<div class=\"elementor-spacer-inner\"><\/div>\n\t\t<\/div>\n\t\t\t\t\t\t<\/div>\n\t\t\t\t<\/div>\n\t\t\t\t\t<\/div>\n\t\t\t\t<\/div>\n\t\t<div class=\"elementor-element elementor-element-b09979d e-con-full e-flex e-con e-parent\" data-id=\"b09979d\" data-element_type=\"container\" data-e-type=\"container\">\n\t\t\t\t<div class=\"elementor-element elementor-element-e9deaf9 elementor-widget elementor-widget-text-editor\" data-id=\"e9deaf9\" data-element_type=\"widget\" data-e-type=\"widget\" data-widget_type=\"text-editor.default\">\n\t\t\t\t<div class=\"elementor-widget-container\">\n\t\t\t\t\t\t\t\t\t<p><br \/><br \/><br \/><\/p><p><style>\n        body {<br \/>\n            font-family: Arial, sans-serif;<br \/>\n            line-height: 1.6;<br \/>\n            margin: 20px;<br \/>\n            max-width: 800px;<br \/>\n        }<br \/>\n        h1, h2 {<br \/>\n            color: #333;<br \/>\n        }<br \/>\n        h1 {<br \/>\n            text-align: center;<br \/>\n        }<br \/>\n        p {<br \/>\n            margin-bottom: 1em;<br \/>\n        }<br \/>\n    <\/style><\/p><p>\u00a0<\/p><h1>Conditions g\u00e9n\u00e9rales<\/h1><h2>I. Dispositions pr\u00e9liminaires<\/h2><p>L&rsquo;op\u00e9rateur de la boutique en ligne est : kamagra-official.to \u2013 Ruopigenring 85, 6015 Luzern, Swerz (ci-apr\u00e8s d\u00e9nomm\u00e9 e-boutique).<\/p><p>Toutes les relations contractuelles sont conclues conform\u00e9ment \u00e0 l&rsquo;ordre juridique de la Swerz. Les relations juridiques non express\u00e9ment r\u00e9glement\u00e9es par ces conditions g\u00e9n\u00e9rales sont r\u00e9gies par la loi n\u00b0 89\/2012 Coll., le code civil (ci-apr\u00e8s d\u00e9nomm\u00e9 \u00ab CivC \u00bb).<\/p><p>Si l&rsquo;Acheteur est un consommateur (une personne autre qu&rsquo;un entrepreneur qui passe une commande ou conclut un contrat avec le vendeur dans le cadre de leurs activit\u00e9s commerciales), les droits et obligations du Vendeur et de l&rsquo;Acheteur sont \u00e9galement r\u00e9gis par les dispositions de l&rsquo;article 2158 et suivants. CivC (\u00ab Dispositions sp\u00e9ciales sur la vente de biens dans un magasin \u00bb) et pour les acheteurs consommateurs, \u00e9galement par la loi n\u00b0 634\/1992 Coll., sur la protection des consommateurs, tel que modifi\u00e9 (ci-apr\u00e8s d\u00e9nomm\u00e9 \u00ab CPAct \u00bb).<\/p><h2>II. D\u00e9finitions<\/h2><p><strong>Contrat de consommation<\/strong> \u2013 un contrat d&rsquo;achat, contrat d&rsquo;\u0153uvre, contrat de service, ou autre contrat en vertu du CivC, si les parties sont un consommateur (une personne autre qu&rsquo;un entrepreneur qui passe une commande ou conclut un contrat avec le vendeur dans le cadre de leurs activit\u00e9s commerciales ou professionnelles) d&rsquo;un c\u00f4t\u00e9 et le fournisseur ou le vendeur de l&rsquo;autre c\u00f4t\u00e9.<\/p><p><strong>Vendeur<\/strong> \u2013 l&rsquo;op\u00e9rateur de la boutique en ligne \u2013 une personne qui, lors de la conclusion et de l&rsquo;ex\u00e9cution du contrat, agit dans le cadre de leurs activit\u00e9s commerciales ou entrepreneuriales. Il s&rsquo;agit d&rsquo;un entrepreneur qui fournit des produits ou propose des services \u00e0 un acheteur directement ou par l&rsquo;interm\u00e9diaire d&rsquo;autres entrepreneurs.<\/p><p><strong>Acheteur<\/strong> \u2013 Consommateur \u2013 une personne qui, lors de la conclusion et de l&rsquo;ex\u00e9cution du contrat, n&rsquo;agit pas dans le cadre de leurs activit\u00e9s commerciales. Il s&rsquo;agit d&rsquo;une personne physique ou morale qui ach\u00e8te des produits ou utilise des services \u00e0 des fins autres que le commerce avec ces produits ou services. Un Acheteur qui n&rsquo;est pas un consommateur est un entrepreneur qui ach\u00e8te des produits ou utilise des services dans le cadre de leurs activit\u00e9s commerciales ou de l&rsquo;exercice ind\u00e9pendant de leur profession.<\/p><h2>III. Traitement et utilisation des donn\u00e9es personnelles<\/h2><p>L&rsquo;acc\u00e8s \u00e0 l&rsquo;e-boutique peut \u00eatre conditionn\u00e9 \u00e0 la fourniture de certaines donn\u00e9es personnelles de l&rsquo;Acheteur. Dans un tel cas, le Vendeur traitera ces donn\u00e9es conform\u00e9ment aux r\u00e9glementations l\u00e9gales applicables, notamment la loi n\u00b0 101\/2000 Coll., sur la protection des donn\u00e9es personnelles, telle que modifi\u00e9e. Les donn\u00e9es personnelles seront enti\u00e8rement s\u00e9curis\u00e9es contre tout abus. Les donn\u00e9es seront stock\u00e9es et ne seront pas partag\u00e9es avec des applications tierces. Le Vendeur peut utiliser les donn\u00e9es personnelles fournies au-del\u00e0 du traitement n\u00e9cessaire \u00e0 la conclusion et \u00e0 l&rsquo;ex\u00e9cution du contrat uniquement dans les conditions r\u00e9pertori\u00e9es ci-dessous. L&rsquo;Acheteur reconna\u00eet que l&rsquo;adresse e-mail fournie en relation avec l&rsquo;achat d&rsquo;un produit ou d&rsquo;un service peut \u00eatre utilis\u00e9e pour envoyer des communications commerciales de l&rsquo;e-boutique selon la loi n\u00b0 480\/2004 Coll., telle que modifi\u00e9e, avec une offre de produits ou services similaires. Si le destinataire ne souhaite pas recevoir d&rsquo;autres communications commerciales, il peut exprimer son d\u00e9saccord avec l&rsquo;envoi de communications commerciales en envoyant un e-mail contenant le d\u00e9saccord \u00e0 l&rsquo;adresse e-mail de l&rsquo;e-boutique : info@kamagra-official.to<\/p><h2>IV. Acceptation et traitement des commandes, contrat d&rsquo;achat<\/h2><p>Une commande \u00e9lectronique valide n\u00e9cessite le remplissage de toutes les donn\u00e9es et d\u00e9tails prescrits sp\u00e9cifi\u00e9s dans le formulaire de commande. Avant que l&rsquo;Acheteur n&rsquo;accepte d\u00e9finitivement la commande, il aura le droit de v\u00e9rifier l&rsquo;int\u00e9gralit\u00e9 de la commande et des donn\u00e9es saisies. Si l&rsquo;Acheteur est d&rsquo;accord avec la forme de la commande, la commande sera finalement envoy\u00e9e pour traitement en cliquant sur le bouton confirmant la commande. Cet envoi est d\u00e9finitif. Le contrat d&rsquo;achat est cr\u00e9\u00e9 par l&rsquo;envoi de la commande par l&rsquo;Acheteur apr\u00e8s avoir s\u00e9lectionn\u00e9 le mode de livraison et le mode de paiement, et son acceptation par l&rsquo;e-boutique, qui n&rsquo;est pas responsable des erreurs lors de la transmission des donn\u00e9es. L&rsquo;e-boutique confirmera sans d\u00e9lai la conclusion du contrat avec un e-mail informatif \u00e0 l&rsquo;adresse e-mail fournie par l&rsquo;Acheteur.<\/p><p>Le Vendeur se r\u00e9serve le droit de ne pas accepter la commande de l&rsquo;Acheteur en cas d&rsquo;erreur apparente concernant le prix, la description ou l&rsquo;image du produit dans le catalogue des produits sur l&rsquo;e-boutique du Vendeur \u00e0 n&rsquo;importe quelle \u00e9tape du traitement de la commande. L&rsquo;Acheteur sera inform\u00e9 de la non-acceptation de la commande en raison d&rsquo;une erreur apparente par e-mail.<\/p><p>Le Vendeur se r\u00e9serve le droit d&rsquo;annuler une commande ou une partie de celle-ci dans les cas suivants : \u2013 le produit n&rsquo;est plus fabriqu\u00e9 ou livr\u00e9 ou le prix du bien livr\u00e9 a chang\u00e9 de mani\u00e8re significative. Si cette situation se produit, le Vendeur contactera rapidement l&rsquo;Acheteur pour convenir des prochaines \u00e9tapes. Si l&rsquo;Acheteur a d\u00e9j\u00e0 pay\u00e9 tout ou partie du prix d&rsquo;achat, ce montant sera rembours\u00e9 sur son compte et le contrat d&rsquo;achat ne sera pas conclu.<\/p><p>Le Vendeur se r\u00e9serve le droit de refuser de traiter une commande pour des biens qui ne sont pas propos\u00e9s dans l&rsquo;e-boutique, ainsi qu&rsquo;une commande pour des biens que le fabricant ou le fournisseur ne peut pas livrer (ne sont plus fabriqu\u00e9s, indisponibles dans d&rsquo;autres couleurs, etc.).<\/p><p>Le contrat est conclu en langue tch\u00e8que. Si une traduction du texte du contrat est n\u00e9cessaire pour l&rsquo;Acheteur, en cas de litige sur l&rsquo;interpr\u00e9tation, la version en langue tch\u00e8que du contrat pr\u00e9vaudra.<\/p><h2>V. Prix<\/h2><p>Les prix indiqu\u00e9s sur l&rsquo;e-boutique sont finaux, incluant la TVA. Les frais de transport, dont le montant peut varier en fonction de la commande sp\u00e9cifique (en fonction du mode de livraison choisi), sont ajout\u00e9s ult\u00e9rieurement dans le formulaire de commande. Le prix final calcul\u00e9 apr\u00e8s avoir rempli le formulaire de commande inclut d\u00e9j\u00e0 les frais d&rsquo;exp\u00e9dition. Le prix valable au moment de la commande par l&rsquo;Acheteur s&rsquo;appliquera comme prix \u00e0 la conclusion du contrat entre le Vendeur et l&rsquo;Acheteur. Ce prix sera indiqu\u00e9 dans la commande et dans l&rsquo;e-mail confirmant la r\u00e9ception de la commande de marchandises.<\/p><h2>VI. Livraison des biens<\/h2><p>L&rsquo;Acheteur\/Consommateur est tenu de recevoir correctement les marchandises du transporteur, de v\u00e9rifier l&rsquo;int\u00e9grit\u00e9 de l&#8217;emballage, le nombre de colis et de signaler imm\u00e9diatement toute divergence au transporteur. S&rsquo;il y a des preuves d&rsquo;une entr\u00e9e non autoris\u00e9e dans l&rsquo;envoi, l&rsquo;Acheteur est conseill\u00e9 de ne pas accepter l&rsquo;envoi dans son propre int\u00e9r\u00eat ! En acceptant l&rsquo;envoi, l&rsquo;Acheteur confirme que le colis a rempli toutes les conditions et exigences ci-dessus et que les plaintes ult\u00e9rieures concernant l&rsquo;int\u00e9grit\u00e9 du colis ne seront pas prises en compte.<\/p><h2>VII. Retour des biens &#8211; R\u00e9tractation du contrat dans un d\u00e9lai de 14 jours<\/h2><p>L&rsquo;Acheteur, qui a conclu un contrat d&rsquo;achat \u00e0 distance et achet\u00e9 des biens dans l&rsquo;e-boutique, a le droit de retourner les biens sans donner de raison dans les 14 (quatorze) jours suivant la livraison (conform\u00e9ment au nouveau code civil \u00a7 1829 par.1).<\/p><p>Si l&rsquo;Acheteur se r\u00e9tracte du contrat, il doit envoyer ou remettre les biens au Vendeur sans retard excessif, au plus tard 14 (quatorze) jours apr\u00e8s la r\u00e9tractation du contrat d&rsquo;achat.<\/p><p>Selon le \u00a7 1832 par. 4 du code civil, si l&rsquo;Acheteur se r\u00e9tracte du contrat d&rsquo;achat, le Vendeur n&rsquo;est pas tenu de rendre les fonds mon\u00e9taires re\u00e7us au consommateur avant que le consommateur n&rsquo;ait renvoy\u00e9 les biens au Vendeur ou prouv\u00e9 que les biens ont \u00e9t\u00e9 renvoy\u00e9s au Vendeur.<\/p><p>Les biens doivent \u00eatre retourn\u00e9s, si possible, dans leur \u00e9tat d&rsquo;origine,condition, non endommag\u00e9, non utilis\u00e9, non port\u00e9, non lav\u00e9, y compris les \u00e9tiquettes originales, les \u00e9tiquettes et les documents de vente.<\/p><p>Apr\u00e8s le retour des marchandises (les marchandises retourn\u00e9es contre remboursement ne seront pas accept\u00e9es), l&rsquo;acheteur sera rembours\u00e9 du paiement sur le compte bancaire indiqu\u00e9.<\/p><p>Si l&rsquo;acheteur renvoie des marchandises utilis\u00e9es, endommag\u00e9es, lav\u00e9es dans le d\u00e9lai de 14 jours, le prix d&rsquo;achat des marchandises ne sera pas rembours\u00e9 en totalit\u00e9. Dans ce cas, le vendeur r\u00e9duira le prix d&rsquo;achat en raison de l&rsquo;usure.<\/p><p>L&rsquo;acheteur couvre enti\u00e8rement les frais de livraison des marchandises au vendeur.<\/p><p>Si vous vous retirez du contrat avec le vendeur, nous vous rembourserons sans retard injustifi\u00e9, au plus tard 14 jours \u00e0 partir du jour o\u00f9 nous avons \u00e9t\u00e9 inform\u00e9s de votre d\u00e9cision de vous retirer du contrat, tous les paiements que nous avons re\u00e7us de vous, y compris le co\u00fbt de la livraison des marchandises \u00e0 vous (\u00e0 l&rsquo;exception des co\u00fbts suppl\u00e9mentaires engag\u00e9s en raison de votre m\u00e9thode de livraison choisie, qui est autre que la m\u00e9thode de livraison standard la moins ch\u00e8re propos\u00e9e par le vendeur).<\/p><p>Pour exercer le droit de vous retirer du contrat, vous devez informer le vendeur de votre d\u00e9cision de vous retirer du contrat dans le d\u00e9lai sp\u00e9cifi\u00e9 de 14 jours par une d\u00e9claration claire (par exemple, une lettre envoy\u00e9e par courrier ou par courrier \u00e9lectronique). Nous vous enverrons rapidement une confirmation de r\u00e9ception de cet avis de retrait du contrat.<\/p><h2>VIII. Droits de performance d\u00e9fectueuse &#8211; R\u00e9clamations<\/h2><p>Les droits et obligations des parties contractuelles concernant les droits de performance d\u00e9fectueuse sont<\/p>\t\t\t\t\t\t\t\t<\/div>\n\t\t\t\t<\/div>\n\t\t\t\t<\/div>\n\t\t\t\t<\/div>\n\t\t","protected":false},"excerpt":{"rendered":"<p>\u00a0 Conditions g\u00e9n\u00e9rales I. Dispositions pr\u00e9liminaires L&rsquo;op\u00e9rateur de la boutique en ligne est : kamagra-official.to \u2013 Ruopigenring 85, 6015 Luzern, Swerz (ci-apr\u00e8s d\u00e9nomm\u00e9 e-boutique). Toutes les relations contractuelles sont conclues conform\u00e9ment \u00e0 l&rsquo;ordre juridique de la Swerz. Les relations juridiques non express\u00e9ment r\u00e9glement\u00e9es par ces conditions g\u00e9n\u00e9rales sont r\u00e9gies par la loi n\u00b0 89\/2012 Coll., [&#8230;]\n","protected":false},"author":1,"featured_media":0,"parent":0,"menu_order":0,"comment_status":"closed","ping_status":"closed","template":"","meta":{"footnotes":""},"class_list":["post-18053","page","type-page","status-publish","hentry"],"yoast_head":"<!-- This site is optimized with the Yoast SEO plugin v27.5 - https:\/\/yoast.com\/product\/yoast-seo-wordpress\/ -->\n<title>Politique de Confidentialit\u00e9 - kamagra-official.to<\/title>\n<meta name=\"robots\" content=\"index, follow, max-snippet:-1, max-image-preview:large, max-video-preview:-1\" \/>\n<link rel=\"canonical\" href=\"https:\/\/kamagra-official.to\/privacy-policy\/\" \/>\n<meta property=\"og:locale\" content=\"fr_FR\" \/>\n<meta property=\"og:type\" content=\"article\" \/>\n<meta property=\"og:title\" content=\"Politique de Confidentialit\u00e9 - kamagra-official.to\" \/>\n<meta property=\"og:description\" content=\"\u00a0 Conditions g\u00e9n\u00e9rales I. Dispositions pr\u00e9liminaires L&rsquo;op\u00e9rateur de la boutique en ligne est : kamagra-official.to \u2013 Ruopigenring 85, 6015 Luzern, Swerz (ci-apr\u00e8s d\u00e9nomm\u00e9 e-boutique). Toutes les relations contractuelles sont conclues conform\u00e9ment \u00e0 l&rsquo;ordre juridique de la Swerz. Les relations juridiques non express\u00e9ment r\u00e9glement\u00e9es par ces conditions g\u00e9n\u00e9rales sont r\u00e9gies par la loi n\u00b0 89\/2012 Coll., [...]\" \/>\n<meta property=\"og:url\" content=\"https:\/\/kamagra-official.to\/privacy-policy\/\" \/>\n<meta property=\"og:site_name\" content=\"kamagra-official.to\" \/>\n<meta property=\"article:modified_time\" content=\"2025-11-21T14:29:32+00:00\" \/>\n<meta name=\"twitter:card\" content=\"summary_large_image\" \/>\n<meta name=\"twitter:label1\" content=\"Dur\u00e9e de lecture estim\u00e9e\" \/>\n\t<meta name=\"twitter:data1\" content=\"8 minutes\" \/>\n<script type=\"application\/ld+json\" class=\"yoast-schema-graph\">{\"@context\":\"https:\\\/\\\/schema.org\",\"@graph\":[{\"@type\":\"WebPage\",\"@id\":\"https:\\\/\\\/kamagra-official.to\\\/privacy-policy\\\/\",\"url\":\"https:\\\/\\\/kamagra-official.to\\\/privacy-policy\\\/\",\"name\":\"Politique de Confidentialit\u00e9 - kamagra-official.to\",\"isPartOf\":{\"@id\":\"https:\\\/\\\/kamagra-official.to\\\/#website\"},\"datePublished\":\"2024-12-22T10:51:55+00:00\",\"dateModified\":\"2025-11-21T14:29:32+00:00\",\"breadcrumb\":{\"@id\":\"https:\\\/\\\/kamagra-official.to\\\/privacy-policy\\\/#breadcrumb\"},\"inLanguage\":\"fr-FR\",\"potentialAction\":[{\"@type\":\"ReadAction\",\"target\":[\"https:\\\/\\\/kamagra-official.to\\\/privacy-policy\\\/\"]}]},{\"@type\":\"BreadcrumbList\",\"@id\":\"https:\\\/\\\/kamagra-official.to\\\/privacy-policy\\\/#breadcrumb\",\"itemListElement\":[{\"@type\":\"ListItem\",\"position\":1,\"name\":\"Home\",\"item\":\"https:\\\/\\\/kamagra-official.to\\\/nl\\\/\"},{\"@type\":\"ListItem\",\"position\":2,\"name\":\"Politique de Confidentialit\u00e9\"}]},{\"@type\":\"WebSite\",\"@id\":\"https:\\\/\\\/kamagra-official.to\\\/#website\",\"url\":\"https:\\\/\\\/kamagra-official.to\\\/\",\"name\":\"kamagra-official.to\",\"description\":\"Revitalize Your Sexual Energy Across Europe\",\"publisher\":{\"@id\":\"https:\\\/\\\/kamagra-official.to\\\/#organization\"},\"potentialAction\":[{\"@type\":\"SearchAction\",\"target\":{\"@type\":\"EntryPoint\",\"urlTemplate\":\"https:\\\/\\\/kamagra-official.to\\\/?s={search_term_string}\"},\"query-input\":{\"@type\":\"PropertyValueSpecification\",\"valueRequired\":true,\"valueName\":\"search_term_string\"}}],\"inLanguage\":\"fr-FR\"},{\"@type\":\"Organization\",\"@id\":\"https:\\\/\\\/kamagra-official.to\\\/#organization\",\"name\":\"kamagra-official.to\",\"url\":\"https:\\\/\\\/kamagra-official.to\\\/\",\"logo\":{\"@type\":\"ImageObject\",\"inLanguage\":\"fr-FR\",\"@id\":\"https:\\\/\\\/kamagra-official.to\\\/#\\\/schema\\\/logo\\\/image\\\/\",\"url\":\"https:\\\/\\\/kamagra-official.to\\\/wp-content\\\/uploads\\\/2025\\\/02\\\/KAMAGRA-Photoroom-1.png\",\"contentUrl\":\"https:\\\/\\\/kamagra-official.to\\\/wp-content\\\/uploads\\\/2025\\\/02\\\/KAMAGRA-Photoroom-1.png\",\"width\":150,\"height\":153,\"caption\":\"kamagra-official.to\"},\"image\":{\"@id\":\"https:\\\/\\\/kamagra-official.to\\\/#\\\/schema\\\/logo\\\/image\\\/\"}}]}<\/script>\n<!-- \/ Yoast SEO plugin. -->","yoast_head_json":{"title":"Politique de Confidentialit\u00e9 - kamagra-official.to","robots":{"index":"index","follow":"follow","max-snippet":"max-snippet:-1","max-image-preview":"max-image-preview:large","max-video-preview":"max-video-preview:-1"},"canonical":"https:\/\/kamagra-official.to\/privacy-policy\/","og_locale":"fr_FR","og_type":"article","og_title":"Politique de Confidentialit\u00e9 - kamagra-official.to","og_description":"\u00a0 Conditions g\u00e9n\u00e9rales I. Dispositions pr\u00e9liminaires L&rsquo;op\u00e9rateur de la boutique en ligne est : kamagra-official.to \u2013 Ruopigenring 85, 6015 Luzern, Swerz (ci-apr\u00e8s d\u00e9nomm\u00e9 e-boutique). Toutes les relations contractuelles sont conclues conform\u00e9ment \u00e0 l&rsquo;ordre juridique de la Swerz. Les relations juridiques non express\u00e9ment r\u00e9glement\u00e9es par ces conditions g\u00e9n\u00e9rales sont r\u00e9gies par la loi n\u00b0 89\/2012 Coll., [...]","og_url":"https:\/\/kamagra-official.to\/privacy-policy\/","og_site_name":"kamagra-official.to","article_modified_time":"2025-11-21T14:29:32+00:00","twitter_card":"summary_large_image","twitter_misc":{"Dur\u00e9e de lecture estim\u00e9e":"8 minutes"},"schema":{"@context":"https:\/\/schema.org","@graph":[{"@type":"WebPage","@id":"https:\/\/kamagra-official.to\/privacy-policy\/","url":"https:\/\/kamagra-official.to\/privacy-policy\/","name":"Politique de Confidentialit\u00e9 - kamagra-official.to","isPartOf":{"@id":"https:\/\/kamagra-official.to\/#website"},"datePublished":"2024-12-22T10:51:55+00:00","dateModified":"2025-11-21T14:29:32+00:00","breadcrumb":{"@id":"https:\/\/kamagra-official.to\/privacy-policy\/#breadcrumb"},"inLanguage":"fr-FR","potentialAction":[{"@type":"ReadAction","target":["https:\/\/kamagra-official.to\/privacy-policy\/"]}]},{"@type":"BreadcrumbList","@id":"https:\/\/kamagra-official.to\/privacy-policy\/#breadcrumb","itemListElement":[{"@type":"ListItem","position":1,"name":"Home","item":"https:\/\/kamagra-official.to\/nl\/"},{"@type":"ListItem","position":2,"name":"Politique de Confidentialit\u00e9"}]},{"@type":"WebSite","@id":"https:\/\/kamagra-official.to\/#website","url":"https:\/\/kamagra-official.to\/","name":"kamagra-official.to","description":"Revitalize Your Sexual Energy Across Europe","publisher":{"@id":"https:\/\/kamagra-official.to\/#organization"},"potentialAction":[{"@type":"SearchAction","target":{"@type":"EntryPoint","urlTemplate":"https:\/\/kamagra-official.to\/?s={search_term_string}"},"query-input":{"@type":"PropertyValueSpecification","valueRequired":true,"valueName":"search_term_string"}}],"inLanguage":"fr-FR"},{"@type":"Organization","@id":"https:\/\/kamagra-official.to\/#organization","name":"kamagra-official.to","url":"https:\/\/kamagra-official.to\/","logo":{"@type":"ImageObject","inLanguage":"fr-FR","@id":"https:\/\/kamagra-official.to\/#\/schema\/logo\/image\/","url":"https:\/\/kamagra-official.to\/wp-content\/uploads\/2025\/02\/KAMAGRA-Photoroom-1.png","contentUrl":"https:\/\/kamagra-official.to\/wp-content\/uploads\/2025\/02\/KAMAGRA-Photoroom-1.png","width":150,"height":153,"caption":"kamagra-official.to"},"image":{"@id":"https:\/\/kamagra-official.to\/#\/schema\/logo\/image\/"}}]}},"_links":{"self":[{"href":"https:\/\/kamagra-official.to\/fr\/wp-json\/wp\/v2\/pages\/18053","targetHints":{"allow":["GET"]}}],"collection":[{"href":"https:\/\/kamagra-official.to\/fr\/wp-json\/wp\/v2\/pages"}],"about":[{"href":"https:\/\/kamagra-official.to\/fr\/wp-json\/wp\/v2\/types\/page"}],"author":[{"embeddable":true,"href":"https:\/\/kamagra-official.to\/fr\/wp-json\/wp\/v2\/users\/1"}],"replies":[{"embeddable":true,"href":"https:\/\/kamagra-official.to\/fr\/wp-json\/wp\/v2\/comments?post=18053"}],"version-history":[{"count":6,"href":"https:\/\/kamagra-official.to\/fr\/wp-json\/wp\/v2\/pages\/18053\/revisions"}],"predecessor-version":[{"id":25071,"href":"https:\/\/kamagra-official.to\/fr\/wp-json\/wp\/v2\/pages\/18053\/revisions\/25071"}],"wp:attachment":[{"href":"https:\/\/kamagra-official.to\/fr\/wp-json\/wp\/v2\/media?parent=18053"}],"curies":[{"name":"wp","href":"https:\/\/api.w.org\/{rel}","templated":true}]}}