{"id":18389,"date":"2025-02-03T11:00:32","date_gmt":"2025-02-03T11:00:32","guid":{"rendered":"https:\/\/world-shop.info\/como-comprar\/"},"modified":"2025-03-06T18:56:59","modified_gmt":"2025-03-06T18:56:59","slug":"como-comprar","status":"publish","type":"page","link":"https:\/\/kamagra-official.to\/es\/como-comprar\/","title":{"rendered":"C\u00f3mo comprar"},"content":{"rendered":"\t\t<div data-elementor-type=\"wp-page\" data-elementor-id=\"18389\" class=\"elementor elementor-18389 elementor-18263\" data-elementor-post-type=\"page\">\n\t\t\t\t<div class=\"elementor-element elementor-element-667f82e e-flex e-con-boxed e-con e-parent\" data-id=\"667f82e\" data-element_type=\"container\" data-e-type=\"container\">\n\t\t\t\t\t<div class=\"e-con-inner\">\n\t\t\t\t<div class=\"elementor-element elementor-element-0901533 elementor-widget elementor-widget-spacer\" data-id=\"0901533\" data-element_type=\"widget\" data-e-type=\"widget\" data-widget_type=\"spacer.default\">\n\t\t\t\t<div class=\"elementor-widget-container\">\n\t\t\t\t\t\t\t<div class=\"elementor-spacer\">\n\t\t\t<div class=\"elementor-spacer-inner\"><\/div>\n\t\t<\/div>\n\t\t\t\t\t\t<\/div>\n\t\t\t\t<\/div>\n\t\t\t\t\t<\/div>\n\t\t\t\t<\/div>\n\t\t<div class=\"elementor-element elementor-element-8be5346 e-flex e-con-boxed e-con e-parent\" data-id=\"8be5346\" data-element_type=\"container\" data-e-type=\"container\">\n\t\t\t\t\t<div class=\"e-con-inner\">\n\t\t\t\t<div class=\"elementor-element elementor-element-e5a2d3b elementor-widget elementor-widget-text-editor\" data-id=\"e5a2d3b\" data-element_type=\"widget\" data-e-type=\"widget\" data-widget_type=\"text-editor.default\">\n\t\t\t\t<div class=\"elementor-widget-container\">\n\t\t\t\t\t\t\t\t\t<!DOCTYPE html>\n<html lang=\"cs\">\n<head>\n    <meta charset=\"UTF-8\">\n    <meta name=\"viewport\" content=\"width=device-width, initial-scale=1.0\">\n    <title>C\u00f3mo Comprar<\/title>\n<\/head>\n<body>\n    <h2>C\u00f3mo Comprar<\/h2>\n    <p>En esta secci\u00f3n, encontrar\u00e1 informaci\u00f3n detallada sobre c\u00f3mo comprar en nuestra tienda en l\u00ednea [Nombre de su empresa].<\/p>\n    \n    <h4>Selecci\u00f3n de Producto<\/h4>\n    <p>Navega nuestra oferta a trav\u00e9s de categor\u00edas o el cuadro de b\u00fasqueda. Al hacer clic en un producto, mostrar\u00e1s su detalle, incluyendo descripci\u00f3n, especificaciones y opiniones de los clientes.<\/p>\n    \n    <h4>Agregar al Carrito<\/h4>\n    <p>Una vez que encuentres un producto que quieres comprar, selecciona la cantidad deseada y cualquier variante (por ejemplo, tama\u00f1o, color), luego haz clic en el bot\u00f3n \u00abAgregar al Carrito\u00bb. El producto se a\u00f1adir\u00e1 a tu carrito de compras virtual.<\/p>\n    \n    <h4>Carrito de Compras<\/h4>\n    <p>Puedes ir al carrito de compras en cualquier momento haciendo clic en el icono del carrito en la esquina superior derecha de la p\u00e1gina. Aqu\u00ed puedes cambiar la cantidad de productos, eliminar art\u00edculos, o proceder al pago si est\u00e1s listo para completar tu compra.<\/p>\n    \n    <h4>Pago<\/h4>\n    <p>Al pagar, se te pedir\u00e1 que ingreses los detalles de env\u00edo y selecciones un m\u00e9todo de env\u00edo y pago. Aseg\u00farate de que todos los detalles sean correctos y completos para evitar cualquier retraso en el procesamiento de tu pedido.<\/p>\n    \n    <h4>M\u00e9todo de Pago<\/h4>\n    <p>Ofrecemos varios m\u00e9todos de pago, incluyendo pago con tarjeta de cr\u00e9dito, transferencia bancaria, y otros m\u00e9todos. Elige el que mejor te convenga.<\/p>\n    \n    <h4>Confirmaci\u00f3n de Pedido<\/h4>\n    <p>Despu\u00e9s de completar el proceso de pedido, recibir\u00e1s un correo electr\u00f3nico de confirmaci\u00f3n con detalles sobre tu pedido. Conserva este correo electr\u00f3nico para cualquier consulta o reclamo.<\/p>\n    \n    <h4>Env\u00edo y Entrega<\/h4>\n    <p>La informaci\u00f3n sobre los plazos de env\u00edo y entrega se puede encontrar en la secci\u00f3n [Enlace a la p\u00e1gina de T\u00e9rminos de Env\u00edo y Entrega].<\/p>\n    \n    <h4>Devoluciones y Reclamaciones<\/h4>\n    <p>Para informaci\u00f3n sobre devoluciones y reclamaciones visita nuestra secci\u00f3n [Enlace a la p\u00e1gina de Devoluciones y Reclamaciones].<\/p>\n    \n    <h4>Cont\u00e1ctanos<\/h4>\n    <p>Si tienes alguna pregunta sobre el proceso de compra, no dudes en contactarnos a: [Correo de contacto].<\/p>\n<\/body>\n<\/html>\t\t\t\t\t\t\t\t<\/div>\n\t\t\t\t<\/div>\n\t\t\t\t\t<\/div>\n\t\t\t\t<\/div>\n\t\t\t\t<\/div>\n\t\t","protected":false},"excerpt":{"rendered":"<p>C\u00f3mo Comprar C\u00f3mo Comprar En esta secci\u00f3n, encontrar\u00e1 informaci\u00f3n detallada sobre c\u00f3mo comprar en nuestra tienda en l\u00ednea [Nombre de su empresa]. Selecci\u00f3n de Producto Navega nuestra oferta a trav\u00e9s de categor\u00edas o el cuadro de b\u00fasqueda. Al hacer clic en un producto, mostrar\u00e1s su detalle, incluyendo descripci\u00f3n, especificaciones y opiniones de los clientes. Agregar [&#8230;]\n","protected":false},"author":1,"featured_media":0,"parent":0,"menu_order":0,"comment_status":"closed","ping_status":"closed","template":"","meta":{"footnotes":""},"class_list":["post-18389","page","type-page","status-publish","hentry"],"yoast_head":"<!-- This site is optimized with the Yoast SEO plugin v27.5 - https:\/\/yoast.com\/product\/yoast-seo-wordpress\/ -->\n<title>C\u00f3mo comprar - kamagra-official.to<\/title>\n<meta name=\"robots\" content=\"index, follow, max-snippet:-1, max-image-preview:large, max-video-preview:-1\" \/>\n<link rel=\"canonical\" href=\"https:\/\/kamagra-official.to\/how-to-shop\/\" \/>\n<meta property=\"og:locale\" content=\"es_ES\" \/>\n<meta property=\"og:type\" content=\"article\" \/>\n<meta property=\"og:title\" content=\"C\u00f3mo comprar - kamagra-official.to\" \/>\n<meta property=\"og:description\" content=\"C\u00f3mo Comprar C\u00f3mo Comprar En esta secci\u00f3n, encontrar\u00e1 informaci\u00f3n detallada sobre c\u00f3mo comprar en nuestra tienda en l\u00ednea [Nombre de su empresa]. Selecci\u00f3n de Producto Navega nuestra oferta a trav\u00e9s de categor\u00edas o el cuadro de b\u00fasqueda. Al hacer clic en un producto, mostrar\u00e1s su detalle, incluyendo descripci\u00f3n, especificaciones y opiniones de los clientes. Agregar [...]\" \/>\n<meta property=\"og:url\" content=\"https:\/\/kamagra-official.to\/how-to-shop\/\" \/>\n<meta property=\"og:site_name\" content=\"kamagra-official.to\" \/>\n<meta property=\"article:modified_time\" content=\"2025-03-06T18:56:59+00:00\" \/>\n<meta name=\"twitter:card\" content=\"summary_large_image\" \/>\n<meta name=\"twitter:label1\" content=\"Tiempo de lectura\" \/>\n\t<meta name=\"twitter:data1\" content=\"2 minutos\" \/>\n<script type=\"application\/ld+json\" class=\"yoast-schema-graph\">{\"@context\":\"https:\\\/\\\/schema.org\",\"@graph\":[{\"@type\":\"WebPage\",\"@id\":\"https:\\\/\\\/kamagra-official.to\\\/how-to-shop\\\/\",\"url\":\"https:\\\/\\\/kamagra-official.to\\\/how-to-shop\\\/\",\"name\":\"C\u00f3mo comprar - kamagra-official.to\",\"isPartOf\":{\"@id\":\"https:\\\/\\\/kamagra-official.to\\\/#website\"},\"datePublished\":\"2025-02-03T11:00:32+00:00\",\"dateModified\":\"2025-03-06T18:56:59+00:00\",\"breadcrumb\":{\"@id\":\"https:\\\/\\\/kamagra-official.to\\\/how-to-shop\\\/#breadcrumb\"},\"inLanguage\":\"es\",\"potentialAction\":[{\"@type\":\"ReadAction\",\"target\":[\"https:\\\/\\\/kamagra-official.to\\\/how-to-shop\\\/\"]}]},{\"@type\":\"BreadcrumbList\",\"@id\":\"https:\\\/\\\/kamagra-official.to\\\/how-to-shop\\\/#breadcrumb\",\"itemListElement\":[{\"@type\":\"ListItem\",\"position\":1,\"name\":\"Home\",\"item\":\"https:\\\/\\\/kamagra-official.to\\\/nl\\\/\"},{\"@type\":\"ListItem\",\"position\":2,\"name\":\"C\u00f3mo comprar\"}]},{\"@type\":\"WebSite\",\"@id\":\"https:\\\/\\\/kamagra-official.to\\\/#website\",\"url\":\"https:\\\/\\\/kamagra-official.to\\\/\",\"name\":\"kamagra-official.to\",\"description\":\"Revitalize Your Sexual Energy Across Europe\",\"publisher\":{\"@id\":\"https:\\\/\\\/kamagra-official.to\\\/#organization\"},\"potentialAction\":[{\"@type\":\"SearchAction\",\"target\":{\"@type\":\"EntryPoint\",\"urlTemplate\":\"https:\\\/\\\/kamagra-official.to\\\/?s={search_term_string}\"},\"query-input\":{\"@type\":\"PropertyValueSpecification\",\"valueRequired\":true,\"valueName\":\"search_term_string\"}}],\"inLanguage\":\"es\"},{\"@type\":\"Organization\",\"@id\":\"https:\\\/\\\/kamagra-official.to\\\/#organization\",\"name\":\"kamagra-official.to\",\"url\":\"https:\\\/\\\/kamagra-official.to\\\/\",\"logo\":{\"@type\":\"ImageObject\",\"inLanguage\":\"es\",\"@id\":\"https:\\\/\\\/kamagra-official.to\\\/#\\\/schema\\\/logo\\\/image\\\/\",\"url\":\"https:\\\/\\\/kamagra-official.to\\\/wp-content\\\/uploads\\\/2025\\\/02\\\/KAMAGRA-Photoroom-1.png\",\"contentUrl\":\"https:\\\/\\\/kamagra-official.to\\\/wp-content\\\/uploads\\\/2025\\\/02\\\/KAMAGRA-Photoroom-1.png\",\"width\":150,\"height\":153,\"caption\":\"kamagra-official.to\"},\"image\":{\"@id\":\"https:\\\/\\\/kamagra-official.to\\\/#\\\/schema\\\/logo\\\/image\\\/\"}}]}<\/script>\n<!-- \/ Yoast SEO plugin. -->","yoast_head_json":{"title":"C\u00f3mo comprar - kamagra-official.to","robots":{"index":"index","follow":"follow","max-snippet":"max-snippet:-1","max-image-preview":"max-image-preview:large","max-video-preview":"max-video-preview:-1"},"canonical":"https:\/\/kamagra-official.to\/how-to-shop\/","og_locale":"es_ES","og_type":"article","og_title":"C\u00f3mo comprar - kamagra-official.to","og_description":"C\u00f3mo Comprar C\u00f3mo Comprar En esta secci\u00f3n, encontrar\u00e1 informaci\u00f3n detallada sobre c\u00f3mo comprar en nuestra tienda en l\u00ednea [Nombre de su empresa]. Selecci\u00f3n de Producto Navega nuestra oferta a trav\u00e9s de categor\u00edas o el cuadro de b\u00fasqueda. Al hacer clic en un producto, mostrar\u00e1s su detalle, incluyendo descripci\u00f3n, especificaciones y opiniones de los clientes. Agregar [...]","og_url":"https:\/\/kamagra-official.to\/how-to-shop\/","og_site_name":"kamagra-official.to","article_modified_time":"2025-03-06T18:56:59+00:00","twitter_card":"summary_large_image","twitter_misc":{"Tiempo de lectura":"2 minutos"},"schema":{"@context":"https:\/\/schema.org","@graph":[{"@type":"WebPage","@id":"https:\/\/kamagra-official.to\/how-to-shop\/","url":"https:\/\/kamagra-official.to\/how-to-shop\/","name":"C\u00f3mo comprar - kamagra-official.to","isPartOf":{"@id":"https:\/\/kamagra-official.to\/#website"},"datePublished":"2025-02-03T11:00:32+00:00","dateModified":"2025-03-06T18:56:59+00:00","breadcrumb":{"@id":"https:\/\/kamagra-official.to\/how-to-shop\/#breadcrumb"},"inLanguage":"es","potentialAction":[{"@type":"ReadAction","target":["https:\/\/kamagra-official.to\/how-to-shop\/"]}]},{"@type":"BreadcrumbList","@id":"https:\/\/kamagra-official.to\/how-to-shop\/#breadcrumb","itemListElement":[{"@type":"ListItem","position":1,"name":"Home","item":"https:\/\/kamagra-official.to\/nl\/"},{"@type":"ListItem","position":2,"name":"C\u00f3mo comprar"}]},{"@type":"WebSite","@id":"https:\/\/kamagra-official.to\/#website","url":"https:\/\/kamagra-official.to\/","name":"kamagra-official.to","description":"Revitalize Your Sexual Energy Across Europe","publisher":{"@id":"https:\/\/kamagra-official.to\/#organization"},"potentialAction":[{"@type":"SearchAction","target":{"@type":"EntryPoint","urlTemplate":"https:\/\/kamagra-official.to\/?s={search_term_string}"},"query-input":{"@type":"PropertyValueSpecification","valueRequired":true,"valueName":"search_term_string"}}],"inLanguage":"es"},{"@type":"Organization","@id":"https:\/\/kamagra-official.to\/#organization","name":"kamagra-official.to","url":"https:\/\/kamagra-official.to\/","logo":{"@type":"ImageObject","inLanguage":"es","@id":"https:\/\/kamagra-official.to\/#\/schema\/logo\/image\/","url":"https:\/\/kamagra-official.to\/wp-content\/uploads\/2025\/02\/KAMAGRA-Photoroom-1.png","contentUrl":"https:\/\/kamagra-official.to\/wp-content\/uploads\/2025\/02\/KAMAGRA-Photoroom-1.png","width":150,"height":153,"caption":"kamagra-official.to"},"image":{"@id":"https:\/\/kamagra-official.to\/#\/schema\/logo\/image\/"}}]}},"_links":{"self":[{"href":"https:\/\/kamagra-official.to\/es\/wp-json\/wp\/v2\/pages\/18389","targetHints":{"allow":["GET"]}}],"collection":[{"href":"https:\/\/kamagra-official.to\/es\/wp-json\/wp\/v2\/pages"}],"about":[{"href":"https:\/\/kamagra-official.to\/es\/wp-json\/wp\/v2\/types\/page"}],"author":[{"embeddable":true,"href":"https:\/\/kamagra-official.to\/es\/wp-json\/wp\/v2\/users\/1"}],"replies":[{"embeddable":true,"href":"https:\/\/kamagra-official.to\/es\/wp-json\/wp\/v2\/comments?post=18389"}],"version-history":[{"count":25,"href":"https:\/\/kamagra-official.to\/es\/wp-json\/wp\/v2\/pages\/18389\/revisions"}],"predecessor-version":[{"id":20461,"href":"https:\/\/kamagra-official.to\/es\/wp-json\/wp\/v2\/pages\/18389\/revisions\/20461"}],"wp:attachment":[{"href":"https:\/\/kamagra-official.to\/es\/wp-json\/wp\/v2\/media?parent=18389"}],"curies":[{"name":"wp","href":"https:\/\/api.w.org\/{rel}","templated":true}]}}