{"id":18366,"date":"2024-12-22T10:51:55","date_gmt":"2024-12-22T10:51:55","guid":{"rendered":"https:\/\/world-shop.info\/politicas-de-proteccion-de-datos-personales\/"},"modified":"2025-11-21T14:30:24","modified_gmt":"2025-11-21T14:30:24","slug":"politicas-de-proteccion-de-datos-personales","status":"publish","type":"page","link":"https:\/\/kamagra-official.to\/es\/politicas-de-proteccion-de-datos-personales\/","title":{"rendered":"Pol\u00edtica de Privacidad"},"content":{"rendered":"\t\t<div data-elementor-type=\"wp-page\" data-elementor-id=\"18366\" class=\"elementor elementor-18366 elementor-14765\" data-elementor-post-type=\"page\">\n\t\t\t\t<div class=\"elementor-element elementor-element-049e202 e-flex e-con-boxed e-con e-parent\" data-id=\"049e202\" data-element_type=\"container\" data-e-type=\"container\">\n\t\t\t\t\t<div class=\"e-con-inner\">\n\t\t\t\t<div class=\"elementor-element elementor-element-6b91426 elementor-widget elementor-widget-spacer\" data-id=\"6b91426\" data-element_type=\"widget\" data-e-type=\"widget\" data-widget_type=\"spacer.default\">\n\t\t\t\t<div class=\"elementor-widget-container\">\n\t\t\t\t\t\t\t<div class=\"elementor-spacer\">\n\t\t\t<div class=\"elementor-spacer-inner\"><\/div>\n\t\t<\/div>\n\t\t\t\t\t\t<\/div>\n\t\t\t\t<\/div>\n\t\t\t\t\t<\/div>\n\t\t\t\t<\/div>\n\t\t<div class=\"elementor-element elementor-element-b09979d e-con-full e-flex e-con e-parent\" data-id=\"b09979d\" data-element_type=\"container\" data-e-type=\"container\">\n\t\t\t\t<div class=\"elementor-element elementor-element-e9deaf9 elementor-widget elementor-widget-text-editor\" data-id=\"e9deaf9\" data-element_type=\"widget\" data-e-type=\"widget\" data-widget_type=\"text-editor.default\">\n\t\t\t\t<div class=\"elementor-widget-container\">\n\t\t\t\t\t\t\t\t\t<p><br \/><br \/><br \/><\/p><p><style>\n        body {<br \/>\n            font-family: Arial, sans-serif;<br \/>\n            line-height: 1.6;<br \/>\n            margin: 20px;<br \/>\n            max-width: 800px;<br \/>\n        }<br \/>\n        h1, h2 {<br \/>\n            color: #333;<br \/>\n        }<br \/>\n        h1 {<br \/>\n            text-align: center;<br \/>\n        }<br \/>\n        p {<br \/>\n            margin-bottom: 1em;<br \/>\n        }<br \/>\n    <\/style><\/p><p>\u00a0<\/p><h1>T\u00e9rminos y Condiciones<\/h1><h2>I. Disposiciones Introductorias<\/h2><p>El operador de la tienda en l\u00ednea es: kamagra-official.to \u2013 Ruopigenring 85, 6015 Luzern, Suiza (en adelante, referido como tienda en l\u00ednea).<\/p><p>Todas las relaciones contractuales se concluyen de acuerdo con el orden jur\u00eddico de la Suiza. Las relaciones jur\u00eddicas no reguladas expresamente por estos t\u00e9rminos y condiciones se rigen por la Ley N\u00ba 89\/2012 Coll., El C\u00f3digo Civil (en adelante denominado \u201cCivC\u201d).<\/p><p>Si el Comprador es un consumidor (una persona distinta de un empresario que realiza un pedido o concluye un contrato con el vendedor dentro de sus actividades comerciales), los derechos y obligaciones del Vendedor y el Comprador tambi\u00e9n se rigen por las disposiciones de \u00a7 2158 et seq. CivC (\u201cDisposiciones Especiales sobre la Venta de Bienes en una Tienda\u201d) y para los compradores consumidores, tambi\u00e9n por la Ley N\u00ba 634\/1992 Coll., de Protecci\u00f3n al Consumidor, seg\u00fan enmiendas (en adelante referido como \u201cCPAct\u201d).<\/p><h2>II. Definiciones<\/h2><p><strong>Contrato de Consumo<\/strong> \u2013 un contrato de compraventa, contrato de trabajo, contrato de servicio u otro contrato en el marco del CivC, si las partes son un consumidor (una persona distinta de un empresario que realiza un pedido o concluye un contrato con el vendedor dentro de sus actividades comerciales o profesi\u00f3n) por un lado y el proveedor o el vendedor por el otro lado.<\/p><p><strong>Vendedor<\/strong> \u2013 el operador de la tienda en l\u00ednea \u2013 una persona que, al concluir y cumplir el contrato, act\u00faa dentro de sus actividades comerciales o empresariales. Este es un empresario que suministra productos o presta servicios a un comprador directamente o a trav\u00e9s de otros empresarios.<\/p><p><strong>Comprador<\/strong> \u2013 Consumidor \u2013 una persona que, al concluir y cumplir el contrato, no act\u00faa dentro de sus actividades comerciales. Esta es una persona natural o jur\u00eddica que compra productos o utiliza servicios con fines distintos a los de negociar con estos productos o servicios. Un Comprador que no es un consumidor es un empresario que compra productos o utiliza servicios dentro de sus actividades comerciales o en ejercicio independiente de su profesi\u00f3n.<\/p><h2>III. Procesamiento y Uso de Datos Personales<\/h2><p>El acceso a la tienda en l\u00ednea puede estar condicionado a la entrega de algunos datos personales del Comprador. En tal caso, el Vendedor manejar\u00e1 dichos datos de acuerdo con las regulaciones legales aplicables, especialmente de acuerdo con la Ley N\u00ba 101\/2000 Coll., Sobre Protecci\u00f3n de Datos Personales, seg\u00fan enmendada. Los datos personales estar\u00e1n completamente seguros contra el uso indebido. Los datos ser\u00e1n almacenados y no compartidos con aplicaciones de terceros. El Vendedor puede usar los datos personales proporcionados m\u00e1s all\u00e1 del procesamiento necesario para la conclusi\u00f3n y cumplimiento del contrato solo bajo las condiciones enumeradas a continuaci\u00f3n. El Comprador reconoce que la direcci\u00f3n de correo electr\u00f3nico proporcionada en relaci\u00f3n con la compra de un producto o servicio puede utilizarse para enviar comunicaciones comerciales de la tienda en l\u00ednea de acuerdo con la Ley N\u00ba 480\/2004 Coll., Seg\u00fan enmienda, con una oferta de productos o servicios similares. Si el receptor no desea recibir m\u00e1s comunicaciones comerciales, puede expresar este desacuerdo con el env\u00edo de comunicaciones comerciales enviando un correo electr\u00f3nico que contiene el desacuerdo a la direcci\u00f3n de correo electr\u00f3nico de la tienda en l\u00ednea: info@kamagra-official.to<\/p><h2>IV. Aceptaci\u00f3n y Procesamiento de Pedidos, Contrato de Compra<\/h2><p>Un pedido electr\u00f3nico v\u00e1lido requiere el llenado de todos los datos y detalles prescritos especificados en el formulario de pedido. Antes de que el Comprador confirme definitivamente el pedido, tendr\u00e1 derecho a revisar todo el pedido y los datos ingresados. Si el Comprador est\u00e1 de acuerdo con la forma del pedido, el pedido se enviar\u00e1 finalmente para su procesamiento haciendo clic en el bot\u00f3n que confirma el pedido. Este env\u00edo es vinculante. El contrato de compraventa se crea al enviar el pedido por parte del Comprador despu\u00e9s de seleccionar el m\u00e9todo de entrega y pago, y su aceptaci\u00f3n por la tienda en l\u00ednea, que no asume ninguna responsabilidad por los errores durante la transmisi\u00f3n de datos. La tienda en l\u00ednea confirmar\u00e1 de inmediato la conclusi\u00f3n del contrato con un correo electr\u00f3nico informativo a la direcci\u00f3n de correo electr\u00f3nico proporcionada por el Comprador.<\/p><p>El Vendedor se reserva el derecho de no aceptar el pedido del Comprador en caso de un error evidente relacionado con el precio, la descripci\u00f3n o la imagen del producto en el cat\u00e1logo de productos en la tienda en l\u00ednea del Vendedor en cualquier etapa del procesamiento del pedido. El Comprador ser\u00e1 informado de la no aceptaci\u00f3n del pedido debido a un error evidente por correo electr\u00f3nico.<\/p><p>El Vendedor se reserva el derecho de cancelar un pedido o su parte en los siguientes casos: \u2013 el producto ya no se fabrica o se entrega o el precio de los bienes entregados ha cambiado significativamente. Si esta situaci\u00f3n ocurre, el Vendedor se pondr\u00e1 en contacto r\u00e1pidamente con el Comprador para acordar las pr\u00f3ximas acciones. Si el Comprador ya ha pagado parte o la totalidad del precio de compra, esta cantidad se devolver\u00e1 a su cuenta, y el contrato de compra no se concluir\u00e1.<\/p><p>El Vendedor se reserva el derecho de rechazar el procesamiento de un pedido de bienes que no se ofrecen en la tienda en l\u00ednea, as\u00ed como un pedido de bienes que el fabricante o proveedor no puede entregar (ya no fabricado, no disponible en otros colores, etc.).<\/p><p>El contrato se concluye en el idioma checo. Si el Comprador necesita una traducci\u00f3n del texto del contrato, en caso de una disputa sobre la interpretaci\u00f3n, prevalecer\u00e1 la versi\u00f3n en el idioma checo del contrato.<\/p><h2>V. Precios<\/h2><p>Los precios indicados en la tienda en l\u00ednea son finales, incluido el IVA. Los costos de transporte, cuyo monto puede variar seg\u00fan el pedido espec\u00edfico (dependiendo del m\u00e9todo de entrega elegido), se agregan posteriormente en el formulario de pedido. El precio final calculado despu\u00e9s de completar el formulario de pedido ya incluye el env\u00edo. El precio v\u00e1lido en el momento de realizar el pedido por parte del Comprador se aplicar\u00e1 como el precio a la conclusi\u00f3n del contrato entre el Vendedor y el Comprador. Este precio se indicar\u00e1 en el pedido y en el correo electr\u00f3nico que confirma la recepci\u00f3n del pedido de bienes.<\/p><h2>VI. Entrega de Bienes<\/h2><p>El Comprador\/Consumidor est\u00e1 obligado a recibir correctamente los bienes del transportista, verificar la integridad del embalaje, el n\u00famero de paquetes e informar inmediatamente cualquier discrepancia al transportista. Si hay evidencia de entrada no autorizada en el env\u00edo, \u00a1se recomienda al Comprador que no acepte el env\u00edo en su propio inter\u00e9s! Al aceptar el env\u00edo, el Comprador confirma que el paquete cumpli\u00f3 todas las condiciones y requisitos anteriores y las quejas posteriores sobre la integridad del paquete no ser\u00e1n consideradas.<\/p><h2>VII. Devoluci\u00f3n de Bienes \u2013 Retirada del Contrato dentro de un per\u00edodo de 14 d\u00edas<\/h2><p>El Comprador, que ha celebrado un contrato de compra a distancia y ha comprado bienes en la tienda en l\u00ednea, tiene derecho a devolver los bienes sin dar ning\u00fan motivo dentro de los 14 (catorce) d\u00edas desde la entrega (de acuerdo con el nuevo C\u00f3digo Civil \u00a7 1829 par.1).<\/p><p>Si el Comprador se retira del contrato, debe enviar o entregar los bienes al Vendedor sin demora indebida, a m\u00e1s tardar 14 (catorce) d\u00edas despu\u00e9s de la retirada del contrato de compra.<\/p><p>De acuerdo con \u00a7 1832 par. 4 del C\u00f3digo Civil, si el Comprador se retira del contrato de compraventa, el Vendedor no est\u00e1 obligado a devolver los fondos monetarios recibidos al consumidor antes de que el consumidor devuelva los bienes al Vendedor o pruebe que los bienes fueron enviados de regreso al Vendedor.<\/p><p>Los bienes deben devolverse, si es posible, en su condici\u00f3n original,<\/p><p>condici\u00f3n, sin da\u00f1os, sin usar, sin desgaste, sin lavar, incluyendo las etiquetas originales, las etiquetas y los documentos de venta.<\/p><p>Despu\u00e9s de devolver los productos (no se aceptar\u00e1n productos devueltos contra reembolso), el Comprador ser\u00e1 reembolsado a su cuenta bancaria proporcionada.<\/p><p>Si el Comprador devuelve productos usados, da\u00f1ados, lavados dentro del per\u00edodo de 14 d\u00edas, no se reembolsar\u00e1 el precio de compra de los productos en su totalidad. En este caso, el Vendedor reducir\u00e1 el precio de compra debido al desgaste.<\/p><p>El Comprador cubre completamente los costos de devolver los productos al Vendedor.<\/p><p>Si se retira del contrato con el Vendedor, le reembolsaremos sin demora indebida, a m\u00e1s tardar 14 d\u00edas desde el d\u00eda en que se nos inform\u00f3 de su decisi\u00f3n de retirarse del contrato, todos los pagos que recibimos de usted, incluido el costo de entregar los productos a usted (excepto por los costos adicionales incurridos debido a su m\u00e9todo de entrega elegido, que es diferente al m\u00e9todo de entrega est\u00e1ndar m\u00e1s econ\u00f3mico ofrecido por el Vendedor).<\/p><p>Para ejercer el derecho de retirada del contrato, debe informar al Vendedor de su decisi\u00f3n de retirarse del contrato dentro del per\u00edodo especificado de 14 d\u00edas a trav\u00e9s de una declaraci\u00f3n clara (por ejemplo, una carta enviada por correo o correo electr\u00f3nico). Le enviaremos r\u00e1pidamente una confirmaci\u00f3n de recepci\u00f3n de esta notificaci\u00f3n de retiro del contrato.<\/p><h2>VIII. Derechos por Rendimiento Defectuoso &#8211; Quejas<\/h2><p>Los derechos y obligaciones de las partes contractuales con respecto a los derechos por rendimiento defectuoso son<\/p>\t\t\t\t\t\t\t\t<\/div>\n\t\t\t\t<\/div>\n\t\t\t\t<\/div>\n\t\t\t\t<\/div>\n\t\t","protected":false},"excerpt":{"rendered":"<p>\u00a0 T\u00e9rminos y Condiciones I. Disposiciones Introductorias El operador de la tienda en l\u00ednea es: kamagra-official.to \u2013 Ruopigenring 85, 6015 Luzern, Suiza (en adelante, referido como tienda en l\u00ednea). Todas las relaciones contractuales se concluyen de acuerdo con el orden jur\u00eddico de la Suiza. Las relaciones jur\u00eddicas no reguladas expresamente por estos t\u00e9rminos y condiciones [&#8230;]\n","protected":false},"author":1,"featured_media":0,"parent":0,"menu_order":0,"comment_status":"closed","ping_status":"closed","template":"","meta":{"footnotes":""},"class_list":["post-18366","page","type-page","status-publish","hentry"],"yoast_head":"<!-- This site is optimized with the Yoast SEO plugin v27.5 - https:\/\/yoast.com\/product\/yoast-seo-wordpress\/ -->\n<title>Pol\u00edtica de Privacidad - kamagra-official.to<\/title>\n<meta name=\"robots\" content=\"index, follow, max-snippet:-1, max-image-preview:large, max-video-preview:-1\" \/>\n<link rel=\"canonical\" href=\"https:\/\/kamagra-official.to\/privacy-policy\/\" \/>\n<meta property=\"og:locale\" content=\"es_ES\" \/>\n<meta property=\"og:type\" content=\"article\" \/>\n<meta property=\"og:title\" content=\"Pol\u00edtica de Privacidad - kamagra-official.to\" \/>\n<meta property=\"og:description\" content=\"\u00a0 T\u00e9rminos y Condiciones I. Disposiciones Introductorias El operador de la tienda en l\u00ednea es: kamagra-official.to \u2013 Ruopigenring 85, 6015 Luzern, Suiza (en adelante, referido como tienda en l\u00ednea). Todas las relaciones contractuales se concluyen de acuerdo con el orden jur\u00eddico de la Suiza. Las relaciones jur\u00eddicas no reguladas expresamente por estos t\u00e9rminos y condiciones [...]\" \/>\n<meta property=\"og:url\" content=\"https:\/\/kamagra-official.to\/privacy-policy\/\" \/>\n<meta property=\"og:site_name\" content=\"kamagra-official.to\" \/>\n<meta property=\"article:modified_time\" content=\"2025-11-21T14:30:24+00:00\" \/>\n<meta name=\"twitter:card\" content=\"summary_large_image\" \/>\n<meta name=\"twitter:label1\" content=\"Tiempo de lectura\" \/>\n\t<meta name=\"twitter:data1\" content=\"7 minutos\" \/>\n<script type=\"application\/ld+json\" class=\"yoast-schema-graph\">{\"@context\":\"https:\\\/\\\/schema.org\",\"@graph\":[{\"@type\":\"WebPage\",\"@id\":\"https:\\\/\\\/kamagra-official.to\\\/privacy-policy\\\/\",\"url\":\"https:\\\/\\\/kamagra-official.to\\\/privacy-policy\\\/\",\"name\":\"Pol\u00edtica de Privacidad - kamagra-official.to\",\"isPartOf\":{\"@id\":\"https:\\\/\\\/kamagra-official.to\\\/#website\"},\"datePublished\":\"2024-12-22T10:51:55+00:00\",\"dateModified\":\"2025-11-21T14:30:24+00:00\",\"breadcrumb\":{\"@id\":\"https:\\\/\\\/kamagra-official.to\\\/privacy-policy\\\/#breadcrumb\"},\"inLanguage\":\"es\",\"potentialAction\":[{\"@type\":\"ReadAction\",\"target\":[\"https:\\\/\\\/kamagra-official.to\\\/privacy-policy\\\/\"]}]},{\"@type\":\"BreadcrumbList\",\"@id\":\"https:\\\/\\\/kamagra-official.to\\\/privacy-policy\\\/#breadcrumb\",\"itemListElement\":[{\"@type\":\"ListItem\",\"position\":1,\"name\":\"Home\",\"item\":\"https:\\\/\\\/kamagra-official.to\\\/nl\\\/\"},{\"@type\":\"ListItem\",\"position\":2,\"name\":\"Pol\u00edtica de Privacidad\"}]},{\"@type\":\"WebSite\",\"@id\":\"https:\\\/\\\/kamagra-official.to\\\/#website\",\"url\":\"https:\\\/\\\/kamagra-official.to\\\/\",\"name\":\"kamagra-official.to\",\"description\":\"Revitalize Your Sexual Energy Across Europe\",\"publisher\":{\"@id\":\"https:\\\/\\\/kamagra-official.to\\\/#organization\"},\"potentialAction\":[{\"@type\":\"SearchAction\",\"target\":{\"@type\":\"EntryPoint\",\"urlTemplate\":\"https:\\\/\\\/kamagra-official.to\\\/?s={search_term_string}\"},\"query-input\":{\"@type\":\"PropertyValueSpecification\",\"valueRequired\":true,\"valueName\":\"search_term_string\"}}],\"inLanguage\":\"es\"},{\"@type\":\"Organization\",\"@id\":\"https:\\\/\\\/kamagra-official.to\\\/#organization\",\"name\":\"kamagra-official.to\",\"url\":\"https:\\\/\\\/kamagra-official.to\\\/\",\"logo\":{\"@type\":\"ImageObject\",\"inLanguage\":\"es\",\"@id\":\"https:\\\/\\\/kamagra-official.to\\\/#\\\/schema\\\/logo\\\/image\\\/\",\"url\":\"https:\\\/\\\/kamagra-official.to\\\/wp-content\\\/uploads\\\/2025\\\/02\\\/KAMAGRA-Photoroom-1.png\",\"contentUrl\":\"https:\\\/\\\/kamagra-official.to\\\/wp-content\\\/uploads\\\/2025\\\/02\\\/KAMAGRA-Photoroom-1.png\",\"width\":150,\"height\":153,\"caption\":\"kamagra-official.to\"},\"image\":{\"@id\":\"https:\\\/\\\/kamagra-official.to\\\/#\\\/schema\\\/logo\\\/image\\\/\"}}]}<\/script>\n<!-- \/ Yoast SEO plugin. -->","yoast_head_json":{"title":"Pol\u00edtica de Privacidad - kamagra-official.to","robots":{"index":"index","follow":"follow","max-snippet":"max-snippet:-1","max-image-preview":"max-image-preview:large","max-video-preview":"max-video-preview:-1"},"canonical":"https:\/\/kamagra-official.to\/privacy-policy\/","og_locale":"es_ES","og_type":"article","og_title":"Pol\u00edtica de Privacidad - kamagra-official.to","og_description":"\u00a0 T\u00e9rminos y Condiciones I. Disposiciones Introductorias El operador de la tienda en l\u00ednea es: kamagra-official.to \u2013 Ruopigenring 85, 6015 Luzern, Suiza (en adelante, referido como tienda en l\u00ednea). Todas las relaciones contractuales se concluyen de acuerdo con el orden jur\u00eddico de la Suiza. Las relaciones jur\u00eddicas no reguladas expresamente por estos t\u00e9rminos y condiciones [...]","og_url":"https:\/\/kamagra-official.to\/privacy-policy\/","og_site_name":"kamagra-official.to","article_modified_time":"2025-11-21T14:30:24+00:00","twitter_card":"summary_large_image","twitter_misc":{"Tiempo de lectura":"7 minutos"},"schema":{"@context":"https:\/\/schema.org","@graph":[{"@type":"WebPage","@id":"https:\/\/kamagra-official.to\/privacy-policy\/","url":"https:\/\/kamagra-official.to\/privacy-policy\/","name":"Pol\u00edtica de Privacidad - kamagra-official.to","isPartOf":{"@id":"https:\/\/kamagra-official.to\/#website"},"datePublished":"2024-12-22T10:51:55+00:00","dateModified":"2025-11-21T14:30:24+00:00","breadcrumb":{"@id":"https:\/\/kamagra-official.to\/privacy-policy\/#breadcrumb"},"inLanguage":"es","potentialAction":[{"@type":"ReadAction","target":["https:\/\/kamagra-official.to\/privacy-policy\/"]}]},{"@type":"BreadcrumbList","@id":"https:\/\/kamagra-official.to\/privacy-policy\/#breadcrumb","itemListElement":[{"@type":"ListItem","position":1,"name":"Home","item":"https:\/\/kamagra-official.to\/nl\/"},{"@type":"ListItem","position":2,"name":"Pol\u00edtica de Privacidad"}]},{"@type":"WebSite","@id":"https:\/\/kamagra-official.to\/#website","url":"https:\/\/kamagra-official.to\/","name":"kamagra-official.to","description":"Revitalize Your Sexual Energy Across Europe","publisher":{"@id":"https:\/\/kamagra-official.to\/#organization"},"potentialAction":[{"@type":"SearchAction","target":{"@type":"EntryPoint","urlTemplate":"https:\/\/kamagra-official.to\/?s={search_term_string}"},"query-input":{"@type":"PropertyValueSpecification","valueRequired":true,"valueName":"search_term_string"}}],"inLanguage":"es"},{"@type":"Organization","@id":"https:\/\/kamagra-official.to\/#organization","name":"kamagra-official.to","url":"https:\/\/kamagra-official.to\/","logo":{"@type":"ImageObject","inLanguage":"es","@id":"https:\/\/kamagra-official.to\/#\/schema\/logo\/image\/","url":"https:\/\/kamagra-official.to\/wp-content\/uploads\/2025\/02\/KAMAGRA-Photoroom-1.png","contentUrl":"https:\/\/kamagra-official.to\/wp-content\/uploads\/2025\/02\/KAMAGRA-Photoroom-1.png","width":150,"height":153,"caption":"kamagra-official.to"},"image":{"@id":"https:\/\/kamagra-official.to\/#\/schema\/logo\/image\/"}}]}},"_links":{"self":[{"href":"https:\/\/kamagra-official.to\/es\/wp-json\/wp\/v2\/pages\/18366","targetHints":{"allow":["GET"]}}],"collection":[{"href":"https:\/\/kamagra-official.to\/es\/wp-json\/wp\/v2\/pages"}],"about":[{"href":"https:\/\/kamagra-official.to\/es\/wp-json\/wp\/v2\/types\/page"}],"author":[{"embeddable":true,"href":"https:\/\/kamagra-official.to\/es\/wp-json\/wp\/v2\/users\/1"}],"replies":[{"embeddable":true,"href":"https:\/\/kamagra-official.to\/es\/wp-json\/wp\/v2\/comments?post=18366"}],"version-history":[{"count":6,"href":"https:\/\/kamagra-official.to\/es\/wp-json\/wp\/v2\/pages\/18366\/revisions"}],"predecessor-version":[{"id":25074,"href":"https:\/\/kamagra-official.to\/es\/wp-json\/wp\/v2\/pages\/18366\/revisions\/25074"}],"wp:attachment":[{"href":"https:\/\/kamagra-official.to\/es\/wp-json\/wp\/v2\/media?parent=18366"}],"curies":[{"name":"wp","href":"https:\/\/api.w.org\/{rel}","templated":true}]}}