{"id":17760,"date":"2025-02-03T10:59:45","date_gmt":"2025-02-03T10:59:45","guid":{"rendered":"https:\/\/world-shop.info\/envio-y-pago\/"},"modified":"2025-03-02T22:19:04","modified_gmt":"2025-03-02T22:19:04","slug":"envio-y-pago","status":"publish","type":"page","link":"https:\/\/kamagra-official.to\/es\/envio-y-pago\/","title":{"rendered":"Env\u00edo y Pago"},"content":{"rendered":"\t\t<div data-elementor-type=\"wp-page\" data-elementor-id=\"17760\" class=\"elementor elementor-17760 elementor-17762\" data-elementor-post-type=\"page\">\n\t\t\t\t<div class=\"elementor-element elementor-element-e5b1460 e-flex e-con-boxed e-con e-parent\" data-id=\"e5b1460\" data-element_type=\"container\" data-e-type=\"container\">\n\t\t\t\t\t<div class=\"e-con-inner\">\n\t\t\t\t<div class=\"elementor-element elementor-element-ca36751 elementor-widget elementor-widget-spacer\" data-id=\"ca36751\" data-element_type=\"widget\" data-e-type=\"widget\" data-widget_type=\"spacer.default\">\n\t\t\t\t<div class=\"elementor-widget-container\">\n\t\t\t\t\t\t\t<div class=\"elementor-spacer\">\n\t\t\t<div class=\"elementor-spacer-inner\"><\/div>\n\t\t<\/div>\n\t\t\t\t\t\t<\/div>\n\t\t\t\t<\/div>\n\t\t\t\t\t<\/div>\n\t\t\t\t<\/div>\n\t\t<div class=\"elementor-element elementor-element-f84ae7d e-flex e-con-boxed e-con e-parent\" data-id=\"f84ae7d\" data-element_type=\"container\" data-e-type=\"container\">\n\t\t\t\t\t<div class=\"e-con-inner\">\n\t\t\t\t<div class=\"elementor-element elementor-element-9adf117 elementor-widget elementor-widget-text-editor\" data-id=\"9adf117\" data-element_type=\"widget\" data-e-type=\"widget\" data-widget_type=\"text-editor.default\">\n\t\t\t\t<div class=\"elementor-widget-container\">\n\t\t\t\t\t\t\t\t\t<!DOCTYPE html>\n<html lang=\"cs\">\n<head>\n    <meta charset=\"UTF-8\">\n    <meta name=\"viewport\" content=\"width=device-width, initial-scale=1.0\">\n    <title>Pago contra reembolso<\/title>\n<\/head>\n<body>\n    <h2>Pago contra reembolso<\/h2>\n    <p>Esta secci\u00f3n proporciona informaci\u00f3n sobre la posibilidad de entrega con pago contra reembolso al hacer compras en nuestra tienda [Nombre de tu empresa].<\/p>\n    \n    <h4>Opci\u00f3n de Pago contra reembolso<\/h4>\n    <p>El pago contra reembolso es una forma conveniente de pagar los bienes solicitados a la entrega. Este servicio est\u00e1 disponible a trav\u00e9s del servicio de mensajer\u00eda.<\/p>\n    \n    <h4>C\u00f3mo funciona el Pago contra reembolso<\/h4>\n    <p>Despu\u00e9s de completar la orden y seleccionar pago contra reembolso como un m\u00e9todo de pago, preparamos y enviamos tu paquete. Al entregar los bienes, pagas al mensajero en efectivo o por tarjeta seg\u00fan tu preferencia.<\/p>\n    \n    <h4>Plazos de entrega<\/h4>\n    <p>El tiempo de entrega para el pago contra reembolso generalmente var\u00eda entre 2-5 d\u00edas h\u00e1biles dependiendo de tu ubicaci\u00f3n.<\/p>\n   \n    <h4>Beneficios del Pago contra reembolso<\/h4>\n    <ul>\n        <li><strong>Comodidad<\/strong> &#8211; Paga al recibir los bienes.<\/li>\n        <li><strong>Seguridad<\/strong> &#8211; No tienes que proporcionar detalles de pago en l\u00ednea.<\/li>\n        <li><strong>Flexibilidad<\/strong> &#8211; La posibilidad de pagar en efectivo o con tarjeta a la entrega.<\/li>\n    <\/ul>\n    \n    <h4>Cont\u00e1ctanos<\/h4>\n    <p>Si tienes alguna pregunta sobre el pago contra reembolso, no dudes en contactarnos en: [Correo electr\u00f3nico de contacto].<\/p>\n<\/body>\n<\/html>\t\t\t\t\t\t\t\t<\/div>\n\t\t\t\t<\/div>\n\t\t\t\t\t<\/div>\n\t\t\t\t<\/div>\n\t\t\t\t<\/div>\n\t\t","protected":false},"excerpt":{"rendered":"<p>Env\u00edo contra reembolso Env\u00edo contra reembolso Esta secci\u00f3n proporciona informaci\u00f3n sobre la opci\u00f3n de env\u00edo con pago contra reembolso al comprar en nuestra tienda [Nombre de su empresa]. Opci\u00f3n de env\u00edo contra reembolso El pago contra reembolso es una manera c\u00f3moda de pagar los productos ordenados a su llegada. Este servicio est\u00e1 disponible a trav\u00e9s [&#8230;]\n","protected":false},"author":1,"featured_media":0,"parent":0,"menu_order":0,"comment_status":"closed","ping_status":"closed","template":"","meta":{"footnotes":""},"class_list":["post-17760","page","type-page","status-publish","hentry"],"yoast_head":"<!-- This site is optimized with the Yoast SEO plugin v27.5 - https:\/\/yoast.com\/product\/yoast-seo-wordpress\/ -->\n<title>Env\u00edo y Pago - kamagra-official.to<\/title>\n<meta name=\"robots\" content=\"index, follow, max-snippet:-1, max-image-preview:large, max-video-preview:-1\" \/>\n<link rel=\"canonical\" href=\"https:\/\/kamagra-official.to\/shipping-and-payment\/\" \/>\n<meta property=\"og:locale\" content=\"es_ES\" \/>\n<meta property=\"og:type\" content=\"article\" \/>\n<meta property=\"og:title\" content=\"Env\u00edo y Pago - kamagra-official.to\" \/>\n<meta property=\"og:description\" content=\"Env\u00edo contra reembolso Env\u00edo contra reembolso Esta secci\u00f3n proporciona informaci\u00f3n sobre la opci\u00f3n de env\u00edo con pago contra reembolso al comprar en nuestra tienda [Nombre de su empresa]. Opci\u00f3n de env\u00edo contra reembolso El pago contra reembolso es una manera c\u00f3moda de pagar los productos ordenados a su llegada. Este servicio est\u00e1 disponible a trav\u00e9s [...]\" \/>\n<meta property=\"og:url\" content=\"https:\/\/kamagra-official.to\/shipping-and-payment\/\" \/>\n<meta property=\"og:site_name\" content=\"kamagra-official.to\" \/>\n<meta property=\"article:modified_time\" content=\"2025-03-02T22:19:04+00:00\" \/>\n<meta name=\"twitter:card\" content=\"summary_large_image\" \/>\n<meta name=\"twitter:label1\" content=\"Tiempo de lectura\" \/>\n\t<meta name=\"twitter:data1\" content=\"1 minuto\" \/>\n<script type=\"application\/ld+json\" class=\"yoast-schema-graph\">{\"@context\":\"https:\\\/\\\/schema.org\",\"@graph\":[{\"@type\":\"WebPage\",\"@id\":\"https:\\\/\\\/kamagra-official.to\\\/shipping-and-payment\\\/\",\"url\":\"https:\\\/\\\/kamagra-official.to\\\/shipping-and-payment\\\/\",\"name\":\"Env\u00edo y Pago - kamagra-official.to\",\"isPartOf\":{\"@id\":\"https:\\\/\\\/kamagra-official.to\\\/#website\"},\"datePublished\":\"2025-02-03T10:59:45+00:00\",\"dateModified\":\"2025-03-02T22:19:04+00:00\",\"breadcrumb\":{\"@id\":\"https:\\\/\\\/kamagra-official.to\\\/shipping-and-payment\\\/#breadcrumb\"},\"inLanguage\":\"es\",\"potentialAction\":[{\"@type\":\"ReadAction\",\"target\":[\"https:\\\/\\\/kamagra-official.to\\\/shipping-and-payment\\\/\"]}]},{\"@type\":\"BreadcrumbList\",\"@id\":\"https:\\\/\\\/kamagra-official.to\\\/shipping-and-payment\\\/#breadcrumb\",\"itemListElement\":[{\"@type\":\"ListItem\",\"position\":1,\"name\":\"Home\",\"item\":\"https:\\\/\\\/kamagra-official.to\\\/nl\\\/\"},{\"@type\":\"ListItem\",\"position\":2,\"name\":\"Env\u00edo y Pago\"}]},{\"@type\":\"WebSite\",\"@id\":\"https:\\\/\\\/kamagra-official.to\\\/#website\",\"url\":\"https:\\\/\\\/kamagra-official.to\\\/\",\"name\":\"kamagra-official.to\",\"description\":\"Revitalize Your Sexual Energy Across Europe\",\"publisher\":{\"@id\":\"https:\\\/\\\/kamagra-official.to\\\/#organization\"},\"potentialAction\":[{\"@type\":\"SearchAction\",\"target\":{\"@type\":\"EntryPoint\",\"urlTemplate\":\"https:\\\/\\\/kamagra-official.to\\\/?s={search_term_string}\"},\"query-input\":{\"@type\":\"PropertyValueSpecification\",\"valueRequired\":true,\"valueName\":\"search_term_string\"}}],\"inLanguage\":\"es\"},{\"@type\":\"Organization\",\"@id\":\"https:\\\/\\\/kamagra-official.to\\\/#organization\",\"name\":\"kamagra-official.to\",\"url\":\"https:\\\/\\\/kamagra-official.to\\\/\",\"logo\":{\"@type\":\"ImageObject\",\"inLanguage\":\"es\",\"@id\":\"https:\\\/\\\/kamagra-official.to\\\/#\\\/schema\\\/logo\\\/image\\\/\",\"url\":\"https:\\\/\\\/kamagra-official.to\\\/wp-content\\\/uploads\\\/2025\\\/02\\\/KAMAGRA-Photoroom-1.png\",\"contentUrl\":\"https:\\\/\\\/kamagra-official.to\\\/wp-content\\\/uploads\\\/2025\\\/02\\\/KAMAGRA-Photoroom-1.png\",\"width\":150,\"height\":153,\"caption\":\"kamagra-official.to\"},\"image\":{\"@id\":\"https:\\\/\\\/kamagra-official.to\\\/#\\\/schema\\\/logo\\\/image\\\/\"}}]}<\/script>\n<!-- \/ Yoast SEO plugin. -->","yoast_head_json":{"title":"Env\u00edo y Pago - kamagra-official.to","robots":{"index":"index","follow":"follow","max-snippet":"max-snippet:-1","max-image-preview":"max-image-preview:large","max-video-preview":"max-video-preview:-1"},"canonical":"https:\/\/kamagra-official.to\/shipping-and-payment\/","og_locale":"es_ES","og_type":"article","og_title":"Env\u00edo y Pago - kamagra-official.to","og_description":"Env\u00edo contra reembolso Env\u00edo contra reembolso Esta secci\u00f3n proporciona informaci\u00f3n sobre la opci\u00f3n de env\u00edo con pago contra reembolso al comprar en nuestra tienda [Nombre de su empresa]. Opci\u00f3n de env\u00edo contra reembolso El pago contra reembolso es una manera c\u00f3moda de pagar los productos ordenados a su llegada. Este servicio est\u00e1 disponible a trav\u00e9s [...]","og_url":"https:\/\/kamagra-official.to\/shipping-and-payment\/","og_site_name":"kamagra-official.to","article_modified_time":"2025-03-02T22:19:04+00:00","twitter_card":"summary_large_image","twitter_misc":{"Tiempo de lectura":"1 minuto"},"schema":{"@context":"https:\/\/schema.org","@graph":[{"@type":"WebPage","@id":"https:\/\/kamagra-official.to\/shipping-and-payment\/","url":"https:\/\/kamagra-official.to\/shipping-and-payment\/","name":"Env\u00edo y Pago - kamagra-official.to","isPartOf":{"@id":"https:\/\/kamagra-official.to\/#website"},"datePublished":"2025-02-03T10:59:45+00:00","dateModified":"2025-03-02T22:19:04+00:00","breadcrumb":{"@id":"https:\/\/kamagra-official.to\/shipping-and-payment\/#breadcrumb"},"inLanguage":"es","potentialAction":[{"@type":"ReadAction","target":["https:\/\/kamagra-official.to\/shipping-and-payment\/"]}]},{"@type":"BreadcrumbList","@id":"https:\/\/kamagra-official.to\/shipping-and-payment\/#breadcrumb","itemListElement":[{"@type":"ListItem","position":1,"name":"Home","item":"https:\/\/kamagra-official.to\/nl\/"},{"@type":"ListItem","position":2,"name":"Env\u00edo y Pago"}]},{"@type":"WebSite","@id":"https:\/\/kamagra-official.to\/#website","url":"https:\/\/kamagra-official.to\/","name":"kamagra-official.to","description":"Revitalize Your Sexual Energy Across Europe","publisher":{"@id":"https:\/\/kamagra-official.to\/#organization"},"potentialAction":[{"@type":"SearchAction","target":{"@type":"EntryPoint","urlTemplate":"https:\/\/kamagra-official.to\/?s={search_term_string}"},"query-input":{"@type":"PropertyValueSpecification","valueRequired":true,"valueName":"search_term_string"}}],"inLanguage":"es"},{"@type":"Organization","@id":"https:\/\/kamagra-official.to\/#organization","name":"kamagra-official.to","url":"https:\/\/kamagra-official.to\/","logo":{"@type":"ImageObject","inLanguage":"es","@id":"https:\/\/kamagra-official.to\/#\/schema\/logo\/image\/","url":"https:\/\/kamagra-official.to\/wp-content\/uploads\/2025\/02\/KAMAGRA-Photoroom-1.png","contentUrl":"https:\/\/kamagra-official.to\/wp-content\/uploads\/2025\/02\/KAMAGRA-Photoroom-1.png","width":150,"height":153,"caption":"kamagra-official.to"},"image":{"@id":"https:\/\/kamagra-official.to\/#\/schema\/logo\/image\/"}}]}},"_links":{"self":[{"href":"https:\/\/kamagra-official.to\/es\/wp-json\/wp\/v2\/pages\/17760","targetHints":{"allow":["GET"]}}],"collection":[{"href":"https:\/\/kamagra-official.to\/es\/wp-json\/wp\/v2\/pages"}],"about":[{"href":"https:\/\/kamagra-official.to\/es\/wp-json\/wp\/v2\/types\/page"}],"author":[{"embeddable":true,"href":"https:\/\/kamagra-official.to\/es\/wp-json\/wp\/v2\/users\/1"}],"replies":[{"embeddable":true,"href":"https:\/\/kamagra-official.to\/es\/wp-json\/wp\/v2\/comments?post=17760"}],"version-history":[{"count":12,"href":"https:\/\/kamagra-official.to\/es\/wp-json\/wp\/v2\/pages\/17760\/revisions"}],"predecessor-version":[{"id":20387,"href":"https:\/\/kamagra-official.to\/es\/wp-json\/wp\/v2\/pages\/17760\/revisions\/20387"}],"wp:attachment":[{"href":"https:\/\/kamagra-official.to\/es\/wp-json\/wp\/v2\/media?parent=17760"}],"curies":[{"name":"wp","href":"https:\/\/api.w.org\/{rel}","templated":true}]}}