{"id":24786,"date":"2024-12-16T00:51:27","date_gmt":"2024-12-16T00:51:27","guid":{"rendered":"https:\/\/kamagra-official.to\/product\/kamagra-gold-100mg\/"},"modified":"2026-01-26T14:20:36","modified_gmt":"2026-01-26T14:20:36","slug":"kamagra-gold-100mg","status":"publish","type":"product","link":"https:\/\/kamagra-official.to\/de\/product\/kamagra-gold-100mg\/","title":{"rendered":"Kamagra Gold 100mg"},"content":{"rendered":"<h3><strong>Kamagra Gold 100mg &#8211; Bezahlbare, vertrauensw\u00fcrdige L\u00f6sung f\u00fcr lang anhaltende Erektionen<\/strong><\/h3>\n<p>Kamagra Gold 100mg bietet eine preiswerte Alternative zu Viagra mit denselben bew\u00e4hrten Ergebnissen. Dieses hochwertige Produkt eignet sich f\u00fcr M\u00e4nner, die mit leichten oder ernsteren Erektionsst\u00f6rungen konfrontiert sind. <strong>Sildenafil<\/strong>, sein aktiver Wirkstoff, f\u00f6rdert einen verbesserten Blutfluss zum Penis, was zu starken und zuverl\u00e4ssigen Erektionen f\u00fchrt. Mit nur einer Tablette k\u00f6nnen Sie Ihre sexuelle Leistungsf\u00e4higkeit und Ihr Selbstvertrauen wiederentdecken.<\/p>\n<h3>Hauptvorteile von Kamagra Gold<\/h3>\n<ul>\n<li><strong>Zuverl\u00e4ssige Wirksamkeit:<\/strong> Sildenafil ist ein klinisch vertrauensw\u00fcrdiger Helfer bei Erektionsst\u00f6rungen.<\/li>\n<li><strong>Guter Preis:<\/strong> Kamagra Gold ist preiswerter im Vergleich zu original Viagra.<\/li>\n<li><strong>Lang anhaltende Ergebnisse:<\/strong> Die Wirkung von Kamagra Gold h\u00e4lt 4 bis 6 Stunden an.<\/li>\n<\/ul>\n<h3>Empfohlene Dosierung<\/h3>\n<p>Beginnen Sie mit einer halben Tablette etwa 30-60 Minuten vor einer geplanten sexuellen Aktivit\u00e4t. Wenn die Wirkung unzureichend ist, k\u00f6nnen Sie die Dosis auf eine ganze Tablette erh\u00f6hen. \u00dcberschreiten Sie niemals eine Tablette pro Tag. Mit viel Wasser schlucken. Kamagra Gold ist nicht f\u00fcr Frauen oder Personen unter 18 Jahren gedacht.<\/p>\n<h3>Wirkungseintritt<\/h3>\n<p>Die ersten Wirkungen von Kamagra Gold k\u00f6nnen normalerweise innerhalb von 30-60 Minuten gesp\u00fcrt werden und dauern 4 bis 6 Stunden an. Wenn es mit einer schweren Mahlzeit eingenommen wird, kann die Wirkung leicht verz\u00f6gert sein. Sexuelle Stimulation ist f\u00fcr die Wirkung dieses Produkts erforderlich; Kamagra Gold ist kein Aphrodisiakum und erh\u00f6ht nicht die Libido.<\/p>\n<h3>Alkohol und Essen<\/h3>\n<p>Die Kombination von Kamagra Gold mit Alkohol wird nicht empfohlen, da sie die Wirksamkeit verringern kann. \u00c4hnlich k\u00f6nnen fettige oder schwere Speisen die Zeit, bis es wirkt, verz\u00f6gern.<\/p>\n<h3>M\u00f6gliche Nebenwirkungen<\/h3>\n<p>Kamagra Gold 100mg wird im Allgemeinen gut vertragen, es k\u00f6nnen jedoch leichte und vor\u00fcbergehende Nebenwirkungen auftreten, einschlie\u00dflich:<\/p>\n<ul>\n<li>Kopfschmerzen<\/li>\n<li>Nasenbluten<\/li>\n<li>Schlaflosigkeit<\/li>\n<li>Durchfall<\/li>\n<\/ul>\n<p><strong>Weniger h\u00e4ufige Effekte<\/strong> k\u00f6nnen Schwindel, verschwommenes Sehen, Muskelschmerzen, \u00dcbelkeit, Hautausschlag oder verstopfte Nase beinhalten. Wenden Sie sich an Ihren Arzt, wenn Sie schwerwiegende Komplikationen haben.<\/p>\n<h3>Wann nicht Kamagra Gold einzunehmen<\/h3>\n<ul>\n<li>Wenn Sie Medikamente einnehmen, die <strong>Nitrate<\/strong> enthalten.<\/li>\n<li>Wenn Sie in den letzten 3 Monaten einen Herzinfarkt oder Schlaganfall hatten oder in den letzten 6 Monaten Herzinsuffizienz.<\/li>\n<li>Wenn Sie Bluthochdruck oder Blutgerinnungsst\u00f6rungen aufweisen.<\/li>\n<li>Wenn Sie auf <strong>Sildenafil<\/strong> allergisch reagieren.<\/li>\n<\/ul>\n<h3>Aufbewahrung<\/h3>\n<p>Bewahren Sie Kamagra Gold in der Originalverpackung an einem trockenen Ort, au\u00dferhalb der Reichweite von Kindern, bei 10\u201330\u00b0C und fernab von direktem Sonnenlicht auf.<\/p>\n","protected":false},"excerpt":{"rendered":"<p><strong>100 mg Sildenafil<\/strong><\/p>\n<p>In dieser Packung befinden sich 4 Tabletten, jede mit einer 100 mg Dosis Sildenafil. Entworfen f\u00fcr effektive und bequeme Unterst\u00fctzung bei Erektionsschwierigkeiten, bieten diese Tabletten zuverl\u00e4ssige Leistung und neues Selbstvertrauen &#8211; was Intimit\u00e4t immer dann befriedigender macht, wenn Sie es brauchen.<\/p>\n","protected":false},"featured_media":23801,"template":"","meta":[],"product_brand":[],"product_cat":[137,106,135,138],"product_tag":[],"class_list":{"0":"post-24786","1":"product","2":"type-product","3":"status-publish","4":"has-post-thumbnail","6":"product_cat-erektionsunterstutzung","7":"product_cat-generisches-viagra","8":"product_cat-kamagra-tabletten","9":"product_cat-viagra-ohne-rezept","11":"first","12":"instock","13":"shipping-taxable","14":"purchasable","15":"product-type-simple"},"yoast_head":"<!-- This site is optimized with the Yoast SEO plugin v27.5 - https:\/\/yoast.com\/product\/yoast-seo-wordpress\/ -->\n<title>Kamagra Gold 100mg kaufen \u2013 Schnelle Erektionshilfe kamagra-official.to<\/title>\n<meta name=\"description\" content=\"Kamagra Gold 100mg f\u00fcr eine schnelle und zuverl\u00e4ssige Behandlung bei Erektionsst\u00f6rungen. Diskrete Lieferung und einfache Bestellung online.\" \/>\n<meta name=\"robots\" content=\"index, follow, max-snippet:-1, max-image-preview:large, max-video-preview:-1\" \/>\n<link rel=\"canonical\" href=\"https:\/\/kamagra-official.to\/de\/product\/kamagra-gold-100mg\/\" \/>\n<meta property=\"og:locale\" content=\"de_DE\" \/>\n<meta property=\"og:type\" content=\"article\" \/>\n<meta property=\"og:title\" content=\"Kamagra Gold 100mg kaufen \u2013 Schnelle Erektionshilfe kamagra-official.to\" \/>\n<meta property=\"og:description\" content=\"Kamagra Gold 100mg f\u00fcr eine schnelle und zuverl\u00e4ssige Behandlung bei Erektionsst\u00f6rungen. Diskrete Lieferung und einfache Bestellung online.\" \/>\n<meta property=\"og:url\" content=\"https:\/\/kamagra-official.to\/de\/product\/kamagra-gold-100mg\/\" \/>\n<meta property=\"og:site_name\" content=\"kamagra-official.to\" \/>\n<meta property=\"article:modified_time\" content=\"2026-01-26T14:20:36+00:00\" \/>\n<meta property=\"og:image\" content=\"https:\/\/kamagra-official.to\/wp-content\/uploads\/2025\/09\/kamagra_gold-768x768-1.jpg\" \/>\n\t<meta property=\"og:image:width\" content=\"768\" \/>\n\t<meta property=\"og:image:height\" content=\"768\" \/>\n\t<meta property=\"og:image:type\" content=\"image\/jpeg\" \/>\n<meta name=\"twitter:card\" content=\"summary_large_image\" \/>\n<meta name=\"twitter:label1\" content=\"Gesch\u00e4tzte Lesezeit\" \/>\n\t<meta name=\"twitter:data1\" content=\"2\u00a0Minuten\" \/>\n<script type=\"application\/ld+json\" class=\"yoast-schema-graph\">{\"@context\":\"https:\\\/\\\/schema.org\",\"@graph\":[{\"@type\":\"WebPage\",\"@id\":\"https:\\\/\\\/kamagra-official.to\\\/de\\\/product\\\/kamagra-gold-100mg\\\/\",\"url\":\"https:\\\/\\\/kamagra-official.to\\\/de\\\/product\\\/kamagra-gold-100mg\\\/\",\"name\":\"Kamagra Gold 100mg kaufen \u2013 Schnelle Erektionshilfe kamagra-official.to\",\"isPartOf\":{\"@id\":\"https:\\\/\\\/kamagra-official.to\\\/#website\"},\"primaryImageOfPage\":{\"@id\":\"https:\\\/\\\/kamagra-official.to\\\/de\\\/product\\\/kamagra-gold-100mg\\\/#primaryimage\"},\"image\":{\"@id\":\"https:\\\/\\\/kamagra-official.to\\\/de\\\/product\\\/kamagra-gold-100mg\\\/#primaryimage\"},\"thumbnailUrl\":\"https:\\\/\\\/kamagra-official.to\\\/wp-content\\\/uploads\\\/2025\\\/09\\\/kamagra_gold-768x768-1.jpg\",\"datePublished\":\"2024-12-16T00:51:27+00:00\",\"dateModified\":\"2026-01-26T14:20:36+00:00\",\"description\":\"Kamagra Gold 100mg f\u00fcr eine schnelle und zuverl\u00e4ssige Behandlung bei Erektionsst\u00f6rungen. Diskrete Lieferung und einfache Bestellung online.\",\"breadcrumb\":{\"@id\":\"https:\\\/\\\/kamagra-official.to\\\/de\\\/product\\\/kamagra-gold-100mg\\\/#breadcrumb\"},\"inLanguage\":\"de\",\"potentialAction\":[{\"@type\":\"ReadAction\",\"target\":[\"https:\\\/\\\/kamagra-official.to\\\/de\\\/product\\\/kamagra-gold-100mg\\\/\"]}]},{\"@type\":\"ImageObject\",\"inLanguage\":\"de\",\"@id\":\"https:\\\/\\\/kamagra-official.to\\\/de\\\/product\\\/kamagra-gold-100mg\\\/#primaryimage\",\"url\":\"https:\\\/\\\/kamagra-official.to\\\/wp-content\\\/uploads\\\/2025\\\/09\\\/kamagra_gold-768x768-1.jpg\",\"contentUrl\":\"https:\\\/\\\/kamagra-official.to\\\/wp-content\\\/uploads\\\/2025\\\/09\\\/kamagra_gold-768x768-1.jpg\",\"width\":768,\"height\":768},{\"@type\":\"BreadcrumbList\",\"@id\":\"https:\\\/\\\/kamagra-official.to\\\/de\\\/product\\\/kamagra-gold-100mg\\\/#breadcrumb\",\"itemListElement\":[{\"@type\":\"ListItem\",\"position\":1,\"name\":\"Home\",\"item\":\"https:\\\/\\\/kamagra-official.to\\\/nl\\\/\"},{\"@type\":\"ListItem\",\"position\":2,\"name\":\"Shop\",\"item\":\"https:\\\/\\\/kamagra-official.to\\\/shop\\\/\"},{\"@type\":\"ListItem\",\"position\":3,\"name\":\"Kamagra Gold 100mg\"}]},{\"@type\":\"WebSite\",\"@id\":\"https:\\\/\\\/kamagra-official.to\\\/#website\",\"url\":\"https:\\\/\\\/kamagra-official.to\\\/\",\"name\":\"kamagra-official.to\",\"description\":\"Revitalize Your Sexual Energy Across Europe\",\"publisher\":{\"@id\":\"https:\\\/\\\/kamagra-official.to\\\/#organization\"},\"potentialAction\":[{\"@type\":\"SearchAction\",\"target\":{\"@type\":\"EntryPoint\",\"urlTemplate\":\"https:\\\/\\\/kamagra-official.to\\\/?s={search_term_string}\"},\"query-input\":{\"@type\":\"PropertyValueSpecification\",\"valueRequired\":true,\"valueName\":\"search_term_string\"}}],\"inLanguage\":\"de\"},{\"@type\":\"Organization\",\"@id\":\"https:\\\/\\\/kamagra-official.to\\\/#organization\",\"name\":\"kamagra-official.to\",\"url\":\"https:\\\/\\\/kamagra-official.to\\\/\",\"logo\":{\"@type\":\"ImageObject\",\"inLanguage\":\"de\",\"@id\":\"https:\\\/\\\/kamagra-official.to\\\/#\\\/schema\\\/logo\\\/image\\\/\",\"url\":\"https:\\\/\\\/kamagra-official.to\\\/wp-content\\\/uploads\\\/2025\\\/02\\\/KAMAGRA-Photoroom-1.png\",\"contentUrl\":\"https:\\\/\\\/kamagra-official.to\\\/wp-content\\\/uploads\\\/2025\\\/02\\\/KAMAGRA-Photoroom-1.png\",\"width\":150,\"height\":153,\"caption\":\"kamagra-official.to\"},\"image\":{\"@id\":\"https:\\\/\\\/kamagra-official.to\\\/#\\\/schema\\\/logo\\\/image\\\/\"}}]}<\/script>\n<!-- \/ Yoast SEO plugin. -->","yoast_head_json":{"title":"Kamagra Gold 100mg kaufen \u2013 Schnelle Erektionshilfe kamagra-official.to","description":"Kamagra Gold 100mg f\u00fcr eine schnelle und zuverl\u00e4ssige Behandlung bei Erektionsst\u00f6rungen. Diskrete Lieferung und einfache Bestellung online.","robots":{"index":"index","follow":"follow","max-snippet":"max-snippet:-1","max-image-preview":"max-image-preview:large","max-video-preview":"max-video-preview:-1"},"canonical":"https:\/\/kamagra-official.to\/de\/product\/kamagra-gold-100mg\/","og_locale":"de_DE","og_type":"article","og_title":"Kamagra Gold 100mg kaufen \u2013 Schnelle Erektionshilfe kamagra-official.to","og_description":"Kamagra Gold 100mg f\u00fcr eine schnelle und zuverl\u00e4ssige Behandlung bei Erektionsst\u00f6rungen. Diskrete Lieferung und einfache Bestellung online.","og_url":"https:\/\/kamagra-official.to\/de\/product\/kamagra-gold-100mg\/","og_site_name":"kamagra-official.to","article_modified_time":"2026-01-26T14:20:36+00:00","og_image":[{"width":768,"height":768,"url":"https:\/\/kamagra-official.to\/wp-content\/uploads\/2025\/09\/kamagra_gold-768x768-1.jpg","type":"image\/jpeg"}],"twitter_card":"summary_large_image","twitter_misc":{"Gesch\u00e4tzte Lesezeit":"2\u00a0Minuten"},"schema":{"@context":"https:\/\/schema.org","@graph":[{"@type":"WebPage","@id":"https:\/\/kamagra-official.to\/de\/product\/kamagra-gold-100mg\/","url":"https:\/\/kamagra-official.to\/de\/product\/kamagra-gold-100mg\/","name":"Kamagra Gold 100mg kaufen \u2013 Schnelle Erektionshilfe kamagra-official.to","isPartOf":{"@id":"https:\/\/kamagra-official.to\/#website"},"primaryImageOfPage":{"@id":"https:\/\/kamagra-official.to\/de\/product\/kamagra-gold-100mg\/#primaryimage"},"image":{"@id":"https:\/\/kamagra-official.to\/de\/product\/kamagra-gold-100mg\/#primaryimage"},"thumbnailUrl":"https:\/\/kamagra-official.to\/wp-content\/uploads\/2025\/09\/kamagra_gold-768x768-1.jpg","datePublished":"2024-12-16T00:51:27+00:00","dateModified":"2026-01-26T14:20:36+00:00","description":"Kamagra Gold 100mg f\u00fcr eine schnelle und zuverl\u00e4ssige Behandlung bei Erektionsst\u00f6rungen. Diskrete Lieferung und einfache Bestellung online.","breadcrumb":{"@id":"https:\/\/kamagra-official.to\/de\/product\/kamagra-gold-100mg\/#breadcrumb"},"inLanguage":"de","potentialAction":[{"@type":"ReadAction","target":["https:\/\/kamagra-official.to\/de\/product\/kamagra-gold-100mg\/"]}]},{"@type":"ImageObject","inLanguage":"de","@id":"https:\/\/kamagra-official.to\/de\/product\/kamagra-gold-100mg\/#primaryimage","url":"https:\/\/kamagra-official.to\/wp-content\/uploads\/2025\/09\/kamagra_gold-768x768-1.jpg","contentUrl":"https:\/\/kamagra-official.to\/wp-content\/uploads\/2025\/09\/kamagra_gold-768x768-1.jpg","width":768,"height":768},{"@type":"BreadcrumbList","@id":"https:\/\/kamagra-official.to\/de\/product\/kamagra-gold-100mg\/#breadcrumb","itemListElement":[{"@type":"ListItem","position":1,"name":"Home","item":"https:\/\/kamagra-official.to\/nl\/"},{"@type":"ListItem","position":2,"name":"Shop","item":"https:\/\/kamagra-official.to\/shop\/"},{"@type":"ListItem","position":3,"name":"Kamagra Gold 100mg"}]},{"@type":"WebSite","@id":"https:\/\/kamagra-official.to\/#website","url":"https:\/\/kamagra-official.to\/","name":"kamagra-official.to","description":"Revitalize Your Sexual Energy Across Europe","publisher":{"@id":"https:\/\/kamagra-official.to\/#organization"},"potentialAction":[{"@type":"SearchAction","target":{"@type":"EntryPoint","urlTemplate":"https:\/\/kamagra-official.to\/?s={search_term_string}"},"query-input":{"@type":"PropertyValueSpecification","valueRequired":true,"valueName":"search_term_string"}}],"inLanguage":"de"},{"@type":"Organization","@id":"https:\/\/kamagra-official.to\/#organization","name":"kamagra-official.to","url":"https:\/\/kamagra-official.to\/","logo":{"@type":"ImageObject","inLanguage":"de","@id":"https:\/\/kamagra-official.to\/#\/schema\/logo\/image\/","url":"https:\/\/kamagra-official.to\/wp-content\/uploads\/2025\/02\/KAMAGRA-Photoroom-1.png","contentUrl":"https:\/\/kamagra-official.to\/wp-content\/uploads\/2025\/02\/KAMAGRA-Photoroom-1.png","width":150,"height":153,"caption":"kamagra-official.to"},"image":{"@id":"https:\/\/kamagra-official.to\/#\/schema\/logo\/image\/"}}]}},"_links":{"self":[{"href":"https:\/\/kamagra-official.to\/de\/wp-json\/wp\/v2\/product\/24786","targetHints":{"allow":["GET"]}}],"collection":[{"href":"https:\/\/kamagra-official.to\/de\/wp-json\/wp\/v2\/product"}],"about":[{"href":"https:\/\/kamagra-official.to\/de\/wp-json\/wp\/v2\/types\/product"}],"wp:featuredmedia":[{"embeddable":true,"href":"https:\/\/kamagra-official.to\/de\/wp-json\/wp\/v2\/media\/23801"}],"wp:attachment":[{"href":"https:\/\/kamagra-official.to\/de\/wp-json\/wp\/v2\/media?parent=24786"}],"wp:term":[{"taxonomy":"product_brand","embeddable":true,"href":"https:\/\/kamagra-official.to\/de\/wp-json\/wp\/v2\/product_brand?post=24786"},{"taxonomy":"product_cat","embeddable":true,"href":"https:\/\/kamagra-official.to\/de\/wp-json\/wp\/v2\/product_cat?post=24786"},{"taxonomy":"product_tag","embeddable":true,"href":"https:\/\/kamagra-official.to\/de\/wp-json\/wp\/v2\/product_tag?post=24786"}],"curies":[{"name":"wp","href":"https:\/\/api.w.org\/{rel}","templated":true}]}}